{"id":914,"date":"2025-02-07T16:12:42","date_gmt":"2025-02-07T19:12:42","guid":{"rendered":"https:\/\/bibliapresente.com\/postagens\/?page_id=914"},"modified":"2025-02-07T16:12:43","modified_gmt":"2025-02-07T19:12:43","slug":"deuteronomio-33","status":"publish","type":"page","link":"https:\/\/bibliapresente.com\/postagens\/livros-da-biblia\/deuteronomio\/deuteronomio-33\/","title":{"rendered":"Deuteron\u00f4mio 33 &#8211; B\u00ean\u00e7\u00e3os de Mois\u00e9s"},"content":{"rendered":"\n<p class=\"has-medium-font-size\" style=\"letter-spacing:1px\"><span><span><sup><b>1<\/b><\/sup><\/span> E esta \u00e9 a b\u00ean\u00e7\u00e3o com a qual aben\u00e7oou Mois\u00e9s homem de Deus aos filhos de Israel, antes que morresse. <br><span><sup><b>2<\/b><\/sup><\/span> E disse: O SENHOR veio de Sinai, E de Seir lhes iluminou; Resplandeceu do monte de Par\u00e3, E veio com dez mil santos: \u00c0 sua direita a lei de fogo para eles. <br><span><sup><b>3<\/b><\/sup><\/span> Ainda amou os povos; Todos seus santos em tua m\u00e3o: Eles tamb\u00e9m se chegaram a teus p\u00e9s: Receberam de teus ditos. <br><span><sup><b>4<\/b><\/sup><\/span> Lei nos mandou Mois\u00e9s, Heran\u00e7a \u00e0 congrega\u00e7\u00e3o de Jac\u00f3. <br><span><sup><b>5<\/b><\/sup><\/span> E foi rei em Jesurum, Quando se congregaram os chefes do povo Com as tribos de Israel. <br><span><sup><b>6<\/b><\/sup><\/span> Viva R\u00faben, e n\u00e3o morra; E sejam seus homens em n\u00famero. <br><span><sup><b>7<\/b><\/sup><\/span> E esta b\u00ean\u00e7\u00e3o para Jud\u00e1. Disse assim: Ouve, \u00f3 SENHOR, a voz de Jud\u00e1, E leva-o a seu povo; suas m\u00e3os lhe bastem, E tu sejas ajuda contra seus inimigos. <br><span><sup><b>8<\/b><\/sup><\/span> E a Levi disse: Teu Tumim e teu Urim, com teu bom homem Ao qual tentaste em Mass\u00e1, E lhe fizeste brigar nas \u00e1guas da briga; <br><span><sup><b>9<\/b><\/sup><\/span> O que disse a seu pai e a sua m\u00e3e: Nunca os vi: nem conheceu a seus irm\u00e3os, nem conheceu a seus filhos: Pelo qual eles guardar\u00e3o tuas palavras, E observar\u00e3o teu pacto. <br><span><sup><b>10<\/b><\/sup><\/span> Eles ensinar\u00e3o teus ju\u00edzos a Jac\u00f3, E tua lei a Israel; Por\u00e3o o incenso diante de ti, E o holocausto sobre teu altar. <br><span><sup><b>11<\/b><\/sup><\/span> Aben\u00e7oa, \u00f3 SENHOR, o que fizerem, E recebe com agrado a obra de suas m\u00e3os: Fere os lombos de seus inimigos, E dos que lhe odiarem; para que nunca se levantem. <br><span><sup><b>12<\/b><\/sup><\/span> E a Benjamim disse: O amado do SENHOR habitar\u00e1 confiante pr\u00f3ximo dele: Ele o cobrir\u00e1 sempre, E entre seus ombros morar\u00e1. <br><span><sup><b>13<\/b><\/sup><\/span> E a Jos\u00e9 disse: Bendita do SENHOR sua terra, Pelas d\u00e1divas dos c\u00e9us, pelo orvalho, E pelo abismo que abaixo jaz, <br><span><sup><b>14<\/b><\/sup><\/span> E pelos excelentes frutos do sol, E pelos excelentes produtos das influ\u00eancias das luas, <br><span><sup><b>15<\/b><\/sup><\/span> E pelo cume dos montes antigos, E pelos excelentes produtos das colinas eternas, <br><span><sup><b>16<\/b><\/sup><\/span> E pelos excelentes produtos da terra e sua plenitude; E a gra\u00e7a do que habitou na sar\u00e7a Venha sobre a cabe\u00e7a de Jos\u00e9, E sobre ao topo da cabe\u00e7a do separado de seus irm\u00e3os. <br><span><sup><b>17<\/b><\/sup><\/span> Ele \u00e9 preeminente como o primog\u00eanito de seu touro, E suas pontas, chifres de boi selvagem: Com eles chifrar\u00e1 os povos juntos at\u00e9 os confins da terra: E estes s\u00e3o as dezenas de milhares milhares de Efraim, E estes os milhares de Manass\u00e9s. <br><span><sup><b>18<\/b><\/sup><\/span> E a Zebulom disse: Alegra-te, Zebulom, quando sa\u00edres: E tu Issacar, em tuas tendas. <br><span><sup><b>19<\/b><\/sup><\/span> Chamar\u00e3o os povos ao monte: Ali sacrificar\u00e3o sacrif\u00edcios de justi\u00e7a: Pelo qual chupar\u00e3o a abund\u00e2ncia dos mares, E os tesouros escondidos da areia. <br><span><sup><b>20<\/b><\/sup><\/span> E a Gade disse: Bendito o que fez alargar a Gade: Como le\u00e3o habitar\u00e1, E arrebatar\u00e1 bra\u00e7o e testa. <br><span><sup><b>21<\/b><\/sup><\/span> E ele se proveu da parte primeira, Porque ali uma por\u00e7\u00e3o do legislador foi-lhe reservada, E veio na dianteira do povo; A justi\u00e7a do SENHOR executar\u00e1, E seus ju\u00edzos com Israel. <br><span><sup><b>22<\/b><\/sup><\/span> E a D\u00e3 disse: D\u00e3, le\u00e3o jovem: Saltar\u00e1 desde Bas\u00e3. <br><span><sup><b>23<\/b><\/sup><\/span> E a Naftali disse: Naftali, saciado de benevol\u00eancia, E cheio da b\u00ean\u00e7\u00e3o do SENHOR, Possui o ocidente e o sul, <br><span><sup><b>24<\/b><\/sup><\/span> E a Aser disse: Bendito Aser em filhos: Agrad\u00e1vel ser\u00e1 a seus irm\u00e3os, E molhar\u00e1 em azeite seu p\u00e9. <br><span><sup><b>25<\/b><\/sup><\/span> Ferro e bronze teu cal\u00e7ado, E como teus dias tua for\u00e7a. <br><span><sup><b>26<\/b><\/sup><\/span> N\u00e3o h\u00e1 como o Deus de Jesurum, Montado sobre os c\u00e9us para tua ajuda, E sobre as nuvens com sua grandeza. <br><span><sup><b>27<\/b><\/sup><\/span> O eterno Deus \u00e9 teu ref\u00fagio E aqui abaixo os bra\u00e7os eternos; Ele expulsar\u00e1 de diante de ti ao inimigo, E dir\u00e1: Destr\u00f3i. <br><span><sup><b>28<\/b><\/sup><\/span> E Israel, fonte de Jac\u00f3, habitar\u00e1 confiante sozinho Em terra de gr\u00e3o e de vinho: Tamb\u00e9m seus c\u00e9us destilar\u00e3o orvalho. <br><span><sup><b>29<\/b><\/sup><\/span> Bem-aventurado tu, \u00f3 Israel, Quem como tu, Povo salvo pelo SENHOR, Escudo de teu socorro, E espada de tua excel\u00eancia? Assim teus inimigos ser\u00e3o humilhados, E tu pisar\u00e1s sobre suas alturas.<\/span><\/p>\n\n\n\n<div class=\"wp-block-columns is-layout-flex wp-container-core-columns-is-layout-9d6595d7 wp-block-columns-is-layout-flex\">\n<div class=\"wp-block-column is-layout-flow wp-block-column-is-layout-flow\">\n<p><a href=\"\/deuteronomio-32\" title=\"\">Deuteron\u00f4mio 32<\/a><\/p>\n<\/div>\n\n\n\n<div class=\"wp-block-column is-layout-flow wp-block-column-is-layout-flow\">\n<p class=\"has-text-align-right\"><a href=\"\/deuteronomio-3\" title=\"\"><\/a><a href=\"\/deuteronomio-34\" title=\"\">Deuteron\u00f4mio 34<\/a><\/p>\n<\/div>\n<\/div>\n\n\n\n<h2 class=\"wp-block-heading\">Descri\u00e7\u00e3o &#8211; Deuteron\u00f4mio 33<\/h2>\n\n\n\n<p class=\"has-medium-font-size\">Deuteron\u00f4mio 33 \u00e9 o \u00faltimo discurso de b\u00ean\u00e7\u00e3os de Mois\u00e9s ao povo de Israel antes de sua morte. Neste cap\u00edtulo, Mois\u00e9s pronuncia b\u00ean\u00e7\u00e3os individuais sobre as tribos de Israel, destacando suas virtudes e os pap\u00e9is que cada uma desempenharia na futura conquista da Terra Prometida. Mois\u00e9s exalta a fidelidade de Deus, lembrando que Ele ser\u00e1 a for\u00e7a e a prote\u00e7\u00e3o para Israel. O cap\u00edtulo encerra o ciclo de instru\u00e7\u00f5es e advert\u00eancias de Mois\u00e9s, reafirmando o pacto divino e refor\u00e7ando a necessidade da obedi\u00eancia a Deus para que Israel prospere em sua nova terra.<\/p>\n\n\n\n<h3 class=\"wp-block-heading\">Livro do Deuteron\u00f4mio:<\/h3>\n\n\n<ul class=\"wp-block-page-list\"><li class=\"wp-block-pages-list__item\"><a class=\"wp-block-pages-list__item__link\" href=\"https:\/\/bibliapresente.com\/postagens\/livros-da-biblia\/deuteronomio\/deuteronomio-1\/\">Deuteron\u00f4mio 1 &#8211; A Jornada no Deserto<\/a><\/li><li class=\"wp-block-pages-list__item\"><a class=\"wp-block-pages-list__item__link\" href=\"https:\/\/bibliapresente.com\/postagens\/livros-da-biblia\/deuteronomio\/deuteronomio-2\/\">Deuteron\u00f4mio 2 &#8211; Vit\u00f3rias em Seom e Ogue<\/a><\/li><li class=\"wp-block-pages-list__item\"><a class=\"wp-block-pages-list__item__link\" href=\"https:\/\/bibliapresente.com\/postagens\/livros-da-biblia\/deuteronomio\/deuteronomio-3\/\">Deuteron\u00f4mio 3 &#8211; Revis\u00e3o das Conquistas<\/a><\/li><li class=\"wp-block-pages-list__item\"><a class=\"wp-block-pages-list__item__link\" href=\"https:\/\/bibliapresente.com\/postagens\/livros-da-biblia\/deuteronomio\/deuteronomio-4\/\">Deuteron\u00f4mio 4 &#8211; Advert\u00eancias<\/a><\/li><li class=\"wp-block-pages-list__item\"><a class=\"wp-block-pages-list__item__link\" href=\"https:\/\/bibliapresente.com\/postagens\/livros-da-biblia\/deuteronomio\/deuteronomio-5\/\">Deuteron\u00f4mio 5 &#8211; Os Dez Mandamentos<\/a><\/li><li class=\"wp-block-pages-list__item\"><a class=\"wp-block-pages-list__item__link\" href=\"https:\/\/bibliapresente.com\/postagens\/livros-da-biblia\/deuteronomio\/deuteronomio-6\/\">Deuteron\u00f4mio 6 &#8211; Mandamento: Amar a Deus<\/a><\/li><li class=\"wp-block-pages-list__item\"><a class=\"wp-block-pages-list__item__link\" href=\"https:\/\/bibliapresente.com\/postagens\/livros-da-biblia\/deuteronomio\/deuteronomio-7\/\">Deuteron\u00f4mio 7 &#8211; Israel, o Povo Escolhido<\/a><\/li><li class=\"wp-block-pages-list__item\"><a class=\"wp-block-pages-list__item__link\" href=\"https:\/\/bibliapresente.com\/postagens\/livros-da-biblia\/deuteronomio\/deuteronomio-8\/\">Deuteron\u00f4mio 8 &#8211; Guardar os Mandamentos<\/a><\/li><li class=\"wp-block-pages-list__item\"><a class=\"wp-block-pages-list__item__link\" href=\"https:\/\/bibliapresente.com\/postagens\/livros-da-biblia\/deuteronomio\/deuteronomio-9\/\">Deuteron\u00f4mio 9 &#8211; Rebeli\u00f5es de Israel<\/a><\/li><li class=\"wp-block-pages-list__item\"><a class=\"wp-block-pages-list__item__link\" href=\"https:\/\/bibliapresente.com\/postagens\/livros-da-biblia\/deuteronomio\/deuteronomio-10\/\">Deuteron\u00f4mio 10 &#8211; A Arca da Alian\u00e7a<\/a><\/li><li class=\"wp-block-pages-list__item\"><a class=\"wp-block-pages-list__item__link\" href=\"https:\/\/bibliapresente.com\/postagens\/livros-da-biblia\/deuteronomio\/deuteronomio-11\/\">Deuteron\u00f4mio 11 &#8211; B\u00ean\u00e7\u00e3os da Obedi\u00eancia<\/a><\/li><li class=\"wp-block-pages-list__item\"><a class=\"wp-block-pages-list__item__link\" href=\"https:\/\/bibliapresente.com\/postagens\/livros-da-biblia\/deuteronomio\/deuteronomio-12\/\">Deuteron\u00f4mio 12 &#8211; O Lugar de Adora\u00e7\u00e3o<\/a><\/li><li class=\"wp-block-pages-list__item\"><a class=\"wp-block-pages-list__item__link\" href=\"https:\/\/bibliapresente.com\/postagens\/livros-da-biblia\/deuteronomio\/deuteronomio-13\/\">Deuteron\u00f4mio 13 &#8211; Contra Falsos Profetas<\/a><\/li><li class=\"wp-block-pages-list__item\"><a class=\"wp-block-pages-list__item__link\" href=\"https:\/\/bibliapresente.com\/postagens\/livros-da-biblia\/deuteronomio\/deuteronomio-14\/\">Deuteron\u00f4mio 14 &#8211; Alimentos e D\u00edzimo<\/a><\/li><li class=\"wp-block-pages-list__item\"><a class=\"wp-block-pages-list__item__link\" href=\"https:\/\/bibliapresente.com\/postagens\/livros-da-biblia\/deuteronomio\/deuteronomio-15\/\">Deuteron\u00f4mio 15 &#8211; O Ano da Remiss\u00e3o<\/a><\/li><li class=\"wp-block-pages-list__item\"><a class=\"wp-block-pages-list__item__link\" href=\"https:\/\/bibliapresente.com\/postagens\/livros-da-biblia\/deuteronomio\/deuteronomio-16\/\">Deuteron\u00f4mio 16 &#8211; As Festas Anuais<\/a><\/li><li class=\"wp-block-pages-list__item\"><a class=\"wp-block-pages-list__item__link\" href=\"https:\/\/bibliapresente.com\/postagens\/livros-da-biblia\/deuteronomio\/deuteronomio-17\/\">Deuteron\u00f4mio 17 &#8211; Reis e Sacerdotes<\/a><\/li><li class=\"wp-block-pages-list__item\"><a class=\"wp-block-pages-list__item__link\" href=\"https:\/\/bibliapresente.com\/postagens\/livros-da-biblia\/deuteronomio\/deuteronomio-18\/\">Deuteron\u00f4mio 18 &#8211; Direitos dos Sacerdotes<\/a><\/li><li class=\"wp-block-pages-list__item\"><a class=\"wp-block-pages-list__item__link\" href=\"https:\/\/bibliapresente.com\/postagens\/livros-da-biblia\/deuteronomio\/deuteronomio-19\/\">Deuteron\u00f4mio 19 &#8211; Ref\u00fagio e Testemunhas<\/a><\/li><li class=\"wp-block-pages-list__item\"><a class=\"wp-block-pages-list__item__link\" href=\"https:\/\/bibliapresente.com\/postagens\/livros-da-biblia\/deuteronomio\/deuteronomio-20\/\">Deuteron\u00f4mio 20 &#8211; Leis para a Guerra<\/a><\/li><li class=\"wp-block-pages-list__item\"><a class=\"wp-block-pages-list__item__link\" href=\"https:\/\/bibliapresente.com\/postagens\/livros-da-biblia\/deuteronomio\/deuteronomio-21\/\">Deuteron\u00f4mio 21 &#8211; Leis para a Justi\u00e7a<\/a><\/li><li class=\"wp-block-pages-list__item\"><a class=\"wp-block-pages-list__item__link\" href=\"https:\/\/bibliapresente.com\/postagens\/livros-da-biblia\/deuteronomio\/deuteronomio-22\/\">Deuteron\u00f4mio 22 &#8211; Regras para Conduta<\/a><\/li><li class=\"wp-block-pages-list__item\"><a class=\"wp-block-pages-list__item__link\" href=\"https:\/\/bibliapresente.com\/postagens\/livros-da-biblia\/deuteronomio\/deuteronomio-23\/\">Deuteron\u00f4mio 23 &#8211; Leis da Congrega\u00e7\u00e3o<\/a><\/li><li class=\"wp-block-pages-list__item\"><a class=\"wp-block-pages-list__item__link\" href=\"https:\/\/bibliapresente.com\/postagens\/livros-da-biblia\/deuteronomio\/deuteronomio-24\/\">Deuteron\u00f4mio 24 &#8211; Fam\u00edlia e Justi\u00e7a Social<\/a><\/li><li class=\"wp-block-pages-list__item\"><a class=\"wp-block-pages-list__item__link\" href=\"https:\/\/bibliapresente.com\/postagens\/livros-da-biblia\/deuteronomio\/deuteronomio-25\/\">Deuteron\u00f4mio 25 &#8211; Leis sobre Retalia\u00e7\u00e3o<\/a><\/li><li class=\"wp-block-pages-list__item\"><a class=\"wp-block-pages-list__item__link\" href=\"https:\/\/bibliapresente.com\/postagens\/livros-da-biblia\/deuteronomio\/deuteronomio-26\/\">Deuteron\u00f4mio 26 &#8211; A Fidelidade a Deus<\/a><\/li><li class=\"wp-block-pages-list__item\"><a class=\"wp-block-pages-list__item__link\" href=\"https:\/\/bibliapresente.com\/postagens\/livros-da-biblia\/deuteronomio\/deuteronomio-27\/\">Deuteron\u00f4mio 27 &#8211; Maldi\u00e7\u00f5es no Monte Ebal<\/a><\/li><li class=\"wp-block-pages-list__item\"><a class=\"wp-block-pages-list__item__link\" href=\"https:\/\/bibliapresente.com\/postagens\/livros-da-biblia\/deuteronomio\/deuteronomio-28\/\">Deuteron\u00f4mio 28 &#8211; Sobre a Alian\u00e7a<\/a><\/li><li class=\"wp-block-pages-list__item\"><a class=\"wp-block-pages-list__item__link\" href=\"https:\/\/bibliapresente.com\/postagens\/livros-da-biblia\/deuteronomio\/deuteronomio-29\/\">Deuteron\u00f4mio 29 &#8211; Renova\u00e7\u00e3o da Alian\u00e7a<\/a><\/li><li class=\"wp-block-pages-list__item\"><a class=\"wp-block-pages-list__item__link\" href=\"https:\/\/bibliapresente.com\/postagens\/livros-da-biblia\/deuteronomio\/deuteronomio-30\/\">Deuteron\u00f4mio 30 &#8211; Promessa de Restaura\u00e7\u00e3o<\/a><\/li><li class=\"wp-block-pages-list__item\"><a class=\"wp-block-pages-list__item__link\" href=\"https:\/\/bibliapresente.com\/postagens\/livros-da-biblia\/deuteronomio\/deuteronomio-31\/\">Deuteron\u00f4mio 31 &#8211; Mois\u00e9s Prepara Josu\u00e9<\/a><\/li><li class=\"wp-block-pages-list__item\"><a class=\"wp-block-pages-list__item__link\" href=\"https:\/\/bibliapresente.com\/postagens\/livros-da-biblia\/deuteronomio\/deuteronomio-32\/\">Deuteron\u00f4mio 32 &#8211; O C\u00e2ntico de Mois\u00e9s<\/a><\/li><li class=\"wp-block-pages-list__item\"><a class=\"wp-block-pages-list__item__link\" href=\"https:\/\/bibliapresente.com\/postagens\/livros-da-biblia\/deuteronomio\/deuteronomio-33\/\">Deuteron\u00f4mio 33 &#8211; B\u00ean\u00e7\u00e3os de Mois\u00e9s<\/a><\/li><li class=\"wp-block-pages-list__item\"><a class=\"wp-block-pages-list__item__link\" href=\"https:\/\/bibliapresente.com\/postagens\/livros-da-biblia\/deuteronomio\/deuteronomio-34\/\">Deuteron\u00f4mio 34 &#8211; A Morte de Mois\u00e9s<\/a><\/li><\/ul>\n\n\n<p><\/p>\n","protected":false},"excerpt":{"rendered":"<p>1 E esta \u00e9 a b\u00ean\u00e7\u00e3o com a qual aben\u00e7oou Mois\u00e9s homem de Deus aos filhos de Israel, antes que morresse. 2 E disse: O SENHOR veio de Sinai, E de Seir lhes iluminou; Resplandeceu do monte de Par\u00e3, E veio com dez mil santos: \u00c0 sua direita a lei de fogo para eles. 3 &hellip; <\/p>\n","protected":false},"author":2,"featured_media":848,"parent":847,"menu_order":33,"comment_status":"closed","ping_status":"closed","template":"","meta":{"om_disable_all_campaigns":false,"_monsterinsights_skip_tracking":false,"_monsterinsights_sitenote_active":false,"_monsterinsights_sitenote_note":"","_monsterinsights_sitenote_category":0,"footnotes":""},"class_list":["post-914","page","type-page","status-publish","has-post-thumbnail","hentry"],"aioseo_notices":[],"_links":{"self":[{"href":"https:\/\/bibliapresente.com\/postagens\/wp-json\/wp\/v2\/pages\/914","targetHints":{"allow":["GET"]}}],"collection":[{"href":"https:\/\/bibliapresente.com\/postagens\/wp-json\/wp\/v2\/pages"}],"about":[{"href":"https:\/\/bibliapresente.com\/postagens\/wp-json\/wp\/v2\/types\/page"}],"author":[{"embeddable":true,"href":"https:\/\/bibliapresente.com\/postagens\/wp-json\/wp\/v2\/users\/2"}],"replies":[{"embeddable":true,"href":"https:\/\/bibliapresente.com\/postagens\/wp-json\/wp\/v2\/comments?post=914"}],"version-history":[{"count":5,"href":"https:\/\/bibliapresente.com\/postagens\/wp-json\/wp\/v2\/pages\/914\/revisions"}],"predecessor-version":[{"id":1585,"href":"https:\/\/bibliapresente.com\/postagens\/wp-json\/wp\/v2\/pages\/914\/revisions\/1585"}],"up":[{"embeddable":true,"href":"https:\/\/bibliapresente.com\/postagens\/wp-json\/wp\/v2\/pages\/847"}],"wp:featuredmedia":[{"embeddable":true,"href":"https:\/\/bibliapresente.com\/postagens\/wp-json\/wp\/v2\/media\/848"}],"wp:attachment":[{"href":"https:\/\/bibliapresente.com\/postagens\/wp-json\/wp\/v2\/media?parent=914"}],"curies":[{"name":"wp","href":"https:\/\/api.w.org\/{rel}","templated":true}]}}