{"id":912,"date":"2025-02-07T16:11:32","date_gmt":"2025-02-07T19:11:32","guid":{"rendered":"https:\/\/bibliapresente.com\/postagens\/?page_id=912"},"modified":"2025-02-07T16:11:32","modified_gmt":"2025-02-07T19:11:32","slug":"deuteronomio-32","status":"publish","type":"page","link":"https:\/\/bibliapresente.com\/postagens\/livros-da-biblia\/deuteronomio\/deuteronomio-32\/","title":{"rendered":"Deuteron\u00f4mio 32 &#8211; O C\u00e2ntico de Mois\u00e9s"},"content":{"rendered":"\n<p class=\"has-medium-font-size\" style=\"letter-spacing:1px\"><span><span><sup><b>1<\/b><\/sup><\/span> Escutai, c\u00e9us, e falarei; E ou\u00e7a a terra os ditos de minha boca. <br><span><sup><b>2<\/b><\/sup><\/span> Gotejar\u00e1 como a chuva minha doutrina; Destilar\u00e1 como o orvalho meu discurso; Como o chuvisco sobre a grama, E como as gotas sobre a erva: <br><span><sup><b>3<\/b><\/sup><\/span> Porque o nome do SENHOR invocarei: Engrandecei a nosso Deus. <br><span><sup><b>4<\/b><\/sup><\/span> Ele \u00e9 a Rocha, cuja obra \u00e9 perfeita, Porque todos os seus caminhos s\u00e3o retid\u00e3o: Deus de verdade, e nenhuma iniquidade nele: \u00c9 justo e reto. <br><span><sup><b>5<\/b><\/sup><\/span> A corrup\u00e7\u00e3o n\u00e3o \u00e9 sua: a seus filhos a mancha deles, Gera\u00e7\u00e3o distorcida e perversa. <br><span><sup><b>6<\/b><\/sup><\/span> Assim pagais ao SENHOR, Povo louco e ignorante? N\u00e3o \u00e9 ele teu pai que te possuiu? Ele te fez e te estabeleceu. <br><span><sup><b>7<\/b><\/sup><\/span> Lembra-te dos tempos antigos; Considerai os anos de gera\u00e7\u00e3o e gera\u00e7\u00e3o: Pergunta a teu pai, que ele te declarar\u00e1; A teus anci\u00e3os, e eles te dir\u00e3o. <br><span><sup><b>8<\/b><\/sup><\/span> Quando o Alt\u00edssimo fez herdar \u00e0s na\u00e7\u00f5es, Quando fez dividir os filhos dos homens, Estabeleceu os termos dos povos Segundo o n\u00famero dos filhos de Israel. <br><span><sup><b>9<\/b><\/sup><\/span> Porque a parte do SENHOR \u00e9 seu povo; Jac\u00f3 a medida de sua heran\u00e7a. <br><span><sup><b>10<\/b><\/sup><\/span> Achou-o em terra de deserto, E em deserto horr\u00edvel e ermo; Cercou-o, instruiu-o, Guardou-o como a menina de seu olho. <br><span><sup><b>11<\/b><\/sup><\/span> Como a \u00e1gua desperta sua ninhada, paira sobre seus passarinhos, Estende suas asas, os toma, os leva sobre suas penas: <br><span><sup><b>12<\/b><\/sup><\/span> O SENHOR sozinho o guiou, Que n\u00e3o houve com ele deus alheio. <br><span><sup><b>13<\/b><\/sup><\/span> F\u00ea-lo subir sobre as alturas da terra, E comeu os frutos do campo, E fez que chupasse mel da rocha, E azeite da dura pederneira; <br><span><sup><b>14<\/b><\/sup><\/span> Manteiga de vacas e leite de ovelhas, Com gordura de cordeiros, E carneiros de Bas\u00e3; tamb\u00e9m machos de bode, Com o melhor do trigo: E sangue de uva bebeste, vinho puro. <br><span><sup><b>15<\/b><\/sup><\/span> E engordou Jesurum, e deu coices: Engordaste-te, engrossaste-te, cobriste-te: E deixou ao Deus que lhe fez, E menosprezou a Rocha de sua salva\u00e7\u00e3o. <br><span><sup><b>16<\/b><\/sup><\/span> Provocaram-lhe ci\u00fames com os deuses alheios; irritaram-lhe com abomina\u00e7\u00f5es. <br><span><sup><b>17<\/b><\/sup><\/span> Sacrificaram aos dem\u00f4nios, n\u00e3o a Deus; a deuses que n\u00e3o conheciam, a novos deuses vindos de perto, Que n\u00e3o haviam temido vossos pais. <br><span><sup><b>18<\/b><\/sup><\/span> Deixaste de pensar na Rocha que te criou; esqueceste-te de Deus teu criador. <br><span><sup><b>19<\/b><\/sup><\/span> E o SENHOR o viu, e acendeu-se em ira, pelo menosprezo de seus filhos e de suas filhas. <br><span><sup><b>20<\/b><\/sup><\/span> E disse: Esconderei deles meu rosto, Verei qual ser\u00e1 seu fim: Que s\u00e3o gera\u00e7\u00e3o de perversidades, filhos sem fidelidade. <br><span><sup><b>21<\/b><\/sup><\/span> Eles me moveram ci\u00fames com o que n\u00e3o \u00e9 Deus; Fizeram-me irar com suas vaidades: Eu tamb\u00e9m os moverei ci\u00fames com um povo que n\u00e3o \u00e9 povo, Com gente insensata os farei irar. <br><span><sup><b>22<\/b><\/sup><\/span> Porque fogo se acender\u00e1 em meu furor, E arder\u00e1 at\u00e9 o profundo; E devorar\u00e1 a terra e seus frutos, E abrasar\u00e1 os fundamentos dos montes. <br><span><sup><b>23<\/b><\/sup><\/span> Eu trarei males sobre eles; Gastarei neles minhas flechas. <br><span><sup><b>24<\/b><\/sup><\/span> Consumidos ser\u00e3o de fome, e comidos de febre ardente E de amarga pestil\u00eancia; Dente de animais enviarei tamb\u00e9m sobre eles, Com veneno de serpente da terra. <br><span><sup><b>25<\/b><\/sup><\/span> De fora desolar\u00e1 a espada, E dentro das c\u00e2maras o espanto: Tanto ao rapaz como \u00e0 virgem, Ao que mama como o homem grisalho. <br><span><sup><b>26<\/b><\/sup><\/span> Disse: Eu os dispersaria do mundo, Faria cessar dentre os homens a mem\u00f3ria deles, <br><span><sup><b>27<\/b><\/sup><\/span> Se n\u00e3o temesse a ira do inimigo, N\u00e3o seja que se envaide\u00e7am seus advers\u00e1rios, N\u00e3o seja que digam: Nossa m\u00e3o alta fez tudo isto, n\u00e3o o SENHOR. <br><span><sup><b>28<\/b><\/sup><\/span> Porque s\u00e3o gente de perdidos conselhos, E n\u00e3o h\u00e1 neles entendimento. <br><span><sup><b>29<\/b><\/sup><\/span> Bom seria se fossem s\u00e1bios, que compreendessem isto, E entendessem seu fim! <br><span><sup><b>30<\/b><\/sup><\/span> Como poderia perseguir um a mil, E dois fariam fugir a dez mil, Se sua Rocha n\u00e3o os houvesse vendido, E o SENHOR n\u00e3o os houvesse entregue? <br><span><sup><b>31<\/b><\/sup><\/span> Que a rocha deles n\u00e3o \u00e9 como nossa Rocha: E nossos inimigos sejam disso ju\u00edzes. <br><span><sup><b>32<\/b><\/sup><\/span> Porque da vide de Sodoma \u00e9 a vide deles, E dos sarmentos de Gomorra: As uvas deles s\u00e3o uvas venenosas, cachos muito amargos t\u00eam. <br><span><sup><b>33<\/b><\/sup><\/span> Veneno de serpentes \u00e9 seu vinho, e pe\u00e7onha cruel de \u00e1spides. <br><span><sup><b>34<\/b><\/sup><\/span> N\u00e3o tenho eu isto guardado, Selado em meus tesouros? <br><span><sup><b>35<\/b><\/sup><\/span> Minha \u00e9 a vingan\u00e7a e o pagamento, Ao tempo que seu p\u00e9 vacilar\u00e1; Porque o dia de sua afli\u00e7\u00e3o est\u00e1 pr\u00f3ximo, E o que lhes est\u00e1 preparado se apressa. <br><span><sup><b>36<\/b><\/sup><\/span> Porque o SENHOR julgar\u00e1 a seu povo, E por causa de seus servos se arrepender\u00e1, Quando vir que a for\u00e7a pereceu, E que n\u00e3o h\u00e1 prisioneiro nem livre. <br><span><sup><b>37<\/b><\/sup><\/span> E dir\u00e1: Onde est\u00e3o seus deuses, A rocha em que se refugiavam; <br><span><sup><b>38<\/b><\/sup><\/span> Que comiam a gordura de seus sacrif\u00edcios, Bebiam o veio de suas liba\u00e7\u00f5es? Levante-se, que vos ajudem E vos defendam. <br><span><sup><b>39<\/b><\/sup><\/span> Vede agora que eu, eu sou, E n\u00e3o h\u00e1 deuses al\u00e9m de mim: Eu fa\u00e7o morrer, e eu fa\u00e7o viver: Eu firo, e eu curo: E n\u00e3o h\u00e1 quem possa livrar de minha m\u00e3o. <br><span><sup><b>40<\/b><\/sup><\/span> Quando eu erguer aos c\u00e9us minha m\u00e3o, E disser: Vivo eu para sempre, <br><span><sup><b>41<\/b><\/sup><\/span> Se afiar minha reluzente espada, E minha m\u00e3o arrebatar o ju\u00edzo, Eu voltarei a vingan\u00e7a a meus inimigos, E darei o pagamento aos que me aborrecem. <br><span><sup><b>42<\/b><\/sup><\/span> Embriagarei de sangue minhas flechas, E minha espada devorar\u00e1 carne: No sangue dos mortos e dos cativos, Das cabe\u00e7as, com vingan\u00e7as de inimigo. <br><span><sup><b>43<\/b><\/sup><\/span> Louvai, na\u00e7\u00f5es, a seu povo, Porque ele vingar\u00e1 o sangue de seus servos, E far\u00e1 voltar a vingan\u00e7a a seus inimigos, E expiar\u00e1 sua terra, a seu povo. <br><span><sup><b>44<\/b><\/sup><\/span> E veio Mois\u00e9s, e recitou todas as palavras deste c\u00e2ntico aos ouvidos do povo, ele, e Josu\u00e9 filho de Num. <br><span><sup><b>45<\/b><\/sup><\/span> E acabou Mois\u00e9s de recitar todas estas palavras a todo Israel; <br><span><sup><b>46<\/b><\/sup><\/span> E disse-lhes: Ponde vosso cora\u00e7\u00e3o a todas as palavras que eu vos declaro hoje, para que as mandeis a vossos filhos, e cuidem de praticar todas as palavras desta lei. <br><span><sup><b>47<\/b><\/sup><\/span> Porque n\u00e3o vos \u00e9 coisa v\u00e3, mas \u00e9 vossa vida: e por elas fareis prolongar os dias sobre a terra, para possuir a qual passais o Jord\u00e3o. <br><span><sup><b>48<\/b><\/sup><\/span> E falou o SENHOR a Mois\u00e9s aquele mesmo dia, dizendo: <br><span><sup><b>49<\/b><\/sup><\/span> Sobe a este monte de Abarim, ao monte Nebo, que est\u00e1 na terra de Moabe, que est\u00e1 em frente de Jeric\u00f3, e olha a terra de Cana\u00e3, que eu dou por heran\u00e7a aos filhos de Israel; <br><span><sup><b>50<\/b><\/sup><\/span> E morre no monte ao qual sobes, e s\u00ea reunido a teus povos; ao modo que morreu Ar\u00e3o teu irm\u00e3o no monte de Hor, e foi reunido a seus povos: <br><span><sup><b>51<\/b><\/sup><\/span> Porquanto transgredistes contra mim em meio dos filhos de Israel nas \u00e1guas da briga de Cades, no deserto de Zim; porque n\u00e3o me santificastes em meio dos filhos de Israel. <br><span><sup><b>52<\/b><\/sup><\/span> Ver\u00e1s, portanto, diante de ti a terra; mas n\u00e3o entrar\u00e1s ali, \u00e0 terra que dou aos filhos de Israel.<\/span><\/p>\n\n\n\n<div class=\"wp-block-columns is-layout-flex wp-container-core-columns-is-layout-9d6595d7 wp-block-columns-is-layout-flex\">\n<div class=\"wp-block-column is-layout-flow wp-block-column-is-layout-flow\">\n<p><a href=\"\/deuteronomio-31\" title=\"\">Deuteron\u00f4mio 31<\/a><\/p>\n<\/div>\n\n\n\n<div class=\"wp-block-column is-layout-flow wp-block-column-is-layout-flow\">\n<p class=\"has-text-align-right\"><a href=\"\/deuteronomio-3\" title=\"\"><\/a><a href=\"\/deuteronomio-33\" title=\"\">Deuteron\u00f4mio 33<\/a><\/p>\n<\/div>\n<\/div>\n\n\n\n<h2 class=\"wp-block-heading\">Descri\u00e7\u00e3o &#8211; Deuteron\u00f4mio 32<\/h2>\n\n\n\n<p class=\"has-medium-font-size\">Deuteron\u00f4mio 32 cont\u00e9m o c\u00e2ntico de Mois\u00e9s, uma poderosa declara\u00e7\u00e3o de admoesta\u00e7\u00e3o e profecia, antes de sua morte. Neste cap\u00edtulo, Mois\u00e9s lembra ao povo de Israel a fidelidade de Deus e o hist\u00f3rico de desobedi\u00eancia do povo. O c\u00e2ntico exalta a soberania de Deus e Sua justi\u00e7a, enquanto adverte contra a idolatria e a rebeldia. Mois\u00e9s tamb\u00e9m profetiza as consequ\u00eancias que Israel enfrentar\u00e1 devido \u00e0 sua infidelidade, mas tamb\u00e9m garante a miseric\u00f3rdia de Deus. O cap\u00edtulo finaliza com Mois\u00e9s subindo ao monte Nebo, onde v\u00ea a Terra Prometida, e Deus o chama para seu descanso.<\/p>\n\n\n\n<h3 class=\"wp-block-heading\">Livro do Deuteron\u00f4mio:<\/h3>\n\n\n<ul class=\"wp-block-page-list\"><li class=\"wp-block-pages-list__item\"><a class=\"wp-block-pages-list__item__link\" href=\"https:\/\/bibliapresente.com\/postagens\/livros-da-biblia\/deuteronomio\/deuteronomio-1\/\">Deuteron\u00f4mio 1 &#8211; A Jornada no Deserto<\/a><\/li><li class=\"wp-block-pages-list__item\"><a class=\"wp-block-pages-list__item__link\" href=\"https:\/\/bibliapresente.com\/postagens\/livros-da-biblia\/deuteronomio\/deuteronomio-2\/\">Deuteron\u00f4mio 2 &#8211; Vit\u00f3rias em Seom e Ogue<\/a><\/li><li class=\"wp-block-pages-list__item\"><a class=\"wp-block-pages-list__item__link\" href=\"https:\/\/bibliapresente.com\/postagens\/livros-da-biblia\/deuteronomio\/deuteronomio-3\/\">Deuteron\u00f4mio 3 &#8211; Revis\u00e3o das Conquistas<\/a><\/li><li class=\"wp-block-pages-list__item\"><a class=\"wp-block-pages-list__item__link\" href=\"https:\/\/bibliapresente.com\/postagens\/livros-da-biblia\/deuteronomio\/deuteronomio-4\/\">Deuteron\u00f4mio 4 &#8211; Advert\u00eancias<\/a><\/li><li class=\"wp-block-pages-list__item\"><a class=\"wp-block-pages-list__item__link\" href=\"https:\/\/bibliapresente.com\/postagens\/livros-da-biblia\/deuteronomio\/deuteronomio-5\/\">Deuteron\u00f4mio 5 &#8211; Os Dez Mandamentos<\/a><\/li><li class=\"wp-block-pages-list__item\"><a class=\"wp-block-pages-list__item__link\" href=\"https:\/\/bibliapresente.com\/postagens\/livros-da-biblia\/deuteronomio\/deuteronomio-6\/\">Deuteron\u00f4mio 6 &#8211; Mandamento: Amar a Deus<\/a><\/li><li class=\"wp-block-pages-list__item\"><a class=\"wp-block-pages-list__item__link\" href=\"https:\/\/bibliapresente.com\/postagens\/livros-da-biblia\/deuteronomio\/deuteronomio-7\/\">Deuteron\u00f4mio 7 &#8211; Israel, o Povo Escolhido<\/a><\/li><li class=\"wp-block-pages-list__item\"><a class=\"wp-block-pages-list__item__link\" href=\"https:\/\/bibliapresente.com\/postagens\/livros-da-biblia\/deuteronomio\/deuteronomio-8\/\">Deuteron\u00f4mio 8 &#8211; Guardar os Mandamentos<\/a><\/li><li class=\"wp-block-pages-list__item\"><a class=\"wp-block-pages-list__item__link\" href=\"https:\/\/bibliapresente.com\/postagens\/livros-da-biblia\/deuteronomio\/deuteronomio-9\/\">Deuteron\u00f4mio 9 &#8211; Rebeli\u00f5es de Israel<\/a><\/li><li class=\"wp-block-pages-list__item\"><a class=\"wp-block-pages-list__item__link\" href=\"https:\/\/bibliapresente.com\/postagens\/livros-da-biblia\/deuteronomio\/deuteronomio-10\/\">Deuteron\u00f4mio 10 &#8211; A Arca da Alian\u00e7a<\/a><\/li><li class=\"wp-block-pages-list__item\"><a class=\"wp-block-pages-list__item__link\" href=\"https:\/\/bibliapresente.com\/postagens\/livros-da-biblia\/deuteronomio\/deuteronomio-11\/\">Deuteron\u00f4mio 11 &#8211; B\u00ean\u00e7\u00e3os da Obedi\u00eancia<\/a><\/li><li class=\"wp-block-pages-list__item\"><a class=\"wp-block-pages-list__item__link\" href=\"https:\/\/bibliapresente.com\/postagens\/livros-da-biblia\/deuteronomio\/deuteronomio-12\/\">Deuteron\u00f4mio 12 &#8211; O Lugar de Adora\u00e7\u00e3o<\/a><\/li><li class=\"wp-block-pages-list__item\"><a class=\"wp-block-pages-list__item__link\" href=\"https:\/\/bibliapresente.com\/postagens\/livros-da-biblia\/deuteronomio\/deuteronomio-13\/\">Deuteron\u00f4mio 13 &#8211; Contra Falsos Profetas<\/a><\/li><li class=\"wp-block-pages-list__item\"><a class=\"wp-block-pages-list__item__link\" href=\"https:\/\/bibliapresente.com\/postagens\/livros-da-biblia\/deuteronomio\/deuteronomio-14\/\">Deuteron\u00f4mio 14 &#8211; Alimentos e D\u00edzimo<\/a><\/li><li class=\"wp-block-pages-list__item\"><a class=\"wp-block-pages-list__item__link\" href=\"https:\/\/bibliapresente.com\/postagens\/livros-da-biblia\/deuteronomio\/deuteronomio-15\/\">Deuteron\u00f4mio 15 &#8211; O Ano da Remiss\u00e3o<\/a><\/li><li class=\"wp-block-pages-list__item\"><a class=\"wp-block-pages-list__item__link\" href=\"https:\/\/bibliapresente.com\/postagens\/livros-da-biblia\/deuteronomio\/deuteronomio-16\/\">Deuteron\u00f4mio 16 &#8211; As Festas Anuais<\/a><\/li><li class=\"wp-block-pages-list__item\"><a class=\"wp-block-pages-list__item__link\" href=\"https:\/\/bibliapresente.com\/postagens\/livros-da-biblia\/deuteronomio\/deuteronomio-17\/\">Deuteron\u00f4mio 17 &#8211; Reis e Sacerdotes<\/a><\/li><li class=\"wp-block-pages-list__item\"><a class=\"wp-block-pages-list__item__link\" href=\"https:\/\/bibliapresente.com\/postagens\/livros-da-biblia\/deuteronomio\/deuteronomio-18\/\">Deuteron\u00f4mio 18 &#8211; Direitos dos Sacerdotes<\/a><\/li><li class=\"wp-block-pages-list__item\"><a class=\"wp-block-pages-list__item__link\" href=\"https:\/\/bibliapresente.com\/postagens\/livros-da-biblia\/deuteronomio\/deuteronomio-19\/\">Deuteron\u00f4mio 19 &#8211; Ref\u00fagio e Testemunhas<\/a><\/li><li class=\"wp-block-pages-list__item\"><a class=\"wp-block-pages-list__item__link\" href=\"https:\/\/bibliapresente.com\/postagens\/livros-da-biblia\/deuteronomio\/deuteronomio-20\/\">Deuteron\u00f4mio 20 &#8211; Leis para a Guerra<\/a><\/li><li class=\"wp-block-pages-list__item\"><a class=\"wp-block-pages-list__item__link\" href=\"https:\/\/bibliapresente.com\/postagens\/livros-da-biblia\/deuteronomio\/deuteronomio-21\/\">Deuteron\u00f4mio 21 &#8211; Leis para a Justi\u00e7a<\/a><\/li><li class=\"wp-block-pages-list__item\"><a class=\"wp-block-pages-list__item__link\" href=\"https:\/\/bibliapresente.com\/postagens\/livros-da-biblia\/deuteronomio\/deuteronomio-22\/\">Deuteron\u00f4mio 22 &#8211; Regras para Conduta<\/a><\/li><li class=\"wp-block-pages-list__item\"><a class=\"wp-block-pages-list__item__link\" href=\"https:\/\/bibliapresente.com\/postagens\/livros-da-biblia\/deuteronomio\/deuteronomio-23\/\">Deuteron\u00f4mio 23 &#8211; Leis da Congrega\u00e7\u00e3o<\/a><\/li><li class=\"wp-block-pages-list__item\"><a class=\"wp-block-pages-list__item__link\" href=\"https:\/\/bibliapresente.com\/postagens\/livros-da-biblia\/deuteronomio\/deuteronomio-24\/\">Deuteron\u00f4mio 24 &#8211; Fam\u00edlia e Justi\u00e7a Social<\/a><\/li><li class=\"wp-block-pages-list__item\"><a class=\"wp-block-pages-list__item__link\" href=\"https:\/\/bibliapresente.com\/postagens\/livros-da-biblia\/deuteronomio\/deuteronomio-25\/\">Deuteron\u00f4mio 25 &#8211; Leis sobre Retalia\u00e7\u00e3o<\/a><\/li><li class=\"wp-block-pages-list__item\"><a class=\"wp-block-pages-list__item__link\" href=\"https:\/\/bibliapresente.com\/postagens\/livros-da-biblia\/deuteronomio\/deuteronomio-26\/\">Deuteron\u00f4mio 26 &#8211; A Fidelidade a Deus<\/a><\/li><li class=\"wp-block-pages-list__item\"><a class=\"wp-block-pages-list__item__link\" href=\"https:\/\/bibliapresente.com\/postagens\/livros-da-biblia\/deuteronomio\/deuteronomio-27\/\">Deuteron\u00f4mio 27 &#8211; Maldi\u00e7\u00f5es no Monte Ebal<\/a><\/li><li class=\"wp-block-pages-list__item\"><a class=\"wp-block-pages-list__item__link\" href=\"https:\/\/bibliapresente.com\/postagens\/livros-da-biblia\/deuteronomio\/deuteronomio-28\/\">Deuteron\u00f4mio 28 &#8211; Sobre a Alian\u00e7a<\/a><\/li><li class=\"wp-block-pages-list__item\"><a class=\"wp-block-pages-list__item__link\" href=\"https:\/\/bibliapresente.com\/postagens\/livros-da-biblia\/deuteronomio\/deuteronomio-29\/\">Deuteron\u00f4mio 29 &#8211; Renova\u00e7\u00e3o da Alian\u00e7a<\/a><\/li><li class=\"wp-block-pages-list__item\"><a class=\"wp-block-pages-list__item__link\" href=\"https:\/\/bibliapresente.com\/postagens\/livros-da-biblia\/deuteronomio\/deuteronomio-30\/\">Deuteron\u00f4mio 30 &#8211; Promessa de Restaura\u00e7\u00e3o<\/a><\/li><li class=\"wp-block-pages-list__item\"><a class=\"wp-block-pages-list__item__link\" href=\"https:\/\/bibliapresente.com\/postagens\/livros-da-biblia\/deuteronomio\/deuteronomio-31\/\">Deuteron\u00f4mio 31 &#8211; Mois\u00e9s Prepara Josu\u00e9<\/a><\/li><li class=\"wp-block-pages-list__item\"><a class=\"wp-block-pages-list__item__link\" href=\"https:\/\/bibliapresente.com\/postagens\/livros-da-biblia\/deuteronomio\/deuteronomio-32\/\">Deuteron\u00f4mio 32 &#8211; O C\u00e2ntico de Mois\u00e9s<\/a><\/li><li class=\"wp-block-pages-list__item\"><a class=\"wp-block-pages-list__item__link\" href=\"https:\/\/bibliapresente.com\/postagens\/livros-da-biblia\/deuteronomio\/deuteronomio-33\/\">Deuteron\u00f4mio 33 &#8211; B\u00ean\u00e7\u00e3os de Mois\u00e9s<\/a><\/li><li class=\"wp-block-pages-list__item\"><a class=\"wp-block-pages-list__item__link\" href=\"https:\/\/bibliapresente.com\/postagens\/livros-da-biblia\/deuteronomio\/deuteronomio-34\/\">Deuteron\u00f4mio 34 &#8211; A Morte de Mois\u00e9s<\/a><\/li><\/ul>\n\n\n<p><\/p>\n","protected":false},"excerpt":{"rendered":"<p>1 Escutai, c\u00e9us, e falarei; E ou\u00e7a a terra os ditos de minha boca. 2 Gotejar\u00e1 como a chuva minha doutrina; Destilar\u00e1 como o orvalho meu discurso; Como o chuvisco sobre a grama, E como as gotas sobre a erva: 3 Porque o nome do SENHOR invocarei: Engrandecei a nosso Deus. 4 Ele \u00e9 a &hellip; <\/p>\n","protected":false},"author":2,"featured_media":848,"parent":847,"menu_order":32,"comment_status":"closed","ping_status":"closed","template":"","meta":{"om_disable_all_campaigns":false,"_monsterinsights_skip_tracking":false,"_monsterinsights_sitenote_active":false,"_monsterinsights_sitenote_note":"","_monsterinsights_sitenote_category":0,"footnotes":""},"class_list":["post-912","page","type-page","status-publish","has-post-thumbnail","hentry"],"aioseo_notices":[],"_links":{"self":[{"href":"https:\/\/bibliapresente.com\/postagens\/wp-json\/wp\/v2\/pages\/912","targetHints":{"allow":["GET"]}}],"collection":[{"href":"https:\/\/bibliapresente.com\/postagens\/wp-json\/wp\/v2\/pages"}],"about":[{"href":"https:\/\/bibliapresente.com\/postagens\/wp-json\/wp\/v2\/types\/page"}],"author":[{"embeddable":true,"href":"https:\/\/bibliapresente.com\/postagens\/wp-json\/wp\/v2\/users\/2"}],"replies":[{"embeddable":true,"href":"https:\/\/bibliapresente.com\/postagens\/wp-json\/wp\/v2\/comments?post=912"}],"version-history":[{"count":5,"href":"https:\/\/bibliapresente.com\/postagens\/wp-json\/wp\/v2\/pages\/912\/revisions"}],"predecessor-version":[{"id":1584,"href":"https:\/\/bibliapresente.com\/postagens\/wp-json\/wp\/v2\/pages\/912\/revisions\/1584"}],"up":[{"embeddable":true,"href":"https:\/\/bibliapresente.com\/postagens\/wp-json\/wp\/v2\/pages\/847"}],"wp:featuredmedia":[{"embeddable":true,"href":"https:\/\/bibliapresente.com\/postagens\/wp-json\/wp\/v2\/media\/848"}],"wp:attachment":[{"href":"https:\/\/bibliapresente.com\/postagens\/wp-json\/wp\/v2\/media?parent=912"}],"curies":[{"name":"wp","href":"https:\/\/api.w.org\/{rel}","templated":true}]}}