{"id":910,"date":"2025-02-07T16:10:00","date_gmt":"2025-02-07T19:10:00","guid":{"rendered":"https:\/\/bibliapresente.com\/postagens\/?page_id=910"},"modified":"2025-02-07T16:10:00","modified_gmt":"2025-02-07T19:10:00","slug":"deuteronomio-31","status":"publish","type":"page","link":"https:\/\/bibliapresente.com\/postagens\/livros-da-biblia\/deuteronomio\/deuteronomio-31\/","title":{"rendered":"Deuteron\u00f4mio 31 &#8211; Mois\u00e9s Prepara Josu\u00e9"},"content":{"rendered":"\n<p class=\"has-medium-font-size\" style=\"letter-spacing:1px\"><span><span><sup><b>1<\/b><\/sup><\/span> E foi Mois\u00e9s, e falou estas palavras a todo Israel, <br><span><sup><b>2<\/b><\/sup><\/span> E disse-lhes: De idade de cento e vinte anos sou hoje dia; n\u00e3o posso mais sair nem entrar: a mais disto o SENHOR me disse: N\u00e3o passar\u00e1s este Jord\u00e3o. <br><span><sup><b>3<\/b><\/sup><\/span> O SENHOR teu Deus, ele passa diante de ti; ele destruir\u00e1 estas na\u00e7\u00f5es de diante de ti, e as herdar\u00e1s: Josu\u00e9 ser\u00e1 o que passar\u00e1 diante de ti, como o SENHOR disse. <br><span><sup><b>4<\/b><\/sup><\/span> E far\u00e1 o SENHOR com eles como fez com Seom e com Ogue, reis dos amorreus, e com sua terra, que os destruiu. <br><span><sup><b>5<\/b><\/sup><\/span> E os entregar\u00e1 o SENHOR diante de v\u00f3s, e fareis com eles conforme tudo o que vos mandei. <br><span><sup><b>6<\/b><\/sup><\/span> Esfor\u00e7ai-vos e tende \u00e2nimo; n\u00e3o temais, nem tenhais medo deles: que o SENHOR teu Deus \u00e9 o que vai contigo: n\u00e3o te deixar\u00e1 nem te desamparar\u00e1. <br><span><sup><b>7<\/b><\/sup><\/span> E chamou Mois\u00e9s a Josu\u00e9, e disse-lhe \u00e0 vista de todo Israel: Esfor\u00e7a-te e anima-te; porque tu entrar\u00e1s com este povo \u00e0 terra que jurou o SENHOR a seus pais que lhes havia de dar, e tu a far\u00e1s herdar. <br><span><sup><b>8<\/b><\/sup><\/span> E o SENHOR \u00e9 o que vai diante de ti; ele ser\u00e1 contigo, n\u00e3o te deixar\u00e1, nem te desamparar\u00e1; n\u00e3o temas, nem te intimides. <br><span><sup><b>9<\/b><\/sup><\/span> E escreveu Mois\u00e9s esta lei, e deu-a aos sacerdotes, filhos de Levi, que levavam a arca do pacto do SENHOR, e a todos os anci\u00e3os de Israel. <br><span><sup><b>10<\/b><\/sup><\/span> E mandou-lhes Mois\u00e9s, dizendo: Ao fim do s\u00e9timo ano, no ano da remiss\u00e3o, na festa das cabanas, <br><span><sup><b>11<\/b><\/sup><\/span> Quando vier todo Israel a apresentar-se diante do SENHOR teu Deus no lugar que ele escolher, ler\u00e1s esta lei diante de todo Israel aos ouvidos deles. <br><span><sup><b>12<\/b><\/sup><\/span> Far\u00e1s congregar o povo, homens e mulheres e crian\u00e7as, e teus estrangeiros que estiverem em tuas cidades, para que ou\u00e7am e aprendam, e temam ao SENHOR vosso Deus, e cuidem de praticar todas as palavras desta lei: <br><span><sup><b>13<\/b><\/sup><\/span> E os filhos deles que n\u00e3o souberem ou\u00e7am, e aprendam a temer ao SENHOR vosso Deus todos os dias que viverdes sobre a terra, para ir \u00e0 qual passais o Jord\u00e3o para possu\u00ed-la. <br><span><sup><b>14<\/b><\/sup><\/span> E o SENHOR disse a Mois\u00e9s: Eis que se aproximam teus dias para que morras: chama a Josu\u00e9, e esperai no tabern\u00e1culo do testemunho, e lhe mandarei. Foram pois Mois\u00e9s e Josu\u00e9, e esperaram no tabern\u00e1culo do testemunho. <br><span><sup><b>15<\/b><\/sup><\/span> E apareceu-se o SENHOR no tabern\u00e1culo, na coluna de nuvem; e a coluna de nuvem se p\u00f4s sobre a porta do tabern\u00e1culo. <br><span><sup><b>16<\/b><\/sup><\/span> E o SENHOR disse a Mois\u00e9s: Eis que tu vais descansar com teus pais, e este povo se levantar\u00e1 e se prostituir\u00e1 atr\u00e1s dos deuses alheios da terra aonde vai, em estando em meio dela; e me deixar\u00e1, e invalidar\u00e1 meu pacto que estabeleci com ele: <br><span><sup><b>17<\/b><\/sup><\/span> E meu furor se acender\u00e1 contra ele naquele dia; e os abandonarei, e esconderei deles meu rosto, e ser\u00e3o consumidos; e o achar\u00e3o muitos males e ang\u00fastias, e dir\u00e1 naquele dia: N\u00e3o me acharam estes males porque n\u00e3o est\u00e1 meu Deus em meio de mim? <br><span><sup><b>18<\/b><\/sup><\/span> Por\u00e9m eu esconderei certamente meu rosto naquele dia, por todo o mal que eles houverem feito, por haver-se voltado a deuses alheios. <br><span><sup><b>19<\/b><\/sup><\/span> Agora, pois, escrevei-vos este c\u00e2ntico, e ensina-o aos filhos de Israel: p\u00f5e-o em boca deles, para que este c\u00e2ntico me seja por testemunha contra os filhos de Israel. <br><span><sup><b>20<\/b><\/sup><\/span> Porque eu lhe introduzirei na terra que jurei a seus pais, a qual flui leite e mel; e comer\u00e1, e se fartar\u00e1, e se engordar\u00e1: e se voltar\u00e3o a deuses alheios, e lhes servir\u00e3o, e me provocar\u00e3o \u00e0 ira, e invalidar\u00e3o meu pacto. <br><span><sup><b>21<\/b><\/sup><\/span> E ser\u00e1 que quando lhe vierem muitos males e ang\u00fastias, ent\u00e3o responder\u00e1 em sua face este c\u00e2ntico como testemunha, pois n\u00e3o cair\u00e1 em esquecimento da boca de sua linhagem: porque eu conhe\u00e7o seu intento, e o que faz hoje antes que lhe introduza na terra que jurei. <br><span><sup><b>22<\/b><\/sup><\/span> E Mois\u00e9s escreveu este c\u00e2ntico aquele dia, e ensinou-o aos filhos de Israel. <br><span><sup><b>23<\/b><\/sup><\/span> E deu ordem a Josu\u00e9 filho de Num, e disse: Esfor\u00e7a-te e anima-te, que tu por\u00e1s os filhos de Israel na terra que lhes jurei, e eu serei contigo. <br><span><sup><b>24<\/b><\/sup><\/span> E quando acabou Mois\u00e9s de escrever as palavras desta lei em um livro at\u00e9 concluir, <br><span><sup><b>25<\/b><\/sup><\/span> Mandou Mois\u00e9s aos levitas que levavam a arca do pacto do SENHOR, dizendo: <br><span><sup><b>26<\/b><\/sup><\/span> Tomai este livro da lei, e ponde-o ao lado da arca do pacto do SENHOR vosso Deus, e esteja ali por testemunha contra ti. <br><span><sup><b>27<\/b><\/sup><\/span> Porque eu conhe\u00e7o tua rebeli\u00e3o, e tua dura cerviz: eis que ainda vivendo eu hoje convosco, sois rebeldes ao SENHOR; e quanto mais depois que eu morrer? <br><span><sup><b>28<\/b><\/sup><\/span> Congregai a mim todos os anci\u00e3os de vossas tribos, e a vossos oficiais, e falarei em seus ouvidos estas palavras, e chamarei por testemunhas contra eles os c\u00e9us e a terra. <br><span><sup><b>29<\/b><\/sup><\/span> Porque eu sei que depois de minha morte, certamente vos corrompereis e vos desviareis do caminho que vos mandei; e que vos h\u00e1 de vir mal nos \u00faltimos dias, por haver feito mal aos olhos do SENHOR, provocando-lhe \u00e0 ira com a obra de vossas m\u00e3os. <br><span><sup><b>30<\/b><\/sup><\/span> Ent\u00e3o falou Mois\u00e9s aos ouvidos de toda a congrega\u00e7\u00e3o de Israel as palavras deste c\u00e2ntico at\u00e9 acab\u00e1-lo.<\/span><\/p>\n\n\n\n<div class=\"wp-block-columns is-layout-flex wp-container-core-columns-is-layout-9d6595d7 wp-block-columns-is-layout-flex\">\n<div class=\"wp-block-column is-layout-flow wp-block-column-is-layout-flow\">\n<p><a href=\"\/deuteronomio-30\" title=\"\">Deuteron\u00f4mio 30<\/a><\/p>\n<\/div>\n\n\n\n<div class=\"wp-block-column is-layout-flow wp-block-column-is-layout-flow\">\n<p class=\"has-text-align-right\"><a href=\"\/deuteronomio-3\" title=\"\"><\/a><a href=\"\/deuteronomio-32\" title=\"\">Deuteron\u00f4mio 32<\/a><\/p>\n<\/div>\n<\/div>\n\n\n\n<h2 class=\"wp-block-heading\">Descri\u00e7\u00e3o &#8211; Deuteron\u00f4mio 31<\/h2>\n\n\n\n<p class=\"has-medium-font-size\">Deuteron\u00f4mio 31 marca o momento de transi\u00e7\u00e3o para Israel, com Mois\u00e9s preparando o povo para sua lideran\u00e7a sem a sua presen\u00e7a f\u00edsica. Ele convoca Josu\u00e9 para assumir a lideran\u00e7a e reafirma a fidelidade de Deus com o povo de Israel, garantindo Sua presen\u00e7a cont\u00ednua. Mois\u00e9s tamb\u00e9m entrega a Lei aos levitas, orientando que seja lida a cada sete anos. O cap\u00edtulo tamb\u00e9m destaca a advert\u00eancia contra a apostasia futura e a necessidade de manter a fidelidade a Deus. \u00c9 um cap\u00edtulo de despedida de Mois\u00e9s, preparando Israel para a entrada na Terra Prometida sob nova lideran\u00e7a.<\/p>\n\n\n\n<h3 class=\"wp-block-heading\">Livro do Deuteron\u00f4mio:<\/h3>\n\n\n<ul class=\"wp-block-page-list\"><li class=\"wp-block-pages-list__item\"><a class=\"wp-block-pages-list__item__link\" href=\"https:\/\/bibliapresente.com\/postagens\/livros-da-biblia\/deuteronomio\/deuteronomio-1\/\">Deuteron\u00f4mio 1 &#8211; A Jornada no Deserto<\/a><\/li><li class=\"wp-block-pages-list__item\"><a class=\"wp-block-pages-list__item__link\" href=\"https:\/\/bibliapresente.com\/postagens\/livros-da-biblia\/deuteronomio\/deuteronomio-2\/\">Deuteron\u00f4mio 2 &#8211; Vit\u00f3rias em Seom e Ogue<\/a><\/li><li class=\"wp-block-pages-list__item\"><a class=\"wp-block-pages-list__item__link\" href=\"https:\/\/bibliapresente.com\/postagens\/livros-da-biblia\/deuteronomio\/deuteronomio-3\/\">Deuteron\u00f4mio 3 &#8211; Revis\u00e3o das Conquistas<\/a><\/li><li class=\"wp-block-pages-list__item\"><a class=\"wp-block-pages-list__item__link\" href=\"https:\/\/bibliapresente.com\/postagens\/livros-da-biblia\/deuteronomio\/deuteronomio-4\/\">Deuteron\u00f4mio 4 &#8211; Advert\u00eancias<\/a><\/li><li class=\"wp-block-pages-list__item\"><a class=\"wp-block-pages-list__item__link\" href=\"https:\/\/bibliapresente.com\/postagens\/livros-da-biblia\/deuteronomio\/deuteronomio-5\/\">Deuteron\u00f4mio 5 &#8211; Os Dez Mandamentos<\/a><\/li><li class=\"wp-block-pages-list__item\"><a class=\"wp-block-pages-list__item__link\" href=\"https:\/\/bibliapresente.com\/postagens\/livros-da-biblia\/deuteronomio\/deuteronomio-6\/\">Deuteron\u00f4mio 6 &#8211; Mandamento: Amar a Deus<\/a><\/li><li class=\"wp-block-pages-list__item\"><a class=\"wp-block-pages-list__item__link\" href=\"https:\/\/bibliapresente.com\/postagens\/livros-da-biblia\/deuteronomio\/deuteronomio-7\/\">Deuteron\u00f4mio 7 &#8211; Israel, o Povo Escolhido<\/a><\/li><li class=\"wp-block-pages-list__item\"><a class=\"wp-block-pages-list__item__link\" href=\"https:\/\/bibliapresente.com\/postagens\/livros-da-biblia\/deuteronomio\/deuteronomio-8\/\">Deuteron\u00f4mio 8 &#8211; Guardar os Mandamentos<\/a><\/li><li class=\"wp-block-pages-list__item\"><a class=\"wp-block-pages-list__item__link\" href=\"https:\/\/bibliapresente.com\/postagens\/livros-da-biblia\/deuteronomio\/deuteronomio-9\/\">Deuteron\u00f4mio 9 &#8211; Rebeli\u00f5es de Israel<\/a><\/li><li class=\"wp-block-pages-list__item\"><a class=\"wp-block-pages-list__item__link\" href=\"https:\/\/bibliapresente.com\/postagens\/livros-da-biblia\/deuteronomio\/deuteronomio-10\/\">Deuteron\u00f4mio 10 &#8211; A Arca da Alian\u00e7a<\/a><\/li><li class=\"wp-block-pages-list__item\"><a class=\"wp-block-pages-list__item__link\" href=\"https:\/\/bibliapresente.com\/postagens\/livros-da-biblia\/deuteronomio\/deuteronomio-11\/\">Deuteron\u00f4mio 11 &#8211; B\u00ean\u00e7\u00e3os da Obedi\u00eancia<\/a><\/li><li class=\"wp-block-pages-list__item\"><a class=\"wp-block-pages-list__item__link\" href=\"https:\/\/bibliapresente.com\/postagens\/livros-da-biblia\/deuteronomio\/deuteronomio-12\/\">Deuteron\u00f4mio 12 &#8211; O Lugar de Adora\u00e7\u00e3o<\/a><\/li><li class=\"wp-block-pages-list__item\"><a class=\"wp-block-pages-list__item__link\" href=\"https:\/\/bibliapresente.com\/postagens\/livros-da-biblia\/deuteronomio\/deuteronomio-13\/\">Deuteron\u00f4mio 13 &#8211; Contra Falsos Profetas<\/a><\/li><li class=\"wp-block-pages-list__item\"><a class=\"wp-block-pages-list__item__link\" href=\"https:\/\/bibliapresente.com\/postagens\/livros-da-biblia\/deuteronomio\/deuteronomio-14\/\">Deuteron\u00f4mio 14 &#8211; Alimentos e D\u00edzimo<\/a><\/li><li class=\"wp-block-pages-list__item\"><a class=\"wp-block-pages-list__item__link\" href=\"https:\/\/bibliapresente.com\/postagens\/livros-da-biblia\/deuteronomio\/deuteronomio-15\/\">Deuteron\u00f4mio 15 &#8211; O Ano da Remiss\u00e3o<\/a><\/li><li class=\"wp-block-pages-list__item\"><a class=\"wp-block-pages-list__item__link\" href=\"https:\/\/bibliapresente.com\/postagens\/livros-da-biblia\/deuteronomio\/deuteronomio-16\/\">Deuteron\u00f4mio 16 &#8211; As Festas Anuais<\/a><\/li><li class=\"wp-block-pages-list__item\"><a class=\"wp-block-pages-list__item__link\" href=\"https:\/\/bibliapresente.com\/postagens\/livros-da-biblia\/deuteronomio\/deuteronomio-17\/\">Deuteron\u00f4mio 17 &#8211; Reis e Sacerdotes<\/a><\/li><li class=\"wp-block-pages-list__item\"><a class=\"wp-block-pages-list__item__link\" href=\"https:\/\/bibliapresente.com\/postagens\/livros-da-biblia\/deuteronomio\/deuteronomio-18\/\">Deuteron\u00f4mio 18 &#8211; Direitos dos Sacerdotes<\/a><\/li><li class=\"wp-block-pages-list__item\"><a class=\"wp-block-pages-list__item__link\" href=\"https:\/\/bibliapresente.com\/postagens\/livros-da-biblia\/deuteronomio\/deuteronomio-19\/\">Deuteron\u00f4mio 19 &#8211; Ref\u00fagio e Testemunhas<\/a><\/li><li class=\"wp-block-pages-list__item\"><a class=\"wp-block-pages-list__item__link\" href=\"https:\/\/bibliapresente.com\/postagens\/livros-da-biblia\/deuteronomio\/deuteronomio-20\/\">Deuteron\u00f4mio 20 &#8211; Leis para a Guerra<\/a><\/li><li class=\"wp-block-pages-list__item\"><a class=\"wp-block-pages-list__item__link\" href=\"https:\/\/bibliapresente.com\/postagens\/livros-da-biblia\/deuteronomio\/deuteronomio-21\/\">Deuteron\u00f4mio 21 &#8211; Leis para a Justi\u00e7a<\/a><\/li><li class=\"wp-block-pages-list__item\"><a class=\"wp-block-pages-list__item__link\" href=\"https:\/\/bibliapresente.com\/postagens\/livros-da-biblia\/deuteronomio\/deuteronomio-22\/\">Deuteron\u00f4mio 22 &#8211; Regras para Conduta<\/a><\/li><li class=\"wp-block-pages-list__item\"><a class=\"wp-block-pages-list__item__link\" href=\"https:\/\/bibliapresente.com\/postagens\/livros-da-biblia\/deuteronomio\/deuteronomio-23\/\">Deuteron\u00f4mio 23 &#8211; Leis da Congrega\u00e7\u00e3o<\/a><\/li><li class=\"wp-block-pages-list__item\"><a class=\"wp-block-pages-list__item__link\" href=\"https:\/\/bibliapresente.com\/postagens\/livros-da-biblia\/deuteronomio\/deuteronomio-24\/\">Deuteron\u00f4mio 24 &#8211; Fam\u00edlia e Justi\u00e7a Social<\/a><\/li><li class=\"wp-block-pages-list__item\"><a class=\"wp-block-pages-list__item__link\" href=\"https:\/\/bibliapresente.com\/postagens\/livros-da-biblia\/deuteronomio\/deuteronomio-25\/\">Deuteron\u00f4mio 25 &#8211; Leis sobre Retalia\u00e7\u00e3o<\/a><\/li><li class=\"wp-block-pages-list__item\"><a class=\"wp-block-pages-list__item__link\" href=\"https:\/\/bibliapresente.com\/postagens\/livros-da-biblia\/deuteronomio\/deuteronomio-26\/\">Deuteron\u00f4mio 26 &#8211; A Fidelidade a Deus<\/a><\/li><li class=\"wp-block-pages-list__item\"><a class=\"wp-block-pages-list__item__link\" href=\"https:\/\/bibliapresente.com\/postagens\/livros-da-biblia\/deuteronomio\/deuteronomio-27\/\">Deuteron\u00f4mio 27 &#8211; Maldi\u00e7\u00f5es no Monte Ebal<\/a><\/li><li class=\"wp-block-pages-list__item\"><a class=\"wp-block-pages-list__item__link\" href=\"https:\/\/bibliapresente.com\/postagens\/livros-da-biblia\/deuteronomio\/deuteronomio-28\/\">Deuteron\u00f4mio 28 &#8211; Sobre a Alian\u00e7a<\/a><\/li><li class=\"wp-block-pages-list__item\"><a class=\"wp-block-pages-list__item__link\" href=\"https:\/\/bibliapresente.com\/postagens\/livros-da-biblia\/deuteronomio\/deuteronomio-29\/\">Deuteron\u00f4mio 29 &#8211; Renova\u00e7\u00e3o da Alian\u00e7a<\/a><\/li><li class=\"wp-block-pages-list__item\"><a class=\"wp-block-pages-list__item__link\" href=\"https:\/\/bibliapresente.com\/postagens\/livros-da-biblia\/deuteronomio\/deuteronomio-30\/\">Deuteron\u00f4mio 30 &#8211; Promessa de Restaura\u00e7\u00e3o<\/a><\/li><li class=\"wp-block-pages-list__item\"><a class=\"wp-block-pages-list__item__link\" href=\"https:\/\/bibliapresente.com\/postagens\/livros-da-biblia\/deuteronomio\/deuteronomio-31\/\">Deuteron\u00f4mio 31 &#8211; Mois\u00e9s Prepara Josu\u00e9<\/a><\/li><li class=\"wp-block-pages-list__item\"><a class=\"wp-block-pages-list__item__link\" href=\"https:\/\/bibliapresente.com\/postagens\/livros-da-biblia\/deuteronomio\/deuteronomio-32\/\">Deuteron\u00f4mio 32 &#8211; O C\u00e2ntico de Mois\u00e9s<\/a><\/li><li class=\"wp-block-pages-list__item\"><a class=\"wp-block-pages-list__item__link\" href=\"https:\/\/bibliapresente.com\/postagens\/livros-da-biblia\/deuteronomio\/deuteronomio-33\/\">Deuteron\u00f4mio 33 &#8211; B\u00ean\u00e7\u00e3os de Mois\u00e9s<\/a><\/li><li class=\"wp-block-pages-list__item\"><a class=\"wp-block-pages-list__item__link\" href=\"https:\/\/bibliapresente.com\/postagens\/livros-da-biblia\/deuteronomio\/deuteronomio-34\/\">Deuteron\u00f4mio 34 &#8211; A Morte de Mois\u00e9s<\/a><\/li><\/ul>\n\n\n<p><\/p>\n","protected":false},"excerpt":{"rendered":"<p>1 E foi Mois\u00e9s, e falou estas palavras a todo Israel, 2 E disse-lhes: De idade de cento e vinte anos sou hoje dia; n\u00e3o posso mais sair nem entrar: a mais disto o SENHOR me disse: N\u00e3o passar\u00e1s este Jord\u00e3o. 3 O SENHOR teu Deus, ele passa diante de ti; ele destruir\u00e1 estas na\u00e7\u00f5es &hellip; <\/p>\n","protected":false},"author":2,"featured_media":848,"parent":847,"menu_order":31,"comment_status":"closed","ping_status":"closed","template":"","meta":{"om_disable_all_campaigns":false,"_monsterinsights_skip_tracking":false,"_monsterinsights_sitenote_active":false,"_monsterinsights_sitenote_note":"","_monsterinsights_sitenote_category":0,"footnotes":""},"class_list":["post-910","page","type-page","status-publish","has-post-thumbnail","hentry"],"aioseo_notices":[],"_links":{"self":[{"href":"https:\/\/bibliapresente.com\/postagens\/wp-json\/wp\/v2\/pages\/910","targetHints":{"allow":["GET"]}}],"collection":[{"href":"https:\/\/bibliapresente.com\/postagens\/wp-json\/wp\/v2\/pages"}],"about":[{"href":"https:\/\/bibliapresente.com\/postagens\/wp-json\/wp\/v2\/types\/page"}],"author":[{"embeddable":true,"href":"https:\/\/bibliapresente.com\/postagens\/wp-json\/wp\/v2\/users\/2"}],"replies":[{"embeddable":true,"href":"https:\/\/bibliapresente.com\/postagens\/wp-json\/wp\/v2\/comments?post=910"}],"version-history":[{"count":5,"href":"https:\/\/bibliapresente.com\/postagens\/wp-json\/wp\/v2\/pages\/910\/revisions"}],"predecessor-version":[{"id":1583,"href":"https:\/\/bibliapresente.com\/postagens\/wp-json\/wp\/v2\/pages\/910\/revisions\/1583"}],"up":[{"embeddable":true,"href":"https:\/\/bibliapresente.com\/postagens\/wp-json\/wp\/v2\/pages\/847"}],"wp:featuredmedia":[{"embeddable":true,"href":"https:\/\/bibliapresente.com\/postagens\/wp-json\/wp\/v2\/media\/848"}],"wp:attachment":[{"href":"https:\/\/bibliapresente.com\/postagens\/wp-json\/wp\/v2\/media?parent=910"}],"curies":[{"name":"wp","href":"https:\/\/api.w.org\/{rel}","templated":true}]}}