{"id":906,"date":"2025-02-07T16:07:52","date_gmt":"2025-02-07T19:07:52","guid":{"rendered":"https:\/\/bibliapresente.com\/postagens\/?page_id=906"},"modified":"2025-02-07T16:07:53","modified_gmt":"2025-02-07T19:07:53","slug":"deuteronomio-29","status":"publish","type":"page","link":"https:\/\/bibliapresente.com\/postagens\/livros-da-biblia\/deuteronomio\/deuteronomio-29\/","title":{"rendered":"Deuteron\u00f4mio 29 &#8211; Renova\u00e7\u00e3o da Alian\u00e7a"},"content":{"rendered":"\n<p class=\"has-medium-font-size\" style=\"letter-spacing:1px\"><span><span><sup><b>1<\/b><\/sup><\/span> Estas s\u00e3o as palavras do pacto que o SENHOR mandou que Mois\u00e9s fizesse com os filhos de Israel na terra de Moabe, al\u00e9m do pacto que estabeleceu com eles em Horebe. <br><span><sup><b>2<\/b><\/sup><\/span> Mois\u00e9s, pois, chamou a todo Israel, e disse-lhes: V\u00f3s vistes tudo o que o SENHOR fez diante vossos olhos na terra do Egito a Fara\u00f3 e a todos os seus servos, e a toda sua terra: <br><span><sup><b>3<\/b><\/sup><\/span> As provas grandes que viram teus olhos, o sinais, e as grandes maravilhas. <br><span><sup><b>4<\/b><\/sup><\/span> E o SENHOR n\u00e3o vos deu cora\u00e7\u00e3o para entender, nem olhos para ver, nem ouvidos para ouvir, at\u00e9 o dia de hoje. <br><span><sup><b>5<\/b><\/sup><\/span> E eu vos trouxe quarenta anos pelo deserto: vossas roupas n\u00e3o se h\u00e3o envelhecido sobre v\u00f3s, nem teu sapato se envelheceu sobre teu p\u00e9. <br><span><sup><b>6<\/b><\/sup><\/span> N\u00e3o comestes p\u00e3o, nem bebestes vinho nem bebida forte: para que soubestes que eu sou o SENHOR vosso Deus. <br><span><sup><b>7<\/b><\/sup><\/span> E chegastes a este lugar, e saiu Seom rei de Hesbom, e Ogue rei de Bas\u00e3, diante de n\u00f3s para lutar, e os ferimos; <br><span><sup><b>8<\/b><\/sup><\/span> E tomamos sua terra, e a demos por heran\u00e7a a R\u00faben e a Gade, e \u00e0 meia tribo de Manass\u00e9s. <br><span><sup><b>9<\/b><\/sup><\/span> Guardareis, pois, as palavras deste pacto, e as poreis por obra, para que prospereis em tudo o que fizerdes. <br><span><sup><b>10<\/b><\/sup><\/span> V\u00f3s todos estais hoje diante do SENHOR vosso Deus; vossos pr\u00edncipes de vossas tribos, vossos anci\u00e3os, e vossos oficiais, todos os homens de Israel, <br><span><sup><b>11<\/b><\/sup><\/span> Vossas crian\u00e7as, vossas mulheres, e teus estrangeiros que habitam em meio de teu campo, desde o que corta tua lenha at\u00e9 o que tira tuas \u00e1guas: <br><span><sup><b>12<\/b><\/sup><\/span> Para que entres no pacto do SENHOR teu Deus, e em seu juramento, que o SENHOR teu Deus estabelece hoje contigo: <br><span><sup><b>13<\/b><\/sup><\/span> Para te confirmar hoje por seu povo, e que ele seja a ti por Deus, da maneira que ele te disse, e como ele jurou a teus pais Abra\u00e3o, Isaque, e Jac\u00f3. <br><span><sup><b>14<\/b><\/sup><\/span> E n\u00e3o somente convosco estabele\u00e7o eu este pacto e este juramento, <br><span><sup><b>15<\/b><\/sup><\/span> Mas sim com os que est\u00e3o aqui presentes hoje conosco diante do SENHOR nosso Deus, e com os que n\u00e3o est\u00e3o aqui hoje conosco. <br><span><sup><b>16<\/b><\/sup><\/span> Porque v\u00f3s sabeis como habitamos na terra do Egito, e como passamos por meio das na\u00e7\u00f5es que passastes; <br><span><sup><b>17<\/b><\/sup><\/span> E vistes suas abomina\u00e7\u00f5es e seus \u00eddolos, madeira e pedra, prata e ouro, que t\u00eam consigo. <br><span><sup><b>18<\/b><\/sup><\/span> Para que n\u00e3o haja entre v\u00f3s homem, ou mulher, ou fam\u00edlia, ou tribo, cujo cora\u00e7\u00e3o se volte hoje de com o SENHOR nosso Deus, por andar a servir aos deuses daquelas na\u00e7\u00f5es; que n\u00e3o haja em v\u00f3s raiz que lance veneno e amargura; <br><span><sup><b>19<\/b><\/sup><\/span> E seja que, quando o tal ouvir as palavras desta maldi\u00e7\u00e3o, ele se aben\u00e7oe em seu cora\u00e7\u00e3o, dizendo: Terei paz, ainda que ande segundo o pensamento de meu cora\u00e7\u00e3o, para acrescentar a embriaguez \u00e0 sede: <br><span><sup><b>20<\/b><\/sup><\/span> O SENHOR se recusar\u00e1 a lhe perdoar; antes fumegar\u00e1 logo o furor do SENHOR e seu zelo sobre o tal homem, e se assentar\u00e1 sobre ele toda maldi\u00e7\u00e3o escrita neste livro, e o SENHOR apagar\u00e1 seu nome de debaixo do c\u00e9u: <br><span><sup><b>21<\/b><\/sup><\/span> E o SENHOR o separar\u00e1 de todas as tribos de Israel para o mal, conforme todas as maldi\u00e7\u00f5es do pacto escrito neste livro da lei. <br><span><sup><b>22<\/b><\/sup><\/span> E dir\u00e1 a gera\u00e7\u00e3o vindoura, vossos filhos que vir\u00e3o depois de v\u00f3s, e o estrangeiro que vir\u00e1 de distantes terras, quando virem as pragas desta terra, e suas enfermidades de que o SENHOR a fez enfermar, <br><span><sup><b>23<\/b><\/sup><\/span> (Enxofre e sal, abrasada toda sua terra: n\u00e3o ser\u00e1 semeada, nem produzir\u00e1, nem crescer\u00e1 nela erva nenhuma, como na destrui\u00e7\u00e3o de Sodoma e de Gomorra, de Adm\u00e1 e de Zeboim, que o SENHOR destruiu em seu furor e em sua ira:) <br><span><sup><b>24<\/b><\/sup><\/span> Dir\u00e3o, pois, todas as na\u00e7\u00f5es: Por que fez o SENHOR isto a esta terra? Que ira \u00e9 esta de t\u00e3o grande furor? <br><span><sup><b>25<\/b><\/sup><\/span> E responder\u00e3o. Porquanto deixaram o pacto do SENHOR o Deus de seus pais, que ele estabeleceu com eles quando os tirou da terra do Egito, <br><span><sup><b>26<\/b><\/sup><\/span> E foram e serviram a deuses alheios, e inclinaram-se a eles, deuses que n\u00e3o conheciam, e que nenhuma coisa lhes haviam dado: <br><span><sup><b>27<\/b><\/sup><\/span> Acendeu-se portanto, o furor do SENHOR contra esta terra, para trazer sobre ela todas as maldi\u00e7\u00f5es escritas nesta livro; <br><span><sup><b>28<\/b><\/sup><\/span> E o SENHOR os desarraigou de sua terra com ira, e com indigna\u00e7\u00e3o, e com furor grande, e os expulsou a outra terra, como hoje. <br><span><sup><b>29<\/b><\/sup><\/span> As coisas secretas pertencem ao SENHOR nosso Deus: mas as reveladas s\u00e3o para n\u00f3s e para nossos filhos para sempre, para que cumpramos todas as palavras desta lei.<\/span><\/p>\n\n\n\n<div class=\"wp-block-columns is-layout-flex wp-container-core-columns-is-layout-9d6595d7 wp-block-columns-is-layout-flex\">\n<div class=\"wp-block-column is-layout-flow wp-block-column-is-layout-flow\">\n<p><a href=\"\/deuteronomio-28\" title=\"\">Deuteron\u00f4mio 28<\/a><\/p>\n<\/div>\n\n\n\n<div class=\"wp-block-column is-layout-flow wp-block-column-is-layout-flow\">\n<p class=\"has-text-align-right\"><a href=\"\/deuteronomio-3\" title=\"\"><\/a><a href=\"\/deuteronomio-30\" title=\"\">Deuteron\u00f4mio 30<\/a><\/p>\n<\/div>\n<\/div>\n\n\n\n<h2 class=\"wp-block-heading\">Descri\u00e7\u00e3o &#8211; Deuteron\u00f4mio 29<\/h2>\n\n\n\n<p class=\"has-medium-font-size\">Deuteron\u00f4mio 29 re\u00fane a renova\u00e7\u00e3o da alian\u00e7a entre Deus e o povo de Israel, antes da entrada na Terra Prometida. Mois\u00e9s convoca todas as tribos, incluindo crian\u00e7as e estrangeiros, para se comprometerem com o pacto firmado. Ele relembra as maravilhas feitas por Deus no passado, como a liberta\u00e7\u00e3o do Egito e a prote\u00e7\u00e3o durante a jornada no deserto. O cap\u00edtulo destaca a import\u00e2ncia da obedi\u00eancia a Deus para a prosperidade futura e avisa sobre as consequ\u00eancias da infidelidade. Ao renovar o pacto, Mois\u00e9s enfatiza a escolha entre b\u00ean\u00e7\u00e3os e maldi\u00e7\u00f5es, dependendo da fidelidade do povo.<\/p>\n\n\n\n<h3 class=\"wp-block-heading\">Livro do Deuteron\u00f4mio:<\/h3>\n\n\n<ul class=\"wp-block-page-list\"><li class=\"wp-block-pages-list__item\"><a class=\"wp-block-pages-list__item__link\" href=\"https:\/\/bibliapresente.com\/postagens\/livros-da-biblia\/deuteronomio\/deuteronomio-1\/\">Deuteron\u00f4mio 1 &#8211; A Jornada no Deserto<\/a><\/li><li class=\"wp-block-pages-list__item\"><a class=\"wp-block-pages-list__item__link\" href=\"https:\/\/bibliapresente.com\/postagens\/livros-da-biblia\/deuteronomio\/deuteronomio-2\/\">Deuteron\u00f4mio 2 &#8211; Vit\u00f3rias em Seom e Ogue<\/a><\/li><li class=\"wp-block-pages-list__item\"><a class=\"wp-block-pages-list__item__link\" href=\"https:\/\/bibliapresente.com\/postagens\/livros-da-biblia\/deuteronomio\/deuteronomio-3\/\">Deuteron\u00f4mio 3 &#8211; Revis\u00e3o das Conquistas<\/a><\/li><li class=\"wp-block-pages-list__item\"><a class=\"wp-block-pages-list__item__link\" href=\"https:\/\/bibliapresente.com\/postagens\/livros-da-biblia\/deuteronomio\/deuteronomio-4\/\">Deuteron\u00f4mio 4 &#8211; Advert\u00eancias<\/a><\/li><li class=\"wp-block-pages-list__item\"><a class=\"wp-block-pages-list__item__link\" href=\"https:\/\/bibliapresente.com\/postagens\/livros-da-biblia\/deuteronomio\/deuteronomio-5\/\">Deuteron\u00f4mio 5 &#8211; Os Dez Mandamentos<\/a><\/li><li class=\"wp-block-pages-list__item\"><a class=\"wp-block-pages-list__item__link\" href=\"https:\/\/bibliapresente.com\/postagens\/livros-da-biblia\/deuteronomio\/deuteronomio-6\/\">Deuteron\u00f4mio 6 &#8211; Mandamento: Amar a Deus<\/a><\/li><li class=\"wp-block-pages-list__item\"><a class=\"wp-block-pages-list__item__link\" href=\"https:\/\/bibliapresente.com\/postagens\/livros-da-biblia\/deuteronomio\/deuteronomio-7\/\">Deuteron\u00f4mio 7 &#8211; Israel, o Povo Escolhido<\/a><\/li><li class=\"wp-block-pages-list__item\"><a class=\"wp-block-pages-list__item__link\" href=\"https:\/\/bibliapresente.com\/postagens\/livros-da-biblia\/deuteronomio\/deuteronomio-8\/\">Deuteron\u00f4mio 8 &#8211; Guardar os Mandamentos<\/a><\/li><li class=\"wp-block-pages-list__item\"><a class=\"wp-block-pages-list__item__link\" href=\"https:\/\/bibliapresente.com\/postagens\/livros-da-biblia\/deuteronomio\/deuteronomio-9\/\">Deuteron\u00f4mio 9 &#8211; Rebeli\u00f5es de Israel<\/a><\/li><li class=\"wp-block-pages-list__item\"><a class=\"wp-block-pages-list__item__link\" href=\"https:\/\/bibliapresente.com\/postagens\/livros-da-biblia\/deuteronomio\/deuteronomio-10\/\">Deuteron\u00f4mio 10 &#8211; A Arca da Alian\u00e7a<\/a><\/li><li class=\"wp-block-pages-list__item\"><a class=\"wp-block-pages-list__item__link\" href=\"https:\/\/bibliapresente.com\/postagens\/livros-da-biblia\/deuteronomio\/deuteronomio-11\/\">Deuteron\u00f4mio 11 &#8211; B\u00ean\u00e7\u00e3os da Obedi\u00eancia<\/a><\/li><li class=\"wp-block-pages-list__item\"><a class=\"wp-block-pages-list__item__link\" href=\"https:\/\/bibliapresente.com\/postagens\/livros-da-biblia\/deuteronomio\/deuteronomio-12\/\">Deuteron\u00f4mio 12 &#8211; O Lugar de Adora\u00e7\u00e3o<\/a><\/li><li class=\"wp-block-pages-list__item\"><a class=\"wp-block-pages-list__item__link\" href=\"https:\/\/bibliapresente.com\/postagens\/livros-da-biblia\/deuteronomio\/deuteronomio-13\/\">Deuteron\u00f4mio 13 &#8211; Contra Falsos Profetas<\/a><\/li><li class=\"wp-block-pages-list__item\"><a class=\"wp-block-pages-list__item__link\" href=\"https:\/\/bibliapresente.com\/postagens\/livros-da-biblia\/deuteronomio\/deuteronomio-14\/\">Deuteron\u00f4mio 14 &#8211; Alimentos e D\u00edzimo<\/a><\/li><li class=\"wp-block-pages-list__item\"><a class=\"wp-block-pages-list__item__link\" href=\"https:\/\/bibliapresente.com\/postagens\/livros-da-biblia\/deuteronomio\/deuteronomio-15\/\">Deuteron\u00f4mio 15 &#8211; O Ano da Remiss\u00e3o<\/a><\/li><li class=\"wp-block-pages-list__item\"><a class=\"wp-block-pages-list__item__link\" href=\"https:\/\/bibliapresente.com\/postagens\/livros-da-biblia\/deuteronomio\/deuteronomio-16\/\">Deuteron\u00f4mio 16 &#8211; As Festas Anuais<\/a><\/li><li class=\"wp-block-pages-list__item\"><a class=\"wp-block-pages-list__item__link\" href=\"https:\/\/bibliapresente.com\/postagens\/livros-da-biblia\/deuteronomio\/deuteronomio-17\/\">Deuteron\u00f4mio 17 &#8211; Reis e Sacerdotes<\/a><\/li><li class=\"wp-block-pages-list__item\"><a class=\"wp-block-pages-list__item__link\" href=\"https:\/\/bibliapresente.com\/postagens\/livros-da-biblia\/deuteronomio\/deuteronomio-18\/\">Deuteron\u00f4mio 18 &#8211; Direitos dos Sacerdotes<\/a><\/li><li class=\"wp-block-pages-list__item\"><a class=\"wp-block-pages-list__item__link\" href=\"https:\/\/bibliapresente.com\/postagens\/livros-da-biblia\/deuteronomio\/deuteronomio-19\/\">Deuteron\u00f4mio 19 &#8211; Ref\u00fagio e Testemunhas<\/a><\/li><li class=\"wp-block-pages-list__item\"><a class=\"wp-block-pages-list__item__link\" href=\"https:\/\/bibliapresente.com\/postagens\/livros-da-biblia\/deuteronomio\/deuteronomio-20\/\">Deuteron\u00f4mio 20 &#8211; Leis para a Guerra<\/a><\/li><li class=\"wp-block-pages-list__item\"><a class=\"wp-block-pages-list__item__link\" href=\"https:\/\/bibliapresente.com\/postagens\/livros-da-biblia\/deuteronomio\/deuteronomio-21\/\">Deuteron\u00f4mio 21 &#8211; Leis para a Justi\u00e7a<\/a><\/li><li class=\"wp-block-pages-list__item\"><a class=\"wp-block-pages-list__item__link\" href=\"https:\/\/bibliapresente.com\/postagens\/livros-da-biblia\/deuteronomio\/deuteronomio-22\/\">Deuteron\u00f4mio 22 &#8211; Regras para Conduta<\/a><\/li><li class=\"wp-block-pages-list__item\"><a class=\"wp-block-pages-list__item__link\" href=\"https:\/\/bibliapresente.com\/postagens\/livros-da-biblia\/deuteronomio\/deuteronomio-23\/\">Deuteron\u00f4mio 23 &#8211; Leis da Congrega\u00e7\u00e3o<\/a><\/li><li class=\"wp-block-pages-list__item\"><a class=\"wp-block-pages-list__item__link\" href=\"https:\/\/bibliapresente.com\/postagens\/livros-da-biblia\/deuteronomio\/deuteronomio-24\/\">Deuteron\u00f4mio 24 &#8211; Fam\u00edlia e Justi\u00e7a Social<\/a><\/li><li class=\"wp-block-pages-list__item\"><a class=\"wp-block-pages-list__item__link\" href=\"https:\/\/bibliapresente.com\/postagens\/livros-da-biblia\/deuteronomio\/deuteronomio-25\/\">Deuteron\u00f4mio 25 &#8211; Leis sobre Retalia\u00e7\u00e3o<\/a><\/li><li class=\"wp-block-pages-list__item\"><a class=\"wp-block-pages-list__item__link\" href=\"https:\/\/bibliapresente.com\/postagens\/livros-da-biblia\/deuteronomio\/deuteronomio-26\/\">Deuteron\u00f4mio 26 &#8211; A Fidelidade a Deus<\/a><\/li><li class=\"wp-block-pages-list__item\"><a class=\"wp-block-pages-list__item__link\" href=\"https:\/\/bibliapresente.com\/postagens\/livros-da-biblia\/deuteronomio\/deuteronomio-27\/\">Deuteron\u00f4mio 27 &#8211; Maldi\u00e7\u00f5es no Monte Ebal<\/a><\/li><li class=\"wp-block-pages-list__item\"><a class=\"wp-block-pages-list__item__link\" href=\"https:\/\/bibliapresente.com\/postagens\/livros-da-biblia\/deuteronomio\/deuteronomio-28\/\">Deuteron\u00f4mio 28 &#8211; Sobre a Alian\u00e7a<\/a><\/li><li class=\"wp-block-pages-list__item\"><a class=\"wp-block-pages-list__item__link\" href=\"https:\/\/bibliapresente.com\/postagens\/livros-da-biblia\/deuteronomio\/deuteronomio-29\/\">Deuteron\u00f4mio 29 &#8211; Renova\u00e7\u00e3o da Alian\u00e7a<\/a><\/li><li class=\"wp-block-pages-list__item\"><a class=\"wp-block-pages-list__item__link\" href=\"https:\/\/bibliapresente.com\/postagens\/livros-da-biblia\/deuteronomio\/deuteronomio-30\/\">Deuteron\u00f4mio 30 &#8211; Promessa de Restaura\u00e7\u00e3o<\/a><\/li><li class=\"wp-block-pages-list__item\"><a class=\"wp-block-pages-list__item__link\" href=\"https:\/\/bibliapresente.com\/postagens\/livros-da-biblia\/deuteronomio\/deuteronomio-31\/\">Deuteron\u00f4mio 31 &#8211; Mois\u00e9s Prepara Josu\u00e9<\/a><\/li><li class=\"wp-block-pages-list__item\"><a class=\"wp-block-pages-list__item__link\" href=\"https:\/\/bibliapresente.com\/postagens\/livros-da-biblia\/deuteronomio\/deuteronomio-32\/\">Deuteron\u00f4mio 32 &#8211; O C\u00e2ntico de Mois\u00e9s<\/a><\/li><li class=\"wp-block-pages-list__item\"><a class=\"wp-block-pages-list__item__link\" href=\"https:\/\/bibliapresente.com\/postagens\/livros-da-biblia\/deuteronomio\/deuteronomio-33\/\">Deuteron\u00f4mio 33 &#8211; B\u00ean\u00e7\u00e3os de Mois\u00e9s<\/a><\/li><li class=\"wp-block-pages-list__item\"><a class=\"wp-block-pages-list__item__link\" href=\"https:\/\/bibliapresente.com\/postagens\/livros-da-biblia\/deuteronomio\/deuteronomio-34\/\">Deuteron\u00f4mio 34 &#8211; A Morte de Mois\u00e9s<\/a><\/li><\/ul>\n\n\n<p><\/p>\n","protected":false},"excerpt":{"rendered":"<p>1 Estas s\u00e3o as palavras do pacto que o SENHOR mandou que Mois\u00e9s fizesse com os filhos de Israel na terra de Moabe, al\u00e9m do pacto que estabeleceu com eles em Horebe. 2 Mois\u00e9s, pois, chamou a todo Israel, e disse-lhes: V\u00f3s vistes tudo o que o SENHOR fez diante vossos olhos na terra do &hellip; <\/p>\n","protected":false},"author":2,"featured_media":848,"parent":847,"menu_order":29,"comment_status":"closed","ping_status":"closed","template":"","meta":{"om_disable_all_campaigns":false,"_monsterinsights_skip_tracking":false,"_monsterinsights_sitenote_active":false,"_monsterinsights_sitenote_note":"","_monsterinsights_sitenote_category":0,"footnotes":""},"class_list":["post-906","page","type-page","status-publish","has-post-thumbnail","hentry"],"aioseo_notices":[],"_links":{"self":[{"href":"https:\/\/bibliapresente.com\/postagens\/wp-json\/wp\/v2\/pages\/906","targetHints":{"allow":["GET"]}}],"collection":[{"href":"https:\/\/bibliapresente.com\/postagens\/wp-json\/wp\/v2\/pages"}],"about":[{"href":"https:\/\/bibliapresente.com\/postagens\/wp-json\/wp\/v2\/types\/page"}],"author":[{"embeddable":true,"href":"https:\/\/bibliapresente.com\/postagens\/wp-json\/wp\/v2\/users\/2"}],"replies":[{"embeddable":true,"href":"https:\/\/bibliapresente.com\/postagens\/wp-json\/wp\/v2\/comments?post=906"}],"version-history":[{"count":5,"href":"https:\/\/bibliapresente.com\/postagens\/wp-json\/wp\/v2\/pages\/906\/revisions"}],"predecessor-version":[{"id":1581,"href":"https:\/\/bibliapresente.com\/postagens\/wp-json\/wp\/v2\/pages\/906\/revisions\/1581"}],"up":[{"embeddable":true,"href":"https:\/\/bibliapresente.com\/postagens\/wp-json\/wp\/v2\/pages\/847"}],"wp:featuredmedia":[{"embeddable":true,"href":"https:\/\/bibliapresente.com\/postagens\/wp-json\/wp\/v2\/media\/848"}],"wp:attachment":[{"href":"https:\/\/bibliapresente.com\/postagens\/wp-json\/wp\/v2\/media?parent=906"}],"curies":[{"name":"wp","href":"https:\/\/api.w.org\/{rel}","templated":true}]}}