{"id":904,"date":"2025-02-07T16:04:07","date_gmt":"2025-02-07T19:04:07","guid":{"rendered":"https:\/\/bibliapresente.com\/postagens\/?page_id=904"},"modified":"2025-02-07T16:04:07","modified_gmt":"2025-02-07T19:04:07","slug":"deuteronomio-28","status":"publish","type":"page","link":"https:\/\/bibliapresente.com\/postagens\/livros-da-biblia\/deuteronomio\/deuteronomio-28\/","title":{"rendered":"Deuteron\u00f4mio 28 &#8211; Sobre a Alian\u00e7a"},"content":{"rendered":"\n<p class=\"has-medium-font-size\" style=\"letter-spacing:1px\"><span><span><sup><b>1<\/b><\/sup><\/span> E ser\u00e1 que, se ouvires com empenho a voz do SENHOR teu Deus, para guardar, para praticar todos os seus mandamentos que eu te prescrevo hoje, tamb\u00e9m o SENHOR teu Deus te por\u00e1 alto sobre todas as na\u00e7\u00f5es da terra; <br><span><sup><b>2<\/b><\/sup><\/span> E vir\u00e3o sobre ti todas estas b\u00ean\u00e7\u00e3os, e te alcan\u00e7ar\u00e3o, quando ouvires a voz do SENHOR teu Deus. <br><span><sup><b>3<\/b><\/sup><\/span> Bendito ser\u00e1s tu na cidade, e bendito tu no campo. <br><span><sup><b>4<\/b><\/sup><\/span> Bendito o fruto de teu ventre, e o fruto de teu animal, a cria de tuas vacas, e os rebanhos de tuas ovelhas. <br><span><sup><b>5<\/b><\/sup><\/span> Bendito teu cesto e tua amassadeira. <br><span><sup><b>6<\/b><\/sup><\/span> Bendito ser\u00e1s em teu entrar, e bendito em teu sair. <br><span><sup><b>7<\/b><\/sup><\/span> Causar\u00e1 o SENHOR a teus inimigos que se levantarem contra ti, que sejam derrotados diante de ti. Por um caminho sair\u00e3o a ti, por sete caminhos fugir\u00e3o diante de ti. <br><span><sup><b>8<\/b><\/sup><\/span> Enviar\u00e1 o SENHOR contigo a b\u00ean\u00e7\u00e3o em teus gran\u00e1rios, e em tudo aquilo em que puseres tua m\u00e3o. E te aben\u00e7oar\u00e1 na terra que o SENHOR teu Deus te d\u00e1. <br><span><sup><b>9<\/b><\/sup><\/span> O SENHOR te confirmar\u00e1 por povo seu santo, como te jurou, quando guardares os mandamentos do SENHOR teu Deus, e andares em seus caminhos. <br><span><sup><b>10<\/b><\/sup><\/span> E ver\u00e3o todos os povos da terra que o nome do SENHOR \u00e9 chamado sobre ti, e te temer\u00e3o. <br><span><sup><b>11<\/b><\/sup><\/span> E te far\u00e1 o SENHOR superabundar em bens, no fruto de teu ventre, e no fruto de teu animal, e no fruto de tua terra, no pa\u00eds que jurou o SENHOR a teus pais que te havia de dar. <br><span><sup><b>12<\/b><\/sup><\/span> O SENHOR te abrir\u00e1 seu bom dep\u00f3sito, o c\u00e9u, para dar chuva \u00e0 tua terra em seu tempo, e para aben\u00e7oar toda obra de tuas m\u00e3os. E emprestar\u00e1s a muitas na\u00e7\u00f5es, e tu n\u00e3o tomar\u00e1s emprestado. <br><span><sup><b>13<\/b><\/sup><\/span> E te por\u00e1 o SENHOR por cabe\u00e7a, e n\u00e3o por cauda: e estar\u00e1s encima somente, e n\u00e3o estar\u00e1s debaixo. Quando obedeceres aos mandamentos do SENHOR teu Deus, que eu te ordeno hoje, para que os guardes e cumpras. <br><span><sup><b>14<\/b><\/sup><\/span> E n\u00e3o te desvies de todas as palavras que eu vos mando hoje, nem \u00e0 direita nem \u00e0 esquerda, para ir atr\u00e1s de deuses alheios para servir-lhes. <br><span><sup><b>15<\/b><\/sup><\/span> E ser\u00e1, se n\u00e3o ouvires a voz do SENHOR teu Deus, para cuidar de praticar todos os seus mandamentos e seus estatutos, que eu te intimo hoje, que vir\u00e3o sobre ti todas estas maldi\u00e7\u00f5es, e te alcan\u00e7ar\u00e3o. <br><span><sup><b>16<\/b><\/sup><\/span> Maldito ser\u00e1s tu na cidade, e maldito no campo. <br><span><sup><b>17<\/b><\/sup><\/span> Maldito teu cesto, e tua amassadeira. <br><span><sup><b>18<\/b><\/sup><\/span> Maldito o fruto de teu ventre, e o fruto de tua terra, e a cria de tuas vacas, e os rebanhos de tuas ovelhas. <br><span><sup><b>19<\/b><\/sup><\/span> Maldito ser\u00e1s em teu entrar, e maldito em teu sair. <br><span><sup><b>20<\/b><\/sup><\/span> E o SENHOR enviar\u00e1 contra ti a maldi\u00e7\u00e3o, confus\u00e3o e oposi\u00e7\u00e3o em tudo quanto puseres m\u00e3o e fizeres, at\u00e9 que sejas destru\u00eddo, e pere\u00e7as logo por causa da maldade de tuas obras, pelas quais me houverdes deixado. <br><span><sup><b>21<\/b><\/sup><\/span> O SENHOR far\u00e1 que se te pegue mortandade, at\u00e9 que te consuma da terra \u00e0 qual entras para possu\u00ed-la. <br><span><sup><b>22<\/b><\/sup><\/span> O SENHOR te ferir\u00e1 de t\u00edsica, e de febre, e de ardor, e de calor, e de espada, e de calamidade repentina, e com mofo. E te perseguir\u00e3o at\u00e9 que pere\u00e7as. <br><span><sup><b>23<\/b><\/sup><\/span> E teus c\u00e9us que est\u00e3o sobre tua cabe\u00e7a, ser\u00e3o de bronze; e a terra que est\u00e1 debaixo de ti, de ferro. <br><span><sup><b>24<\/b><\/sup><\/span> Dar\u00e1 o SENHOR por chuva \u00e0 tua terra p\u00f3 e cinza. Dos c\u00e9us descer\u00e3o sobre ti at\u00e9 que pere\u00e7as. <br><span><sup><b>25<\/b><\/sup><\/span> O SENHOR te entregar\u00e1 ferido diante de teus inimigos: por um caminho sair\u00e1s a eles, e por sete caminhos fugir\u00e1s diante deles: e ser\u00e1s sacudido a todos os reinos da terra. <br><span><sup><b>26<\/b><\/sup><\/span> E ser\u00e1 teu corpo morto por comida a toda ave do c\u00e9u, e animal da terra, e n\u00e3o haver\u00e1 quem as espante. <br><span><sup><b>27<\/b><\/sup><\/span> O SENHOR te ferir\u00e1 da praga do Egito, e com tumores, e com sarna, e com coceira, de que n\u00e3o possas ser curado. <br><span><sup><b>28<\/b><\/sup><\/span> O SENHOR te ferir\u00e1 com loucura, e com cegueira, e com confus\u00e3o de cora\u00e7\u00e3o. <br><span><sup><b>29<\/b><\/sup><\/span> E apalpar\u00e1s ao meio-dia, como apalpa o cego na escurid\u00e3o, e n\u00e3o ser\u00e1s pr\u00f3spero em teus caminhos. E nunca ser\u00e1s a n\u00e3o ser somente oprimido e roubado todos os dias, e n\u00e3o haver\u00e1 quem te salve. <br><span><sup><b>30<\/b><\/sup><\/span> Tu te casar\u00e1s com mulher, e outro homem dormir\u00e1 com ela. Edificar\u00e1s casa, e n\u00e3o habitar\u00e1s nela; plantar\u00e1s vinha, e n\u00e3o a vindimar\u00e1s. <br><span><sup><b>31<\/b><\/sup><\/span> Teu boi ser\u00e1 matado diante de teus olhos, e tu n\u00e3o comer\u00e1s dele. Teu asno ser\u00e1 arrebatado de diante de ti, e n\u00e3o se te voltar\u00e1. Tuas ovelhas ser\u00e3o dadas a teus inimigos, e n\u00e3o ter\u00e1s quem te as resgate. <br><span><sup><b>32<\/b><\/sup><\/span> Teus filhos e tuas filhas ser\u00e3o entregues a outro povo, e teus olhos o ver\u00e3o, e desfalecer\u00e3o por eles todo o dia. E n\u00e3o haver\u00e1 for\u00e7a em tua m\u00e3o. <br><span><sup><b>33<\/b><\/sup><\/span> O fruto de tua terra e todo teu trabalho comer\u00e1 povo que n\u00e3o conheceste; e nunca ser\u00e1s a n\u00e3o ser somente oprimido e quebrantado todos os dias. <br><span><sup><b>34<\/b><\/sup><\/span> E enlouquecer\u00e1s por causa do que ver\u00e1s com teus olhos. <br><span><sup><b>35<\/b><\/sup><\/span> O SENHOR te ferir\u00e1 com maligna \u00falcera nos joelhos e nas pernas, sem que possas ser curado. Ainda desde a planta de teu p\u00e9 at\u00e9 o topo de tua cabe\u00e7a. <br><span><sup><b>36<\/b><\/sup><\/span> O SENHOR levar\u00e1 a ti, e a teu rei que houveres posto sobre ti, a na\u00e7\u00e3o que n\u00e3o conheceste tu nem teus pais. E ali servir\u00e1s a deuses alheios, \u00e0 madeira e \u00e0 pedra. <br><span><sup><b>37<\/b><\/sup><\/span> E ser\u00e1s por confus\u00e3o, por exemplo e por f\u00e1bula, a todos os povos aos quais te levar\u00e1 o SENHOR. <br><span><sup><b>38<\/b><\/sup><\/span> Tirar\u00e1s muito semente ao campo, e colher\u00e1s pouco; porque os gafanhotos o consumir\u00e3o. <br><span><sup><b>39<\/b><\/sup><\/span> Plantar\u00e1s vinhas e lavrar\u00e1s, mas n\u00e3o beber\u00e1s vinho, nem colher\u00e1s uvas. Porque o bicho as comer\u00e1. <br><span><sup><b>40<\/b><\/sup><\/span> Ter\u00e1s olivas em todo teu termo, mas n\u00e3o te ungir\u00e1s com o azeite; porque tua azeitona cair\u00e1. <br><span><sup><b>41<\/b><\/sup><\/span> Filhos e filhas gerar\u00e1s, e n\u00e3o ser\u00e3o para ti; porque ir\u00e3o em cativeiro. <br><span><sup><b>42<\/b><\/sup><\/span> Todo o teu arvoredo e o fruto de tua terra os gafanhotos consumir\u00e3o. <br><span><sup><b>43<\/b><\/sup><\/span> O estrangeiro que estar\u00e1 em meio de ti subir\u00e1 sobre ti muito alto, e tu ser\u00e1s posto muito abaixo. <br><span><sup><b>44<\/b><\/sup><\/span> Ele emprestar\u00e1 a ti, e tu n\u00e3o emprestar\u00e1s a ele. Ele ser\u00e1 por cabe\u00e7a, e tu ser\u00e1s por cauda. <br><span><sup><b>45<\/b><\/sup><\/span> E vir\u00e3o sobre ti todas estas maldi\u00e7\u00f5es, e te perseguir\u00e3o, e te alcan\u00e7ar\u00e3o at\u00e9 que pere\u00e7as; porquanto n\u00e3o houverdes atendido \u00e0 voz do SENHOR teu Deus, para guardar seus mandamentos e seus estatutos, que ele te mandou: <br><span><sup><b>46<\/b><\/sup><\/span> E ser\u00e3o em ti por sinal e por maravilha, e em tua descend\u00eancia para sempre. <br><span><sup><b>47<\/b><\/sup><\/span> Porquanto n\u00e3o serviste ao SENHOR teu Deus com alegria e com alegria de cora\u00e7\u00e3o, pela abund\u00e2ncia de todas as coisas; <br><span><sup><b>48<\/b><\/sup><\/span> Servir\u00e1s, portanto, a teus inimigos que enviar o SENHOR contra ti. Com fome e com sede e com nudez, e com falta de todas as coisas. E ele por\u00e1 jugo de ferro sobre teu pesco\u00e7o, at\u00e9 destruir-te. <br><span><sup><b>49<\/b><\/sup><\/span> O SENHOR trar\u00e1 sobre ti na\u00e7\u00e3o de longe, do extremo da terra, que voe como \u00e1gua, na\u00e7\u00e3o cuja l\u00edngua n\u00e3o entendas; <br><span><sup><b>50<\/b><\/sup><\/span> Na\u00e7\u00e3o feroz de rosto, que n\u00e3o ter\u00e1 respeito ao anci\u00e3o, nem perdoar\u00e1 \u00e0 crian\u00e7a. <br><span><sup><b>51<\/b><\/sup><\/span> E comer\u00e1 o fruto de teu animal e o fruto de tua terra, at\u00e9 que pere\u00e7as. E n\u00e3o te deixar\u00e1 gr\u00e3o, nem mosto, nem azeite, nem a cria de tuas vacas, nem os rebanhos de tuas ovelhas, at\u00e9 destruir-te. <br><span><sup><b>52<\/b><\/sup><\/span> E te por\u00e1 cerco em todas as tuas cidades. At\u00e9 que caiam teus muros altos e fortificados em que tu confias, em toda tua terra. Te cercar\u00e1, pois, em todas tuas cidades e em toda tua terra, que o SENHOR teu Deus te houver dado. <br><span><sup><b>53<\/b><\/sup><\/span> E comer\u00e1s o fruto de teu ventre, a carne de teus filhos e de tuas filhas que o SENHOR teu Deus te deu, no cerco e nos apuros com que te angustiar\u00e1 teu inimigo. <br><span><sup><b>54<\/b><\/sup><\/span> O homem tenro em ti, e o muito delicado, seu olho ser\u00e1 maligno para com seu irm\u00e3o, e para com a mulher de seu seio, e para com o resto de seus filhos que lhe restarem; <br><span><sup><b>55<\/b><\/sup><\/span> Para n\u00e3o dar a algum deles da carne de seus filhos, que ele comer\u00e1, porque nada lhe haver\u00e1 restado, no cerco e nos apuros com que teu inimigo te oprimir\u00e1 em todas tuas cidades. <br><span><sup><b>56<\/b><\/sup><\/span> A tenra e a delicada entre v\u00f3s, que nunca a planta de seu p\u00e9 provou a sentar sobre a terra, de ternura e delicadeza, seu olho ser\u00e1 maligno para com o marido de seu seio, e para com seu filho, e para com sua filha, <br><span><sup><b>57<\/b><\/sup><\/span> E para com sua crian\u00e7a que sai dentre seus p\u00e9s, e para com seus filhos que der \u00e0 luz. Pois os comer\u00e1 ocultamente, a falta de tudo, no cerco e em apuros com que teu inimigo te oprimir\u00e1 em tuas cidades. <br><span><sup><b>58<\/b><\/sup><\/span> Se n\u00e3o cuidares de praticar todas as palavras desta lei que est\u00e3o escritas neste livro, temendo este nome glorioso e terr\u00edvel, O SENHOR TEU DEUS, <br><span><sup><b>59<\/b><\/sup><\/span> O SENHOR aumentar\u00e1 maravilhosamente tuas pragas e as pragas de tua descend\u00eancia, pragas grandes e duradouras, e enfermidades malignas e duradouras; <br><span><sup><b>60<\/b><\/sup><\/span> E far\u00e1 voltar sobre ti todos os males do Egito, diante dos quais temeste, e se te pegar\u00e3o. <br><span><sup><b>61<\/b><\/sup><\/span> Assim como toda enfermidade e toda praga que n\u00e3o est\u00e1 escrita no livro desta lei, o SENHOR a enviar\u00e1 sobre ti, at\u00e9 que tu sejas destru\u00eddo. <br><span><sup><b>62<\/b><\/sup><\/span> E restareis em pouca gente, em lugar de haver sido como as estrelas do c\u00e9u em multid\u00e3o. Porquanto n\u00e3o obedeceste \u00e0 voz do SENHOR teu Deus. <br><span><sup><b>63<\/b><\/sup><\/span> E ser\u00e1 que como o SENHOR se alegrou sobre v\u00f3s para fazer-vos bem, e para multiplicar-vos. Assim se alegrar\u00e1 o SENHOR sobre v\u00f3s para vos arruinar, e para destruir-vos. E sereis tirados de sobre a terra, \u00e0 qual entrais para possu\u00ed-la. <br><span><sup><b>64<\/b><\/sup><\/span> E o SENHOR te espalhar\u00e1 por todos os povos, desde um extremo da terra at\u00e9 o outro extremo dela. E ali servir\u00e1s a deuses alheios que n\u00e3o conheceste tu nem teus pais, \u00e0 madeira e \u00e0 pedra. <br><span><sup><b>65<\/b><\/sup><\/span> E nem ainda entre as mesmas na\u00e7\u00f5es descansar\u00e1s, nem a planta de teu p\u00e9 ter\u00e1 repouso. Que ali te dar\u00e1 o SENHOR cora\u00e7\u00e3o temeroso, e caimento de olhos, e tristeza de alma: <br><span><sup><b>66<\/b><\/sup><\/span> E ter\u00e1s tua vida como suspensa diante de ti, e estar\u00e1s temeroso de noite e de dia, e n\u00e3o confiar\u00e1s de tua vida. <br><span><sup><b>67<\/b><\/sup><\/span> Pela manh\u00e3 dir\u00e1s: Quem dera fosse a tarde! E \u00e0 tarde dir\u00e1s: Quem dera fosse a manh\u00e3! pelo medo de teu cora\u00e7\u00e3o com que estar\u00e1s amedrontado, e pelo que ver\u00e3o teus olhos. <br><span><sup><b>68<\/b><\/sup><\/span> E o SENHOR te far\u00e1 voltar ao Egito em navios pelo caminho do qual te disse: Nunca mais voltareis. E ali sereis vendidos a vossos inimigos por escravos e por escravas, e n\u00e3o haver\u00e1 quem vos compre.<\/span><\/p>\n\n\n\n<div class=\"wp-block-columns is-layout-flex wp-container-core-columns-is-layout-9d6595d7 wp-block-columns-is-layout-flex\">\n<div class=\"wp-block-column is-layout-flow wp-block-column-is-layout-flow\">\n<p><a href=\"\/deuteronomio-27\" title=\"\">Deuteron\u00f4mio 27<\/a><\/p>\n<\/div>\n\n\n\n<div class=\"wp-block-column is-layout-flow wp-block-column-is-layout-flow\">\n<p class=\"has-text-align-right\"><a href=\"\/deuteronomio-3\" title=\"\"><\/a><a href=\"\/deuteronomio-29\" title=\"\">Deuteron\u00f4mio 29<\/a><\/p>\n<\/div>\n<\/div>\n\n\n\n<h2 class=\"wp-block-heading\">Descri\u00e7\u00e3o &#8211; Deuteron\u00f4mio 28<\/h2>\n\n\n\n<p class=\"has-medium-font-size\">Deuteron\u00f4mio 28 descreve as b\u00ean\u00e7\u00e3os e maldi\u00e7\u00f5es que acompanhar\u00e3o os israelitas conforme sua obedi\u00eancia ou desobedi\u00eancia \u00e0 alian\u00e7a com Deus. Mois\u00e9s transmite as promessas de prosperidade, vit\u00f3ria e prote\u00e7\u00e3o divina. Estas s\u00e3o para aqueles que guardarem os mandamentos do Senhor. Em contraste, aqueles que se desviarem da palavra de Deus enfrentar\u00e3o pragas, derrotas e sofrimentos. O cap\u00edtulo destaca a import\u00e2ncia de um compromisso com a fidelidade a Deus. Assim, Ele manter\u00e1 a b\u00ean\u00e7\u00e3o sobre o povo. Ele reflete a centralidade da obedi\u00eancia para a vida comunit\u00e1ria e individual de Israel. \u00c9 um momento crucial antes de entrarem na Terra Prometida.<\/p>\n\n\n\n<h3 class=\"wp-block-heading\">Livro do Deuteron\u00f4mio:<\/h3>\n\n\n<ul class=\"wp-block-page-list\"><li class=\"wp-block-pages-list__item\"><a class=\"wp-block-pages-list__item__link\" href=\"https:\/\/bibliapresente.com\/postagens\/livros-da-biblia\/deuteronomio\/deuteronomio-1\/\">Deuteron\u00f4mio 1 &#8211; A Jornada no Deserto<\/a><\/li><li class=\"wp-block-pages-list__item\"><a class=\"wp-block-pages-list__item__link\" href=\"https:\/\/bibliapresente.com\/postagens\/livros-da-biblia\/deuteronomio\/deuteronomio-2\/\">Deuteron\u00f4mio 2 &#8211; Vit\u00f3rias em Seom e Ogue<\/a><\/li><li class=\"wp-block-pages-list__item\"><a class=\"wp-block-pages-list__item__link\" href=\"https:\/\/bibliapresente.com\/postagens\/livros-da-biblia\/deuteronomio\/deuteronomio-3\/\">Deuteron\u00f4mio 3 &#8211; Revis\u00e3o das Conquistas<\/a><\/li><li class=\"wp-block-pages-list__item\"><a class=\"wp-block-pages-list__item__link\" href=\"https:\/\/bibliapresente.com\/postagens\/livros-da-biblia\/deuteronomio\/deuteronomio-4\/\">Deuteron\u00f4mio 4 &#8211; Advert\u00eancias<\/a><\/li><li class=\"wp-block-pages-list__item\"><a class=\"wp-block-pages-list__item__link\" href=\"https:\/\/bibliapresente.com\/postagens\/livros-da-biblia\/deuteronomio\/deuteronomio-5\/\">Deuteron\u00f4mio 5 &#8211; Os Dez Mandamentos<\/a><\/li><li class=\"wp-block-pages-list__item\"><a class=\"wp-block-pages-list__item__link\" href=\"https:\/\/bibliapresente.com\/postagens\/livros-da-biblia\/deuteronomio\/deuteronomio-6\/\">Deuteron\u00f4mio 6 &#8211; Mandamento: Amar a Deus<\/a><\/li><li class=\"wp-block-pages-list__item\"><a class=\"wp-block-pages-list__item__link\" href=\"https:\/\/bibliapresente.com\/postagens\/livros-da-biblia\/deuteronomio\/deuteronomio-7\/\">Deuteron\u00f4mio 7 &#8211; Israel, o Povo Escolhido<\/a><\/li><li class=\"wp-block-pages-list__item\"><a class=\"wp-block-pages-list__item__link\" href=\"https:\/\/bibliapresente.com\/postagens\/livros-da-biblia\/deuteronomio\/deuteronomio-8\/\">Deuteron\u00f4mio 8 &#8211; Guardar os Mandamentos<\/a><\/li><li class=\"wp-block-pages-list__item\"><a class=\"wp-block-pages-list__item__link\" href=\"https:\/\/bibliapresente.com\/postagens\/livros-da-biblia\/deuteronomio\/deuteronomio-9\/\">Deuteron\u00f4mio 9 &#8211; Rebeli\u00f5es de Israel<\/a><\/li><li class=\"wp-block-pages-list__item\"><a class=\"wp-block-pages-list__item__link\" href=\"https:\/\/bibliapresente.com\/postagens\/livros-da-biblia\/deuteronomio\/deuteronomio-10\/\">Deuteron\u00f4mio 10 &#8211; A Arca da Alian\u00e7a<\/a><\/li><li class=\"wp-block-pages-list__item\"><a class=\"wp-block-pages-list__item__link\" href=\"https:\/\/bibliapresente.com\/postagens\/livros-da-biblia\/deuteronomio\/deuteronomio-11\/\">Deuteron\u00f4mio 11 &#8211; B\u00ean\u00e7\u00e3os da Obedi\u00eancia<\/a><\/li><li class=\"wp-block-pages-list__item\"><a class=\"wp-block-pages-list__item__link\" href=\"https:\/\/bibliapresente.com\/postagens\/livros-da-biblia\/deuteronomio\/deuteronomio-12\/\">Deuteron\u00f4mio 12 &#8211; O Lugar de Adora\u00e7\u00e3o<\/a><\/li><li class=\"wp-block-pages-list__item\"><a class=\"wp-block-pages-list__item__link\" href=\"https:\/\/bibliapresente.com\/postagens\/livros-da-biblia\/deuteronomio\/deuteronomio-13\/\">Deuteron\u00f4mio 13 &#8211; Contra Falsos Profetas<\/a><\/li><li class=\"wp-block-pages-list__item\"><a class=\"wp-block-pages-list__item__link\" href=\"https:\/\/bibliapresente.com\/postagens\/livros-da-biblia\/deuteronomio\/deuteronomio-14\/\">Deuteron\u00f4mio 14 &#8211; Alimentos e D\u00edzimo<\/a><\/li><li class=\"wp-block-pages-list__item\"><a class=\"wp-block-pages-list__item__link\" href=\"https:\/\/bibliapresente.com\/postagens\/livros-da-biblia\/deuteronomio\/deuteronomio-15\/\">Deuteron\u00f4mio 15 &#8211; O Ano da Remiss\u00e3o<\/a><\/li><li class=\"wp-block-pages-list__item\"><a class=\"wp-block-pages-list__item__link\" href=\"https:\/\/bibliapresente.com\/postagens\/livros-da-biblia\/deuteronomio\/deuteronomio-16\/\">Deuteron\u00f4mio 16 &#8211; As Festas Anuais<\/a><\/li><li class=\"wp-block-pages-list__item\"><a class=\"wp-block-pages-list__item__link\" href=\"https:\/\/bibliapresente.com\/postagens\/livros-da-biblia\/deuteronomio\/deuteronomio-17\/\">Deuteron\u00f4mio 17 &#8211; Reis e Sacerdotes<\/a><\/li><li class=\"wp-block-pages-list__item\"><a class=\"wp-block-pages-list__item__link\" href=\"https:\/\/bibliapresente.com\/postagens\/livros-da-biblia\/deuteronomio\/deuteronomio-18\/\">Deuteron\u00f4mio 18 &#8211; Direitos dos Sacerdotes<\/a><\/li><li class=\"wp-block-pages-list__item\"><a class=\"wp-block-pages-list__item__link\" href=\"https:\/\/bibliapresente.com\/postagens\/livros-da-biblia\/deuteronomio\/deuteronomio-19\/\">Deuteron\u00f4mio 19 &#8211; Ref\u00fagio e Testemunhas<\/a><\/li><li class=\"wp-block-pages-list__item\"><a class=\"wp-block-pages-list__item__link\" href=\"https:\/\/bibliapresente.com\/postagens\/livros-da-biblia\/deuteronomio\/deuteronomio-20\/\">Deuteron\u00f4mio 20 &#8211; Leis para a Guerra<\/a><\/li><li class=\"wp-block-pages-list__item\"><a class=\"wp-block-pages-list__item__link\" href=\"https:\/\/bibliapresente.com\/postagens\/livros-da-biblia\/deuteronomio\/deuteronomio-21\/\">Deuteron\u00f4mio 21 &#8211; Leis para a Justi\u00e7a<\/a><\/li><li class=\"wp-block-pages-list__item\"><a class=\"wp-block-pages-list__item__link\" href=\"https:\/\/bibliapresente.com\/postagens\/livros-da-biblia\/deuteronomio\/deuteronomio-22\/\">Deuteron\u00f4mio 22 &#8211; Regras para Conduta<\/a><\/li><li class=\"wp-block-pages-list__item\"><a class=\"wp-block-pages-list__item__link\" href=\"https:\/\/bibliapresente.com\/postagens\/livros-da-biblia\/deuteronomio\/deuteronomio-23\/\">Deuteron\u00f4mio 23 &#8211; Leis da Congrega\u00e7\u00e3o<\/a><\/li><li class=\"wp-block-pages-list__item\"><a class=\"wp-block-pages-list__item__link\" href=\"https:\/\/bibliapresente.com\/postagens\/livros-da-biblia\/deuteronomio\/deuteronomio-24\/\">Deuteron\u00f4mio 24 &#8211; Fam\u00edlia e Justi\u00e7a Social<\/a><\/li><li class=\"wp-block-pages-list__item\"><a class=\"wp-block-pages-list__item__link\" href=\"https:\/\/bibliapresente.com\/postagens\/livros-da-biblia\/deuteronomio\/deuteronomio-25\/\">Deuteron\u00f4mio 25 &#8211; Leis sobre Retalia\u00e7\u00e3o<\/a><\/li><li class=\"wp-block-pages-list__item\"><a class=\"wp-block-pages-list__item__link\" href=\"https:\/\/bibliapresente.com\/postagens\/livros-da-biblia\/deuteronomio\/deuteronomio-26\/\">Deuteron\u00f4mio 26 &#8211; A Fidelidade a Deus<\/a><\/li><li class=\"wp-block-pages-list__item\"><a class=\"wp-block-pages-list__item__link\" href=\"https:\/\/bibliapresente.com\/postagens\/livros-da-biblia\/deuteronomio\/deuteronomio-27\/\">Deuteron\u00f4mio 27 &#8211; Maldi\u00e7\u00f5es no Monte Ebal<\/a><\/li><li class=\"wp-block-pages-list__item\"><a class=\"wp-block-pages-list__item__link\" href=\"https:\/\/bibliapresente.com\/postagens\/livros-da-biblia\/deuteronomio\/deuteronomio-28\/\">Deuteron\u00f4mio 28 &#8211; Sobre a Alian\u00e7a<\/a><\/li><li class=\"wp-block-pages-list__item\"><a class=\"wp-block-pages-list__item__link\" href=\"https:\/\/bibliapresente.com\/postagens\/livros-da-biblia\/deuteronomio\/deuteronomio-29\/\">Deuteron\u00f4mio 29 &#8211; Renova\u00e7\u00e3o da Alian\u00e7a<\/a><\/li><li class=\"wp-block-pages-list__item\"><a class=\"wp-block-pages-list__item__link\" href=\"https:\/\/bibliapresente.com\/postagens\/livros-da-biblia\/deuteronomio\/deuteronomio-30\/\">Deuteron\u00f4mio 30 &#8211; Promessa de Restaura\u00e7\u00e3o<\/a><\/li><li class=\"wp-block-pages-list__item\"><a class=\"wp-block-pages-list__item__link\" href=\"https:\/\/bibliapresente.com\/postagens\/livros-da-biblia\/deuteronomio\/deuteronomio-31\/\">Deuteron\u00f4mio 31 &#8211; Mois\u00e9s Prepara Josu\u00e9<\/a><\/li><li class=\"wp-block-pages-list__item\"><a class=\"wp-block-pages-list__item__link\" href=\"https:\/\/bibliapresente.com\/postagens\/livros-da-biblia\/deuteronomio\/deuteronomio-32\/\">Deuteron\u00f4mio 32 &#8211; O C\u00e2ntico de Mois\u00e9s<\/a><\/li><li class=\"wp-block-pages-list__item\"><a class=\"wp-block-pages-list__item__link\" href=\"https:\/\/bibliapresente.com\/postagens\/livros-da-biblia\/deuteronomio\/deuteronomio-33\/\">Deuteron\u00f4mio 33 &#8211; B\u00ean\u00e7\u00e3os de Mois\u00e9s<\/a><\/li><li class=\"wp-block-pages-list__item\"><a class=\"wp-block-pages-list__item__link\" href=\"https:\/\/bibliapresente.com\/postagens\/livros-da-biblia\/deuteronomio\/deuteronomio-34\/\">Deuteron\u00f4mio 34 &#8211; A Morte de Mois\u00e9s<\/a><\/li><\/ul>\n\n\n<p><\/p>\n","protected":false},"excerpt":{"rendered":"<p>1 E ser\u00e1 que, se ouvires com empenho a voz do SENHOR teu Deus, para guardar, para praticar todos os seus mandamentos que eu te prescrevo hoje, tamb\u00e9m o SENHOR teu Deus te por\u00e1 alto sobre todas as na\u00e7\u00f5es da terra; 2 E vir\u00e3o sobre ti todas estas b\u00ean\u00e7\u00e3os, e te alcan\u00e7ar\u00e3o, quando ouvires a &hellip; <\/p>\n","protected":false},"author":2,"featured_media":848,"parent":847,"menu_order":28,"comment_status":"closed","ping_status":"closed","template":"","meta":{"om_disable_all_campaigns":false,"_monsterinsights_skip_tracking":false,"_monsterinsights_sitenote_active":false,"_monsterinsights_sitenote_note":"","_monsterinsights_sitenote_category":0,"footnotes":""},"class_list":["post-904","page","type-page","status-publish","has-post-thumbnail","hentry"],"aioseo_notices":[],"_links":{"self":[{"href":"https:\/\/bibliapresente.com\/postagens\/wp-json\/wp\/v2\/pages\/904","targetHints":{"allow":["GET"]}}],"collection":[{"href":"https:\/\/bibliapresente.com\/postagens\/wp-json\/wp\/v2\/pages"}],"about":[{"href":"https:\/\/bibliapresente.com\/postagens\/wp-json\/wp\/v2\/types\/page"}],"author":[{"embeddable":true,"href":"https:\/\/bibliapresente.com\/postagens\/wp-json\/wp\/v2\/users\/2"}],"replies":[{"embeddable":true,"href":"https:\/\/bibliapresente.com\/postagens\/wp-json\/wp\/v2\/comments?post=904"}],"version-history":[{"count":5,"href":"https:\/\/bibliapresente.com\/postagens\/wp-json\/wp\/v2\/pages\/904\/revisions"}],"predecessor-version":[{"id":1580,"href":"https:\/\/bibliapresente.com\/postagens\/wp-json\/wp\/v2\/pages\/904\/revisions\/1580"}],"up":[{"embeddable":true,"href":"https:\/\/bibliapresente.com\/postagens\/wp-json\/wp\/v2\/pages\/847"}],"wp:featuredmedia":[{"embeddable":true,"href":"https:\/\/bibliapresente.com\/postagens\/wp-json\/wp\/v2\/media\/848"}],"wp:attachment":[{"href":"https:\/\/bibliapresente.com\/postagens\/wp-json\/wp\/v2\/media?parent=904"}],"curies":[{"name":"wp","href":"https:\/\/api.w.org\/{rel}","templated":true}]}}