{"id":902,"date":"2025-02-07T15:55:06","date_gmt":"2025-02-07T18:55:06","guid":{"rendered":"https:\/\/bibliapresente.com\/postagens\/?page_id=902"},"modified":"2025-02-07T15:55:07","modified_gmt":"2025-02-07T18:55:07","slug":"deuteronomio-27","status":"publish","type":"page","link":"https:\/\/bibliapresente.com\/postagens\/livros-da-biblia\/deuteronomio\/deuteronomio-27\/","title":{"rendered":"Deuteron\u00f4mio 27 &#8211; Maldi\u00e7\u00f5es no Monte Ebal"},"content":{"rendered":"\n<p class=\"has-medium-font-size\" style=\"letter-spacing:1px\"><span><span><sup><b>1<\/b><\/sup><\/span> E mandou Mois\u00e9s, com os anci\u00e3os de Israel, ao povo, dizendo: Guardareis todos os mandamentos que eu prescrevo hoje. <br><span><sup><b>2<\/b><\/sup><\/span> E ser\u00e1 que, no dia que passardes o Jord\u00e3o \u00e0 terra que o SENHOR teu Deus te d\u00e1, te h\u00e1s de levantar pedras grandes, as quais rebocar\u00e1s com cal: <br><span><sup><b>3<\/b><\/sup><\/span> E escrever\u00e1s nelas todas as palavras desta lei, quando houveres passado para entrar na terra que o SENHOR teu Deus te d\u00e1, terra que flui leite e mel, como o SENHOR o Deus de teus pais te disse. <br><span><sup><b>4<\/b><\/sup><\/span> Ser\u00e1 pois, quando houveres passado o Jord\u00e3o, que levantareis estas pedras que eu vos mando hoje, no monte de Ebal, e as rebocar\u00e1s com cal: <br><span><sup><b>5<\/b><\/sup><\/span> E edificar\u00e1s ali altar ao SENHOR teu Deus, altar de pedras: n\u00e3o levantar\u00e1s sobre elas ferro. <br><span><sup><b>6<\/b><\/sup><\/span> De pedras inteiras edificar\u00e1s o altar do SENHOR teu Deus; e oferecer\u00e1s sobre ele holocausto ao SENHOR teu Deus; <br><span><sup><b>7<\/b><\/sup><\/span> E sacrificar\u00e1s ofertas pac\u00edficas, e comer\u00e1s ali; e te alegrar\u00e1s diante do SENHOR teu Deus. <br><span><sup><b>8<\/b><\/sup><\/span> E escrever\u00e1s nas pedras todas as palavras desta lei muito claramente. <br><span><sup><b>9<\/b><\/sup><\/span> E Mois\u00e9s, com os sacerdotes levitas, falou a todo Israel, dizendo: Atende e escuta, Israel: hoje \u00e9s feito povo do SENHOR teu Deus. <br><span><sup><b>10<\/b><\/sup><\/span> Ouvir\u00e1s, pois, a voz do SENHOR teu Deus, e cumprir\u00e1s seus mandamentos e seus estatutos, que eu te ordeno hoje. <br><span><sup><b>11<\/b><\/sup><\/span> E mandou Mois\u00e9s ao povo naquele dia, dizendo: <br><span><sup><b>12<\/b><\/sup><\/span> Estes estar\u00e3o sobre o monte de Gerizim para aben\u00e7oar ao povo, quando houverdes passado o Jord\u00e3o: Sime\u00e3o, e Levi, e Jud\u00e1, e Issacar, e Jos\u00e9 e Benjamim. <br><span><sup><b>13<\/b><\/sup><\/span> E estes estar\u00e3o para pronunciar a maldi\u00e7\u00e3o no de Ebal: R\u00faben, Gade, e Aser, e Zebulom, D\u00e3, e Naftali. <br><span><sup><b>14<\/b><\/sup><\/span> E falar\u00e3o os levitas, e dir\u00e3o a todo homem de Israel em alta voz: <br><span><sup><b>15<\/b><\/sup><\/span> Maldito o homem que fizer escultura ou imagem de fundi\u00e7\u00e3o, abomina\u00e7\u00e3o ao SENHOR, obra da m\u00e3o de art\u00edfice, e a puser em oculto. E todo o povo responder\u00e1 e dir\u00e1: Am\u00e9m. <br><span><sup><b>16<\/b><\/sup><\/span> Maldito o que desonrar a seu pai ou a sua m\u00e3e. E dir\u00e1 todo o povo: Am\u00e9m. <br><span><sup><b>17<\/b><\/sup><\/span> Maldito o que reduzir o termo de seu pr\u00f3ximo. E dir\u00e1 todo o povo: Am\u00e9m. <br><span><sup><b>18<\/b><\/sup><\/span> Maldito o que fizer errar ao cego no caminho. E dir\u00e1 todo o povo: Am\u00e9m. <br><span><sup><b>19<\/b><\/sup><\/span> Maldito o que distorcer o direito do estrangeiro, do \u00f3rf\u00e3o, e da vi\u00fava. E dir\u00e1 todo o povo: Am\u00e9m. <br><span><sup><b>20<\/b><\/sup><\/span> Maldito o que se deitar com a mulher de seu pai; porquanto revelou o colo de seu pai. E dir\u00e1 todo o povo: Am\u00e9m. <br><span><sup><b>21<\/b><\/sup><\/span> Maldito o que tiver parte com qualquer animal. E dir\u00e1 todo o povo: Am\u00e9m. <br><span><sup><b>22<\/b><\/sup><\/span> Maldito o que se deitar com sua irm\u00e3, filha de seu pai, ou filha de sua m\u00e3e. E dir\u00e1 todo o povo: Am\u00e9m. <br><span><sup><b>23<\/b><\/sup><\/span> Maldito o que se deitar com sua sogra. E dir\u00e1 todo o povo: Am\u00e9m. <br><span><sup><b>24<\/b><\/sup><\/span> Maldito o que ferir a seu pr\u00f3ximo ocultamente. E dir\u00e1 todo o povo: Am\u00e9m. <br><span><sup><b>25<\/b><\/sup><\/span> Maldito o que receber presente para ferir de morte ao inocente. E dir\u00e1 todo o povo: Am\u00e9m. <br><span><sup><b>26<\/b><\/sup><\/span> Maldito o que n\u00e3o confirmar as palavras desta lei para as cumprir. E dir\u00e1 todo o povo: Am\u00e9m.<\/span><\/p>\n\n\n\n<div class=\"wp-block-columns is-layout-flex wp-container-core-columns-is-layout-9d6595d7 wp-block-columns-is-layout-flex\">\n<div class=\"wp-block-column is-layout-flow wp-block-column-is-layout-flow\">\n<p><a href=\"\/deuteronomio-26\" title=\"\">Deuteron\u00f4mio 26<\/a><\/p>\n<\/div>\n\n\n\n<div class=\"wp-block-column is-layout-flow wp-block-column-is-layout-flow\">\n<p class=\"has-text-align-right\"><a href=\"\/deuteronomio-3\" title=\"\"><\/a><a href=\"\/deuteronomio-28\" title=\"\">Deuteron\u00f4mio 28<\/a><\/p>\n<\/div>\n<\/div>\n\n\n\n<h2 class=\"wp-block-heading\">Descri\u00e7\u00e3o &#8211; Deuteron\u00f4mio 27<\/h2>\n\n\n\n<p class=\"has-medium-font-size\">Deuteron\u00f4mio 27 \u00e9 um cap\u00edtulo que marca o momento em que Mois\u00e9s instrui o povo de Israel a renovar o pacto com Deus, conforme se aproximam da Terra Prometida. O cap\u00edtulo detalha as orienta\u00e7\u00f5es sobre a constru\u00e7\u00e3o de um altar de pedras no Monte Ebal, onde o povo far\u00e1 sacrif\u00edcios e declarar\u00e1 as b\u00ean\u00e7\u00e3os e maldi\u00e7\u00f5es decorrentes da obedi\u00eancia ou desobedi\u00eancia aos mandamentos de Deus. Os levitas proclamam as maldi\u00e7\u00f5es sobre quem violar a lei divina, ressaltando a import\u00e2ncia de uma vida de fidelidade e justi\u00e7a diante do Senhor, como parte do compromisso com o pacto.<\/p>\n\n\n\n<h3 class=\"wp-block-heading\">Livro do Deuteron\u00f4mio:<\/h3>\n\n\n<ul class=\"wp-block-page-list\"><li class=\"wp-block-pages-list__item\"><a class=\"wp-block-pages-list__item__link\" href=\"https:\/\/bibliapresente.com\/postagens\/livros-da-biblia\/deuteronomio\/deuteronomio-1\/\">Deuteron\u00f4mio 1 &#8211; A Jornada no Deserto<\/a><\/li><li class=\"wp-block-pages-list__item\"><a class=\"wp-block-pages-list__item__link\" href=\"https:\/\/bibliapresente.com\/postagens\/livros-da-biblia\/deuteronomio\/deuteronomio-2\/\">Deuteron\u00f4mio 2 &#8211; Vit\u00f3rias em Seom e Ogue<\/a><\/li><li class=\"wp-block-pages-list__item\"><a class=\"wp-block-pages-list__item__link\" href=\"https:\/\/bibliapresente.com\/postagens\/livros-da-biblia\/deuteronomio\/deuteronomio-3\/\">Deuteron\u00f4mio 3 &#8211; Revis\u00e3o das Conquistas<\/a><\/li><li class=\"wp-block-pages-list__item\"><a class=\"wp-block-pages-list__item__link\" href=\"https:\/\/bibliapresente.com\/postagens\/livros-da-biblia\/deuteronomio\/deuteronomio-4\/\">Deuteron\u00f4mio 4 &#8211; Advert\u00eancias<\/a><\/li><li class=\"wp-block-pages-list__item\"><a class=\"wp-block-pages-list__item__link\" href=\"https:\/\/bibliapresente.com\/postagens\/livros-da-biblia\/deuteronomio\/deuteronomio-5\/\">Deuteron\u00f4mio 5 &#8211; Os Dez Mandamentos<\/a><\/li><li class=\"wp-block-pages-list__item\"><a class=\"wp-block-pages-list__item__link\" href=\"https:\/\/bibliapresente.com\/postagens\/livros-da-biblia\/deuteronomio\/deuteronomio-6\/\">Deuteron\u00f4mio 6 &#8211; Mandamento: Amar a Deus<\/a><\/li><li class=\"wp-block-pages-list__item\"><a class=\"wp-block-pages-list__item__link\" href=\"https:\/\/bibliapresente.com\/postagens\/livros-da-biblia\/deuteronomio\/deuteronomio-7\/\">Deuteron\u00f4mio 7 &#8211; Israel, o Povo Escolhido<\/a><\/li><li class=\"wp-block-pages-list__item\"><a class=\"wp-block-pages-list__item__link\" href=\"https:\/\/bibliapresente.com\/postagens\/livros-da-biblia\/deuteronomio\/deuteronomio-8\/\">Deuteron\u00f4mio 8 &#8211; Guardar os Mandamentos<\/a><\/li><li class=\"wp-block-pages-list__item\"><a class=\"wp-block-pages-list__item__link\" href=\"https:\/\/bibliapresente.com\/postagens\/livros-da-biblia\/deuteronomio\/deuteronomio-9\/\">Deuteron\u00f4mio 9 &#8211; Rebeli\u00f5es de Israel<\/a><\/li><li class=\"wp-block-pages-list__item\"><a class=\"wp-block-pages-list__item__link\" href=\"https:\/\/bibliapresente.com\/postagens\/livros-da-biblia\/deuteronomio\/deuteronomio-10\/\">Deuteron\u00f4mio 10 &#8211; A Arca da Alian\u00e7a<\/a><\/li><li class=\"wp-block-pages-list__item\"><a class=\"wp-block-pages-list__item__link\" href=\"https:\/\/bibliapresente.com\/postagens\/livros-da-biblia\/deuteronomio\/deuteronomio-11\/\">Deuteron\u00f4mio 11 &#8211; B\u00ean\u00e7\u00e3os da Obedi\u00eancia<\/a><\/li><li class=\"wp-block-pages-list__item\"><a class=\"wp-block-pages-list__item__link\" href=\"https:\/\/bibliapresente.com\/postagens\/livros-da-biblia\/deuteronomio\/deuteronomio-12\/\">Deuteron\u00f4mio 12 &#8211; O Lugar de Adora\u00e7\u00e3o<\/a><\/li><li class=\"wp-block-pages-list__item\"><a class=\"wp-block-pages-list__item__link\" href=\"https:\/\/bibliapresente.com\/postagens\/livros-da-biblia\/deuteronomio\/deuteronomio-13\/\">Deuteron\u00f4mio 13 &#8211; Contra Falsos Profetas<\/a><\/li><li class=\"wp-block-pages-list__item\"><a class=\"wp-block-pages-list__item__link\" href=\"https:\/\/bibliapresente.com\/postagens\/livros-da-biblia\/deuteronomio\/deuteronomio-14\/\">Deuteron\u00f4mio 14 &#8211; Alimentos e D\u00edzimo<\/a><\/li><li class=\"wp-block-pages-list__item\"><a class=\"wp-block-pages-list__item__link\" href=\"https:\/\/bibliapresente.com\/postagens\/livros-da-biblia\/deuteronomio\/deuteronomio-15\/\">Deuteron\u00f4mio 15 &#8211; O Ano da Remiss\u00e3o<\/a><\/li><li class=\"wp-block-pages-list__item\"><a class=\"wp-block-pages-list__item__link\" href=\"https:\/\/bibliapresente.com\/postagens\/livros-da-biblia\/deuteronomio\/deuteronomio-16\/\">Deuteron\u00f4mio 16 &#8211; As Festas Anuais<\/a><\/li><li class=\"wp-block-pages-list__item\"><a class=\"wp-block-pages-list__item__link\" href=\"https:\/\/bibliapresente.com\/postagens\/livros-da-biblia\/deuteronomio\/deuteronomio-17\/\">Deuteron\u00f4mio 17 &#8211; Reis e Sacerdotes<\/a><\/li><li class=\"wp-block-pages-list__item\"><a class=\"wp-block-pages-list__item__link\" href=\"https:\/\/bibliapresente.com\/postagens\/livros-da-biblia\/deuteronomio\/deuteronomio-18\/\">Deuteron\u00f4mio 18 &#8211; Direitos dos Sacerdotes<\/a><\/li><li class=\"wp-block-pages-list__item\"><a class=\"wp-block-pages-list__item__link\" href=\"https:\/\/bibliapresente.com\/postagens\/livros-da-biblia\/deuteronomio\/deuteronomio-19\/\">Deuteron\u00f4mio 19 &#8211; Ref\u00fagio e Testemunhas<\/a><\/li><li class=\"wp-block-pages-list__item\"><a class=\"wp-block-pages-list__item__link\" href=\"https:\/\/bibliapresente.com\/postagens\/livros-da-biblia\/deuteronomio\/deuteronomio-20\/\">Deuteron\u00f4mio 20 &#8211; Leis para a Guerra<\/a><\/li><li class=\"wp-block-pages-list__item\"><a class=\"wp-block-pages-list__item__link\" href=\"https:\/\/bibliapresente.com\/postagens\/livros-da-biblia\/deuteronomio\/deuteronomio-21\/\">Deuteron\u00f4mio 21 &#8211; Leis para a Justi\u00e7a<\/a><\/li><li class=\"wp-block-pages-list__item\"><a class=\"wp-block-pages-list__item__link\" href=\"https:\/\/bibliapresente.com\/postagens\/livros-da-biblia\/deuteronomio\/deuteronomio-22\/\">Deuteron\u00f4mio 22 &#8211; Regras para Conduta<\/a><\/li><li class=\"wp-block-pages-list__item\"><a class=\"wp-block-pages-list__item__link\" href=\"https:\/\/bibliapresente.com\/postagens\/livros-da-biblia\/deuteronomio\/deuteronomio-23\/\">Deuteron\u00f4mio 23 &#8211; Leis da Congrega\u00e7\u00e3o<\/a><\/li><li class=\"wp-block-pages-list__item\"><a class=\"wp-block-pages-list__item__link\" href=\"https:\/\/bibliapresente.com\/postagens\/livros-da-biblia\/deuteronomio\/deuteronomio-24\/\">Deuteron\u00f4mio 24 &#8211; Fam\u00edlia e Justi\u00e7a Social<\/a><\/li><li class=\"wp-block-pages-list__item\"><a class=\"wp-block-pages-list__item__link\" href=\"https:\/\/bibliapresente.com\/postagens\/livros-da-biblia\/deuteronomio\/deuteronomio-25\/\">Deuteron\u00f4mio 25 &#8211; Leis sobre Retalia\u00e7\u00e3o<\/a><\/li><li class=\"wp-block-pages-list__item\"><a class=\"wp-block-pages-list__item__link\" href=\"https:\/\/bibliapresente.com\/postagens\/livros-da-biblia\/deuteronomio\/deuteronomio-26\/\">Deuteron\u00f4mio 26 &#8211; A Fidelidade a Deus<\/a><\/li><li class=\"wp-block-pages-list__item\"><a class=\"wp-block-pages-list__item__link\" href=\"https:\/\/bibliapresente.com\/postagens\/livros-da-biblia\/deuteronomio\/deuteronomio-27\/\">Deuteron\u00f4mio 27 &#8211; Maldi\u00e7\u00f5es no Monte Ebal<\/a><\/li><li class=\"wp-block-pages-list__item\"><a class=\"wp-block-pages-list__item__link\" href=\"https:\/\/bibliapresente.com\/postagens\/livros-da-biblia\/deuteronomio\/deuteronomio-28\/\">Deuteron\u00f4mio 28 &#8211; Sobre a Alian\u00e7a<\/a><\/li><li class=\"wp-block-pages-list__item\"><a class=\"wp-block-pages-list__item__link\" href=\"https:\/\/bibliapresente.com\/postagens\/livros-da-biblia\/deuteronomio\/deuteronomio-29\/\">Deuteron\u00f4mio 29 &#8211; Renova\u00e7\u00e3o da Alian\u00e7a<\/a><\/li><li class=\"wp-block-pages-list__item\"><a class=\"wp-block-pages-list__item__link\" href=\"https:\/\/bibliapresente.com\/postagens\/livros-da-biblia\/deuteronomio\/deuteronomio-30\/\">Deuteron\u00f4mio 30 &#8211; Promessa de Restaura\u00e7\u00e3o<\/a><\/li><li class=\"wp-block-pages-list__item\"><a class=\"wp-block-pages-list__item__link\" href=\"https:\/\/bibliapresente.com\/postagens\/livros-da-biblia\/deuteronomio\/deuteronomio-31\/\">Deuteron\u00f4mio 31 &#8211; Mois\u00e9s Prepara Josu\u00e9<\/a><\/li><li class=\"wp-block-pages-list__item\"><a class=\"wp-block-pages-list__item__link\" href=\"https:\/\/bibliapresente.com\/postagens\/livros-da-biblia\/deuteronomio\/deuteronomio-32\/\">Deuteron\u00f4mio 32 &#8211; O C\u00e2ntico de Mois\u00e9s<\/a><\/li><li class=\"wp-block-pages-list__item\"><a class=\"wp-block-pages-list__item__link\" href=\"https:\/\/bibliapresente.com\/postagens\/livros-da-biblia\/deuteronomio\/deuteronomio-33\/\">Deuteron\u00f4mio 33 &#8211; B\u00ean\u00e7\u00e3os de Mois\u00e9s<\/a><\/li><li class=\"wp-block-pages-list__item\"><a class=\"wp-block-pages-list__item__link\" href=\"https:\/\/bibliapresente.com\/postagens\/livros-da-biblia\/deuteronomio\/deuteronomio-34\/\">Deuteron\u00f4mio 34 &#8211; A Morte de Mois\u00e9s<\/a><\/li><\/ul>\n\n\n<p><\/p>\n","protected":false},"excerpt":{"rendered":"<p>1 E mandou Mois\u00e9s, com os anci\u00e3os de Israel, ao povo, dizendo: Guardareis todos os mandamentos que eu prescrevo hoje. 2 E ser\u00e1 que, no dia que passardes o Jord\u00e3o \u00e0 terra que o SENHOR teu Deus te d\u00e1, te h\u00e1s de levantar pedras grandes, as quais rebocar\u00e1s com cal: 3 E escrever\u00e1s nelas todas &hellip; <\/p>\n","protected":false},"author":2,"featured_media":848,"parent":847,"menu_order":27,"comment_status":"closed","ping_status":"closed","template":"","meta":{"om_disable_all_campaigns":false,"_monsterinsights_skip_tracking":false,"_monsterinsights_sitenote_active":false,"_monsterinsights_sitenote_note":"","_monsterinsights_sitenote_category":0,"footnotes":""},"class_list":["post-902","page","type-page","status-publish","has-post-thumbnail","hentry"],"aioseo_notices":[],"_links":{"self":[{"href":"https:\/\/bibliapresente.com\/postagens\/wp-json\/wp\/v2\/pages\/902","targetHints":{"allow":["GET"]}}],"collection":[{"href":"https:\/\/bibliapresente.com\/postagens\/wp-json\/wp\/v2\/pages"}],"about":[{"href":"https:\/\/bibliapresente.com\/postagens\/wp-json\/wp\/v2\/types\/page"}],"author":[{"embeddable":true,"href":"https:\/\/bibliapresente.com\/postagens\/wp-json\/wp\/v2\/users\/2"}],"replies":[{"embeddable":true,"href":"https:\/\/bibliapresente.com\/postagens\/wp-json\/wp\/v2\/comments?post=902"}],"version-history":[{"count":4,"href":"https:\/\/bibliapresente.com\/postagens\/wp-json\/wp\/v2\/pages\/902\/revisions"}],"predecessor-version":[{"id":1579,"href":"https:\/\/bibliapresente.com\/postagens\/wp-json\/wp\/v2\/pages\/902\/revisions\/1579"}],"up":[{"embeddable":true,"href":"https:\/\/bibliapresente.com\/postagens\/wp-json\/wp\/v2\/pages\/847"}],"wp:featuredmedia":[{"embeddable":true,"href":"https:\/\/bibliapresente.com\/postagens\/wp-json\/wp\/v2\/media\/848"}],"wp:attachment":[{"href":"https:\/\/bibliapresente.com\/postagens\/wp-json\/wp\/v2\/media?parent=902"}],"curies":[{"name":"wp","href":"https:\/\/api.w.org\/{rel}","templated":true}]}}