{"id":900,"date":"2025-02-07T15:53:40","date_gmt":"2025-02-07T18:53:40","guid":{"rendered":"https:\/\/bibliapresente.com\/postagens\/?page_id=900"},"modified":"2025-02-07T15:53:40","modified_gmt":"2025-02-07T18:53:40","slug":"deuteronomio-26","status":"publish","type":"page","link":"https:\/\/bibliapresente.com\/postagens\/livros-da-biblia\/deuteronomio\/deuteronomio-26\/","title":{"rendered":"Deuteron\u00f4mio 26 &#8211; A Fidelidade a Deus"},"content":{"rendered":"\n<p class=\"has-medium-font-size\" style=\"letter-spacing:1px\"><span><span><sup><b>1<\/b><\/sup><\/span> E ser\u00e1 que, quando houveres entrado na terra que o SENHOR teu Deus te d\u00e1 por heran\u00e7a, e a possu\u00edres, e habitares nela; <br><span><sup><b>2<\/b><\/sup><\/span> Ent\u00e3o tomar\u00e1s das prim\u00edcias de todos os frutos da terra, que tirares de tua terra que o SENHOR teu Deus te d\u00e1, e o por\u00e1s em um cesto, e ir\u00e1s ao lugar que o SENHOR teu Deus escolher para fazer habitar ali seu nome. <br><span><sup><b>3<\/b><\/sup><\/span> E chegar\u00e1s ao sacerdote que for naqueles dias, e lhe dir\u00e1s: Reconhe\u00e7o hoje ao SENHOR teu Deus que ei entrado na terra que jurou o SENHOR a nossos pais que nos havia de dar. <br><span><sup><b>4<\/b><\/sup><\/span> E o sacerdote tomar\u00e1 o cesto de tua m\u00e3o, e o por\u00e1 diante do altar do SENHOR teu Deus. <br><span><sup><b>5<\/b><\/sup><\/span> Ent\u00e3o falar\u00e1s e dir\u00e1s diante do SENHOR teu Deus: Um arameu a ponto de perecer foi meu pai, o qual desceu ao Egito e peregrinou ali com poucos homens, e ali cresceu em gente grande, forte e numerosa: <br><span><sup><b>6<\/b><\/sup><\/span> E os eg\u00edpcios nos maltrataram, e nos afligiram, e puseram sobre n\u00f3s dura servid\u00e3o. <br><span><sup><b>7<\/b><\/sup><\/span> E clamamos ao SENHOR Deus de nossos pais; e ouviu o SENHOR nossa voz, e viu nossa afli\u00e7\u00e3o, e nosso sofrimento, e nossa opress\u00e3o: <br><span><sup><b>8<\/b><\/sup><\/span> E tirou-nos o SENHOR do Egito com m\u00e3o forte, e com bra\u00e7o estendido, e com grande espanto, e com sinais e com milagres: <br><span><sup><b>9<\/b><\/sup><\/span> E trouxe-nos a este lugar, e deu-nos esta terra, terra que flui leite e mel. <br><span><sup><b>10<\/b><\/sup><\/span> E agora, eis que, trouxe as prim\u00edcias do fruto da terra que me deste, \u00f3 SENHOR. E o deixar\u00e1s diante do SENHOR teu Deus, e te inclinar\u00e1s diante do SENHOR teu Deus. <br><span><sup><b>11<\/b><\/sup><\/span> E te alegrar\u00e1s com todo o bem que o SENHOR teu Deus houver dado a ti e a tua casa, tu e o levita, e o estrangeiro que est\u00e1 em meio de ti. <br><span><sup><b>12<\/b><\/sup><\/span> Quando houveres acabado de dizimar todo o d\u00edzimo de teus frutos no ano terceiro, o ano do d\u00edzimo, dar\u00e1s tamb\u00e9m ao levita, ao estrangeiro, ao \u00f3rf\u00e3o e \u00e0 vi\u00fava; e comer\u00e3o em tuas vilas, e se saciar\u00e3o. <br><span><sup><b>13<\/b><\/sup><\/span> E dir\u00e1s diante do SENHOR teu Deus: Eu tirei o consagrado de minha casa, e tamb\u00e9m o dei ao levita, e ao estrangeiro, e ao \u00f3rf\u00e3o, e \u00e0 vi\u00fava, conforme todos os teus mandamentos que me ordenaste: n\u00e3o transgredi teus mandamentos, nem me esqueci deles. <br><span><sup><b>14<\/b><\/sup><\/span> N\u00e3o comi disso em meu luto, nem tirei disso em impureza, nem disso dei para o morto: obedeci \u00e0 voz do SENHOR meu Deus, fiz conforme tudo o que me mandaste. <br><span><sup><b>15<\/b><\/sup><\/span> Olha desde a morada de tua santidade, desde o c\u00e9u, e aben\u00e7oa a teu povo Israel, e \u00e0 terra que nos deste, como juraste a nossos pais, terra que flui leite e mel. <br><span><sup><b>16<\/b><\/sup><\/span> O SENHOR teu Deus te manda hoje que cumpras estes estatutos e regulamentos; cuida, pois, de pratic\u00e1-los com todo teu cora\u00e7\u00e3o, e com toda tua alma. <br><span><sup><b>17<\/b><\/sup><\/span> Ao SENHOR exaltou hoje para que te seja por Deus, e para andar em seus caminhos, e para guardar seus estatutos e seus mandamentos e seus regulamentos, e para ouvir sua voz: <br><span><sup><b>18<\/b><\/sup><\/span> E o SENHOR te exaltou hoje para que lhe sejas seu privativo povo, como ele te disse, e para que guardes todos os seus mandamentos; <br><span><sup><b>19<\/b><\/sup><\/span> E para te p\u00f4r alto sobre todas as na\u00e7\u00f5es que fez, para louvor, e fama, e gl\u00f3ria; e para que sejas povo santo ao SENHOR teu Deus, como ele disse.<\/span><\/p>\n\n\n\n<div class=\"wp-block-columns is-layout-flex wp-container-core-columns-is-layout-9d6595d7 wp-block-columns-is-layout-flex\">\n<div class=\"wp-block-column is-layout-flow wp-block-column-is-layout-flow\">\n<p><a href=\"\/deuteronomio-25\" title=\"\">Deuteron\u00f4mio 25<\/a><\/p>\n<\/div>\n\n\n\n<div class=\"wp-block-column is-layout-flow wp-block-column-is-layout-flow\">\n<p class=\"has-text-align-right\"><a href=\"\/deuteronomio-3\" title=\"\"><\/a><a href=\"\/deuteronomio-27\" title=\"\">Deuteron\u00f4mio 27<\/a><\/p>\n<\/div>\n<\/div>\n\n\n\n<h2 class=\"wp-block-heading\">Descri\u00e7\u00e3o &#8211; Deuteron\u00f4mio 26<\/h2>\n\n\n\n<p class=\"has-medium-font-size\">Deuteron\u00f4mio 26 descreve um momento importante na vida do povo de Israel, quando eles s\u00e3o instru\u00eddos a levar suas ofertas ao Senhor como reconhecimento pela fidelidade de Deus durante sua jornada no deserto. O cap\u00edtulo destaca a cerim\u00f4nia de oferta das prim\u00edcias, um gesto de gratid\u00e3o e adora\u00e7\u00e3o a Deus, reconhecendo sua provis\u00e3o e prote\u00e7\u00e3o. Al\u00e9m disso, \u00e9 enfatizada a import\u00e2ncia de lembrar as miseric\u00f3rdias de Deus e se comprometer a viver em obedi\u00eancia a Seus mandamentos, refor\u00e7ando o pacto entre Deus e Seu povo. O cap\u00edtulo tamb\u00e9m refor\u00e7a a separa\u00e7\u00e3o entre o povo de Israel e outras na\u00e7\u00f5es pag\u00e3s.<\/p>\n\n\n\n<h3 class=\"wp-block-heading\">Livro do Deuteron\u00f4mio:<\/h3>\n\n\n<ul class=\"wp-block-page-list\"><li class=\"wp-block-pages-list__item\"><a class=\"wp-block-pages-list__item__link\" href=\"https:\/\/bibliapresente.com\/postagens\/livros-da-biblia\/deuteronomio\/deuteronomio-1\/\">Deuteron\u00f4mio 1 &#8211; A Jornada no Deserto<\/a><\/li><li class=\"wp-block-pages-list__item\"><a class=\"wp-block-pages-list__item__link\" href=\"https:\/\/bibliapresente.com\/postagens\/livros-da-biblia\/deuteronomio\/deuteronomio-2\/\">Deuteron\u00f4mio 2 &#8211; Vit\u00f3rias em Seom e Ogue<\/a><\/li><li class=\"wp-block-pages-list__item\"><a class=\"wp-block-pages-list__item__link\" href=\"https:\/\/bibliapresente.com\/postagens\/livros-da-biblia\/deuteronomio\/deuteronomio-3\/\">Deuteron\u00f4mio 3 &#8211; Revis\u00e3o das Conquistas<\/a><\/li><li class=\"wp-block-pages-list__item\"><a class=\"wp-block-pages-list__item__link\" href=\"https:\/\/bibliapresente.com\/postagens\/livros-da-biblia\/deuteronomio\/deuteronomio-4\/\">Deuteron\u00f4mio 4 &#8211; Advert\u00eancias<\/a><\/li><li class=\"wp-block-pages-list__item\"><a class=\"wp-block-pages-list__item__link\" href=\"https:\/\/bibliapresente.com\/postagens\/livros-da-biblia\/deuteronomio\/deuteronomio-5\/\">Deuteron\u00f4mio 5 &#8211; Os Dez Mandamentos<\/a><\/li><li class=\"wp-block-pages-list__item\"><a class=\"wp-block-pages-list__item__link\" href=\"https:\/\/bibliapresente.com\/postagens\/livros-da-biblia\/deuteronomio\/deuteronomio-6\/\">Deuteron\u00f4mio 6 &#8211; Mandamento: Amar a Deus<\/a><\/li><li class=\"wp-block-pages-list__item\"><a class=\"wp-block-pages-list__item__link\" href=\"https:\/\/bibliapresente.com\/postagens\/livros-da-biblia\/deuteronomio\/deuteronomio-7\/\">Deuteron\u00f4mio 7 &#8211; Israel, o Povo Escolhido<\/a><\/li><li class=\"wp-block-pages-list__item\"><a class=\"wp-block-pages-list__item__link\" href=\"https:\/\/bibliapresente.com\/postagens\/livros-da-biblia\/deuteronomio\/deuteronomio-8\/\">Deuteron\u00f4mio 8 &#8211; Guardar os Mandamentos<\/a><\/li><li class=\"wp-block-pages-list__item\"><a class=\"wp-block-pages-list__item__link\" href=\"https:\/\/bibliapresente.com\/postagens\/livros-da-biblia\/deuteronomio\/deuteronomio-9\/\">Deuteron\u00f4mio 9 &#8211; Rebeli\u00f5es de Israel<\/a><\/li><li class=\"wp-block-pages-list__item\"><a class=\"wp-block-pages-list__item__link\" href=\"https:\/\/bibliapresente.com\/postagens\/livros-da-biblia\/deuteronomio\/deuteronomio-10\/\">Deuteron\u00f4mio 10 &#8211; A Arca da Alian\u00e7a<\/a><\/li><li class=\"wp-block-pages-list__item\"><a class=\"wp-block-pages-list__item__link\" href=\"https:\/\/bibliapresente.com\/postagens\/livros-da-biblia\/deuteronomio\/deuteronomio-11\/\">Deuteron\u00f4mio 11 &#8211; B\u00ean\u00e7\u00e3os da Obedi\u00eancia<\/a><\/li><li class=\"wp-block-pages-list__item\"><a class=\"wp-block-pages-list__item__link\" href=\"https:\/\/bibliapresente.com\/postagens\/livros-da-biblia\/deuteronomio\/deuteronomio-12\/\">Deuteron\u00f4mio 12 &#8211; O Lugar de Adora\u00e7\u00e3o<\/a><\/li><li class=\"wp-block-pages-list__item\"><a class=\"wp-block-pages-list__item__link\" href=\"https:\/\/bibliapresente.com\/postagens\/livros-da-biblia\/deuteronomio\/deuteronomio-13\/\">Deuteron\u00f4mio 13 &#8211; Contra Falsos Profetas<\/a><\/li><li class=\"wp-block-pages-list__item\"><a class=\"wp-block-pages-list__item__link\" href=\"https:\/\/bibliapresente.com\/postagens\/livros-da-biblia\/deuteronomio\/deuteronomio-14\/\">Deuteron\u00f4mio 14 &#8211; Alimentos e D\u00edzimo<\/a><\/li><li class=\"wp-block-pages-list__item\"><a class=\"wp-block-pages-list__item__link\" href=\"https:\/\/bibliapresente.com\/postagens\/livros-da-biblia\/deuteronomio\/deuteronomio-15\/\">Deuteron\u00f4mio 15 &#8211; O Ano da Remiss\u00e3o<\/a><\/li><li class=\"wp-block-pages-list__item\"><a class=\"wp-block-pages-list__item__link\" href=\"https:\/\/bibliapresente.com\/postagens\/livros-da-biblia\/deuteronomio\/deuteronomio-16\/\">Deuteron\u00f4mio 16 &#8211; As Festas Anuais<\/a><\/li><li class=\"wp-block-pages-list__item\"><a class=\"wp-block-pages-list__item__link\" href=\"https:\/\/bibliapresente.com\/postagens\/livros-da-biblia\/deuteronomio\/deuteronomio-17\/\">Deuteron\u00f4mio 17 &#8211; Reis e Sacerdotes<\/a><\/li><li class=\"wp-block-pages-list__item\"><a class=\"wp-block-pages-list__item__link\" href=\"https:\/\/bibliapresente.com\/postagens\/livros-da-biblia\/deuteronomio\/deuteronomio-18\/\">Deuteron\u00f4mio 18 &#8211; Direitos dos Sacerdotes<\/a><\/li><li class=\"wp-block-pages-list__item\"><a class=\"wp-block-pages-list__item__link\" href=\"https:\/\/bibliapresente.com\/postagens\/livros-da-biblia\/deuteronomio\/deuteronomio-19\/\">Deuteron\u00f4mio 19 &#8211; Ref\u00fagio e Testemunhas<\/a><\/li><li class=\"wp-block-pages-list__item\"><a class=\"wp-block-pages-list__item__link\" href=\"https:\/\/bibliapresente.com\/postagens\/livros-da-biblia\/deuteronomio\/deuteronomio-20\/\">Deuteron\u00f4mio 20 &#8211; Leis para a Guerra<\/a><\/li><li class=\"wp-block-pages-list__item\"><a class=\"wp-block-pages-list__item__link\" href=\"https:\/\/bibliapresente.com\/postagens\/livros-da-biblia\/deuteronomio\/deuteronomio-21\/\">Deuteron\u00f4mio 21 &#8211; Leis para a Justi\u00e7a<\/a><\/li><li class=\"wp-block-pages-list__item\"><a class=\"wp-block-pages-list__item__link\" href=\"https:\/\/bibliapresente.com\/postagens\/livros-da-biblia\/deuteronomio\/deuteronomio-22\/\">Deuteron\u00f4mio 22 &#8211; Regras para Conduta<\/a><\/li><li class=\"wp-block-pages-list__item\"><a class=\"wp-block-pages-list__item__link\" href=\"https:\/\/bibliapresente.com\/postagens\/livros-da-biblia\/deuteronomio\/deuteronomio-23\/\">Deuteron\u00f4mio 23 &#8211; Leis da Congrega\u00e7\u00e3o<\/a><\/li><li class=\"wp-block-pages-list__item\"><a class=\"wp-block-pages-list__item__link\" href=\"https:\/\/bibliapresente.com\/postagens\/livros-da-biblia\/deuteronomio\/deuteronomio-24\/\">Deuteron\u00f4mio 24 &#8211; Fam\u00edlia e Justi\u00e7a Social<\/a><\/li><li class=\"wp-block-pages-list__item\"><a class=\"wp-block-pages-list__item__link\" href=\"https:\/\/bibliapresente.com\/postagens\/livros-da-biblia\/deuteronomio\/deuteronomio-25\/\">Deuteron\u00f4mio 25 &#8211; Leis sobre Retalia\u00e7\u00e3o<\/a><\/li><li class=\"wp-block-pages-list__item\"><a class=\"wp-block-pages-list__item__link\" href=\"https:\/\/bibliapresente.com\/postagens\/livros-da-biblia\/deuteronomio\/deuteronomio-26\/\">Deuteron\u00f4mio 26 &#8211; A Fidelidade a Deus<\/a><\/li><li class=\"wp-block-pages-list__item\"><a class=\"wp-block-pages-list__item__link\" href=\"https:\/\/bibliapresente.com\/postagens\/livros-da-biblia\/deuteronomio\/deuteronomio-27\/\">Deuteron\u00f4mio 27 &#8211; Maldi\u00e7\u00f5es no Monte Ebal<\/a><\/li><li class=\"wp-block-pages-list__item\"><a class=\"wp-block-pages-list__item__link\" href=\"https:\/\/bibliapresente.com\/postagens\/livros-da-biblia\/deuteronomio\/deuteronomio-28\/\">Deuteron\u00f4mio 28 &#8211; Sobre a Alian\u00e7a<\/a><\/li><li class=\"wp-block-pages-list__item\"><a class=\"wp-block-pages-list__item__link\" href=\"https:\/\/bibliapresente.com\/postagens\/livros-da-biblia\/deuteronomio\/deuteronomio-29\/\">Deuteron\u00f4mio 29 &#8211; Renova\u00e7\u00e3o da Alian\u00e7a<\/a><\/li><li class=\"wp-block-pages-list__item\"><a class=\"wp-block-pages-list__item__link\" href=\"https:\/\/bibliapresente.com\/postagens\/livros-da-biblia\/deuteronomio\/deuteronomio-30\/\">Deuteron\u00f4mio 30 &#8211; Promessa de Restaura\u00e7\u00e3o<\/a><\/li><li class=\"wp-block-pages-list__item\"><a class=\"wp-block-pages-list__item__link\" href=\"https:\/\/bibliapresente.com\/postagens\/livros-da-biblia\/deuteronomio\/deuteronomio-31\/\">Deuteron\u00f4mio 31 &#8211; Mois\u00e9s Prepara Josu\u00e9<\/a><\/li><li class=\"wp-block-pages-list__item\"><a class=\"wp-block-pages-list__item__link\" href=\"https:\/\/bibliapresente.com\/postagens\/livros-da-biblia\/deuteronomio\/deuteronomio-32\/\">Deuteron\u00f4mio 32 &#8211; O C\u00e2ntico de Mois\u00e9s<\/a><\/li><li class=\"wp-block-pages-list__item\"><a class=\"wp-block-pages-list__item__link\" href=\"https:\/\/bibliapresente.com\/postagens\/livros-da-biblia\/deuteronomio\/deuteronomio-33\/\">Deuteron\u00f4mio 33 &#8211; B\u00ean\u00e7\u00e3os de Mois\u00e9s<\/a><\/li><li class=\"wp-block-pages-list__item\"><a class=\"wp-block-pages-list__item__link\" href=\"https:\/\/bibliapresente.com\/postagens\/livros-da-biblia\/deuteronomio\/deuteronomio-34\/\">Deuteron\u00f4mio 34 &#8211; A Morte de Mois\u00e9s<\/a><\/li><\/ul>\n\n\n<p><\/p>\n","protected":false},"excerpt":{"rendered":"<p>1 E ser\u00e1 que, quando houveres entrado na terra que o SENHOR teu Deus te d\u00e1 por heran\u00e7a, e a possu\u00edres, e habitares nela; 2 Ent\u00e3o tomar\u00e1s das prim\u00edcias de todos os frutos da terra, que tirares de tua terra que o SENHOR teu Deus te d\u00e1, e o por\u00e1s em um cesto, e ir\u00e1s &hellip; <\/p>\n","protected":false},"author":2,"featured_media":848,"parent":847,"menu_order":26,"comment_status":"closed","ping_status":"closed","template":"","meta":{"om_disable_all_campaigns":false,"_monsterinsights_skip_tracking":false,"_monsterinsights_sitenote_active":false,"_monsterinsights_sitenote_note":"","_monsterinsights_sitenote_category":0,"footnotes":""},"class_list":["post-900","page","type-page","status-publish","has-post-thumbnail","hentry"],"aioseo_notices":[],"_links":{"self":[{"href":"https:\/\/bibliapresente.com\/postagens\/wp-json\/wp\/v2\/pages\/900","targetHints":{"allow":["GET"]}}],"collection":[{"href":"https:\/\/bibliapresente.com\/postagens\/wp-json\/wp\/v2\/pages"}],"about":[{"href":"https:\/\/bibliapresente.com\/postagens\/wp-json\/wp\/v2\/types\/page"}],"author":[{"embeddable":true,"href":"https:\/\/bibliapresente.com\/postagens\/wp-json\/wp\/v2\/users\/2"}],"replies":[{"embeddable":true,"href":"https:\/\/bibliapresente.com\/postagens\/wp-json\/wp\/v2\/comments?post=900"}],"version-history":[{"count":5,"href":"https:\/\/bibliapresente.com\/postagens\/wp-json\/wp\/v2\/pages\/900\/revisions"}],"predecessor-version":[{"id":1578,"href":"https:\/\/bibliapresente.com\/postagens\/wp-json\/wp\/v2\/pages\/900\/revisions\/1578"}],"up":[{"embeddable":true,"href":"https:\/\/bibliapresente.com\/postagens\/wp-json\/wp\/v2\/pages\/847"}],"wp:featuredmedia":[{"embeddable":true,"href":"https:\/\/bibliapresente.com\/postagens\/wp-json\/wp\/v2\/media\/848"}],"wp:attachment":[{"href":"https:\/\/bibliapresente.com\/postagens\/wp-json\/wp\/v2\/media?parent=900"}],"curies":[{"name":"wp","href":"https:\/\/api.w.org\/{rel}","templated":true}]}}