{"id":898,"date":"2025-02-07T15:52:01","date_gmt":"2025-02-07T18:52:01","guid":{"rendered":"https:\/\/bibliapresente.com\/postagens\/?page_id=898"},"modified":"2025-02-07T15:52:01","modified_gmt":"2025-02-07T18:52:01","slug":"deuteronomio-25","status":"publish","type":"page","link":"https:\/\/bibliapresente.com\/postagens\/livros-da-biblia\/deuteronomio\/deuteronomio-25\/","title":{"rendered":"Deuteron\u00f4mio 25 &#8211; Leis sobre Retalia\u00e7\u00e3o"},"content":{"rendered":"\n<p class=\"has-medium-font-size\" style=\"letter-spacing:1px\"><span><span><sup><b>1<\/b><\/sup><\/span> Quando houver pleito entre alguns, e vierem a ju\u00edzo, e os julgarem, e absolverem ao justo e condenarem ao in\u00edquo, <br><span><sup><b>2<\/b><\/sup><\/span> Ser\u00e1 que, se o delinquente merecer ser a\u00e7oitado, ent\u00e3o o juiz o far\u00e1 lan\u00e7ar em terra, e o far\u00e1 a\u00e7oitar diante de si, segundo seu delito, por conta. <br><span><sup><b>3<\/b><\/sup><\/span> Far\u00e1 lhe dar quarenta a\u00e7oites, n\u00e3o mais: n\u00e3o seja que, se o ferir com muitos a\u00e7oites a mais destes, se humilhe teu irm\u00e3o diante de teus olhos. <br><span><sup><b>4<\/b><\/sup><\/span> N\u00e3o por\u00e1s morda\u00e7a ao boi quando trilhar. <br><span><sup><b>5<\/b><\/sup><\/span> Quando irm\u00e3os estiverem juntos, e morrer algum deles, e n\u00e3o tiver filho, a mulher do morto n\u00e3o se casar\u00e1 fora com homem estranho: seu cunhado entrar\u00e1 a ela, e a tomar\u00e1 por sua mulher, e far\u00e1 com ela parentesco. <br><span><sup><b>6<\/b><\/sup><\/span> E ser\u00e1 que o primog\u00eanito que der \u00e0 luz ela, se levantar\u00e1 em nome de seu irm\u00e3o o morto, para que o nome deste n\u00e3o seja apagado de Israel. <br><span><sup><b>7<\/b><\/sup><\/span> E se o homem n\u00e3o quiser tomar a sua cunhada, ir\u00e1 ent\u00e3o a cunhada sua \u00e0 porta aos anci\u00e3os, e dir\u00e1: Meu cunhado n\u00e3o quer suscitar nome em Israel a seu irm\u00e3o; n\u00e3o quer aparentar-se comigo. <br><span><sup><b>8<\/b><\/sup><\/span> Ent\u00e3o os anci\u00e3os daquela cidade o far\u00e3o vir, e falar\u00e3o com ele: e se ele se levantar, e disser, N\u00e3o quero tom\u00e1-la, <br><span><sup><b>9<\/b><\/sup><\/span> Ent\u00e3o se aproximar\u00e1 sua cunhada a ele diante dos anci\u00e3os, e o descal\u00e7ar\u00e1 o sapato de seu p\u00e9, e lhe cuspir\u00e1 no rosto, e falar\u00e1 e dir\u00e1: Assim ser\u00e1 feito ao homem que n\u00e3o edificar a casa de seu irm\u00e3o. <br><span><sup><b>10<\/b><\/sup><\/span> E seu nome ser\u00e1 chamado em Israel: A casa do descal\u00e7o. <br><span><sup><b>11<\/b><\/sup><\/span> Quando alguns brigarem juntos um com o outro, e chegar a mulher de um para livrar a seu marido da m\u00e3o do que lhe fere, e meter sua m\u00e3o e lhe pegar por suas vergonhas; <br><span><sup><b>12<\/b><\/sup><\/span> Tu a cortar\u00e1s ent\u00e3o a m\u00e3o, n\u00e3o a perdoar\u00e1 teu olho. <br><span><sup><b>13<\/b><\/sup><\/span> N\u00e3o ter\u00e1s em tua bolsa peso grande e peso pequeno. <br><span><sup><b>14<\/b><\/sup><\/span> N\u00e3o ter\u00e1s em tua casa efa grande e efa pequeno. <br><span><sup><b>15<\/b><\/sup><\/span> Pesos \u00edntegros e justos ter\u00e1s; efa \u00edntegro e justo ter\u00e1s: para que teus dias sejam prolongados sobre a terra que o SENHOR teu Deus te d\u00e1. <br><span><sup><b>16<\/b><\/sup><\/span> Porque abomina\u00e7\u00e3o \u00e9 ao SENHOR teu Deus qualquer um que faz isto, qualquer um que faz injusti\u00e7a. <br><span><sup><b>17<\/b><\/sup><\/span> Lembra-te do que te fez Amaleque no caminho, quando sa\u00edstes do Egito: <br><span><sup><b>18<\/b><\/sup><\/span> Que te saiu ao caminho, e te desbaratou a retaguarda de todos os fracos que iam detr\u00e1s de ti, quando tu estavas cansado e exausto; e n\u00e3o temeu a Deus. <br><span><sup><b>19<\/b><\/sup><\/span> Ser\u00e1, pois, quando o SENHOR teu Deus te houver dado repouso de teus inimigos ao redor, na terra que o SENHOR teu Deus te d\u00e1 por herdar para que a possuas, que apagar\u00e1s a mem\u00f3ria de Amaleque de debaixo do c\u00e9u: n\u00e3o te esque\u00e7as.<\/span><\/p>\n\n\n\n<div class=\"wp-block-columns is-layout-flex wp-container-core-columns-is-layout-9d6595d7 wp-block-columns-is-layout-flex\">\n<div class=\"wp-block-column is-layout-flow wp-block-column-is-layout-flow\">\n<p><a href=\"\/deuteronomio-24\" title=\"\">Deuteron\u00f4mio 24<\/a><\/p>\n<\/div>\n\n\n\n<div class=\"wp-block-column is-layout-flow wp-block-column-is-layout-flow\">\n<p class=\"has-text-align-right\"><a href=\"\/deuteronomio-3\" title=\"\"><\/a><a href=\"\/deuteronomio-26\" title=\"\">Deuteron\u00f4mio 26<\/a><\/p>\n<\/div>\n<\/div>\n\n\n\n<h2 class=\"wp-block-heading\">Descri\u00e7\u00e3o &#8211; Deuteron\u00f4mio 25<\/h2>\n\n\n\n<p class=\"has-medium-font-size\">Deuteron\u00f4mio 25 trata de v\u00e1rias leis sociais e espirituais destinadas a promover justi\u00e7a e equidade entre o povo de Israel. O cap\u00edtulo aborda quest\u00f5es como a puni\u00e7\u00e3o de crimes, o tratamento de prisioneiros e a justi\u00e7a nos julgamentos, incluindo a exig\u00eancia de testemunhas para condena\u00e7\u00f5es. Tamb\u00e9m fala sobre o direito da mulher cujo marido faleceu sem filhos, estipulando o dever de seu cunhado em casar-se com ela para preservar o nome da fam\u00edlia. Al\u00e9m disso, aborda regras sobre a honestidade no com\u00e9rcio e o comportamento moral, instruindo o povo a manter integridade e respeito nas rela\u00e7\u00f5es sociais e familiares.<\/p>\n\n\n\n<h3 class=\"wp-block-heading\">Livro do Deuteron\u00f4mio:<\/h3>\n\n\n<ul class=\"wp-block-page-list\"><li class=\"wp-block-pages-list__item\"><a class=\"wp-block-pages-list__item__link\" href=\"https:\/\/bibliapresente.com\/postagens\/livros-da-biblia\/deuteronomio\/deuteronomio-1\/\">Deuteron\u00f4mio 1 &#8211; A Jornada no Deserto<\/a><\/li><li class=\"wp-block-pages-list__item\"><a class=\"wp-block-pages-list__item__link\" href=\"https:\/\/bibliapresente.com\/postagens\/livros-da-biblia\/deuteronomio\/deuteronomio-2\/\">Deuteron\u00f4mio 2 &#8211; Vit\u00f3rias em Seom e Ogue<\/a><\/li><li class=\"wp-block-pages-list__item\"><a class=\"wp-block-pages-list__item__link\" href=\"https:\/\/bibliapresente.com\/postagens\/livros-da-biblia\/deuteronomio\/deuteronomio-3\/\">Deuteron\u00f4mio 3 &#8211; Revis\u00e3o das Conquistas<\/a><\/li><li class=\"wp-block-pages-list__item\"><a class=\"wp-block-pages-list__item__link\" href=\"https:\/\/bibliapresente.com\/postagens\/livros-da-biblia\/deuteronomio\/deuteronomio-4\/\">Deuteron\u00f4mio 4 &#8211; Advert\u00eancias<\/a><\/li><li class=\"wp-block-pages-list__item\"><a class=\"wp-block-pages-list__item__link\" href=\"https:\/\/bibliapresente.com\/postagens\/livros-da-biblia\/deuteronomio\/deuteronomio-5\/\">Deuteron\u00f4mio 5 &#8211; Os Dez Mandamentos<\/a><\/li><li class=\"wp-block-pages-list__item\"><a class=\"wp-block-pages-list__item__link\" href=\"https:\/\/bibliapresente.com\/postagens\/livros-da-biblia\/deuteronomio\/deuteronomio-6\/\">Deuteron\u00f4mio 6 &#8211; Mandamento: Amar a Deus<\/a><\/li><li class=\"wp-block-pages-list__item\"><a class=\"wp-block-pages-list__item__link\" href=\"https:\/\/bibliapresente.com\/postagens\/livros-da-biblia\/deuteronomio\/deuteronomio-7\/\">Deuteron\u00f4mio 7 &#8211; Israel, o Povo Escolhido<\/a><\/li><li class=\"wp-block-pages-list__item\"><a class=\"wp-block-pages-list__item__link\" href=\"https:\/\/bibliapresente.com\/postagens\/livros-da-biblia\/deuteronomio\/deuteronomio-8\/\">Deuteron\u00f4mio 8 &#8211; Guardar os Mandamentos<\/a><\/li><li class=\"wp-block-pages-list__item\"><a class=\"wp-block-pages-list__item__link\" href=\"https:\/\/bibliapresente.com\/postagens\/livros-da-biblia\/deuteronomio\/deuteronomio-9\/\">Deuteron\u00f4mio 9 &#8211; Rebeli\u00f5es de Israel<\/a><\/li><li class=\"wp-block-pages-list__item\"><a class=\"wp-block-pages-list__item__link\" href=\"https:\/\/bibliapresente.com\/postagens\/livros-da-biblia\/deuteronomio\/deuteronomio-10\/\">Deuteron\u00f4mio 10 &#8211; A Arca da Alian\u00e7a<\/a><\/li><li class=\"wp-block-pages-list__item\"><a class=\"wp-block-pages-list__item__link\" href=\"https:\/\/bibliapresente.com\/postagens\/livros-da-biblia\/deuteronomio\/deuteronomio-11\/\">Deuteron\u00f4mio 11 &#8211; B\u00ean\u00e7\u00e3os da Obedi\u00eancia<\/a><\/li><li class=\"wp-block-pages-list__item\"><a class=\"wp-block-pages-list__item__link\" href=\"https:\/\/bibliapresente.com\/postagens\/livros-da-biblia\/deuteronomio\/deuteronomio-12\/\">Deuteron\u00f4mio 12 &#8211; O Lugar de Adora\u00e7\u00e3o<\/a><\/li><li class=\"wp-block-pages-list__item\"><a class=\"wp-block-pages-list__item__link\" href=\"https:\/\/bibliapresente.com\/postagens\/livros-da-biblia\/deuteronomio\/deuteronomio-13\/\">Deuteron\u00f4mio 13 &#8211; Contra Falsos Profetas<\/a><\/li><li class=\"wp-block-pages-list__item\"><a class=\"wp-block-pages-list__item__link\" href=\"https:\/\/bibliapresente.com\/postagens\/livros-da-biblia\/deuteronomio\/deuteronomio-14\/\">Deuteron\u00f4mio 14 &#8211; Alimentos e D\u00edzimo<\/a><\/li><li class=\"wp-block-pages-list__item\"><a class=\"wp-block-pages-list__item__link\" href=\"https:\/\/bibliapresente.com\/postagens\/livros-da-biblia\/deuteronomio\/deuteronomio-15\/\">Deuteron\u00f4mio 15 &#8211; O Ano da Remiss\u00e3o<\/a><\/li><li class=\"wp-block-pages-list__item\"><a class=\"wp-block-pages-list__item__link\" href=\"https:\/\/bibliapresente.com\/postagens\/livros-da-biblia\/deuteronomio\/deuteronomio-16\/\">Deuteron\u00f4mio 16 &#8211; As Festas Anuais<\/a><\/li><li class=\"wp-block-pages-list__item\"><a class=\"wp-block-pages-list__item__link\" href=\"https:\/\/bibliapresente.com\/postagens\/livros-da-biblia\/deuteronomio\/deuteronomio-17\/\">Deuteron\u00f4mio 17 &#8211; Reis e Sacerdotes<\/a><\/li><li class=\"wp-block-pages-list__item\"><a class=\"wp-block-pages-list__item__link\" href=\"https:\/\/bibliapresente.com\/postagens\/livros-da-biblia\/deuteronomio\/deuteronomio-18\/\">Deuteron\u00f4mio 18 &#8211; Direitos dos Sacerdotes<\/a><\/li><li class=\"wp-block-pages-list__item\"><a class=\"wp-block-pages-list__item__link\" href=\"https:\/\/bibliapresente.com\/postagens\/livros-da-biblia\/deuteronomio\/deuteronomio-19\/\">Deuteron\u00f4mio 19 &#8211; Ref\u00fagio e Testemunhas<\/a><\/li><li class=\"wp-block-pages-list__item\"><a class=\"wp-block-pages-list__item__link\" href=\"https:\/\/bibliapresente.com\/postagens\/livros-da-biblia\/deuteronomio\/deuteronomio-20\/\">Deuteron\u00f4mio 20 &#8211; Leis para a Guerra<\/a><\/li><li class=\"wp-block-pages-list__item\"><a class=\"wp-block-pages-list__item__link\" href=\"https:\/\/bibliapresente.com\/postagens\/livros-da-biblia\/deuteronomio\/deuteronomio-21\/\">Deuteron\u00f4mio 21 &#8211; Leis para a Justi\u00e7a<\/a><\/li><li class=\"wp-block-pages-list__item\"><a class=\"wp-block-pages-list__item__link\" href=\"https:\/\/bibliapresente.com\/postagens\/livros-da-biblia\/deuteronomio\/deuteronomio-22\/\">Deuteron\u00f4mio 22 &#8211; Regras para Conduta<\/a><\/li><li class=\"wp-block-pages-list__item\"><a class=\"wp-block-pages-list__item__link\" href=\"https:\/\/bibliapresente.com\/postagens\/livros-da-biblia\/deuteronomio\/deuteronomio-23\/\">Deuteron\u00f4mio 23 &#8211; Leis da Congrega\u00e7\u00e3o<\/a><\/li><li class=\"wp-block-pages-list__item\"><a class=\"wp-block-pages-list__item__link\" href=\"https:\/\/bibliapresente.com\/postagens\/livros-da-biblia\/deuteronomio\/deuteronomio-24\/\">Deuteron\u00f4mio 24 &#8211; Fam\u00edlia e Justi\u00e7a Social<\/a><\/li><li class=\"wp-block-pages-list__item\"><a class=\"wp-block-pages-list__item__link\" href=\"https:\/\/bibliapresente.com\/postagens\/livros-da-biblia\/deuteronomio\/deuteronomio-25\/\">Deuteron\u00f4mio 25 &#8211; Leis sobre Retalia\u00e7\u00e3o<\/a><\/li><li class=\"wp-block-pages-list__item\"><a class=\"wp-block-pages-list__item__link\" href=\"https:\/\/bibliapresente.com\/postagens\/livros-da-biblia\/deuteronomio\/deuteronomio-26\/\">Deuteron\u00f4mio 26 &#8211; A Fidelidade a Deus<\/a><\/li><li class=\"wp-block-pages-list__item\"><a class=\"wp-block-pages-list__item__link\" href=\"https:\/\/bibliapresente.com\/postagens\/livros-da-biblia\/deuteronomio\/deuteronomio-27\/\">Deuteron\u00f4mio 27 &#8211; Maldi\u00e7\u00f5es no Monte Ebal<\/a><\/li><li class=\"wp-block-pages-list__item\"><a class=\"wp-block-pages-list__item__link\" href=\"https:\/\/bibliapresente.com\/postagens\/livros-da-biblia\/deuteronomio\/deuteronomio-28\/\">Deuteron\u00f4mio 28 &#8211; Sobre a Alian\u00e7a<\/a><\/li><li class=\"wp-block-pages-list__item\"><a class=\"wp-block-pages-list__item__link\" href=\"https:\/\/bibliapresente.com\/postagens\/livros-da-biblia\/deuteronomio\/deuteronomio-29\/\">Deuteron\u00f4mio 29 &#8211; Renova\u00e7\u00e3o da Alian\u00e7a<\/a><\/li><li class=\"wp-block-pages-list__item\"><a class=\"wp-block-pages-list__item__link\" href=\"https:\/\/bibliapresente.com\/postagens\/livros-da-biblia\/deuteronomio\/deuteronomio-30\/\">Deuteron\u00f4mio 30 &#8211; Promessa de Restaura\u00e7\u00e3o<\/a><\/li><li class=\"wp-block-pages-list__item\"><a class=\"wp-block-pages-list__item__link\" href=\"https:\/\/bibliapresente.com\/postagens\/livros-da-biblia\/deuteronomio\/deuteronomio-31\/\">Deuteron\u00f4mio 31 &#8211; Mois\u00e9s Prepara Josu\u00e9<\/a><\/li><li class=\"wp-block-pages-list__item\"><a class=\"wp-block-pages-list__item__link\" href=\"https:\/\/bibliapresente.com\/postagens\/livros-da-biblia\/deuteronomio\/deuteronomio-32\/\">Deuteron\u00f4mio 32 &#8211; O C\u00e2ntico de Mois\u00e9s<\/a><\/li><li class=\"wp-block-pages-list__item\"><a class=\"wp-block-pages-list__item__link\" href=\"https:\/\/bibliapresente.com\/postagens\/livros-da-biblia\/deuteronomio\/deuteronomio-33\/\">Deuteron\u00f4mio 33 &#8211; B\u00ean\u00e7\u00e3os de Mois\u00e9s<\/a><\/li><li class=\"wp-block-pages-list__item\"><a class=\"wp-block-pages-list__item__link\" href=\"https:\/\/bibliapresente.com\/postagens\/livros-da-biblia\/deuteronomio\/deuteronomio-34\/\">Deuteron\u00f4mio 34 &#8211; A Morte de Mois\u00e9s<\/a><\/li><\/ul>\n\n\n<p><\/p>\n","protected":false},"excerpt":{"rendered":"<p>1 Quando houver pleito entre alguns, e vierem a ju\u00edzo, e os julgarem, e absolverem ao justo e condenarem ao in\u00edquo, 2 Ser\u00e1 que, se o delinquente merecer ser a\u00e7oitado, ent\u00e3o o juiz o far\u00e1 lan\u00e7ar em terra, e o far\u00e1 a\u00e7oitar diante de si, segundo seu delito, por conta. 3 Far\u00e1 lhe dar quarenta &hellip; <\/p>\n","protected":false},"author":2,"featured_media":848,"parent":847,"menu_order":25,"comment_status":"closed","ping_status":"closed","template":"","meta":{"om_disable_all_campaigns":false,"_monsterinsights_skip_tracking":false,"_monsterinsights_sitenote_active":false,"_monsterinsights_sitenote_note":"","_monsterinsights_sitenote_category":0,"footnotes":""},"class_list":["post-898","page","type-page","status-publish","has-post-thumbnail","hentry"],"aioseo_notices":[],"_links":{"self":[{"href":"https:\/\/bibliapresente.com\/postagens\/wp-json\/wp\/v2\/pages\/898","targetHints":{"allow":["GET"]}}],"collection":[{"href":"https:\/\/bibliapresente.com\/postagens\/wp-json\/wp\/v2\/pages"}],"about":[{"href":"https:\/\/bibliapresente.com\/postagens\/wp-json\/wp\/v2\/types\/page"}],"author":[{"embeddable":true,"href":"https:\/\/bibliapresente.com\/postagens\/wp-json\/wp\/v2\/users\/2"}],"replies":[{"embeddable":true,"href":"https:\/\/bibliapresente.com\/postagens\/wp-json\/wp\/v2\/comments?post=898"}],"version-history":[{"count":5,"href":"https:\/\/bibliapresente.com\/postagens\/wp-json\/wp\/v2\/pages\/898\/revisions"}],"predecessor-version":[{"id":1577,"href":"https:\/\/bibliapresente.com\/postagens\/wp-json\/wp\/v2\/pages\/898\/revisions\/1577"}],"up":[{"embeddable":true,"href":"https:\/\/bibliapresente.com\/postagens\/wp-json\/wp\/v2\/pages\/847"}],"wp:featuredmedia":[{"embeddable":true,"href":"https:\/\/bibliapresente.com\/postagens\/wp-json\/wp\/v2\/media\/848"}],"wp:attachment":[{"href":"https:\/\/bibliapresente.com\/postagens\/wp-json\/wp\/v2\/media?parent=898"}],"curies":[{"name":"wp","href":"https:\/\/api.w.org\/{rel}","templated":true}]}}