{"id":896,"date":"2025-02-07T15:50:59","date_gmt":"2025-02-07T18:50:59","guid":{"rendered":"https:\/\/bibliapresente.com\/postagens\/?page_id=896"},"modified":"2025-02-07T15:51:00","modified_gmt":"2025-02-07T18:51:00","slug":"deuteronomio-24","status":"publish","type":"page","link":"https:\/\/bibliapresente.com\/postagens\/livros-da-biblia\/deuteronomio\/deuteronomio-24\/","title":{"rendered":"Deuteron\u00f4mio 24 &#8211; Fam\u00edlia e Justi\u00e7a Social"},"content":{"rendered":"\n<p class=\"has-medium-font-size\" style=\"letter-spacing:1px\"><span><span><sup><b>1<\/b><\/sup><\/span> Quando algum tomar mulher e se casar com ela, se n\u00e3o lhe agradar por haver achado nela alguma coisa ofensiva, lhe escrever\u00e1 carta de div\u00f3rcio, e a entregar\u00e1 em sua m\u00e3o, e a despedir\u00e1 de sua casa. <br><span><sup><b>2<\/b><\/sup><\/span> E sa\u00edda de sua casa, poder\u00e1 ir e casar-se com outro homem. <br><span><sup><b>3<\/b><\/sup><\/span> E se a aborrecer este \u00faltimo, e lhe escrever carta de div\u00f3rcio, e a entregar em sua m\u00e3o, e a despedir de sua casa. Ou se morrer o posterior homem que a tomou para si por mulher, <br><span><sup><b>4<\/b><\/sup><\/span> N\u00e3o poder\u00e1 seu primeiro marido, que a despediu, traz\u00ea-la de volta a tomar para que seja sua mulher, depois que foi contaminada. Porque \u00e9 abomina\u00e7\u00e3o diante do SENHOR, e n\u00e3o h\u00e1s de perverter a terra que o SENHOR teu Deus te d\u00e1 por heran\u00e7a. <br><span><sup><b>5<\/b><\/sup><\/span> Quando tomar algu\u00e9m mulher nova, n\u00e3o sair\u00e1 \u00e0 guerra, nem em nenhuma coisa se lhe ocupar\u00e1. Livre estar\u00e1 em sua casa por ano, para alegrar \u00e0 sua mulher que tomou. <br><span><sup><b>6<\/b><\/sup><\/span> N\u00e3o tomar\u00e1s em penhor a pedra de moinho, nem a de baixo nem a de cima: porque seria penhorar a vida. <br><span><sup><b>7<\/b><\/sup><\/span> Quando for achado algu\u00e9m que tenha furtado pessoa de seus irm\u00e3os os filhos de Israel, e houver comercializado com ela, ou a houver vendido, o tal ladr\u00e3o morrer\u00e1, e tirar\u00e1s o mal do meio de ti. <br><span><sup><b>8<\/b><\/sup><\/span> Guarda-te de chaga de lepra, observando com empenho, e fazendo segundo tudo o que vos ensinarem os sacerdotes levitas: cuidareis de fazer como lhes mandei. <br><span><sup><b>9<\/b><\/sup><\/span> Lembra-te do que fez o SENHOR teu Deus a Miri\u00e3 no caminho, depois que sa\u00edstes do Egito. <br><span><sup><b>10<\/b><\/sup><\/span> Quando deres a teu pr\u00f3ximo alguma coisa emprestada, n\u00e3o entrar\u00e1s em sua casa para tomar-lhe penhor: <br><span><sup><b>11<\/b><\/sup><\/span> Fora estar\u00e1s, e o homem a quem emprestaste, te tirar\u00e1 fora o penhor. <br><span><sup><b>12<\/b><\/sup><\/span> E se for homem pobre, n\u00e3o durmas com seu penhor: <br><span><sup><b>13<\/b><\/sup><\/span> Precisamente lhe devolver\u00e1s o penhor quando o sol se ponha, para que durma em sua roupa, e te bendiga: e te ser\u00e1 justi\u00e7a diante do SENHOR teu Deus. <br><span><sup><b>14<\/b><\/sup><\/span> N\u00e3o fa\u00e7as injusti\u00e7a ao empregado pobre e necessitado, tanto de teus irm\u00e3os como de teus estrangeiros que est\u00e3o em tua terra em tuas cidades: <br><span><sup><b>15<\/b><\/sup><\/span> Em seu dia lhe dar\u00e1s seu sal\u00e1rio, e n\u00e3o se por\u00e1 o sol sem o dar a ele. Pois \u00e9 pobre, e com ele sustenta sua vida. Para que n\u00e3o clame contra ti ao SENHOR, e seja em ti pecado. <br><span><sup><b>16<\/b><\/sup><\/span> Os pais n\u00e3o morrer\u00e3o pelos filhos, nem os filhos pelos pais; cada um morrer\u00e1 por seu pecado. <br><span><sup><b>17<\/b><\/sup><\/span> N\u00e3o distorcer\u00e1s o direito do peregrino e do \u00f3rf\u00e3o; nem tomar\u00e1s por penhor a roupa da vi\u00fava: <br><span><sup><b>18<\/b><\/sup><\/span> Mas lembra-te que foste servo no Egito, e dali te resgatou o SENHOR teu Deus. Portanto, eu te mando que fa\u00e7as isto. <br><span><sup><b>19<\/b><\/sup><\/span> Quando colheres tua planta\u00e7\u00e3o em teu campo, e esqueceres algum feixe no campo, n\u00e3o voltar\u00e1s a tom\u00e1-lo. Para o estrangeiro, para o \u00f3rf\u00e3o, e para a vi\u00fava ser\u00e1. Para que te aben\u00e7oe o SENHOR teu Deus em toda obra de tuas m\u00e3os. <br><span><sup><b>20<\/b><\/sup><\/span> Quando sacudires tuas olivas, n\u00e3o recorrer\u00e1s os ramos atr\u00e1s de ti. Para o estrangeiro, para o \u00f3rf\u00e3o, e para a vi\u00fava ser\u00e1. <br><span><sup><b>21<\/b><\/sup><\/span> Quando vindimares tua vinha, n\u00e3o coletar\u00e1s os restos de atr\u00e1s de ti: para o estrangeiro, para o \u00f3rf\u00e3o, e para a vi\u00fava ser\u00e1. <br><span><sup><b>22<\/b><\/sup><\/span> E lembra-te que foste servo na terra do Egito: portanto, eu te mando que fa\u00e7as isto.<\/span><\/p>\n\n\n\n<div class=\"wp-block-columns is-layout-flex wp-container-core-columns-is-layout-9d6595d7 wp-block-columns-is-layout-flex\">\n<div class=\"wp-block-column is-layout-flow wp-block-column-is-layout-flow\">\n<p><a href=\"\/deuteronomio-23\" title=\"\">Deuteron\u00f4mio 23<\/a><\/p>\n<\/div>\n\n\n\n<div class=\"wp-block-column is-layout-flow wp-block-column-is-layout-flow\">\n<p class=\"has-text-align-right\"><a href=\"\/deuteronomio-3\" title=\"\"><\/a><a href=\"\/deuteronomio-25\" title=\"\">Deuteron\u00f4mio 25<\/a><\/p>\n<\/div>\n<\/div>\n\n\n\n<h2 class=\"wp-block-heading\">Descri\u00e7\u00e3o &#8211; Deuteron\u00f4mio 24<\/h2>\n\n\n\n<p class=\"has-medium-font-size\">Deuteron\u00f4mio 24 aborda diversas leis relacionadas \u00e0 justi\u00e7a, \u00e0 moralidade e ao tratamento dos outros. O cap\u00edtulo trata de temas como o div\u00f3rcio e a obriga\u00e7\u00e3o de proteger a esposa. E tamb\u00e9m o direito da mulher ao sustento ap\u00f3s o t\u00e9rmino do casamento. Al\u00e9m disso, define normas sobre empr\u00e9stimos, principalmente no que diz respeito \u00e0 justi\u00e7a nas transa\u00e7\u00f5es financeiras e \u00e0 prote\u00e7\u00e3o dos pobres. O texto tamb\u00e9m destaca a import\u00e2ncia da integridade em rela\u00e7\u00e3o ao trabalho e \u00e0 remunera\u00e7\u00e3o. Al\u00e9m de regras sobre a colheita e o tratamento de estrangeiros, vi\u00favas e \u00f3rf\u00e3os. O cap\u00edtulo reafirma o compromisso com a justi\u00e7a e a compaix\u00e3o divina.<\/p>\n\n\n\n<h3 class=\"wp-block-heading\">Livro do Deuteron\u00f4mio:<\/h3>\n\n\n<ul class=\"wp-block-page-list\"><li class=\"wp-block-pages-list__item\"><a class=\"wp-block-pages-list__item__link\" href=\"https:\/\/bibliapresente.com\/postagens\/livros-da-biblia\/deuteronomio\/deuteronomio-1\/\">Deuteron\u00f4mio 1 &#8211; A Jornada no Deserto<\/a><\/li><li class=\"wp-block-pages-list__item\"><a class=\"wp-block-pages-list__item__link\" href=\"https:\/\/bibliapresente.com\/postagens\/livros-da-biblia\/deuteronomio\/deuteronomio-2\/\">Deuteron\u00f4mio 2 &#8211; Vit\u00f3rias em Seom e Ogue<\/a><\/li><li class=\"wp-block-pages-list__item\"><a class=\"wp-block-pages-list__item__link\" href=\"https:\/\/bibliapresente.com\/postagens\/livros-da-biblia\/deuteronomio\/deuteronomio-3\/\">Deuteron\u00f4mio 3 &#8211; Revis\u00e3o das Conquistas<\/a><\/li><li class=\"wp-block-pages-list__item\"><a class=\"wp-block-pages-list__item__link\" href=\"https:\/\/bibliapresente.com\/postagens\/livros-da-biblia\/deuteronomio\/deuteronomio-4\/\">Deuteron\u00f4mio 4 &#8211; Advert\u00eancias<\/a><\/li><li class=\"wp-block-pages-list__item\"><a class=\"wp-block-pages-list__item__link\" href=\"https:\/\/bibliapresente.com\/postagens\/livros-da-biblia\/deuteronomio\/deuteronomio-5\/\">Deuteron\u00f4mio 5 &#8211; Os Dez Mandamentos<\/a><\/li><li class=\"wp-block-pages-list__item\"><a class=\"wp-block-pages-list__item__link\" href=\"https:\/\/bibliapresente.com\/postagens\/livros-da-biblia\/deuteronomio\/deuteronomio-6\/\">Deuteron\u00f4mio 6 &#8211; Mandamento: Amar a Deus<\/a><\/li><li class=\"wp-block-pages-list__item\"><a class=\"wp-block-pages-list__item__link\" href=\"https:\/\/bibliapresente.com\/postagens\/livros-da-biblia\/deuteronomio\/deuteronomio-7\/\">Deuteron\u00f4mio 7 &#8211; Israel, o Povo Escolhido<\/a><\/li><li class=\"wp-block-pages-list__item\"><a class=\"wp-block-pages-list__item__link\" href=\"https:\/\/bibliapresente.com\/postagens\/livros-da-biblia\/deuteronomio\/deuteronomio-8\/\">Deuteron\u00f4mio 8 &#8211; Guardar os Mandamentos<\/a><\/li><li class=\"wp-block-pages-list__item\"><a class=\"wp-block-pages-list__item__link\" href=\"https:\/\/bibliapresente.com\/postagens\/livros-da-biblia\/deuteronomio\/deuteronomio-9\/\">Deuteron\u00f4mio 9 &#8211; Rebeli\u00f5es de Israel<\/a><\/li><li class=\"wp-block-pages-list__item\"><a class=\"wp-block-pages-list__item__link\" href=\"https:\/\/bibliapresente.com\/postagens\/livros-da-biblia\/deuteronomio\/deuteronomio-10\/\">Deuteron\u00f4mio 10 &#8211; A Arca da Alian\u00e7a<\/a><\/li><li class=\"wp-block-pages-list__item\"><a class=\"wp-block-pages-list__item__link\" href=\"https:\/\/bibliapresente.com\/postagens\/livros-da-biblia\/deuteronomio\/deuteronomio-11\/\">Deuteron\u00f4mio 11 &#8211; B\u00ean\u00e7\u00e3os da Obedi\u00eancia<\/a><\/li><li class=\"wp-block-pages-list__item\"><a class=\"wp-block-pages-list__item__link\" href=\"https:\/\/bibliapresente.com\/postagens\/livros-da-biblia\/deuteronomio\/deuteronomio-12\/\">Deuteron\u00f4mio 12 &#8211; O Lugar de Adora\u00e7\u00e3o<\/a><\/li><li class=\"wp-block-pages-list__item\"><a class=\"wp-block-pages-list__item__link\" href=\"https:\/\/bibliapresente.com\/postagens\/livros-da-biblia\/deuteronomio\/deuteronomio-13\/\">Deuteron\u00f4mio 13 &#8211; Contra Falsos Profetas<\/a><\/li><li class=\"wp-block-pages-list__item\"><a class=\"wp-block-pages-list__item__link\" href=\"https:\/\/bibliapresente.com\/postagens\/livros-da-biblia\/deuteronomio\/deuteronomio-14\/\">Deuteron\u00f4mio 14 &#8211; Alimentos e D\u00edzimo<\/a><\/li><li class=\"wp-block-pages-list__item\"><a class=\"wp-block-pages-list__item__link\" href=\"https:\/\/bibliapresente.com\/postagens\/livros-da-biblia\/deuteronomio\/deuteronomio-15\/\">Deuteron\u00f4mio 15 &#8211; O Ano da Remiss\u00e3o<\/a><\/li><li class=\"wp-block-pages-list__item\"><a class=\"wp-block-pages-list__item__link\" href=\"https:\/\/bibliapresente.com\/postagens\/livros-da-biblia\/deuteronomio\/deuteronomio-16\/\">Deuteron\u00f4mio 16 &#8211; As Festas Anuais<\/a><\/li><li class=\"wp-block-pages-list__item\"><a class=\"wp-block-pages-list__item__link\" href=\"https:\/\/bibliapresente.com\/postagens\/livros-da-biblia\/deuteronomio\/deuteronomio-17\/\">Deuteron\u00f4mio 17 &#8211; Reis e Sacerdotes<\/a><\/li><li class=\"wp-block-pages-list__item\"><a class=\"wp-block-pages-list__item__link\" href=\"https:\/\/bibliapresente.com\/postagens\/livros-da-biblia\/deuteronomio\/deuteronomio-18\/\">Deuteron\u00f4mio 18 &#8211; Direitos dos Sacerdotes<\/a><\/li><li class=\"wp-block-pages-list__item\"><a class=\"wp-block-pages-list__item__link\" href=\"https:\/\/bibliapresente.com\/postagens\/livros-da-biblia\/deuteronomio\/deuteronomio-19\/\">Deuteron\u00f4mio 19 &#8211; Ref\u00fagio e Testemunhas<\/a><\/li><li class=\"wp-block-pages-list__item\"><a class=\"wp-block-pages-list__item__link\" href=\"https:\/\/bibliapresente.com\/postagens\/livros-da-biblia\/deuteronomio\/deuteronomio-20\/\">Deuteron\u00f4mio 20 &#8211; Leis para a Guerra<\/a><\/li><li class=\"wp-block-pages-list__item\"><a class=\"wp-block-pages-list__item__link\" href=\"https:\/\/bibliapresente.com\/postagens\/livros-da-biblia\/deuteronomio\/deuteronomio-21\/\">Deuteron\u00f4mio 21 &#8211; Leis para a Justi\u00e7a<\/a><\/li><li class=\"wp-block-pages-list__item\"><a class=\"wp-block-pages-list__item__link\" href=\"https:\/\/bibliapresente.com\/postagens\/livros-da-biblia\/deuteronomio\/deuteronomio-22\/\">Deuteron\u00f4mio 22 &#8211; Regras para Conduta<\/a><\/li><li class=\"wp-block-pages-list__item\"><a class=\"wp-block-pages-list__item__link\" href=\"https:\/\/bibliapresente.com\/postagens\/livros-da-biblia\/deuteronomio\/deuteronomio-23\/\">Deuteron\u00f4mio 23 &#8211; Leis da Congrega\u00e7\u00e3o<\/a><\/li><li class=\"wp-block-pages-list__item\"><a class=\"wp-block-pages-list__item__link\" href=\"https:\/\/bibliapresente.com\/postagens\/livros-da-biblia\/deuteronomio\/deuteronomio-24\/\">Deuteron\u00f4mio 24 &#8211; Fam\u00edlia e Justi\u00e7a Social<\/a><\/li><li class=\"wp-block-pages-list__item\"><a class=\"wp-block-pages-list__item__link\" href=\"https:\/\/bibliapresente.com\/postagens\/livros-da-biblia\/deuteronomio\/deuteronomio-25\/\">Deuteron\u00f4mio 25 &#8211; Leis sobre Retalia\u00e7\u00e3o<\/a><\/li><li class=\"wp-block-pages-list__item\"><a class=\"wp-block-pages-list__item__link\" href=\"https:\/\/bibliapresente.com\/postagens\/livros-da-biblia\/deuteronomio\/deuteronomio-26\/\">Deuteron\u00f4mio 26 &#8211; A Fidelidade a Deus<\/a><\/li><li class=\"wp-block-pages-list__item\"><a class=\"wp-block-pages-list__item__link\" href=\"https:\/\/bibliapresente.com\/postagens\/livros-da-biblia\/deuteronomio\/deuteronomio-27\/\">Deuteron\u00f4mio 27 &#8211; Maldi\u00e7\u00f5es no Monte Ebal<\/a><\/li><li class=\"wp-block-pages-list__item\"><a class=\"wp-block-pages-list__item__link\" href=\"https:\/\/bibliapresente.com\/postagens\/livros-da-biblia\/deuteronomio\/deuteronomio-28\/\">Deuteron\u00f4mio 28 &#8211; Sobre a Alian\u00e7a<\/a><\/li><li class=\"wp-block-pages-list__item\"><a class=\"wp-block-pages-list__item__link\" href=\"https:\/\/bibliapresente.com\/postagens\/livros-da-biblia\/deuteronomio\/deuteronomio-29\/\">Deuteron\u00f4mio 29 &#8211; Renova\u00e7\u00e3o da Alian\u00e7a<\/a><\/li><li class=\"wp-block-pages-list__item\"><a class=\"wp-block-pages-list__item__link\" href=\"https:\/\/bibliapresente.com\/postagens\/livros-da-biblia\/deuteronomio\/deuteronomio-30\/\">Deuteron\u00f4mio 30 &#8211; Promessa de Restaura\u00e7\u00e3o<\/a><\/li><li class=\"wp-block-pages-list__item\"><a class=\"wp-block-pages-list__item__link\" href=\"https:\/\/bibliapresente.com\/postagens\/livros-da-biblia\/deuteronomio\/deuteronomio-31\/\">Deuteron\u00f4mio 31 &#8211; Mois\u00e9s Prepara Josu\u00e9<\/a><\/li><li class=\"wp-block-pages-list__item\"><a class=\"wp-block-pages-list__item__link\" href=\"https:\/\/bibliapresente.com\/postagens\/livros-da-biblia\/deuteronomio\/deuteronomio-32\/\">Deuteron\u00f4mio 32 &#8211; O C\u00e2ntico de Mois\u00e9s<\/a><\/li><li class=\"wp-block-pages-list__item\"><a class=\"wp-block-pages-list__item__link\" href=\"https:\/\/bibliapresente.com\/postagens\/livros-da-biblia\/deuteronomio\/deuteronomio-33\/\">Deuteron\u00f4mio 33 &#8211; B\u00ean\u00e7\u00e3os de Mois\u00e9s<\/a><\/li><li class=\"wp-block-pages-list__item\"><a class=\"wp-block-pages-list__item__link\" href=\"https:\/\/bibliapresente.com\/postagens\/livros-da-biblia\/deuteronomio\/deuteronomio-34\/\">Deuteron\u00f4mio 34 &#8211; A Morte de Mois\u00e9s<\/a><\/li><\/ul>\n\n\n<p><\/p>\n","protected":false},"excerpt":{"rendered":"<p>1 Quando algum tomar mulher e se casar com ela, se n\u00e3o lhe agradar por haver achado nela alguma coisa ofensiva, lhe escrever\u00e1 carta de div\u00f3rcio, e a entregar\u00e1 em sua m\u00e3o, e a despedir\u00e1 de sua casa. 2 E sa\u00edda de sua casa, poder\u00e1 ir e casar-se com outro homem. 3 E se a &hellip; <\/p>\n","protected":false},"author":2,"featured_media":848,"parent":847,"menu_order":24,"comment_status":"closed","ping_status":"closed","template":"","meta":{"om_disable_all_campaigns":false,"_monsterinsights_skip_tracking":false,"_monsterinsights_sitenote_active":false,"_monsterinsights_sitenote_note":"","_monsterinsights_sitenote_category":0,"footnotes":""},"class_list":["post-896","page","type-page","status-publish","has-post-thumbnail","hentry"],"aioseo_notices":[],"_links":{"self":[{"href":"https:\/\/bibliapresente.com\/postagens\/wp-json\/wp\/v2\/pages\/896","targetHints":{"allow":["GET"]}}],"collection":[{"href":"https:\/\/bibliapresente.com\/postagens\/wp-json\/wp\/v2\/pages"}],"about":[{"href":"https:\/\/bibliapresente.com\/postagens\/wp-json\/wp\/v2\/types\/page"}],"author":[{"embeddable":true,"href":"https:\/\/bibliapresente.com\/postagens\/wp-json\/wp\/v2\/users\/2"}],"replies":[{"embeddable":true,"href":"https:\/\/bibliapresente.com\/postagens\/wp-json\/wp\/v2\/comments?post=896"}],"version-history":[{"count":5,"href":"https:\/\/bibliapresente.com\/postagens\/wp-json\/wp\/v2\/pages\/896\/revisions"}],"predecessor-version":[{"id":1576,"href":"https:\/\/bibliapresente.com\/postagens\/wp-json\/wp\/v2\/pages\/896\/revisions\/1576"}],"up":[{"embeddable":true,"href":"https:\/\/bibliapresente.com\/postagens\/wp-json\/wp\/v2\/pages\/847"}],"wp:featuredmedia":[{"embeddable":true,"href":"https:\/\/bibliapresente.com\/postagens\/wp-json\/wp\/v2\/media\/848"}],"wp:attachment":[{"href":"https:\/\/bibliapresente.com\/postagens\/wp-json\/wp\/v2\/media?parent=896"}],"curies":[{"name":"wp","href":"https:\/\/api.w.org\/{rel}","templated":true}]}}