{"id":892,"date":"2025-02-07T15:42:45","date_gmt":"2025-02-07T18:42:45","guid":{"rendered":"https:\/\/bibliapresente.com\/postagens\/?page_id=892"},"modified":"2025-02-07T15:42:45","modified_gmt":"2025-02-07T18:42:45","slug":"deuteronomio-22","status":"publish","type":"page","link":"https:\/\/bibliapresente.com\/postagens\/livros-da-biblia\/deuteronomio\/deuteronomio-22\/","title":{"rendered":"Deuteron\u00f4mio 22 &#8211; Regras para Conduta"},"content":{"rendered":"\n<p class=\"has-medium-font-size\" style=\"letter-spacing:1px\"><span><span><sup><b>1<\/b><\/sup><\/span> N\u00e3o ver\u00e1s o boi de teu irm\u00e3o, ou seu cordeiro, perdidos, e te retirar\u00e1s deles: precisamente os devolver\u00e1s a teu irm\u00e3o. <br><span><sup><b>2<\/b><\/sup><\/span> E se teu irm\u00e3o n\u00e3o for teu vizinho, ou n\u00e3o lhe conheceres, os recolher\u00e1s em tua casa, e estar\u00e3o contigo at\u00e9 que teu irm\u00e3o os busque, e os devolver\u00e1s a ele. <br><span><sup><b>3<\/b><\/sup><\/span> E assim far\u00e1s de seu asno, assim far\u00e1s tamb\u00e9m de sua roupa, e o mesmo far\u00e1s com toda coisa perdida de teu irm\u00e3o que se lhe perder, e tu a achares: n\u00e3o poder\u00e1s te omitir quanto a isso. <br><span><sup><b>4<\/b><\/sup><\/span> N\u00e3o ver\u00e1s o asno de teu irm\u00e3o, ou seu boi, ca\u00eddos no caminho, e te esconder\u00e1s deles: com ele h\u00e1s de procurar levant\u00e1-los. <br><span><sup><b>5<\/b><\/sup><\/span> N\u00e3o vestir\u00e1 a mulher roupa de homem, nem o homem vestir\u00e1 roupa de mulher; porque abomina\u00e7\u00e3o \u00e9 ao SENHOR teu Deus qualquer um que isto faz. <br><span><sup><b>6<\/b><\/sup><\/span> Quando achares no caminho algum ninho de ave em qualquer \u00e1rvore, ou sobre a terra, com passarinhos ou ovos, e estiver a m\u00e3e reclinada sobre os passarinhos ou sobre os ovos, n\u00e3o tomes a m\u00e3e com os filhos: <br><span><sup><b>7<\/b><\/sup><\/span> Deixar\u00e1s ir \u00e0 m\u00e3e, e tomar\u00e1s os passarinhos para ti; para que te v\u00e1 bem, e prolongues teus dias. <br><span><sup><b>8<\/b><\/sup><\/span> Quando edificares casa nova, far\u00e1s parapeito em teu terra\u00e7o, para que n\u00e3o ponhas sangue em tua casa, se dele cair algu\u00e9m. <br><span><sup><b>9<\/b><\/sup><\/span> N\u00e3o semear\u00e1s tua vinha de v\u00e1rias sementes, para que n\u00e3o se deprave a plenitude da semente que semeaste, e o fruto da vinha. <br><span><sup><b>10<\/b><\/sup><\/span> N\u00e3o arar\u00e1s com boi e com asno juntamente. <br><span><sup><b>11<\/b><\/sup><\/span> N\u00e3o te vestir\u00e1s de mistura, de l\u00e3 e linho juntamente. <br><span><sup><b>12<\/b><\/sup><\/span> Far\u00e1s para ti franjas nos quatro extremos de teu manto com que te cobrires. <br><span><sup><b>13<\/b><\/sup><\/span> Quando algu\u00e9m tomar mulher, e depois de haver entrado a ela a aborrecer, <br><span><sup><b>14<\/b><\/sup><\/span> E lhe puser algumas faltas, e espalhar sobre ela m\u00e1 fama, e disser: Esta tomei por mulher, e cheguei a ela, e n\u00e3o a achei virgem; <br><span><sup><b>15<\/b><\/sup><\/span> Ent\u00e3o o pai da mo\u00e7a e sua m\u00e3e tomar\u00e3o, e tirar\u00e3o os sinais da virgindade da virgem aos anci\u00e3os da cidade, na porta. <br><span><sup><b>16<\/b><\/sup><\/span> E dir\u00e1 o pai da mo\u00e7a aos anci\u00e3os: Eu dei minha filha a este homem por mulher, e ele a aborrece; <br><span><sup><b>17<\/b><\/sup><\/span> E, eis que, ele lhe p\u00f5e acusa\u00e7\u00f5es de algumas coisas, dizendo: N\u00e3o achei tua filha virgem; por\u00e9m, eis aqui os sinais da virgindade de minha filha. E estender\u00e3o o len\u00e7ol diante dos anci\u00e3os da cidade. <br><span><sup><b>18<\/b><\/sup><\/span> Ent\u00e3o os anci\u00e3os da cidade tomar\u00e3o ao homem e o castigar\u00e3o; <br><span><sup><b>19<\/b><\/sup><\/span> E lhe h\u00e3o de impor pena em cem pe\u00e7as de prata, as quais dar\u00e3o ao pai da mo\u00e7a, porquanto espalhou m\u00e1 fama sobre virgem de Israel: e a h\u00e1 de ter por mulher, e n\u00e3o poder\u00e1 despedi-la em todos os seus dias. <br><span><sup><b>20<\/b><\/sup><\/span> Mas se este neg\u00f3cio foi verdade, que n\u00e3o se houver achado virgindade na mo\u00e7a, <br><span><sup><b>21<\/b><\/sup><\/span> Ent\u00e3o a tirar\u00e3o \u00e0 porta da casa de seu pai, e a apedrejar\u00e3o com pedras os homens de sua cidade, e morrer\u00e1; porquanto fez deprava\u00e7\u00e3o em Israel prostituindo-se em casa de seu pai: assim tirar\u00e1s o mal do meio de ti. <br><span><sup><b>22<\/b><\/sup><\/span> Quando se surpreender algu\u00e9m deitado com mulher casada com marido, ambos morrer\u00e3o, o homem que se deitou com a mulher, e a mulher: assim tirar\u00e1s o mal de Israel. <br><span><sup><b>23<\/b><\/sup><\/span> Quando for mo\u00e7a virgem desposada com algu\u00e9m, e algu\u00e9m a achar na cidade, e se deixar com ela; <br><span><sup><b>24<\/b><\/sup><\/span> Ent\u00e3o os tirareis a ambos \u00e0 porta daquela cidade, e os apedrejareis com pedras, e morrer\u00e3o; a mo\u00e7a porque n\u00e3o gritou na cidade, e o homem porque humilhou \u00e0 mulher de seu pr\u00f3ximo: assim tirar\u00e1s o mal do meio de ti. <br><span><sup><b>25<\/b><\/sup><\/span> Mas se o homem achou uma mo\u00e7a desposada no campo, e ele a agarrar, e se deitar com ela, morrer\u00e1 somente o homem que com ela se houver deitado; <br><span><sup><b>26<\/b><\/sup><\/span> E \u00e0 mo\u00e7a n\u00e3o far\u00e1s nada; n\u00e3o tem a mo\u00e7a culpa de morte: porque como quando algu\u00e9m se levanta contra seu pr\u00f3ximo, e lhe tira a vida, assim \u00e9 isto: <br><span><sup><b>27<\/b><\/sup><\/span> Porque ele a achou no campo: gritou a mo\u00e7a desposada, e n\u00e3o houve quem a protegesse. <br><span><sup><b>28<\/b><\/sup><\/span> Quando algu\u00e9m achar mo\u00e7a virgem, que n\u00e3o for desposada, e a tomar, e se deitar com ela, e forem achados; <br><span><sup><b>29<\/b><\/sup><\/span> Ent\u00e3o o homem que se deitou com ela dar\u00e1 ao pai da mo\u00e7a cinquenta pe\u00e7as de prata, e ela ser\u00e1 sua mulher, porquanto a humilhou: n\u00e3o a poder\u00e1 despedir em todos os seus dias. <br><span><sup><b>30<\/b><\/sup><\/span> N\u00e3o tomar\u00e1 algu\u00e9m a mulher de seu pai, nem descobrir\u00e1 o colo de seu pai.<\/span><\/p>\n\n\n\n<div class=\"wp-block-columns is-layout-flex wp-container-core-columns-is-layout-9d6595d7 wp-block-columns-is-layout-flex\">\n<div class=\"wp-block-column is-layout-flow wp-block-column-is-layout-flow\">\n<p><a href=\"\/deuteronomio-21\" title=\"\">Deuteron\u00f4mio 21<\/a><\/p>\n<\/div>\n\n\n\n<div class=\"wp-block-column is-layout-flow wp-block-column-is-layout-flow\">\n<p class=\"has-text-align-right\"><a href=\"\/deuteronomio-3\" title=\"\"><\/a><a href=\"\/deuteronomio-23\" title=\"\">Deuteron\u00f4mio 23<\/a><\/p>\n<\/div>\n<\/div>\n\n\n\n<h2 class=\"wp-block-heading\">Descri\u00e7\u00e3o &#8211; Deuteron\u00f4mio 22<\/h2>\n\n\n\n<p class=\"has-medium-font-size\">Deuteron\u00f4mio 22 estabelece diversas leis sobre comportamento \u00e9tico e social, abordando quest\u00f5es de moralidade, respeito \u00e0 vida e \u00e0 propriedade. O cap\u00edtulo trata do cuidado com o pr\u00f3ximo, como o retorno de bens perdidos, e normas sobre casamento e pureza sexual. H\u00e1 tamb\u00e9m orienta\u00e7\u00f5es sobre como lidar com acusa\u00e7\u00f5es de impureza e a puni\u00e7\u00e3o adequada para comportamentos como adult\u00e9rio e viola\u00e7\u00e3o de normas de honra. As leis visam preservar a justi\u00e7a e a ordem dentro da comunidade de Israel, promovendo uma sociedade justa e obediente aos preceitos de Deus, com \u00eanfase no respeito m\u00fatuo e na integridade.<\/p>\n\n\n\n<h3 class=\"wp-block-heading\">Livro do Deuteron\u00f4mio:<\/h3>\n\n\n<ul class=\"wp-block-page-list\"><li class=\"wp-block-pages-list__item\"><a class=\"wp-block-pages-list__item__link\" href=\"https:\/\/bibliapresente.com\/postagens\/livros-da-biblia\/deuteronomio\/deuteronomio-1\/\">Deuteron\u00f4mio 1 &#8211; A Jornada no Deserto<\/a><\/li><li class=\"wp-block-pages-list__item\"><a class=\"wp-block-pages-list__item__link\" href=\"https:\/\/bibliapresente.com\/postagens\/livros-da-biblia\/deuteronomio\/deuteronomio-2\/\">Deuteron\u00f4mio 2 &#8211; Vit\u00f3rias em Seom e Ogue<\/a><\/li><li class=\"wp-block-pages-list__item\"><a class=\"wp-block-pages-list__item__link\" href=\"https:\/\/bibliapresente.com\/postagens\/livros-da-biblia\/deuteronomio\/deuteronomio-3\/\">Deuteron\u00f4mio 3 &#8211; Revis\u00e3o das Conquistas<\/a><\/li><li class=\"wp-block-pages-list__item\"><a class=\"wp-block-pages-list__item__link\" href=\"https:\/\/bibliapresente.com\/postagens\/livros-da-biblia\/deuteronomio\/deuteronomio-4\/\">Deuteron\u00f4mio 4 &#8211; Advert\u00eancias<\/a><\/li><li class=\"wp-block-pages-list__item\"><a class=\"wp-block-pages-list__item__link\" href=\"https:\/\/bibliapresente.com\/postagens\/livros-da-biblia\/deuteronomio\/deuteronomio-5\/\">Deuteron\u00f4mio 5 &#8211; Os Dez Mandamentos<\/a><\/li><li class=\"wp-block-pages-list__item\"><a class=\"wp-block-pages-list__item__link\" href=\"https:\/\/bibliapresente.com\/postagens\/livros-da-biblia\/deuteronomio\/deuteronomio-6\/\">Deuteron\u00f4mio 6 &#8211; Mandamento: Amar a Deus<\/a><\/li><li class=\"wp-block-pages-list__item\"><a class=\"wp-block-pages-list__item__link\" href=\"https:\/\/bibliapresente.com\/postagens\/livros-da-biblia\/deuteronomio\/deuteronomio-7\/\">Deuteron\u00f4mio 7 &#8211; Israel, o Povo Escolhido<\/a><\/li><li class=\"wp-block-pages-list__item\"><a class=\"wp-block-pages-list__item__link\" href=\"https:\/\/bibliapresente.com\/postagens\/livros-da-biblia\/deuteronomio\/deuteronomio-8\/\">Deuteron\u00f4mio 8 &#8211; Guardar os Mandamentos<\/a><\/li><li class=\"wp-block-pages-list__item\"><a class=\"wp-block-pages-list__item__link\" href=\"https:\/\/bibliapresente.com\/postagens\/livros-da-biblia\/deuteronomio\/deuteronomio-9\/\">Deuteron\u00f4mio 9 &#8211; Rebeli\u00f5es de Israel<\/a><\/li><li class=\"wp-block-pages-list__item\"><a class=\"wp-block-pages-list__item__link\" href=\"https:\/\/bibliapresente.com\/postagens\/livros-da-biblia\/deuteronomio\/deuteronomio-10\/\">Deuteron\u00f4mio 10 &#8211; A Arca da Alian\u00e7a<\/a><\/li><li class=\"wp-block-pages-list__item\"><a class=\"wp-block-pages-list__item__link\" href=\"https:\/\/bibliapresente.com\/postagens\/livros-da-biblia\/deuteronomio\/deuteronomio-11\/\">Deuteron\u00f4mio 11 &#8211; B\u00ean\u00e7\u00e3os da Obedi\u00eancia<\/a><\/li><li class=\"wp-block-pages-list__item\"><a class=\"wp-block-pages-list__item__link\" href=\"https:\/\/bibliapresente.com\/postagens\/livros-da-biblia\/deuteronomio\/deuteronomio-12\/\">Deuteron\u00f4mio 12 &#8211; O Lugar de Adora\u00e7\u00e3o<\/a><\/li><li class=\"wp-block-pages-list__item\"><a class=\"wp-block-pages-list__item__link\" href=\"https:\/\/bibliapresente.com\/postagens\/livros-da-biblia\/deuteronomio\/deuteronomio-13\/\">Deuteron\u00f4mio 13 &#8211; Contra Falsos Profetas<\/a><\/li><li class=\"wp-block-pages-list__item\"><a class=\"wp-block-pages-list__item__link\" href=\"https:\/\/bibliapresente.com\/postagens\/livros-da-biblia\/deuteronomio\/deuteronomio-14\/\">Deuteron\u00f4mio 14 &#8211; Alimentos e D\u00edzimo<\/a><\/li><li class=\"wp-block-pages-list__item\"><a class=\"wp-block-pages-list__item__link\" href=\"https:\/\/bibliapresente.com\/postagens\/livros-da-biblia\/deuteronomio\/deuteronomio-15\/\">Deuteron\u00f4mio 15 &#8211; O Ano da Remiss\u00e3o<\/a><\/li><li class=\"wp-block-pages-list__item\"><a class=\"wp-block-pages-list__item__link\" href=\"https:\/\/bibliapresente.com\/postagens\/livros-da-biblia\/deuteronomio\/deuteronomio-16\/\">Deuteron\u00f4mio 16 &#8211; As Festas Anuais<\/a><\/li><li class=\"wp-block-pages-list__item\"><a class=\"wp-block-pages-list__item__link\" href=\"https:\/\/bibliapresente.com\/postagens\/livros-da-biblia\/deuteronomio\/deuteronomio-17\/\">Deuteron\u00f4mio 17 &#8211; Reis e Sacerdotes<\/a><\/li><li class=\"wp-block-pages-list__item\"><a class=\"wp-block-pages-list__item__link\" href=\"https:\/\/bibliapresente.com\/postagens\/livros-da-biblia\/deuteronomio\/deuteronomio-18\/\">Deuteron\u00f4mio 18 &#8211; Direitos dos Sacerdotes<\/a><\/li><li class=\"wp-block-pages-list__item\"><a class=\"wp-block-pages-list__item__link\" href=\"https:\/\/bibliapresente.com\/postagens\/livros-da-biblia\/deuteronomio\/deuteronomio-19\/\">Deuteron\u00f4mio 19 &#8211; Ref\u00fagio e Testemunhas<\/a><\/li><li class=\"wp-block-pages-list__item\"><a class=\"wp-block-pages-list__item__link\" href=\"https:\/\/bibliapresente.com\/postagens\/livros-da-biblia\/deuteronomio\/deuteronomio-20\/\">Deuteron\u00f4mio 20 &#8211; Leis para a Guerra<\/a><\/li><li class=\"wp-block-pages-list__item\"><a class=\"wp-block-pages-list__item__link\" href=\"https:\/\/bibliapresente.com\/postagens\/livros-da-biblia\/deuteronomio\/deuteronomio-21\/\">Deuteron\u00f4mio 21 &#8211; Leis para a Justi\u00e7a<\/a><\/li><li class=\"wp-block-pages-list__item\"><a class=\"wp-block-pages-list__item__link\" href=\"https:\/\/bibliapresente.com\/postagens\/livros-da-biblia\/deuteronomio\/deuteronomio-22\/\">Deuteron\u00f4mio 22 &#8211; Regras para Conduta<\/a><\/li><li class=\"wp-block-pages-list__item\"><a class=\"wp-block-pages-list__item__link\" href=\"https:\/\/bibliapresente.com\/postagens\/livros-da-biblia\/deuteronomio\/deuteronomio-23\/\">Deuteron\u00f4mio 23 &#8211; Leis da Congrega\u00e7\u00e3o<\/a><\/li><li class=\"wp-block-pages-list__item\"><a class=\"wp-block-pages-list__item__link\" href=\"https:\/\/bibliapresente.com\/postagens\/livros-da-biblia\/deuteronomio\/deuteronomio-24\/\">Deuteron\u00f4mio 24 &#8211; Fam\u00edlia e Justi\u00e7a Social<\/a><\/li><li class=\"wp-block-pages-list__item\"><a class=\"wp-block-pages-list__item__link\" href=\"https:\/\/bibliapresente.com\/postagens\/livros-da-biblia\/deuteronomio\/deuteronomio-25\/\">Deuteron\u00f4mio 25 &#8211; Leis sobre Retalia\u00e7\u00e3o<\/a><\/li><li class=\"wp-block-pages-list__item\"><a class=\"wp-block-pages-list__item__link\" href=\"https:\/\/bibliapresente.com\/postagens\/livros-da-biblia\/deuteronomio\/deuteronomio-26\/\">Deuteron\u00f4mio 26 &#8211; A Fidelidade a Deus<\/a><\/li><li class=\"wp-block-pages-list__item\"><a class=\"wp-block-pages-list__item__link\" href=\"https:\/\/bibliapresente.com\/postagens\/livros-da-biblia\/deuteronomio\/deuteronomio-27\/\">Deuteron\u00f4mio 27 &#8211; Maldi\u00e7\u00f5es no Monte Ebal<\/a><\/li><li class=\"wp-block-pages-list__item\"><a class=\"wp-block-pages-list__item__link\" href=\"https:\/\/bibliapresente.com\/postagens\/livros-da-biblia\/deuteronomio\/deuteronomio-28\/\">Deuteron\u00f4mio 28 &#8211; Sobre a Alian\u00e7a<\/a><\/li><li class=\"wp-block-pages-list__item\"><a class=\"wp-block-pages-list__item__link\" href=\"https:\/\/bibliapresente.com\/postagens\/livros-da-biblia\/deuteronomio\/deuteronomio-29\/\">Deuteron\u00f4mio 29 &#8211; Renova\u00e7\u00e3o da Alian\u00e7a<\/a><\/li><li class=\"wp-block-pages-list__item\"><a class=\"wp-block-pages-list__item__link\" href=\"https:\/\/bibliapresente.com\/postagens\/livros-da-biblia\/deuteronomio\/deuteronomio-30\/\">Deuteron\u00f4mio 30 &#8211; Promessa de Restaura\u00e7\u00e3o<\/a><\/li><li class=\"wp-block-pages-list__item\"><a class=\"wp-block-pages-list__item__link\" href=\"https:\/\/bibliapresente.com\/postagens\/livros-da-biblia\/deuteronomio\/deuteronomio-31\/\">Deuteron\u00f4mio 31 &#8211; Mois\u00e9s Prepara Josu\u00e9<\/a><\/li><li class=\"wp-block-pages-list__item\"><a class=\"wp-block-pages-list__item__link\" href=\"https:\/\/bibliapresente.com\/postagens\/livros-da-biblia\/deuteronomio\/deuteronomio-32\/\">Deuteron\u00f4mio 32 &#8211; O C\u00e2ntico de Mois\u00e9s<\/a><\/li><li class=\"wp-block-pages-list__item\"><a class=\"wp-block-pages-list__item__link\" href=\"https:\/\/bibliapresente.com\/postagens\/livros-da-biblia\/deuteronomio\/deuteronomio-33\/\">Deuteron\u00f4mio 33 &#8211; B\u00ean\u00e7\u00e3os de Mois\u00e9s<\/a><\/li><li class=\"wp-block-pages-list__item\"><a class=\"wp-block-pages-list__item__link\" href=\"https:\/\/bibliapresente.com\/postagens\/livros-da-biblia\/deuteronomio\/deuteronomio-34\/\">Deuteron\u00f4mio 34 &#8211; A Morte de Mois\u00e9s<\/a><\/li><\/ul>\n\n\n<p><\/p>\n","protected":false},"excerpt":{"rendered":"<p>1 N\u00e3o ver\u00e1s o boi de teu irm\u00e3o, ou seu cordeiro, perdidos, e te retirar\u00e1s deles: precisamente os devolver\u00e1s a teu irm\u00e3o. 2 E se teu irm\u00e3o n\u00e3o for teu vizinho, ou n\u00e3o lhe conheceres, os recolher\u00e1s em tua casa, e estar\u00e3o contigo at\u00e9 que teu irm\u00e3o os busque, e os devolver\u00e1s a ele. 3 &hellip; <\/p>\n","protected":false},"author":2,"featured_media":848,"parent":847,"menu_order":22,"comment_status":"closed","ping_status":"closed","template":"","meta":{"om_disable_all_campaigns":false,"_monsterinsights_skip_tracking":false,"_monsterinsights_sitenote_active":false,"_monsterinsights_sitenote_note":"","_monsterinsights_sitenote_category":0,"footnotes":""},"class_list":["post-892","page","type-page","status-publish","has-post-thumbnail","hentry"],"aioseo_notices":[],"_links":{"self":[{"href":"https:\/\/bibliapresente.com\/postagens\/wp-json\/wp\/v2\/pages\/892","targetHints":{"allow":["GET"]}}],"collection":[{"href":"https:\/\/bibliapresente.com\/postagens\/wp-json\/wp\/v2\/pages"}],"about":[{"href":"https:\/\/bibliapresente.com\/postagens\/wp-json\/wp\/v2\/types\/page"}],"author":[{"embeddable":true,"href":"https:\/\/bibliapresente.com\/postagens\/wp-json\/wp\/v2\/users\/2"}],"replies":[{"embeddable":true,"href":"https:\/\/bibliapresente.com\/postagens\/wp-json\/wp\/v2\/comments?post=892"}],"version-history":[{"count":5,"href":"https:\/\/bibliapresente.com\/postagens\/wp-json\/wp\/v2\/pages\/892\/revisions"}],"predecessor-version":[{"id":1574,"href":"https:\/\/bibliapresente.com\/postagens\/wp-json\/wp\/v2\/pages\/892\/revisions\/1574"}],"up":[{"embeddable":true,"href":"https:\/\/bibliapresente.com\/postagens\/wp-json\/wp\/v2\/pages\/847"}],"wp:featuredmedia":[{"embeddable":true,"href":"https:\/\/bibliapresente.com\/postagens\/wp-json\/wp\/v2\/media\/848"}],"wp:attachment":[{"href":"https:\/\/bibliapresente.com\/postagens\/wp-json\/wp\/v2\/media?parent=892"}],"curies":[{"name":"wp","href":"https:\/\/api.w.org\/{rel}","templated":true}]}}