{"id":890,"date":"2025-02-07T15:41:53","date_gmt":"2025-02-07T18:41:53","guid":{"rendered":"https:\/\/bibliapresente.com\/postagens\/?page_id=890"},"modified":"2025-02-07T15:41:53","modified_gmt":"2025-02-07T18:41:53","slug":"deuteronomio-21","status":"publish","type":"page","link":"https:\/\/bibliapresente.com\/postagens\/livros-da-biblia\/deuteronomio\/deuteronomio-21\/","title":{"rendered":"Deuteron\u00f4mio 21 &#8211; Leis para a Justi\u00e7a"},"content":{"rendered":"\n<p class=\"has-medium-font-size\" style=\"letter-spacing:1px\"><span><span><sup><b>1<\/b><\/sup><\/span> Quando for achado na terra que o SENHOR teu Deus te d\u00e1 para que a possuas, morto deitado no campo, e n\u00e3o se soubesse quem o feriu, <br><span><sup><b>2<\/b><\/sup><\/span> Ent\u00e3o teus anci\u00e3os e teus ju\u00edzes sair\u00e3o e medir\u00e3o at\u00e9 as cidades que est\u00e3o ao redor do morto: <br><span><sup><b>3<\/b><\/sup><\/span> E ser\u00e1 que os anci\u00e3os daquela cidade, da cidade mais pr\u00f3xima ao morto, tomar\u00e3o das vacas uma bezerra que n\u00e3o tenha servido, que n\u00e3o tenha trazido jugo; <br><span><sup><b>4<\/b><\/sup><\/span> E os anci\u00e3os daquela cidade trar\u00e3o a bezerra a um vale por onde fluam \u00e1guas, que nunca tenha sido arado nem semeado, e cortar\u00e3o o pesco\u00e7o \u00e0 bezerra ali no vale. <br><span><sup><b>5<\/b><\/sup><\/span> Ent\u00e3o vir\u00e3o os sacerdotes filhos de Levi, porque a eles escolheu o SENHOR teu Deus para que o sirvam, e para aben\u00e7oar em nome do SENHOR; e pelo dito deles se determinar\u00e1 todo pleito e toda ferida. <br><span><sup><b>6<\/b><\/sup><\/span> E todos os anci\u00e3os daquela cidade mais pr\u00f3xima ao morto lavar\u00e3o suas m\u00e3os sobre a bezerra degolada no vale. <br><span><sup><b>7<\/b><\/sup><\/span> E protestar\u00e3o, e dir\u00e3o: Nossas m\u00e3os n\u00e3o derramaram este sangue, nem nossos olhos o viram. <br><span><sup><b>8<\/b><\/sup><\/span> Expia a teu povo Israel, ao qual redimiste, \u00f3 SENHOR; e n\u00e3o imputes o sangue inocente derramado em meio de teu povo Israel. E o sangue lhes ser\u00e1 perdoado. <br><span><sup><b>9<\/b><\/sup><\/span> E tu tirar\u00e1s a culpa de sangue inocente do meio de ti, quando fizeres o que \u00e9 correto aos olhos do SENHOR. <br><span><sup><b>10<\/b><\/sup><\/span> Quando sa\u00edres \u00e0 guerra contra teus inimigos, e o SENHOR teu Deus os entregar em tua m\u00e3o, e tomares deles cativos, <br><span><sup><b>11<\/b><\/sup><\/span> E vires entre os cativos alguma mulher bela, e a cobi\u00e7ares, e a tomares para ti por mulher, <br><span><sup><b>12<\/b><\/sup><\/span> Tu a meter\u00e1s em tua casa; e ela rapar\u00e1 sua cabe\u00e7a, e cortar\u00e1 suas unhas, <br><span><sup><b>13<\/b><\/sup><\/span> E se tirar\u00e1 a roupa de seu cativeiro, e ficar\u00e1 em tua casa: e chorar\u00e1 a seu pai e a sua m\u00e3e no tempo de um m\u00eas: e depois entrar\u00e1s a ela, e tu ser\u00e1s seu marido, e ela tua mulher. <br><span><sup><b>14<\/b><\/sup><\/span> E ser\u00e1, se n\u00e3o te agradar, que a deixar\u00e1s em sua liberdade; e n\u00e3o a vender\u00e1s por dinheiro, nem far\u00e1s com\u00e9rcio dela, porquanto a afligiste. <br><span><sup><b>15<\/b><\/sup><\/span> Quando um homem tiver duas mulheres, uma amada e a outra aborrecida, e a amada e a aborrecida lhe derem \u00e0 luz filhos, e o filho primog\u00eanito for da aborrecida; <br><span><sup><b>16<\/b><\/sup><\/span> Ser\u00e1 que, no dia que fizer herdar a seus filhos o que tiver, n\u00e3o poder\u00e1 dar o direito de primogenitura aos filhos da amada em prefer\u00eancia ao filho da aborrecida, que \u00e9 o primog\u00eanito; <br><span><sup><b>17<\/b><\/sup><\/span> Mas ao filho da aborrecida reconhecer\u00e1 por primog\u00eanito, para dar-lhe dois tantos de tudo o que se achar que tem: porque aquele \u00e9 o princ\u00edpio de sua for\u00e7a, o direito da primogenitura \u00e9 seu. <br><span><sup><b>18<\/b><\/sup><\/span> Quando algu\u00e9m tiver filho obstinado e rebelde, que n\u00e3o obedecer \u00e0 voz de seu pai nem \u00e0 voz de sua m\u00e3e, e havendo-o castigado, n\u00e3o lhes obedecer; <br><span><sup><b>19<\/b><\/sup><\/span> Ent\u00e3o o tomar\u00e3o seu pai e sua m\u00e3e, e o tirar\u00e3o aos anci\u00e3os de sua cidade, e \u00e0 porta do lugar seu; <br><span><sup><b>20<\/b><\/sup><\/span> E dir\u00e3o aos anci\u00e3os da cidade: Este nosso filho \u00e9 obstinado e rebelde, n\u00e3o obedece \u00e0 nossa voz; \u00e9 comil\u00e3o e beberr\u00e3o. <br><span><sup><b>21<\/b><\/sup><\/span> Ent\u00e3o todos os homens de sua cidade o apedrejar\u00e3o com pedras, e morrer\u00e1: assim tirar\u00e1s o mal do meio de ti; e todo Israel ouvir\u00e1, e temer\u00e1. <br><span><sup><b>22<\/b><\/sup><\/span> Quando em algu\u00e9m houver pecado de senten\u00e7a de morte, pelo que haja de morrer, e lhe houverdes pendurado em um madeiro, <br><span><sup><b>23<\/b><\/sup><\/span> N\u00e3o estar\u00e1 seu corpo pela noite no madeiro, mas sem falta o enterrar\u00e1s no mesmo dia, porque maldi\u00e7\u00e3o de Deus \u00e9 o pendurado: e n\u00e3o contaminar\u00e1s tua terra, que o SENHOR teu Deus te d\u00e1 por heran\u00e7a.<\/span><\/p>\n\n\n\n<div class=\"wp-block-columns is-layout-flex wp-container-core-columns-is-layout-9d6595d7 wp-block-columns-is-layout-flex\">\n<div class=\"wp-block-column is-layout-flow wp-block-column-is-layout-flow\">\n<p><a href=\"\/deuteronomio-20\" title=\"\">Deuteron\u00f4mio 20<\/a><\/p>\n<\/div>\n\n\n\n<div class=\"wp-block-column is-layout-flow wp-block-column-is-layout-flow\">\n<p class=\"has-text-align-right\"><a href=\"\/deuteronomio-3\" title=\"\"><\/a><a href=\"\/deuteronomio-22\" title=\"\">Deuteron\u00f4mio 22<\/a><\/p>\n<\/div>\n<\/div>\n\n\n\n<h2 class=\"wp-block-heading\">Descri\u00e7\u00e3o &#8211; Deuteron\u00f4mio 21<\/h2>\n\n\n\n<p class=\"has-medium-font-size\">Deuteron\u00f4mio 21 apresenta v\u00e1rias leis que regulam a vida de Israel, abordando quest\u00f5es como o cuidado com os mortos, a justi\u00e7a em casos de assassinato n\u00e3o resolvido e o tratamento de prisioneiros de guerra. O cap\u00edtulo tamb\u00e9m trata das disposi\u00e7\u00f5es sobre heran\u00e7a e casamento, enfatizando a import\u00e2ncia de pr\u00e1ticas que garantem a justi\u00e7a e a ordem dentro da comunidade. Al\u00e9m disso, a lei sobre o filho rebelde \u00e9 discutida, destacando a necessidade de disciplinar adequadamente as atitudes contr\u00e1rias \u00e0 moral e \u00e0 lei divina. Essas normas visam a constru\u00e7\u00e3o de uma sociedade justa, guiada pelos princ\u00edpios de Deus.<\/p>\n\n\n\n<h3 class=\"wp-block-heading\">Livro do Deuteron\u00f4mio:<\/h3>\n\n\n<ul class=\"wp-block-page-list\"><li class=\"wp-block-pages-list__item\"><a class=\"wp-block-pages-list__item__link\" href=\"https:\/\/bibliapresente.com\/postagens\/livros-da-biblia\/deuteronomio\/deuteronomio-1\/\">Deuteron\u00f4mio 1 &#8211; A Jornada no Deserto<\/a><\/li><li class=\"wp-block-pages-list__item\"><a class=\"wp-block-pages-list__item__link\" href=\"https:\/\/bibliapresente.com\/postagens\/livros-da-biblia\/deuteronomio\/deuteronomio-2\/\">Deuteron\u00f4mio 2 &#8211; Vit\u00f3rias em Seom e Ogue<\/a><\/li><li class=\"wp-block-pages-list__item\"><a class=\"wp-block-pages-list__item__link\" href=\"https:\/\/bibliapresente.com\/postagens\/livros-da-biblia\/deuteronomio\/deuteronomio-3\/\">Deuteron\u00f4mio 3 &#8211; Revis\u00e3o das Conquistas<\/a><\/li><li class=\"wp-block-pages-list__item\"><a class=\"wp-block-pages-list__item__link\" href=\"https:\/\/bibliapresente.com\/postagens\/livros-da-biblia\/deuteronomio\/deuteronomio-4\/\">Deuteron\u00f4mio 4 &#8211; Advert\u00eancias<\/a><\/li><li class=\"wp-block-pages-list__item\"><a class=\"wp-block-pages-list__item__link\" href=\"https:\/\/bibliapresente.com\/postagens\/livros-da-biblia\/deuteronomio\/deuteronomio-5\/\">Deuteron\u00f4mio 5 &#8211; Os Dez Mandamentos<\/a><\/li><li class=\"wp-block-pages-list__item\"><a class=\"wp-block-pages-list__item__link\" href=\"https:\/\/bibliapresente.com\/postagens\/livros-da-biblia\/deuteronomio\/deuteronomio-6\/\">Deuteron\u00f4mio 6 &#8211; Mandamento: Amar a Deus<\/a><\/li><li class=\"wp-block-pages-list__item\"><a class=\"wp-block-pages-list__item__link\" href=\"https:\/\/bibliapresente.com\/postagens\/livros-da-biblia\/deuteronomio\/deuteronomio-7\/\">Deuteron\u00f4mio 7 &#8211; Israel, o Povo Escolhido<\/a><\/li><li class=\"wp-block-pages-list__item\"><a class=\"wp-block-pages-list__item__link\" href=\"https:\/\/bibliapresente.com\/postagens\/livros-da-biblia\/deuteronomio\/deuteronomio-8\/\">Deuteron\u00f4mio 8 &#8211; Guardar os Mandamentos<\/a><\/li><li class=\"wp-block-pages-list__item\"><a class=\"wp-block-pages-list__item__link\" href=\"https:\/\/bibliapresente.com\/postagens\/livros-da-biblia\/deuteronomio\/deuteronomio-9\/\">Deuteron\u00f4mio 9 &#8211; Rebeli\u00f5es de Israel<\/a><\/li><li class=\"wp-block-pages-list__item\"><a class=\"wp-block-pages-list__item__link\" href=\"https:\/\/bibliapresente.com\/postagens\/livros-da-biblia\/deuteronomio\/deuteronomio-10\/\">Deuteron\u00f4mio 10 &#8211; A Arca da Alian\u00e7a<\/a><\/li><li class=\"wp-block-pages-list__item\"><a class=\"wp-block-pages-list__item__link\" href=\"https:\/\/bibliapresente.com\/postagens\/livros-da-biblia\/deuteronomio\/deuteronomio-11\/\">Deuteron\u00f4mio 11 &#8211; B\u00ean\u00e7\u00e3os da Obedi\u00eancia<\/a><\/li><li class=\"wp-block-pages-list__item\"><a class=\"wp-block-pages-list__item__link\" href=\"https:\/\/bibliapresente.com\/postagens\/livros-da-biblia\/deuteronomio\/deuteronomio-12\/\">Deuteron\u00f4mio 12 &#8211; O Lugar de Adora\u00e7\u00e3o<\/a><\/li><li class=\"wp-block-pages-list__item\"><a class=\"wp-block-pages-list__item__link\" href=\"https:\/\/bibliapresente.com\/postagens\/livros-da-biblia\/deuteronomio\/deuteronomio-13\/\">Deuteron\u00f4mio 13 &#8211; Contra Falsos Profetas<\/a><\/li><li class=\"wp-block-pages-list__item\"><a class=\"wp-block-pages-list__item__link\" href=\"https:\/\/bibliapresente.com\/postagens\/livros-da-biblia\/deuteronomio\/deuteronomio-14\/\">Deuteron\u00f4mio 14 &#8211; Alimentos e D\u00edzimo<\/a><\/li><li class=\"wp-block-pages-list__item\"><a class=\"wp-block-pages-list__item__link\" href=\"https:\/\/bibliapresente.com\/postagens\/livros-da-biblia\/deuteronomio\/deuteronomio-15\/\">Deuteron\u00f4mio 15 &#8211; O Ano da Remiss\u00e3o<\/a><\/li><li class=\"wp-block-pages-list__item\"><a class=\"wp-block-pages-list__item__link\" href=\"https:\/\/bibliapresente.com\/postagens\/livros-da-biblia\/deuteronomio\/deuteronomio-16\/\">Deuteron\u00f4mio 16 &#8211; As Festas Anuais<\/a><\/li><li class=\"wp-block-pages-list__item\"><a class=\"wp-block-pages-list__item__link\" href=\"https:\/\/bibliapresente.com\/postagens\/livros-da-biblia\/deuteronomio\/deuteronomio-17\/\">Deuteron\u00f4mio 17 &#8211; Reis e Sacerdotes<\/a><\/li><li class=\"wp-block-pages-list__item\"><a class=\"wp-block-pages-list__item__link\" href=\"https:\/\/bibliapresente.com\/postagens\/livros-da-biblia\/deuteronomio\/deuteronomio-18\/\">Deuteron\u00f4mio 18 &#8211; Direitos dos Sacerdotes<\/a><\/li><li class=\"wp-block-pages-list__item\"><a class=\"wp-block-pages-list__item__link\" href=\"https:\/\/bibliapresente.com\/postagens\/livros-da-biblia\/deuteronomio\/deuteronomio-19\/\">Deuteron\u00f4mio 19 &#8211; Ref\u00fagio e Testemunhas<\/a><\/li><li class=\"wp-block-pages-list__item\"><a class=\"wp-block-pages-list__item__link\" href=\"https:\/\/bibliapresente.com\/postagens\/livros-da-biblia\/deuteronomio\/deuteronomio-20\/\">Deuteron\u00f4mio 20 &#8211; Leis para a Guerra<\/a><\/li><li class=\"wp-block-pages-list__item\"><a class=\"wp-block-pages-list__item__link\" href=\"https:\/\/bibliapresente.com\/postagens\/livros-da-biblia\/deuteronomio\/deuteronomio-21\/\">Deuteron\u00f4mio 21 &#8211; Leis para a Justi\u00e7a<\/a><\/li><li class=\"wp-block-pages-list__item\"><a class=\"wp-block-pages-list__item__link\" href=\"https:\/\/bibliapresente.com\/postagens\/livros-da-biblia\/deuteronomio\/deuteronomio-22\/\">Deuteron\u00f4mio 22 &#8211; Regras para Conduta<\/a><\/li><li class=\"wp-block-pages-list__item\"><a class=\"wp-block-pages-list__item__link\" href=\"https:\/\/bibliapresente.com\/postagens\/livros-da-biblia\/deuteronomio\/deuteronomio-23\/\">Deuteron\u00f4mio 23 &#8211; Leis da Congrega\u00e7\u00e3o<\/a><\/li><li class=\"wp-block-pages-list__item\"><a class=\"wp-block-pages-list__item__link\" href=\"https:\/\/bibliapresente.com\/postagens\/livros-da-biblia\/deuteronomio\/deuteronomio-24\/\">Deuteron\u00f4mio 24 &#8211; Fam\u00edlia e Justi\u00e7a Social<\/a><\/li><li class=\"wp-block-pages-list__item\"><a class=\"wp-block-pages-list__item__link\" href=\"https:\/\/bibliapresente.com\/postagens\/livros-da-biblia\/deuteronomio\/deuteronomio-25\/\">Deuteron\u00f4mio 25 &#8211; Leis sobre Retalia\u00e7\u00e3o<\/a><\/li><li class=\"wp-block-pages-list__item\"><a class=\"wp-block-pages-list__item__link\" href=\"https:\/\/bibliapresente.com\/postagens\/livros-da-biblia\/deuteronomio\/deuteronomio-26\/\">Deuteron\u00f4mio 26 &#8211; A Fidelidade a Deus<\/a><\/li><li class=\"wp-block-pages-list__item\"><a class=\"wp-block-pages-list__item__link\" href=\"https:\/\/bibliapresente.com\/postagens\/livros-da-biblia\/deuteronomio\/deuteronomio-27\/\">Deuteron\u00f4mio 27 &#8211; Maldi\u00e7\u00f5es no Monte Ebal<\/a><\/li><li class=\"wp-block-pages-list__item\"><a class=\"wp-block-pages-list__item__link\" href=\"https:\/\/bibliapresente.com\/postagens\/livros-da-biblia\/deuteronomio\/deuteronomio-28\/\">Deuteron\u00f4mio 28 &#8211; Sobre a Alian\u00e7a<\/a><\/li><li class=\"wp-block-pages-list__item\"><a class=\"wp-block-pages-list__item__link\" href=\"https:\/\/bibliapresente.com\/postagens\/livros-da-biblia\/deuteronomio\/deuteronomio-29\/\">Deuteron\u00f4mio 29 &#8211; Renova\u00e7\u00e3o da Alian\u00e7a<\/a><\/li><li class=\"wp-block-pages-list__item\"><a class=\"wp-block-pages-list__item__link\" href=\"https:\/\/bibliapresente.com\/postagens\/livros-da-biblia\/deuteronomio\/deuteronomio-30\/\">Deuteron\u00f4mio 30 &#8211; Promessa de Restaura\u00e7\u00e3o<\/a><\/li><li class=\"wp-block-pages-list__item\"><a class=\"wp-block-pages-list__item__link\" href=\"https:\/\/bibliapresente.com\/postagens\/livros-da-biblia\/deuteronomio\/deuteronomio-31\/\">Deuteron\u00f4mio 31 &#8211; Mois\u00e9s Prepara Josu\u00e9<\/a><\/li><li class=\"wp-block-pages-list__item\"><a class=\"wp-block-pages-list__item__link\" href=\"https:\/\/bibliapresente.com\/postagens\/livros-da-biblia\/deuteronomio\/deuteronomio-32\/\">Deuteron\u00f4mio 32 &#8211; O C\u00e2ntico de Mois\u00e9s<\/a><\/li><li class=\"wp-block-pages-list__item\"><a class=\"wp-block-pages-list__item__link\" href=\"https:\/\/bibliapresente.com\/postagens\/livros-da-biblia\/deuteronomio\/deuteronomio-33\/\">Deuteron\u00f4mio 33 &#8211; B\u00ean\u00e7\u00e3os de Mois\u00e9s<\/a><\/li><li class=\"wp-block-pages-list__item\"><a class=\"wp-block-pages-list__item__link\" href=\"https:\/\/bibliapresente.com\/postagens\/livros-da-biblia\/deuteronomio\/deuteronomio-34\/\">Deuteron\u00f4mio 34 &#8211; A Morte de Mois\u00e9s<\/a><\/li><\/ul>\n\n\n<p><\/p>\n","protected":false},"excerpt":{"rendered":"<p>1 Quando for achado na terra que o SENHOR teu Deus te d\u00e1 para que a possuas, morto deitado no campo, e n\u00e3o se soubesse quem o feriu, 2 Ent\u00e3o teus anci\u00e3os e teus ju\u00edzes sair\u00e3o e medir\u00e3o at\u00e9 as cidades que est\u00e3o ao redor do morto: 3 E ser\u00e1 que os anci\u00e3os daquela cidade, &hellip; <\/p>\n","protected":false},"author":2,"featured_media":848,"parent":847,"menu_order":21,"comment_status":"closed","ping_status":"closed","template":"","meta":{"om_disable_all_campaigns":false,"_monsterinsights_skip_tracking":false,"_monsterinsights_sitenote_active":false,"_monsterinsights_sitenote_note":"","_monsterinsights_sitenote_category":0,"footnotes":""},"class_list":["post-890","page","type-page","status-publish","has-post-thumbnail","hentry"],"aioseo_notices":[],"_links":{"self":[{"href":"https:\/\/bibliapresente.com\/postagens\/wp-json\/wp\/v2\/pages\/890","targetHints":{"allow":["GET"]}}],"collection":[{"href":"https:\/\/bibliapresente.com\/postagens\/wp-json\/wp\/v2\/pages"}],"about":[{"href":"https:\/\/bibliapresente.com\/postagens\/wp-json\/wp\/v2\/types\/page"}],"author":[{"embeddable":true,"href":"https:\/\/bibliapresente.com\/postagens\/wp-json\/wp\/v2\/users\/2"}],"replies":[{"embeddable":true,"href":"https:\/\/bibliapresente.com\/postagens\/wp-json\/wp\/v2\/comments?post=890"}],"version-history":[{"count":5,"href":"https:\/\/bibliapresente.com\/postagens\/wp-json\/wp\/v2\/pages\/890\/revisions"}],"predecessor-version":[{"id":1573,"href":"https:\/\/bibliapresente.com\/postagens\/wp-json\/wp\/v2\/pages\/890\/revisions\/1573"}],"up":[{"embeddable":true,"href":"https:\/\/bibliapresente.com\/postagens\/wp-json\/wp\/v2\/pages\/847"}],"wp:featuredmedia":[{"embeddable":true,"href":"https:\/\/bibliapresente.com\/postagens\/wp-json\/wp\/v2\/media\/848"}],"wp:attachment":[{"href":"https:\/\/bibliapresente.com\/postagens\/wp-json\/wp\/v2\/media?parent=890"}],"curies":[{"name":"wp","href":"https:\/\/api.w.org\/{rel}","templated":true}]}}