{"id":888,"date":"2025-02-07T15:24:08","date_gmt":"2025-02-07T18:24:08","guid":{"rendered":"https:\/\/bibliapresente.com\/postagens\/?page_id=888"},"modified":"2025-02-07T15:24:08","modified_gmt":"2025-02-07T18:24:08","slug":"deuteronomio-20","status":"publish","type":"page","link":"https:\/\/bibliapresente.com\/postagens\/livros-da-biblia\/deuteronomio\/deuteronomio-20\/","title":{"rendered":"Deuteron\u00f4mio 20 &#8211; Leis para a Guerra"},"content":{"rendered":"\n<p class=\"has-medium-font-size\" style=\"letter-spacing:1px\"><span><span><sup><b>1<\/b><\/sup><\/span> Quando sa\u00edres \u00e0 guerra contra teus inimigos, e vires cavalos e carros, um povo maior que tu, n\u00e3o tenhas medo deles, que o SENHOR teu Deus \u00e9 contigo, o qual te tirou da terra do Egito. <br><span><sup><b>2<\/b><\/sup><\/span> E ser\u00e1 que, quando vos aproximardes para combater, chegar\u00e1 o sacerdote, e falar\u00e1 ao povo, <br><span><sup><b>3<\/b><\/sup><\/span> E lhes dir\u00e1: Ouve, Israel, v\u00f3s vos juntais hoje em batalha contra vossos inimigos: n\u00e3o se amole\u00e7a vosso cora\u00e7\u00e3o, n\u00e3o temais, n\u00e3o vos alarmeis, nem tampouco vos desanimeis diante deles; <br><span><sup><b>4<\/b><\/sup><\/span> Que o SENHOR vosso Deus anda convosco, para lutar por v\u00f3s contra vossos inimigos, para vos salvar. <br><span><sup><b>5<\/b><\/sup><\/span> E os oficiais falar\u00e3o ao povo, dizendo: Quem edificou casa nova, e n\u00e3o a dedicou? V\u00e1, e volte-se \u00e0 sua casa, para que talvez n\u00e3o morra na batalha, e outro algum a dedique. <br><span><sup><b>6<\/b><\/sup><\/span> E quem plantou vinha, e n\u00e3o fez comum uso dela? V\u00e1, e volte-se \u00e0 sua casa, para que talvez n\u00e3o morra na batalha, e outro algu\u00e9m a desfrute. <br><span><sup><b>7<\/b><\/sup><\/span> E quem se desposou com mulher, e n\u00e3o a tomou? V\u00e1, e volte-se \u00e0 sua casa, para que talvez n\u00e3o morra na batalha, e algum outro a tome. <br><span><sup><b>8<\/b><\/sup><\/span> E tornar\u00e3o os oficiais a falar ao povo, e dir\u00e3o: Quem \u00e9 homem medroso e tenro de cora\u00e7\u00e3o? V\u00e1, e volte-se \u00e0 sua casa, e n\u00e3o derreta o cora\u00e7\u00e3o de seus irm\u00e3os, como seu cora\u00e7\u00e3o. <br><span><sup><b>9<\/b><\/sup><\/span> E ser\u00e1 que, quando os oficiais acabarem de falar ao povo, ent\u00e3o os capit\u00e3es dos ex\u00e9rcitos mandar\u00e3o diante do povo. <br><span><sup><b>10<\/b><\/sup><\/span> Quando te aproximares a uma cidade para combat\u00ea-la, lhe oferecer\u00e1s a paz. <br><span><sup><b>11<\/b><\/sup><\/span> E ser\u00e1 que, se te responder, Paz, e te abrir, todo o povo que nela for achado te ser\u00e3o tribut\u00e1rios, e te servir\u00e3o. <br><span><sup><b>12<\/b><\/sup><\/span> Mas se n\u00e3o fizer paz contigo, e empreender contigo guerra, e a cercares, <br><span><sup><b>13<\/b><\/sup><\/span> Logo que o SENHOR teu Deus a entregar em tua m\u00e3o, ferir\u00e1s a todo homem seu a fio de espada. <br><span><sup><b>14<\/b><\/sup><\/span> Somente as mulheres e as crian\u00e7as, e os animais, e todo o que houver na cidade, todos os seus despojos, tomar\u00e1s para ti: e comer\u00e1s do despojo de teus inimigos, os quais o SENHOR teu Deus te entregou. <br><span><sup><b>15<\/b><\/sup><\/span> Assim far\u00e1s a todas as cidades que estiverem muito longe de ti, que n\u00e3o forem das cidades destas na\u00e7\u00f5es. <br><span><sup><b>16<\/b><\/sup><\/span> Por\u00e9m das cidades destes povos que o SENHOR teu Deus te d\u00e1 por heran\u00e7a, nenhuma pessoa deixar\u00e1s com vida; <br><span><sup><b>17<\/b><\/sup><\/span> Antes por completo os destruir\u00e1s: aos heteus, e aos amorreus, e aos cananeus, e aos perizeus, e aos heveus, e aos jebuseus; como o SENHOR teu Deus te mandou: <br><span><sup><b>18<\/b><\/sup><\/span> Para que n\u00e3o vos ensinem a fazer segundo todas suas abomina\u00e7\u00f5es, que eles fazem a seus deuses, e pequeis contra o SENHOR vosso Deus. <br><span><sup><b>19<\/b><\/sup><\/span> Quando puseres cerco a alguma cidade, lutando contra ela muitos dias para tom\u00e1-la, n\u00e3o destruas seu arvoredo metendo nele machado, porque dele comer\u00e1s; e n\u00e3o o cortar\u00e1s, que n\u00e3o \u00e9 homem a \u00e1rvore do campo para vir contra ti no cerco. <br><span><sup><b>20<\/b><\/sup><\/span> Mas a \u00e1rvore que souberes que n\u00e3o \u00e9 \u00e1rvore para comer, o destruir\u00e1s e o cortar\u00e1s, e constr\u00f3i baluarte contra a cidade que luta contigo, at\u00e9 subjug\u00e1-la.<\/span><\/p>\n\n\n\n<div class=\"wp-block-columns is-layout-flex wp-container-core-columns-is-layout-9d6595d7 wp-block-columns-is-layout-flex\">\n<div class=\"wp-block-column is-layout-flow wp-block-column-is-layout-flow\">\n<p><a href=\"\/deuteronomio-19\" title=\"\">Deuteron\u00f4mio 19<\/a><\/p>\n<\/div>\n\n\n\n<div class=\"wp-block-column is-layout-flow wp-block-column-is-layout-flow\">\n<p class=\"has-text-align-right\"><a href=\"\/deuteronomio-3\" title=\"\"><\/a><a href=\"\/deuteronomio-21\" title=\"\">Deuteron\u00f4mio 21<\/a><\/p>\n<\/div>\n<\/div>\n\n\n\n<h2 class=\"wp-block-heading\">Descri\u00e7\u00e3o &#8211; Deuteron\u00f4mio 20<\/h2>\n\n\n\n<p class=\"has-medium-font-size\">Deuteron\u00f4mio 20 trata das leis de guerra para Israel, instruindo como devem se preparar e agir nas batalhas ao entrarem na terra prometida. O cap\u00edtulo destaca a import\u00e2ncia da confian\u00e7a em Deus, que ser\u00e1 a fonte de vit\u00f3ria, e orienta sobre quem pode ser dispensado do combate, como aqueles que tem medo ou que recentemente se casaram. Tamb\u00e9m fala sobre a oferta de paz antes de atacar uma cidade, com o objetivo de preservar vidas. O cap\u00edtulo refor\u00e7a a necessidade de agir de maneira justa e prudente, refletindo o car\u00e1ter de Deus nas a\u00e7\u00f5es de Israel durante as guerras.<\/p>\n\n\n\n<h3 class=\"wp-block-heading\">Livro do Deuteron\u00f4mio:<\/h3>\n\n\n<ul class=\"wp-block-page-list\"><li class=\"wp-block-pages-list__item\"><a class=\"wp-block-pages-list__item__link\" href=\"https:\/\/bibliapresente.com\/postagens\/livros-da-biblia\/deuteronomio\/deuteronomio-1\/\">Deuteron\u00f4mio 1 &#8211; A Jornada no Deserto<\/a><\/li><li class=\"wp-block-pages-list__item\"><a class=\"wp-block-pages-list__item__link\" href=\"https:\/\/bibliapresente.com\/postagens\/livros-da-biblia\/deuteronomio\/deuteronomio-2\/\">Deuteron\u00f4mio 2 &#8211; Vit\u00f3rias em Seom e Ogue<\/a><\/li><li class=\"wp-block-pages-list__item\"><a class=\"wp-block-pages-list__item__link\" href=\"https:\/\/bibliapresente.com\/postagens\/livros-da-biblia\/deuteronomio\/deuteronomio-3\/\">Deuteron\u00f4mio 3 &#8211; Revis\u00e3o das Conquistas<\/a><\/li><li class=\"wp-block-pages-list__item\"><a class=\"wp-block-pages-list__item__link\" href=\"https:\/\/bibliapresente.com\/postagens\/livros-da-biblia\/deuteronomio\/deuteronomio-4\/\">Deuteron\u00f4mio 4 &#8211; Advert\u00eancias<\/a><\/li><li class=\"wp-block-pages-list__item\"><a class=\"wp-block-pages-list__item__link\" href=\"https:\/\/bibliapresente.com\/postagens\/livros-da-biblia\/deuteronomio\/deuteronomio-5\/\">Deuteron\u00f4mio 5 &#8211; Os Dez Mandamentos<\/a><\/li><li class=\"wp-block-pages-list__item\"><a class=\"wp-block-pages-list__item__link\" href=\"https:\/\/bibliapresente.com\/postagens\/livros-da-biblia\/deuteronomio\/deuteronomio-6\/\">Deuteron\u00f4mio 6 &#8211; Mandamento: Amar a Deus<\/a><\/li><li class=\"wp-block-pages-list__item\"><a class=\"wp-block-pages-list__item__link\" href=\"https:\/\/bibliapresente.com\/postagens\/livros-da-biblia\/deuteronomio\/deuteronomio-7\/\">Deuteron\u00f4mio 7 &#8211; Israel, o Povo Escolhido<\/a><\/li><li class=\"wp-block-pages-list__item\"><a class=\"wp-block-pages-list__item__link\" href=\"https:\/\/bibliapresente.com\/postagens\/livros-da-biblia\/deuteronomio\/deuteronomio-8\/\">Deuteron\u00f4mio 8 &#8211; Guardar os Mandamentos<\/a><\/li><li class=\"wp-block-pages-list__item\"><a class=\"wp-block-pages-list__item__link\" href=\"https:\/\/bibliapresente.com\/postagens\/livros-da-biblia\/deuteronomio\/deuteronomio-9\/\">Deuteron\u00f4mio 9 &#8211; Rebeli\u00f5es de Israel<\/a><\/li><li class=\"wp-block-pages-list__item\"><a class=\"wp-block-pages-list__item__link\" href=\"https:\/\/bibliapresente.com\/postagens\/livros-da-biblia\/deuteronomio\/deuteronomio-10\/\">Deuteron\u00f4mio 10 &#8211; A Arca da Alian\u00e7a<\/a><\/li><li class=\"wp-block-pages-list__item\"><a class=\"wp-block-pages-list__item__link\" href=\"https:\/\/bibliapresente.com\/postagens\/livros-da-biblia\/deuteronomio\/deuteronomio-11\/\">Deuteron\u00f4mio 11 &#8211; B\u00ean\u00e7\u00e3os da Obedi\u00eancia<\/a><\/li><li class=\"wp-block-pages-list__item\"><a class=\"wp-block-pages-list__item__link\" href=\"https:\/\/bibliapresente.com\/postagens\/livros-da-biblia\/deuteronomio\/deuteronomio-12\/\">Deuteron\u00f4mio 12 &#8211; O Lugar de Adora\u00e7\u00e3o<\/a><\/li><li class=\"wp-block-pages-list__item\"><a class=\"wp-block-pages-list__item__link\" href=\"https:\/\/bibliapresente.com\/postagens\/livros-da-biblia\/deuteronomio\/deuteronomio-13\/\">Deuteron\u00f4mio 13 &#8211; Contra Falsos Profetas<\/a><\/li><li class=\"wp-block-pages-list__item\"><a class=\"wp-block-pages-list__item__link\" href=\"https:\/\/bibliapresente.com\/postagens\/livros-da-biblia\/deuteronomio\/deuteronomio-14\/\">Deuteron\u00f4mio 14 &#8211; Alimentos e D\u00edzimo<\/a><\/li><li class=\"wp-block-pages-list__item\"><a class=\"wp-block-pages-list__item__link\" href=\"https:\/\/bibliapresente.com\/postagens\/livros-da-biblia\/deuteronomio\/deuteronomio-15\/\">Deuteron\u00f4mio 15 &#8211; O Ano da Remiss\u00e3o<\/a><\/li><li class=\"wp-block-pages-list__item\"><a class=\"wp-block-pages-list__item__link\" href=\"https:\/\/bibliapresente.com\/postagens\/livros-da-biblia\/deuteronomio\/deuteronomio-16\/\">Deuteron\u00f4mio 16 &#8211; As Festas Anuais<\/a><\/li><li class=\"wp-block-pages-list__item\"><a class=\"wp-block-pages-list__item__link\" href=\"https:\/\/bibliapresente.com\/postagens\/livros-da-biblia\/deuteronomio\/deuteronomio-17\/\">Deuteron\u00f4mio 17 &#8211; Reis e Sacerdotes<\/a><\/li><li class=\"wp-block-pages-list__item\"><a class=\"wp-block-pages-list__item__link\" href=\"https:\/\/bibliapresente.com\/postagens\/livros-da-biblia\/deuteronomio\/deuteronomio-18\/\">Deuteron\u00f4mio 18 &#8211; Direitos dos Sacerdotes<\/a><\/li><li class=\"wp-block-pages-list__item\"><a class=\"wp-block-pages-list__item__link\" href=\"https:\/\/bibliapresente.com\/postagens\/livros-da-biblia\/deuteronomio\/deuteronomio-19\/\">Deuteron\u00f4mio 19 &#8211; Ref\u00fagio e Testemunhas<\/a><\/li><li class=\"wp-block-pages-list__item\"><a class=\"wp-block-pages-list__item__link\" href=\"https:\/\/bibliapresente.com\/postagens\/livros-da-biblia\/deuteronomio\/deuteronomio-20\/\">Deuteron\u00f4mio 20 &#8211; Leis para a Guerra<\/a><\/li><li class=\"wp-block-pages-list__item\"><a class=\"wp-block-pages-list__item__link\" href=\"https:\/\/bibliapresente.com\/postagens\/livros-da-biblia\/deuteronomio\/deuteronomio-21\/\">Deuteron\u00f4mio 21 &#8211; Leis para a Justi\u00e7a<\/a><\/li><li class=\"wp-block-pages-list__item\"><a class=\"wp-block-pages-list__item__link\" href=\"https:\/\/bibliapresente.com\/postagens\/livros-da-biblia\/deuteronomio\/deuteronomio-22\/\">Deuteron\u00f4mio 22 &#8211; Regras para Conduta<\/a><\/li><li class=\"wp-block-pages-list__item\"><a class=\"wp-block-pages-list__item__link\" href=\"https:\/\/bibliapresente.com\/postagens\/livros-da-biblia\/deuteronomio\/deuteronomio-23\/\">Deuteron\u00f4mio 23 &#8211; Leis da Congrega\u00e7\u00e3o<\/a><\/li><li class=\"wp-block-pages-list__item\"><a class=\"wp-block-pages-list__item__link\" href=\"https:\/\/bibliapresente.com\/postagens\/livros-da-biblia\/deuteronomio\/deuteronomio-24\/\">Deuteron\u00f4mio 24 &#8211; Fam\u00edlia e Justi\u00e7a Social<\/a><\/li><li class=\"wp-block-pages-list__item\"><a class=\"wp-block-pages-list__item__link\" href=\"https:\/\/bibliapresente.com\/postagens\/livros-da-biblia\/deuteronomio\/deuteronomio-25\/\">Deuteron\u00f4mio 25 &#8211; Leis sobre Retalia\u00e7\u00e3o<\/a><\/li><li class=\"wp-block-pages-list__item\"><a class=\"wp-block-pages-list__item__link\" href=\"https:\/\/bibliapresente.com\/postagens\/livros-da-biblia\/deuteronomio\/deuteronomio-26\/\">Deuteron\u00f4mio 26 &#8211; A Fidelidade a Deus<\/a><\/li><li class=\"wp-block-pages-list__item\"><a class=\"wp-block-pages-list__item__link\" href=\"https:\/\/bibliapresente.com\/postagens\/livros-da-biblia\/deuteronomio\/deuteronomio-27\/\">Deuteron\u00f4mio 27 &#8211; Maldi\u00e7\u00f5es no Monte Ebal<\/a><\/li><li class=\"wp-block-pages-list__item\"><a class=\"wp-block-pages-list__item__link\" href=\"https:\/\/bibliapresente.com\/postagens\/livros-da-biblia\/deuteronomio\/deuteronomio-28\/\">Deuteron\u00f4mio 28 &#8211; Sobre a Alian\u00e7a<\/a><\/li><li class=\"wp-block-pages-list__item\"><a class=\"wp-block-pages-list__item__link\" href=\"https:\/\/bibliapresente.com\/postagens\/livros-da-biblia\/deuteronomio\/deuteronomio-29\/\">Deuteron\u00f4mio 29 &#8211; Renova\u00e7\u00e3o da Alian\u00e7a<\/a><\/li><li class=\"wp-block-pages-list__item\"><a class=\"wp-block-pages-list__item__link\" href=\"https:\/\/bibliapresente.com\/postagens\/livros-da-biblia\/deuteronomio\/deuteronomio-30\/\">Deuteron\u00f4mio 30 &#8211; Promessa de Restaura\u00e7\u00e3o<\/a><\/li><li class=\"wp-block-pages-list__item\"><a class=\"wp-block-pages-list__item__link\" href=\"https:\/\/bibliapresente.com\/postagens\/livros-da-biblia\/deuteronomio\/deuteronomio-31\/\">Deuteron\u00f4mio 31 &#8211; Mois\u00e9s Prepara Josu\u00e9<\/a><\/li><li class=\"wp-block-pages-list__item\"><a class=\"wp-block-pages-list__item__link\" href=\"https:\/\/bibliapresente.com\/postagens\/livros-da-biblia\/deuteronomio\/deuteronomio-32\/\">Deuteron\u00f4mio 32 &#8211; O C\u00e2ntico de Mois\u00e9s<\/a><\/li><li class=\"wp-block-pages-list__item\"><a class=\"wp-block-pages-list__item__link\" href=\"https:\/\/bibliapresente.com\/postagens\/livros-da-biblia\/deuteronomio\/deuteronomio-33\/\">Deuteron\u00f4mio 33 &#8211; B\u00ean\u00e7\u00e3os de Mois\u00e9s<\/a><\/li><li class=\"wp-block-pages-list__item\"><a class=\"wp-block-pages-list__item__link\" href=\"https:\/\/bibliapresente.com\/postagens\/livros-da-biblia\/deuteronomio\/deuteronomio-34\/\">Deuteron\u00f4mio 34 &#8211; A Morte de Mois\u00e9s<\/a><\/li><\/ul>\n\n\n<p><\/p>\n","protected":false},"excerpt":{"rendered":"<p>1 Quando sa\u00edres \u00e0 guerra contra teus inimigos, e vires cavalos e carros, um povo maior que tu, n\u00e3o tenhas medo deles, que o SENHOR teu Deus \u00e9 contigo, o qual te tirou da terra do Egito. 2 E ser\u00e1 que, quando vos aproximardes para combater, chegar\u00e1 o sacerdote, e falar\u00e1 ao povo, 3 E &hellip; <\/p>\n","protected":false},"author":2,"featured_media":848,"parent":847,"menu_order":20,"comment_status":"closed","ping_status":"closed","template":"","meta":{"om_disable_all_campaigns":false,"_monsterinsights_skip_tracking":false,"_monsterinsights_sitenote_active":false,"_monsterinsights_sitenote_note":"","_monsterinsights_sitenote_category":0,"footnotes":""},"class_list":["post-888","page","type-page","status-publish","has-post-thumbnail","hentry"],"aioseo_notices":[],"_links":{"self":[{"href":"https:\/\/bibliapresente.com\/postagens\/wp-json\/wp\/v2\/pages\/888","targetHints":{"allow":["GET"]}}],"collection":[{"href":"https:\/\/bibliapresente.com\/postagens\/wp-json\/wp\/v2\/pages"}],"about":[{"href":"https:\/\/bibliapresente.com\/postagens\/wp-json\/wp\/v2\/types\/page"}],"author":[{"embeddable":true,"href":"https:\/\/bibliapresente.com\/postagens\/wp-json\/wp\/v2\/users\/2"}],"replies":[{"embeddable":true,"href":"https:\/\/bibliapresente.com\/postagens\/wp-json\/wp\/v2\/comments?post=888"}],"version-history":[{"count":5,"href":"https:\/\/bibliapresente.com\/postagens\/wp-json\/wp\/v2\/pages\/888\/revisions"}],"predecessor-version":[{"id":1572,"href":"https:\/\/bibliapresente.com\/postagens\/wp-json\/wp\/v2\/pages\/888\/revisions\/1572"}],"up":[{"embeddable":true,"href":"https:\/\/bibliapresente.com\/postagens\/wp-json\/wp\/v2\/pages\/847"}],"wp:featuredmedia":[{"embeddable":true,"href":"https:\/\/bibliapresente.com\/postagens\/wp-json\/wp\/v2\/media\/848"}],"wp:attachment":[{"href":"https:\/\/bibliapresente.com\/postagens\/wp-json\/wp\/v2\/media?parent=888"}],"curies":[{"name":"wp","href":"https:\/\/api.w.org\/{rel}","templated":true}]}}