{"id":886,"date":"2025-02-07T15:23:22","date_gmt":"2025-02-07T18:23:22","guid":{"rendered":"https:\/\/bibliapresente.com\/postagens\/?page_id=886"},"modified":"2025-02-07T15:23:22","modified_gmt":"2025-02-07T18:23:22","slug":"deuteronomio-19","status":"publish","type":"page","link":"https:\/\/bibliapresente.com\/postagens\/livros-da-biblia\/deuteronomio\/deuteronomio-19\/","title":{"rendered":"Deuteron\u00f4mio 19 &#8211; Ref\u00fagio e Testemunhas"},"content":{"rendered":"\n<p class=\"has-medium-font-size\" style=\"letter-spacing:1px\"><span><span><sup><b>1<\/b><\/sup><\/span> Quando o SENHOR teu Deus exterminar as na\u00e7\u00f5es, cuja terra o SENHOR teu Deus d\u00e1 a ti, e tu as herdares, e habitares em suas cidades, e em suas casas; <br><span><sup><b>2<\/b><\/sup><\/span> Separar\u00e1s tr\u00eas cidades em meio de tua terra que o SENHOR teu Deus te d\u00e1 para que a possuas. <br><span><sup><b>3<\/b><\/sup><\/span> Preparar\u00e1s o caminho, e dividir\u00e1s em tr\u00eas partes o termo de tua terra, que o SENHOR teu Deus te dar\u00e1 em heran\u00e7a, e ser\u00e1 para que todo homicida se fuja ali. <br><span><sup><b>4<\/b><\/sup><\/span> E este \u00e9 o caso do homicida que h\u00e1 de fugir ali, e viver\u00e1: o que ferir a seu pr\u00f3ximo por acidente, que n\u00e3o lhe tinha inimizade nem recente nem em passado distante: <br><span><sup><b>5<\/b><\/sup><\/span> Como o que foi com seu pr\u00f3ximo ao monte a cortar lenha, e pondo for\u00e7a com sua m\u00e3o no machado para cortar alguma lenha, saltou o ferro do fim, e encontrou a seu pr\u00f3ximo, e morreu; aquele fugir\u00e1 a uma daquelas cidades, e viver\u00e1; <br><span><sup><b>6<\/b><\/sup><\/span> N\u00e3o seja que o parente do morto v\u00e1 atr\u00e1s do homicida, quando se arder seu cora\u00e7\u00e3o, e o alcance por ser longo o caminho, e o fira de morte, n\u00e3o devendo ser condenado \u00e0 morte; porquanto n\u00e3o tinha inimizade nem recente nem em passado distante com o morto. <br><span><sup><b>7<\/b><\/sup><\/span> Portanto eu te mando, dizendo: Tr\u00eas cidades separar\u00e1s. <br><span><sup><b>8<\/b><\/sup><\/span> E se o SENHOR teu Deus alargar teu termo, como o jurou a teus pais, e te der toda a terra que disse a teus pais que havia de dar; <br><span><sup><b>9<\/b><\/sup><\/span> Quando guardasses todos estes mandamentos, que eu te prescrevo hoje, para pratic\u00e1-los, que ames ao SENHOR teu Deus e andes em seus caminhos todos os dias, ent\u00e3o acrescentar\u00e1s tr\u00eas cidades a mais destas tr\u00eas; <br><span><sup><b>10<\/b><\/sup><\/span> Para que n\u00e3o seja derramado sangue inocente em meio de tua terra, que o SENHOR teu Deus te d\u00e1 por heran\u00e7a, e seja sobre ti sangue. <br><span><sup><b>11<\/b><\/sup><\/span> Mas quando houver algu\u00e9m que aborrecer a seu pr\u00f3ximo, e o espreitar, e se levantar sobre ele, e o ferir de morte, e morrer, e fugir a alguma destas cidades; <br><span><sup><b>12<\/b><\/sup><\/span> Ent\u00e3o os anci\u00e3os de sua cidade enviar\u00e3o e o tirar\u00e3o dali, e o entregar\u00e3o em m\u00e3o do parente do morto, e morrer\u00e1. <br><span><sup><b>13<\/b><\/sup><\/span> N\u00e3o lhe perdoar\u00e1 teu olho: e tirar\u00e1s de Israel o sangue inocente, e te ir\u00e1 bem. <br><span><sup><b>14<\/b><\/sup><\/span> N\u00e3o reduzir\u00e1s o termo de teu pr\u00f3ximo, o qual assinalaram os antigos em tua heran\u00e7a, a que possu\u00edres na terra que o SENHOR teu Deus te d\u00e1 para que a possuas. <br><span><sup><b>15<\/b><\/sup><\/span> N\u00e3o valer\u00e1 uma testemunha contra ningu\u00e9m em qualquer delito, ou em qualquer pecado, em qualquer pecado que se cometer. No dito de duas testemunhas, ou no dito de tr\u00eas testemunhas consistir\u00e1 o neg\u00f3cio. <br><span><sup><b>16<\/b><\/sup><\/span> Quando se levantar testemunha falso contra algu\u00e9m, para testificar contra ele rebeli\u00e3o, <br><span><sup><b>17<\/b><\/sup><\/span> Ent\u00e3o os dois homens litigantes se apresentar\u00e3o diante do SENHOR, diante dos sacerdotes e ju\u00edzes que forem naqueles dias: <br><span><sup><b>18<\/b><\/sup><\/span> E os ju\u00edzes investigar\u00e3o bem, e se parecer ser aquela testemunha falsa, que testificou falsamente contra seu irm\u00e3o, <br><span><sup><b>19<\/b><\/sup><\/span> Fareis a ele como ele pensou fazer a seu irm\u00e3o: e tirar\u00e1s o mal do meio de ti. <br><span><sup><b>20<\/b><\/sup><\/span> E os que restarem ouvir\u00e3o, e temer\u00e3o, e n\u00e3o voltar\u00e3o mais a fazer uma m\u00e1 coisa como esta, em meio de ti. <br><span><sup><b>21<\/b><\/sup><\/span> E n\u00e3o perdoar\u00e1 teu olho: vida por vida, olho por olho, dente por dente, m\u00e3o por meio, p\u00e9 por p\u00e9.<\/span><\/p>\n\n\n\n<div class=\"wp-block-columns is-layout-flex wp-container-core-columns-is-layout-9d6595d7 wp-block-columns-is-layout-flex\">\n<div class=\"wp-block-column is-layout-flow wp-block-column-is-layout-flow\">\n<p><a href=\"\/deuteronomio-18\" title=\"\">Deuteron\u00f4mio 18<\/a><\/p>\n<\/div>\n\n\n\n<div class=\"wp-block-column is-layout-flow wp-block-column-is-layout-flow\">\n<p class=\"has-text-align-right\"><a href=\"\/deuteronomio-3\" title=\"\"><\/a><a href=\"\/deuteronomio-20\" title=\"\">Deuteron\u00f4mio 20<\/a><\/p>\n<\/div>\n<\/div>\n\n\n\n<h2 class=\"wp-block-heading\">Descri\u00e7\u00e3o &#8211; Deuteron\u00f4mio 19<\/h2>\n\n\n\n<p class=\"has-medium-font-size\">Deuteron\u00f4mio 19 trata das cidades de ref\u00fagio, onde as pessoas que cometem homic\u00eddios acidentais podem encontrar prote\u00e7\u00e3o. O cap\u00edtulo detalha a necessidade de estabelecer essas cidades para garantir justi\u00e7a e seguran\u00e7a, evitando vingan\u00e7a injusta por parte dos parentes das v\u00edtimas. Al\u00e9m disso, o texto enfatiza a import\u00e2ncia de estabelecer testemunhos confi\u00e1veis e a puni\u00e7\u00e3o para falsas acusa\u00e7\u00f5es. O cap\u00edtulo tamb\u00e9m aborda a quest\u00e3o das fronteiras de Israel e a preserva\u00e7\u00e3o da justi\u00e7a, como parte das instru\u00e7\u00f5es que Mois\u00e9s deu ao povo antes de entrarem na terra prometida, refor\u00e7ando a necessidade de viver conforme as leis divinas.<\/p>\n\n\n\n<h3 class=\"wp-block-heading\">Livro do Deuteron\u00f4mio:<\/h3>\n\n\n<ul class=\"wp-block-page-list\"><li class=\"wp-block-pages-list__item\"><a class=\"wp-block-pages-list__item__link\" href=\"https:\/\/bibliapresente.com\/postagens\/livros-da-biblia\/deuteronomio\/deuteronomio-1\/\">Deuteron\u00f4mio 1 &#8211; A Jornada no Deserto<\/a><\/li><li class=\"wp-block-pages-list__item\"><a class=\"wp-block-pages-list__item__link\" href=\"https:\/\/bibliapresente.com\/postagens\/livros-da-biblia\/deuteronomio\/deuteronomio-2\/\">Deuteron\u00f4mio 2 &#8211; Vit\u00f3rias em Seom e Ogue<\/a><\/li><li class=\"wp-block-pages-list__item\"><a class=\"wp-block-pages-list__item__link\" href=\"https:\/\/bibliapresente.com\/postagens\/livros-da-biblia\/deuteronomio\/deuteronomio-3\/\">Deuteron\u00f4mio 3 &#8211; Revis\u00e3o das Conquistas<\/a><\/li><li class=\"wp-block-pages-list__item\"><a class=\"wp-block-pages-list__item__link\" href=\"https:\/\/bibliapresente.com\/postagens\/livros-da-biblia\/deuteronomio\/deuteronomio-4\/\">Deuteron\u00f4mio 4 &#8211; Advert\u00eancias<\/a><\/li><li class=\"wp-block-pages-list__item\"><a class=\"wp-block-pages-list__item__link\" href=\"https:\/\/bibliapresente.com\/postagens\/livros-da-biblia\/deuteronomio\/deuteronomio-5\/\">Deuteron\u00f4mio 5 &#8211; Os Dez Mandamentos<\/a><\/li><li class=\"wp-block-pages-list__item\"><a class=\"wp-block-pages-list__item__link\" href=\"https:\/\/bibliapresente.com\/postagens\/livros-da-biblia\/deuteronomio\/deuteronomio-6\/\">Deuteron\u00f4mio 6 &#8211; Mandamento: Amar a Deus<\/a><\/li><li class=\"wp-block-pages-list__item\"><a class=\"wp-block-pages-list__item__link\" href=\"https:\/\/bibliapresente.com\/postagens\/livros-da-biblia\/deuteronomio\/deuteronomio-7\/\">Deuteron\u00f4mio 7 &#8211; Israel, o Povo Escolhido<\/a><\/li><li class=\"wp-block-pages-list__item\"><a class=\"wp-block-pages-list__item__link\" href=\"https:\/\/bibliapresente.com\/postagens\/livros-da-biblia\/deuteronomio\/deuteronomio-8\/\">Deuteron\u00f4mio 8 &#8211; Guardar os Mandamentos<\/a><\/li><li class=\"wp-block-pages-list__item\"><a class=\"wp-block-pages-list__item__link\" href=\"https:\/\/bibliapresente.com\/postagens\/livros-da-biblia\/deuteronomio\/deuteronomio-9\/\">Deuteron\u00f4mio 9 &#8211; Rebeli\u00f5es de Israel<\/a><\/li><li class=\"wp-block-pages-list__item\"><a class=\"wp-block-pages-list__item__link\" href=\"https:\/\/bibliapresente.com\/postagens\/livros-da-biblia\/deuteronomio\/deuteronomio-10\/\">Deuteron\u00f4mio 10 &#8211; A Arca da Alian\u00e7a<\/a><\/li><li class=\"wp-block-pages-list__item\"><a class=\"wp-block-pages-list__item__link\" href=\"https:\/\/bibliapresente.com\/postagens\/livros-da-biblia\/deuteronomio\/deuteronomio-11\/\">Deuteron\u00f4mio 11 &#8211; B\u00ean\u00e7\u00e3os da Obedi\u00eancia<\/a><\/li><li class=\"wp-block-pages-list__item\"><a class=\"wp-block-pages-list__item__link\" href=\"https:\/\/bibliapresente.com\/postagens\/livros-da-biblia\/deuteronomio\/deuteronomio-12\/\">Deuteron\u00f4mio 12 &#8211; O Lugar de Adora\u00e7\u00e3o<\/a><\/li><li class=\"wp-block-pages-list__item\"><a class=\"wp-block-pages-list__item__link\" href=\"https:\/\/bibliapresente.com\/postagens\/livros-da-biblia\/deuteronomio\/deuteronomio-13\/\">Deuteron\u00f4mio 13 &#8211; Contra Falsos Profetas<\/a><\/li><li class=\"wp-block-pages-list__item\"><a class=\"wp-block-pages-list__item__link\" href=\"https:\/\/bibliapresente.com\/postagens\/livros-da-biblia\/deuteronomio\/deuteronomio-14\/\">Deuteron\u00f4mio 14 &#8211; Alimentos e D\u00edzimo<\/a><\/li><li class=\"wp-block-pages-list__item\"><a class=\"wp-block-pages-list__item__link\" href=\"https:\/\/bibliapresente.com\/postagens\/livros-da-biblia\/deuteronomio\/deuteronomio-15\/\">Deuteron\u00f4mio 15 &#8211; O Ano da Remiss\u00e3o<\/a><\/li><li class=\"wp-block-pages-list__item\"><a class=\"wp-block-pages-list__item__link\" href=\"https:\/\/bibliapresente.com\/postagens\/livros-da-biblia\/deuteronomio\/deuteronomio-16\/\">Deuteron\u00f4mio 16 &#8211; As Festas Anuais<\/a><\/li><li class=\"wp-block-pages-list__item\"><a class=\"wp-block-pages-list__item__link\" href=\"https:\/\/bibliapresente.com\/postagens\/livros-da-biblia\/deuteronomio\/deuteronomio-17\/\">Deuteron\u00f4mio 17 &#8211; Reis e Sacerdotes<\/a><\/li><li class=\"wp-block-pages-list__item\"><a class=\"wp-block-pages-list__item__link\" href=\"https:\/\/bibliapresente.com\/postagens\/livros-da-biblia\/deuteronomio\/deuteronomio-18\/\">Deuteron\u00f4mio 18 &#8211; Direitos dos Sacerdotes<\/a><\/li><li class=\"wp-block-pages-list__item\"><a class=\"wp-block-pages-list__item__link\" href=\"https:\/\/bibliapresente.com\/postagens\/livros-da-biblia\/deuteronomio\/deuteronomio-19\/\">Deuteron\u00f4mio 19 &#8211; Ref\u00fagio e Testemunhas<\/a><\/li><li class=\"wp-block-pages-list__item\"><a class=\"wp-block-pages-list__item__link\" href=\"https:\/\/bibliapresente.com\/postagens\/livros-da-biblia\/deuteronomio\/deuteronomio-20\/\">Deuteron\u00f4mio 20 &#8211; Leis para a Guerra<\/a><\/li><li class=\"wp-block-pages-list__item\"><a class=\"wp-block-pages-list__item__link\" href=\"https:\/\/bibliapresente.com\/postagens\/livros-da-biblia\/deuteronomio\/deuteronomio-21\/\">Deuteron\u00f4mio 21 &#8211; Leis para a Justi\u00e7a<\/a><\/li><li class=\"wp-block-pages-list__item\"><a class=\"wp-block-pages-list__item__link\" href=\"https:\/\/bibliapresente.com\/postagens\/livros-da-biblia\/deuteronomio\/deuteronomio-22\/\">Deuteron\u00f4mio 22 &#8211; Regras para Conduta<\/a><\/li><li class=\"wp-block-pages-list__item\"><a class=\"wp-block-pages-list__item__link\" href=\"https:\/\/bibliapresente.com\/postagens\/livros-da-biblia\/deuteronomio\/deuteronomio-23\/\">Deuteron\u00f4mio 23 &#8211; Leis da Congrega\u00e7\u00e3o<\/a><\/li><li class=\"wp-block-pages-list__item\"><a class=\"wp-block-pages-list__item__link\" href=\"https:\/\/bibliapresente.com\/postagens\/livros-da-biblia\/deuteronomio\/deuteronomio-24\/\">Deuteron\u00f4mio 24 &#8211; Fam\u00edlia e Justi\u00e7a Social<\/a><\/li><li class=\"wp-block-pages-list__item\"><a class=\"wp-block-pages-list__item__link\" href=\"https:\/\/bibliapresente.com\/postagens\/livros-da-biblia\/deuteronomio\/deuteronomio-25\/\">Deuteron\u00f4mio 25 &#8211; Leis sobre Retalia\u00e7\u00e3o<\/a><\/li><li class=\"wp-block-pages-list__item\"><a class=\"wp-block-pages-list__item__link\" href=\"https:\/\/bibliapresente.com\/postagens\/livros-da-biblia\/deuteronomio\/deuteronomio-26\/\">Deuteron\u00f4mio 26 &#8211; A Fidelidade a Deus<\/a><\/li><li class=\"wp-block-pages-list__item\"><a class=\"wp-block-pages-list__item__link\" href=\"https:\/\/bibliapresente.com\/postagens\/livros-da-biblia\/deuteronomio\/deuteronomio-27\/\">Deuteron\u00f4mio 27 &#8211; Maldi\u00e7\u00f5es no Monte Ebal<\/a><\/li><li class=\"wp-block-pages-list__item\"><a class=\"wp-block-pages-list__item__link\" href=\"https:\/\/bibliapresente.com\/postagens\/livros-da-biblia\/deuteronomio\/deuteronomio-28\/\">Deuteron\u00f4mio 28 &#8211; Sobre a Alian\u00e7a<\/a><\/li><li class=\"wp-block-pages-list__item\"><a class=\"wp-block-pages-list__item__link\" href=\"https:\/\/bibliapresente.com\/postagens\/livros-da-biblia\/deuteronomio\/deuteronomio-29\/\">Deuteron\u00f4mio 29 &#8211; Renova\u00e7\u00e3o da Alian\u00e7a<\/a><\/li><li class=\"wp-block-pages-list__item\"><a class=\"wp-block-pages-list__item__link\" href=\"https:\/\/bibliapresente.com\/postagens\/livros-da-biblia\/deuteronomio\/deuteronomio-30\/\">Deuteron\u00f4mio 30 &#8211; Promessa de Restaura\u00e7\u00e3o<\/a><\/li><li class=\"wp-block-pages-list__item\"><a class=\"wp-block-pages-list__item__link\" href=\"https:\/\/bibliapresente.com\/postagens\/livros-da-biblia\/deuteronomio\/deuteronomio-31\/\">Deuteron\u00f4mio 31 &#8211; Mois\u00e9s Prepara Josu\u00e9<\/a><\/li><li class=\"wp-block-pages-list__item\"><a class=\"wp-block-pages-list__item__link\" href=\"https:\/\/bibliapresente.com\/postagens\/livros-da-biblia\/deuteronomio\/deuteronomio-32\/\">Deuteron\u00f4mio 32 &#8211; O C\u00e2ntico de Mois\u00e9s<\/a><\/li><li class=\"wp-block-pages-list__item\"><a class=\"wp-block-pages-list__item__link\" href=\"https:\/\/bibliapresente.com\/postagens\/livros-da-biblia\/deuteronomio\/deuteronomio-33\/\">Deuteron\u00f4mio 33 &#8211; B\u00ean\u00e7\u00e3os de Mois\u00e9s<\/a><\/li><li class=\"wp-block-pages-list__item\"><a class=\"wp-block-pages-list__item__link\" href=\"https:\/\/bibliapresente.com\/postagens\/livros-da-biblia\/deuteronomio\/deuteronomio-34\/\">Deuteron\u00f4mio 34 &#8211; A Morte de Mois\u00e9s<\/a><\/li><\/ul>\n\n\n<p><\/p>\n","protected":false},"excerpt":{"rendered":"<p>1 Quando o SENHOR teu Deus exterminar as na\u00e7\u00f5es, cuja terra o SENHOR teu Deus d\u00e1 a ti, e tu as herdares, e habitares em suas cidades, e em suas casas; 2 Separar\u00e1s tr\u00eas cidades em meio de tua terra que o SENHOR teu Deus te d\u00e1 para que a possuas. 3 Preparar\u00e1s o caminho, &hellip; <\/p>\n","protected":false},"author":2,"featured_media":848,"parent":847,"menu_order":19,"comment_status":"closed","ping_status":"closed","template":"","meta":{"om_disable_all_campaigns":false,"_monsterinsights_skip_tracking":false,"_monsterinsights_sitenote_active":false,"_monsterinsights_sitenote_note":"","_monsterinsights_sitenote_category":0,"footnotes":""},"class_list":["post-886","page","type-page","status-publish","has-post-thumbnail","hentry"],"aioseo_notices":[],"_links":{"self":[{"href":"https:\/\/bibliapresente.com\/postagens\/wp-json\/wp\/v2\/pages\/886","targetHints":{"allow":["GET"]}}],"collection":[{"href":"https:\/\/bibliapresente.com\/postagens\/wp-json\/wp\/v2\/pages"}],"about":[{"href":"https:\/\/bibliapresente.com\/postagens\/wp-json\/wp\/v2\/types\/page"}],"author":[{"embeddable":true,"href":"https:\/\/bibliapresente.com\/postagens\/wp-json\/wp\/v2\/users\/2"}],"replies":[{"embeddable":true,"href":"https:\/\/bibliapresente.com\/postagens\/wp-json\/wp\/v2\/comments?post=886"}],"version-history":[{"count":5,"href":"https:\/\/bibliapresente.com\/postagens\/wp-json\/wp\/v2\/pages\/886\/revisions"}],"predecessor-version":[{"id":1571,"href":"https:\/\/bibliapresente.com\/postagens\/wp-json\/wp\/v2\/pages\/886\/revisions\/1571"}],"up":[{"embeddable":true,"href":"https:\/\/bibliapresente.com\/postagens\/wp-json\/wp\/v2\/pages\/847"}],"wp:featuredmedia":[{"embeddable":true,"href":"https:\/\/bibliapresente.com\/postagens\/wp-json\/wp\/v2\/media\/848"}],"wp:attachment":[{"href":"https:\/\/bibliapresente.com\/postagens\/wp-json\/wp\/v2\/media?parent=886"}],"curies":[{"name":"wp","href":"https:\/\/api.w.org\/{rel}","templated":true}]}}