{"id":884,"date":"2025-02-07T15:22:12","date_gmt":"2025-02-07T18:22:12","guid":{"rendered":"https:\/\/bibliapresente.com\/postagens\/?page_id=884"},"modified":"2025-02-07T15:22:13","modified_gmt":"2025-02-07T18:22:13","slug":"deuteronomio-18","status":"publish","type":"page","link":"https:\/\/bibliapresente.com\/postagens\/livros-da-biblia\/deuteronomio\/deuteronomio-18\/","title":{"rendered":"Deuteron\u00f4mio 18 &#8211; Direitos dos Sacerdotes"},"content":{"rendered":"\n<p class=\"has-medium-font-size\" style=\"letter-spacing:1px\"><span><span><sup><b>1<\/b><\/sup><\/span> Os sacerdotes levitas, toda a tribo de Levi, n\u00e3o ter\u00e3o parte nem heran\u00e7a com Israel; das ofertas acendidas ao SENHOR, e da heran\u00e7a dele comer\u00e3o. <br><span><sup><b>2<\/b><\/sup><\/span> N\u00e3o ter\u00e3o, pois, heran\u00e7a entre seus irm\u00e3os: o SENHOR \u00e9 a sua heran\u00e7a, como ele lhes disse. <br><span><sup><b>3<\/b><\/sup><\/span> E este ser\u00e1 o direito dos sacerdotes da parte do povo, dos que oferecerem em sacrif\u00edcio boi ou cordeiro: dar\u00e3o ao sacerdote a retaguarda, e as queixadas, e o est\u00f4mago. <br><span><sup><b>4<\/b><\/sup><\/span> As prim\u00edcias de teus gr\u00e3os, de teu vinho, e de teu azeite, e as prim\u00edcias da l\u00e3 de tuas ovelhas lhe dar\u00e1s: <br><span><sup><b>5<\/b><\/sup><\/span> Porque o escolheu o SENHOR teu Deus de todas tuas tribos, para que esteja para ministrar ao nome do SENHOR, ele e seus filhos para sempre. <br><span><sup><b>6<\/b><\/sup><\/span> E quando o levita sair de alguma de tuas cidades de todo Israel, onde houver peregrinado, e vier com todo desejo de sua alma ao lugar que o SENHOR escolher, <br><span><sup><b>7<\/b><\/sup><\/span> Ministrar\u00e1 ao nome do SENHOR seu Deus, como todos os seus irm\u00e3os os levitas que estiverem ali diante do SENHOR. <br><span><sup><b>8<\/b><\/sup><\/span> Por\u00e7\u00e3o como a por\u00e7\u00e3o dos outros comer\u00e3o, al\u00e9m de seus patrim\u00f4nios. <br><span><sup><b>9<\/b><\/sup><\/span> Quando houveres entrado na terra que o SENHOR teu Deus te d\u00e1, n\u00e3o aprender\u00e1s a fazer segundo as abomina\u00e7\u00f5es daquelas na\u00e7\u00f5es. <br><span><sup><b>10<\/b><\/sup><\/span> N\u00e3o seja achado em ti quem fa\u00e7a passar seu filho ou sua filha pelo fogo, nem praticante de adivinha\u00e7\u00f5es, nem agoureiro, nem interpretador de press\u00e1gios, nem feiticeiro, <br><span><sup><b>11<\/b><\/sup><\/span> Nem quem fale encantamentos, nem quem pergunte a esp\u00edrito, nem m\u00e1gico, nem quem pergunte aos mortos. <br><span><sup><b>12<\/b><\/sup><\/span> Porque \u00e9 abomina\u00e7\u00e3o ao SENHOR qualquer um que faz estas coisas, e por estas abomina\u00e7\u00f5es o SENHOR teu Deus as expulsou de diante de ti. <br><span><sup><b>13<\/b><\/sup><\/span> Perfeito ser\u00e1s com o SENHOR teu Deus. <br><span><sup><b>14<\/b><\/sup><\/span> Porque estas na\u00e7\u00f5es que h\u00e1s de herdar, a encantadores e feiticeiros ouviam: mas tu, n\u00e3o assim te deu o SENHOR teu Deus. <br><span><sup><b>15<\/b><\/sup><\/span> Profeta do meio de ti, de teus irm\u00e3os, como eu, te levantar\u00e1 o SENHOR teu Deus: a ele ouvireis: <br><span><sup><b>16<\/b><\/sup><\/span> Conforme tudo o que pediste ao SENHOR teu Deus em Horebe no dia da assembleia, dizendo: N\u00e3o volte eu a ouvir a voz do SENHOR meu Deus, nem veja eu mais este grande fogo, para que n\u00e3o morra. <br><span><sup><b>17<\/b><\/sup><\/span> E o SENHOR me disse: Bem disseram. <br><span><sup><b>18<\/b><\/sup><\/span> Profeta lhes suscitarei do meio de seus irm\u00e3os, como tu; e porei minhas palavras em sua boca, e ele lhes falar\u00e1 tudo o que eu lhe mandar. <br><span><sup><b>19<\/b><\/sup><\/span> Mas ser\u00e1, que qualquer um que n\u00e3o ouvir minhas palavras que ele falar em meu nome, eu lhe exigirei prestar contas. <br><span><sup><b>20<\/b><\/sup><\/span> Por\u00e9m o profeta que presumir falar palavra em meu nome, que eu n\u00e3o lhe tenha mandado falar, ou que falar em nome de deuses alheios, o tal profeta morrer\u00e1. <br><span><sup><b>21<\/b><\/sup><\/span> E se disseres em teu cora\u00e7\u00e3o: Como conheceremos a palavra que o SENHOR n\u00e3o houver falado? <br><span><sup><b>22<\/b><\/sup><\/span> Quando o profeta falar em nome do SENHOR, e n\u00e3o for a tal coisa, nem vier, \u00e9 palavra que o SENHOR n\u00e3o falou: com soberba a falou aquele profeta: n\u00e3o tenhas medo dele.<\/span><\/p>\n\n\n\n<div class=\"wp-block-columns is-layout-flex wp-container-core-columns-is-layout-9d6595d7 wp-block-columns-is-layout-flex\">\n<div class=\"wp-block-column is-layout-flow wp-block-column-is-layout-flow\">\n<p><a href=\"\/deuteronomio-17\" title=\"\">Deuteron\u00f4mio 17<\/a><\/p>\n<\/div>\n\n\n\n<div class=\"wp-block-column is-layout-flow wp-block-column-is-layout-flow\">\n<p class=\"has-text-align-right\"><a href=\"\/deuteronomio-3\" title=\"\"><\/a><a href=\"\/deuteronomio-19\" title=\"\">Deuteron\u00f4mio 19<\/a><\/p>\n<\/div>\n<\/div>\n\n\n\n<h2 class=\"wp-block-heading\">Descri\u00e7\u00e3o &#8211; Deuteron\u00f4mio 18<\/h2>\n\n\n\n<p class=\"has-medium-font-size\">Deuteron\u00f4mio 18 aborda as leis para os sacerdotes levitas, pr\u00e1ticas proibidas e a promessa de um profeta semelhante a Mois\u00e9s. O cap\u00edtulo destaca o direito dos levitas \u00e0 oferta de sacrif\u00edcios e \u00e0 por\u00e7\u00e3o das ofertas feitas pelo povo, garantindo sua subsist\u00eancia. Tamb\u00e9m adverte contra pr\u00e1ticas de adivinha\u00e7\u00e3o, feiti\u00e7aria e cultos aos mortos, que s\u00e3o abomin\u00e1veis para Deus. Al\u00e9m disso, \u00e9 anunciada a vinda de um profeta que falar\u00e1 em nome do Senhor, uma refer\u00eancia \u00e0 vinda de Jesus Cristo. O cap\u00edtulo, parte das instru\u00e7\u00f5es de Mois\u00e9s, refor\u00e7a a import\u00e2ncia da obedi\u00eancia \u00e0s leis divinas para prosperidade em Israel.<\/p>\n\n\n\n<h3 class=\"wp-block-heading\">Livro do Deuteron\u00f4mio:<\/h3>\n\n\n<ul class=\"wp-block-page-list\"><li class=\"wp-block-pages-list__item\"><a class=\"wp-block-pages-list__item__link\" href=\"https:\/\/bibliapresente.com\/postagens\/livros-da-biblia\/deuteronomio\/deuteronomio-1\/\">Deuteron\u00f4mio 1 &#8211; A Jornada no Deserto<\/a><\/li><li class=\"wp-block-pages-list__item\"><a class=\"wp-block-pages-list__item__link\" href=\"https:\/\/bibliapresente.com\/postagens\/livros-da-biblia\/deuteronomio\/deuteronomio-2\/\">Deuteron\u00f4mio 2 &#8211; Vit\u00f3rias em Seom e Ogue<\/a><\/li><li class=\"wp-block-pages-list__item\"><a class=\"wp-block-pages-list__item__link\" href=\"https:\/\/bibliapresente.com\/postagens\/livros-da-biblia\/deuteronomio\/deuteronomio-3\/\">Deuteron\u00f4mio 3 &#8211; Revis\u00e3o das Conquistas<\/a><\/li><li class=\"wp-block-pages-list__item\"><a class=\"wp-block-pages-list__item__link\" href=\"https:\/\/bibliapresente.com\/postagens\/livros-da-biblia\/deuteronomio\/deuteronomio-4\/\">Deuteron\u00f4mio 4 &#8211; Advert\u00eancias<\/a><\/li><li class=\"wp-block-pages-list__item\"><a class=\"wp-block-pages-list__item__link\" href=\"https:\/\/bibliapresente.com\/postagens\/livros-da-biblia\/deuteronomio\/deuteronomio-5\/\">Deuteron\u00f4mio 5 &#8211; Os Dez Mandamentos<\/a><\/li><li class=\"wp-block-pages-list__item\"><a class=\"wp-block-pages-list__item__link\" href=\"https:\/\/bibliapresente.com\/postagens\/livros-da-biblia\/deuteronomio\/deuteronomio-6\/\">Deuteron\u00f4mio 6 &#8211; Mandamento: Amar a Deus<\/a><\/li><li class=\"wp-block-pages-list__item\"><a class=\"wp-block-pages-list__item__link\" href=\"https:\/\/bibliapresente.com\/postagens\/livros-da-biblia\/deuteronomio\/deuteronomio-7\/\">Deuteron\u00f4mio 7 &#8211; Israel, o Povo Escolhido<\/a><\/li><li class=\"wp-block-pages-list__item\"><a class=\"wp-block-pages-list__item__link\" href=\"https:\/\/bibliapresente.com\/postagens\/livros-da-biblia\/deuteronomio\/deuteronomio-8\/\">Deuteron\u00f4mio 8 &#8211; Guardar os Mandamentos<\/a><\/li><li class=\"wp-block-pages-list__item\"><a class=\"wp-block-pages-list__item__link\" href=\"https:\/\/bibliapresente.com\/postagens\/livros-da-biblia\/deuteronomio\/deuteronomio-9\/\">Deuteron\u00f4mio 9 &#8211; Rebeli\u00f5es de Israel<\/a><\/li><li class=\"wp-block-pages-list__item\"><a class=\"wp-block-pages-list__item__link\" href=\"https:\/\/bibliapresente.com\/postagens\/livros-da-biblia\/deuteronomio\/deuteronomio-10\/\">Deuteron\u00f4mio 10 &#8211; A Arca da Alian\u00e7a<\/a><\/li><li class=\"wp-block-pages-list__item\"><a class=\"wp-block-pages-list__item__link\" href=\"https:\/\/bibliapresente.com\/postagens\/livros-da-biblia\/deuteronomio\/deuteronomio-11\/\">Deuteron\u00f4mio 11 &#8211; B\u00ean\u00e7\u00e3os da Obedi\u00eancia<\/a><\/li><li class=\"wp-block-pages-list__item\"><a class=\"wp-block-pages-list__item__link\" href=\"https:\/\/bibliapresente.com\/postagens\/livros-da-biblia\/deuteronomio\/deuteronomio-12\/\">Deuteron\u00f4mio 12 &#8211; O Lugar de Adora\u00e7\u00e3o<\/a><\/li><li class=\"wp-block-pages-list__item\"><a class=\"wp-block-pages-list__item__link\" href=\"https:\/\/bibliapresente.com\/postagens\/livros-da-biblia\/deuteronomio\/deuteronomio-13\/\">Deuteron\u00f4mio 13 &#8211; Contra Falsos Profetas<\/a><\/li><li class=\"wp-block-pages-list__item\"><a class=\"wp-block-pages-list__item__link\" href=\"https:\/\/bibliapresente.com\/postagens\/livros-da-biblia\/deuteronomio\/deuteronomio-14\/\">Deuteron\u00f4mio 14 &#8211; Alimentos e D\u00edzimo<\/a><\/li><li class=\"wp-block-pages-list__item\"><a class=\"wp-block-pages-list__item__link\" href=\"https:\/\/bibliapresente.com\/postagens\/livros-da-biblia\/deuteronomio\/deuteronomio-15\/\">Deuteron\u00f4mio 15 &#8211; O Ano da Remiss\u00e3o<\/a><\/li><li class=\"wp-block-pages-list__item\"><a class=\"wp-block-pages-list__item__link\" href=\"https:\/\/bibliapresente.com\/postagens\/livros-da-biblia\/deuteronomio\/deuteronomio-16\/\">Deuteron\u00f4mio 16 &#8211; As Festas Anuais<\/a><\/li><li class=\"wp-block-pages-list__item\"><a class=\"wp-block-pages-list__item__link\" href=\"https:\/\/bibliapresente.com\/postagens\/livros-da-biblia\/deuteronomio\/deuteronomio-17\/\">Deuteron\u00f4mio 17 &#8211; Reis e Sacerdotes<\/a><\/li><li class=\"wp-block-pages-list__item\"><a class=\"wp-block-pages-list__item__link\" href=\"https:\/\/bibliapresente.com\/postagens\/livros-da-biblia\/deuteronomio\/deuteronomio-18\/\">Deuteron\u00f4mio 18 &#8211; Direitos dos Sacerdotes<\/a><\/li><li class=\"wp-block-pages-list__item\"><a class=\"wp-block-pages-list__item__link\" href=\"https:\/\/bibliapresente.com\/postagens\/livros-da-biblia\/deuteronomio\/deuteronomio-19\/\">Deuteron\u00f4mio 19 &#8211; Ref\u00fagio e Testemunhas<\/a><\/li><li class=\"wp-block-pages-list__item\"><a class=\"wp-block-pages-list__item__link\" href=\"https:\/\/bibliapresente.com\/postagens\/livros-da-biblia\/deuteronomio\/deuteronomio-20\/\">Deuteron\u00f4mio 20 &#8211; Leis para a Guerra<\/a><\/li><li class=\"wp-block-pages-list__item\"><a class=\"wp-block-pages-list__item__link\" href=\"https:\/\/bibliapresente.com\/postagens\/livros-da-biblia\/deuteronomio\/deuteronomio-21\/\">Deuteron\u00f4mio 21 &#8211; Leis para a Justi\u00e7a<\/a><\/li><li class=\"wp-block-pages-list__item\"><a class=\"wp-block-pages-list__item__link\" href=\"https:\/\/bibliapresente.com\/postagens\/livros-da-biblia\/deuteronomio\/deuteronomio-22\/\">Deuteron\u00f4mio 22 &#8211; Regras para Conduta<\/a><\/li><li class=\"wp-block-pages-list__item\"><a class=\"wp-block-pages-list__item__link\" href=\"https:\/\/bibliapresente.com\/postagens\/livros-da-biblia\/deuteronomio\/deuteronomio-23\/\">Deuteron\u00f4mio 23 &#8211; Leis da Congrega\u00e7\u00e3o<\/a><\/li><li class=\"wp-block-pages-list__item\"><a class=\"wp-block-pages-list__item__link\" href=\"https:\/\/bibliapresente.com\/postagens\/livros-da-biblia\/deuteronomio\/deuteronomio-24\/\">Deuteron\u00f4mio 24 &#8211; Fam\u00edlia e Justi\u00e7a Social<\/a><\/li><li class=\"wp-block-pages-list__item\"><a class=\"wp-block-pages-list__item__link\" href=\"https:\/\/bibliapresente.com\/postagens\/livros-da-biblia\/deuteronomio\/deuteronomio-25\/\">Deuteron\u00f4mio 25 &#8211; Leis sobre Retalia\u00e7\u00e3o<\/a><\/li><li class=\"wp-block-pages-list__item\"><a class=\"wp-block-pages-list__item__link\" href=\"https:\/\/bibliapresente.com\/postagens\/livros-da-biblia\/deuteronomio\/deuteronomio-26\/\">Deuteron\u00f4mio 26 &#8211; A Fidelidade a Deus<\/a><\/li><li class=\"wp-block-pages-list__item\"><a class=\"wp-block-pages-list__item__link\" href=\"https:\/\/bibliapresente.com\/postagens\/livros-da-biblia\/deuteronomio\/deuteronomio-27\/\">Deuteron\u00f4mio 27 &#8211; Maldi\u00e7\u00f5es no Monte Ebal<\/a><\/li><li class=\"wp-block-pages-list__item\"><a class=\"wp-block-pages-list__item__link\" href=\"https:\/\/bibliapresente.com\/postagens\/livros-da-biblia\/deuteronomio\/deuteronomio-28\/\">Deuteron\u00f4mio 28 &#8211; Sobre a Alian\u00e7a<\/a><\/li><li class=\"wp-block-pages-list__item\"><a class=\"wp-block-pages-list__item__link\" href=\"https:\/\/bibliapresente.com\/postagens\/livros-da-biblia\/deuteronomio\/deuteronomio-29\/\">Deuteron\u00f4mio 29 &#8211; Renova\u00e7\u00e3o da Alian\u00e7a<\/a><\/li><li class=\"wp-block-pages-list__item\"><a class=\"wp-block-pages-list__item__link\" href=\"https:\/\/bibliapresente.com\/postagens\/livros-da-biblia\/deuteronomio\/deuteronomio-30\/\">Deuteron\u00f4mio 30 &#8211; Promessa de Restaura\u00e7\u00e3o<\/a><\/li><li class=\"wp-block-pages-list__item\"><a class=\"wp-block-pages-list__item__link\" href=\"https:\/\/bibliapresente.com\/postagens\/livros-da-biblia\/deuteronomio\/deuteronomio-31\/\">Deuteron\u00f4mio 31 &#8211; Mois\u00e9s Prepara Josu\u00e9<\/a><\/li><li class=\"wp-block-pages-list__item\"><a class=\"wp-block-pages-list__item__link\" href=\"https:\/\/bibliapresente.com\/postagens\/livros-da-biblia\/deuteronomio\/deuteronomio-32\/\">Deuteron\u00f4mio 32 &#8211; O C\u00e2ntico de Mois\u00e9s<\/a><\/li><li class=\"wp-block-pages-list__item\"><a class=\"wp-block-pages-list__item__link\" href=\"https:\/\/bibliapresente.com\/postagens\/livros-da-biblia\/deuteronomio\/deuteronomio-33\/\">Deuteron\u00f4mio 33 &#8211; B\u00ean\u00e7\u00e3os de Mois\u00e9s<\/a><\/li><li class=\"wp-block-pages-list__item\"><a class=\"wp-block-pages-list__item__link\" href=\"https:\/\/bibliapresente.com\/postagens\/livros-da-biblia\/deuteronomio\/deuteronomio-34\/\">Deuteron\u00f4mio 34 &#8211; A Morte de Mois\u00e9s<\/a><\/li><\/ul>\n\n\n<p><\/p>\n","protected":false},"excerpt":{"rendered":"<p>1 Os sacerdotes levitas, toda a tribo de Levi, n\u00e3o ter\u00e3o parte nem heran\u00e7a com Israel; das ofertas acendidas ao SENHOR, e da heran\u00e7a dele comer\u00e3o. 2 N\u00e3o ter\u00e3o, pois, heran\u00e7a entre seus irm\u00e3os: o SENHOR \u00e9 a sua heran\u00e7a, como ele lhes disse. 3 E este ser\u00e1 o direito dos sacerdotes da parte do &hellip; <\/p>\n","protected":false},"author":2,"featured_media":848,"parent":847,"menu_order":18,"comment_status":"closed","ping_status":"closed","template":"","meta":{"om_disable_all_campaigns":false,"_monsterinsights_skip_tracking":false,"_monsterinsights_sitenote_active":false,"_monsterinsights_sitenote_note":"","_monsterinsights_sitenote_category":0,"footnotes":""},"class_list":["post-884","page","type-page","status-publish","has-post-thumbnail","hentry"],"aioseo_notices":[],"_links":{"self":[{"href":"https:\/\/bibliapresente.com\/postagens\/wp-json\/wp\/v2\/pages\/884","targetHints":{"allow":["GET"]}}],"collection":[{"href":"https:\/\/bibliapresente.com\/postagens\/wp-json\/wp\/v2\/pages"}],"about":[{"href":"https:\/\/bibliapresente.com\/postagens\/wp-json\/wp\/v2\/types\/page"}],"author":[{"embeddable":true,"href":"https:\/\/bibliapresente.com\/postagens\/wp-json\/wp\/v2\/users\/2"}],"replies":[{"embeddable":true,"href":"https:\/\/bibliapresente.com\/postagens\/wp-json\/wp\/v2\/comments?post=884"}],"version-history":[{"count":5,"href":"https:\/\/bibliapresente.com\/postagens\/wp-json\/wp\/v2\/pages\/884\/revisions"}],"predecessor-version":[{"id":1570,"href":"https:\/\/bibliapresente.com\/postagens\/wp-json\/wp\/v2\/pages\/884\/revisions\/1570"}],"up":[{"embeddable":true,"href":"https:\/\/bibliapresente.com\/postagens\/wp-json\/wp\/v2\/pages\/847"}],"wp:featuredmedia":[{"embeddable":true,"href":"https:\/\/bibliapresente.com\/postagens\/wp-json\/wp\/v2\/media\/848"}],"wp:attachment":[{"href":"https:\/\/bibliapresente.com\/postagens\/wp-json\/wp\/v2\/media?parent=884"}],"curies":[{"name":"wp","href":"https:\/\/api.w.org\/{rel}","templated":true}]}}