{"id":882,"date":"2025-02-07T15:21:16","date_gmt":"2025-02-07T18:21:16","guid":{"rendered":"https:\/\/bibliapresente.com\/postagens\/?page_id=882"},"modified":"2025-02-07T15:21:17","modified_gmt":"2025-02-07T18:21:17","slug":"deuteronomio-17","status":"publish","type":"page","link":"https:\/\/bibliapresente.com\/postagens\/livros-da-biblia\/deuteronomio\/deuteronomio-17\/","title":{"rendered":"Deuteron\u00f4mio 17 &#8211; Reis e Sacerdotes"},"content":{"rendered":"\n<p class=\"has-medium-font-size\" style=\"letter-spacing:1px\"><span><span><sup><b>1<\/b><\/sup><\/span> N\u00e3o sacrificar\u00e1s ao SENHOR teu Deus boi, ou cordeiro, no qual haja falta ou alguma coisa m\u00e1: porque \u00e9 abomina\u00e7\u00e3o ao SENHOR teu Deus. <br><span><sup><b>2<\/b><\/sup><\/span> Quando se achar entre ti, em alguma de tuas cidades que o SENHOR teu Deus te d\u00e1, homem, ou mulher, que tenha feito mal aos olhos do SENHOR teu Deus transgredido seu pacto, <br><span><sup><b>3<\/b><\/sup><\/span> Que houver ido e servido a deuses alheios, e se houver inclinado a eles, ora ao sol, ou \u00e0 lua, ou a todo o ex\u00e9rcito do c\u00e9u, o qual eu n\u00e3o mandei; <br><span><sup><b>4<\/b><\/sup><\/span> E te for dado aviso, e, depois que ouvires e houveres indagado bem, a coisa parece de verdade certa, que tal abomina\u00e7\u00e3o foi feita em Israel; <br><span><sup><b>5<\/b><\/sup><\/span> Ent\u00e3o tirar\u00e1s ao homem ou mulher que houver feito esta m\u00e1 coisa, a tuas portas, homem ou mulher, e os apedrejar\u00e1s com pedras, e assim morrer\u00e3o. <br><span><sup><b>6<\/b><\/sup><\/span> Por dito de duas testemunhas, ou de tr\u00eas testemunhas, morrer\u00e1 o que houver de morrer; n\u00e3o morrer\u00e1 pelo dito de uma s\u00f3 testemunha. <br><span><sup><b>7<\/b><\/sup><\/span> A m\u00e3o das testemunhas ser\u00e1 primeira sobre ele para mat\u00e1-lo, e depois a m\u00e3o de todo o povo: assim tirar\u00e1s o mal do meio de ti. <br><span><sup><b>8<\/b><\/sup><\/span> Quando alguma coisa te for oculta em ju\u00edzo entre sangue e sangue, entre causa e causa, e entre chaga e chaga, em neg\u00f3cios de litigio em tuas cidades; ent\u00e3o te levantar\u00e1s e recorrer\u00e1s ao lugar que o SENHOR teu Deus escolher; <br><span><sup><b>9<\/b><\/sup><\/span> E vir\u00e1s aos sacerdotes levitas, e ao juiz que for naqueles dias, e preguntar\u00e1s; e te ensinar\u00e3o a senten\u00e7a do ju\u00edzo. <br><span><sup><b>10<\/b><\/sup><\/span> E far\u00e1s segundo a senten\u00e7a que te indicarem os do lugar que o SENHOR escolher, e cuidar\u00e1s de fazer segundo tudo o que te manifestarem. <br><span><sup><b>11<\/b><\/sup><\/span> Segundo a lei que eles te ensinarem, e segundo o ju\u00edzo que te disserem, far\u00e1s: n\u00e3o te desviar\u00e1s nem \u00e0 direita nem \u00e0 esquerda da senten\u00e7a que te mostrarem. <br><span><sup><b>12<\/b><\/sup><\/span> E o homem que proceder com soberba, n\u00e3o obedecendo ao sacerdote que est\u00e1 para ministrar ali diante do SENHOR teu Deus, ou ao juiz, o tal homem morrer\u00e1: e tirar\u00e1s o mal de Israel. <br><span><sup><b>13<\/b><\/sup><\/span> E todo o povo ouvir\u00e1, e temer\u00e1, e n\u00e3o se ensoberbecer\u00e3o mais. <br><span><sup><b>14<\/b><\/sup><\/span> Quando houveres entrado na terra que o SENHOR teu Deus te d\u00e1, e a possu\u00edres, e habitares nela, e disseres: Porei rei sobre mim, como todas as na\u00e7\u00f5es que est\u00e3o em meus arredores; <br><span><sup><b>15<\/b><\/sup><\/span> Sem d\u00favida por\u00e1s por rei sobre ti ao que o SENHOR teu Deus escolher: dentre teus irm\u00e3os por\u00e1s rei sobre ti: n\u00e3o poder\u00e1s p\u00f4r sobre ti homem estrangeiro, que n\u00e3o seja teu irm\u00e3o. <br><span><sup><b>16<\/b><\/sup><\/span> Por\u00e9m que n\u00e3o se aumente cavalos, nem fa\u00e7a voltar o povo ao Egito para acrescentar cavalos: porque o SENHOR vos disse: N\u00e3o procurareis voltar mais por este caminho. <br><span><sup><b>17<\/b><\/sup><\/span> Nem aumentar\u00e1 para si mulheres, para que seu cora\u00e7\u00e3o n\u00e3o se desvie: nem prata nem ouro acrescentar\u00e1 para si em grande quantidade. <br><span><sup><b>18<\/b><\/sup><\/span> E ser\u00e1, quando se assentar sobre o trono de seu reino, que h\u00e1 de escrever para si em um livro uma c\u00f3pia desta lei, do original de diante dos sacerdotes levitas; <br><span><sup><b>19<\/b><\/sup><\/span> E o ter\u00e1 consigo, e ler\u00e1 nele todos os dias de sua vida, para que aprenda a temer ao SENHOR seu Deus, para guardar todas as palavras desta lei e estes estatutos, para pratic\u00e1-los: <br><span><sup><b>20<\/b><\/sup><\/span> Para que n\u00e3o se eleve seu cora\u00e7\u00e3o sobre seus irm\u00e3os, nem se desvie do mandamento \u00e0 direita nem \u00e0 esquerda; a fim que prolongue seus dias em seu reino, ele e seus filhos, em meio de Israel.<\/span><\/p>\n\n\n\n<div class=\"wp-block-columns is-layout-flex wp-container-core-columns-is-layout-9d6595d7 wp-block-columns-is-layout-flex\">\n<div class=\"wp-block-column is-layout-flow wp-block-column-is-layout-flow\">\n<p><a href=\"\/deuteronomio-16\" title=\"\">Deuteron\u00f4mio 16<\/a><\/p>\n<\/div>\n\n\n\n<div class=\"wp-block-column is-layout-flow wp-block-column-is-layout-flow\">\n<p class=\"has-text-align-right\"><a href=\"\/deuteronomio-3\" title=\"\"><\/a><a href=\"\/deuteronomio-18\" title=\"\">Deuteron\u00f4mio 18<\/a><\/p>\n<\/div>\n<\/div>\n\n\n\n<h2 class=\"wp-block-heading\">Descri\u00e7\u00e3o &#8211; Deuteron\u00f4mio 17<\/h2>\n\n\n\n<p class=\"has-medium-font-size\">Deuteron\u00f4mio 17 apresenta orienta\u00e7\u00f5es sobre a justi\u00e7a e a lideran\u00e7a em Israel. O cap\u00edtulo instrui sobre a puni\u00e7\u00e3o de crimes graves, como a idolatria e a adora\u00e7\u00e3o de deuses estrangeiros, determinando que esses atos devem ser punidos com a morte. Al\u00e9m disso, Mois\u00e9s orienta sobre a escolha de ju\u00edzes justos e a resolu\u00e7\u00e3o de disputas, assegurando a equidade no julgamento. O cap\u00edtulo tamb\u00e9m trata da institui\u00e7\u00e3o do rei, afirmando que ele deve seguir as leis de Deus e permanecer humilde. Em um contexto mais amplo, Deuteron\u00f4mio busca garantir uma sociedade justa, fiel e governada segundo os princ\u00edpios divinos.<\/p>\n\n\n\n<h3 class=\"wp-block-heading\">Livro do Deuteron\u00f4mio:<\/h3>\n\n\n<ul class=\"wp-block-page-list\"><li class=\"wp-block-pages-list__item\"><a class=\"wp-block-pages-list__item__link\" href=\"https:\/\/bibliapresente.com\/postagens\/livros-da-biblia\/deuteronomio\/deuteronomio-1\/\">Deuteron\u00f4mio 1 &#8211; A Jornada no Deserto<\/a><\/li><li class=\"wp-block-pages-list__item\"><a class=\"wp-block-pages-list__item__link\" href=\"https:\/\/bibliapresente.com\/postagens\/livros-da-biblia\/deuteronomio\/deuteronomio-2\/\">Deuteron\u00f4mio 2 &#8211; Vit\u00f3rias em Seom e Ogue<\/a><\/li><li class=\"wp-block-pages-list__item\"><a class=\"wp-block-pages-list__item__link\" href=\"https:\/\/bibliapresente.com\/postagens\/livros-da-biblia\/deuteronomio\/deuteronomio-3\/\">Deuteron\u00f4mio 3 &#8211; Revis\u00e3o das Conquistas<\/a><\/li><li class=\"wp-block-pages-list__item\"><a class=\"wp-block-pages-list__item__link\" href=\"https:\/\/bibliapresente.com\/postagens\/livros-da-biblia\/deuteronomio\/deuteronomio-4\/\">Deuteron\u00f4mio 4 &#8211; Advert\u00eancias<\/a><\/li><li class=\"wp-block-pages-list__item\"><a class=\"wp-block-pages-list__item__link\" href=\"https:\/\/bibliapresente.com\/postagens\/livros-da-biblia\/deuteronomio\/deuteronomio-5\/\">Deuteron\u00f4mio 5 &#8211; Os Dez Mandamentos<\/a><\/li><li class=\"wp-block-pages-list__item\"><a class=\"wp-block-pages-list__item__link\" href=\"https:\/\/bibliapresente.com\/postagens\/livros-da-biblia\/deuteronomio\/deuteronomio-6\/\">Deuteron\u00f4mio 6 &#8211; Mandamento: Amar a Deus<\/a><\/li><li class=\"wp-block-pages-list__item\"><a class=\"wp-block-pages-list__item__link\" href=\"https:\/\/bibliapresente.com\/postagens\/livros-da-biblia\/deuteronomio\/deuteronomio-7\/\">Deuteron\u00f4mio 7 &#8211; Israel, o Povo Escolhido<\/a><\/li><li class=\"wp-block-pages-list__item\"><a class=\"wp-block-pages-list__item__link\" href=\"https:\/\/bibliapresente.com\/postagens\/livros-da-biblia\/deuteronomio\/deuteronomio-8\/\">Deuteron\u00f4mio 8 &#8211; Guardar os Mandamentos<\/a><\/li><li class=\"wp-block-pages-list__item\"><a class=\"wp-block-pages-list__item__link\" href=\"https:\/\/bibliapresente.com\/postagens\/livros-da-biblia\/deuteronomio\/deuteronomio-9\/\">Deuteron\u00f4mio 9 &#8211; Rebeli\u00f5es de Israel<\/a><\/li><li class=\"wp-block-pages-list__item\"><a class=\"wp-block-pages-list__item__link\" href=\"https:\/\/bibliapresente.com\/postagens\/livros-da-biblia\/deuteronomio\/deuteronomio-10\/\">Deuteron\u00f4mio 10 &#8211; A Arca da Alian\u00e7a<\/a><\/li><li class=\"wp-block-pages-list__item\"><a class=\"wp-block-pages-list__item__link\" href=\"https:\/\/bibliapresente.com\/postagens\/livros-da-biblia\/deuteronomio\/deuteronomio-11\/\">Deuteron\u00f4mio 11 &#8211; B\u00ean\u00e7\u00e3os da Obedi\u00eancia<\/a><\/li><li class=\"wp-block-pages-list__item\"><a class=\"wp-block-pages-list__item__link\" href=\"https:\/\/bibliapresente.com\/postagens\/livros-da-biblia\/deuteronomio\/deuteronomio-12\/\">Deuteron\u00f4mio 12 &#8211; O Lugar de Adora\u00e7\u00e3o<\/a><\/li><li class=\"wp-block-pages-list__item\"><a class=\"wp-block-pages-list__item__link\" href=\"https:\/\/bibliapresente.com\/postagens\/livros-da-biblia\/deuteronomio\/deuteronomio-13\/\">Deuteron\u00f4mio 13 &#8211; Contra Falsos Profetas<\/a><\/li><li class=\"wp-block-pages-list__item\"><a class=\"wp-block-pages-list__item__link\" href=\"https:\/\/bibliapresente.com\/postagens\/livros-da-biblia\/deuteronomio\/deuteronomio-14\/\">Deuteron\u00f4mio 14 &#8211; Alimentos e D\u00edzimo<\/a><\/li><li class=\"wp-block-pages-list__item\"><a class=\"wp-block-pages-list__item__link\" href=\"https:\/\/bibliapresente.com\/postagens\/livros-da-biblia\/deuteronomio\/deuteronomio-15\/\">Deuteron\u00f4mio 15 &#8211; O Ano da Remiss\u00e3o<\/a><\/li><li class=\"wp-block-pages-list__item\"><a class=\"wp-block-pages-list__item__link\" href=\"https:\/\/bibliapresente.com\/postagens\/livros-da-biblia\/deuteronomio\/deuteronomio-16\/\">Deuteron\u00f4mio 16 &#8211; As Festas Anuais<\/a><\/li><li class=\"wp-block-pages-list__item\"><a class=\"wp-block-pages-list__item__link\" href=\"https:\/\/bibliapresente.com\/postagens\/livros-da-biblia\/deuteronomio\/deuteronomio-17\/\">Deuteron\u00f4mio 17 &#8211; Reis e Sacerdotes<\/a><\/li><li class=\"wp-block-pages-list__item\"><a class=\"wp-block-pages-list__item__link\" href=\"https:\/\/bibliapresente.com\/postagens\/livros-da-biblia\/deuteronomio\/deuteronomio-18\/\">Deuteron\u00f4mio 18 &#8211; Direitos dos Sacerdotes<\/a><\/li><li class=\"wp-block-pages-list__item\"><a class=\"wp-block-pages-list__item__link\" href=\"https:\/\/bibliapresente.com\/postagens\/livros-da-biblia\/deuteronomio\/deuteronomio-19\/\">Deuteron\u00f4mio 19 &#8211; Ref\u00fagio e Testemunhas<\/a><\/li><li class=\"wp-block-pages-list__item\"><a class=\"wp-block-pages-list__item__link\" href=\"https:\/\/bibliapresente.com\/postagens\/livros-da-biblia\/deuteronomio\/deuteronomio-20\/\">Deuteron\u00f4mio 20 &#8211; Leis para a Guerra<\/a><\/li><li class=\"wp-block-pages-list__item\"><a class=\"wp-block-pages-list__item__link\" href=\"https:\/\/bibliapresente.com\/postagens\/livros-da-biblia\/deuteronomio\/deuteronomio-21\/\">Deuteron\u00f4mio 21 &#8211; Leis para a Justi\u00e7a<\/a><\/li><li class=\"wp-block-pages-list__item\"><a class=\"wp-block-pages-list__item__link\" href=\"https:\/\/bibliapresente.com\/postagens\/livros-da-biblia\/deuteronomio\/deuteronomio-22\/\">Deuteron\u00f4mio 22 &#8211; Regras para Conduta<\/a><\/li><li class=\"wp-block-pages-list__item\"><a class=\"wp-block-pages-list__item__link\" href=\"https:\/\/bibliapresente.com\/postagens\/livros-da-biblia\/deuteronomio\/deuteronomio-23\/\">Deuteron\u00f4mio 23 &#8211; Leis da Congrega\u00e7\u00e3o<\/a><\/li><li class=\"wp-block-pages-list__item\"><a class=\"wp-block-pages-list__item__link\" href=\"https:\/\/bibliapresente.com\/postagens\/livros-da-biblia\/deuteronomio\/deuteronomio-24\/\">Deuteron\u00f4mio 24 &#8211; Fam\u00edlia e Justi\u00e7a Social<\/a><\/li><li class=\"wp-block-pages-list__item\"><a class=\"wp-block-pages-list__item__link\" href=\"https:\/\/bibliapresente.com\/postagens\/livros-da-biblia\/deuteronomio\/deuteronomio-25\/\">Deuteron\u00f4mio 25 &#8211; Leis sobre Retalia\u00e7\u00e3o<\/a><\/li><li class=\"wp-block-pages-list__item\"><a class=\"wp-block-pages-list__item__link\" href=\"https:\/\/bibliapresente.com\/postagens\/livros-da-biblia\/deuteronomio\/deuteronomio-26\/\">Deuteron\u00f4mio 26 &#8211; A Fidelidade a Deus<\/a><\/li><li class=\"wp-block-pages-list__item\"><a class=\"wp-block-pages-list__item__link\" href=\"https:\/\/bibliapresente.com\/postagens\/livros-da-biblia\/deuteronomio\/deuteronomio-27\/\">Deuteron\u00f4mio 27 &#8211; Maldi\u00e7\u00f5es no Monte Ebal<\/a><\/li><li class=\"wp-block-pages-list__item\"><a class=\"wp-block-pages-list__item__link\" href=\"https:\/\/bibliapresente.com\/postagens\/livros-da-biblia\/deuteronomio\/deuteronomio-28\/\">Deuteron\u00f4mio 28 &#8211; Sobre a Alian\u00e7a<\/a><\/li><li class=\"wp-block-pages-list__item\"><a class=\"wp-block-pages-list__item__link\" href=\"https:\/\/bibliapresente.com\/postagens\/livros-da-biblia\/deuteronomio\/deuteronomio-29\/\">Deuteron\u00f4mio 29 &#8211; Renova\u00e7\u00e3o da Alian\u00e7a<\/a><\/li><li class=\"wp-block-pages-list__item\"><a class=\"wp-block-pages-list__item__link\" href=\"https:\/\/bibliapresente.com\/postagens\/livros-da-biblia\/deuteronomio\/deuteronomio-30\/\">Deuteron\u00f4mio 30 &#8211; Promessa de Restaura\u00e7\u00e3o<\/a><\/li><li class=\"wp-block-pages-list__item\"><a class=\"wp-block-pages-list__item__link\" href=\"https:\/\/bibliapresente.com\/postagens\/livros-da-biblia\/deuteronomio\/deuteronomio-31\/\">Deuteron\u00f4mio 31 &#8211; Mois\u00e9s Prepara Josu\u00e9<\/a><\/li><li class=\"wp-block-pages-list__item\"><a class=\"wp-block-pages-list__item__link\" href=\"https:\/\/bibliapresente.com\/postagens\/livros-da-biblia\/deuteronomio\/deuteronomio-32\/\">Deuteron\u00f4mio 32 &#8211; O C\u00e2ntico de Mois\u00e9s<\/a><\/li><li class=\"wp-block-pages-list__item\"><a class=\"wp-block-pages-list__item__link\" href=\"https:\/\/bibliapresente.com\/postagens\/livros-da-biblia\/deuteronomio\/deuteronomio-33\/\">Deuteron\u00f4mio 33 &#8211; B\u00ean\u00e7\u00e3os de Mois\u00e9s<\/a><\/li><li class=\"wp-block-pages-list__item\"><a class=\"wp-block-pages-list__item__link\" href=\"https:\/\/bibliapresente.com\/postagens\/livros-da-biblia\/deuteronomio\/deuteronomio-34\/\">Deuteron\u00f4mio 34 &#8211; A Morte de Mois\u00e9s<\/a><\/li><\/ul>\n\n\n<p><\/p>\n","protected":false},"excerpt":{"rendered":"<p>1 N\u00e3o sacrificar\u00e1s ao SENHOR teu Deus boi, ou cordeiro, no qual haja falta ou alguma coisa m\u00e1: porque \u00e9 abomina\u00e7\u00e3o ao SENHOR teu Deus. 2 Quando se achar entre ti, em alguma de tuas cidades que o SENHOR teu Deus te d\u00e1, homem, ou mulher, que tenha feito mal aos olhos do SENHOR teu &hellip; <\/p>\n","protected":false},"author":2,"featured_media":848,"parent":847,"menu_order":17,"comment_status":"closed","ping_status":"closed","template":"","meta":{"om_disable_all_campaigns":false,"_monsterinsights_skip_tracking":false,"_monsterinsights_sitenote_active":false,"_monsterinsights_sitenote_note":"","_monsterinsights_sitenote_category":0,"footnotes":""},"class_list":["post-882","page","type-page","status-publish","has-post-thumbnail","hentry"],"aioseo_notices":[],"_links":{"self":[{"href":"https:\/\/bibliapresente.com\/postagens\/wp-json\/wp\/v2\/pages\/882","targetHints":{"allow":["GET"]}}],"collection":[{"href":"https:\/\/bibliapresente.com\/postagens\/wp-json\/wp\/v2\/pages"}],"about":[{"href":"https:\/\/bibliapresente.com\/postagens\/wp-json\/wp\/v2\/types\/page"}],"author":[{"embeddable":true,"href":"https:\/\/bibliapresente.com\/postagens\/wp-json\/wp\/v2\/users\/2"}],"replies":[{"embeddable":true,"href":"https:\/\/bibliapresente.com\/postagens\/wp-json\/wp\/v2\/comments?post=882"}],"version-history":[{"count":5,"href":"https:\/\/bibliapresente.com\/postagens\/wp-json\/wp\/v2\/pages\/882\/revisions"}],"predecessor-version":[{"id":1569,"href":"https:\/\/bibliapresente.com\/postagens\/wp-json\/wp\/v2\/pages\/882\/revisions\/1569"}],"up":[{"embeddable":true,"href":"https:\/\/bibliapresente.com\/postagens\/wp-json\/wp\/v2\/pages\/847"}],"wp:featuredmedia":[{"embeddable":true,"href":"https:\/\/bibliapresente.com\/postagens\/wp-json\/wp\/v2\/media\/848"}],"wp:attachment":[{"href":"https:\/\/bibliapresente.com\/postagens\/wp-json\/wp\/v2\/media?parent=882"}],"curies":[{"name":"wp","href":"https:\/\/api.w.org\/{rel}","templated":true}]}}