{"id":878,"date":"2025-02-07T15:16:16","date_gmt":"2025-02-07T18:16:16","guid":{"rendered":"https:\/\/bibliapresente.com\/postagens\/?page_id=878"},"modified":"2025-02-07T15:16:17","modified_gmt":"2025-02-07T18:16:17","slug":"deuteronomio-15","status":"publish","type":"page","link":"https:\/\/bibliapresente.com\/postagens\/livros-da-biblia\/deuteronomio\/deuteronomio-15\/","title":{"rendered":"Deuteron\u00f4mio 15 &#8211; O Ano da Remiss\u00e3o"},"content":{"rendered":"\n<p class=\"has-medium-font-size\" style=\"letter-spacing:1px\"><span><span><sup><b>1<\/b><\/sup><\/span> Ao fim de sete anos far\u00e1s remiss\u00e3o. <br><span><sup><b>2<\/b><\/sup><\/span> E esta \u00e9 a maneira da remiss\u00e3o: perdoar\u00e1 a seu devedor todo aquele que fez empr\u00e9stimo de sua m\u00e3o, com que obrigou a seu pr\u00f3ximo: n\u00e3o o exigir\u00e1 mais a seu pr\u00f3ximo, ou a seu irm\u00e3o; porque a remiss\u00e3o do SENHOR \u00e9 proclamada. <br><span><sup><b>3<\/b><\/sup><\/span> Do estrangeiro exigir\u00e1s o pagamento: mas o que teu irm\u00e3o tiver teu, o perdoar\u00e1 tua m\u00e3o; <br><span><sup><b>4<\/b><\/sup><\/span> Para que assim n\u00e3o haja em ti pobre; porque o SENHOR te aben\u00e7oar\u00e1 com abund\u00e2ncia na terra que o SENHOR teu Deus te d\u00e1 por heran\u00e7a para que a possuas, <br><span><sup><b>5<\/b><\/sup><\/span> Se por\u00e9m escutares fielmente a voz do SENHOR teu Deus, para guardar e cumprir todos estes mandamentos que eu te intimo hoje. <br><span><sup><b>6<\/b><\/sup><\/span> J\u00e1 que o SENHOR teu Deus te haver\u00e1 aben\u00e7oado, como te disse, emprestar\u00e1s ent\u00e3o a muitas na\u00e7\u00f5es, mas tu n\u00e3o tomar\u00e1s emprestado; e te ensenhorear\u00e1s de muitas na\u00e7\u00f5es, mas de ti n\u00e3o se ensenhorear\u00e3o. <br><span><sup><b>7<\/b><\/sup><\/span> Quando houver em ti necessitado de algum de teus irm\u00e3os em alguma de tuas cidades, em tua terra que o SENHOR teu Deus te d\u00e1, n\u00e3o endurecer\u00e1s teu cora\u00e7\u00e3o, nem fechar\u00e1s tua m\u00e3o a teu irm\u00e3o pobre: <br><span><sup><b>8<\/b><\/sup><\/span> Mas abrir\u00e1s a ele tua m\u00e3o generosamente, e com efeito lhe emprestar\u00e1s o que basta, o que houver necessidade. <br><span><sup><b>9<\/b><\/sup><\/span> Guarda-te que n\u00e3o haja em teu cora\u00e7\u00e3o perverso pensamento, dizendo: Pr\u00f3ximo est\u00e1 o ano s\u00e9timo, o da remiss\u00e3o; e tua olho seja maligno sobre teu irm\u00e3o necessitado para n\u00e3o dar-lhe: que ele poder\u00e1 clamar contra ti ao SENHOR, e se te imputar\u00e1 a pecado. <br><span><sup><b>10<\/b><\/sup><\/span> Sem falta lhe dar\u00e1s, e n\u00e3o seja teu cora\u00e7\u00e3o maligno quando lhe deres: que por ele te aben\u00e7oar\u00e1 o SENHOR teu Deus em todos os teus feitos, e em tudo o que puseres m\u00e3o. <br><span><sup><b>11<\/b><\/sup><\/span> Porque n\u00e3o faltar\u00e3o necessitados do meio da terra; por isso eu te mando, dizendo: Abrir\u00e1s tua m\u00e3o a teu irm\u00e3o, a teu pobre, e a teu necessitado em tua terra. <br><span><sup><b>12<\/b><\/sup><\/span> Quando se vender a ti teu irm\u00e3o hebreu ou hebreia, e te houver servido seis anos, ao s\u00e9timo ano lhe despedir\u00e1s livre de ti. <br><span><sup><b>13<\/b><\/sup><\/span> E quando o despedires livre de ti, n\u00e3o o enviar\u00e1s vazio: <br><span><sup><b>14<\/b><\/sup><\/span> Tu lhe abastecer\u00e1s generosamente de tuas ovelhas, de tua eira, e de teu lagar; lhe dar\u00e1s daquilo em que o SENHOR te houver aben\u00e7oado. <br><span><sup><b>15<\/b><\/sup><\/span> E te lembrar\u00e1s que foste servo na terra do Egito, e que o SENHOR teu Deus te resgatou: portanto eu te mando isto hoje. <br><span><sup><b>16<\/b><\/sup><\/span> E ser\u00e1 que, se ele te disser: N\u00e3o sairei de tua presen\u00e7a; porque ama a ti e \u00e0 tua casa, que lhe vai bem contigo; <br><span><sup><b>17<\/b><\/sup><\/span> Ent\u00e3o tomar\u00e1s uma ferramenta pontiaguda, e furar\u00e1s sua orelha junto \u00e0 porta, e ser\u00e1 teu servo para sempre: assim tamb\u00e9m far\u00e1s \u00e0 tua criada. <br><span><sup><b>18<\/b><\/sup><\/span> N\u00e3o te pare\u00e7a duro quando lhe enviares livre de ti; que dobrado do sal\u00e1rio de jovem assalariado te serviu seis anos: e o SENHOR teu Deus te aben\u00e7oar\u00e1 em tudo quanto fizeres. <br><span><sup><b>19<\/b><\/sup><\/span> Santificar\u00e1s ao SENHOR teu Deus todo primeiro macho que nascer de tuas vacas e de tuas ovelhas: n\u00e3o te sirvas do primeiro de tuas vacas, nem tosquies o primeiro de tuas ovelhas. <br><span><sup><b>20<\/b><\/sup><\/span> Diante do SENHOR teu Deus os comer\u00e1s cada ano, tu e tua fam\u00edlia, no lugar que o SENHOR escolher. <br><span><sup><b>21<\/b><\/sup><\/span> E se houver nele m\u00e1cula, cego ou coxo, ou qualquer m\u00e1 falta, n\u00e3o o sacrificar\u00e1s ao SENHOR teu Deus. <br><span><sup><b>22<\/b><\/sup><\/span> Em tuas povoa\u00e7\u00f5es o comer\u00e1s: o impuro o mesmo que o limpo comer\u00e3o dele, como de um cor\u00e7o ou de um cervo. <br><span><sup><b>23<\/b><\/sup><\/span> Somente que n\u00e3o comas seu sangue: sobre a terra a derramar\u00e1s como \u00e1gua.<\/span><\/p>\n\n\n\n<div class=\"wp-block-columns is-layout-flex wp-container-core-columns-is-layout-9d6595d7 wp-block-columns-is-layout-flex\">\n<div class=\"wp-block-column is-layout-flow wp-block-column-is-layout-flow\">\n<p><a href=\"\/deuteronomio-1\" title=\"\">Deuteron\u00f4mio 14<\/a><\/p>\n<\/div>\n\n\n\n<div class=\"wp-block-column is-layout-flow wp-block-column-is-layout-flow\">\n<p class=\"has-text-align-right\"><a href=\"\/deuteronomio-3\" title=\"\"><\/a><a href=\"\/deuteronomio-16\" title=\"\">Deuteron\u00f4mio 16<\/a><\/p>\n<\/div>\n<\/div>\n\n\n\n<h2 class=\"wp-block-heading\">Descri\u00e7\u00e3o &#8211; Deuteron\u00f4mio 15<\/h2>\n\n\n\n<p class=\"has-medium-font-size\">Deuteron\u00f4mio 15 apresenta as leis relacionadas ao ano do jubileu e ao perd\u00e3o de d\u00edvidas. O cap\u00edtulo instrui os israelitas a liberarem seus irm\u00e3os que ca\u00edram em servid\u00e3o a cada sete anos, garantindo sua liberdade e um recome\u00e7o. Al\u00e9m disso, Mois\u00e9s fala sobre a generosidade para com os necessitados, com a recomenda\u00e7\u00e3o de n\u00e3o fechar o cora\u00e7\u00e3o diante do pobre. Tamb\u00e9m \u00e9 abordada a consagra\u00e7\u00e3o dos primog\u00eanitos ao Senhor e a liberdade dos escravos hebreus. O cap\u00edtulo refor\u00e7a a import\u00e2ncia de viver de acordo com a justi\u00e7a e a miseric\u00f3rdia, sendo reflexo da bondade de Deus para com Seu povo.<\/p>\n\n\n\n<h3 class=\"wp-block-heading\">Livro do Deuteron\u00f4mio:<\/h3>\n\n\n<ul class=\"wp-block-page-list\"><li class=\"wp-block-pages-list__item\"><a class=\"wp-block-pages-list__item__link\" href=\"https:\/\/bibliapresente.com\/postagens\/livros-da-biblia\/deuteronomio\/deuteronomio-1\/\">Deuteron\u00f4mio 1 &#8211; A Jornada no Deserto<\/a><\/li><li class=\"wp-block-pages-list__item\"><a class=\"wp-block-pages-list__item__link\" href=\"https:\/\/bibliapresente.com\/postagens\/livros-da-biblia\/deuteronomio\/deuteronomio-2\/\">Deuteron\u00f4mio 2 &#8211; Vit\u00f3rias em Seom e Ogue<\/a><\/li><li class=\"wp-block-pages-list__item\"><a class=\"wp-block-pages-list__item__link\" href=\"https:\/\/bibliapresente.com\/postagens\/livros-da-biblia\/deuteronomio\/deuteronomio-3\/\">Deuteron\u00f4mio 3 &#8211; Revis\u00e3o das Conquistas<\/a><\/li><li class=\"wp-block-pages-list__item\"><a class=\"wp-block-pages-list__item__link\" href=\"https:\/\/bibliapresente.com\/postagens\/livros-da-biblia\/deuteronomio\/deuteronomio-4\/\">Deuteron\u00f4mio 4 &#8211; Advert\u00eancias<\/a><\/li><li class=\"wp-block-pages-list__item\"><a class=\"wp-block-pages-list__item__link\" href=\"https:\/\/bibliapresente.com\/postagens\/livros-da-biblia\/deuteronomio\/deuteronomio-5\/\">Deuteron\u00f4mio 5 &#8211; Os Dez Mandamentos<\/a><\/li><li class=\"wp-block-pages-list__item\"><a class=\"wp-block-pages-list__item__link\" href=\"https:\/\/bibliapresente.com\/postagens\/livros-da-biblia\/deuteronomio\/deuteronomio-6\/\">Deuteron\u00f4mio 6 &#8211; Mandamento: Amar a Deus<\/a><\/li><li class=\"wp-block-pages-list__item\"><a class=\"wp-block-pages-list__item__link\" href=\"https:\/\/bibliapresente.com\/postagens\/livros-da-biblia\/deuteronomio\/deuteronomio-7\/\">Deuteron\u00f4mio 7 &#8211; Israel, o Povo Escolhido<\/a><\/li><li class=\"wp-block-pages-list__item\"><a class=\"wp-block-pages-list__item__link\" href=\"https:\/\/bibliapresente.com\/postagens\/livros-da-biblia\/deuteronomio\/deuteronomio-8\/\">Deuteron\u00f4mio 8 &#8211; Guardar os Mandamentos<\/a><\/li><li class=\"wp-block-pages-list__item\"><a class=\"wp-block-pages-list__item__link\" href=\"https:\/\/bibliapresente.com\/postagens\/livros-da-biblia\/deuteronomio\/deuteronomio-9\/\">Deuteron\u00f4mio 9 &#8211; Rebeli\u00f5es de Israel<\/a><\/li><li class=\"wp-block-pages-list__item\"><a class=\"wp-block-pages-list__item__link\" href=\"https:\/\/bibliapresente.com\/postagens\/livros-da-biblia\/deuteronomio\/deuteronomio-10\/\">Deuteron\u00f4mio 10 &#8211; A Arca da Alian\u00e7a<\/a><\/li><li class=\"wp-block-pages-list__item\"><a class=\"wp-block-pages-list__item__link\" href=\"https:\/\/bibliapresente.com\/postagens\/livros-da-biblia\/deuteronomio\/deuteronomio-11\/\">Deuteron\u00f4mio 11 &#8211; B\u00ean\u00e7\u00e3os da Obedi\u00eancia<\/a><\/li><li class=\"wp-block-pages-list__item\"><a class=\"wp-block-pages-list__item__link\" href=\"https:\/\/bibliapresente.com\/postagens\/livros-da-biblia\/deuteronomio\/deuteronomio-12\/\">Deuteron\u00f4mio 12 &#8211; O Lugar de Adora\u00e7\u00e3o<\/a><\/li><li class=\"wp-block-pages-list__item\"><a class=\"wp-block-pages-list__item__link\" href=\"https:\/\/bibliapresente.com\/postagens\/livros-da-biblia\/deuteronomio\/deuteronomio-13\/\">Deuteron\u00f4mio 13 &#8211; Contra Falsos Profetas<\/a><\/li><li class=\"wp-block-pages-list__item\"><a class=\"wp-block-pages-list__item__link\" href=\"https:\/\/bibliapresente.com\/postagens\/livros-da-biblia\/deuteronomio\/deuteronomio-14\/\">Deuteron\u00f4mio 14 &#8211; Alimentos e D\u00edzimo<\/a><\/li><li class=\"wp-block-pages-list__item\"><a class=\"wp-block-pages-list__item__link\" href=\"https:\/\/bibliapresente.com\/postagens\/livros-da-biblia\/deuteronomio\/deuteronomio-15\/\">Deuteron\u00f4mio 15 &#8211; O Ano da Remiss\u00e3o<\/a><\/li><li class=\"wp-block-pages-list__item\"><a class=\"wp-block-pages-list__item__link\" href=\"https:\/\/bibliapresente.com\/postagens\/livros-da-biblia\/deuteronomio\/deuteronomio-16\/\">Deuteron\u00f4mio 16 &#8211; As Festas Anuais<\/a><\/li><li class=\"wp-block-pages-list__item\"><a class=\"wp-block-pages-list__item__link\" href=\"https:\/\/bibliapresente.com\/postagens\/livros-da-biblia\/deuteronomio\/deuteronomio-17\/\">Deuteron\u00f4mio 17 &#8211; Reis e Sacerdotes<\/a><\/li><li class=\"wp-block-pages-list__item\"><a class=\"wp-block-pages-list__item__link\" href=\"https:\/\/bibliapresente.com\/postagens\/livros-da-biblia\/deuteronomio\/deuteronomio-18\/\">Deuteron\u00f4mio 18 &#8211; Direitos dos Sacerdotes<\/a><\/li><li class=\"wp-block-pages-list__item\"><a class=\"wp-block-pages-list__item__link\" href=\"https:\/\/bibliapresente.com\/postagens\/livros-da-biblia\/deuteronomio\/deuteronomio-19\/\">Deuteron\u00f4mio 19 &#8211; Ref\u00fagio e Testemunhas<\/a><\/li><li class=\"wp-block-pages-list__item\"><a class=\"wp-block-pages-list__item__link\" href=\"https:\/\/bibliapresente.com\/postagens\/livros-da-biblia\/deuteronomio\/deuteronomio-20\/\">Deuteron\u00f4mio 20 &#8211; Leis para a Guerra<\/a><\/li><li class=\"wp-block-pages-list__item\"><a class=\"wp-block-pages-list__item__link\" href=\"https:\/\/bibliapresente.com\/postagens\/livros-da-biblia\/deuteronomio\/deuteronomio-21\/\">Deuteron\u00f4mio 21 &#8211; Leis para a Justi\u00e7a<\/a><\/li><li class=\"wp-block-pages-list__item\"><a class=\"wp-block-pages-list__item__link\" href=\"https:\/\/bibliapresente.com\/postagens\/livros-da-biblia\/deuteronomio\/deuteronomio-22\/\">Deuteron\u00f4mio 22 &#8211; Regras para Conduta<\/a><\/li><li class=\"wp-block-pages-list__item\"><a class=\"wp-block-pages-list__item__link\" href=\"https:\/\/bibliapresente.com\/postagens\/livros-da-biblia\/deuteronomio\/deuteronomio-23\/\">Deuteron\u00f4mio 23 &#8211; Leis da Congrega\u00e7\u00e3o<\/a><\/li><li class=\"wp-block-pages-list__item\"><a class=\"wp-block-pages-list__item__link\" href=\"https:\/\/bibliapresente.com\/postagens\/livros-da-biblia\/deuteronomio\/deuteronomio-24\/\">Deuteron\u00f4mio 24 &#8211; Fam\u00edlia e Justi\u00e7a Social<\/a><\/li><li class=\"wp-block-pages-list__item\"><a class=\"wp-block-pages-list__item__link\" href=\"https:\/\/bibliapresente.com\/postagens\/livros-da-biblia\/deuteronomio\/deuteronomio-25\/\">Deuteron\u00f4mio 25 &#8211; Leis sobre Retalia\u00e7\u00e3o<\/a><\/li><li class=\"wp-block-pages-list__item\"><a class=\"wp-block-pages-list__item__link\" href=\"https:\/\/bibliapresente.com\/postagens\/livros-da-biblia\/deuteronomio\/deuteronomio-26\/\">Deuteron\u00f4mio 26 &#8211; A Fidelidade a Deus<\/a><\/li><li class=\"wp-block-pages-list__item\"><a class=\"wp-block-pages-list__item__link\" href=\"https:\/\/bibliapresente.com\/postagens\/livros-da-biblia\/deuteronomio\/deuteronomio-27\/\">Deuteron\u00f4mio 27 &#8211; Maldi\u00e7\u00f5es no Monte Ebal<\/a><\/li><li class=\"wp-block-pages-list__item\"><a class=\"wp-block-pages-list__item__link\" href=\"https:\/\/bibliapresente.com\/postagens\/livros-da-biblia\/deuteronomio\/deuteronomio-28\/\">Deuteron\u00f4mio 28 &#8211; Sobre a Alian\u00e7a<\/a><\/li><li class=\"wp-block-pages-list__item\"><a class=\"wp-block-pages-list__item__link\" href=\"https:\/\/bibliapresente.com\/postagens\/livros-da-biblia\/deuteronomio\/deuteronomio-29\/\">Deuteron\u00f4mio 29 &#8211; Renova\u00e7\u00e3o da Alian\u00e7a<\/a><\/li><li class=\"wp-block-pages-list__item\"><a class=\"wp-block-pages-list__item__link\" href=\"https:\/\/bibliapresente.com\/postagens\/livros-da-biblia\/deuteronomio\/deuteronomio-30\/\">Deuteron\u00f4mio 30 &#8211; Promessa de Restaura\u00e7\u00e3o<\/a><\/li><li class=\"wp-block-pages-list__item\"><a class=\"wp-block-pages-list__item__link\" href=\"https:\/\/bibliapresente.com\/postagens\/livros-da-biblia\/deuteronomio\/deuteronomio-31\/\">Deuteron\u00f4mio 31 &#8211; Mois\u00e9s Prepara Josu\u00e9<\/a><\/li><li class=\"wp-block-pages-list__item\"><a class=\"wp-block-pages-list__item__link\" href=\"https:\/\/bibliapresente.com\/postagens\/livros-da-biblia\/deuteronomio\/deuteronomio-32\/\">Deuteron\u00f4mio 32 &#8211; O C\u00e2ntico de Mois\u00e9s<\/a><\/li><li class=\"wp-block-pages-list__item\"><a class=\"wp-block-pages-list__item__link\" href=\"https:\/\/bibliapresente.com\/postagens\/livros-da-biblia\/deuteronomio\/deuteronomio-33\/\">Deuteron\u00f4mio 33 &#8211; B\u00ean\u00e7\u00e3os de Mois\u00e9s<\/a><\/li><li class=\"wp-block-pages-list__item\"><a class=\"wp-block-pages-list__item__link\" href=\"https:\/\/bibliapresente.com\/postagens\/livros-da-biblia\/deuteronomio\/deuteronomio-34\/\">Deuteron\u00f4mio 34 &#8211; A Morte de Mois\u00e9s<\/a><\/li><\/ul>\n\n\n<p><\/p>\n","protected":false},"excerpt":{"rendered":"<p>1 Ao fim de sete anos far\u00e1s remiss\u00e3o. 2 E esta \u00e9 a maneira da remiss\u00e3o: perdoar\u00e1 a seu devedor todo aquele que fez empr\u00e9stimo de sua m\u00e3o, com que obrigou a seu pr\u00f3ximo: n\u00e3o o exigir\u00e1 mais a seu pr\u00f3ximo, ou a seu irm\u00e3o; porque a remiss\u00e3o do SENHOR \u00e9 proclamada. 3 Do estrangeiro &hellip; <\/p>\n","protected":false},"author":2,"featured_media":848,"parent":847,"menu_order":15,"comment_status":"closed","ping_status":"closed","template":"","meta":{"om_disable_all_campaigns":false,"_monsterinsights_skip_tracking":false,"_monsterinsights_sitenote_active":false,"_monsterinsights_sitenote_note":"","_monsterinsights_sitenote_category":0,"footnotes":""},"class_list":["post-878","page","type-page","status-publish","has-post-thumbnail","hentry"],"aioseo_notices":[],"_links":{"self":[{"href":"https:\/\/bibliapresente.com\/postagens\/wp-json\/wp\/v2\/pages\/878","targetHints":{"allow":["GET"]}}],"collection":[{"href":"https:\/\/bibliapresente.com\/postagens\/wp-json\/wp\/v2\/pages"}],"about":[{"href":"https:\/\/bibliapresente.com\/postagens\/wp-json\/wp\/v2\/types\/page"}],"author":[{"embeddable":true,"href":"https:\/\/bibliapresente.com\/postagens\/wp-json\/wp\/v2\/users\/2"}],"replies":[{"embeddable":true,"href":"https:\/\/bibliapresente.com\/postagens\/wp-json\/wp\/v2\/comments?post=878"}],"version-history":[{"count":5,"href":"https:\/\/bibliapresente.com\/postagens\/wp-json\/wp\/v2\/pages\/878\/revisions"}],"predecessor-version":[{"id":1567,"href":"https:\/\/bibliapresente.com\/postagens\/wp-json\/wp\/v2\/pages\/878\/revisions\/1567"}],"up":[{"embeddable":true,"href":"https:\/\/bibliapresente.com\/postagens\/wp-json\/wp\/v2\/pages\/847"}],"wp:featuredmedia":[{"embeddable":true,"href":"https:\/\/bibliapresente.com\/postagens\/wp-json\/wp\/v2\/media\/848"}],"wp:attachment":[{"href":"https:\/\/bibliapresente.com\/postagens\/wp-json\/wp\/v2\/media?parent=878"}],"curies":[{"name":"wp","href":"https:\/\/api.w.org\/{rel}","templated":true}]}}