{"id":876,"date":"2025-02-07T15:14:56","date_gmt":"2025-02-07T18:14:56","guid":{"rendered":"https:\/\/bibliapresente.com\/postagens\/?page_id=876"},"modified":"2025-02-07T15:14:56","modified_gmt":"2025-02-07T18:14:56","slug":"deuteronomio-14","status":"publish","type":"page","link":"https:\/\/bibliapresente.com\/postagens\/livros-da-biblia\/deuteronomio\/deuteronomio-14\/","title":{"rendered":"Deuteron\u00f4mio 14 &#8211; Alimentos e D\u00edzimo"},"content":{"rendered":"\n<p class=\"has-medium-font-size\" style=\"letter-spacing:1px\"><span><span><sup><b>1<\/b><\/sup><\/span> Filhos sois do SENHOR vosso Deus: n\u00e3o vos cortareis, nem poreis calva sobre vossos olhos por morto; <br><span><sup><b>2<\/b><\/sup><\/span> Porque \u00e9s povo santo ao SENHOR teu Deus, e o SENHOR te escolheu para que lhe sejas um povo singular dentre todos os povos que est\u00e3o sobre a face da terra. <br><span><sup><b>3<\/b><\/sup><\/span> Nada abomin\u00e1vel comer\u00e1s. <br><span><sup><b>4<\/b><\/sup><\/span> Estes s\u00e3o os animais que comereis: o boi, a ovelha, e a cabra, <br><span><sup><b>5<\/b><\/sup><\/span> O cervo, o cor\u00e7o, e o b\u00fafalo, e o bode selvagem, e o ant\u00edlope, e boi selvagem, e cabra selvagem. <br><span><sup><b>6<\/b><\/sup><\/span> E todo animal de unhas, que tem brecha de duas unhas, e que ruminar entre os animais, esse comereis. <br><span><sup><b>7<\/b><\/sup><\/span> Por\u00e9m estes n\u00e3o comereis dos que ruminam, ou t\u00eam unha fendida: camelo, e lebre, e coelho, porque ruminam, mas n\u00e3o t\u00eam unha fendida, vos ser\u00e3o impuros; <br><span><sup><b>8<\/b><\/sup><\/span> Nem porco: porque tem unha fendida, mas n\u00e3o rumina, vos ser\u00e1 impuro. Da carne destes n\u00e3o comereis, nem tocareis seus corpos mortos. <br><span><sup><b>9<\/b><\/sup><\/span> Isto comereis de tudo o que est\u00e1 na \u00e1gua: todo o que tem barbatana e escama comereis; <br><span><sup><b>10<\/b><\/sup><\/span> Mas todo o que n\u00e3o tiver barbatana e escama, n\u00e3o comereis: impuro vos ser\u00e1. <br><span><sup><b>11<\/b><\/sup><\/span> Toda ave limpa comereis. <br><span><sup><b>12<\/b><\/sup><\/span> E estas s\u00e3o das que n\u00e3o comereis: a \u00e1gua, e o quebra-ossos, e o esmerilh\u00e3o, <br><span><sup><b>13<\/b><\/sup><\/span> E o milhafre, e o abutre, e o falc\u00e3o segundo sua esp\u00e9cie, <br><span><sup><b>14<\/b><\/sup><\/span> E todo corvo segundo sua esp\u00e9cie, <br><span><sup><b>15<\/b><\/sup><\/span> E o avestruz, e a coruja, e a gaivota, e o gavi\u00e3o segundo sua esp\u00e9cie, <br><span><sup><b>16<\/b><\/sup><\/span> E o mocho, e o coruj\u00e3o, e a coruja-branca, <br><span><sup><b>17<\/b><\/sup><\/span> E o pelicano, e o gavi\u00e3o-pescador, e o corvo-marinho, <br><span><sup><b>18<\/b><\/sup><\/span> E a cegonha, e a gar\u00e7a segundo sua esp\u00e9cie, e a poupa, e o morcego. <br><span><sup><b>19<\/b><\/sup><\/span> E todo inseto de asas vos ser\u00e1 impuro: n\u00e3o se comer\u00e1. <br><span><sup><b>20<\/b><\/sup><\/span> Toda ave limpa comereis. <br><span><sup><b>21<\/b><\/sup><\/span> Nenhuma coisa morta comereis: ao estrangeiro que est\u00e1 em tuas povoa\u00e7\u00f5es a dar\u00e1s, e ele a comer\u00e1: ou vende-a ao estrangeiro; porque tu \u00e9s povo santo ao SENHOR teu Deus. N\u00e3o cozer\u00e1s o cabrito no leite de sua m\u00e3e. <br><span><sup><b>22<\/b><\/sup><\/span> Indispensavelmente dizimar\u00e1s todo o produto de tua semente, que render o campo cada ano. <br><span><sup><b>23<\/b><\/sup><\/span> E comer\u00e1s diante do SENHOR teu Deus no lugar que ele escolher para fazer habitar ali seu nome, o d\u00edzimo de teu gr\u00e3o, de teu vinho, e de teu azeite, e os primog\u00eanitos de tuas manadas, e de tuas gados, para que aprendas a temer ao SENHOR teu Deus todos os dias. <br><span><sup><b>24<\/b><\/sup><\/span> E se o caminho for t\u00e3o longo que tu n\u00e3o possas lev\u00e1-lo por ele, por estar longe de ti o lugar que o SENHOR teu Deus houver escolhido para p\u00f4r nele seu nome, quando o SENHOR teu Deus te aben\u00e7oar, <br><span><sup><b>25<\/b><\/sup><\/span> Ent\u00e3o o vender\u00e1s, e atar\u00e1s o dinheiro em tua m\u00e3o, e vir\u00e1s ao lugar que o SENHOR teu Deus escolher; <br><span><sup><b>26<\/b><\/sup><\/span> E dar\u00e1s o dinheiro por tudo o que desejar tua alma, por vacas, ou por ovelhas, ou por vinho, ou por bebida forte, ou por qualquer coisa que tua alma te pedir: e comer\u00e1s ali diante do SENHOR teu Deus, e te alegrar\u00e1s tu e tua fam\u00edlia. <br><span><sup><b>27<\/b><\/sup><\/span> E n\u00e3o desamparar\u00e1s ao levita que habitar em tuas povoa\u00e7\u00f5es; porque n\u00e3o tem parte nem heran\u00e7a contigo. <br><span><sup><b>28<\/b><\/sup><\/span> Ao fim de cada tr\u00eas anos tirar\u00e1s todo o d\u00edzimo de teus produtos daquele ano, e o guardar\u00e1s em tuas cidades: <br><span><sup><b>29<\/b><\/sup><\/span> E vir\u00e1 o levita, que n\u00e3o tem parte nem heran\u00e7a contigo, e o estrangeiro, e o \u00f3rf\u00e3o, e a vi\u00fava, que houver em tuas povoa\u00e7\u00f5es, e comer\u00e3o e ser\u00e3o saciados; para que o SENHOR teu Deus te aben\u00e7oe em toda obra de tuas m\u00e3os que fizeres.<\/span><\/p>\n\n\n\n<div class=\"wp-block-columns is-layout-flex wp-container-core-columns-is-layout-9d6595d7 wp-block-columns-is-layout-flex\">\n<div class=\"wp-block-column is-layout-flow wp-block-column-is-layout-flow\">\n<p><a href=\"\/deuteronomio-13\" title=\"\">Deuteron\u00f4mio 13<\/a><\/p>\n<\/div>\n\n\n\n<div class=\"wp-block-column is-layout-flow wp-block-column-is-layout-flow\">\n<p class=\"has-text-align-right\"><a href=\"\/deuteronomio-3\" title=\"\"><\/a><a href=\"\/deuteronomio-15\" title=\"\">Deuteron\u00f4mio 15<\/a><\/p>\n<\/div>\n<\/div>\n\n\n\n<h2 class=\"wp-block-heading\">Descri\u00e7\u00e3o &#8211; Deuteron\u00f4mio 14<\/h2>\n\n\n\n<p class=\"has-medium-font-size\">Deuteron\u00f4mio 14 trata das leis alimentares e da santidade do povo de Israel. Mois\u00e9s instrui os israelitas sobre os animais puros e impuros, que podem ou n\u00e3o ser consumidos, destacando a necessidade de manter a pureza e obedi\u00eancia a Deus em todos os aspectos da vida. O cap\u00edtulo tamb\u00e9m aborda a import\u00e2ncia do d\u00edzimo e da contribui\u00e7\u00e3o para o sustento dos levitas, estrangeiros, \u00f3rf\u00e3os e vi\u00favas. Al\u00e9m disso, os israelitas s\u00e3o lembrados de que s\u00e3o um povo separado, destinado a ser santo e fiel a Deus, cumprindo Suas ordenan\u00e7as e mantendo uma vida de retid\u00e3o.<\/p>\n\n\n\n<h3 class=\"wp-block-heading\">Livro do Deuteron\u00f4mio:<\/h3>\n\n\n<ul class=\"wp-block-page-list\"><li class=\"wp-block-pages-list__item\"><a class=\"wp-block-pages-list__item__link\" href=\"https:\/\/bibliapresente.com\/postagens\/livros-da-biblia\/deuteronomio\/deuteronomio-1\/\">Deuteron\u00f4mio 1 &#8211; A Jornada no Deserto<\/a><\/li><li class=\"wp-block-pages-list__item\"><a class=\"wp-block-pages-list__item__link\" href=\"https:\/\/bibliapresente.com\/postagens\/livros-da-biblia\/deuteronomio\/deuteronomio-2\/\">Deuteron\u00f4mio 2 &#8211; Vit\u00f3rias em Seom e Ogue<\/a><\/li><li class=\"wp-block-pages-list__item\"><a class=\"wp-block-pages-list__item__link\" href=\"https:\/\/bibliapresente.com\/postagens\/livros-da-biblia\/deuteronomio\/deuteronomio-3\/\">Deuteron\u00f4mio 3 &#8211; Revis\u00e3o das Conquistas<\/a><\/li><li class=\"wp-block-pages-list__item\"><a class=\"wp-block-pages-list__item__link\" href=\"https:\/\/bibliapresente.com\/postagens\/livros-da-biblia\/deuteronomio\/deuteronomio-4\/\">Deuteron\u00f4mio 4 &#8211; Advert\u00eancias<\/a><\/li><li class=\"wp-block-pages-list__item\"><a class=\"wp-block-pages-list__item__link\" href=\"https:\/\/bibliapresente.com\/postagens\/livros-da-biblia\/deuteronomio\/deuteronomio-5\/\">Deuteron\u00f4mio 5 &#8211; Os Dez Mandamentos<\/a><\/li><li class=\"wp-block-pages-list__item\"><a class=\"wp-block-pages-list__item__link\" href=\"https:\/\/bibliapresente.com\/postagens\/livros-da-biblia\/deuteronomio\/deuteronomio-6\/\">Deuteron\u00f4mio 6 &#8211; Mandamento: Amar a Deus<\/a><\/li><li class=\"wp-block-pages-list__item\"><a class=\"wp-block-pages-list__item__link\" href=\"https:\/\/bibliapresente.com\/postagens\/livros-da-biblia\/deuteronomio\/deuteronomio-7\/\">Deuteron\u00f4mio 7 &#8211; Israel, o Povo Escolhido<\/a><\/li><li class=\"wp-block-pages-list__item\"><a class=\"wp-block-pages-list__item__link\" href=\"https:\/\/bibliapresente.com\/postagens\/livros-da-biblia\/deuteronomio\/deuteronomio-8\/\">Deuteron\u00f4mio 8 &#8211; Guardar os Mandamentos<\/a><\/li><li class=\"wp-block-pages-list__item\"><a class=\"wp-block-pages-list__item__link\" href=\"https:\/\/bibliapresente.com\/postagens\/livros-da-biblia\/deuteronomio\/deuteronomio-9\/\">Deuteron\u00f4mio 9 &#8211; Rebeli\u00f5es de Israel<\/a><\/li><li class=\"wp-block-pages-list__item\"><a class=\"wp-block-pages-list__item__link\" href=\"https:\/\/bibliapresente.com\/postagens\/livros-da-biblia\/deuteronomio\/deuteronomio-10\/\">Deuteron\u00f4mio 10 &#8211; A Arca da Alian\u00e7a<\/a><\/li><li class=\"wp-block-pages-list__item\"><a class=\"wp-block-pages-list__item__link\" href=\"https:\/\/bibliapresente.com\/postagens\/livros-da-biblia\/deuteronomio\/deuteronomio-11\/\">Deuteron\u00f4mio 11 &#8211; B\u00ean\u00e7\u00e3os da Obedi\u00eancia<\/a><\/li><li class=\"wp-block-pages-list__item\"><a class=\"wp-block-pages-list__item__link\" href=\"https:\/\/bibliapresente.com\/postagens\/livros-da-biblia\/deuteronomio\/deuteronomio-12\/\">Deuteron\u00f4mio 12 &#8211; O Lugar de Adora\u00e7\u00e3o<\/a><\/li><li class=\"wp-block-pages-list__item\"><a class=\"wp-block-pages-list__item__link\" href=\"https:\/\/bibliapresente.com\/postagens\/livros-da-biblia\/deuteronomio\/deuteronomio-13\/\">Deuteron\u00f4mio 13 &#8211; Contra Falsos Profetas<\/a><\/li><li class=\"wp-block-pages-list__item\"><a class=\"wp-block-pages-list__item__link\" href=\"https:\/\/bibliapresente.com\/postagens\/livros-da-biblia\/deuteronomio\/deuteronomio-14\/\">Deuteron\u00f4mio 14 &#8211; Alimentos e D\u00edzimo<\/a><\/li><li class=\"wp-block-pages-list__item\"><a class=\"wp-block-pages-list__item__link\" href=\"https:\/\/bibliapresente.com\/postagens\/livros-da-biblia\/deuteronomio\/deuteronomio-15\/\">Deuteron\u00f4mio 15 &#8211; O Ano da Remiss\u00e3o<\/a><\/li><li class=\"wp-block-pages-list__item\"><a class=\"wp-block-pages-list__item__link\" href=\"https:\/\/bibliapresente.com\/postagens\/livros-da-biblia\/deuteronomio\/deuteronomio-16\/\">Deuteron\u00f4mio 16 &#8211; As Festas Anuais<\/a><\/li><li class=\"wp-block-pages-list__item\"><a class=\"wp-block-pages-list__item__link\" href=\"https:\/\/bibliapresente.com\/postagens\/livros-da-biblia\/deuteronomio\/deuteronomio-17\/\">Deuteron\u00f4mio 17 &#8211; Reis e Sacerdotes<\/a><\/li><li class=\"wp-block-pages-list__item\"><a class=\"wp-block-pages-list__item__link\" href=\"https:\/\/bibliapresente.com\/postagens\/livros-da-biblia\/deuteronomio\/deuteronomio-18\/\">Deuteron\u00f4mio 18 &#8211; Direitos dos Sacerdotes<\/a><\/li><li class=\"wp-block-pages-list__item\"><a class=\"wp-block-pages-list__item__link\" href=\"https:\/\/bibliapresente.com\/postagens\/livros-da-biblia\/deuteronomio\/deuteronomio-19\/\">Deuteron\u00f4mio 19 &#8211; Ref\u00fagio e Testemunhas<\/a><\/li><li class=\"wp-block-pages-list__item\"><a class=\"wp-block-pages-list__item__link\" href=\"https:\/\/bibliapresente.com\/postagens\/livros-da-biblia\/deuteronomio\/deuteronomio-20\/\">Deuteron\u00f4mio 20 &#8211; Leis para a Guerra<\/a><\/li><li class=\"wp-block-pages-list__item\"><a class=\"wp-block-pages-list__item__link\" href=\"https:\/\/bibliapresente.com\/postagens\/livros-da-biblia\/deuteronomio\/deuteronomio-21\/\">Deuteron\u00f4mio 21 &#8211; Leis para a Justi\u00e7a<\/a><\/li><li class=\"wp-block-pages-list__item\"><a class=\"wp-block-pages-list__item__link\" href=\"https:\/\/bibliapresente.com\/postagens\/livros-da-biblia\/deuteronomio\/deuteronomio-22\/\">Deuteron\u00f4mio 22 &#8211; Regras para Conduta<\/a><\/li><li class=\"wp-block-pages-list__item\"><a class=\"wp-block-pages-list__item__link\" href=\"https:\/\/bibliapresente.com\/postagens\/livros-da-biblia\/deuteronomio\/deuteronomio-23\/\">Deuteron\u00f4mio 23 &#8211; Leis da Congrega\u00e7\u00e3o<\/a><\/li><li class=\"wp-block-pages-list__item\"><a class=\"wp-block-pages-list__item__link\" href=\"https:\/\/bibliapresente.com\/postagens\/livros-da-biblia\/deuteronomio\/deuteronomio-24\/\">Deuteron\u00f4mio 24 &#8211; Fam\u00edlia e Justi\u00e7a Social<\/a><\/li><li class=\"wp-block-pages-list__item\"><a class=\"wp-block-pages-list__item__link\" href=\"https:\/\/bibliapresente.com\/postagens\/livros-da-biblia\/deuteronomio\/deuteronomio-25\/\">Deuteron\u00f4mio 25 &#8211; Leis sobre Retalia\u00e7\u00e3o<\/a><\/li><li class=\"wp-block-pages-list__item\"><a class=\"wp-block-pages-list__item__link\" href=\"https:\/\/bibliapresente.com\/postagens\/livros-da-biblia\/deuteronomio\/deuteronomio-26\/\">Deuteron\u00f4mio 26 &#8211; A Fidelidade a Deus<\/a><\/li><li class=\"wp-block-pages-list__item\"><a class=\"wp-block-pages-list__item__link\" href=\"https:\/\/bibliapresente.com\/postagens\/livros-da-biblia\/deuteronomio\/deuteronomio-27\/\">Deuteron\u00f4mio 27 &#8211; Maldi\u00e7\u00f5es no Monte Ebal<\/a><\/li><li class=\"wp-block-pages-list__item\"><a class=\"wp-block-pages-list__item__link\" href=\"https:\/\/bibliapresente.com\/postagens\/livros-da-biblia\/deuteronomio\/deuteronomio-28\/\">Deuteron\u00f4mio 28 &#8211; Sobre a Alian\u00e7a<\/a><\/li><li class=\"wp-block-pages-list__item\"><a class=\"wp-block-pages-list__item__link\" href=\"https:\/\/bibliapresente.com\/postagens\/livros-da-biblia\/deuteronomio\/deuteronomio-29\/\">Deuteron\u00f4mio 29 &#8211; Renova\u00e7\u00e3o da Alian\u00e7a<\/a><\/li><li class=\"wp-block-pages-list__item\"><a class=\"wp-block-pages-list__item__link\" href=\"https:\/\/bibliapresente.com\/postagens\/livros-da-biblia\/deuteronomio\/deuteronomio-30\/\">Deuteron\u00f4mio 30 &#8211; Promessa de Restaura\u00e7\u00e3o<\/a><\/li><li class=\"wp-block-pages-list__item\"><a class=\"wp-block-pages-list__item__link\" href=\"https:\/\/bibliapresente.com\/postagens\/livros-da-biblia\/deuteronomio\/deuteronomio-31\/\">Deuteron\u00f4mio 31 &#8211; Mois\u00e9s Prepara Josu\u00e9<\/a><\/li><li class=\"wp-block-pages-list__item\"><a class=\"wp-block-pages-list__item__link\" href=\"https:\/\/bibliapresente.com\/postagens\/livros-da-biblia\/deuteronomio\/deuteronomio-32\/\">Deuteron\u00f4mio 32 &#8211; O C\u00e2ntico de Mois\u00e9s<\/a><\/li><li class=\"wp-block-pages-list__item\"><a class=\"wp-block-pages-list__item__link\" href=\"https:\/\/bibliapresente.com\/postagens\/livros-da-biblia\/deuteronomio\/deuteronomio-33\/\">Deuteron\u00f4mio 33 &#8211; B\u00ean\u00e7\u00e3os de Mois\u00e9s<\/a><\/li><li class=\"wp-block-pages-list__item\"><a class=\"wp-block-pages-list__item__link\" href=\"https:\/\/bibliapresente.com\/postagens\/livros-da-biblia\/deuteronomio\/deuteronomio-34\/\">Deuteron\u00f4mio 34 &#8211; A Morte de Mois\u00e9s<\/a><\/li><\/ul>\n\n\n<p><\/p>\n","protected":false},"excerpt":{"rendered":"<p>1 Filhos sois do SENHOR vosso Deus: n\u00e3o vos cortareis, nem poreis calva sobre vossos olhos por morto; 2 Porque \u00e9s povo santo ao SENHOR teu Deus, e o SENHOR te escolheu para que lhe sejas um povo singular dentre todos os povos que est\u00e3o sobre a face da terra. 3 Nada abomin\u00e1vel comer\u00e1s. 4 &hellip; <\/p>\n","protected":false},"author":2,"featured_media":848,"parent":847,"menu_order":14,"comment_status":"closed","ping_status":"closed","template":"","meta":{"om_disable_all_campaigns":false,"_monsterinsights_skip_tracking":false,"_monsterinsights_sitenote_active":false,"_monsterinsights_sitenote_note":"","_monsterinsights_sitenote_category":0,"footnotes":""},"class_list":["post-876","page","type-page","status-publish","has-post-thumbnail","hentry"],"aioseo_notices":[],"_links":{"self":[{"href":"https:\/\/bibliapresente.com\/postagens\/wp-json\/wp\/v2\/pages\/876","targetHints":{"allow":["GET"]}}],"collection":[{"href":"https:\/\/bibliapresente.com\/postagens\/wp-json\/wp\/v2\/pages"}],"about":[{"href":"https:\/\/bibliapresente.com\/postagens\/wp-json\/wp\/v2\/types\/page"}],"author":[{"embeddable":true,"href":"https:\/\/bibliapresente.com\/postagens\/wp-json\/wp\/v2\/users\/2"}],"replies":[{"embeddable":true,"href":"https:\/\/bibliapresente.com\/postagens\/wp-json\/wp\/v2\/comments?post=876"}],"version-history":[{"count":5,"href":"https:\/\/bibliapresente.com\/postagens\/wp-json\/wp\/v2\/pages\/876\/revisions"}],"predecessor-version":[{"id":1566,"href":"https:\/\/bibliapresente.com\/postagens\/wp-json\/wp\/v2\/pages\/876\/revisions\/1566"}],"up":[{"embeddable":true,"href":"https:\/\/bibliapresente.com\/postagens\/wp-json\/wp\/v2\/pages\/847"}],"wp:featuredmedia":[{"embeddable":true,"href":"https:\/\/bibliapresente.com\/postagens\/wp-json\/wp\/v2\/media\/848"}],"wp:attachment":[{"href":"https:\/\/bibliapresente.com\/postagens\/wp-json\/wp\/v2\/media?parent=876"}],"curies":[{"name":"wp","href":"https:\/\/api.w.org\/{rel}","templated":true}]}}