{"id":874,"date":"2025-02-07T15:13:48","date_gmt":"2025-02-07T18:13:48","guid":{"rendered":"https:\/\/bibliapresente.com\/postagens\/?page_id=874"},"modified":"2025-02-07T15:13:49","modified_gmt":"2025-02-07T18:13:49","slug":"deuteronomio-13","status":"publish","type":"page","link":"https:\/\/bibliapresente.com\/postagens\/livros-da-biblia\/deuteronomio\/deuteronomio-13\/","title":{"rendered":"Deuteron\u00f4mio 13 &#8211; Contra Falsos Profetas"},"content":{"rendered":"\n<p class=\"has-medium-font-size\" style=\"letter-spacing:1px\"><span><span><sup><b>1<\/b><\/sup><\/span> Quando se levantar em meio de ti profeta, ou sonhador de sonhos, e te der sinal ou prod\u00edgio, <br><span><sup><b>2<\/b><\/sup><\/span> E acontecer o sinal ou prod\u00edgio que ele te disse, dizendo: Vamos seguir deuses alheios, que n\u00e3o conheceste, e os sirvamos; <br><span><sup><b>3<\/b><\/sup><\/span> N\u00e3o dar\u00e1s ouvido \u00e0s palavras de tal profeta, nem ao tal sonhador de sonhos: porque o SENHOR vosso Deus vos prova, para saber se amais ao SENHOR vosso Deus com todo o vosso cora\u00e7\u00e3o, e com toda vossa alma. <br><span><sup><b>4<\/b><\/sup><\/span> Atr\u00e1s do SENHOR vosso Deus andareis, e a ele temereis, e guardareis seus mandamentos, e escutareis sua voz, e a ele servireis, e a ele vos achegareis. <br><span><sup><b>5<\/b><\/sup><\/span> E o tal profeta ou sonhador de sonhos, ser\u00e1 morto; porquanto tratou de rebeli\u00e3o contra o SENHOR vosso Deus, que te tirou da terra do Egito, e te resgatou de casa de servos, e de tirar-te do caminho pelo que o SENHOR teu Deus te mandou que andasses; e assim tirar\u00e1s o mal do meio de ti. <br><span><sup><b>6<\/b><\/sup><\/span> Quando te incitar teu irm\u00e3o, filho de tua m\u00e3e, ou teu filho, ou tua filha, ou a mulher de teu seio, ou teu amigo que seja como tua alma, dizendo em secreto: Vamos e sirvamos a deuses alheios, que nem tu nem teus pais conhecestes, <br><span><sup><b>7<\/b><\/sup><\/span> Aos deuses dos povos que est\u00e3o em vossos arredores pr\u00f3ximo a ti, ou longe de ti, desde um fim da terra at\u00e9 o outro fim dela; <br><span><sup><b>8<\/b><\/sup><\/span> N\u00e3o consentir\u00e1s com ele, nem lhe dar\u00e1s ouvido; nem teu olho o perdoar\u00e1, nem ter\u00e1s compaix\u00e3o, nem o encobrir\u00e1s: <br><span><sup><b>9<\/b><\/sup><\/span> Antes h\u00e1s de mat\u00e1-lo; tua m\u00e3o ser\u00e1 primeira sobre ele para matar-lhe, e depois a m\u00e3o de todo o povo. <br><span><sup><b>10<\/b><\/sup><\/span> E h\u00e1s de apedrej\u00e1-lo com pedras, e morrer\u00e1; porquanto procurou desviar-te do SENHOR teu Deus, que te tirou da terra do Egito, de casa de servos: <br><span><sup><b>11<\/b><\/sup><\/span> Para que todo Israel ou\u00e7a, e tema, e n\u00e3o voltem a fazer coisa semelhante a esta m\u00e1 coisa em meio de ti. <br><span><sup><b>12<\/b><\/sup><\/span> Quando ouvires de alguma de tuas cidades que o SENHOR teu Deus te d\u00e1 para que mores nelas, que se diz: <br><span><sup><b>13<\/b><\/sup><\/span> Homens, filhos de impiedade, sa\u00edram do meio de ti, que instigaram aos moradores de sua cidade, dizendo: Vamos e sirvamos a deuses alheios, que v\u00f3s n\u00e3o conhecestes; <br><span><sup><b>14<\/b><\/sup><\/span> Tu investigar\u00e1s, e buscar\u00e1s, e preguntar\u00e1s com empenho; e se parecer verdade, coisa certo, que tal abomina\u00e7\u00e3o se fez em meio de ti, <br><span><sup><b>15<\/b><\/sup><\/span> Invariavelmente ferir\u00e1s a fio de espada os moradores daquela cidade, destruindo-a contudo o que nela houver, e tamb\u00e9m seus animais a fio de espada. <br><span><sup><b>16<\/b><\/sup><\/span> E juntar\u00e1s todo o despojo dela em meio de sua pra\u00e7a, e consumir\u00e1s com fogo a cidade e todo seu despojo, todo ele, ao SENHOR teu Deus: e ser\u00e1 um amontoado para sempre: nunca mais se edificar\u00e1. <br><span><sup><b>17<\/b><\/sup><\/span> E n\u00e3o se pegar\u00e1 algo a tua m\u00e3o do an\u00e1tema; porque o SENHOR se afaste do furor de sua ira, e te d\u00ea compaix\u00e3o, e tenha miseric\u00f3rdia de ti, e te multiplique, como o jurou a teus pais, <br><span><sup><b>18<\/b><\/sup><\/span> Quando obedeceres \u00e0 voz do SENHOR teu Deus, guardando todos os seus mandamentos que eu te prescrevo hoje, para fazer o correto aos olhos do SENHOR teu Deus.<\/span><\/p>\n\n\n\n<div class=\"wp-block-columns is-layout-flex wp-container-core-columns-is-layout-9d6595d7 wp-block-columns-is-layout-flex\">\n<div class=\"wp-block-column is-layout-flow wp-block-column-is-layout-flow\">\n<p><a href=\"\/deuteronomio-12\" title=\"\">Deuteron\u00f4mio 12<\/a><\/p>\n<\/div>\n\n\n\n<div class=\"wp-block-column is-layout-flow wp-block-column-is-layout-flow\">\n<p class=\"has-text-align-right\"><a href=\"\/deuteronomio-3\" title=\"\"><\/a><a href=\"\/deuteronomio-14\" title=\"\">Deuteron\u00f4mio 14<\/a><\/p>\n<\/div>\n<\/div>\n\n\n\n<h2 class=\"wp-block-heading\">Descri\u00e7\u00e3o &#8211; Deuteron\u00f4mio 13<\/h2>\n\n\n\n<p class=\"has-medium-font-size\">Deuteron\u00f4mio 13 alerta o povo de Israel contra a tenta\u00e7\u00e3o de seguir falsos profetas ou l\u00edderes que incitem \u00e0 idolatria, mesmo que realizem sinais ou prod\u00edgios. Mois\u00e9s adverte que, caso algu\u00e9m tente desviar o povo do culto a Deus, dever\u00e1 ser rejeitado e punido severamente, incluindo a destrui\u00e7\u00e3o de cidades inteiras que sucumbam \u00e0 idolatria. O cap\u00edtulo enfatiza a lealdade exclusiva ao Senhor e refor\u00e7a que a obedi\u00eancia \u00e0 Sua vontade deve ser inabal\u00e1vel, sem abrir espa\u00e7o para pr\u00e1ticas que ameacem a pureza espiritual e a fidelidade \u00e0 alian\u00e7a divina. O cap\u00edtulo refor\u00e7a a import\u00e2ncia de manter a integridade religiosa.<\/p>\n\n\n\n<h3 class=\"wp-block-heading\">Livro do Deuteron\u00f4mio:<\/h3>\n\n\n<ul class=\"wp-block-page-list\"><li class=\"wp-block-pages-list__item\"><a class=\"wp-block-pages-list__item__link\" href=\"https:\/\/bibliapresente.com\/postagens\/livros-da-biblia\/deuteronomio\/deuteronomio-1\/\">Deuteron\u00f4mio 1 &#8211; A Jornada no Deserto<\/a><\/li><li class=\"wp-block-pages-list__item\"><a class=\"wp-block-pages-list__item__link\" href=\"https:\/\/bibliapresente.com\/postagens\/livros-da-biblia\/deuteronomio\/deuteronomio-2\/\">Deuteron\u00f4mio 2 &#8211; Vit\u00f3rias em Seom e Ogue<\/a><\/li><li class=\"wp-block-pages-list__item\"><a class=\"wp-block-pages-list__item__link\" href=\"https:\/\/bibliapresente.com\/postagens\/livros-da-biblia\/deuteronomio\/deuteronomio-3\/\">Deuteron\u00f4mio 3 &#8211; Revis\u00e3o das Conquistas<\/a><\/li><li class=\"wp-block-pages-list__item\"><a class=\"wp-block-pages-list__item__link\" href=\"https:\/\/bibliapresente.com\/postagens\/livros-da-biblia\/deuteronomio\/deuteronomio-4\/\">Deuteron\u00f4mio 4 &#8211; Advert\u00eancias<\/a><\/li><li class=\"wp-block-pages-list__item\"><a class=\"wp-block-pages-list__item__link\" href=\"https:\/\/bibliapresente.com\/postagens\/livros-da-biblia\/deuteronomio\/deuteronomio-5\/\">Deuteron\u00f4mio 5 &#8211; Os Dez Mandamentos<\/a><\/li><li class=\"wp-block-pages-list__item\"><a class=\"wp-block-pages-list__item__link\" href=\"https:\/\/bibliapresente.com\/postagens\/livros-da-biblia\/deuteronomio\/deuteronomio-6\/\">Deuteron\u00f4mio 6 &#8211; Mandamento: Amar a Deus<\/a><\/li><li class=\"wp-block-pages-list__item\"><a class=\"wp-block-pages-list__item__link\" href=\"https:\/\/bibliapresente.com\/postagens\/livros-da-biblia\/deuteronomio\/deuteronomio-7\/\">Deuteron\u00f4mio 7 &#8211; Israel, o Povo Escolhido<\/a><\/li><li class=\"wp-block-pages-list__item\"><a class=\"wp-block-pages-list__item__link\" href=\"https:\/\/bibliapresente.com\/postagens\/livros-da-biblia\/deuteronomio\/deuteronomio-8\/\">Deuteron\u00f4mio 8 &#8211; Guardar os Mandamentos<\/a><\/li><li class=\"wp-block-pages-list__item\"><a class=\"wp-block-pages-list__item__link\" href=\"https:\/\/bibliapresente.com\/postagens\/livros-da-biblia\/deuteronomio\/deuteronomio-9\/\">Deuteron\u00f4mio 9 &#8211; Rebeli\u00f5es de Israel<\/a><\/li><li class=\"wp-block-pages-list__item\"><a class=\"wp-block-pages-list__item__link\" href=\"https:\/\/bibliapresente.com\/postagens\/livros-da-biblia\/deuteronomio\/deuteronomio-10\/\">Deuteron\u00f4mio 10 &#8211; A Arca da Alian\u00e7a<\/a><\/li><li class=\"wp-block-pages-list__item\"><a class=\"wp-block-pages-list__item__link\" href=\"https:\/\/bibliapresente.com\/postagens\/livros-da-biblia\/deuteronomio\/deuteronomio-11\/\">Deuteron\u00f4mio 11 &#8211; B\u00ean\u00e7\u00e3os da Obedi\u00eancia<\/a><\/li><li class=\"wp-block-pages-list__item\"><a class=\"wp-block-pages-list__item__link\" href=\"https:\/\/bibliapresente.com\/postagens\/livros-da-biblia\/deuteronomio\/deuteronomio-12\/\">Deuteron\u00f4mio 12 &#8211; O Lugar de Adora\u00e7\u00e3o<\/a><\/li><li class=\"wp-block-pages-list__item\"><a class=\"wp-block-pages-list__item__link\" href=\"https:\/\/bibliapresente.com\/postagens\/livros-da-biblia\/deuteronomio\/deuteronomio-13\/\">Deuteron\u00f4mio 13 &#8211; Contra Falsos Profetas<\/a><\/li><li class=\"wp-block-pages-list__item\"><a class=\"wp-block-pages-list__item__link\" href=\"https:\/\/bibliapresente.com\/postagens\/livros-da-biblia\/deuteronomio\/deuteronomio-14\/\">Deuteron\u00f4mio 14 &#8211; Alimentos e D\u00edzimo<\/a><\/li><li class=\"wp-block-pages-list__item\"><a class=\"wp-block-pages-list__item__link\" href=\"https:\/\/bibliapresente.com\/postagens\/livros-da-biblia\/deuteronomio\/deuteronomio-15\/\">Deuteron\u00f4mio 15 &#8211; O Ano da Remiss\u00e3o<\/a><\/li><li class=\"wp-block-pages-list__item\"><a class=\"wp-block-pages-list__item__link\" href=\"https:\/\/bibliapresente.com\/postagens\/livros-da-biblia\/deuteronomio\/deuteronomio-16\/\">Deuteron\u00f4mio 16 &#8211; As Festas Anuais<\/a><\/li><li class=\"wp-block-pages-list__item\"><a class=\"wp-block-pages-list__item__link\" href=\"https:\/\/bibliapresente.com\/postagens\/livros-da-biblia\/deuteronomio\/deuteronomio-17\/\">Deuteron\u00f4mio 17 &#8211; Reis e Sacerdotes<\/a><\/li><li class=\"wp-block-pages-list__item\"><a class=\"wp-block-pages-list__item__link\" href=\"https:\/\/bibliapresente.com\/postagens\/livros-da-biblia\/deuteronomio\/deuteronomio-18\/\">Deuteron\u00f4mio 18 &#8211; Direitos dos Sacerdotes<\/a><\/li><li class=\"wp-block-pages-list__item\"><a class=\"wp-block-pages-list__item__link\" href=\"https:\/\/bibliapresente.com\/postagens\/livros-da-biblia\/deuteronomio\/deuteronomio-19\/\">Deuteron\u00f4mio 19 &#8211; Ref\u00fagio e Testemunhas<\/a><\/li><li class=\"wp-block-pages-list__item\"><a class=\"wp-block-pages-list__item__link\" href=\"https:\/\/bibliapresente.com\/postagens\/livros-da-biblia\/deuteronomio\/deuteronomio-20\/\">Deuteron\u00f4mio 20 &#8211; Leis para a Guerra<\/a><\/li><li class=\"wp-block-pages-list__item\"><a class=\"wp-block-pages-list__item__link\" href=\"https:\/\/bibliapresente.com\/postagens\/livros-da-biblia\/deuteronomio\/deuteronomio-21\/\">Deuteron\u00f4mio 21 &#8211; Leis para a Justi\u00e7a<\/a><\/li><li class=\"wp-block-pages-list__item\"><a class=\"wp-block-pages-list__item__link\" href=\"https:\/\/bibliapresente.com\/postagens\/livros-da-biblia\/deuteronomio\/deuteronomio-22\/\">Deuteron\u00f4mio 22 &#8211; Regras para Conduta<\/a><\/li><li class=\"wp-block-pages-list__item\"><a class=\"wp-block-pages-list__item__link\" href=\"https:\/\/bibliapresente.com\/postagens\/livros-da-biblia\/deuteronomio\/deuteronomio-23\/\">Deuteron\u00f4mio 23 &#8211; Leis da Congrega\u00e7\u00e3o<\/a><\/li><li class=\"wp-block-pages-list__item\"><a class=\"wp-block-pages-list__item__link\" href=\"https:\/\/bibliapresente.com\/postagens\/livros-da-biblia\/deuteronomio\/deuteronomio-24\/\">Deuteron\u00f4mio 24 &#8211; Fam\u00edlia e Justi\u00e7a Social<\/a><\/li><li class=\"wp-block-pages-list__item\"><a class=\"wp-block-pages-list__item__link\" href=\"https:\/\/bibliapresente.com\/postagens\/livros-da-biblia\/deuteronomio\/deuteronomio-25\/\">Deuteron\u00f4mio 25 &#8211; Leis sobre Retalia\u00e7\u00e3o<\/a><\/li><li class=\"wp-block-pages-list__item\"><a class=\"wp-block-pages-list__item__link\" href=\"https:\/\/bibliapresente.com\/postagens\/livros-da-biblia\/deuteronomio\/deuteronomio-26\/\">Deuteron\u00f4mio 26 &#8211; A Fidelidade a Deus<\/a><\/li><li class=\"wp-block-pages-list__item\"><a class=\"wp-block-pages-list__item__link\" href=\"https:\/\/bibliapresente.com\/postagens\/livros-da-biblia\/deuteronomio\/deuteronomio-27\/\">Deuteron\u00f4mio 27 &#8211; Maldi\u00e7\u00f5es no Monte Ebal<\/a><\/li><li class=\"wp-block-pages-list__item\"><a class=\"wp-block-pages-list__item__link\" href=\"https:\/\/bibliapresente.com\/postagens\/livros-da-biblia\/deuteronomio\/deuteronomio-28\/\">Deuteron\u00f4mio 28 &#8211; Sobre a Alian\u00e7a<\/a><\/li><li class=\"wp-block-pages-list__item\"><a class=\"wp-block-pages-list__item__link\" href=\"https:\/\/bibliapresente.com\/postagens\/livros-da-biblia\/deuteronomio\/deuteronomio-29\/\">Deuteron\u00f4mio 29 &#8211; Renova\u00e7\u00e3o da Alian\u00e7a<\/a><\/li><li class=\"wp-block-pages-list__item\"><a class=\"wp-block-pages-list__item__link\" href=\"https:\/\/bibliapresente.com\/postagens\/livros-da-biblia\/deuteronomio\/deuteronomio-30\/\">Deuteron\u00f4mio 30 &#8211; Promessa de Restaura\u00e7\u00e3o<\/a><\/li><li class=\"wp-block-pages-list__item\"><a class=\"wp-block-pages-list__item__link\" href=\"https:\/\/bibliapresente.com\/postagens\/livros-da-biblia\/deuteronomio\/deuteronomio-31\/\">Deuteron\u00f4mio 31 &#8211; Mois\u00e9s Prepara Josu\u00e9<\/a><\/li><li class=\"wp-block-pages-list__item\"><a class=\"wp-block-pages-list__item__link\" href=\"https:\/\/bibliapresente.com\/postagens\/livros-da-biblia\/deuteronomio\/deuteronomio-32\/\">Deuteron\u00f4mio 32 &#8211; O C\u00e2ntico de Mois\u00e9s<\/a><\/li><li class=\"wp-block-pages-list__item\"><a class=\"wp-block-pages-list__item__link\" href=\"https:\/\/bibliapresente.com\/postagens\/livros-da-biblia\/deuteronomio\/deuteronomio-33\/\">Deuteron\u00f4mio 33 &#8211; B\u00ean\u00e7\u00e3os de Mois\u00e9s<\/a><\/li><li class=\"wp-block-pages-list__item\"><a class=\"wp-block-pages-list__item__link\" href=\"https:\/\/bibliapresente.com\/postagens\/livros-da-biblia\/deuteronomio\/deuteronomio-34\/\">Deuteron\u00f4mio 34 &#8211; A Morte de Mois\u00e9s<\/a><\/li><\/ul>\n\n\n<p><\/p>\n","protected":false},"excerpt":{"rendered":"<p>1 Quando se levantar em meio de ti profeta, ou sonhador de sonhos, e te der sinal ou prod\u00edgio, 2 E acontecer o sinal ou prod\u00edgio que ele te disse, dizendo: Vamos seguir deuses alheios, que n\u00e3o conheceste, e os sirvamos; 3 N\u00e3o dar\u00e1s ouvido \u00e0s palavras de tal profeta, nem ao tal sonhador de &hellip; <\/p>\n","protected":false},"author":2,"featured_media":848,"parent":847,"menu_order":13,"comment_status":"closed","ping_status":"closed","template":"","meta":{"om_disable_all_campaigns":false,"_monsterinsights_skip_tracking":false,"_monsterinsights_sitenote_active":false,"_monsterinsights_sitenote_note":"","_monsterinsights_sitenote_category":0,"footnotes":""},"class_list":["post-874","page","type-page","status-publish","has-post-thumbnail","hentry"],"aioseo_notices":[],"_links":{"self":[{"href":"https:\/\/bibliapresente.com\/postagens\/wp-json\/wp\/v2\/pages\/874","targetHints":{"allow":["GET"]}}],"collection":[{"href":"https:\/\/bibliapresente.com\/postagens\/wp-json\/wp\/v2\/pages"}],"about":[{"href":"https:\/\/bibliapresente.com\/postagens\/wp-json\/wp\/v2\/types\/page"}],"author":[{"embeddable":true,"href":"https:\/\/bibliapresente.com\/postagens\/wp-json\/wp\/v2\/users\/2"}],"replies":[{"embeddable":true,"href":"https:\/\/bibliapresente.com\/postagens\/wp-json\/wp\/v2\/comments?post=874"}],"version-history":[{"count":5,"href":"https:\/\/bibliapresente.com\/postagens\/wp-json\/wp\/v2\/pages\/874\/revisions"}],"predecessor-version":[{"id":1565,"href":"https:\/\/bibliapresente.com\/postagens\/wp-json\/wp\/v2\/pages\/874\/revisions\/1565"}],"up":[{"embeddable":true,"href":"https:\/\/bibliapresente.com\/postagens\/wp-json\/wp\/v2\/pages\/847"}],"wp:featuredmedia":[{"embeddable":true,"href":"https:\/\/bibliapresente.com\/postagens\/wp-json\/wp\/v2\/media\/848"}],"wp:attachment":[{"href":"https:\/\/bibliapresente.com\/postagens\/wp-json\/wp\/v2\/media?parent=874"}],"curies":[{"name":"wp","href":"https:\/\/api.w.org\/{rel}","templated":true}]}}