{"id":872,"date":"2025-02-07T15:12:53","date_gmt":"2025-02-07T18:12:53","guid":{"rendered":"https:\/\/bibliapresente.com\/postagens\/?page_id=872"},"modified":"2025-02-07T15:12:53","modified_gmt":"2025-02-07T18:12:53","slug":"deuteronomio-12","status":"publish","type":"page","link":"https:\/\/bibliapresente.com\/postagens\/livros-da-biblia\/deuteronomio\/deuteronomio-12\/","title":{"rendered":"Deuteron\u00f4mio 12 &#8211; O Lugar de Adora\u00e7\u00e3o"},"content":{"rendered":"\n<p class=\"has-medium-font-size\" style=\"letter-spacing:1px\"><span><span><sup><b>1<\/b><\/sup><\/span> Estes s\u00e3o os estatutos e regulamentos que cuidareis de p\u00f4r por obra, na terra que o SENHOR o Deus de teus pais te deu para que a possuas, todos os dias que v\u00f3s viverdes sobre a terra. <br><span><sup><b>2<\/b><\/sup><\/span> Destruireis inteiramente todos os lugares onde as na\u00e7\u00f5es que v\u00f3s herdardes serviram a seus deuses, sobre os montes altos, e sobre as colinas, e debaixo de toda \u00e1rvore espessa: <br><span><sup><b>3<\/b><\/sup><\/span> E derrubareis seus altares, e quebrareis suas imagens, e seus bosques consumireis com fogo: e destruireis as esculturas de seus deuses, e extirpareis o nome delas daquele lugar. <br><span><sup><b>4<\/b><\/sup><\/span> N\u00e3o fareis assim ao SENHOR vosso Deus. <br><span><sup><b>5<\/b><\/sup><\/span> Mas o lugar que o SENHOR vosso Deus escolher de todas as vossas tribos, para p\u00f4r ali seu nome para sua habita\u00e7\u00e3o, esse buscareis, e ali ireis: <br><span><sup><b>6<\/b><\/sup><\/span> E ali levareis vossos holocaustos, e vossos sacrif\u00edcios, e vossos d\u00edzimos, e a oferta elevada de vossas m\u00e3os, e vossos votos, e vossas ofertas volunt\u00e1rias, e os primog\u00eanitos de vossas vacas e de vossas ovelhas: <br><span><sup><b>7<\/b><\/sup><\/span> E comereis ali diante do SENHOR vosso Deus, e vos alegrareis, v\u00f3s e vossas fam\u00edlias, em toda obra de vossas m\u00e3os em que o SENHOR teu Deus te houver aben\u00e7oado. <br><span><sup><b>8<\/b><\/sup><\/span> N\u00e3o fareis como tudo o que n\u00f3s fazemos aqui agora, cada um o que lhe parece, <br><span><sup><b>9<\/b><\/sup><\/span> Porque ainda at\u00e9 agora n\u00e3o entrastes ao repouso e \u00e0 heran\u00e7a que vos d\u00e1 o SENHOR vosso Deus. <br><span><sup><b>10<\/b><\/sup><\/span> Mas passareis o Jord\u00e3o, e habitareis na terra que o SENHOR vosso Deus vos faz herdar, e ele vos dar\u00e1 repouso de todos vossos inimigos ao redor, e habitareis seguros. <br><span><sup><b>11<\/b><\/sup><\/span> E ao lugar que o SENHOR vosso Deus escolher para fazer habitar nele seu nome, ali levareis todas as coisas que eu vos mando: vossos holocaustos, e vossos sacrif\u00edcios, vossos d\u00edzimos, e as ofertas elevadas de vossas m\u00e3os, e todo o escolhido de vossos votos que houveres prometido ao SENHOR; <br><span><sup><b>12<\/b><\/sup><\/span> E vos alegrareis diante do SENHOR vosso Deus, v\u00f3s, e vossos filhos, e vossas filhas, e vossos servos, e vossas servas, e o levita que estiver em vossas povoa\u00e7\u00f5es: porquanto n\u00e3o tem parte nem heran\u00e7a convosco. <br><span><sup><b>13<\/b><\/sup><\/span> Guarda-te, que n\u00e3o ofere\u00e7as teus holocaustos em qualquer lugar que vires; <br><span><sup><b>14<\/b><\/sup><\/span> Mas no lugar que o SENHOR escolher, em uma de tuas tribos, ali oferecer\u00e1s teus holocaustos, e ali far\u00e1s tudo o que eu te mando. <br><span><sup><b>15<\/b><\/sup><\/span> Contudo, poder\u00e1s matar e comer carne em todas tuas povoa\u00e7\u00f5es conforme o desejo de tua alma, segundo a b\u00ean\u00e7\u00e3o do SENHOR teu Deus que ele te houver dado: o impuro e o limpo a comer\u00e1, como a de cor\u00e7o ou de cervo: <br><span><sup><b>16<\/b><\/sup><\/span> Salvo que sangue n\u00e3o comereis; sobre a terra o derramareis como \u00e1gua. <br><span><sup><b>17<\/b><\/sup><\/span> Nem poder\u00e1s comer em tuas povoa\u00e7\u00f5es o d\u00edzimo de teu gr\u00e3o, ou de teu vinho, ou de teu azeite, nem os primog\u00eanitos de tuas vacas, nem de tuas ovelhas, nem teus votos que prometeres, nem tuas ofertas volunt\u00e1rias, nem as elevadas ofertas de tuas m\u00e3os: <br><span><sup><b>18<\/b><\/sup><\/span> Mas diante do SENHOR teu Deus as comer\u00e1s, no lugar que o SENHOR teu Deus houver escolhido, tu, e teu filho, e tua filha, e teu servo, e tua serva, e o levita que est\u00e1 em tuas povoa\u00e7\u00f5es: e te alegrar\u00e1s diante do SENHOR teu Deus em toda obra de tuas m\u00e3os. <br><span><sup><b>19<\/b><\/sup><\/span> Tem cuidado de n\u00e3o desamparar ao levita em todos os teus dias sobre tua terra. <br><span><sup><b>20<\/b><\/sup><\/span> Quando o SENHOR teu Deus alargar teu termo, como ele te disse, e tu disseres: Comerei carne, porque desejou tua alma com\u00ea-la, conforme todo o desejo de tua alma comer\u00e1s carne. <br><span><sup><b>21<\/b><\/sup><\/span> Quando estiver longe de ti o lugar que o SENHOR teu Deus houver escolhido, para p\u00f4r ali seu nome, matar\u00e1s de tuas vacas e de tuas ovelhas, que o SENHOR te houver dado, como te mandei eu, e comer\u00e1s em tuas portas segundo tudo o que desejar tua alma. <br><span><sup><b>22<\/b><\/sup><\/span> O mesmo que se come o cor\u00e7o e o cervo, assim as comer\u00e1s: o impuro e o limpo comer\u00e3o tamb\u00e9m delas. <br><span><sup><b>23<\/b><\/sup><\/span> Somente que te esforces a n\u00e3o comer sangue: porque o sangue \u00e9 a alma; e n\u00e3o h\u00e1s de comer a alma juntamente com sua carne. <br><span><sup><b>24<\/b><\/sup><\/span> N\u00e3o o comer\u00e1s: em terra o derramar\u00e1s como \u00e1gua. <br><span><sup><b>25<\/b><\/sup><\/span> N\u00e3o comer\u00e1s dele; para que v\u00e1 bem a ti, e a teus filhos depois de ti, quando fizeres o correto aos olhos do SENHOR. <br><span><sup><b>26<\/b><\/sup><\/span> Por\u00e9m as coisas que tiveres tu consagradas, e teus votos, as tomar\u00e1s, e vir\u00e1s ao lugar que o SENHOR houver escolhido: <br><span><sup><b>27<\/b><\/sup><\/span> E oferecer\u00e1s teus holocaustos, a carne e o sangue, sobre o altar do SENHOR teu Deus: e o sangue de teus sacrif\u00edcios ser\u00e1 derramado sobre o altar do SENHOR teu Deus, e comer\u00e1s a carne. <br><span><sup><b>28<\/b><\/sup><\/span> Guarda e escuta todas estas palavras que eu te mando, porque v\u00e1 bem a ti e a teus filhos depois de ti para sempre, quando fizeres o bom e o correto aos olhos do SENHOR teu Deus. <br><span><sup><b>29<\/b><\/sup><\/span> Quando houver devastado diante de ti o SENHOR teu Deus as na\u00e7\u00f5es aonde tu vais para possu\u00ed-las, e as herdares, e habitares em sua terra, <br><span><sup><b>30<\/b><\/sup><\/span> Guarda-te que n\u00e3o tropeces seguindo-as, depois que forem destru\u00eddas diante de ti: n\u00e3o perguntes acerca de seus deuses, dizendo: Da maneira que serviam aquelas na\u00e7\u00f5es a seus deuses, assim farei eu tamb\u00e9m. <br><span><sup><b>31<\/b><\/sup><\/span> N\u00e3o far\u00e1s assim ao SENHOR teu Deus; porque tudo o que o SENHOR aborrece, fizeram eles a seus deuses; pois ainda a seus filhos e filhas queimavam no fogo a seus deuses. <br><span><sup><b>32<\/b><\/sup><\/span> Cuidareis de fazer tudo o que eu vos mando: n\u00e3o acrescentar\u00e1s a isso, nem tirar\u00e1s disso.<\/span><\/p>\n\n\n\n<div class=\"wp-block-columns is-layout-flex wp-container-core-columns-is-layout-9d6595d7 wp-block-columns-is-layout-flex\">\n<div class=\"wp-block-column is-layout-flow wp-block-column-is-layout-flow\">\n<p><a href=\"\/deuteronomio-11\" title=\"\">Deuteron\u00f4mio 11<\/a><\/p>\n<\/div>\n\n\n\n<div class=\"wp-block-column is-layout-flow wp-block-column-is-layout-flow\">\n<p class=\"has-text-align-right\"><a href=\"\/deuteronomio-3\" title=\"\"><\/a><a href=\"\/deuteronomio-13\" title=\"\">Deuteron\u00f4mio 13<\/a><\/p>\n<\/div>\n<\/div>\n\n\n\n<h2 class=\"wp-block-heading\">Descri\u00e7\u00e3o &#8211; Deuteron\u00f4mio 12<\/h2>\n\n\n\n<p class=\"has-medium-font-size\">Deuteron\u00f4mio 12 orienta os israelitas sobre o lugar adequado para adora\u00e7\u00e3o a Deus, destacando a import\u00e2ncia de centralizar os cultos no local escolhido por Ele, em vez de oferecer sacrif\u00edcios em locais privados ou impr\u00f3prios. Mois\u00e9s instrui o povo a destruir os altares dos \u00eddolos nas terras que ir\u00e3o conquistar, evitando pr\u00e1ticas id\u00f3latras. O cap\u00edtulo tamb\u00e9m refor\u00e7a a proibi\u00e7\u00e3o de consumir sangue e ensina sobre as ofertas e os d\u00edzimos, incentivando o reconhecimento da soberania divina sobre todas as b\u00ean\u00e7\u00e3os recebidas. As diretrizes visam preservar a pureza espiritual e garantir a continuidade da alian\u00e7a com o Senhor.<\/p>\n\n\n\n<h3 class=\"wp-block-heading\">Livro do Deuteron\u00f4mio:<\/h3>\n\n\n<ul class=\"wp-block-page-list\"><li class=\"wp-block-pages-list__item\"><a class=\"wp-block-pages-list__item__link\" href=\"https:\/\/bibliapresente.com\/postagens\/livros-da-biblia\/deuteronomio\/deuteronomio-1\/\">Deuteron\u00f4mio 1 &#8211; A Jornada no Deserto<\/a><\/li><li class=\"wp-block-pages-list__item\"><a class=\"wp-block-pages-list__item__link\" href=\"https:\/\/bibliapresente.com\/postagens\/livros-da-biblia\/deuteronomio\/deuteronomio-2\/\">Deuteron\u00f4mio 2 &#8211; Vit\u00f3rias em Seom e Ogue<\/a><\/li><li class=\"wp-block-pages-list__item\"><a class=\"wp-block-pages-list__item__link\" href=\"https:\/\/bibliapresente.com\/postagens\/livros-da-biblia\/deuteronomio\/deuteronomio-3\/\">Deuteron\u00f4mio 3 &#8211; Revis\u00e3o das Conquistas<\/a><\/li><li class=\"wp-block-pages-list__item\"><a class=\"wp-block-pages-list__item__link\" href=\"https:\/\/bibliapresente.com\/postagens\/livros-da-biblia\/deuteronomio\/deuteronomio-4\/\">Deuteron\u00f4mio 4 &#8211; Advert\u00eancias<\/a><\/li><li class=\"wp-block-pages-list__item\"><a class=\"wp-block-pages-list__item__link\" href=\"https:\/\/bibliapresente.com\/postagens\/livros-da-biblia\/deuteronomio\/deuteronomio-5\/\">Deuteron\u00f4mio 5 &#8211; Os Dez Mandamentos<\/a><\/li><li class=\"wp-block-pages-list__item\"><a class=\"wp-block-pages-list__item__link\" href=\"https:\/\/bibliapresente.com\/postagens\/livros-da-biblia\/deuteronomio\/deuteronomio-6\/\">Deuteron\u00f4mio 6 &#8211; Mandamento: Amar a Deus<\/a><\/li><li class=\"wp-block-pages-list__item\"><a class=\"wp-block-pages-list__item__link\" href=\"https:\/\/bibliapresente.com\/postagens\/livros-da-biblia\/deuteronomio\/deuteronomio-7\/\">Deuteron\u00f4mio 7 &#8211; Israel, o Povo Escolhido<\/a><\/li><li class=\"wp-block-pages-list__item\"><a class=\"wp-block-pages-list__item__link\" href=\"https:\/\/bibliapresente.com\/postagens\/livros-da-biblia\/deuteronomio\/deuteronomio-8\/\">Deuteron\u00f4mio 8 &#8211; Guardar os Mandamentos<\/a><\/li><li class=\"wp-block-pages-list__item\"><a class=\"wp-block-pages-list__item__link\" href=\"https:\/\/bibliapresente.com\/postagens\/livros-da-biblia\/deuteronomio\/deuteronomio-9\/\">Deuteron\u00f4mio 9 &#8211; Rebeli\u00f5es de Israel<\/a><\/li><li class=\"wp-block-pages-list__item\"><a class=\"wp-block-pages-list__item__link\" href=\"https:\/\/bibliapresente.com\/postagens\/livros-da-biblia\/deuteronomio\/deuteronomio-10\/\">Deuteron\u00f4mio 10 &#8211; A Arca da Alian\u00e7a<\/a><\/li><li class=\"wp-block-pages-list__item\"><a class=\"wp-block-pages-list__item__link\" href=\"https:\/\/bibliapresente.com\/postagens\/livros-da-biblia\/deuteronomio\/deuteronomio-11\/\">Deuteron\u00f4mio 11 &#8211; B\u00ean\u00e7\u00e3os da Obedi\u00eancia<\/a><\/li><li class=\"wp-block-pages-list__item\"><a class=\"wp-block-pages-list__item__link\" href=\"https:\/\/bibliapresente.com\/postagens\/livros-da-biblia\/deuteronomio\/deuteronomio-12\/\">Deuteron\u00f4mio 12 &#8211; O Lugar de Adora\u00e7\u00e3o<\/a><\/li><li class=\"wp-block-pages-list__item\"><a class=\"wp-block-pages-list__item__link\" href=\"https:\/\/bibliapresente.com\/postagens\/livros-da-biblia\/deuteronomio\/deuteronomio-13\/\">Deuteron\u00f4mio 13 &#8211; Contra Falsos Profetas<\/a><\/li><li class=\"wp-block-pages-list__item\"><a class=\"wp-block-pages-list__item__link\" href=\"https:\/\/bibliapresente.com\/postagens\/livros-da-biblia\/deuteronomio\/deuteronomio-14\/\">Deuteron\u00f4mio 14 &#8211; Alimentos e D\u00edzimo<\/a><\/li><li class=\"wp-block-pages-list__item\"><a class=\"wp-block-pages-list__item__link\" href=\"https:\/\/bibliapresente.com\/postagens\/livros-da-biblia\/deuteronomio\/deuteronomio-15\/\">Deuteron\u00f4mio 15 &#8211; O Ano da Remiss\u00e3o<\/a><\/li><li class=\"wp-block-pages-list__item\"><a class=\"wp-block-pages-list__item__link\" href=\"https:\/\/bibliapresente.com\/postagens\/livros-da-biblia\/deuteronomio\/deuteronomio-16\/\">Deuteron\u00f4mio 16 &#8211; As Festas Anuais<\/a><\/li><li class=\"wp-block-pages-list__item\"><a class=\"wp-block-pages-list__item__link\" href=\"https:\/\/bibliapresente.com\/postagens\/livros-da-biblia\/deuteronomio\/deuteronomio-17\/\">Deuteron\u00f4mio 17 &#8211; Reis e Sacerdotes<\/a><\/li><li class=\"wp-block-pages-list__item\"><a class=\"wp-block-pages-list__item__link\" href=\"https:\/\/bibliapresente.com\/postagens\/livros-da-biblia\/deuteronomio\/deuteronomio-18\/\">Deuteron\u00f4mio 18 &#8211; Direitos dos Sacerdotes<\/a><\/li><li class=\"wp-block-pages-list__item\"><a class=\"wp-block-pages-list__item__link\" href=\"https:\/\/bibliapresente.com\/postagens\/livros-da-biblia\/deuteronomio\/deuteronomio-19\/\">Deuteron\u00f4mio 19 &#8211; Ref\u00fagio e Testemunhas<\/a><\/li><li class=\"wp-block-pages-list__item\"><a class=\"wp-block-pages-list__item__link\" href=\"https:\/\/bibliapresente.com\/postagens\/livros-da-biblia\/deuteronomio\/deuteronomio-20\/\">Deuteron\u00f4mio 20 &#8211; Leis para a Guerra<\/a><\/li><li class=\"wp-block-pages-list__item\"><a class=\"wp-block-pages-list__item__link\" href=\"https:\/\/bibliapresente.com\/postagens\/livros-da-biblia\/deuteronomio\/deuteronomio-21\/\">Deuteron\u00f4mio 21 &#8211; Leis para a Justi\u00e7a<\/a><\/li><li class=\"wp-block-pages-list__item\"><a class=\"wp-block-pages-list__item__link\" href=\"https:\/\/bibliapresente.com\/postagens\/livros-da-biblia\/deuteronomio\/deuteronomio-22\/\">Deuteron\u00f4mio 22 &#8211; Regras para Conduta<\/a><\/li><li class=\"wp-block-pages-list__item\"><a class=\"wp-block-pages-list__item__link\" href=\"https:\/\/bibliapresente.com\/postagens\/livros-da-biblia\/deuteronomio\/deuteronomio-23\/\">Deuteron\u00f4mio 23 &#8211; Leis da Congrega\u00e7\u00e3o<\/a><\/li><li class=\"wp-block-pages-list__item\"><a class=\"wp-block-pages-list__item__link\" href=\"https:\/\/bibliapresente.com\/postagens\/livros-da-biblia\/deuteronomio\/deuteronomio-24\/\">Deuteron\u00f4mio 24 &#8211; Fam\u00edlia e Justi\u00e7a Social<\/a><\/li><li class=\"wp-block-pages-list__item\"><a class=\"wp-block-pages-list__item__link\" href=\"https:\/\/bibliapresente.com\/postagens\/livros-da-biblia\/deuteronomio\/deuteronomio-25\/\">Deuteron\u00f4mio 25 &#8211; Leis sobre Retalia\u00e7\u00e3o<\/a><\/li><li class=\"wp-block-pages-list__item\"><a class=\"wp-block-pages-list__item__link\" href=\"https:\/\/bibliapresente.com\/postagens\/livros-da-biblia\/deuteronomio\/deuteronomio-26\/\">Deuteron\u00f4mio 26 &#8211; A Fidelidade a Deus<\/a><\/li><li class=\"wp-block-pages-list__item\"><a class=\"wp-block-pages-list__item__link\" href=\"https:\/\/bibliapresente.com\/postagens\/livros-da-biblia\/deuteronomio\/deuteronomio-27\/\">Deuteron\u00f4mio 27 &#8211; Maldi\u00e7\u00f5es no Monte Ebal<\/a><\/li><li class=\"wp-block-pages-list__item\"><a class=\"wp-block-pages-list__item__link\" href=\"https:\/\/bibliapresente.com\/postagens\/livros-da-biblia\/deuteronomio\/deuteronomio-28\/\">Deuteron\u00f4mio 28 &#8211; Sobre a Alian\u00e7a<\/a><\/li><li class=\"wp-block-pages-list__item\"><a class=\"wp-block-pages-list__item__link\" href=\"https:\/\/bibliapresente.com\/postagens\/livros-da-biblia\/deuteronomio\/deuteronomio-29\/\">Deuteron\u00f4mio 29 &#8211; Renova\u00e7\u00e3o da Alian\u00e7a<\/a><\/li><li class=\"wp-block-pages-list__item\"><a class=\"wp-block-pages-list__item__link\" href=\"https:\/\/bibliapresente.com\/postagens\/livros-da-biblia\/deuteronomio\/deuteronomio-30\/\">Deuteron\u00f4mio 30 &#8211; Promessa de Restaura\u00e7\u00e3o<\/a><\/li><li class=\"wp-block-pages-list__item\"><a class=\"wp-block-pages-list__item__link\" href=\"https:\/\/bibliapresente.com\/postagens\/livros-da-biblia\/deuteronomio\/deuteronomio-31\/\">Deuteron\u00f4mio 31 &#8211; Mois\u00e9s Prepara Josu\u00e9<\/a><\/li><li class=\"wp-block-pages-list__item\"><a class=\"wp-block-pages-list__item__link\" href=\"https:\/\/bibliapresente.com\/postagens\/livros-da-biblia\/deuteronomio\/deuteronomio-32\/\">Deuteron\u00f4mio 32 &#8211; O C\u00e2ntico de Mois\u00e9s<\/a><\/li><li class=\"wp-block-pages-list__item\"><a class=\"wp-block-pages-list__item__link\" href=\"https:\/\/bibliapresente.com\/postagens\/livros-da-biblia\/deuteronomio\/deuteronomio-33\/\">Deuteron\u00f4mio 33 &#8211; B\u00ean\u00e7\u00e3os de Mois\u00e9s<\/a><\/li><li class=\"wp-block-pages-list__item\"><a class=\"wp-block-pages-list__item__link\" href=\"https:\/\/bibliapresente.com\/postagens\/livros-da-biblia\/deuteronomio\/deuteronomio-34\/\">Deuteron\u00f4mio 34 &#8211; A Morte de Mois\u00e9s<\/a><\/li><\/ul>\n\n\n<p><\/p>\n","protected":false},"excerpt":{"rendered":"<p>1 Estes s\u00e3o os estatutos e regulamentos que cuidareis de p\u00f4r por obra, na terra que o SENHOR o Deus de teus pais te deu para que a possuas, todos os dias que v\u00f3s viverdes sobre a terra. 2 Destruireis inteiramente todos os lugares onde as na\u00e7\u00f5es que v\u00f3s herdardes serviram a seus deuses, sobre &hellip; <\/p>\n","protected":false},"author":2,"featured_media":848,"parent":847,"menu_order":12,"comment_status":"closed","ping_status":"closed","template":"","meta":{"om_disable_all_campaigns":false,"_monsterinsights_skip_tracking":false,"_monsterinsights_sitenote_active":false,"_monsterinsights_sitenote_note":"","_monsterinsights_sitenote_category":0,"footnotes":""},"class_list":["post-872","page","type-page","status-publish","has-post-thumbnail","hentry"],"aioseo_notices":[],"_links":{"self":[{"href":"https:\/\/bibliapresente.com\/postagens\/wp-json\/wp\/v2\/pages\/872","targetHints":{"allow":["GET"]}}],"collection":[{"href":"https:\/\/bibliapresente.com\/postagens\/wp-json\/wp\/v2\/pages"}],"about":[{"href":"https:\/\/bibliapresente.com\/postagens\/wp-json\/wp\/v2\/types\/page"}],"author":[{"embeddable":true,"href":"https:\/\/bibliapresente.com\/postagens\/wp-json\/wp\/v2\/users\/2"}],"replies":[{"embeddable":true,"href":"https:\/\/bibliapresente.com\/postagens\/wp-json\/wp\/v2\/comments?post=872"}],"version-history":[{"count":5,"href":"https:\/\/bibliapresente.com\/postagens\/wp-json\/wp\/v2\/pages\/872\/revisions"}],"predecessor-version":[{"id":1564,"href":"https:\/\/bibliapresente.com\/postagens\/wp-json\/wp\/v2\/pages\/872\/revisions\/1564"}],"up":[{"embeddable":true,"href":"https:\/\/bibliapresente.com\/postagens\/wp-json\/wp\/v2\/pages\/847"}],"wp:featuredmedia":[{"embeddable":true,"href":"https:\/\/bibliapresente.com\/postagens\/wp-json\/wp\/v2\/media\/848"}],"wp:attachment":[{"href":"https:\/\/bibliapresente.com\/postagens\/wp-json\/wp\/v2\/media?parent=872"}],"curies":[{"name":"wp","href":"https:\/\/api.w.org\/{rel}","templated":true}]}}