{"id":870,"date":"2025-02-07T15:11:34","date_gmt":"2025-02-07T18:11:34","guid":{"rendered":"https:\/\/bibliapresente.com\/postagens\/?page_id=870"},"modified":"2025-02-07T15:11:53","modified_gmt":"2025-02-07T18:11:53","slug":"deuteronomio-11","status":"publish","type":"page","link":"https:\/\/bibliapresente.com\/postagens\/livros-da-biblia\/deuteronomio\/deuteronomio-11\/","title":{"rendered":"Deuteron\u00f4mio 11 &#8211; B\u00ean\u00e7\u00e3os da Obedi\u00eancia"},"content":{"rendered":"\n<p class=\"has-medium-font-size\" style=\"letter-spacing:1px\"><span><span><sup><b>1<\/b><\/sup><\/span> Amar\u00e1s, pois, ao SENHOR teu Deus, e guardar\u00e1s sua ordenan\u00e7a, e seus estatutos e seus regulamentos e seus mandamentos, todos os dias. <br><span><sup><b>2<\/b><\/sup><\/span> E compreendei hoje: porque n\u00e3o falo com vossos filhos que n\u00e3o souberam nem viram o castigo do SENHOR vosso Deus, sua grandeza, sua m\u00e3o forte, e seu bra\u00e7o estendido, <br><span><sup><b>3<\/b><\/sup><\/span> E seus sinais, e suas obras que fez em meio do Egito a Fara\u00f3, rei do Egito, e \u00e0 toda sua terra; <br><span><sup><b>4<\/b><\/sup><\/span> E o que fez ao ex\u00e9rcito do Egito, a seus cavalos, e a seus carros; como fez vir as \u00e1guas do mar Vermelho sobre eles, quando vinham atr\u00e1s v\u00f3s, e o SENHOR os destruiu at\u00e9 hoje; <br><span><sup><b>5<\/b><\/sup><\/span> E o que fez convosco no deserto, at\u00e9 que chegastes a este lugar; <br><span><sup><b>6<\/b><\/sup><\/span> E o que fez com Dat\u00e3 e Abir\u00e3o, filhos de Eliabe filho de R\u00faben; como abriu a terra sua boca, e tragou-se a eles e a suas casas, e suas tendas, e toda a riqueza que tinham em p\u00e9 em meio de todo Israel: <br><span><sup><b>7<\/b><\/sup><\/span> Mas vossos olhos viram todos os grandes feitos que o SENHOR executou. <br><span><sup><b>8<\/b><\/sup><\/span> Guardai, pois, todos os mandamentos que eu vos prescrevo hoje, para que sejais esfor\u00e7ados, e entreis e possuais a terra, \u00e0 qual passais para possu\u00ed-la; <br><span><sup><b>9<\/b><\/sup><\/span> E para que vos sejam prolongados os dias sobre a terra, que jurou o SENHOR a vossos pais havia de dar a eles e \u00e0 sua descend\u00eancia, terra que flui leite e mel. <br><span><sup><b>10<\/b><\/sup><\/span> Que a terra \u00e0 qual entras para possu\u00ed-la, n\u00e3o \u00e9 como a terra do Egito de onde sa\u00edstes, onde semeavas tua semente, e regavas com teu p\u00e9, como jardim de hortali\u00e7a. <br><span><sup><b>11<\/b><\/sup><\/span> A terra \u00e0 qual passais para possu\u00ed-la, \u00e9 terra de montes e de plan\u00edcies; da chuva do c\u00e9u h\u00e1 de beber as \u00e1guas; <br><span><sup><b>12<\/b><\/sup><\/span> Terra da qual o SENHOR teu Deus cuida: sempre est\u00e3o sobre ela os olhos do SENHOR teu Deus, desde o princ\u00edpio do ano at\u00e9 o fim dele. <br><span><sup><b>13<\/b><\/sup><\/span> E ser\u00e1 que, se obedecerdes cuidadosamente meus mandamentos que eu vos prescrevo hoje, amando ao SENHOR vosso Deus, e servindo-o com todo o vosso cora\u00e7\u00e3o, e com toda vossa alma, <br><span><sup><b>14<\/b><\/sup><\/span> Eu darei a chuva de vossa terra em seu tempo, a inicial e a tardia; e colher\u00e1s teu gr\u00e3o, e teu vinho, e teu azeite. <br><span><sup><b>15<\/b><\/sup><\/span> Darei tamb\u00e9m erva em teu campo para teus animais; e comer\u00e1s, e te fartar\u00e1s. <br><span><sup><b>16<\/b><\/sup><\/span> Guardai-vos, pois, que vosso cora\u00e7\u00e3o n\u00e3o se engane, e vos desvieis, e sirvais a deuses alheios, e vos inclineis a eles; <br><span><sup><b>17<\/b><\/sup><\/span> E assim se acenda o furor do SENHOR sobre v\u00f3s, e feche os c\u00e9us, e n\u00e3o haja chuva, nem a terra d\u00ea seu fruto, e pere\u00e7ais logo da boa terra que vos d\u00e1 o SENHOR. <br><span><sup><b>18<\/b><\/sup><\/span> Portanto, poreis estas minhas palavras em vosso cora\u00e7\u00e3o e em vossa alma, e as atareis por sinal em vossa m\u00e3o, e ser\u00e3o por frontais entre vossos olhos. <br><span><sup><b>19<\/b><\/sup><\/span> E as ensinareis a vossos filhos, falando delas, ora sentado em tua casa, ou andando pelo caminho, quando te deites, e quando te levantes: <br><span><sup><b>20<\/b><\/sup><\/span> E as escrever\u00e1s nos umbrais de tua casa, e em tuas entradas: <br><span><sup><b>21<\/b><\/sup><\/span> Para que sejam aumentados vossos dias, e os dias de vossos filhos, sobre a terra que jurou o SENHOR a vossos pais que lhes havia de dar, como os dias dos c\u00e9us sobre a terra. <br><span><sup><b>22<\/b><\/sup><\/span> Porque se guardardes cuidadosamente todos estes mandamentos que eu vos prescrevo, para que os cumprais; como ameis ao SENHOR vosso Deus andando em todos os seus caminhos, e a ele vos achegardes, <br><span><sup><b>23<\/b><\/sup><\/span> O SENHOR tamb\u00e9m expulsar\u00e1 todas estas na\u00e7\u00f5es de diante de v\u00f3s e possuireis na\u00e7\u00f5es grandes e mais fortes que v\u00f3s. <br><span><sup><b>24<\/b><\/sup><\/span> Todo lugar que pisar a planta de vosso p\u00e9, ser\u00e1 vosso: desde o deserto e o L\u00edbano, desde o rio, o rio Eufrates, at\u00e9 o mar ocidental ser\u00e1 vosso termo. <br><span><sup><b>25<\/b><\/sup><\/span> Ningu\u00e9m resistir\u00e1 diante de v\u00f3s: medo e temor de v\u00f3s por\u00e1 o SENHOR vosso Deus sobre a face de toda a terra que pisardes, como ele vos disse. <br><span><sup><b>26<\/b><\/sup><\/span> Eis que eu ponho hoje diante de v\u00f3s a b\u00ean\u00e7\u00e3o e a maldi\u00e7\u00e3o: <br><span><sup><b>27<\/b><\/sup><\/span> A b\u00ean\u00e7\u00e3o, se ouvirdes os mandamentos do SENHOR vosso Deus, que eu vos prescrevo hoje; <br><span><sup><b>28<\/b><\/sup><\/span> E a maldi\u00e7\u00e3o, se n\u00e3o ouvirdes os mandamentos do SENHOR vosso Deus, e vos desviardes do caminho que eu vos ordeno hoje, para ir atr\u00e1s de deuses alheios que n\u00e3o conhecestes. <br><span><sup><b>29<\/b><\/sup><\/span> E ser\u00e1 que, quando o SENHOR teu Deus te introduzir na terra \u00e0 qual vais para possu\u00ed-la, por\u00e1s a b\u00ean\u00e7\u00e3o sobre o monte Gerizim, e a maldi\u00e7\u00e3o sobre o monte Ebal: <br><span><sup><b>30<\/b><\/sup><\/span> Os quais est\u00e3o da outra parte do Jord\u00e3o, atr\u00e1s do caminho do ocidente na terra dos cananeus, que habitam na campina diante de Gilgal, junto \u00e0s plan\u00edcies de Mor\u00e9. <br><span><sup><b>31<\/b><\/sup><\/span> Porque v\u00f3s passais o Jord\u00e3o, para ir a possuir a terra que vos d\u00e1 o SENHOR vosso Deus; e a possuireis, e habitareis nela. <br><span><sup><b>32<\/b><\/sup><\/span> Cuidareis, pois, de p\u00f4r por obra todos os estatutos e direitos que eu apresento hoje diante de v\u00f3s.<\/span><\/p>\n\n\n\n<div class=\"wp-block-columns is-layout-flex wp-container-core-columns-is-layout-9d6595d7 wp-block-columns-is-layout-flex\">\n<div class=\"wp-block-column is-layout-flow wp-block-column-is-layout-flow\">\n<p><a href=\"\/deuteronomio-10\" title=\"\">Deuteron\u00f4mio 10<\/a><\/p>\n<\/div>\n\n\n\n<div class=\"wp-block-column is-layout-flow wp-block-column-is-layout-flow\">\n<p class=\"has-text-align-right\"><a href=\"\/deuteronomio-3\" title=\"\"><\/a><a href=\"\/deuteronomio-12\" title=\"\">Deuteron\u00f4mio 12<\/a><\/p>\n<\/div>\n<\/div>\n\n\n\n<h2 class=\"wp-block-heading\">Descri\u00e7\u00e3o &#8211; Deuteron\u00f4mio 11<\/h2>\n\n\n\n<p class=\"has-medium-font-size\">Deuteron\u00f4mio 11 refor\u00e7a a import\u00e2ncia da obedi\u00eancia aos mandamentos de Deus para que Israel prospere na Terra Prometida. Mois\u00e9s relembra os feitos divinos no Egito e no deserto, destacando o cuidado e o poder do Senhor. O cap\u00edtulo apresenta a escolha entre b\u00ean\u00e7\u00e3o e maldi\u00e7\u00e3o, dependendo da fidelidade do povo. Deus promete prosperidade \u00e0queles que O servirem de cora\u00e7\u00e3o e adverte sobre as consequ\u00eancias da desobedi\u00eancia. A passagem tamb\u00e9m instrui sobre a necessidade de ensinar a Lei aos filhos e manter a alian\u00e7a viva em todas as gera\u00e7\u00f5es, garantindo assim a perman\u00eancia na terra que mana leite e mel.<\/p>\n\n\n\n<h3 class=\"wp-block-heading\">Livro do Deuteron\u00f4mio:<\/h3>\n\n\n<ul class=\"wp-block-page-list\"><li class=\"wp-block-pages-list__item\"><a class=\"wp-block-pages-list__item__link\" href=\"https:\/\/bibliapresente.com\/postagens\/livros-da-biblia\/deuteronomio\/deuteronomio-1\/\">Deuteron\u00f4mio 1 &#8211; A Jornada no Deserto<\/a><\/li><li class=\"wp-block-pages-list__item\"><a class=\"wp-block-pages-list__item__link\" href=\"https:\/\/bibliapresente.com\/postagens\/livros-da-biblia\/deuteronomio\/deuteronomio-2\/\">Deuteron\u00f4mio 2 &#8211; Vit\u00f3rias em Seom e Ogue<\/a><\/li><li class=\"wp-block-pages-list__item\"><a class=\"wp-block-pages-list__item__link\" href=\"https:\/\/bibliapresente.com\/postagens\/livros-da-biblia\/deuteronomio\/deuteronomio-3\/\">Deuteron\u00f4mio 3 &#8211; Revis\u00e3o das Conquistas<\/a><\/li><li class=\"wp-block-pages-list__item\"><a class=\"wp-block-pages-list__item__link\" href=\"https:\/\/bibliapresente.com\/postagens\/livros-da-biblia\/deuteronomio\/deuteronomio-4\/\">Deuteron\u00f4mio 4 &#8211; Advert\u00eancias<\/a><\/li><li class=\"wp-block-pages-list__item\"><a class=\"wp-block-pages-list__item__link\" href=\"https:\/\/bibliapresente.com\/postagens\/livros-da-biblia\/deuteronomio\/deuteronomio-5\/\">Deuteron\u00f4mio 5 &#8211; Os Dez Mandamentos<\/a><\/li><li class=\"wp-block-pages-list__item\"><a class=\"wp-block-pages-list__item__link\" href=\"https:\/\/bibliapresente.com\/postagens\/livros-da-biblia\/deuteronomio\/deuteronomio-6\/\">Deuteron\u00f4mio 6 &#8211; Mandamento: Amar a Deus<\/a><\/li><li class=\"wp-block-pages-list__item\"><a class=\"wp-block-pages-list__item__link\" href=\"https:\/\/bibliapresente.com\/postagens\/livros-da-biblia\/deuteronomio\/deuteronomio-7\/\">Deuteron\u00f4mio 7 &#8211; Israel, o Povo Escolhido<\/a><\/li><li class=\"wp-block-pages-list__item\"><a class=\"wp-block-pages-list__item__link\" href=\"https:\/\/bibliapresente.com\/postagens\/livros-da-biblia\/deuteronomio\/deuteronomio-8\/\">Deuteron\u00f4mio 8 &#8211; Guardar os Mandamentos<\/a><\/li><li class=\"wp-block-pages-list__item\"><a class=\"wp-block-pages-list__item__link\" href=\"https:\/\/bibliapresente.com\/postagens\/livros-da-biblia\/deuteronomio\/deuteronomio-9\/\">Deuteron\u00f4mio 9 &#8211; Rebeli\u00f5es de Israel<\/a><\/li><li class=\"wp-block-pages-list__item\"><a class=\"wp-block-pages-list__item__link\" href=\"https:\/\/bibliapresente.com\/postagens\/livros-da-biblia\/deuteronomio\/deuteronomio-10\/\">Deuteron\u00f4mio 10 &#8211; A Arca da Alian\u00e7a<\/a><\/li><li class=\"wp-block-pages-list__item\"><a class=\"wp-block-pages-list__item__link\" href=\"https:\/\/bibliapresente.com\/postagens\/livros-da-biblia\/deuteronomio\/deuteronomio-11\/\">Deuteron\u00f4mio 11 &#8211; B\u00ean\u00e7\u00e3os da Obedi\u00eancia<\/a><\/li><li class=\"wp-block-pages-list__item\"><a class=\"wp-block-pages-list__item__link\" href=\"https:\/\/bibliapresente.com\/postagens\/livros-da-biblia\/deuteronomio\/deuteronomio-12\/\">Deuteron\u00f4mio 12 &#8211; O Lugar de Adora\u00e7\u00e3o<\/a><\/li><li class=\"wp-block-pages-list__item\"><a class=\"wp-block-pages-list__item__link\" href=\"https:\/\/bibliapresente.com\/postagens\/livros-da-biblia\/deuteronomio\/deuteronomio-13\/\">Deuteron\u00f4mio 13 &#8211; Contra Falsos Profetas<\/a><\/li><li class=\"wp-block-pages-list__item\"><a class=\"wp-block-pages-list__item__link\" href=\"https:\/\/bibliapresente.com\/postagens\/livros-da-biblia\/deuteronomio\/deuteronomio-14\/\">Deuteron\u00f4mio 14 &#8211; Alimentos e D\u00edzimo<\/a><\/li><li class=\"wp-block-pages-list__item\"><a class=\"wp-block-pages-list__item__link\" href=\"https:\/\/bibliapresente.com\/postagens\/livros-da-biblia\/deuteronomio\/deuteronomio-15\/\">Deuteron\u00f4mio 15 &#8211; O Ano da Remiss\u00e3o<\/a><\/li><li class=\"wp-block-pages-list__item\"><a class=\"wp-block-pages-list__item__link\" href=\"https:\/\/bibliapresente.com\/postagens\/livros-da-biblia\/deuteronomio\/deuteronomio-16\/\">Deuteron\u00f4mio 16 &#8211; As Festas Anuais<\/a><\/li><li class=\"wp-block-pages-list__item\"><a class=\"wp-block-pages-list__item__link\" href=\"https:\/\/bibliapresente.com\/postagens\/livros-da-biblia\/deuteronomio\/deuteronomio-17\/\">Deuteron\u00f4mio 17 &#8211; Reis e Sacerdotes<\/a><\/li><li class=\"wp-block-pages-list__item\"><a class=\"wp-block-pages-list__item__link\" href=\"https:\/\/bibliapresente.com\/postagens\/livros-da-biblia\/deuteronomio\/deuteronomio-18\/\">Deuteron\u00f4mio 18 &#8211; Direitos dos Sacerdotes<\/a><\/li><li class=\"wp-block-pages-list__item\"><a class=\"wp-block-pages-list__item__link\" href=\"https:\/\/bibliapresente.com\/postagens\/livros-da-biblia\/deuteronomio\/deuteronomio-19\/\">Deuteron\u00f4mio 19 &#8211; Ref\u00fagio e Testemunhas<\/a><\/li><li class=\"wp-block-pages-list__item\"><a class=\"wp-block-pages-list__item__link\" href=\"https:\/\/bibliapresente.com\/postagens\/livros-da-biblia\/deuteronomio\/deuteronomio-20\/\">Deuteron\u00f4mio 20 &#8211; Leis para a Guerra<\/a><\/li><li class=\"wp-block-pages-list__item\"><a class=\"wp-block-pages-list__item__link\" href=\"https:\/\/bibliapresente.com\/postagens\/livros-da-biblia\/deuteronomio\/deuteronomio-21\/\">Deuteron\u00f4mio 21 &#8211; Leis para a Justi\u00e7a<\/a><\/li><li class=\"wp-block-pages-list__item\"><a class=\"wp-block-pages-list__item__link\" href=\"https:\/\/bibliapresente.com\/postagens\/livros-da-biblia\/deuteronomio\/deuteronomio-22\/\">Deuteron\u00f4mio 22 &#8211; Regras para Conduta<\/a><\/li><li class=\"wp-block-pages-list__item\"><a class=\"wp-block-pages-list__item__link\" href=\"https:\/\/bibliapresente.com\/postagens\/livros-da-biblia\/deuteronomio\/deuteronomio-23\/\">Deuteron\u00f4mio 23 &#8211; Leis da Congrega\u00e7\u00e3o<\/a><\/li><li class=\"wp-block-pages-list__item\"><a class=\"wp-block-pages-list__item__link\" href=\"https:\/\/bibliapresente.com\/postagens\/livros-da-biblia\/deuteronomio\/deuteronomio-24\/\">Deuteron\u00f4mio 24 &#8211; Fam\u00edlia e Justi\u00e7a Social<\/a><\/li><li class=\"wp-block-pages-list__item\"><a class=\"wp-block-pages-list__item__link\" href=\"https:\/\/bibliapresente.com\/postagens\/livros-da-biblia\/deuteronomio\/deuteronomio-25\/\">Deuteron\u00f4mio 25 &#8211; Leis sobre Retalia\u00e7\u00e3o<\/a><\/li><li class=\"wp-block-pages-list__item\"><a class=\"wp-block-pages-list__item__link\" href=\"https:\/\/bibliapresente.com\/postagens\/livros-da-biblia\/deuteronomio\/deuteronomio-26\/\">Deuteron\u00f4mio 26 &#8211; A Fidelidade a Deus<\/a><\/li><li class=\"wp-block-pages-list__item\"><a class=\"wp-block-pages-list__item__link\" href=\"https:\/\/bibliapresente.com\/postagens\/livros-da-biblia\/deuteronomio\/deuteronomio-27\/\">Deuteron\u00f4mio 27 &#8211; Maldi\u00e7\u00f5es no Monte Ebal<\/a><\/li><li class=\"wp-block-pages-list__item\"><a class=\"wp-block-pages-list__item__link\" href=\"https:\/\/bibliapresente.com\/postagens\/livros-da-biblia\/deuteronomio\/deuteronomio-28\/\">Deuteron\u00f4mio 28 &#8211; Sobre a Alian\u00e7a<\/a><\/li><li class=\"wp-block-pages-list__item\"><a class=\"wp-block-pages-list__item__link\" href=\"https:\/\/bibliapresente.com\/postagens\/livros-da-biblia\/deuteronomio\/deuteronomio-29\/\">Deuteron\u00f4mio 29 &#8211; Renova\u00e7\u00e3o da Alian\u00e7a<\/a><\/li><li class=\"wp-block-pages-list__item\"><a class=\"wp-block-pages-list__item__link\" href=\"https:\/\/bibliapresente.com\/postagens\/livros-da-biblia\/deuteronomio\/deuteronomio-30\/\">Deuteron\u00f4mio 30 &#8211; Promessa de Restaura\u00e7\u00e3o<\/a><\/li><li class=\"wp-block-pages-list__item\"><a class=\"wp-block-pages-list__item__link\" href=\"https:\/\/bibliapresente.com\/postagens\/livros-da-biblia\/deuteronomio\/deuteronomio-31\/\">Deuteron\u00f4mio 31 &#8211; Mois\u00e9s Prepara Josu\u00e9<\/a><\/li><li class=\"wp-block-pages-list__item\"><a class=\"wp-block-pages-list__item__link\" href=\"https:\/\/bibliapresente.com\/postagens\/livros-da-biblia\/deuteronomio\/deuteronomio-32\/\">Deuteron\u00f4mio 32 &#8211; O C\u00e2ntico de Mois\u00e9s<\/a><\/li><li class=\"wp-block-pages-list__item\"><a class=\"wp-block-pages-list__item__link\" href=\"https:\/\/bibliapresente.com\/postagens\/livros-da-biblia\/deuteronomio\/deuteronomio-33\/\">Deuteron\u00f4mio 33 &#8211; B\u00ean\u00e7\u00e3os de Mois\u00e9s<\/a><\/li><li class=\"wp-block-pages-list__item\"><a class=\"wp-block-pages-list__item__link\" href=\"https:\/\/bibliapresente.com\/postagens\/livros-da-biblia\/deuteronomio\/deuteronomio-34\/\">Deuteron\u00f4mio 34 &#8211; A Morte de Mois\u00e9s<\/a><\/li><\/ul>\n\n\n<p><\/p>\n","protected":false},"excerpt":{"rendered":"<p>1 Amar\u00e1s, pois, ao SENHOR teu Deus, e guardar\u00e1s sua ordenan\u00e7a, e seus estatutos e seus regulamentos e seus mandamentos, todos os dias. 2 E compreendei hoje: porque n\u00e3o falo com vossos filhos que n\u00e3o souberam nem viram o castigo do SENHOR vosso Deus, sua grandeza, sua m\u00e3o forte, e seu bra\u00e7o estendido, 3 E &hellip; <\/p>\n","protected":false},"author":2,"featured_media":848,"parent":847,"menu_order":11,"comment_status":"closed","ping_status":"closed","template":"","meta":{"om_disable_all_campaigns":false,"_monsterinsights_skip_tracking":false,"_monsterinsights_sitenote_active":false,"_monsterinsights_sitenote_note":"","_monsterinsights_sitenote_category":0,"footnotes":""},"class_list":["post-870","page","type-page","status-publish","has-post-thumbnail","hentry"],"aioseo_notices":[],"_links":{"self":[{"href":"https:\/\/bibliapresente.com\/postagens\/wp-json\/wp\/v2\/pages\/870","targetHints":{"allow":["GET"]}}],"collection":[{"href":"https:\/\/bibliapresente.com\/postagens\/wp-json\/wp\/v2\/pages"}],"about":[{"href":"https:\/\/bibliapresente.com\/postagens\/wp-json\/wp\/v2\/types\/page"}],"author":[{"embeddable":true,"href":"https:\/\/bibliapresente.com\/postagens\/wp-json\/wp\/v2\/users\/2"}],"replies":[{"embeddable":true,"href":"https:\/\/bibliapresente.com\/postagens\/wp-json\/wp\/v2\/comments?post=870"}],"version-history":[{"count":5,"href":"https:\/\/bibliapresente.com\/postagens\/wp-json\/wp\/v2\/pages\/870\/revisions"}],"predecessor-version":[{"id":1563,"href":"https:\/\/bibliapresente.com\/postagens\/wp-json\/wp\/v2\/pages\/870\/revisions\/1563"}],"up":[{"embeddable":true,"href":"https:\/\/bibliapresente.com\/postagens\/wp-json\/wp\/v2\/pages\/847"}],"wp:featuredmedia":[{"embeddable":true,"href":"https:\/\/bibliapresente.com\/postagens\/wp-json\/wp\/v2\/media\/848"}],"wp:attachment":[{"href":"https:\/\/bibliapresente.com\/postagens\/wp-json\/wp\/v2\/media?parent=870"}],"curies":[{"name":"wp","href":"https:\/\/api.w.org\/{rel}","templated":true}]}}