{"id":868,"date":"2025-02-07T15:10:35","date_gmt":"2025-02-07T18:10:35","guid":{"rendered":"https:\/\/bibliapresente.com\/postagens\/?page_id=868"},"modified":"2025-02-07T15:10:35","modified_gmt":"2025-02-07T18:10:35","slug":"deuteronomio-10","status":"publish","type":"page","link":"https:\/\/bibliapresente.com\/postagens\/livros-da-biblia\/deuteronomio\/deuteronomio-10\/","title":{"rendered":"Deuteron\u00f4mio 10 &#8211; A Arca da Alian\u00e7a"},"content":{"rendered":"\n<p class=\"has-medium-font-size\" style=\"letter-spacing:1px\"><span><span><sup><b>1<\/b><\/sup><\/span> Naquele tempo o SENHOR me disse: Lavra para ti duas t\u00e1buas de pedra como as primeiras, e sobe a mim ao monte, e faze para ti uma arca de madeira: <br><span><sup><b>2<\/b><\/sup><\/span> E escreverei naquelas t\u00e1buas palavras que estavam nas t\u00e1buas primeiras que quebraste; e as por\u00e1s na arca. <br><span><sup><b>3<\/b><\/sup><\/span> E fiz uma arca de madeira de ac\u00e1cia, e lavrei duas t\u00e1buas de pedra como as primeiras, e subi ao monte com as duas t\u00e1buas em minha m\u00e3o. <br><span><sup><b>4<\/b><\/sup><\/span> E escreveu nas t\u00e1buas conforme a primeira escritura, os dez mandamentos que o SENHOR vos havia falado no monte do meio do fogo, no dia da assembleia; e as deu a mim o SENHOR. <br><span><sup><b>5<\/b><\/sup><\/span> E voltei e desci do monte, e pus as t\u00e1buas na arca que havia feito; e ali est\u00e3o, como o SENHOR me mandou. <br><span><sup><b>6<\/b><\/sup><\/span> (Depois partiram os filhos de Israel de Beerote-Bene-Jacac\u00e3 a Moser\u00e1: ali morreu Ar\u00e3o, e ali foi sepultado; e em lugar seu teve o sacerd\u00f3cio seu filho Eleazar. <br><span><sup><b>7<\/b><\/sup><\/span> De ali partiram a Gudgod\u00e1, e de Gudgod\u00e1 a Jotbat\u00e1, terra de ribeiros de \u00e1guas. <br><span><sup><b>8<\/b><\/sup><\/span> Naquele tempo separou o SENHOR a tribo de Levi, para que levasse a arca do pacto do SENHOR, para que estivesse diante do SENHOR para servir-lhe, e para aben\u00e7oar em seu nome, at\u00e9 hoje. <br><span><sup><b>9<\/b><\/sup><\/span> Pelo qual Levi n\u00e3o teve parte nem heran\u00e7a com seus irm\u00e3os: o SENHOR \u00e9 sua heran\u00e7a, como o SENHOR teu Deus lhe disse.) <br><span><sup><b>10<\/b><\/sup><\/span> E eu estive no monte como os primeiros dias, quarenta dias e quarenta noites; e o SENHOR me ouviu tamb\u00e9m esta vez, e n\u00e3o quis o SENHOR destruir-te. <br><span><sup><b>11<\/b><\/sup><\/span> E disse-me o SENHOR: Levanta-te, anda, para que partas diante do povo, para que entrem e possuam a terra que jurei a seus pais lhes havia de dar. <br><span><sup><b>12<\/b><\/sup><\/span> Agora, pois, Israel, que pede o SENHOR teu Deus de ti, a n\u00e3o ser que temas ao SENHOR teu Deus, que andes em todos os seus caminhos, e que o ames, e sirvas ao SENHOR teu Deus contudo teu cora\u00e7\u00e3o, e com toda tua alma; <br><span><sup><b>13<\/b><\/sup><\/span> Que guardes os mandamentos do SENHOR e seus estatutos, que eu te prescrevo hoje, para que tenhas bem? <br><span><sup><b>14<\/b><\/sup><\/span> Eis que, do SENHOR teu Deus s\u00e3o os c\u00e9us, e os c\u00e9us dos c\u00e9us: a terra, e todas as coisas que h\u00e1 nela. <br><span><sup><b>15<\/b><\/sup><\/span> Somente de teus pais se agradou o SENHOR para am\u00e1-los, e escolheu sua descend\u00eancia depois deles, a v\u00f3s, dentre todos os povos, como neste dia. <br><span><sup><b>16<\/b><\/sup><\/span> Circuncidai pois o prep\u00facio de vosso cora\u00e7\u00e3o, e n\u00e3o endure\u00e7ais mais vossa cerviz. <br><span><sup><b>17<\/b><\/sup><\/span> Porque o SENHOR vosso Deus \u00e9 Deus de deuses, e Senhor de senhores, Deus grande, poderoso, e terr\u00edvel, que n\u00e3o faz acep\u00e7\u00e3o de pessoas, nem toma suborno; <br><span><sup><b>18<\/b><\/sup><\/span> Que faz justi\u00e7a ao \u00f3rf\u00e3o e \u00e0 vi\u00fava; que ama tamb\u00e9m ao estrangeiro dando-lhe p\u00e3o e roupa. <br><span><sup><b>19<\/b><\/sup><\/span> Amareis pois ao estrangeiro: porque estrangeiros fostes v\u00f3s em terra do Egito. <br><span><sup><b>20<\/b><\/sup><\/span> Ao SENHOR teu Deus temer\u00e1s, a ele servir\u00e1s, a ele te achegar\u00e1s, e por seu nome jurar\u00e1s. <br><span><sup><b>21<\/b><\/sup><\/span> Ele \u00e9 teu louvor, e ele \u00e9 teu Deus, que fez contigo estas grandes e terr\u00edveis coisas que teus olhos viram. <br><span><sup><b>22<\/b><\/sup><\/span> Com setenta almas desceram teus pais ao Egito; e agora o SENHOR te fez como as estrelas do c\u00e9u em multid\u00e3o.<\/span><\/p>\n\n\n\n<div class=\"wp-block-columns is-layout-flex wp-container-core-columns-is-layout-9d6595d7 wp-block-columns-is-layout-flex\">\n<div class=\"wp-block-column is-layout-flow wp-block-column-is-layout-flow\">\n<p><a href=\"\/deuteronomio-9\" title=\"\">Deuteron\u00f4mio 9<\/a><\/p>\n<\/div>\n\n\n\n<div class=\"wp-block-column is-layout-flow wp-block-column-is-layout-flow\">\n<p class=\"has-text-align-right\"><a href=\"\/deuteronomio-3\" title=\"\"><\/a><a href=\"\/deuteronomio-11\" title=\"\">Deuteron\u00f4mio 11<\/a><\/p>\n<\/div>\n<\/div>\n\n\n\n<h2 class=\"wp-block-heading\">Descri\u00e7\u00e3o &#8211; Deuteron\u00f4mio 10<\/h2>\n\n\n\n<p class=\"has-medium-font-size\">Deuteron\u00f4mio 10 destaca a renova\u00e7\u00e3o da alian\u00e7a de Deus com Israel ap\u00f3s o epis\u00f3dio do bezerro de ouro. Mois\u00e9s recebe novas t\u00e1buas da lei e coloca a arca da alian\u00e7a em destaque como s\u00edmbolo da presen\u00e7a divina. O cap\u00edtulo enfatiza a necessidade de temer, amar e obedecer a Deus, destacando Sua justi\u00e7a e miseric\u00f3rdia. Deus escolheu Israel n\u00e3o por m\u00e9rito, mas por Seu amor e fidelidade. A mensagem central \u00e9 a import\u00e2ncia da obedi\u00eancia, da circuncis\u00e3o do cora\u00e7\u00e3o e do compromisso com os mandamentos divinos para receber as b\u00ean\u00e7\u00e3os prometidas na Terra Prometida.<\/p>\n\n\n\n<h3 class=\"wp-block-heading\">Livro do Deuteron\u00f4mio:<\/h3>\n\n\n<ul class=\"wp-block-page-list\"><li class=\"wp-block-pages-list__item\"><a class=\"wp-block-pages-list__item__link\" href=\"https:\/\/bibliapresente.com\/postagens\/livros-da-biblia\/deuteronomio\/deuteronomio-1\/\">Deuteron\u00f4mio 1 &#8211; A Jornada no Deserto<\/a><\/li><li class=\"wp-block-pages-list__item\"><a class=\"wp-block-pages-list__item__link\" href=\"https:\/\/bibliapresente.com\/postagens\/livros-da-biblia\/deuteronomio\/deuteronomio-2\/\">Deuteron\u00f4mio 2 &#8211; Vit\u00f3rias em Seom e Ogue<\/a><\/li><li class=\"wp-block-pages-list__item\"><a class=\"wp-block-pages-list__item__link\" href=\"https:\/\/bibliapresente.com\/postagens\/livros-da-biblia\/deuteronomio\/deuteronomio-3\/\">Deuteron\u00f4mio 3 &#8211; Revis\u00e3o das Conquistas<\/a><\/li><li class=\"wp-block-pages-list__item\"><a class=\"wp-block-pages-list__item__link\" href=\"https:\/\/bibliapresente.com\/postagens\/livros-da-biblia\/deuteronomio\/deuteronomio-4\/\">Deuteron\u00f4mio 4 &#8211; Advert\u00eancias<\/a><\/li><li class=\"wp-block-pages-list__item\"><a class=\"wp-block-pages-list__item__link\" href=\"https:\/\/bibliapresente.com\/postagens\/livros-da-biblia\/deuteronomio\/deuteronomio-5\/\">Deuteron\u00f4mio 5 &#8211; Os Dez Mandamentos<\/a><\/li><li class=\"wp-block-pages-list__item\"><a class=\"wp-block-pages-list__item__link\" href=\"https:\/\/bibliapresente.com\/postagens\/livros-da-biblia\/deuteronomio\/deuteronomio-6\/\">Deuteron\u00f4mio 6 &#8211; Mandamento: Amar a Deus<\/a><\/li><li class=\"wp-block-pages-list__item\"><a class=\"wp-block-pages-list__item__link\" href=\"https:\/\/bibliapresente.com\/postagens\/livros-da-biblia\/deuteronomio\/deuteronomio-7\/\">Deuteron\u00f4mio 7 &#8211; Israel, o Povo Escolhido<\/a><\/li><li class=\"wp-block-pages-list__item\"><a class=\"wp-block-pages-list__item__link\" href=\"https:\/\/bibliapresente.com\/postagens\/livros-da-biblia\/deuteronomio\/deuteronomio-8\/\">Deuteron\u00f4mio 8 &#8211; Guardar os Mandamentos<\/a><\/li><li class=\"wp-block-pages-list__item\"><a class=\"wp-block-pages-list__item__link\" href=\"https:\/\/bibliapresente.com\/postagens\/livros-da-biblia\/deuteronomio\/deuteronomio-9\/\">Deuteron\u00f4mio 9 &#8211; Rebeli\u00f5es de Israel<\/a><\/li><li class=\"wp-block-pages-list__item\"><a class=\"wp-block-pages-list__item__link\" href=\"https:\/\/bibliapresente.com\/postagens\/livros-da-biblia\/deuteronomio\/deuteronomio-10\/\">Deuteron\u00f4mio 10 &#8211; A Arca da Alian\u00e7a<\/a><\/li><li class=\"wp-block-pages-list__item\"><a class=\"wp-block-pages-list__item__link\" href=\"https:\/\/bibliapresente.com\/postagens\/livros-da-biblia\/deuteronomio\/deuteronomio-11\/\">Deuteron\u00f4mio 11 &#8211; B\u00ean\u00e7\u00e3os da Obedi\u00eancia<\/a><\/li><li class=\"wp-block-pages-list__item\"><a class=\"wp-block-pages-list__item__link\" href=\"https:\/\/bibliapresente.com\/postagens\/livros-da-biblia\/deuteronomio\/deuteronomio-12\/\">Deuteron\u00f4mio 12 &#8211; O Lugar de Adora\u00e7\u00e3o<\/a><\/li><li class=\"wp-block-pages-list__item\"><a class=\"wp-block-pages-list__item__link\" href=\"https:\/\/bibliapresente.com\/postagens\/livros-da-biblia\/deuteronomio\/deuteronomio-13\/\">Deuteron\u00f4mio 13 &#8211; Contra Falsos Profetas<\/a><\/li><li class=\"wp-block-pages-list__item\"><a class=\"wp-block-pages-list__item__link\" href=\"https:\/\/bibliapresente.com\/postagens\/livros-da-biblia\/deuteronomio\/deuteronomio-14\/\">Deuteron\u00f4mio 14 &#8211; Alimentos e D\u00edzimo<\/a><\/li><li class=\"wp-block-pages-list__item\"><a class=\"wp-block-pages-list__item__link\" href=\"https:\/\/bibliapresente.com\/postagens\/livros-da-biblia\/deuteronomio\/deuteronomio-15\/\">Deuteron\u00f4mio 15 &#8211; O Ano da Remiss\u00e3o<\/a><\/li><li class=\"wp-block-pages-list__item\"><a class=\"wp-block-pages-list__item__link\" href=\"https:\/\/bibliapresente.com\/postagens\/livros-da-biblia\/deuteronomio\/deuteronomio-16\/\">Deuteron\u00f4mio 16 &#8211; As Festas Anuais<\/a><\/li><li class=\"wp-block-pages-list__item\"><a class=\"wp-block-pages-list__item__link\" href=\"https:\/\/bibliapresente.com\/postagens\/livros-da-biblia\/deuteronomio\/deuteronomio-17\/\">Deuteron\u00f4mio 17 &#8211; Reis e Sacerdotes<\/a><\/li><li class=\"wp-block-pages-list__item\"><a class=\"wp-block-pages-list__item__link\" href=\"https:\/\/bibliapresente.com\/postagens\/livros-da-biblia\/deuteronomio\/deuteronomio-18\/\">Deuteron\u00f4mio 18 &#8211; Direitos dos Sacerdotes<\/a><\/li><li class=\"wp-block-pages-list__item\"><a class=\"wp-block-pages-list__item__link\" href=\"https:\/\/bibliapresente.com\/postagens\/livros-da-biblia\/deuteronomio\/deuteronomio-19\/\">Deuteron\u00f4mio 19 &#8211; Ref\u00fagio e Testemunhas<\/a><\/li><li class=\"wp-block-pages-list__item\"><a class=\"wp-block-pages-list__item__link\" href=\"https:\/\/bibliapresente.com\/postagens\/livros-da-biblia\/deuteronomio\/deuteronomio-20\/\">Deuteron\u00f4mio 20 &#8211; Leis para a Guerra<\/a><\/li><li class=\"wp-block-pages-list__item\"><a class=\"wp-block-pages-list__item__link\" href=\"https:\/\/bibliapresente.com\/postagens\/livros-da-biblia\/deuteronomio\/deuteronomio-21\/\">Deuteron\u00f4mio 21 &#8211; Leis para a Justi\u00e7a<\/a><\/li><li class=\"wp-block-pages-list__item\"><a class=\"wp-block-pages-list__item__link\" href=\"https:\/\/bibliapresente.com\/postagens\/livros-da-biblia\/deuteronomio\/deuteronomio-22\/\">Deuteron\u00f4mio 22 &#8211; Regras para Conduta<\/a><\/li><li class=\"wp-block-pages-list__item\"><a class=\"wp-block-pages-list__item__link\" href=\"https:\/\/bibliapresente.com\/postagens\/livros-da-biblia\/deuteronomio\/deuteronomio-23\/\">Deuteron\u00f4mio 23 &#8211; Leis da Congrega\u00e7\u00e3o<\/a><\/li><li class=\"wp-block-pages-list__item\"><a class=\"wp-block-pages-list__item__link\" href=\"https:\/\/bibliapresente.com\/postagens\/livros-da-biblia\/deuteronomio\/deuteronomio-24\/\">Deuteron\u00f4mio 24 &#8211; Fam\u00edlia e Justi\u00e7a Social<\/a><\/li><li class=\"wp-block-pages-list__item\"><a class=\"wp-block-pages-list__item__link\" href=\"https:\/\/bibliapresente.com\/postagens\/livros-da-biblia\/deuteronomio\/deuteronomio-25\/\">Deuteron\u00f4mio 25 &#8211; Leis sobre Retalia\u00e7\u00e3o<\/a><\/li><li class=\"wp-block-pages-list__item\"><a class=\"wp-block-pages-list__item__link\" href=\"https:\/\/bibliapresente.com\/postagens\/livros-da-biblia\/deuteronomio\/deuteronomio-26\/\">Deuteron\u00f4mio 26 &#8211; A Fidelidade a Deus<\/a><\/li><li class=\"wp-block-pages-list__item\"><a class=\"wp-block-pages-list__item__link\" href=\"https:\/\/bibliapresente.com\/postagens\/livros-da-biblia\/deuteronomio\/deuteronomio-27\/\">Deuteron\u00f4mio 27 &#8211; Maldi\u00e7\u00f5es no Monte Ebal<\/a><\/li><li class=\"wp-block-pages-list__item\"><a class=\"wp-block-pages-list__item__link\" href=\"https:\/\/bibliapresente.com\/postagens\/livros-da-biblia\/deuteronomio\/deuteronomio-28\/\">Deuteron\u00f4mio 28 &#8211; Sobre a Alian\u00e7a<\/a><\/li><li class=\"wp-block-pages-list__item\"><a class=\"wp-block-pages-list__item__link\" href=\"https:\/\/bibliapresente.com\/postagens\/livros-da-biblia\/deuteronomio\/deuteronomio-29\/\">Deuteron\u00f4mio 29 &#8211; Renova\u00e7\u00e3o da Alian\u00e7a<\/a><\/li><li class=\"wp-block-pages-list__item\"><a class=\"wp-block-pages-list__item__link\" href=\"https:\/\/bibliapresente.com\/postagens\/livros-da-biblia\/deuteronomio\/deuteronomio-30\/\">Deuteron\u00f4mio 30 &#8211; Promessa de Restaura\u00e7\u00e3o<\/a><\/li><li class=\"wp-block-pages-list__item\"><a class=\"wp-block-pages-list__item__link\" href=\"https:\/\/bibliapresente.com\/postagens\/livros-da-biblia\/deuteronomio\/deuteronomio-31\/\">Deuteron\u00f4mio 31 &#8211; Mois\u00e9s Prepara Josu\u00e9<\/a><\/li><li class=\"wp-block-pages-list__item\"><a class=\"wp-block-pages-list__item__link\" href=\"https:\/\/bibliapresente.com\/postagens\/livros-da-biblia\/deuteronomio\/deuteronomio-32\/\">Deuteron\u00f4mio 32 &#8211; O C\u00e2ntico de Mois\u00e9s<\/a><\/li><li class=\"wp-block-pages-list__item\"><a class=\"wp-block-pages-list__item__link\" href=\"https:\/\/bibliapresente.com\/postagens\/livros-da-biblia\/deuteronomio\/deuteronomio-33\/\">Deuteron\u00f4mio 33 &#8211; B\u00ean\u00e7\u00e3os de Mois\u00e9s<\/a><\/li><li class=\"wp-block-pages-list__item\"><a class=\"wp-block-pages-list__item__link\" href=\"https:\/\/bibliapresente.com\/postagens\/livros-da-biblia\/deuteronomio\/deuteronomio-34\/\">Deuteron\u00f4mio 34 &#8211; A Morte de Mois\u00e9s<\/a><\/li><\/ul>\n\n\n<p><\/p>\n","protected":false},"excerpt":{"rendered":"<p>1 Naquele tempo o SENHOR me disse: Lavra para ti duas t\u00e1buas de pedra como as primeiras, e sobe a mim ao monte, e faze para ti uma arca de madeira: 2 E escreverei naquelas t\u00e1buas palavras que estavam nas t\u00e1buas primeiras que quebraste; e as por\u00e1s na arca. 3 E fiz uma arca de &hellip; <\/p>\n","protected":false},"author":2,"featured_media":848,"parent":847,"menu_order":10,"comment_status":"closed","ping_status":"closed","template":"","meta":{"om_disable_all_campaigns":false,"_monsterinsights_skip_tracking":false,"_monsterinsights_sitenote_active":false,"_monsterinsights_sitenote_note":"","_monsterinsights_sitenote_category":0,"footnotes":""},"class_list":["post-868","page","type-page","status-publish","has-post-thumbnail","hentry"],"aioseo_notices":[],"_links":{"self":[{"href":"https:\/\/bibliapresente.com\/postagens\/wp-json\/wp\/v2\/pages\/868","targetHints":{"allow":["GET"]}}],"collection":[{"href":"https:\/\/bibliapresente.com\/postagens\/wp-json\/wp\/v2\/pages"}],"about":[{"href":"https:\/\/bibliapresente.com\/postagens\/wp-json\/wp\/v2\/types\/page"}],"author":[{"embeddable":true,"href":"https:\/\/bibliapresente.com\/postagens\/wp-json\/wp\/v2\/users\/2"}],"replies":[{"embeddable":true,"href":"https:\/\/bibliapresente.com\/postagens\/wp-json\/wp\/v2\/comments?post=868"}],"version-history":[{"count":5,"href":"https:\/\/bibliapresente.com\/postagens\/wp-json\/wp\/v2\/pages\/868\/revisions"}],"predecessor-version":[{"id":1562,"href":"https:\/\/bibliapresente.com\/postagens\/wp-json\/wp\/v2\/pages\/868\/revisions\/1562"}],"up":[{"embeddable":true,"href":"https:\/\/bibliapresente.com\/postagens\/wp-json\/wp\/v2\/pages\/847"}],"wp:featuredmedia":[{"embeddable":true,"href":"https:\/\/bibliapresente.com\/postagens\/wp-json\/wp\/v2\/media\/848"}],"wp:attachment":[{"href":"https:\/\/bibliapresente.com\/postagens\/wp-json\/wp\/v2\/media?parent=868"}],"curies":[{"name":"wp","href":"https:\/\/api.w.org\/{rel}","templated":true}]}}