{"id":866,"date":"2025-02-07T15:08:20","date_gmt":"2025-02-07T18:08:20","guid":{"rendered":"https:\/\/bibliapresente.com\/postagens\/?page_id=866"},"modified":"2025-02-07T15:08:20","modified_gmt":"2025-02-07T18:08:20","slug":"deuteronomio-9","status":"publish","type":"page","link":"https:\/\/bibliapresente.com\/postagens\/livros-da-biblia\/deuteronomio\/deuteronomio-9\/","title":{"rendered":"Deuteron\u00f4mio 9 &#8211; Rebeli\u00f5es de Israel"},"content":{"rendered":"\n<p class=\"has-medium-font-size\" style=\"letter-spacing:1px\"><span><span><sup><b>1<\/b><\/sup><\/span> Ouve, Israel: tu est\u00e1s hoje para passar o Jord\u00e3o, para entrar a possuir na\u00e7\u00f5es mais numerosas e mais fortes que tu, cidades grandes e fortificadas at\u00e9 o c\u00e9u, <br><span><sup><b>2<\/b><\/sup><\/span> Um povo grande e alto, filhos de gigantes, dos quais tens tu conhecimento, e ouviste dizer: Quem resistir\u00e1 diante dos filhos do gigante? <br><span><sup><b>3<\/b><\/sup><\/span> Sabe, pois, hoje que o SENHOR teu Deus \u00e9 o que passa diante de ti, fogo consumidor, que os destruir\u00e1 e humilhar\u00e1 diante de ti: e tu os expulsar\u00e1s, e os destruir\u00e1s logo, como o SENHOR te disse. <br><span><sup><b>4<\/b><\/sup><\/span> N\u00e3o digas em teu cora\u00e7\u00e3o quando o SENHOR teu Deus os haver\u00e1 expulsado de diante de ti, dizendo: Por minha justi\u00e7a me p\u00f4s o SENHOR a possuir esta terra; pois pela impiedade destas na\u00e7\u00f5es o SENHOR as expulsa de diante de ti. <br><span><sup><b>5<\/b><\/sup><\/span> N\u00e3o por tua justi\u00e7a, nem pela retid\u00e3o de teu cora\u00e7\u00e3o entras a possuir a terra deles; mas pela impiedade destas na\u00e7\u00f5es o SENHOR teu Deus as expulsa de diante de ti, e para confirmar a palavra que o SENHOR jurou a teus pais Abra\u00e3o, Isaque, e Jac\u00f3. <br><span><sup><b>6<\/b><\/sup><\/span> Portanto, sabe que n\u00e3o por tua justi\u00e7a o SENHOR teu Deus te d\u00e1 esta boa terra para possu\u00ed-la; que povo duro de cerviz \u00e9s tu. <br><span><sup><b>7<\/b><\/sup><\/span> Lembra-te, n\u00e3o te esque\u00e7as que provocaste a ira ao SENHOR teu Deus no deserto: desde o dia que sa\u00edste da terra do Egito, at\u00e9 que entrastes neste lugar, fostes rebeldes ao SENHOR. <br><span><sup><b>8<\/b><\/sup><\/span> E em Horebe provocastes \u00e0 ira ao SENHOR, e irou-se o SENHOR contra v\u00f3s para destruir-vos. <br><span><sup><b>9<\/b><\/sup><\/span> Quando eu subi ao monte para receber as t\u00e1buas de pedra, as t\u00e1buas do pacto que o SENHOR fez convosco, estive ent\u00e3o no monte quarenta dias e quarenta noites, sem comer p\u00e3o nem beber \u00e1gua: <br><span><sup><b>10<\/b><\/sup><\/span> E deu-me o SENHOR as duas t\u00e1buas de pedra escritas com o dedo de Deus; e nelas estava escrito conforme todas as palavras que vos falou o SENHOR no monte do meio do fogo, no dia da assembleia. <br><span><sup><b>11<\/b><\/sup><\/span> E foi ao fim dos quarenta dias e quarenta noites, que o SENHOR me deu as duas t\u00e1buas de pedra, as t\u00e1buas do pacto. <br><span><sup><b>12<\/b><\/sup><\/span> E disse-me o SENHOR: Levanta-te, desce logo daqui; que teu povo que tiraste do Egito se corrompeu: logo se apartaram do caminho que eu lhes mandei: fizeram para si uma ef\u00edgie de fundi\u00e7\u00e3o. <br><span><sup><b>13<\/b><\/sup><\/span> E falou-me o SENHOR, dizendo: Vi esse povo, e eis que ele \u00e9 povo duro de cerviz: <br><span><sup><b>14<\/b><\/sup><\/span> Deixa-me que os destrua, e apague seu nome de debaixo do c\u00e9u; que eu te porei sobre gente forte e muito mais que eles. <br><span><sup><b>15<\/b><\/sup><\/span> E voltei e desci do monte, o qual ardia em fogo, com as t\u00e1buas do pacto em minhas duas m\u00e3os. <br><span><sup><b>16<\/b><\/sup><\/span> E olhei, e eis que hav\u00edeis pecado contra o SENHOR vosso Deus: Hav\u00edeis feito para v\u00f3s um bezerro de fundi\u00e7\u00e3o, desviando-vos logo do caminho que o SENHOR vos havia mandado. <br><span><sup><b>17<\/b><\/sup><\/span> Ent\u00e3o tomei as duas t\u00e1buas, e lancei-as de minhas duas m\u00e3os, e quebrei-as diante vossos olhos. <br><span><sup><b>18<\/b><\/sup><\/span> E prostrei-me diante do SENHOR, como antes, quarenta dias e quarenta noites: n\u00e3o comi p\u00e3o nem bebi \u00e1gua, por causa de todo vosso pecado que hav\u00edeis cometido fazendo mal aos olhos do SENHOR para ir\u00e1-lo. <br><span><sup><b>19<\/b><\/sup><\/span> Porque temi por causa do furor e da ira com que o SENHOR estava irritado contra v\u00f3s para destruir-vos. Por\u00e9m o SENHOR me ouviu ainda esta vez. <br><span><sup><b>20<\/b><\/sup><\/span> Contra Ar\u00e3o tamb\u00e9m se irou o SENHOR em grande maneira para destru\u00ed-lo: e tamb\u00e9m orei por Ar\u00e3o ent\u00e3o. <br><span><sup><b>21<\/b><\/sup><\/span> E tomei vosso pecado, o bezerro que hav\u00edeis feito, e queimei no fogo, e o esmigalhei moendo-o muito bem, at\u00e9 que foi reduzido a p\u00f3: e lancei o p\u00f3 dele no ribeiro que descia do monte. <br><span><sup><b>22<\/b><\/sup><\/span> Tamb\u00e9m em Taber\u00e1, e em Mass\u00e1, e em Quibrote-Hataav\u00e1, irritastes ao SENHOR. <br><span><sup><b>23<\/b><\/sup><\/span> E quando o SENHOR vos enviou desde Cades-Barneia, dizendo: Subi e possu\u00ed a terra que eu vos dei; tamb\u00e9m fostes rebeldes ao dito do SENHOR vosso Deus, e n\u00e3o o crestes, nem obedecestes \u00e0 sua voz. <br><span><sup><b>24<\/b><\/sup><\/span> Rebeldes fostes ao SENHOR desde o dia que eu vos conhe\u00e7o. <br><span><sup><b>25<\/b><\/sup><\/span> Prostrei-me, pois, diante do SENHOR quarenta dias e quarenta noites que estive prostrado; porque o SENHOR disse que vos havia de destruir. <br><span><sup><b>26<\/b><\/sup><\/span> E orei ao SENHOR, dizendo: \u00d3 Senhor DEUS, n\u00e3o destruas teu povo e tua heran\u00e7a que resgataste com tua grandeza, ao qual tiraste do Egito com m\u00e3o forte. <br><span><sup><b>27<\/b><\/sup><\/span> Lembra-te de teus servos Abra\u00e3o, Isaque, e Jac\u00f3; n\u00e3o olhes \u00e0 dureza deste povo, nem a sua impiedade, nem a seu pecado: <br><span><sup><b>28<\/b><\/sup><\/span> Porque n\u00e3o digam os da terra de onde nos tiraste: Porquanto n\u00e3o p\u00f4de o SENHOR introduzi-los na terra que lhes havia dito, ou porque os aborrecia, os tirou para mat\u00e1-los no deserto. <br><span><sup><b>29<\/b><\/sup><\/span> E eles s\u00e3o teu povo e tua heran\u00e7a, que tiraste com tua grande for\u00e7a e com teu bra\u00e7o estendido.<\/span><\/p>\n\n\n\n<div class=\"wp-block-columns is-layout-flex wp-container-core-columns-is-layout-9d6595d7 wp-block-columns-is-layout-flex\">\n<div class=\"wp-block-column is-layout-flow wp-block-column-is-layout-flow\">\n<p><a href=\"\/deuteronomio-8\" title=\"\">Deuteron\u00f4mio 8<\/a><\/p>\n<\/div>\n\n\n\n<div class=\"wp-block-column is-layout-flow wp-block-column-is-layout-flow\">\n<p class=\"has-text-align-right\"><a href=\"\/deuteronomio-3\" title=\"\"><\/a><a href=\"\/deuteronomio-10\" title=\"\">Deuteron\u00f4mio 10<\/a><\/p>\n<\/div>\n<\/div>\n\n\n\n<h2 class=\"wp-block-heading\">Descri\u00e7\u00e3o &#8211; Deuteron\u00f4mio 9<\/h2>\n\n\n\n<p class=\"has-medium-font-size\">Deuteron\u00f4mio 9 apresenta Mois\u00e9s lembrando Israel de que sua conquista da Terra Prometida n\u00e3o se deve \u00e0 sua justi\u00e7a, mas \u00e0 fidelidade de Deus e \u00e0 perversidade das na\u00e7\u00f5es que ali habitavam. Ele relembra epis\u00f3dios de rebeldia, como o bezerro de ouro, enfatizando a necessidade de humildade e arrependimento. O cap\u00edtulo refor\u00e7a que a miseric\u00f3rdia divina preservou Israel apesar de sua teimosia. A mensagem principal \u00e9 que a vit\u00f3ria vem pela gra\u00e7a de Deus, n\u00e3o pelo m\u00e9rito humano, e que a obedi\u00eancia a Ele \u00e9 essencial para permanecer na terra que estavam prestes a herdar.<\/p>\n\n\n\n<h3 class=\"wp-block-heading\">Livro do Deuteron\u00f4mio:<\/h3>\n\n\n<ul class=\"wp-block-page-list\"><li class=\"wp-block-pages-list__item\"><a class=\"wp-block-pages-list__item__link\" href=\"https:\/\/bibliapresente.com\/postagens\/livros-da-biblia\/deuteronomio\/deuteronomio-1\/\">Deuteron\u00f4mio 1 &#8211; A Jornada no Deserto<\/a><\/li><li class=\"wp-block-pages-list__item\"><a class=\"wp-block-pages-list__item__link\" href=\"https:\/\/bibliapresente.com\/postagens\/livros-da-biblia\/deuteronomio\/deuteronomio-2\/\">Deuteron\u00f4mio 2 &#8211; Vit\u00f3rias em Seom e Ogue<\/a><\/li><li class=\"wp-block-pages-list__item\"><a class=\"wp-block-pages-list__item__link\" href=\"https:\/\/bibliapresente.com\/postagens\/livros-da-biblia\/deuteronomio\/deuteronomio-3\/\">Deuteron\u00f4mio 3 &#8211; Revis\u00e3o das Conquistas<\/a><\/li><li class=\"wp-block-pages-list__item\"><a class=\"wp-block-pages-list__item__link\" href=\"https:\/\/bibliapresente.com\/postagens\/livros-da-biblia\/deuteronomio\/deuteronomio-4\/\">Deuteron\u00f4mio 4 &#8211; Advert\u00eancias<\/a><\/li><li class=\"wp-block-pages-list__item\"><a class=\"wp-block-pages-list__item__link\" href=\"https:\/\/bibliapresente.com\/postagens\/livros-da-biblia\/deuteronomio\/deuteronomio-5\/\">Deuteron\u00f4mio 5 &#8211; Os Dez Mandamentos<\/a><\/li><li class=\"wp-block-pages-list__item\"><a class=\"wp-block-pages-list__item__link\" href=\"https:\/\/bibliapresente.com\/postagens\/livros-da-biblia\/deuteronomio\/deuteronomio-6\/\">Deuteron\u00f4mio 6 &#8211; Mandamento: Amar a Deus<\/a><\/li><li class=\"wp-block-pages-list__item\"><a class=\"wp-block-pages-list__item__link\" href=\"https:\/\/bibliapresente.com\/postagens\/livros-da-biblia\/deuteronomio\/deuteronomio-7\/\">Deuteron\u00f4mio 7 &#8211; Israel, o Povo Escolhido<\/a><\/li><li class=\"wp-block-pages-list__item\"><a class=\"wp-block-pages-list__item__link\" href=\"https:\/\/bibliapresente.com\/postagens\/livros-da-biblia\/deuteronomio\/deuteronomio-8\/\">Deuteron\u00f4mio 8 &#8211; Guardar os Mandamentos<\/a><\/li><li class=\"wp-block-pages-list__item\"><a class=\"wp-block-pages-list__item__link\" href=\"https:\/\/bibliapresente.com\/postagens\/livros-da-biblia\/deuteronomio\/deuteronomio-9\/\">Deuteron\u00f4mio 9 &#8211; Rebeli\u00f5es de Israel<\/a><\/li><li class=\"wp-block-pages-list__item\"><a class=\"wp-block-pages-list__item__link\" href=\"https:\/\/bibliapresente.com\/postagens\/livros-da-biblia\/deuteronomio\/deuteronomio-10\/\">Deuteron\u00f4mio 10 &#8211; A Arca da Alian\u00e7a<\/a><\/li><li class=\"wp-block-pages-list__item\"><a class=\"wp-block-pages-list__item__link\" href=\"https:\/\/bibliapresente.com\/postagens\/livros-da-biblia\/deuteronomio\/deuteronomio-11\/\">Deuteron\u00f4mio 11 &#8211; B\u00ean\u00e7\u00e3os da Obedi\u00eancia<\/a><\/li><li class=\"wp-block-pages-list__item\"><a class=\"wp-block-pages-list__item__link\" href=\"https:\/\/bibliapresente.com\/postagens\/livros-da-biblia\/deuteronomio\/deuteronomio-12\/\">Deuteron\u00f4mio 12 &#8211; O Lugar de Adora\u00e7\u00e3o<\/a><\/li><li class=\"wp-block-pages-list__item\"><a class=\"wp-block-pages-list__item__link\" href=\"https:\/\/bibliapresente.com\/postagens\/livros-da-biblia\/deuteronomio\/deuteronomio-13\/\">Deuteron\u00f4mio 13 &#8211; Contra Falsos Profetas<\/a><\/li><li class=\"wp-block-pages-list__item\"><a class=\"wp-block-pages-list__item__link\" href=\"https:\/\/bibliapresente.com\/postagens\/livros-da-biblia\/deuteronomio\/deuteronomio-14\/\">Deuteron\u00f4mio 14 &#8211; Alimentos e D\u00edzimo<\/a><\/li><li class=\"wp-block-pages-list__item\"><a class=\"wp-block-pages-list__item__link\" href=\"https:\/\/bibliapresente.com\/postagens\/livros-da-biblia\/deuteronomio\/deuteronomio-15\/\">Deuteron\u00f4mio 15 &#8211; O Ano da Remiss\u00e3o<\/a><\/li><li class=\"wp-block-pages-list__item\"><a class=\"wp-block-pages-list__item__link\" href=\"https:\/\/bibliapresente.com\/postagens\/livros-da-biblia\/deuteronomio\/deuteronomio-16\/\">Deuteron\u00f4mio 16 &#8211; As Festas Anuais<\/a><\/li><li class=\"wp-block-pages-list__item\"><a class=\"wp-block-pages-list__item__link\" href=\"https:\/\/bibliapresente.com\/postagens\/livros-da-biblia\/deuteronomio\/deuteronomio-17\/\">Deuteron\u00f4mio 17 &#8211; Reis e Sacerdotes<\/a><\/li><li class=\"wp-block-pages-list__item\"><a class=\"wp-block-pages-list__item__link\" href=\"https:\/\/bibliapresente.com\/postagens\/livros-da-biblia\/deuteronomio\/deuteronomio-18\/\">Deuteron\u00f4mio 18 &#8211; Direitos dos Sacerdotes<\/a><\/li><li class=\"wp-block-pages-list__item\"><a class=\"wp-block-pages-list__item__link\" href=\"https:\/\/bibliapresente.com\/postagens\/livros-da-biblia\/deuteronomio\/deuteronomio-19\/\">Deuteron\u00f4mio 19 &#8211; Ref\u00fagio e Testemunhas<\/a><\/li><li class=\"wp-block-pages-list__item\"><a class=\"wp-block-pages-list__item__link\" href=\"https:\/\/bibliapresente.com\/postagens\/livros-da-biblia\/deuteronomio\/deuteronomio-20\/\">Deuteron\u00f4mio 20 &#8211; Leis para a Guerra<\/a><\/li><li class=\"wp-block-pages-list__item\"><a class=\"wp-block-pages-list__item__link\" href=\"https:\/\/bibliapresente.com\/postagens\/livros-da-biblia\/deuteronomio\/deuteronomio-21\/\">Deuteron\u00f4mio 21 &#8211; Leis para a Justi\u00e7a<\/a><\/li><li class=\"wp-block-pages-list__item\"><a class=\"wp-block-pages-list__item__link\" href=\"https:\/\/bibliapresente.com\/postagens\/livros-da-biblia\/deuteronomio\/deuteronomio-22\/\">Deuteron\u00f4mio 22 &#8211; Regras para Conduta<\/a><\/li><li class=\"wp-block-pages-list__item\"><a class=\"wp-block-pages-list__item__link\" href=\"https:\/\/bibliapresente.com\/postagens\/livros-da-biblia\/deuteronomio\/deuteronomio-23\/\">Deuteron\u00f4mio 23 &#8211; Leis da Congrega\u00e7\u00e3o<\/a><\/li><li class=\"wp-block-pages-list__item\"><a class=\"wp-block-pages-list__item__link\" href=\"https:\/\/bibliapresente.com\/postagens\/livros-da-biblia\/deuteronomio\/deuteronomio-24\/\">Deuteron\u00f4mio 24 &#8211; Fam\u00edlia e Justi\u00e7a Social<\/a><\/li><li class=\"wp-block-pages-list__item\"><a class=\"wp-block-pages-list__item__link\" href=\"https:\/\/bibliapresente.com\/postagens\/livros-da-biblia\/deuteronomio\/deuteronomio-25\/\">Deuteron\u00f4mio 25 &#8211; Leis sobre Retalia\u00e7\u00e3o<\/a><\/li><li class=\"wp-block-pages-list__item\"><a class=\"wp-block-pages-list__item__link\" href=\"https:\/\/bibliapresente.com\/postagens\/livros-da-biblia\/deuteronomio\/deuteronomio-26\/\">Deuteron\u00f4mio 26 &#8211; A Fidelidade a Deus<\/a><\/li><li class=\"wp-block-pages-list__item\"><a class=\"wp-block-pages-list__item__link\" href=\"https:\/\/bibliapresente.com\/postagens\/livros-da-biblia\/deuteronomio\/deuteronomio-27\/\">Deuteron\u00f4mio 27 &#8211; Maldi\u00e7\u00f5es no Monte Ebal<\/a><\/li><li class=\"wp-block-pages-list__item\"><a class=\"wp-block-pages-list__item__link\" href=\"https:\/\/bibliapresente.com\/postagens\/livros-da-biblia\/deuteronomio\/deuteronomio-28\/\">Deuteron\u00f4mio 28 &#8211; Sobre a Alian\u00e7a<\/a><\/li><li class=\"wp-block-pages-list__item\"><a class=\"wp-block-pages-list__item__link\" href=\"https:\/\/bibliapresente.com\/postagens\/livros-da-biblia\/deuteronomio\/deuteronomio-29\/\">Deuteron\u00f4mio 29 &#8211; Renova\u00e7\u00e3o da Alian\u00e7a<\/a><\/li><li class=\"wp-block-pages-list__item\"><a class=\"wp-block-pages-list__item__link\" href=\"https:\/\/bibliapresente.com\/postagens\/livros-da-biblia\/deuteronomio\/deuteronomio-30\/\">Deuteron\u00f4mio 30 &#8211; Promessa de Restaura\u00e7\u00e3o<\/a><\/li><li class=\"wp-block-pages-list__item\"><a class=\"wp-block-pages-list__item__link\" href=\"https:\/\/bibliapresente.com\/postagens\/livros-da-biblia\/deuteronomio\/deuteronomio-31\/\">Deuteron\u00f4mio 31 &#8211; Mois\u00e9s Prepara Josu\u00e9<\/a><\/li><li class=\"wp-block-pages-list__item\"><a class=\"wp-block-pages-list__item__link\" href=\"https:\/\/bibliapresente.com\/postagens\/livros-da-biblia\/deuteronomio\/deuteronomio-32\/\">Deuteron\u00f4mio 32 &#8211; O C\u00e2ntico de Mois\u00e9s<\/a><\/li><li class=\"wp-block-pages-list__item\"><a class=\"wp-block-pages-list__item__link\" href=\"https:\/\/bibliapresente.com\/postagens\/livros-da-biblia\/deuteronomio\/deuteronomio-33\/\">Deuteron\u00f4mio 33 &#8211; B\u00ean\u00e7\u00e3os de Mois\u00e9s<\/a><\/li><li class=\"wp-block-pages-list__item\"><a class=\"wp-block-pages-list__item__link\" href=\"https:\/\/bibliapresente.com\/postagens\/livros-da-biblia\/deuteronomio\/deuteronomio-34\/\">Deuteron\u00f4mio 34 &#8211; A Morte de Mois\u00e9s<\/a><\/li><\/ul>\n\n\n<p><\/p>\n","protected":false},"excerpt":{"rendered":"<p>1 Ouve, Israel: tu est\u00e1s hoje para passar o Jord\u00e3o, para entrar a possuir na\u00e7\u00f5es mais numerosas e mais fortes que tu, cidades grandes e fortificadas at\u00e9 o c\u00e9u, 2 Um povo grande e alto, filhos de gigantes, dos quais tens tu conhecimento, e ouviste dizer: Quem resistir\u00e1 diante dos filhos do gigante? 3 Sabe, &hellip; <\/p>\n","protected":false},"author":2,"featured_media":848,"parent":847,"menu_order":9,"comment_status":"closed","ping_status":"closed","template":"","meta":{"om_disable_all_campaigns":false,"_monsterinsights_skip_tracking":false,"_monsterinsights_sitenote_active":false,"_monsterinsights_sitenote_note":"","_monsterinsights_sitenote_category":0,"footnotes":""},"class_list":["post-866","page","type-page","status-publish","has-post-thumbnail","hentry"],"aioseo_notices":[],"_links":{"self":[{"href":"https:\/\/bibliapresente.com\/postagens\/wp-json\/wp\/v2\/pages\/866","targetHints":{"allow":["GET"]}}],"collection":[{"href":"https:\/\/bibliapresente.com\/postagens\/wp-json\/wp\/v2\/pages"}],"about":[{"href":"https:\/\/bibliapresente.com\/postagens\/wp-json\/wp\/v2\/types\/page"}],"author":[{"embeddable":true,"href":"https:\/\/bibliapresente.com\/postagens\/wp-json\/wp\/v2\/users\/2"}],"replies":[{"embeddable":true,"href":"https:\/\/bibliapresente.com\/postagens\/wp-json\/wp\/v2\/comments?post=866"}],"version-history":[{"count":5,"href":"https:\/\/bibliapresente.com\/postagens\/wp-json\/wp\/v2\/pages\/866\/revisions"}],"predecessor-version":[{"id":1561,"href":"https:\/\/bibliapresente.com\/postagens\/wp-json\/wp\/v2\/pages\/866\/revisions\/1561"}],"up":[{"embeddable":true,"href":"https:\/\/bibliapresente.com\/postagens\/wp-json\/wp\/v2\/pages\/847"}],"wp:featuredmedia":[{"embeddable":true,"href":"https:\/\/bibliapresente.com\/postagens\/wp-json\/wp\/v2\/media\/848"}],"wp:attachment":[{"href":"https:\/\/bibliapresente.com\/postagens\/wp-json\/wp\/v2\/media?parent=866"}],"curies":[{"name":"wp","href":"https:\/\/api.w.org\/{rel}","templated":true}]}}