{"id":864,"date":"2025-02-07T15:06:19","date_gmt":"2025-02-07T18:06:19","guid":{"rendered":"https:\/\/bibliapresente.com\/postagens\/?page_id=864"},"modified":"2025-02-07T15:06:19","modified_gmt":"2025-02-07T18:06:19","slug":"deuteronomio-8","status":"publish","type":"page","link":"https:\/\/bibliapresente.com\/postagens\/livros-da-biblia\/deuteronomio\/deuteronomio-8\/","title":{"rendered":"Deuteron\u00f4mio 8 &#8211; Guardar os Mandamentos"},"content":{"rendered":"\n<p class=\"has-medium-font-size\" style=\"letter-spacing:1px\"><span><span><sup><b>1<\/b><\/sup><\/span> Cuidareis de p\u00f4r por obra todo mandamento que eu vos ordeno hoje, para que vivais, e sejais multiplicados, e entreis, e possuais a terra, da qual jurou o SENHOR a vossos pais. <br><span><sup><b>2<\/b><\/sup><\/span> E te lembrar\u00e1s de todo o caminho por onde te trouxe o SENHOR teu Deus estes quarenta anos no deserto, para afligir-te, para provar-te, para saber o que estava em teu cora\u00e7\u00e3o, se havias de guardar ou n\u00e3o seus mandamentos. <br><span><sup><b>3<\/b><\/sup><\/span> E te afligiu, e te fez ter fome, e te sustentou com man\u00e1, comida que n\u00e3o conhecias tu, nem teus pais a conheciam; para fazer-te saber que o homem n\u00e3o viver\u00e1 de s\u00f3 p\u00e3o, mas de tudo o que sai da boca do SENHOR viver\u00e1 o homem. <br><span><sup><b>4<\/b><\/sup><\/span> Tua roupa nunca se envelheceu sobre ti, nem o p\u00e9 se te inchou por estes quarenta anos. <br><span><sup><b>5<\/b><\/sup><\/span> Reconhece assim em teu cora\u00e7\u00e3o, que como castiga o homem a seu filho, assim o SENHOR teu Deus te castiga. <br><span><sup><b>6<\/b><\/sup><\/span> Guardar\u00e1s, pois, os mandamentos do SENHOR teu Deus, andando em seus caminhos, e temendo-o. <br><span><sup><b>7<\/b><\/sup><\/span> Porque o SENHOR teu Deus te introduz na boa terra, terra de ribeiros, de \u00e1guas, de fontes, de mananciais que brotam por plan\u00edcies e montes; <br><span><sup><b>8<\/b><\/sup><\/span> Terra de trigo e cevada, e de videiras, e figueiras, e romeiras; terra de olivas, de azeite, e de mel; <br><span><sup><b>9<\/b><\/sup><\/span> Terra na qual n\u00e3o comer\u00e1s o p\u00e3o com escassez, n\u00e3o te faltar\u00e1 nada nela; terra que suas pedras s\u00e3o ferro, e de seus montes cortar\u00e1s bronze. <br><span><sup><b>10<\/b><\/sup><\/span> E comer\u00e1s e te fartar\u00e1s, e bendir\u00e1s ao SENHOR teu Deus pela boa terra que te haver\u00e1 dado. <br><span><sup><b>11<\/b><\/sup><\/span> Guarda-te, que n\u00e3o te esque\u00e7as do SENHOR teu Deus, para n\u00e3o observar seus mandamentos, e seus regulamentos, e seus estatutos, que eu te ordeno hoje: <br><span><sup><b>12<\/b><\/sup><\/span> Para que n\u00e3o aconte\u00e7a talvez que comas e te fartes, e edifiques boas casas em que mores, <br><span><sup><b>13<\/b><\/sup><\/span> E tuas vacas e tuas ovelhas se aumentem, e a prata e o ouro se te multiplique, e tudo o que tiveres se te aumente, <br><span><sup><b>14<\/b><\/sup><\/span> E se eleve logo teu cora\u00e7\u00e3o, e te esque\u00e7as do SENHOR teu Deus, que te tirou da terra do Egito, de casa de servos; <br><span><sup><b>15<\/b><\/sup><\/span> Que te fez caminhar por um deserto grande e espantoso, de serpentes ardentes, e de escorpi\u00f5es, e de sede, onde nenhuma \u00e1gua havia, e ele te tirou \u00e1gua da rocha de pederneiras; <br><span><sup><b>16<\/b><\/sup><\/span> Que te sustentou com man\u00e1 no deserto, comida que teus pais n\u00e3o conheciam, afligindo-te e provando-te, para ao fim fazer-te bem; <br><span><sup><b>17<\/b><\/sup><\/span> E digas em teu cora\u00e7\u00e3o: Meu poder e a for\u00e7a de minha m\u00e3o me trouxeram esta riqueza. <br><span><sup><b>18<\/b><\/sup><\/span> Antes lembra-te do SENHOR teu Deus: porque ele te d\u00e1 o poder para fazer as riquezas, a fim de confirmar seu pacto que jurou a teus pais, como neste dia. <br><span><sup><b>19<\/b><\/sup><\/span> Mas ser\u00e1, se chegares a esquecer-te do SENHOR teu Deus, e andares atr\u00e1s de deuses alheios, e lhes servires, e a eles te encurvares, atesto-o hoje contra v\u00f3s, que certamente perecereis. <br><span><sup><b>20<\/b><\/sup><\/span> Como as na\u00e7\u00f5es que o SENHOR destruir\u00e1 diante de v\u00f3s, assim perecereis; porquanto n\u00e3o havereis atendido \u00e0 voz do SENHOR vosso Deus.<\/span><\/p>\n\n\n\n<div class=\"wp-block-columns is-layout-flex wp-container-core-columns-is-layout-9d6595d7 wp-block-columns-is-layout-flex\">\n<div class=\"wp-block-column is-layout-flow wp-block-column-is-layout-flow\">\n<p><a href=\"\/deuteronomio-7\" title=\"\">Deuteron\u00f4mio 7<\/a><\/p>\n<\/div>\n\n\n\n<div class=\"wp-block-column is-layout-flow wp-block-column-is-layout-flow\">\n<p class=\"has-text-align-right\"><a href=\"\/deuteronomio-3\" title=\"\"><\/a><a href=\"\/deuteronomio-9\" title=\"\">Deuteron\u00f4mio 9<\/a><\/p>\n<\/div>\n<\/div>\n\n\n\n<h2 class=\"wp-block-heading\">Descri\u00e7\u00e3o &#8211; Deuteron\u00f4mio 8<\/h2>\n\n\n\n<p class=\"has-medium-font-size\">Deuteron\u00f4mio 8 destaca a import\u00e2ncia da obedi\u00eancia a Deus e a lembran\u00e7a de Sua provis\u00e3o no deserto. Mois\u00e9s exorta Israel a reconhecer que foi Deus quem os sustentou, enviando man\u00e1 e cuidando de suas necessidades. O cap\u00edtulo enfatiza que a disciplina divina tem o prop\u00f3sito de ensinar a confiar n&#8217;Ele. Tamb\u00e9m alerta contra o perigo da autossufici\u00eancia ao entrarem na Terra Prometida, advertindo que esquecer o Senhor levaria \u00e0 ru\u00edna. A mensagem central \u00e9 a depend\u00eancia de Deus em todas as circunst\u00e2ncias, lembrando que a verdadeira prosperidade vem da obedi\u00eancia e do reconhecimento de Sua soberania.<\/p>\n\n\n\n<h3 class=\"wp-block-heading\">Livro do Deuteron\u00f4mio:<\/h3>\n\n\n<ul class=\"wp-block-page-list\"><li class=\"wp-block-pages-list__item\"><a class=\"wp-block-pages-list__item__link\" href=\"https:\/\/bibliapresente.com\/postagens\/livros-da-biblia\/deuteronomio\/deuteronomio-1\/\">Deuteron\u00f4mio 1 &#8211; A Jornada no Deserto<\/a><\/li><li class=\"wp-block-pages-list__item\"><a class=\"wp-block-pages-list__item__link\" href=\"https:\/\/bibliapresente.com\/postagens\/livros-da-biblia\/deuteronomio\/deuteronomio-2\/\">Deuteron\u00f4mio 2 &#8211; Vit\u00f3rias em Seom e Ogue<\/a><\/li><li class=\"wp-block-pages-list__item\"><a class=\"wp-block-pages-list__item__link\" href=\"https:\/\/bibliapresente.com\/postagens\/livros-da-biblia\/deuteronomio\/deuteronomio-3\/\">Deuteron\u00f4mio 3 &#8211; Revis\u00e3o das Conquistas<\/a><\/li><li class=\"wp-block-pages-list__item\"><a class=\"wp-block-pages-list__item__link\" href=\"https:\/\/bibliapresente.com\/postagens\/livros-da-biblia\/deuteronomio\/deuteronomio-4\/\">Deuteron\u00f4mio 4 &#8211; Advert\u00eancias<\/a><\/li><li class=\"wp-block-pages-list__item\"><a class=\"wp-block-pages-list__item__link\" href=\"https:\/\/bibliapresente.com\/postagens\/livros-da-biblia\/deuteronomio\/deuteronomio-5\/\">Deuteron\u00f4mio 5 &#8211; Os Dez Mandamentos<\/a><\/li><li class=\"wp-block-pages-list__item\"><a class=\"wp-block-pages-list__item__link\" href=\"https:\/\/bibliapresente.com\/postagens\/livros-da-biblia\/deuteronomio\/deuteronomio-6\/\">Deuteron\u00f4mio 6 &#8211; Mandamento: Amar a Deus<\/a><\/li><li class=\"wp-block-pages-list__item\"><a class=\"wp-block-pages-list__item__link\" href=\"https:\/\/bibliapresente.com\/postagens\/livros-da-biblia\/deuteronomio\/deuteronomio-7\/\">Deuteron\u00f4mio 7 &#8211; Israel, o Povo Escolhido<\/a><\/li><li class=\"wp-block-pages-list__item\"><a class=\"wp-block-pages-list__item__link\" href=\"https:\/\/bibliapresente.com\/postagens\/livros-da-biblia\/deuteronomio\/deuteronomio-8\/\">Deuteron\u00f4mio 8 &#8211; Guardar os Mandamentos<\/a><\/li><li class=\"wp-block-pages-list__item\"><a class=\"wp-block-pages-list__item__link\" href=\"https:\/\/bibliapresente.com\/postagens\/livros-da-biblia\/deuteronomio\/deuteronomio-9\/\">Deuteron\u00f4mio 9 &#8211; Rebeli\u00f5es de Israel<\/a><\/li><li class=\"wp-block-pages-list__item\"><a class=\"wp-block-pages-list__item__link\" href=\"https:\/\/bibliapresente.com\/postagens\/livros-da-biblia\/deuteronomio\/deuteronomio-10\/\">Deuteron\u00f4mio 10 &#8211; A Arca da Alian\u00e7a<\/a><\/li><li class=\"wp-block-pages-list__item\"><a class=\"wp-block-pages-list__item__link\" href=\"https:\/\/bibliapresente.com\/postagens\/livros-da-biblia\/deuteronomio\/deuteronomio-11\/\">Deuteron\u00f4mio 11 &#8211; B\u00ean\u00e7\u00e3os da Obedi\u00eancia<\/a><\/li><li class=\"wp-block-pages-list__item\"><a class=\"wp-block-pages-list__item__link\" href=\"https:\/\/bibliapresente.com\/postagens\/livros-da-biblia\/deuteronomio\/deuteronomio-12\/\">Deuteron\u00f4mio 12 &#8211; O Lugar de Adora\u00e7\u00e3o<\/a><\/li><li class=\"wp-block-pages-list__item\"><a class=\"wp-block-pages-list__item__link\" href=\"https:\/\/bibliapresente.com\/postagens\/livros-da-biblia\/deuteronomio\/deuteronomio-13\/\">Deuteron\u00f4mio 13 &#8211; Contra Falsos Profetas<\/a><\/li><li class=\"wp-block-pages-list__item\"><a class=\"wp-block-pages-list__item__link\" href=\"https:\/\/bibliapresente.com\/postagens\/livros-da-biblia\/deuteronomio\/deuteronomio-14\/\">Deuteron\u00f4mio 14 &#8211; Alimentos e D\u00edzimo<\/a><\/li><li class=\"wp-block-pages-list__item\"><a class=\"wp-block-pages-list__item__link\" href=\"https:\/\/bibliapresente.com\/postagens\/livros-da-biblia\/deuteronomio\/deuteronomio-15\/\">Deuteron\u00f4mio 15 &#8211; O Ano da Remiss\u00e3o<\/a><\/li><li class=\"wp-block-pages-list__item\"><a class=\"wp-block-pages-list__item__link\" href=\"https:\/\/bibliapresente.com\/postagens\/livros-da-biblia\/deuteronomio\/deuteronomio-16\/\">Deuteron\u00f4mio 16 &#8211; As Festas Anuais<\/a><\/li><li class=\"wp-block-pages-list__item\"><a class=\"wp-block-pages-list__item__link\" href=\"https:\/\/bibliapresente.com\/postagens\/livros-da-biblia\/deuteronomio\/deuteronomio-17\/\">Deuteron\u00f4mio 17 &#8211; Reis e Sacerdotes<\/a><\/li><li class=\"wp-block-pages-list__item\"><a class=\"wp-block-pages-list__item__link\" href=\"https:\/\/bibliapresente.com\/postagens\/livros-da-biblia\/deuteronomio\/deuteronomio-18\/\">Deuteron\u00f4mio 18 &#8211; Direitos dos Sacerdotes<\/a><\/li><li class=\"wp-block-pages-list__item\"><a class=\"wp-block-pages-list__item__link\" href=\"https:\/\/bibliapresente.com\/postagens\/livros-da-biblia\/deuteronomio\/deuteronomio-19\/\">Deuteron\u00f4mio 19 &#8211; Ref\u00fagio e Testemunhas<\/a><\/li><li class=\"wp-block-pages-list__item\"><a class=\"wp-block-pages-list__item__link\" href=\"https:\/\/bibliapresente.com\/postagens\/livros-da-biblia\/deuteronomio\/deuteronomio-20\/\">Deuteron\u00f4mio 20 &#8211; Leis para a Guerra<\/a><\/li><li class=\"wp-block-pages-list__item\"><a class=\"wp-block-pages-list__item__link\" href=\"https:\/\/bibliapresente.com\/postagens\/livros-da-biblia\/deuteronomio\/deuteronomio-21\/\">Deuteron\u00f4mio 21 &#8211; Leis para a Justi\u00e7a<\/a><\/li><li class=\"wp-block-pages-list__item\"><a class=\"wp-block-pages-list__item__link\" href=\"https:\/\/bibliapresente.com\/postagens\/livros-da-biblia\/deuteronomio\/deuteronomio-22\/\">Deuteron\u00f4mio 22 &#8211; Regras para Conduta<\/a><\/li><li class=\"wp-block-pages-list__item\"><a class=\"wp-block-pages-list__item__link\" href=\"https:\/\/bibliapresente.com\/postagens\/livros-da-biblia\/deuteronomio\/deuteronomio-23\/\">Deuteron\u00f4mio 23 &#8211; Leis da Congrega\u00e7\u00e3o<\/a><\/li><li class=\"wp-block-pages-list__item\"><a class=\"wp-block-pages-list__item__link\" href=\"https:\/\/bibliapresente.com\/postagens\/livros-da-biblia\/deuteronomio\/deuteronomio-24\/\">Deuteron\u00f4mio 24 &#8211; Fam\u00edlia e Justi\u00e7a Social<\/a><\/li><li class=\"wp-block-pages-list__item\"><a class=\"wp-block-pages-list__item__link\" href=\"https:\/\/bibliapresente.com\/postagens\/livros-da-biblia\/deuteronomio\/deuteronomio-25\/\">Deuteron\u00f4mio 25 &#8211; Leis sobre Retalia\u00e7\u00e3o<\/a><\/li><li class=\"wp-block-pages-list__item\"><a class=\"wp-block-pages-list__item__link\" href=\"https:\/\/bibliapresente.com\/postagens\/livros-da-biblia\/deuteronomio\/deuteronomio-26\/\">Deuteron\u00f4mio 26 &#8211; A Fidelidade a Deus<\/a><\/li><li class=\"wp-block-pages-list__item\"><a class=\"wp-block-pages-list__item__link\" href=\"https:\/\/bibliapresente.com\/postagens\/livros-da-biblia\/deuteronomio\/deuteronomio-27\/\">Deuteron\u00f4mio 27 &#8211; Maldi\u00e7\u00f5es no Monte Ebal<\/a><\/li><li class=\"wp-block-pages-list__item\"><a class=\"wp-block-pages-list__item__link\" href=\"https:\/\/bibliapresente.com\/postagens\/livros-da-biblia\/deuteronomio\/deuteronomio-28\/\">Deuteron\u00f4mio 28 &#8211; Sobre a Alian\u00e7a<\/a><\/li><li class=\"wp-block-pages-list__item\"><a class=\"wp-block-pages-list__item__link\" href=\"https:\/\/bibliapresente.com\/postagens\/livros-da-biblia\/deuteronomio\/deuteronomio-29\/\">Deuteron\u00f4mio 29 &#8211; Renova\u00e7\u00e3o da Alian\u00e7a<\/a><\/li><li class=\"wp-block-pages-list__item\"><a class=\"wp-block-pages-list__item__link\" href=\"https:\/\/bibliapresente.com\/postagens\/livros-da-biblia\/deuteronomio\/deuteronomio-30\/\">Deuteron\u00f4mio 30 &#8211; Promessa de Restaura\u00e7\u00e3o<\/a><\/li><li class=\"wp-block-pages-list__item\"><a class=\"wp-block-pages-list__item__link\" href=\"https:\/\/bibliapresente.com\/postagens\/livros-da-biblia\/deuteronomio\/deuteronomio-31\/\">Deuteron\u00f4mio 31 &#8211; Mois\u00e9s Prepara Josu\u00e9<\/a><\/li><li class=\"wp-block-pages-list__item\"><a class=\"wp-block-pages-list__item__link\" href=\"https:\/\/bibliapresente.com\/postagens\/livros-da-biblia\/deuteronomio\/deuteronomio-32\/\">Deuteron\u00f4mio 32 &#8211; O C\u00e2ntico de Mois\u00e9s<\/a><\/li><li class=\"wp-block-pages-list__item\"><a class=\"wp-block-pages-list__item__link\" href=\"https:\/\/bibliapresente.com\/postagens\/livros-da-biblia\/deuteronomio\/deuteronomio-33\/\">Deuteron\u00f4mio 33 &#8211; B\u00ean\u00e7\u00e3os de Mois\u00e9s<\/a><\/li><li class=\"wp-block-pages-list__item\"><a class=\"wp-block-pages-list__item__link\" href=\"https:\/\/bibliapresente.com\/postagens\/livros-da-biblia\/deuteronomio\/deuteronomio-34\/\">Deuteron\u00f4mio 34 &#8211; A Morte de Mois\u00e9s<\/a><\/li><\/ul>\n\n\n<p><\/p>\n","protected":false},"excerpt":{"rendered":"<p>1 Cuidareis de p\u00f4r por obra todo mandamento que eu vos ordeno hoje, para que vivais, e sejais multiplicados, e entreis, e possuais a terra, da qual jurou o SENHOR a vossos pais. 2 E te lembrar\u00e1s de todo o caminho por onde te trouxe o SENHOR teu Deus estes quarenta anos no deserto, para &hellip; <\/p>\n","protected":false},"author":2,"featured_media":848,"parent":847,"menu_order":8,"comment_status":"closed","ping_status":"closed","template":"","meta":{"om_disable_all_campaigns":false,"_monsterinsights_skip_tracking":false,"_monsterinsights_sitenote_active":false,"_monsterinsights_sitenote_note":"","_monsterinsights_sitenote_category":0,"footnotes":""},"class_list":["post-864","page","type-page","status-publish","has-post-thumbnail","hentry"],"aioseo_notices":[],"_links":{"self":[{"href":"https:\/\/bibliapresente.com\/postagens\/wp-json\/wp\/v2\/pages\/864","targetHints":{"allow":["GET"]}}],"collection":[{"href":"https:\/\/bibliapresente.com\/postagens\/wp-json\/wp\/v2\/pages"}],"about":[{"href":"https:\/\/bibliapresente.com\/postagens\/wp-json\/wp\/v2\/types\/page"}],"author":[{"embeddable":true,"href":"https:\/\/bibliapresente.com\/postagens\/wp-json\/wp\/v2\/users\/2"}],"replies":[{"embeddable":true,"href":"https:\/\/bibliapresente.com\/postagens\/wp-json\/wp\/v2\/comments?post=864"}],"version-history":[{"count":5,"href":"https:\/\/bibliapresente.com\/postagens\/wp-json\/wp\/v2\/pages\/864\/revisions"}],"predecessor-version":[{"id":1560,"href":"https:\/\/bibliapresente.com\/postagens\/wp-json\/wp\/v2\/pages\/864\/revisions\/1560"}],"up":[{"embeddable":true,"href":"https:\/\/bibliapresente.com\/postagens\/wp-json\/wp\/v2\/pages\/847"}],"wp:featuredmedia":[{"embeddable":true,"href":"https:\/\/bibliapresente.com\/postagens\/wp-json\/wp\/v2\/media\/848"}],"wp:attachment":[{"href":"https:\/\/bibliapresente.com\/postagens\/wp-json\/wp\/v2\/media?parent=864"}],"curies":[{"name":"wp","href":"https:\/\/api.w.org\/{rel}","templated":true}]}}