{"id":862,"date":"2025-02-07T15:02:56","date_gmt":"2025-02-07T18:02:56","guid":{"rendered":"https:\/\/bibliapresente.com\/postagens\/?page_id=862"},"modified":"2025-02-07T15:02:57","modified_gmt":"2025-02-07T18:02:57","slug":"deuteronomio-7","status":"publish","type":"page","link":"https:\/\/bibliapresente.com\/postagens\/livros-da-biblia\/deuteronomio\/deuteronomio-7\/","title":{"rendered":"Deuteron\u00f4mio 7 &#8211; Israel, o Povo Escolhido"},"content":{"rendered":"\n<p class=\"has-medium-font-size\" style=\"letter-spacing:1px\"><span><span><sup><b>1<\/b><\/sup><\/span> Quando o SENHOR teu Deus te houver introduzido na terra na qual tu h\u00e1s de entrar para possu\u00ed-la, e houver expulsado de diante de ti muitas na\u00e7\u00f5es, aos heteus, aos gergeseus, e aos amorreus, e aos cananeus, e aos perizeus, e aos heveus, e aos jebuseus, sete na\u00e7\u00f5es maiores e mais fortes que tu; <br><span><sup><b>2<\/b><\/sup><\/span> E o SENHOR teu Deus as houver entregue diante de ti, e as ferires, por completo as destruir\u00e1s: n\u00e3o far\u00e1s com eles alian\u00e7a, nem as poupar\u00e1s. <br><span><sup><b>3<\/b><\/sup><\/span> E n\u00e3o aparentar\u00e1s com eles: n\u00e3o dar\u00e1s tua filha a seu filho, nem tomar\u00e1s a sua filha para teu filho. <br><span><sup><b>4<\/b><\/sup><\/span> Porque desviar\u00e1 a teu filho de me seguir, e servir\u00e3o a deuses alheios; e o furor do SENHOR se acender\u00e1 sobre v\u00f3s, e te destruir\u00e1 logo. <br><span><sup><b>5<\/b><\/sup><\/span> Mas assim haveis de fazer com eles: seus altares destruireis, e quebrareis suas est\u00e1tuas, e cortareis seus bosques, e queimareis suas esculturas no fogo. <br><span><sup><b>6<\/b><\/sup><\/span> Porque tu \u00e9s povo santo ao SENHOR teu Deus: o SENHOR teu Deus te escolheu para ser-lhe um povo especial, mais que todos os povos que est\u00e3o sobre a face da terra. <br><span><sup><b>7<\/b><\/sup><\/span> N\u00e3o por ser v\u00f3s mais que todos os povos vos quis o SENHOR, e vos escolheu; porque v\u00f3s \u00e9reis os menores de todos os povos: <br><span><sup><b>8<\/b><\/sup><\/span> Mas sim porque o SENHOR vos amou, e quis guardar o juramento que jurou a vossos pais, vos tirou o SENHOR com m\u00e3o forte, e vos resgatou de casa de servos, da m\u00e3o de Fara\u00f3, rei do Egito. <br><span><sup><b>9<\/b><\/sup><\/span> Conhece, pois, que o SENHOR teu Deus \u00e9 Deus, Deus fiel, que guarda o pacto e a miseric\u00f3rdia aos que lhe amam e guardam seus mandamentos, at\u00e9 as mil gera\u00e7\u00f5es; <br><span><sup><b>10<\/b><\/sup><\/span> E que retribui em sua face ao que lhe aborrece, destruindo-o: nem o dilatar\u00e1 ao que lhe odeia, em sua face lhe retribuir\u00e1. <br><span><sup><b>11<\/b><\/sup><\/span> Guarda portanto os mandamentos, e estatutos, e regulamentos que eu te mando hoje que cumpras. <br><span><sup><b>12<\/b><\/sup><\/span> E ser\u00e1 que, por haver ouvido estes regulamentos, e guardado e os praticado, o SENHOR teu Deus guardar\u00e1 contigo o pacto e a miseric\u00f3rdia que jurou a teus pais; <br><span><sup><b>13<\/b><\/sup><\/span> E te amar\u00e1, e te aben\u00e7oar\u00e1, e te multiplicar\u00e1, e aben\u00e7oar\u00e1 o fruto de teu ventre, e o fruto de tua terra, e teu gr\u00e3o, e teu mosto, e teu azeite, a cria de tuas vacas, e os rebanhos de tuas ovelhas, na terra que jurou a teus pais que te daria. <br><span><sup><b>14<\/b><\/sup><\/span> Bendito ser\u00e1s mais que todos os povos: n\u00e3o haver\u00e1 em ti homem nem mulher est\u00e9ril, nem em teus animais. <br><span><sup><b>15<\/b><\/sup><\/span> E tirar\u00e1 o SENHOR de ti toda enfermidade; e todas as m\u00e1s pragas do Egito, que tu sabes, n\u00e3o as por\u00e1 sobre ti, antes as por\u00e1 sobre todos os que te odiarem. <br><span><sup><b>16<\/b><\/sup><\/span> E consumir\u00e1s a todos os povos que te d\u00e1 o SENHOR teu Deus: n\u00e3o os perdoar\u00e1 teu olho; nem servir\u00e1s a seus deuses, que te ser\u00e1 trope\u00e7o. <br><span><sup><b>17<\/b><\/sup><\/span> Quando disseres em teu cora\u00e7\u00e3o: Estas na\u00e7\u00f5es s\u00e3o muitas mais que eu, como as poderei desarraigar?; <br><span><sup><b>18<\/b><\/sup><\/span> N\u00e3o tenhas medo deles: lembra-te bem do que fez o SENHOR teu Deus com Fara\u00f3 e com todo o Egito; <br><span><sup><b>19<\/b><\/sup><\/span> Das grandes provas que viram teus olhos, e dos sinais e milagres, e da m\u00e3o forte e bra\u00e7o estendido com que o SENHOR teu Deus te tirou: assim far\u00e1 o SENHOR teu Deus com todos os povos de cuja presen\u00e7a tu temerdes. <br><span><sup><b>20<\/b><\/sup><\/span> E tamb\u00e9m enviar\u00e1 o SENHOR teu Deus sobre eles vespas, at\u00e9 que pere\u00e7am os que restarem, e os que se houverem escondido de diante de ti. <br><span><sup><b>21<\/b><\/sup><\/span> N\u00e3o desmaies diante deles, que o SENHOR teu Deus est\u00e1 em meio de ti, Deus grande e terr\u00edvel. <br><span><sup><b>22<\/b><\/sup><\/span> E o SENHOR teu Deus expulsar\u00e1 a estas na\u00e7\u00f5es de diante de ti pouco a pouco: n\u00e3o as poder\u00e1s acabar logo, para que os animais do campo n\u00e3o se aumentem contra ti. <br><span><sup><b>23<\/b><\/sup><\/span> Mas o SENHOR teu Deus as entregar\u00e1 diante de ti, e ele as quebrantar\u00e1 com grande destro\u00e7o, at\u00e9 que sejam destru\u00eddos. <br><span><sup><b>24<\/b><\/sup><\/span> E ele entregar\u00e1 seus reis em tua m\u00e3o, e tu destruir\u00e1s o nome deles de debaixo do c\u00e9u: ningu\u00e9m te far\u00e1 testa at\u00e9 que os destruas. <br><span><sup><b>25<\/b><\/sup><\/span> As esculturas de seus deuses queimar\u00e1s no fogo: n\u00e3o cobi\u00e7ar\u00e1s prata nem ouro de sobre elas para tom\u00e1-lo para ti, para que n\u00e3o tropeces nisso, pois \u00e9 abomina\u00e7\u00e3o ao SENHOR teu Deus; <br><span><sup><b>26<\/b><\/sup><\/span> E n\u00e3o meter\u00e1s abomina\u00e7\u00e3o em tua casa, para que n\u00e3o sejas an\u00e1tema como isso; por completo o aborrecer\u00e1s e o abominar\u00e1s; porque \u00e9 an\u00e1tema.<\/span><\/p>\n\n\n\n<div class=\"wp-block-columns is-layout-flex wp-container-core-columns-is-layout-9d6595d7 wp-block-columns-is-layout-flex\">\n<div class=\"wp-block-column is-layout-flow wp-block-column-is-layout-flow\">\n<p><a href=\"\/deuteronomio-6\" title=\"\">Deuteron\u00f4mio 6<\/a><\/p>\n<\/div>\n\n\n\n<div class=\"wp-block-column is-layout-flow wp-block-column-is-layout-flow\">\n<p class=\"has-text-align-right\"><a href=\"\/deuteronomio-3\" title=\"\"><\/a><a href=\"\/deuteronomio-8\" title=\"\">Deuteron\u00f4mio 8<\/a><\/p>\n<\/div>\n<\/div>\n\n\n\n<h2 class=\"wp-block-heading\">Descri\u00e7\u00e3o &#8211; Deuteron\u00f4mio 7<\/h2>\n\n\n\n<p class=\"has-medium-font-size\">Deuteron\u00f4mio 7 trata da alian\u00e7a entre Deus e Israel, destacando a necessidade de obedi\u00eancia e separa\u00e7\u00e3o das na\u00e7\u00f5es pag\u00e3s. Mois\u00e9s ordena que o povo destrua completamente os inimigos na Terra Prometida, evitando casamentos com eles para n\u00e3o serem desviados para a idolatria. Deus promete b\u00ean\u00e7\u00e3os, prosperidade e prote\u00e7\u00e3o \u00e0queles que obedecerem, reafirmando Seu amor e fidelidade. O cap\u00edtulo enfatiza a santidade de Israel como povo escolhido e alerta contra o medo dos inimigos, garantindo que Deus lutar\u00e1 por eles. A passagem refor\u00e7a o compromisso com os mandamentos divinos como caminho para a vit\u00f3ria e a prosperidade na terra.<\/p>\n\n\n\n<h3 class=\"wp-block-heading\">Livro do Deuteron\u00f4mio:<\/h3>\n\n\n<ul class=\"wp-block-page-list\"><li class=\"wp-block-pages-list__item\"><a class=\"wp-block-pages-list__item__link\" href=\"https:\/\/bibliapresente.com\/postagens\/livros-da-biblia\/deuteronomio\/deuteronomio-1\/\">Deuteron\u00f4mio 1 &#8211; A Jornada no Deserto<\/a><\/li><li class=\"wp-block-pages-list__item\"><a class=\"wp-block-pages-list__item__link\" href=\"https:\/\/bibliapresente.com\/postagens\/livros-da-biblia\/deuteronomio\/deuteronomio-2\/\">Deuteron\u00f4mio 2 &#8211; Vit\u00f3rias em Seom e Ogue<\/a><\/li><li class=\"wp-block-pages-list__item\"><a class=\"wp-block-pages-list__item__link\" href=\"https:\/\/bibliapresente.com\/postagens\/livros-da-biblia\/deuteronomio\/deuteronomio-3\/\">Deuteron\u00f4mio 3 &#8211; Revis\u00e3o das Conquistas<\/a><\/li><li class=\"wp-block-pages-list__item\"><a class=\"wp-block-pages-list__item__link\" href=\"https:\/\/bibliapresente.com\/postagens\/livros-da-biblia\/deuteronomio\/deuteronomio-4\/\">Deuteron\u00f4mio 4 &#8211; Advert\u00eancias<\/a><\/li><li class=\"wp-block-pages-list__item\"><a class=\"wp-block-pages-list__item__link\" href=\"https:\/\/bibliapresente.com\/postagens\/livros-da-biblia\/deuteronomio\/deuteronomio-5\/\">Deuteron\u00f4mio 5 &#8211; Os Dez Mandamentos<\/a><\/li><li class=\"wp-block-pages-list__item\"><a class=\"wp-block-pages-list__item__link\" href=\"https:\/\/bibliapresente.com\/postagens\/livros-da-biblia\/deuteronomio\/deuteronomio-6\/\">Deuteron\u00f4mio 6 &#8211; Mandamento: Amar a Deus<\/a><\/li><li class=\"wp-block-pages-list__item\"><a class=\"wp-block-pages-list__item__link\" href=\"https:\/\/bibliapresente.com\/postagens\/livros-da-biblia\/deuteronomio\/deuteronomio-7\/\">Deuteron\u00f4mio 7 &#8211; Israel, o Povo Escolhido<\/a><\/li><li class=\"wp-block-pages-list__item\"><a class=\"wp-block-pages-list__item__link\" href=\"https:\/\/bibliapresente.com\/postagens\/livros-da-biblia\/deuteronomio\/deuteronomio-8\/\">Deuteron\u00f4mio 8 &#8211; Guardar os Mandamentos<\/a><\/li><li class=\"wp-block-pages-list__item\"><a class=\"wp-block-pages-list__item__link\" href=\"https:\/\/bibliapresente.com\/postagens\/livros-da-biblia\/deuteronomio\/deuteronomio-9\/\">Deuteron\u00f4mio 9 &#8211; Rebeli\u00f5es de Israel<\/a><\/li><li class=\"wp-block-pages-list__item\"><a class=\"wp-block-pages-list__item__link\" href=\"https:\/\/bibliapresente.com\/postagens\/livros-da-biblia\/deuteronomio\/deuteronomio-10\/\">Deuteron\u00f4mio 10 &#8211; A Arca da Alian\u00e7a<\/a><\/li><li class=\"wp-block-pages-list__item\"><a class=\"wp-block-pages-list__item__link\" href=\"https:\/\/bibliapresente.com\/postagens\/livros-da-biblia\/deuteronomio\/deuteronomio-11\/\">Deuteron\u00f4mio 11 &#8211; B\u00ean\u00e7\u00e3os da Obedi\u00eancia<\/a><\/li><li class=\"wp-block-pages-list__item\"><a class=\"wp-block-pages-list__item__link\" href=\"https:\/\/bibliapresente.com\/postagens\/livros-da-biblia\/deuteronomio\/deuteronomio-12\/\">Deuteron\u00f4mio 12 &#8211; O Lugar de Adora\u00e7\u00e3o<\/a><\/li><li class=\"wp-block-pages-list__item\"><a class=\"wp-block-pages-list__item__link\" href=\"https:\/\/bibliapresente.com\/postagens\/livros-da-biblia\/deuteronomio\/deuteronomio-13\/\">Deuteron\u00f4mio 13 &#8211; Contra Falsos Profetas<\/a><\/li><li class=\"wp-block-pages-list__item\"><a class=\"wp-block-pages-list__item__link\" href=\"https:\/\/bibliapresente.com\/postagens\/livros-da-biblia\/deuteronomio\/deuteronomio-14\/\">Deuteron\u00f4mio 14 &#8211; Alimentos e D\u00edzimo<\/a><\/li><li class=\"wp-block-pages-list__item\"><a class=\"wp-block-pages-list__item__link\" href=\"https:\/\/bibliapresente.com\/postagens\/livros-da-biblia\/deuteronomio\/deuteronomio-15\/\">Deuteron\u00f4mio 15 &#8211; O Ano da Remiss\u00e3o<\/a><\/li><li class=\"wp-block-pages-list__item\"><a class=\"wp-block-pages-list__item__link\" href=\"https:\/\/bibliapresente.com\/postagens\/livros-da-biblia\/deuteronomio\/deuteronomio-16\/\">Deuteron\u00f4mio 16 &#8211; As Festas Anuais<\/a><\/li><li class=\"wp-block-pages-list__item\"><a class=\"wp-block-pages-list__item__link\" href=\"https:\/\/bibliapresente.com\/postagens\/livros-da-biblia\/deuteronomio\/deuteronomio-17\/\">Deuteron\u00f4mio 17 &#8211; Reis e Sacerdotes<\/a><\/li><li class=\"wp-block-pages-list__item\"><a class=\"wp-block-pages-list__item__link\" href=\"https:\/\/bibliapresente.com\/postagens\/livros-da-biblia\/deuteronomio\/deuteronomio-18\/\">Deuteron\u00f4mio 18 &#8211; Direitos dos Sacerdotes<\/a><\/li><li class=\"wp-block-pages-list__item\"><a class=\"wp-block-pages-list__item__link\" href=\"https:\/\/bibliapresente.com\/postagens\/livros-da-biblia\/deuteronomio\/deuteronomio-19\/\">Deuteron\u00f4mio 19 &#8211; Ref\u00fagio e Testemunhas<\/a><\/li><li class=\"wp-block-pages-list__item\"><a class=\"wp-block-pages-list__item__link\" href=\"https:\/\/bibliapresente.com\/postagens\/livros-da-biblia\/deuteronomio\/deuteronomio-20\/\">Deuteron\u00f4mio 20 &#8211; Leis para a Guerra<\/a><\/li><li class=\"wp-block-pages-list__item\"><a class=\"wp-block-pages-list__item__link\" href=\"https:\/\/bibliapresente.com\/postagens\/livros-da-biblia\/deuteronomio\/deuteronomio-21\/\">Deuteron\u00f4mio 21 &#8211; Leis para a Justi\u00e7a<\/a><\/li><li class=\"wp-block-pages-list__item\"><a class=\"wp-block-pages-list__item__link\" href=\"https:\/\/bibliapresente.com\/postagens\/livros-da-biblia\/deuteronomio\/deuteronomio-22\/\">Deuteron\u00f4mio 22 &#8211; Regras para Conduta<\/a><\/li><li class=\"wp-block-pages-list__item\"><a class=\"wp-block-pages-list__item__link\" href=\"https:\/\/bibliapresente.com\/postagens\/livros-da-biblia\/deuteronomio\/deuteronomio-23\/\">Deuteron\u00f4mio 23 &#8211; Leis da Congrega\u00e7\u00e3o<\/a><\/li><li class=\"wp-block-pages-list__item\"><a class=\"wp-block-pages-list__item__link\" href=\"https:\/\/bibliapresente.com\/postagens\/livros-da-biblia\/deuteronomio\/deuteronomio-24\/\">Deuteron\u00f4mio 24 &#8211; Fam\u00edlia e Justi\u00e7a Social<\/a><\/li><li class=\"wp-block-pages-list__item\"><a class=\"wp-block-pages-list__item__link\" href=\"https:\/\/bibliapresente.com\/postagens\/livros-da-biblia\/deuteronomio\/deuteronomio-25\/\">Deuteron\u00f4mio 25 &#8211; Leis sobre Retalia\u00e7\u00e3o<\/a><\/li><li class=\"wp-block-pages-list__item\"><a class=\"wp-block-pages-list__item__link\" href=\"https:\/\/bibliapresente.com\/postagens\/livros-da-biblia\/deuteronomio\/deuteronomio-26\/\">Deuteron\u00f4mio 26 &#8211; A Fidelidade a Deus<\/a><\/li><li class=\"wp-block-pages-list__item\"><a class=\"wp-block-pages-list__item__link\" href=\"https:\/\/bibliapresente.com\/postagens\/livros-da-biblia\/deuteronomio\/deuteronomio-27\/\">Deuteron\u00f4mio 27 &#8211; Maldi\u00e7\u00f5es no Monte Ebal<\/a><\/li><li class=\"wp-block-pages-list__item\"><a class=\"wp-block-pages-list__item__link\" href=\"https:\/\/bibliapresente.com\/postagens\/livros-da-biblia\/deuteronomio\/deuteronomio-28\/\">Deuteron\u00f4mio 28 &#8211; Sobre a Alian\u00e7a<\/a><\/li><li class=\"wp-block-pages-list__item\"><a class=\"wp-block-pages-list__item__link\" href=\"https:\/\/bibliapresente.com\/postagens\/livros-da-biblia\/deuteronomio\/deuteronomio-29\/\">Deuteron\u00f4mio 29 &#8211; Renova\u00e7\u00e3o da Alian\u00e7a<\/a><\/li><li class=\"wp-block-pages-list__item\"><a class=\"wp-block-pages-list__item__link\" href=\"https:\/\/bibliapresente.com\/postagens\/livros-da-biblia\/deuteronomio\/deuteronomio-30\/\">Deuteron\u00f4mio 30 &#8211; Promessa de Restaura\u00e7\u00e3o<\/a><\/li><li class=\"wp-block-pages-list__item\"><a class=\"wp-block-pages-list__item__link\" href=\"https:\/\/bibliapresente.com\/postagens\/livros-da-biblia\/deuteronomio\/deuteronomio-31\/\">Deuteron\u00f4mio 31 &#8211; Mois\u00e9s Prepara Josu\u00e9<\/a><\/li><li class=\"wp-block-pages-list__item\"><a class=\"wp-block-pages-list__item__link\" href=\"https:\/\/bibliapresente.com\/postagens\/livros-da-biblia\/deuteronomio\/deuteronomio-32\/\">Deuteron\u00f4mio 32 &#8211; O C\u00e2ntico de Mois\u00e9s<\/a><\/li><li class=\"wp-block-pages-list__item\"><a class=\"wp-block-pages-list__item__link\" href=\"https:\/\/bibliapresente.com\/postagens\/livros-da-biblia\/deuteronomio\/deuteronomio-33\/\">Deuteron\u00f4mio 33 &#8211; B\u00ean\u00e7\u00e3os de Mois\u00e9s<\/a><\/li><li class=\"wp-block-pages-list__item\"><a class=\"wp-block-pages-list__item__link\" href=\"https:\/\/bibliapresente.com\/postagens\/livros-da-biblia\/deuteronomio\/deuteronomio-34\/\">Deuteron\u00f4mio 34 &#8211; A Morte de Mois\u00e9s<\/a><\/li><\/ul>\n\n\n<p><\/p>\n","protected":false},"excerpt":{"rendered":"<p>1 Quando o SENHOR teu Deus te houver introduzido na terra na qual tu h\u00e1s de entrar para possu\u00ed-la, e houver expulsado de diante de ti muitas na\u00e7\u00f5es, aos heteus, aos gergeseus, e aos amorreus, e aos cananeus, e aos perizeus, e aos heveus, e aos jebuseus, sete na\u00e7\u00f5es maiores e mais fortes que tu; &hellip; <\/p>\n","protected":false},"author":2,"featured_media":848,"parent":847,"menu_order":7,"comment_status":"closed","ping_status":"closed","template":"","meta":{"om_disable_all_campaigns":false,"_monsterinsights_skip_tracking":false,"_monsterinsights_sitenote_active":false,"_monsterinsights_sitenote_note":"","_monsterinsights_sitenote_category":0,"footnotes":""},"class_list":["post-862","page","type-page","status-publish","has-post-thumbnail","hentry"],"aioseo_notices":[],"_links":{"self":[{"href":"https:\/\/bibliapresente.com\/postagens\/wp-json\/wp\/v2\/pages\/862","targetHints":{"allow":["GET"]}}],"collection":[{"href":"https:\/\/bibliapresente.com\/postagens\/wp-json\/wp\/v2\/pages"}],"about":[{"href":"https:\/\/bibliapresente.com\/postagens\/wp-json\/wp\/v2\/types\/page"}],"author":[{"embeddable":true,"href":"https:\/\/bibliapresente.com\/postagens\/wp-json\/wp\/v2\/users\/2"}],"replies":[{"embeddable":true,"href":"https:\/\/bibliapresente.com\/postagens\/wp-json\/wp\/v2\/comments?post=862"}],"version-history":[{"count":5,"href":"https:\/\/bibliapresente.com\/postagens\/wp-json\/wp\/v2\/pages\/862\/revisions"}],"predecessor-version":[{"id":1559,"href":"https:\/\/bibliapresente.com\/postagens\/wp-json\/wp\/v2\/pages\/862\/revisions\/1559"}],"up":[{"embeddable":true,"href":"https:\/\/bibliapresente.com\/postagens\/wp-json\/wp\/v2\/pages\/847"}],"wp:featuredmedia":[{"embeddable":true,"href":"https:\/\/bibliapresente.com\/postagens\/wp-json\/wp\/v2\/media\/848"}],"wp:attachment":[{"href":"https:\/\/bibliapresente.com\/postagens\/wp-json\/wp\/v2\/media?parent=862"}],"curies":[{"name":"wp","href":"https:\/\/api.w.org\/{rel}","templated":true}]}}