{"id":858,"date":"2025-02-07T14:26:26","date_gmt":"2025-02-07T17:26:26","guid":{"rendered":"https:\/\/bibliapresente.com\/postagens\/?page_id=858"},"modified":"2025-02-07T14:26:27","modified_gmt":"2025-02-07T17:26:27","slug":"deuteronomio-5","status":"publish","type":"page","link":"https:\/\/bibliapresente.com\/postagens\/livros-da-biblia\/deuteronomio\/deuteronomio-5\/","title":{"rendered":"Deuteron\u00f4mio 5 &#8211; Os Dez Mandamentos"},"content":{"rendered":"\n<p class=\"has-medium-font-size\" style=\"letter-spacing:1px\"><span><span><sup><b>1<\/b><\/sup><\/span> E chamou Mois\u00e9s a todo Israel, e disse-lhes: Ouve, Israel, os estatutos e regulamentos que eu pronuncio hoje em vossos ouvidos: e aprendei-os, e guardai-os, para pratic\u00e1-los. <br><span><sup><b>2<\/b><\/sup><\/span> O SENHOR nosso Deus fez pacto conosco em Horebe. <br><span><sup><b>3<\/b><\/sup><\/span> N\u00e3o com nossos pais fez o SENHOR este pacto, a n\u00e3o ser conosco todos os que estamos aqui hoje vivos. <br><span><sup><b>4<\/b><\/sup><\/span> Face a face falou o SENHOR convosco no monte do meio do fogo, <br><span><sup><b>5<\/b><\/sup><\/span> (Eu estava ent\u00e3o entre o SENHOR e v\u00f3s, para vos anunciar a palavra do SENHOR; porque v\u00f3s tivestes temor do fogo, e n\u00e3o subistes ao monte;) dizendo: <br><span><sup><b>6<\/b><\/sup><\/span> Eu sou o SENHOR teu Deus, que te tirei da terra do Egito, de casa de servos. <br><span><sup><b>7<\/b><\/sup><\/span> N\u00e3o ter\u00e1s deuses estranhos diante de mim. <br><span><sup><b>8<\/b><\/sup><\/span> N\u00e3o far\u00e1s para ti escultura, nem imagem alguma de coisa que est\u00e1 acima nos c\u00e9us, ou abaixo na terra, ou nas \u00e1guas debaixo da terra: <br><span><sup><b>9<\/b><\/sup><\/span> N\u00e3o te inclinar\u00e1s a elas nem lhes servir\u00e1s: porque eu sou o SENHOR teu Deus, forte, zeloso, que visito a iniquidade dos pais sobre os filhos, e sobre a terceira gera\u00e7\u00e3o, e sobre a quarta, aos que me aborrecem, <br><span><sup><b>10<\/b><\/sup><\/span> E que fa\u00e7o miseric\u00f3rdia a milhares aos que me amam, e guardam meus mandamentos. <br><span><sup><b>11<\/b><\/sup><\/span> N\u00e3o tomar\u00e1s em v\u00e3o o nome do SENHOR teu Deus; porque o SENHOR n\u00e3o dar\u00e1 por inocente ao que tomar em v\u00e3o seu nome. <br><span><sup><b>12<\/b><\/sup><\/span> Guardar\u00e1s o dia do repouso para santific\u00e1-lo, como o SENHOR teu Deus te mandou. <br><span><sup><b>13<\/b><\/sup><\/span> Seis dias trabalhar\u00e1s e far\u00e1s toda tua obra: <br><span><sup><b>14<\/b><\/sup><\/span> Mas no s\u00e9timo \u00e9 repouso ao SENHOR teu Deus: nenhuma obra far\u00e1s tu, nem teu filho, nem tua filha, nem teu servo, nem tua serva, nem tua boi, nem tua asno, nem nenhum animal teu, nem tua peregrino que est\u00e1 dentro de tuas portas: para que descanse teu servo e tua serva como <br><span><sup><b>15<\/b><\/sup><\/span> E lembra-te que foste servo em terra do Egito, e que o SENHOR teu Deus te tirou dali com m\u00e3o forte e bra\u00e7o estendido: pelo qual o SENHOR teu Deus te mandou que guardes no dia do repouso. <br><span><sup><b>16<\/b><\/sup><\/span> Honra a teu pai e a tua m\u00e3e, como o SENHOR teu Deus te mandou, para que sejam prolongados teus dias, e para que te v\u00e1 bem sobre a terra que o SENHOR teu Deus te d\u00e1. <br><span><sup><b>17<\/b><\/sup><\/span> N\u00e3o cometer\u00e1s homic\u00eddio. <br><span><sup><b>18<\/b><\/sup><\/span> N\u00e3o adulterar\u00e1s. <br><span><sup><b>19<\/b><\/sup><\/span> N\u00e3o furtar\u00e1s. <br><span><sup><b>20<\/b><\/sup><\/span> N\u00e3o dir\u00e1s falso testemunho contra teu pr\u00f3ximo. <br><span><sup><b>21<\/b><\/sup><\/span> N\u00e3o cobi\u00e7ar\u00e1s a mulher de teu pr\u00f3ximo, nem desejar\u00e1s a casa de teu pr\u00f3ximo, nem sua terra, nem seu servo, nem sua serva, nem seu boi, nem seu asno, nem nenhuma coisa que seja de teu pr\u00f3ximo. <br><span><sup><b>22<\/b><\/sup><\/span> Estas palavras falou o SENHOR a toda vossa congrega\u00e7\u00e3o no monte, do meio do fogo, da nuvem e da escurid\u00e3o, a grande voz: e n\u00e3o acrescentou mais. E escreveu-os em duas t\u00e1buas de pedra, as quais deu a mim. <br><span><sup><b>23<\/b><\/sup><\/span> E aconteceu, que como v\u00f3s ouvistes a voz do meio das trevas, e vistes ao monte que ardia em fogo, aproximastes a mim todos os pr\u00edncipes de vossas tribos, e vossos anci\u00e3os; <br><span><sup><b>24<\/b><\/sup><\/span> E dissestes: Eis que, o SENHOR nosso Deus nos mostrou sua gl\u00f3ria e sua grandeza, e ouvimos sua voz do meio do fogo: hoje vimos que o SENHOR fala ao homem, e este vive. <br><span><sup><b>25<\/b><\/sup><\/span> Agora pois, por que morreremos? Que este grande fogo nos consumir\u00e1: se voltarmos a ouvir a voz do SENHOR nosso Deus, morreremos. <br><span><sup><b>26<\/b><\/sup><\/span> Porque, que \u00e9 toda carne, para que ou\u00e7a a voz do Deus vivente que fala do meio do fogo, como n\u00f3s a ouvimos, e viva? <br><span><sup><b>27<\/b><\/sup><\/span> Chega tu, e ouve todas as coisas que disser o SENHOR nosso Deus; e tu nos dir\u00e1s todo o que o SENHOR nosso Deus te disser, e n\u00f3s ouviremos e faremos. <br><span><sup><b>28<\/b><\/sup><\/span> E ouviu o SENHOR a voz de vossas palavras, quando me fal\u00e1veis; e disse-me o SENHOR: Ouvi a voz das palavras deste povo, que eles te falaram: bem est\u00e1 tudo o que disseram. <br><span><sup><b>29<\/b><\/sup><\/span> Quem dera que tivessem tal cora\u00e7\u00e3o, que me temessem, e guardassem todos os dias todos meus mandamentos, para que a eles e a seus filhos lhes fosse bem para sempre! <br><span><sup><b>30<\/b><\/sup><\/span> Vai, dize-lhes: Voltai-vos a vossas tendas. <br><span><sup><b>31<\/b><\/sup><\/span> E tu fica aqui comigo, e te direi todos os mandamentos, e estatutos, e regulamentos que lhes h\u00e1s de ensinar, a fim que os ponham agora por obra na terra que eu lhes dou para possu\u00ed-la. <br><span><sup><b>32<\/b><\/sup><\/span> Olhai, pois, que fa\u00e7ais como o SENHOR vosso Deus vos mandou: n\u00e3o vos desvieis \u00e0 direita nem \u00e0 esquerda; <br><span><sup><b>33<\/b><\/sup><\/span> Andai em todo caminho que o SENHOR vosso Deus vos mandou, para que vivais, e vos v\u00e1 bem, e tenhais longos dias na terra que haveis de possuir.<\/span><\/p>\n\n\n\n<div class=\"wp-block-columns is-layout-flex wp-container-core-columns-is-layout-9d6595d7 wp-block-columns-is-layout-flex\">\n<div class=\"wp-block-column is-layout-flow wp-block-column-is-layout-flow\">\n<p><a href=\"\/deuteronomio-4\" title=\"\">Deuteron\u00f4mio 4<\/a><\/p>\n<\/div>\n\n\n\n<div class=\"wp-block-column is-layout-flow wp-block-column-is-layout-flow\">\n<p class=\"has-text-align-right\"><a href=\"\/deuteronomio-3\" title=\"\"><\/a><a href=\"\/deuteronomio-6\" title=\"\">Deuteron\u00f4mio 6<\/a><\/p>\n<\/div>\n<\/div>\n\n\n\n<h2 class=\"wp-block-heading\">Descri\u00e7\u00e3o &#8211; Deuteron\u00f4mio 5<\/h2>\n\n\n\n<p class=\"has-medium-font-size\">Deuteron\u00f4mio 5 apresenta a renova\u00e7\u00e3o da alian\u00e7a de Deus com Israel, onde Mois\u00e9s relembra os Dez Mandamentos entregues no monte Sinai. O cap\u00edtulo destaca a import\u00e2ncia da obedi\u00eancia \u00e0 Lei como fundamento para uma vida aben\u00e7oada na Terra Prometida. Mois\u00e9s recorda a voz divina vinda do fogo e a rea\u00e7\u00e3o do povo, que temeu e pediu que ele intercedesse junto a Deus. A passagem enfatiza a fidelidade, a justi\u00e7a e a miseric\u00f3rdia divinas, chamando Israel a viver segundo os preceitos estabelecidos. Esse cap\u00edtulo refor\u00e7a a centralidade da Lei na vida do povo e sua rela\u00e7\u00e3o com Deus.<\/p>\n\n\n\n<h3 class=\"wp-block-heading\">Livro do Deuteron\u00f4mio:<\/h3>\n\n\n<ul class=\"wp-block-page-list\"><li class=\"wp-block-pages-list__item\"><a class=\"wp-block-pages-list__item__link\" href=\"https:\/\/bibliapresente.com\/postagens\/livros-da-biblia\/deuteronomio\/deuteronomio-1\/\">Deuteron\u00f4mio 1 &#8211; A Jornada no Deserto<\/a><\/li><li class=\"wp-block-pages-list__item\"><a class=\"wp-block-pages-list__item__link\" href=\"https:\/\/bibliapresente.com\/postagens\/livros-da-biblia\/deuteronomio\/deuteronomio-2\/\">Deuteron\u00f4mio 2 &#8211; Vit\u00f3rias em Seom e Ogue<\/a><\/li><li class=\"wp-block-pages-list__item\"><a class=\"wp-block-pages-list__item__link\" href=\"https:\/\/bibliapresente.com\/postagens\/livros-da-biblia\/deuteronomio\/deuteronomio-3\/\">Deuteron\u00f4mio 3 &#8211; Revis\u00e3o das Conquistas<\/a><\/li><li class=\"wp-block-pages-list__item\"><a class=\"wp-block-pages-list__item__link\" href=\"https:\/\/bibliapresente.com\/postagens\/livros-da-biblia\/deuteronomio\/deuteronomio-4\/\">Deuteron\u00f4mio 4 &#8211; Advert\u00eancias<\/a><\/li><li class=\"wp-block-pages-list__item\"><a class=\"wp-block-pages-list__item__link\" href=\"https:\/\/bibliapresente.com\/postagens\/livros-da-biblia\/deuteronomio\/deuteronomio-5\/\">Deuteron\u00f4mio 5 &#8211; Os Dez Mandamentos<\/a><\/li><li class=\"wp-block-pages-list__item\"><a class=\"wp-block-pages-list__item__link\" href=\"https:\/\/bibliapresente.com\/postagens\/livros-da-biblia\/deuteronomio\/deuteronomio-6\/\">Deuteron\u00f4mio 6 &#8211; Mandamento: Amar a Deus<\/a><\/li><li class=\"wp-block-pages-list__item\"><a class=\"wp-block-pages-list__item__link\" href=\"https:\/\/bibliapresente.com\/postagens\/livros-da-biblia\/deuteronomio\/deuteronomio-7\/\">Deuteron\u00f4mio 7 &#8211; Israel, o Povo Escolhido<\/a><\/li><li class=\"wp-block-pages-list__item\"><a class=\"wp-block-pages-list__item__link\" href=\"https:\/\/bibliapresente.com\/postagens\/livros-da-biblia\/deuteronomio\/deuteronomio-8\/\">Deuteron\u00f4mio 8 &#8211; Guardar os Mandamentos<\/a><\/li><li class=\"wp-block-pages-list__item\"><a class=\"wp-block-pages-list__item__link\" href=\"https:\/\/bibliapresente.com\/postagens\/livros-da-biblia\/deuteronomio\/deuteronomio-9\/\">Deuteron\u00f4mio 9 &#8211; Rebeli\u00f5es de Israel<\/a><\/li><li class=\"wp-block-pages-list__item\"><a class=\"wp-block-pages-list__item__link\" href=\"https:\/\/bibliapresente.com\/postagens\/livros-da-biblia\/deuteronomio\/deuteronomio-10\/\">Deuteron\u00f4mio 10 &#8211; A Arca da Alian\u00e7a<\/a><\/li><li class=\"wp-block-pages-list__item\"><a class=\"wp-block-pages-list__item__link\" href=\"https:\/\/bibliapresente.com\/postagens\/livros-da-biblia\/deuteronomio\/deuteronomio-11\/\">Deuteron\u00f4mio 11 &#8211; B\u00ean\u00e7\u00e3os da Obedi\u00eancia<\/a><\/li><li class=\"wp-block-pages-list__item\"><a class=\"wp-block-pages-list__item__link\" href=\"https:\/\/bibliapresente.com\/postagens\/livros-da-biblia\/deuteronomio\/deuteronomio-12\/\">Deuteron\u00f4mio 12 &#8211; O Lugar de Adora\u00e7\u00e3o<\/a><\/li><li class=\"wp-block-pages-list__item\"><a class=\"wp-block-pages-list__item__link\" href=\"https:\/\/bibliapresente.com\/postagens\/livros-da-biblia\/deuteronomio\/deuteronomio-13\/\">Deuteron\u00f4mio 13 &#8211; Contra Falsos Profetas<\/a><\/li><li class=\"wp-block-pages-list__item\"><a class=\"wp-block-pages-list__item__link\" href=\"https:\/\/bibliapresente.com\/postagens\/livros-da-biblia\/deuteronomio\/deuteronomio-14\/\">Deuteron\u00f4mio 14 &#8211; Alimentos e D\u00edzimo<\/a><\/li><li class=\"wp-block-pages-list__item\"><a class=\"wp-block-pages-list__item__link\" href=\"https:\/\/bibliapresente.com\/postagens\/livros-da-biblia\/deuteronomio\/deuteronomio-15\/\">Deuteron\u00f4mio 15 &#8211; O Ano da Remiss\u00e3o<\/a><\/li><li class=\"wp-block-pages-list__item\"><a class=\"wp-block-pages-list__item__link\" href=\"https:\/\/bibliapresente.com\/postagens\/livros-da-biblia\/deuteronomio\/deuteronomio-16\/\">Deuteron\u00f4mio 16 &#8211; As Festas Anuais<\/a><\/li><li class=\"wp-block-pages-list__item\"><a class=\"wp-block-pages-list__item__link\" href=\"https:\/\/bibliapresente.com\/postagens\/livros-da-biblia\/deuteronomio\/deuteronomio-17\/\">Deuteron\u00f4mio 17 &#8211; Reis e Sacerdotes<\/a><\/li><li class=\"wp-block-pages-list__item\"><a class=\"wp-block-pages-list__item__link\" href=\"https:\/\/bibliapresente.com\/postagens\/livros-da-biblia\/deuteronomio\/deuteronomio-18\/\">Deuteron\u00f4mio 18 &#8211; Direitos dos Sacerdotes<\/a><\/li><li class=\"wp-block-pages-list__item\"><a class=\"wp-block-pages-list__item__link\" href=\"https:\/\/bibliapresente.com\/postagens\/livros-da-biblia\/deuteronomio\/deuteronomio-19\/\">Deuteron\u00f4mio 19 &#8211; Ref\u00fagio e Testemunhas<\/a><\/li><li class=\"wp-block-pages-list__item\"><a class=\"wp-block-pages-list__item__link\" href=\"https:\/\/bibliapresente.com\/postagens\/livros-da-biblia\/deuteronomio\/deuteronomio-20\/\">Deuteron\u00f4mio 20 &#8211; Leis para a Guerra<\/a><\/li><li class=\"wp-block-pages-list__item\"><a class=\"wp-block-pages-list__item__link\" href=\"https:\/\/bibliapresente.com\/postagens\/livros-da-biblia\/deuteronomio\/deuteronomio-21\/\">Deuteron\u00f4mio 21 &#8211; Leis para a Justi\u00e7a<\/a><\/li><li class=\"wp-block-pages-list__item\"><a class=\"wp-block-pages-list__item__link\" href=\"https:\/\/bibliapresente.com\/postagens\/livros-da-biblia\/deuteronomio\/deuteronomio-22\/\">Deuteron\u00f4mio 22 &#8211; Regras para Conduta<\/a><\/li><li class=\"wp-block-pages-list__item\"><a class=\"wp-block-pages-list__item__link\" href=\"https:\/\/bibliapresente.com\/postagens\/livros-da-biblia\/deuteronomio\/deuteronomio-23\/\">Deuteron\u00f4mio 23 &#8211; Leis da Congrega\u00e7\u00e3o<\/a><\/li><li class=\"wp-block-pages-list__item\"><a class=\"wp-block-pages-list__item__link\" href=\"https:\/\/bibliapresente.com\/postagens\/livros-da-biblia\/deuteronomio\/deuteronomio-24\/\">Deuteron\u00f4mio 24 &#8211; Fam\u00edlia e Justi\u00e7a Social<\/a><\/li><li class=\"wp-block-pages-list__item\"><a class=\"wp-block-pages-list__item__link\" href=\"https:\/\/bibliapresente.com\/postagens\/livros-da-biblia\/deuteronomio\/deuteronomio-25\/\">Deuteron\u00f4mio 25 &#8211; Leis sobre Retalia\u00e7\u00e3o<\/a><\/li><li class=\"wp-block-pages-list__item\"><a class=\"wp-block-pages-list__item__link\" href=\"https:\/\/bibliapresente.com\/postagens\/livros-da-biblia\/deuteronomio\/deuteronomio-26\/\">Deuteron\u00f4mio 26 &#8211; A Fidelidade a Deus<\/a><\/li><li class=\"wp-block-pages-list__item\"><a class=\"wp-block-pages-list__item__link\" href=\"https:\/\/bibliapresente.com\/postagens\/livros-da-biblia\/deuteronomio\/deuteronomio-27\/\">Deuteron\u00f4mio 27 &#8211; Maldi\u00e7\u00f5es no Monte Ebal<\/a><\/li><li class=\"wp-block-pages-list__item\"><a class=\"wp-block-pages-list__item__link\" href=\"https:\/\/bibliapresente.com\/postagens\/livros-da-biblia\/deuteronomio\/deuteronomio-28\/\">Deuteron\u00f4mio 28 &#8211; Sobre a Alian\u00e7a<\/a><\/li><li class=\"wp-block-pages-list__item\"><a class=\"wp-block-pages-list__item__link\" href=\"https:\/\/bibliapresente.com\/postagens\/livros-da-biblia\/deuteronomio\/deuteronomio-29\/\">Deuteron\u00f4mio 29 &#8211; Renova\u00e7\u00e3o da Alian\u00e7a<\/a><\/li><li class=\"wp-block-pages-list__item\"><a class=\"wp-block-pages-list__item__link\" href=\"https:\/\/bibliapresente.com\/postagens\/livros-da-biblia\/deuteronomio\/deuteronomio-30\/\">Deuteron\u00f4mio 30 &#8211; Promessa de Restaura\u00e7\u00e3o<\/a><\/li><li class=\"wp-block-pages-list__item\"><a class=\"wp-block-pages-list__item__link\" href=\"https:\/\/bibliapresente.com\/postagens\/livros-da-biblia\/deuteronomio\/deuteronomio-31\/\">Deuteron\u00f4mio 31 &#8211; Mois\u00e9s Prepara Josu\u00e9<\/a><\/li><li class=\"wp-block-pages-list__item\"><a class=\"wp-block-pages-list__item__link\" href=\"https:\/\/bibliapresente.com\/postagens\/livros-da-biblia\/deuteronomio\/deuteronomio-32\/\">Deuteron\u00f4mio 32 &#8211; O C\u00e2ntico de Mois\u00e9s<\/a><\/li><li class=\"wp-block-pages-list__item\"><a class=\"wp-block-pages-list__item__link\" href=\"https:\/\/bibliapresente.com\/postagens\/livros-da-biblia\/deuteronomio\/deuteronomio-33\/\">Deuteron\u00f4mio 33 &#8211; B\u00ean\u00e7\u00e3os de Mois\u00e9s<\/a><\/li><li class=\"wp-block-pages-list__item\"><a class=\"wp-block-pages-list__item__link\" href=\"https:\/\/bibliapresente.com\/postagens\/livros-da-biblia\/deuteronomio\/deuteronomio-34\/\">Deuteron\u00f4mio 34 &#8211; A Morte de Mois\u00e9s<\/a><\/li><\/ul>\n\n\n<p><\/p>\n","protected":false},"excerpt":{"rendered":"<p>1 E chamou Mois\u00e9s a todo Israel, e disse-lhes: Ouve, Israel, os estatutos e regulamentos que eu pronuncio hoje em vossos ouvidos: e aprendei-os, e guardai-os, para pratic\u00e1-los. 2 O SENHOR nosso Deus fez pacto conosco em Horebe. 3 N\u00e3o com nossos pais fez o SENHOR este pacto, a n\u00e3o ser conosco todos os que &hellip; <\/p>\n","protected":false},"author":2,"featured_media":848,"parent":847,"menu_order":5,"comment_status":"closed","ping_status":"closed","template":"","meta":{"om_disable_all_campaigns":false,"_monsterinsights_skip_tracking":false,"_monsterinsights_sitenote_active":false,"_monsterinsights_sitenote_note":"","_monsterinsights_sitenote_category":0,"footnotes":""},"class_list":["post-858","page","type-page","status-publish","has-post-thumbnail","hentry"],"aioseo_notices":[],"_links":{"self":[{"href":"https:\/\/bibliapresente.com\/postagens\/wp-json\/wp\/v2\/pages\/858","targetHints":{"allow":["GET"]}}],"collection":[{"href":"https:\/\/bibliapresente.com\/postagens\/wp-json\/wp\/v2\/pages"}],"about":[{"href":"https:\/\/bibliapresente.com\/postagens\/wp-json\/wp\/v2\/types\/page"}],"author":[{"embeddable":true,"href":"https:\/\/bibliapresente.com\/postagens\/wp-json\/wp\/v2\/users\/2"}],"replies":[{"embeddable":true,"href":"https:\/\/bibliapresente.com\/postagens\/wp-json\/wp\/v2\/comments?post=858"}],"version-history":[{"count":5,"href":"https:\/\/bibliapresente.com\/postagens\/wp-json\/wp\/v2\/pages\/858\/revisions"}],"predecessor-version":[{"id":1557,"href":"https:\/\/bibliapresente.com\/postagens\/wp-json\/wp\/v2\/pages\/858\/revisions\/1557"}],"up":[{"embeddable":true,"href":"https:\/\/bibliapresente.com\/postagens\/wp-json\/wp\/v2\/pages\/847"}],"wp:featuredmedia":[{"embeddable":true,"href":"https:\/\/bibliapresente.com\/postagens\/wp-json\/wp\/v2\/media\/848"}],"wp:attachment":[{"href":"https:\/\/bibliapresente.com\/postagens\/wp-json\/wp\/v2\/media?parent=858"}],"curies":[{"name":"wp","href":"https:\/\/api.w.org\/{rel}","templated":true}]}}