{"id":854,"date":"2025-02-07T14:22:44","date_gmt":"2025-02-07T17:22:44","guid":{"rendered":"https:\/\/bibliapresente.com\/postagens\/?page_id=854"},"modified":"2025-02-07T14:22:45","modified_gmt":"2025-02-07T17:22:45","slug":"deuteronomio-3","status":"publish","type":"page","link":"https:\/\/bibliapresente.com\/postagens\/livros-da-biblia\/deuteronomio\/deuteronomio-3\/","title":{"rendered":"Deuteron\u00f4mio 3 &#8211; Revis\u00e3o das Conquistas"},"content":{"rendered":"\n<p class=\"has-medium-font-size\" style=\"letter-spacing:1px\"><span><span><sup><b>1<\/b><\/sup><\/span> E voltamos, e subimos caminho de Bas\u00e3, e saiu-nos ao encontro Ogue rei de Bas\u00e3 para lutar, ele e todo seu povo, em Edrei. <br><span><sup><b>2<\/b><\/sup><\/span> E disse-me o SENHOR: N\u00e3o tenhas medo dele, porque em tua m\u00e3o entreguei a ele e a todo seu povo, e sua terra: e far\u00e1s com ele como fizeste com Seom rei amorreu, que habitava em Hesbom. <br><span><sup><b>3<\/b><\/sup><\/span> E o SENHOR nosso Deus entregou tamb\u00e9m em nossa m\u00e3o a Ogue rei de Bas\u00e3, e a todo seu povo, ao qual ferimos at\u00e9 n\u00e3o restar dele ningu\u00e9m. <br><span><sup><b>4<\/b><\/sup><\/span> E tomamos ent\u00e3o todas suas cidades; n\u00e3o restou cidade que n\u00e3o lhes tom\u00e1ssemos: sessenta cidades, toda a terra de Argobe, do reino de Ogue em Bas\u00e3. <br><span><sup><b>5<\/b><\/sup><\/span> Todas estas eram cidades fortificadas com alto muro, com portas e barras; sem outras muito muitas cidades sem muro. <br><span><sup><b>6<\/b><\/sup><\/span> E as destru\u00edmos, como fizemos a Seom rei de Hesbom, destruindo em toda cidade homens, mulheres, e crian\u00e7as. <br><span><sup><b>7<\/b><\/sup><\/span> E tomamos para n\u00f3s todos os animais, e os despojos das cidades. <br><span><sup><b>8<\/b><\/sup><\/span> Tamb\u00e9m tomamos naquele tempo da m\u00e3o de dois reis amorreus que estavam desta parte do Jord\u00e3o, a terra desde o ribeiro de Arnom at\u00e9 o monte de Hermom: <br><span><sup><b>9<\/b><\/sup><\/span> (Os sid\u00f4nios chamam a Hermom Siriom; e os amorreus, Senir:) <br><span><sup><b>10<\/b><\/sup><\/span> Todas as cidades da plan\u00edcie, e todo Gileade, e todo Bas\u00e3 at\u00e9 Salc\u00e1 e Edrei, cidades do reino de Ogue em Bas\u00e3. <br><span><sup><b>11<\/b><\/sup><\/span> Porque somente Ogue rei de Bas\u00e3 havia restado dos gigantes que restaram. Eis que sua cama, uma cama de ferro, n\u00e3o est\u00e1 em Rab\u00e1 dos filhos de Amom?; o comprimento dela de nove c\u00f4vados, e sua largura de quatro c\u00f4vados, ao c\u00f4vado de um homem. <br><span><sup><b>12<\/b><\/sup><\/span> E esta terra que herdamos ent\u00e3o desde Aroer, que est\u00e1 ao ribeiro de Arnom, e a metade do monte de Gileade com suas cidades, dei aos rubenitas e aos gaditas: <br><span><sup><b>13<\/b><\/sup><\/span> E o resto de Gileade, e todo Bas\u00e3, do reino de Ogue, dei o \u00e0 meia tribo de Manass\u00e9s; toda a terra de Argobe, todo Bas\u00e3, que se chamava a terra dos gigantes. <br><span><sup><b>14<\/b><\/sup><\/span> Jair filho de Manass\u00e9s tomou toda a terra de Argobe at\u00e9 o termo dos gessuritas e dos maacatitas; e chamou-a de seu nome Bas\u00e3-Havote-Jair, at\u00e9 hoje. <br><span><sup><b>15<\/b><\/sup><\/span> E a Maquir dei a Gileade. <br><span><sup><b>16<\/b><\/sup><\/span> E aos rubenitas e gaditas dei de Gileade at\u00e9 o ribeiro de Arnom, o meio do ribeiro por termo; at\u00e9 o ribeiro de Jaboque, termo dos filhos de Amom: <br><span><sup><b>17<\/b><\/sup><\/span> Assim como a campina, e o Jord\u00e3o, e o termo, desde Quinerete at\u00e9 o mar da plan\u00edcie, o mar Salgado, as encostas abaixo do Pisga ao oriente. <br><span><sup><b>18<\/b><\/sup><\/span> E vos mandei ent\u00e3o, dizendo: O SENHOR vosso Deus vos deu esta terra para que a possuais: passareis armados diante de vossos irm\u00e3os os filhos de Israel todos os valentes. <br><span><sup><b>19<\/b><\/sup><\/span> Somente vossas mulheres, vossas crian\u00e7as, e vossos gados, (eu sei que tendes muito gado,) ficar\u00e3o em vossas cidades que vos dei, <br><span><sup><b>20<\/b><\/sup><\/span> At\u00e9 que o SENHOR d\u00ea repouso a vossos irm\u00e3os, assim como a v\u00f3s, e herdem tamb\u00e9m eles a terra que o SENHOR vosso Deus lhes d\u00e1 \u00e0 outra parte do Jord\u00e3o: ent\u00e3o vos voltareis cada um a sua heran\u00e7a que eu vos dei. <br><span><sup><b>21<\/b><\/sup><\/span> Mandei tamb\u00e9m a Josu\u00e9 ent\u00e3o, dizendo: Teus olhos viram tudo o que o SENHOR vosso Deus fez \u00e0queles dois reis: assim far\u00e1 o SENHOR a todos os reinos aos quais passar\u00e1s tu. <br><span><sup><b>22<\/b><\/sup><\/span> N\u00e3o os temais; que o SENHOR vosso Deus, ele \u00e9 o que luta por v\u00f3s. <br><span><sup><b>23<\/b><\/sup><\/span> E orei ao SENHOR naquele tempo, dizendo: <br><span><sup><b>24<\/b><\/sup><\/span> Senhor DEUS, tu come\u00e7aste a mostrar a teu servo tua grandeza, e tua m\u00e3o forte: porque que deus h\u00e1 no c\u00e9u nem na terra que fa\u00e7a segundo tuas obras, e segundo tuas valentias? <br><span><sup><b>25<\/b><\/sup><\/span> Passe eu, rogo-te, e veja aquela terra boa, que est\u00e1 \u00e0 parte ali do Jord\u00e3o, aquele bom monte, e o L\u00edbano. <br><span><sup><b>26<\/b><\/sup><\/span> Mas o SENHOR se havia irado contra mim por causa de v\u00f3s, pelo qual n\u00e3o me ouviu: e disse-me o SENHOR: Basta-te, n\u00e3o me fales mais deste neg\u00f3cio. <br><span><sup><b>27<\/b><\/sup><\/span> Sobe ao cume do Pisga, e ergue teus olhos ao ocidente, e ao norte, e ao sul, e ao oriente, e v\u00ea por teus olhos: porque n\u00e3o passar\u00e1s este Jord\u00e3o. <br><span><sup><b>28<\/b><\/sup><\/span> E manda a Josu\u00e9, e anima-o, e conforta-o; porque ele h\u00e1 de passar diante deste povo, e ele lhes far\u00e1 herdar a terra que ver\u00e1s. <br><span><sup><b>29<\/b><\/sup><\/span> E paramos no vale diante de Bete-Peor.<\/span><\/p>\n\n\n\n<div class=\"wp-block-columns is-layout-flex wp-container-core-columns-is-layout-9d6595d7 wp-block-columns-is-layout-flex\">\n<div class=\"wp-block-column is-layout-flow wp-block-column-is-layout-flow\">\n<p><a href=\"\/deuteronomio-2\" title=\"\">Deuteron\u00f4mio 2<\/a><\/p>\n<\/div>\n\n\n\n<div class=\"wp-block-column is-layout-flow wp-block-column-is-layout-flow\">\n<p class=\"has-text-align-right\"><a href=\"\/deuteronomio-3\" title=\"\"><\/a><a href=\"\/deuteronomio-4\" title=\"\">Deuteron\u00f4mio 4<\/a><\/p>\n<\/div>\n<\/div>\n\n\n\n<h2 class=\"wp-block-heading\">Descri\u00e7\u00e3o &#8211; Deuteron\u00f4mio 3<\/h2>\n\n\n\n<p class=\"has-medium-font-size\">Deuteron\u00f4mio 3 continua a recorda\u00e7\u00e3o das vit\u00f3rias de Israel antes de entrar na Terra Prometida. Mois\u00e9s relembra a conquista de Bas\u00e3 e a derrota do rei Ogue, consolidando o dom\u00ednio sobre a regi\u00e3o a leste do Jord\u00e3o. As terras conquistadas foram divididas entre as tribos de R\u00faben, Gade e metade da tribo de Manass\u00e9s. Mois\u00e9s tamb\u00e9m menciona seu pedido a Deus para entrar em Cana\u00e3, mas o Senhor o impede, permitindo apenas que ele contemple a terra do alto do monte Pisga. O cap\u00edtulo refor\u00e7a a fidelidade divina, a import\u00e2ncia da lideran\u00e7a e a necessidade de confian\u00e7a nas promessas do Senhor.<\/p>\n\n\n\n<h3 class=\"wp-block-heading\">Livro do Deuteron\u00f4mio:<\/h3>\n\n\n<ul class=\"wp-block-page-list\"><li class=\"wp-block-pages-list__item\"><a class=\"wp-block-pages-list__item__link\" href=\"https:\/\/bibliapresente.com\/postagens\/livros-da-biblia\/deuteronomio\/deuteronomio-1\/\">Deuteron\u00f4mio 1 &#8211; A Jornada no Deserto<\/a><\/li><li class=\"wp-block-pages-list__item\"><a class=\"wp-block-pages-list__item__link\" href=\"https:\/\/bibliapresente.com\/postagens\/livros-da-biblia\/deuteronomio\/deuteronomio-2\/\">Deuteron\u00f4mio 2 &#8211; Vit\u00f3rias em Seom e Ogue<\/a><\/li><li class=\"wp-block-pages-list__item\"><a class=\"wp-block-pages-list__item__link\" href=\"https:\/\/bibliapresente.com\/postagens\/livros-da-biblia\/deuteronomio\/deuteronomio-3\/\">Deuteron\u00f4mio 3 &#8211; Revis\u00e3o das Conquistas<\/a><\/li><li class=\"wp-block-pages-list__item\"><a class=\"wp-block-pages-list__item__link\" href=\"https:\/\/bibliapresente.com\/postagens\/livros-da-biblia\/deuteronomio\/deuteronomio-4\/\">Deuteron\u00f4mio 4 &#8211; Advert\u00eancias<\/a><\/li><li class=\"wp-block-pages-list__item\"><a class=\"wp-block-pages-list__item__link\" href=\"https:\/\/bibliapresente.com\/postagens\/livros-da-biblia\/deuteronomio\/deuteronomio-5\/\">Deuteron\u00f4mio 5 &#8211; Os Dez Mandamentos<\/a><\/li><li class=\"wp-block-pages-list__item\"><a class=\"wp-block-pages-list__item__link\" href=\"https:\/\/bibliapresente.com\/postagens\/livros-da-biblia\/deuteronomio\/deuteronomio-6\/\">Deuteron\u00f4mio 6 &#8211; Mandamento: Amar a Deus<\/a><\/li><li class=\"wp-block-pages-list__item\"><a class=\"wp-block-pages-list__item__link\" href=\"https:\/\/bibliapresente.com\/postagens\/livros-da-biblia\/deuteronomio\/deuteronomio-7\/\">Deuteron\u00f4mio 7 &#8211; Israel, o Povo Escolhido<\/a><\/li><li class=\"wp-block-pages-list__item\"><a class=\"wp-block-pages-list__item__link\" href=\"https:\/\/bibliapresente.com\/postagens\/livros-da-biblia\/deuteronomio\/deuteronomio-8\/\">Deuteron\u00f4mio 8 &#8211; Guardar os Mandamentos<\/a><\/li><li class=\"wp-block-pages-list__item\"><a class=\"wp-block-pages-list__item__link\" href=\"https:\/\/bibliapresente.com\/postagens\/livros-da-biblia\/deuteronomio\/deuteronomio-9\/\">Deuteron\u00f4mio 9 &#8211; Rebeli\u00f5es de Israel<\/a><\/li><li class=\"wp-block-pages-list__item\"><a class=\"wp-block-pages-list__item__link\" href=\"https:\/\/bibliapresente.com\/postagens\/livros-da-biblia\/deuteronomio\/deuteronomio-10\/\">Deuteron\u00f4mio 10 &#8211; A Arca da Alian\u00e7a<\/a><\/li><li class=\"wp-block-pages-list__item\"><a class=\"wp-block-pages-list__item__link\" href=\"https:\/\/bibliapresente.com\/postagens\/livros-da-biblia\/deuteronomio\/deuteronomio-11\/\">Deuteron\u00f4mio 11 &#8211; B\u00ean\u00e7\u00e3os da Obedi\u00eancia<\/a><\/li><li class=\"wp-block-pages-list__item\"><a class=\"wp-block-pages-list__item__link\" href=\"https:\/\/bibliapresente.com\/postagens\/livros-da-biblia\/deuteronomio\/deuteronomio-12\/\">Deuteron\u00f4mio 12 &#8211; O Lugar de Adora\u00e7\u00e3o<\/a><\/li><li class=\"wp-block-pages-list__item\"><a class=\"wp-block-pages-list__item__link\" href=\"https:\/\/bibliapresente.com\/postagens\/livros-da-biblia\/deuteronomio\/deuteronomio-13\/\">Deuteron\u00f4mio 13 &#8211; Contra Falsos Profetas<\/a><\/li><li class=\"wp-block-pages-list__item\"><a class=\"wp-block-pages-list__item__link\" href=\"https:\/\/bibliapresente.com\/postagens\/livros-da-biblia\/deuteronomio\/deuteronomio-14\/\">Deuteron\u00f4mio 14 &#8211; Alimentos e D\u00edzimo<\/a><\/li><li class=\"wp-block-pages-list__item\"><a class=\"wp-block-pages-list__item__link\" href=\"https:\/\/bibliapresente.com\/postagens\/livros-da-biblia\/deuteronomio\/deuteronomio-15\/\">Deuteron\u00f4mio 15 &#8211; O Ano da Remiss\u00e3o<\/a><\/li><li class=\"wp-block-pages-list__item\"><a class=\"wp-block-pages-list__item__link\" href=\"https:\/\/bibliapresente.com\/postagens\/livros-da-biblia\/deuteronomio\/deuteronomio-16\/\">Deuteron\u00f4mio 16 &#8211; As Festas Anuais<\/a><\/li><li class=\"wp-block-pages-list__item\"><a class=\"wp-block-pages-list__item__link\" href=\"https:\/\/bibliapresente.com\/postagens\/livros-da-biblia\/deuteronomio\/deuteronomio-17\/\">Deuteron\u00f4mio 17 &#8211; Reis e Sacerdotes<\/a><\/li><li class=\"wp-block-pages-list__item\"><a class=\"wp-block-pages-list__item__link\" href=\"https:\/\/bibliapresente.com\/postagens\/livros-da-biblia\/deuteronomio\/deuteronomio-18\/\">Deuteron\u00f4mio 18 &#8211; Direitos dos Sacerdotes<\/a><\/li><li class=\"wp-block-pages-list__item\"><a class=\"wp-block-pages-list__item__link\" href=\"https:\/\/bibliapresente.com\/postagens\/livros-da-biblia\/deuteronomio\/deuteronomio-19\/\">Deuteron\u00f4mio 19 &#8211; Ref\u00fagio e Testemunhas<\/a><\/li><li class=\"wp-block-pages-list__item\"><a class=\"wp-block-pages-list__item__link\" href=\"https:\/\/bibliapresente.com\/postagens\/livros-da-biblia\/deuteronomio\/deuteronomio-20\/\">Deuteron\u00f4mio 20 &#8211; Leis para a Guerra<\/a><\/li><li class=\"wp-block-pages-list__item\"><a class=\"wp-block-pages-list__item__link\" href=\"https:\/\/bibliapresente.com\/postagens\/livros-da-biblia\/deuteronomio\/deuteronomio-21\/\">Deuteron\u00f4mio 21 &#8211; Leis para a Justi\u00e7a<\/a><\/li><li class=\"wp-block-pages-list__item\"><a class=\"wp-block-pages-list__item__link\" href=\"https:\/\/bibliapresente.com\/postagens\/livros-da-biblia\/deuteronomio\/deuteronomio-22\/\">Deuteron\u00f4mio 22 &#8211; Regras para Conduta<\/a><\/li><li class=\"wp-block-pages-list__item\"><a class=\"wp-block-pages-list__item__link\" href=\"https:\/\/bibliapresente.com\/postagens\/livros-da-biblia\/deuteronomio\/deuteronomio-23\/\">Deuteron\u00f4mio 23 &#8211; Leis da Congrega\u00e7\u00e3o<\/a><\/li><li class=\"wp-block-pages-list__item\"><a class=\"wp-block-pages-list__item__link\" href=\"https:\/\/bibliapresente.com\/postagens\/livros-da-biblia\/deuteronomio\/deuteronomio-24\/\">Deuteron\u00f4mio 24 &#8211; Fam\u00edlia e Justi\u00e7a Social<\/a><\/li><li class=\"wp-block-pages-list__item\"><a class=\"wp-block-pages-list__item__link\" href=\"https:\/\/bibliapresente.com\/postagens\/livros-da-biblia\/deuteronomio\/deuteronomio-25\/\">Deuteron\u00f4mio 25 &#8211; Leis sobre Retalia\u00e7\u00e3o<\/a><\/li><li class=\"wp-block-pages-list__item\"><a class=\"wp-block-pages-list__item__link\" href=\"https:\/\/bibliapresente.com\/postagens\/livros-da-biblia\/deuteronomio\/deuteronomio-26\/\">Deuteron\u00f4mio 26 &#8211; A Fidelidade a Deus<\/a><\/li><li class=\"wp-block-pages-list__item\"><a class=\"wp-block-pages-list__item__link\" href=\"https:\/\/bibliapresente.com\/postagens\/livros-da-biblia\/deuteronomio\/deuteronomio-27\/\">Deuteron\u00f4mio 27 &#8211; Maldi\u00e7\u00f5es no Monte Ebal<\/a><\/li><li class=\"wp-block-pages-list__item\"><a class=\"wp-block-pages-list__item__link\" href=\"https:\/\/bibliapresente.com\/postagens\/livros-da-biblia\/deuteronomio\/deuteronomio-28\/\">Deuteron\u00f4mio 28 &#8211; Sobre a Alian\u00e7a<\/a><\/li><li class=\"wp-block-pages-list__item\"><a class=\"wp-block-pages-list__item__link\" href=\"https:\/\/bibliapresente.com\/postagens\/livros-da-biblia\/deuteronomio\/deuteronomio-29\/\">Deuteron\u00f4mio 29 &#8211; Renova\u00e7\u00e3o da Alian\u00e7a<\/a><\/li><li class=\"wp-block-pages-list__item\"><a class=\"wp-block-pages-list__item__link\" href=\"https:\/\/bibliapresente.com\/postagens\/livros-da-biblia\/deuteronomio\/deuteronomio-30\/\">Deuteron\u00f4mio 30 &#8211; Promessa de Restaura\u00e7\u00e3o<\/a><\/li><li class=\"wp-block-pages-list__item\"><a class=\"wp-block-pages-list__item__link\" href=\"https:\/\/bibliapresente.com\/postagens\/livros-da-biblia\/deuteronomio\/deuteronomio-31\/\">Deuteron\u00f4mio 31 &#8211; Mois\u00e9s Prepara Josu\u00e9<\/a><\/li><li class=\"wp-block-pages-list__item\"><a class=\"wp-block-pages-list__item__link\" href=\"https:\/\/bibliapresente.com\/postagens\/livros-da-biblia\/deuteronomio\/deuteronomio-32\/\">Deuteron\u00f4mio 32 &#8211; O C\u00e2ntico de Mois\u00e9s<\/a><\/li><li class=\"wp-block-pages-list__item\"><a class=\"wp-block-pages-list__item__link\" href=\"https:\/\/bibliapresente.com\/postagens\/livros-da-biblia\/deuteronomio\/deuteronomio-33\/\">Deuteron\u00f4mio 33 &#8211; B\u00ean\u00e7\u00e3os de Mois\u00e9s<\/a><\/li><li class=\"wp-block-pages-list__item\"><a class=\"wp-block-pages-list__item__link\" href=\"https:\/\/bibliapresente.com\/postagens\/livros-da-biblia\/deuteronomio\/deuteronomio-34\/\">Deuteron\u00f4mio 34 &#8211; A Morte de Mois\u00e9s<\/a><\/li><\/ul>\n\n\n<p><\/p>\n","protected":false},"excerpt":{"rendered":"<p>1 E voltamos, e subimos caminho de Bas\u00e3, e saiu-nos ao encontro Ogue rei de Bas\u00e3 para lutar, ele e todo seu povo, em Edrei. 2 E disse-me o SENHOR: N\u00e3o tenhas medo dele, porque em tua m\u00e3o entreguei a ele e a todo seu povo, e sua terra: e far\u00e1s com ele como fizeste &hellip; <\/p>\n","protected":false},"author":2,"featured_media":848,"parent":847,"menu_order":3,"comment_status":"closed","ping_status":"closed","template":"","meta":{"om_disable_all_campaigns":false,"_monsterinsights_skip_tracking":false,"_monsterinsights_sitenote_active":false,"_monsterinsights_sitenote_note":"","_monsterinsights_sitenote_category":0,"footnotes":""},"class_list":["post-854","page","type-page","status-publish","has-post-thumbnail","hentry"],"aioseo_notices":[],"_links":{"self":[{"href":"https:\/\/bibliapresente.com\/postagens\/wp-json\/wp\/v2\/pages\/854","targetHints":{"allow":["GET"]}}],"collection":[{"href":"https:\/\/bibliapresente.com\/postagens\/wp-json\/wp\/v2\/pages"}],"about":[{"href":"https:\/\/bibliapresente.com\/postagens\/wp-json\/wp\/v2\/types\/page"}],"author":[{"embeddable":true,"href":"https:\/\/bibliapresente.com\/postagens\/wp-json\/wp\/v2\/users\/2"}],"replies":[{"embeddable":true,"href":"https:\/\/bibliapresente.com\/postagens\/wp-json\/wp\/v2\/comments?post=854"}],"version-history":[{"count":5,"href":"https:\/\/bibliapresente.com\/postagens\/wp-json\/wp\/v2\/pages\/854\/revisions"}],"predecessor-version":[{"id":1555,"href":"https:\/\/bibliapresente.com\/postagens\/wp-json\/wp\/v2\/pages\/854\/revisions\/1555"}],"up":[{"embeddable":true,"href":"https:\/\/bibliapresente.com\/postagens\/wp-json\/wp\/v2\/pages\/847"}],"wp:featuredmedia":[{"embeddable":true,"href":"https:\/\/bibliapresente.com\/postagens\/wp-json\/wp\/v2\/media\/848"}],"wp:attachment":[{"href":"https:\/\/bibliapresente.com\/postagens\/wp-json\/wp\/v2\/media?parent=854"}],"curies":[{"name":"wp","href":"https:\/\/api.w.org\/{rel}","templated":true}]}}