{"id":852,"date":"2025-02-06T23:58:36","date_gmt":"2025-02-07T02:58:36","guid":{"rendered":"https:\/\/bibliapresente.com\/postagens\/?page_id=852"},"modified":"2025-02-07T14:19:54","modified_gmt":"2025-02-07T17:19:54","slug":"deuteronomio-2","status":"publish","type":"page","link":"https:\/\/bibliapresente.com\/postagens\/livros-da-biblia\/deuteronomio\/deuteronomio-2\/","title":{"rendered":"Deuteron\u00f4mio 2 &#8211; Vit\u00f3rias em Seom e Ogue"},"content":{"rendered":"\n<p class=\"has-medium-font-size\" style=\"letter-spacing:1px\"><span><span><sup><b>1<\/b><\/sup><\/span> E voltamos, e partimo-nos ao deserto caminho do mar Vermelho, como o SENHOR me havia dito; e rodeamos o monte de Seir por muitos dias. <br><span><sup><b>2<\/b><\/sup><\/span> E o SENHOR me falou, dizendo: <br><span><sup><b>3<\/b><\/sup><\/span> Demais rodeastes este monte; voltai-vos ao norte. <br><span><sup><b>4<\/b><\/sup><\/span> E manda ao povo, dizendo: Passando v\u00f3s pelo termo de vossos irm\u00e3os os filhos de Esa\u00fa, que habitam em Seir, eles ter\u00e3o medo de v\u00f3s; mas v\u00f3s guardai-vos muito: <br><span><sup><b>5<\/b><\/sup><\/span> N\u00e3o vos metais com eles; que n\u00e3o vos darei de sua terra nem ainda a pisadura da planta de um p\u00e9; porque eu dei por heran\u00e7a a Esa\u00fa o monte de Seir. <br><span><sup><b>6<\/b><\/sup><\/span> Comprareis deles por dinheiro os alimentos, e comereis; e tamb\u00e9m comprareis deles a \u00e1gua, e bebereis: <br><span><sup><b>7<\/b><\/sup><\/span> Pois o SENHOR teu Deus te aben\u00e7oou em toda obra de tuas m\u00e3os: ele sabe que andas por este grande deserto: estes quarenta anos o SENHOR teu Deus foi contigo; e nenhuma coisa te faltou. <br><span><sup><b>8<\/b><\/sup><\/span> E passamos por nossos irm\u00e3os os filhos de Esa\u00fa, que habitavam em Seir, pelo caminho da plan\u00edcie de Elate e de Eziom-Geber. E voltamos, e passamos caminho do deserto de Moabe. <br><span><sup><b>9<\/b><\/sup><\/span> E o SENHOR me disse: N\u00e3o perturbeis a Moabe, nem te empenhes com eles em guerra, que n\u00e3o te darei possess\u00e3o de sua terra; porque eu dei a Ar por heran\u00e7a aos filhos de L\u00f3. <br><span><sup><b>10<\/b><\/sup><\/span> (Os emins habitaram nela antes, povo grande, e numeroso, e alto como gigantes: <br><span><sup><b>11<\/b><\/sup><\/span> Por gigantes eram eles tamb\u00e9m contados, como os anaquins; e os moabitas os chamam emins. <br><span><sup><b>12<\/b><\/sup><\/span> E em Seir habitaram antes os horeus, aos quais os filhos de Esa\u00fa expulsaram; e os destru\u00edram de diante de si, e moraram em lugar deles; como fez Israel na terra de sua possess\u00e3o que lhes deu o SENHOR.) <br><span><sup><b>13<\/b><\/sup><\/span> Levantai-vos agora, e passai o ribeiro de Zerede. E passamos o ribeiro de Zerede. <br><span><sup><b>14<\/b><\/sup><\/span> E os dias que andamos de Cades-Barneia at\u00e9 que passamos o ribeiro de Zerede, foram trinta e oito anos; at\u00e9 que se acabou toda a gera\u00e7\u00e3o dos homens de guerra do meio do acampamento, como o SENHOR lhes havia jurado. <br><span><sup><b>15<\/b><\/sup><\/span> E tamb\u00e9m a m\u00e3o do SENHOR foi sobre eles para destru\u00ed-los do meio do campo, at\u00e9 acab\u00e1-los. <br><span><sup><b>16<\/b><\/sup><\/span> E aconteceu que quando se acabaram de morrer todos os homens de guerra dentre o povo, <br><span><sup><b>17<\/b><\/sup><\/span> O SENHOR me falou, dizendo: <br><span><sup><b>18<\/b><\/sup><\/span> Tu passar\u00e1s hoje o termo de Moabe, a Ar, <br><span><sup><b>19<\/b><\/sup><\/span> E te aproximar\u00e1s diante dos filhos de Amom: n\u00e3o os perturbeis, nem te metas com eles; porque n\u00e3o te tenho de dar possess\u00e3o da terra dos filhos de Amom; que aos filhos de L\u00f3 a dei por heran\u00e7a. <br><span><sup><b>20<\/b><\/sup><\/span> (Por terra de gigantes foi tamb\u00e9m ela tida: habitaram nela gigantes em outro tempo, aos quais os amonitas chamavam zanzumins; <br><span><sup><b>21<\/b><\/sup><\/span> Povo grande, e numeroso, e alto, como os anaquins; aos quais o SENHOR destruiu de diante dos amonitas, os quais lhes sucederam, e habitaram em seu lugar: <br><span><sup><b>22<\/b><\/sup><\/span> Como fez com os filhos de Esa\u00fa, que habitavam em Seir, de diante dos quais destruiu aos horeus; e eles lhes sucederam, e habitaram em seu lugar at\u00e9 hoje. <br><span><sup><b>23<\/b><\/sup><\/span> E aos aveus que habitavam em vilas at\u00e9 Gaza, os caftoreus que sa\u00edram de Caftor os destru\u00edram, e habitaram em seu lugar.) <br><span><sup><b>24<\/b><\/sup><\/span> Levantai-vos, parti, e passai o ribeiro de Arnom: eis que dei em tua m\u00e3o a Seom rei de Hesbom, amorreu, e a sua terra: come\u00e7a a tomar possess\u00e3o, e empenha-te com ele em guerra. <br><span><sup><b>25<\/b><\/sup><\/span> Hoje come\u00e7arei a p\u00f4r teu medo e teu espanto sobre os povos debaixo de todo o c\u00e9u, os quais ouvir\u00e3o tua fama, e tremer\u00e3o, e se angustiar\u00e3o diante de ti. <br><span><sup><b>26<\/b><\/sup><\/span> E enviei mensageiros desde o deserto de Quedemote a Seom rei de Hesbom, com palavras de paz, dizendo: <br><span><sup><b>27<\/b><\/sup><\/span> Passarei por tua terra pelo caminho: pelo caminho irei, sem apartar-me \u00e0 direita nem \u00e0 esquerda: <br><span><sup><b>28<\/b><\/sup><\/span> A comida me vender\u00e1s por dinheiro e comerei: a \u00e1gua tamb\u00e9m me dar\u00e1s por dinheiro, e beberei: somente passarei a p\u00e9; <br><span><sup><b>29<\/b><\/sup><\/span> Como o fizeram comigo os filhos de Esa\u00fa que habitavam em Seir, e os moabitas que habitavam em Ar; at\u00e9 que passe o Jord\u00e3o \u00e0 terra que nos d\u00e1 o SENHOR nosso Deus. <br><span><sup><b>30<\/b><\/sup><\/span> Mas Seom rei de Hesbom n\u00e3o quis que pass\u00e1ssemos pelo territ\u00f3rio seu; porque o SENHOR teu Deus havia endurecido seu esp\u00edrito, e obstinado seu cora\u00e7\u00e3o para entreg\u00e1-lo em tua m\u00e3o, como hoje. <br><span><sup><b>31<\/b><\/sup><\/span> E disse-me o SENHOR: Eis que eu comecei a dar diante de ti a Seom e a sua terra; come\u00e7a a tomar possess\u00e3o, para que herdes sua terra. <br><span><sup><b>32<\/b><\/sup><\/span> E saiu-nos Seom ao encontro, ele e todo seu povo, para lutar em Jaza. <br><span><sup><b>33<\/b><\/sup><\/span> Mas o SENHOR nosso Deus o entregou diante de n\u00f3s; e ferimos a ele e a seus filhos, e a todo seu povo. <br><span><sup><b>34<\/b><\/sup><\/span> E tomamos ent\u00e3o todas suas cidades, e destru\u00edmos todas as cidades, homens, e mulheres, e crian\u00e7as; n\u00e3o deixamos ningu\u00e9m: <br><span><sup><b>35<\/b><\/sup><\/span> Somente tomamos para n\u00f3s os animais, e os despojos das cidades que hav\u00edamos tomado. <br><span><sup><b>36<\/b><\/sup><\/span> Desde Aroer, que est\u00e1 junto \u00e0 beira do ribeiro de Arnom, e a cidade que est\u00e1 no ribeiro, at\u00e9 Gileade, n\u00e3o houve cidade que escapasse de n\u00f3s: todas as entregou o SENHOR nosso Deus em nosso poder. <br><span><sup><b>37<\/b><\/sup><\/span> Somente \u00e0 terra dos filhos de Amom n\u00e3o chegaste, nem a tudo o que est\u00e1 \u00e0 beira do ribeiro de Jaboque nem \u00e0s cidades do monte, nem a lugar algum que o SENHOR nosso Deus havia proibido.<\/span><\/p>\n\n\n\n<div class=\"wp-block-columns is-layout-flex wp-container-core-columns-is-layout-9d6595d7 wp-block-columns-is-layout-flex\">\n<div class=\"wp-block-column is-layout-flow wp-block-column-is-layout-flow\">\n<p><a href=\"\/deuteronomio-1\" title=\"\">Deuteron\u00f4mio 1<\/a><\/p>\n<\/div>\n\n\n\n<div class=\"wp-block-column is-layout-flow wp-block-column-is-layout-flow\">\n<p class=\"has-text-align-right\"><a href=\"\/deuteronomio-3\" title=\"\"><\/a><a href=\"\/deuteronomio-3\" title=\"\">Deuteron\u00f4mio 3<\/a><\/p>\n<\/div>\n<\/div>\n\n\n\n<h2 class=\"wp-block-heading\">Descri\u00e7\u00e3o &#8211; Deuteron\u00f4mio 2<\/h2>\n\n\n\n<p class=\"has-medium-font-size\">Deuteron\u00f4mio 2 narra a jornada do povo de Israel pelo deserto, destacando as ordens divinas para evitar conflitos com Edom, Moabe e Amom, povos descendentes de Esa\u00fa e L\u00f3. Deus relembra como cuidou de Israel durante os 40 anos no deserto, suprindo todas as suas necessidades. O cap\u00edtulo tamb\u00e9m descreve a vit\u00f3ria sobre Seom, rei dos amorreus, como parte da conquista da Terra Prometida. Esse epis\u00f3dio refor\u00e7a a soberania divina e o cumprimento das promessas feitas a Israel. Deuteron\u00f4mio, como um todo, reitera as leis e a fidelidade de Deus ao guiar Seu povo rumo \u00e0 heran\u00e7a prometida.<\/p>\n\n\n\n<h3 class=\"wp-block-heading\">Livro do Deuteron\u00f4mio:<\/h3>\n\n\n<ul class=\"wp-block-page-list\"><li class=\"wp-block-pages-list__item\"><a class=\"wp-block-pages-list__item__link\" href=\"https:\/\/bibliapresente.com\/postagens\/livros-da-biblia\/deuteronomio\/deuteronomio-1\/\">Deuteron\u00f4mio 1 &#8211; A Jornada no Deserto<\/a><\/li><li class=\"wp-block-pages-list__item\"><a class=\"wp-block-pages-list__item__link\" href=\"https:\/\/bibliapresente.com\/postagens\/livros-da-biblia\/deuteronomio\/deuteronomio-2\/\">Deuteron\u00f4mio 2 &#8211; Vit\u00f3rias em Seom e Ogue<\/a><\/li><li class=\"wp-block-pages-list__item\"><a class=\"wp-block-pages-list__item__link\" href=\"https:\/\/bibliapresente.com\/postagens\/livros-da-biblia\/deuteronomio\/deuteronomio-3\/\">Deuteron\u00f4mio 3 &#8211; Revis\u00e3o das Conquistas<\/a><\/li><li class=\"wp-block-pages-list__item\"><a class=\"wp-block-pages-list__item__link\" href=\"https:\/\/bibliapresente.com\/postagens\/livros-da-biblia\/deuteronomio\/deuteronomio-4\/\">Deuteron\u00f4mio 4 &#8211; Advert\u00eancias<\/a><\/li><li class=\"wp-block-pages-list__item\"><a class=\"wp-block-pages-list__item__link\" href=\"https:\/\/bibliapresente.com\/postagens\/livros-da-biblia\/deuteronomio\/deuteronomio-5\/\">Deuteron\u00f4mio 5 &#8211; Os Dez Mandamentos<\/a><\/li><li class=\"wp-block-pages-list__item\"><a class=\"wp-block-pages-list__item__link\" href=\"https:\/\/bibliapresente.com\/postagens\/livros-da-biblia\/deuteronomio\/deuteronomio-6\/\">Deuteron\u00f4mio 6 &#8211; Mandamento: Amar a Deus<\/a><\/li><li class=\"wp-block-pages-list__item\"><a class=\"wp-block-pages-list__item__link\" href=\"https:\/\/bibliapresente.com\/postagens\/livros-da-biblia\/deuteronomio\/deuteronomio-7\/\">Deuteron\u00f4mio 7 &#8211; Israel, o Povo Escolhido<\/a><\/li><li class=\"wp-block-pages-list__item\"><a class=\"wp-block-pages-list__item__link\" href=\"https:\/\/bibliapresente.com\/postagens\/livros-da-biblia\/deuteronomio\/deuteronomio-8\/\">Deuteron\u00f4mio 8 &#8211; Guardar os Mandamentos<\/a><\/li><li class=\"wp-block-pages-list__item\"><a class=\"wp-block-pages-list__item__link\" href=\"https:\/\/bibliapresente.com\/postagens\/livros-da-biblia\/deuteronomio\/deuteronomio-9\/\">Deuteron\u00f4mio 9 &#8211; Rebeli\u00f5es de Israel<\/a><\/li><li class=\"wp-block-pages-list__item\"><a class=\"wp-block-pages-list__item__link\" href=\"https:\/\/bibliapresente.com\/postagens\/livros-da-biblia\/deuteronomio\/deuteronomio-10\/\">Deuteron\u00f4mio 10 &#8211; A Arca da Alian\u00e7a<\/a><\/li><li class=\"wp-block-pages-list__item\"><a class=\"wp-block-pages-list__item__link\" href=\"https:\/\/bibliapresente.com\/postagens\/livros-da-biblia\/deuteronomio\/deuteronomio-11\/\">Deuteron\u00f4mio 11 &#8211; B\u00ean\u00e7\u00e3os da Obedi\u00eancia<\/a><\/li><li class=\"wp-block-pages-list__item\"><a class=\"wp-block-pages-list__item__link\" href=\"https:\/\/bibliapresente.com\/postagens\/livros-da-biblia\/deuteronomio\/deuteronomio-12\/\">Deuteron\u00f4mio 12 &#8211; O Lugar de Adora\u00e7\u00e3o<\/a><\/li><li class=\"wp-block-pages-list__item\"><a class=\"wp-block-pages-list__item__link\" href=\"https:\/\/bibliapresente.com\/postagens\/livros-da-biblia\/deuteronomio\/deuteronomio-13\/\">Deuteron\u00f4mio 13 &#8211; Contra Falsos Profetas<\/a><\/li><li class=\"wp-block-pages-list__item\"><a class=\"wp-block-pages-list__item__link\" href=\"https:\/\/bibliapresente.com\/postagens\/livros-da-biblia\/deuteronomio\/deuteronomio-14\/\">Deuteron\u00f4mio 14 &#8211; Alimentos e D\u00edzimo<\/a><\/li><li class=\"wp-block-pages-list__item\"><a class=\"wp-block-pages-list__item__link\" href=\"https:\/\/bibliapresente.com\/postagens\/livros-da-biblia\/deuteronomio\/deuteronomio-15\/\">Deuteron\u00f4mio 15 &#8211; O Ano da Remiss\u00e3o<\/a><\/li><li class=\"wp-block-pages-list__item\"><a class=\"wp-block-pages-list__item__link\" href=\"https:\/\/bibliapresente.com\/postagens\/livros-da-biblia\/deuteronomio\/deuteronomio-16\/\">Deuteron\u00f4mio 16 &#8211; As Festas Anuais<\/a><\/li><li class=\"wp-block-pages-list__item\"><a class=\"wp-block-pages-list__item__link\" href=\"https:\/\/bibliapresente.com\/postagens\/livros-da-biblia\/deuteronomio\/deuteronomio-17\/\">Deuteron\u00f4mio 17 &#8211; Reis e Sacerdotes<\/a><\/li><li class=\"wp-block-pages-list__item\"><a class=\"wp-block-pages-list__item__link\" href=\"https:\/\/bibliapresente.com\/postagens\/livros-da-biblia\/deuteronomio\/deuteronomio-18\/\">Deuteron\u00f4mio 18 &#8211; Direitos dos Sacerdotes<\/a><\/li><li class=\"wp-block-pages-list__item\"><a class=\"wp-block-pages-list__item__link\" href=\"https:\/\/bibliapresente.com\/postagens\/livros-da-biblia\/deuteronomio\/deuteronomio-19\/\">Deuteron\u00f4mio 19 &#8211; Ref\u00fagio e Testemunhas<\/a><\/li><li class=\"wp-block-pages-list__item\"><a class=\"wp-block-pages-list__item__link\" href=\"https:\/\/bibliapresente.com\/postagens\/livros-da-biblia\/deuteronomio\/deuteronomio-20\/\">Deuteron\u00f4mio 20 &#8211; Leis para a Guerra<\/a><\/li><li class=\"wp-block-pages-list__item\"><a class=\"wp-block-pages-list__item__link\" href=\"https:\/\/bibliapresente.com\/postagens\/livros-da-biblia\/deuteronomio\/deuteronomio-21\/\">Deuteron\u00f4mio 21 &#8211; Leis para a Justi\u00e7a<\/a><\/li><li class=\"wp-block-pages-list__item\"><a class=\"wp-block-pages-list__item__link\" href=\"https:\/\/bibliapresente.com\/postagens\/livros-da-biblia\/deuteronomio\/deuteronomio-22\/\">Deuteron\u00f4mio 22 &#8211; Regras para Conduta<\/a><\/li><li class=\"wp-block-pages-list__item\"><a class=\"wp-block-pages-list__item__link\" href=\"https:\/\/bibliapresente.com\/postagens\/livros-da-biblia\/deuteronomio\/deuteronomio-23\/\">Deuteron\u00f4mio 23 &#8211; Leis da Congrega\u00e7\u00e3o<\/a><\/li><li class=\"wp-block-pages-list__item\"><a class=\"wp-block-pages-list__item__link\" href=\"https:\/\/bibliapresente.com\/postagens\/livros-da-biblia\/deuteronomio\/deuteronomio-24\/\">Deuteron\u00f4mio 24 &#8211; Fam\u00edlia e Justi\u00e7a Social<\/a><\/li><li class=\"wp-block-pages-list__item\"><a class=\"wp-block-pages-list__item__link\" href=\"https:\/\/bibliapresente.com\/postagens\/livros-da-biblia\/deuteronomio\/deuteronomio-25\/\">Deuteron\u00f4mio 25 &#8211; Leis sobre Retalia\u00e7\u00e3o<\/a><\/li><li class=\"wp-block-pages-list__item\"><a class=\"wp-block-pages-list__item__link\" href=\"https:\/\/bibliapresente.com\/postagens\/livros-da-biblia\/deuteronomio\/deuteronomio-26\/\">Deuteron\u00f4mio 26 &#8211; A Fidelidade a Deus<\/a><\/li><li class=\"wp-block-pages-list__item\"><a class=\"wp-block-pages-list__item__link\" href=\"https:\/\/bibliapresente.com\/postagens\/livros-da-biblia\/deuteronomio\/deuteronomio-27\/\">Deuteron\u00f4mio 27 &#8211; Maldi\u00e7\u00f5es no Monte Ebal<\/a><\/li><li class=\"wp-block-pages-list__item\"><a class=\"wp-block-pages-list__item__link\" href=\"https:\/\/bibliapresente.com\/postagens\/livros-da-biblia\/deuteronomio\/deuteronomio-28\/\">Deuteron\u00f4mio 28 &#8211; Sobre a Alian\u00e7a<\/a><\/li><li class=\"wp-block-pages-list__item\"><a class=\"wp-block-pages-list__item__link\" href=\"https:\/\/bibliapresente.com\/postagens\/livros-da-biblia\/deuteronomio\/deuteronomio-29\/\">Deuteron\u00f4mio 29 &#8211; Renova\u00e7\u00e3o da Alian\u00e7a<\/a><\/li><li class=\"wp-block-pages-list__item\"><a class=\"wp-block-pages-list__item__link\" href=\"https:\/\/bibliapresente.com\/postagens\/livros-da-biblia\/deuteronomio\/deuteronomio-30\/\">Deuteron\u00f4mio 30 &#8211; Promessa de Restaura\u00e7\u00e3o<\/a><\/li><li class=\"wp-block-pages-list__item\"><a class=\"wp-block-pages-list__item__link\" href=\"https:\/\/bibliapresente.com\/postagens\/livros-da-biblia\/deuteronomio\/deuteronomio-31\/\">Deuteron\u00f4mio 31 &#8211; Mois\u00e9s Prepara Josu\u00e9<\/a><\/li><li class=\"wp-block-pages-list__item\"><a class=\"wp-block-pages-list__item__link\" href=\"https:\/\/bibliapresente.com\/postagens\/livros-da-biblia\/deuteronomio\/deuteronomio-32\/\">Deuteron\u00f4mio 32 &#8211; O C\u00e2ntico de Mois\u00e9s<\/a><\/li><li class=\"wp-block-pages-list__item\"><a class=\"wp-block-pages-list__item__link\" href=\"https:\/\/bibliapresente.com\/postagens\/livros-da-biblia\/deuteronomio\/deuteronomio-33\/\">Deuteron\u00f4mio 33 &#8211; B\u00ean\u00e7\u00e3os de Mois\u00e9s<\/a><\/li><li class=\"wp-block-pages-list__item\"><a class=\"wp-block-pages-list__item__link\" href=\"https:\/\/bibliapresente.com\/postagens\/livros-da-biblia\/deuteronomio\/deuteronomio-34\/\">Deuteron\u00f4mio 34 &#8211; A Morte de Mois\u00e9s<\/a><\/li><\/ul>\n\n\n<p><\/p>\n","protected":false},"excerpt":{"rendered":"<p>1 E voltamos, e partimo-nos ao deserto caminho do mar Vermelho, como o SENHOR me havia dito; e rodeamos o monte de Seir por muitos dias. 2 E o SENHOR me falou, dizendo: 3 Demais rodeastes este monte; voltai-vos ao norte. 4 E manda ao povo, dizendo: Passando v\u00f3s pelo termo de vossos irm\u00e3os os &hellip; <\/p>\n","protected":false},"author":2,"featured_media":848,"parent":847,"menu_order":2,"comment_status":"closed","ping_status":"closed","template":"","meta":{"om_disable_all_campaigns":false,"_monsterinsights_skip_tracking":false,"_monsterinsights_sitenote_active":false,"_monsterinsights_sitenote_note":"","_monsterinsights_sitenote_category":0,"footnotes":""},"class_list":["post-852","page","type-page","status-publish","has-post-thumbnail","hentry"],"aioseo_notices":[],"_links":{"self":[{"href":"https:\/\/bibliapresente.com\/postagens\/wp-json\/wp\/v2\/pages\/852","targetHints":{"allow":["GET"]}}],"collection":[{"href":"https:\/\/bibliapresente.com\/postagens\/wp-json\/wp\/v2\/pages"}],"about":[{"href":"https:\/\/bibliapresente.com\/postagens\/wp-json\/wp\/v2\/types\/page"}],"author":[{"embeddable":true,"href":"https:\/\/bibliapresente.com\/postagens\/wp-json\/wp\/v2\/users\/2"}],"replies":[{"embeddable":true,"href":"https:\/\/bibliapresente.com\/postagens\/wp-json\/wp\/v2\/comments?post=852"}],"version-history":[{"count":4,"href":"https:\/\/bibliapresente.com\/postagens\/wp-json\/wp\/v2\/pages\/852\/revisions"}],"predecessor-version":[{"id":1491,"href":"https:\/\/bibliapresente.com\/postagens\/wp-json\/wp\/v2\/pages\/852\/revisions\/1491"}],"up":[{"embeddable":true,"href":"https:\/\/bibliapresente.com\/postagens\/wp-json\/wp\/v2\/pages\/847"}],"wp:featuredmedia":[{"embeddable":true,"href":"https:\/\/bibliapresente.com\/postagens\/wp-json\/wp\/v2\/media\/848"}],"wp:attachment":[{"href":"https:\/\/bibliapresente.com\/postagens\/wp-json\/wp\/v2\/media?parent=852"}],"curies":[{"name":"wp","href":"https:\/\/api.w.org\/{rel}","templated":true}]}}