{"id":850,"date":"2025-02-07T00:05:03","date_gmt":"2025-02-07T03:05:03","guid":{"rendered":"https:\/\/bibliapresente.com\/postagens\/?page_id=850"},"modified":"2025-02-07T14:18:28","modified_gmt":"2025-02-07T17:18:28","slug":"deuteronomio-1","status":"publish","type":"page","link":"https:\/\/bibliapresente.com\/postagens\/livros-da-biblia\/deuteronomio\/deuteronomio-1\/","title":{"rendered":"Deuteron\u00f4mio 1 &#8211; A Jornada no Deserto"},"content":{"rendered":"\n<p class=\"has-medium-font-size\" style=\"letter-spacing:1px\"><span><span><sup><b>1<\/b><\/sup><\/span> Estas s\u00e3o as palavras que falou Mois\u00e9s a todo Israel desta parte do Jord\u00e3o no deserto, na plan\u00edcie diante do mar Vermelho, entre Par\u00e3, e Tofel, e Lab\u00e3, e Hazerote, e Di-Zaabe. <br><span><sup><b>2<\/b><\/sup><\/span> Onze jornadas h\u00e1 desde Horebe, caminho do monte de Seir, at\u00e9 Cades-Barneia. <br><span><sup><b>3<\/b><\/sup><\/span> E foi, que aos quarenta anos, no m\u00eas d\u00e9cimo primeiro, ao primeiro dia do m\u00eas, Mois\u00e9s falou aos filhos de Israel conforme todas as coisas que o SENHOR lhe havia mandado acerca deles; <br><span><sup><b>4<\/b><\/sup><\/span> Depois que feriu a Seom rei dos amorreus, que habitava em Hesbom, e a Ogue rei de Bas\u00e3, que habitava em Astarote em Edrei: <br><span><sup><b>5<\/b><\/sup><\/span> Desta parte do Jord\u00e3o, em terra de Moabe, resolveu Mois\u00e9s declarar esta lei, dizendo: <br><span><sup><b>6<\/b><\/sup><\/span> O SENHOR nosso Deus nos falou em Horebe, dizendo: Demais haveis estado neste monte; <br><span><sup><b>7<\/b><\/sup><\/span> Voltai-vos, parti-vos e ide ao monte dos amorreus, e a todos seus vizinhos, na plan\u00edcie, no monte, e nos vales, e ao sul, e \u00e0 costa do mar, \u00e0 terra dos cananeus, e o L\u00edbano, at\u00e9 o grande rio, o rio Eufrates. <br><span><sup><b>8<\/b><\/sup><\/span> Olhai, eu dei a terra em vossa presen\u00e7a; entrai e possu\u00ed a terra que o SENHOR jurou a vossos pais Abra\u00e3o, Isaque, e Jac\u00f3, que lhes daria a eles e \u00e0 sua descend\u00eancia depois deles. <br><span><sup><b>9<\/b><\/sup><\/span> E eu vos falei ent\u00e3o, dizendo: Eu n\u00e3o posso vos levar s\u00f3: <br><span><sup><b>10<\/b><\/sup><\/span> O SENHOR vosso Deus vos multiplicou, e eis que sois hoje v\u00f3s como as estrelas do c\u00e9u em abund\u00e2ncia. <br><span><sup><b>11<\/b><\/sup><\/span> O SENHOR Deus de vossos pais acrescente sobre v\u00f3s como sois mil vezes, e vos aben\u00e7oe, como vos prometeu! <br><span><sup><b>12<\/b><\/sup><\/span> Como levarei eu s\u00f3 vossos problemas, vossas cargas, e vossos pleitos? <br><span><sup><b>13<\/b><\/sup><\/span> Dai-me dentre v\u00f3s, de vossas tribos, homens s\u00e1bios e entendidos e experientes, para que eu os ponha por vossos chefes. <br><span><sup><b>14<\/b><\/sup><\/span> E me respondestes, e dissestes: Bom \u00e9 fazer o que disseste. <br><span><sup><b>15<\/b><\/sup><\/span> E tomei os principais de vossas tribos, homens s\u00e1bios e experientes, e os pus por chefes sobre v\u00f3s, chefes de milhares, e chefes de centenas, e chefes de cinquenta, e l\u00edderes de dez, e governadores a vossas tribos. <br><span><sup><b>16<\/b><\/sup><\/span> E ent\u00e3o mandei a vossos ju\u00edzes, dizendo: Ouvi entre vossos irm\u00e3os, e julgai justamente entre o homem e seu irm\u00e3o, e o que lhe \u00e9 estrangeiro. <br><span><sup><b>17<\/b><\/sup><\/span> N\u00e3o tenhais acep\u00e7\u00e3o de pessoas no ju\u00edzo: tanto ao pequeno como ao grande ouvireis: n\u00e3o tereis temor de ningu\u00e9m, porque o ju\u00edzo \u00e9 de Deus: e a causa que vos for dif\u00edcil, a trareis a mim, e eu a ouvirei. <br><span><sup><b>18<\/b><\/sup><\/span> Eu vos mandei, pois, naquele tempo tudo o que hav\u00edeis de fazer. <br><span><sup><b>19<\/b><\/sup><\/span> E partidos de Horebe, andamos todo aquele grande e terr\u00edvel deserto que vistes, pelo caminho do monte dos amorreus, como o SENHOR nosso Deus nos mandou; e chegamos at\u00e9 Cades-Barneia. <br><span><sup><b>20<\/b><\/sup><\/span> Ent\u00e3o vos disse: Chegastes ao monte dos amorreus, o qual o SENHOR nosso Deus nos d\u00e1. <br><span><sup><b>21<\/b><\/sup><\/span> Olha, o SENHOR teu Deus deu diante de ti a terra: sobe e possui-a, como o SENHOR o Deus de teus pais te disse; n\u00e3o temas nem desmaies. <br><span><sup><b>22<\/b><\/sup><\/span> E aproximastes a mim todos v\u00f3s, e dissestes: Enviemos homens diante de n\u00f3s, que nos reconhe\u00e7am a terra e nos tragam de volta relato do caminho por onde temos de subir, e das cidades aonde temos de chegar. <br><span><sup><b>23<\/b><\/sup><\/span> E o dito me apareceu bem: e tomei doze homens de v\u00f3s, um homem por tribo: <br><span><sup><b>24<\/b><\/sup><\/span> E se encaminharam, e subiram ao monte, e chegaram at\u00e9 o vale de Escol, e reconheceram a terra. <br><span><sup><b>25<\/b><\/sup><\/span> E tomaram em suas m\u00e3os do fruto do pa\u00eds, e o trouxeram a n\u00f3s, e nos contaram, e disseram: \u00c9 boa a terra que o SENHOR nosso Deus nos d\u00e1. <br><span><sup><b>26<\/b><\/sup><\/span> Por\u00e9m n\u00e3o quisestes subir, antes fostes rebeldes ao dito do SENHOR vosso Deus; <br><span><sup><b>27<\/b><\/sup><\/span> E murmurastes em vossas tendas, dizendo: Porque o SENHOR nos aborrecia, nos tirou da terra do Egito, para entregar-nos em m\u00e3o dos amorreus para nos destruir. <br><span><sup><b>28<\/b><\/sup><\/span> Para onde subimos? Nossos irm\u00e3os fizeram desfalecer nosso cora\u00e7\u00e3o, dizendo: Este povo \u00e9 maior e mais alto que n\u00f3s, as cidades grandes e muradas at\u00e9 o c\u00e9u; e tamb\u00e9m vimos ali filhos de gigantes. <br><span><sup><b>29<\/b><\/sup><\/span> Ent\u00e3o vos disse: N\u00e3o temais, nem tenhais medo deles. <br><span><sup><b>30<\/b><\/sup><\/span> O SENHOR vosso Deus, o qual vai diante de v\u00f3s, ele lutar\u00e1 por v\u00f3s, conforme todas as coisas que fez por v\u00f3s no Egito diante vossos olhos; <br><span><sup><b>31<\/b><\/sup><\/span> E no deserto viste que o SENHOR teu Deus te trouxe, como traz o homem a seu filho, por todo o caminho que andastes, at\u00e9 que viestes a este lugar. <br><span><sup><b>32<\/b><\/sup><\/span> E ainda com isto n\u00e3o crestes no SENHOR vosso Deus, <br><span><sup><b>33<\/b><\/sup><\/span> O qual ia diante de v\u00f3s pelo caminho, para reconhecer-vos o lugar onde hav\u00edeis de assentar o acampamento, com fogo de noite para vos mostrar o caminho por onde and\u00e1sseis, e com nuvem de dia. <br><span><sup><b>34<\/b><\/sup><\/span> E ouviu o SENHOR a voz de vossas palavras, e irou-se, e jurou dizendo: <br><span><sup><b>35<\/b><\/sup><\/span> N\u00e3o ver\u00e1 homem algum destes desta m\u00e1 gera\u00e7\u00e3o, a boa terra que jurei havia de dar a vossos pais, <br><span><sup><b>36<\/b><\/sup><\/span> Exceto Calebe filho de Jefon\u00e9: ele a ver\u00e1, e a ele lhe darei a terra que pisou, e a seus filhos; porque cumpriu em seguir ao SENHOR. <br><span><sup><b>37<\/b><\/sup><\/span> E tamb\u00e9m contra mim se irou o SENHOR por v\u00f3s, dizendo: Tampouco tu entrar\u00e1s ali: <br><span><sup><b>38<\/b><\/sup><\/span> Josu\u00e9 filho de Num, que est\u00e1 diante de ti, ele entrar\u00e1 ali: anima-o; porque ele a far\u00e1 herdar a Israel. <br><span><sup><b>39<\/b><\/sup><\/span> E vossas crian\u00e7as, das quais dissestes ser\u00e3o por presa, e vossos filhos que n\u00e3o sabem hoje bem nem mal, eles entrar\u00e3o ali, e a eles a darei, e eles a herdar\u00e3o. <br><span><sup><b>40<\/b><\/sup><\/span> E v\u00f3s voltai-vos, e parti-vos ao deserto caminho do mar Vermelho. <br><span><sup><b>41<\/b><\/sup><\/span> Ent\u00e3o respondestes e me dissestes: Pecado temos contra o SENHOR; n\u00f3s subiremos e lutaremos, conforme tudo o que o SENHOR nosso Deus nos mandou. E vos armastes cada um de suas armas de guerra, e vos preparastes para subir ao monte. <br><span><sup><b>42<\/b><\/sup><\/span> E o SENHOR me disse: Dize-lhes: N\u00e3o subais, nem luteis, pois n\u00e3o estou entre v\u00f3s; para que n\u00e3o sejais feridos diante de vossos inimigos. <br><span><sup><b>43<\/b><\/sup><\/span> E vos falei, e n\u00e3o destes ouvido; antes fostes rebeldes ao dito do SENHOR, e persistindo com altivez, subistes ao monte. <br><span><sup><b>44<\/b><\/sup><\/span> E sa\u00edram os amorreus, que habitavam naquele monte, a vosso encontro, e vos perseguiram, como fazem as vespas, e vos derrotaram em Seir, perseguindo-vos at\u00e9 Horm\u00e1. <br><span><sup><b>45<\/b><\/sup><\/span> E voltastes, e chorastes diante do SENHOR; mas o SENHOR n\u00e3o escutou vossa voz, nem vos prestou ouvido. <br><span><sup><b>46<\/b><\/sup><\/span> E estivestes em Cades por muitos dias, como nos dias que estivestes.<\/span><\/p>\n\n\n\n<div class=\"wp-block-columns is-layout-flex wp-container-core-columns-is-layout-9d6595d7 wp-block-columns-is-layout-flex\">\n<div class=\"wp-block-column is-layout-flow wp-block-column-is-layout-flow\">\n<p><a href=\"\/numeros-36\" title=\"\">N\u00fameros 36<\/a><\/p>\n<\/div>\n\n\n\n<div class=\"wp-block-column is-layout-flow wp-block-column-is-layout-flow\">\n<p class=\"has-text-align-right\"><a href=\"\/deuteronomio-3\" title=\"\"><\/a><a href=\"https:\/\/bibliapresente.com\/postagens\/livros-da-biblia\/deuteronomio\/deuteronomio-2\/\" title=\"Deuteron\u00f4mio 2 \u2013 Vit\u00f3rias em Seom e Ogue\">Deuteron\u00f4mio 2<\/a><\/p>\n<\/div>\n<\/div>\n\n\n\n<h2 class=\"wp-block-heading\">Descri\u00e7\u00e3o &#8211; Deuteron\u00f4mio 1<\/h2>\n\n\n\n<p class=\"has-medium-font-size\">Deuteron\u00f4mio 1 inicia os discursos de Mois\u00e9s, recordando a jornada de Israel desde o Egito at\u00e9 \u00e0s portas da Terra Prometida. Mois\u00e9s relembra a ordem de Deus para deixar Horebe e avan\u00e7ar em dire\u00e7\u00e3o a Cana\u00e3, destacando a escolha de l\u00edderes para ajudar na administra\u00e7\u00e3o do povo. O cap\u00edtulo tamb\u00e9m menciona o envio de espias e a subsequente rebeli\u00e3o dos israelitas, que temeram os habitantes de Cana\u00e3, resultando em 40 anos de peregrina\u00e7\u00e3o no deserto. Este cap\u00edtulo estabelece o tom para o livro de Deuteron\u00f4mio, enfatizando a import\u00e2ncia da obedi\u00eancia, lideran\u00e7a e confian\u00e7a nas promessas de Deus para Israel.<\/p>\n\n\n\n<h3 class=\"wp-block-heading\">Livro do Deuteron\u00f4mio:<\/h3>\n\n\n<ul class=\"wp-block-page-list\"><li class=\"wp-block-pages-list__item\"><a class=\"wp-block-pages-list__item__link\" href=\"https:\/\/bibliapresente.com\/postagens\/livros-da-biblia\/deuteronomio\/deuteronomio-1\/\">Deuteron\u00f4mio 1 &#8211; A Jornada no Deserto<\/a><\/li><li class=\"wp-block-pages-list__item\"><a class=\"wp-block-pages-list__item__link\" href=\"https:\/\/bibliapresente.com\/postagens\/livros-da-biblia\/deuteronomio\/deuteronomio-2\/\">Deuteron\u00f4mio 2 &#8211; Vit\u00f3rias em Seom e Ogue<\/a><\/li><li class=\"wp-block-pages-list__item\"><a class=\"wp-block-pages-list__item__link\" href=\"https:\/\/bibliapresente.com\/postagens\/livros-da-biblia\/deuteronomio\/deuteronomio-3\/\">Deuteron\u00f4mio 3 &#8211; Revis\u00e3o das Conquistas<\/a><\/li><li class=\"wp-block-pages-list__item\"><a class=\"wp-block-pages-list__item__link\" href=\"https:\/\/bibliapresente.com\/postagens\/livros-da-biblia\/deuteronomio\/deuteronomio-4\/\">Deuteron\u00f4mio 4 &#8211; Advert\u00eancias<\/a><\/li><li class=\"wp-block-pages-list__item\"><a class=\"wp-block-pages-list__item__link\" href=\"https:\/\/bibliapresente.com\/postagens\/livros-da-biblia\/deuteronomio\/deuteronomio-5\/\">Deuteron\u00f4mio 5 &#8211; Os Dez Mandamentos<\/a><\/li><li class=\"wp-block-pages-list__item\"><a class=\"wp-block-pages-list__item__link\" href=\"https:\/\/bibliapresente.com\/postagens\/livros-da-biblia\/deuteronomio\/deuteronomio-6\/\">Deuteron\u00f4mio 6 &#8211; Mandamento: Amar a Deus<\/a><\/li><li class=\"wp-block-pages-list__item\"><a class=\"wp-block-pages-list__item__link\" href=\"https:\/\/bibliapresente.com\/postagens\/livros-da-biblia\/deuteronomio\/deuteronomio-7\/\">Deuteron\u00f4mio 7 &#8211; Israel, o Povo Escolhido<\/a><\/li><li class=\"wp-block-pages-list__item\"><a class=\"wp-block-pages-list__item__link\" href=\"https:\/\/bibliapresente.com\/postagens\/livros-da-biblia\/deuteronomio\/deuteronomio-8\/\">Deuteron\u00f4mio 8 &#8211; Guardar os Mandamentos<\/a><\/li><li class=\"wp-block-pages-list__item\"><a class=\"wp-block-pages-list__item__link\" href=\"https:\/\/bibliapresente.com\/postagens\/livros-da-biblia\/deuteronomio\/deuteronomio-9\/\">Deuteron\u00f4mio 9 &#8211; Rebeli\u00f5es de Israel<\/a><\/li><li class=\"wp-block-pages-list__item\"><a class=\"wp-block-pages-list__item__link\" href=\"https:\/\/bibliapresente.com\/postagens\/livros-da-biblia\/deuteronomio\/deuteronomio-10\/\">Deuteron\u00f4mio 10 &#8211; A Arca da Alian\u00e7a<\/a><\/li><li class=\"wp-block-pages-list__item\"><a class=\"wp-block-pages-list__item__link\" href=\"https:\/\/bibliapresente.com\/postagens\/livros-da-biblia\/deuteronomio\/deuteronomio-11\/\">Deuteron\u00f4mio 11 &#8211; B\u00ean\u00e7\u00e3os da Obedi\u00eancia<\/a><\/li><li class=\"wp-block-pages-list__item\"><a class=\"wp-block-pages-list__item__link\" href=\"https:\/\/bibliapresente.com\/postagens\/livros-da-biblia\/deuteronomio\/deuteronomio-12\/\">Deuteron\u00f4mio 12 &#8211; O Lugar de Adora\u00e7\u00e3o<\/a><\/li><li class=\"wp-block-pages-list__item\"><a class=\"wp-block-pages-list__item__link\" href=\"https:\/\/bibliapresente.com\/postagens\/livros-da-biblia\/deuteronomio\/deuteronomio-13\/\">Deuteron\u00f4mio 13 &#8211; Contra Falsos Profetas<\/a><\/li><li class=\"wp-block-pages-list__item\"><a class=\"wp-block-pages-list__item__link\" href=\"https:\/\/bibliapresente.com\/postagens\/livros-da-biblia\/deuteronomio\/deuteronomio-14\/\">Deuteron\u00f4mio 14 &#8211; Alimentos e D\u00edzimo<\/a><\/li><li class=\"wp-block-pages-list__item\"><a class=\"wp-block-pages-list__item__link\" href=\"https:\/\/bibliapresente.com\/postagens\/livros-da-biblia\/deuteronomio\/deuteronomio-15\/\">Deuteron\u00f4mio 15 &#8211; O Ano da Remiss\u00e3o<\/a><\/li><li class=\"wp-block-pages-list__item\"><a class=\"wp-block-pages-list__item__link\" href=\"https:\/\/bibliapresente.com\/postagens\/livros-da-biblia\/deuteronomio\/deuteronomio-16\/\">Deuteron\u00f4mio 16 &#8211; As Festas Anuais<\/a><\/li><li class=\"wp-block-pages-list__item\"><a class=\"wp-block-pages-list__item__link\" href=\"https:\/\/bibliapresente.com\/postagens\/livros-da-biblia\/deuteronomio\/deuteronomio-17\/\">Deuteron\u00f4mio 17 &#8211; Reis e Sacerdotes<\/a><\/li><li class=\"wp-block-pages-list__item\"><a class=\"wp-block-pages-list__item__link\" href=\"https:\/\/bibliapresente.com\/postagens\/livros-da-biblia\/deuteronomio\/deuteronomio-18\/\">Deuteron\u00f4mio 18 &#8211; Direitos dos Sacerdotes<\/a><\/li><li class=\"wp-block-pages-list__item\"><a class=\"wp-block-pages-list__item__link\" href=\"https:\/\/bibliapresente.com\/postagens\/livros-da-biblia\/deuteronomio\/deuteronomio-19\/\">Deuteron\u00f4mio 19 &#8211; Ref\u00fagio e Testemunhas<\/a><\/li><li class=\"wp-block-pages-list__item\"><a class=\"wp-block-pages-list__item__link\" href=\"https:\/\/bibliapresente.com\/postagens\/livros-da-biblia\/deuteronomio\/deuteronomio-20\/\">Deuteron\u00f4mio 20 &#8211; Leis para a Guerra<\/a><\/li><li class=\"wp-block-pages-list__item\"><a class=\"wp-block-pages-list__item__link\" href=\"https:\/\/bibliapresente.com\/postagens\/livros-da-biblia\/deuteronomio\/deuteronomio-21\/\">Deuteron\u00f4mio 21 &#8211; Leis para a Justi\u00e7a<\/a><\/li><li class=\"wp-block-pages-list__item\"><a class=\"wp-block-pages-list__item__link\" href=\"https:\/\/bibliapresente.com\/postagens\/livros-da-biblia\/deuteronomio\/deuteronomio-22\/\">Deuteron\u00f4mio 22 &#8211; Regras para Conduta<\/a><\/li><li class=\"wp-block-pages-list__item\"><a class=\"wp-block-pages-list__item__link\" href=\"https:\/\/bibliapresente.com\/postagens\/livros-da-biblia\/deuteronomio\/deuteronomio-23\/\">Deuteron\u00f4mio 23 &#8211; Leis da Congrega\u00e7\u00e3o<\/a><\/li><li class=\"wp-block-pages-list__item\"><a class=\"wp-block-pages-list__item__link\" href=\"https:\/\/bibliapresente.com\/postagens\/livros-da-biblia\/deuteronomio\/deuteronomio-24\/\">Deuteron\u00f4mio 24 &#8211; Fam\u00edlia e Justi\u00e7a Social<\/a><\/li><li class=\"wp-block-pages-list__item\"><a class=\"wp-block-pages-list__item__link\" href=\"https:\/\/bibliapresente.com\/postagens\/livros-da-biblia\/deuteronomio\/deuteronomio-25\/\">Deuteron\u00f4mio 25 &#8211; Leis sobre Retalia\u00e7\u00e3o<\/a><\/li><li class=\"wp-block-pages-list__item\"><a class=\"wp-block-pages-list__item__link\" href=\"https:\/\/bibliapresente.com\/postagens\/livros-da-biblia\/deuteronomio\/deuteronomio-26\/\">Deuteron\u00f4mio 26 &#8211; A Fidelidade a Deus<\/a><\/li><li class=\"wp-block-pages-list__item\"><a class=\"wp-block-pages-list__item__link\" href=\"https:\/\/bibliapresente.com\/postagens\/livros-da-biblia\/deuteronomio\/deuteronomio-27\/\">Deuteron\u00f4mio 27 &#8211; Maldi\u00e7\u00f5es no Monte Ebal<\/a><\/li><li class=\"wp-block-pages-list__item\"><a class=\"wp-block-pages-list__item__link\" href=\"https:\/\/bibliapresente.com\/postagens\/livros-da-biblia\/deuteronomio\/deuteronomio-28\/\">Deuteron\u00f4mio 28 &#8211; Sobre a Alian\u00e7a<\/a><\/li><li class=\"wp-block-pages-list__item\"><a class=\"wp-block-pages-list__item__link\" href=\"https:\/\/bibliapresente.com\/postagens\/livros-da-biblia\/deuteronomio\/deuteronomio-29\/\">Deuteron\u00f4mio 29 &#8211; Renova\u00e7\u00e3o da Alian\u00e7a<\/a><\/li><li class=\"wp-block-pages-list__item\"><a class=\"wp-block-pages-list__item__link\" href=\"https:\/\/bibliapresente.com\/postagens\/livros-da-biblia\/deuteronomio\/deuteronomio-30\/\">Deuteron\u00f4mio 30 &#8211; Promessa de Restaura\u00e7\u00e3o<\/a><\/li><li class=\"wp-block-pages-list__item\"><a class=\"wp-block-pages-list__item__link\" href=\"https:\/\/bibliapresente.com\/postagens\/livros-da-biblia\/deuteronomio\/deuteronomio-31\/\">Deuteron\u00f4mio 31 &#8211; Mois\u00e9s Prepara Josu\u00e9<\/a><\/li><li class=\"wp-block-pages-list__item\"><a class=\"wp-block-pages-list__item__link\" href=\"https:\/\/bibliapresente.com\/postagens\/livros-da-biblia\/deuteronomio\/deuteronomio-32\/\">Deuteron\u00f4mio 32 &#8211; O C\u00e2ntico de Mois\u00e9s<\/a><\/li><li class=\"wp-block-pages-list__item\"><a class=\"wp-block-pages-list__item__link\" href=\"https:\/\/bibliapresente.com\/postagens\/livros-da-biblia\/deuteronomio\/deuteronomio-33\/\">Deuteron\u00f4mio 33 &#8211; B\u00ean\u00e7\u00e3os de Mois\u00e9s<\/a><\/li><li class=\"wp-block-pages-list__item\"><a class=\"wp-block-pages-list__item__link\" href=\"https:\/\/bibliapresente.com\/postagens\/livros-da-biblia\/deuteronomio\/deuteronomio-34\/\">Deuteron\u00f4mio 34 &#8211; A Morte de Mois\u00e9s<\/a><\/li><\/ul>\n\n\n<p><\/p>\n","protected":false},"excerpt":{"rendered":"<p>1 Estas s\u00e3o as palavras que falou Mois\u00e9s a todo Israel desta parte do Jord\u00e3o no deserto, na plan\u00edcie diante do mar Vermelho, entre Par\u00e3, e Tofel, e Lab\u00e3, e Hazerote, e Di-Zaabe. 2 Onze jornadas h\u00e1 desde Horebe, caminho do monte de Seir, at\u00e9 Cades-Barneia. 3 E foi, que aos quarenta anos, no m\u00eas &hellip; <\/p>\n","protected":false},"author":2,"featured_media":848,"parent":847,"menu_order":1,"comment_status":"closed","ping_status":"closed","template":"","meta":{"om_disable_all_campaigns":false,"_monsterinsights_skip_tracking":false,"_monsterinsights_sitenote_active":false,"_monsterinsights_sitenote_note":"","_monsterinsights_sitenote_category":0,"footnotes":""},"class_list":["post-850","page","type-page","status-publish","has-post-thumbnail","hentry"],"aioseo_notices":[],"_links":{"self":[{"href":"https:\/\/bibliapresente.com\/postagens\/wp-json\/wp\/v2\/pages\/850","targetHints":{"allow":["GET"]}}],"collection":[{"href":"https:\/\/bibliapresente.com\/postagens\/wp-json\/wp\/v2\/pages"}],"about":[{"href":"https:\/\/bibliapresente.com\/postagens\/wp-json\/wp\/v2\/types\/page"}],"author":[{"embeddable":true,"href":"https:\/\/bibliapresente.com\/postagens\/wp-json\/wp\/v2\/users\/2"}],"replies":[{"embeddable":true,"href":"https:\/\/bibliapresente.com\/postagens\/wp-json\/wp\/v2\/comments?post=850"}],"version-history":[{"count":4,"href":"https:\/\/bibliapresente.com\/postagens\/wp-json\/wp\/v2\/pages\/850\/revisions"}],"predecessor-version":[{"id":1554,"href":"https:\/\/bibliapresente.com\/postagens\/wp-json\/wp\/v2\/pages\/850\/revisions\/1554"}],"up":[{"embeddable":true,"href":"https:\/\/bibliapresente.com\/postagens\/wp-json\/wp\/v2\/pages\/847"}],"wp:featuredmedia":[{"embeddable":true,"href":"https:\/\/bibliapresente.com\/postagens\/wp-json\/wp\/v2\/media\/848"}],"wp:attachment":[{"href":"https:\/\/bibliapresente.com\/postagens\/wp-json\/wp\/v2\/media?parent=850"}],"curies":[{"name":"wp","href":"https:\/\/api.w.org\/{rel}","templated":true}]}}