{"id":845,"date":"2025-02-04T20:23:00","date_gmt":"2025-02-04T23:23:00","guid":{"rendered":"https:\/\/bibliapresente.com\/postagens\/?page_id=845"},"modified":"2025-02-04T20:23:01","modified_gmt":"2025-02-04T23:23:01","slug":"numeros-36","status":"publish","type":"page","link":"https:\/\/bibliapresente.com\/postagens\/livros-da-biblia\/numeros\/numeros-36\/","title":{"rendered":"N\u00fameros 36 &#8211; A Heran\u00e7a de Zelofeade"},"content":{"rendered":"\n<p class=\"has-medium-font-size\" style=\"letter-spacing:1px\"><span><span><sup><b>1<\/b><\/sup><\/span> E chegaram os pr\u00edncipes dos pais da fam\u00edlia de Gileade, filho de Maquir, filho de Manass\u00e9s, das fam\u00edlias dos filhos de Jos\u00e9; e falaram diante de Mois\u00e9s, e dos pr\u00edncipes, cabe\u00e7as de pais dos filhos de Israel, <br><span><sup><b>2<\/b><\/sup><\/span> E disseram: o SENHOR mandou a meu senhor que por sorte desse a terra aos filhos de Israel em possess\u00e3o: tamb\u00e9m mandou o SENHOR a meu senhor, que d\u00ea a possess\u00e3o de Zelofeade nosso irm\u00e3o a suas filhas; <br><span><sup><b>3<\/b><\/sup><\/span> As quais, se se casarem com alguns dos filhos das outras tribos dos filhos de Israel, a heran\u00e7a delas ser\u00e1 assim tirada da heran\u00e7a de nossos pais, e ser\u00e1 acrescentada \u00e0 heran\u00e7a da tribo a que ser\u00e3o unidas: e ser\u00e1 removida da por\u00e7\u00e3o de nossa heran\u00e7a. <br><span><sup><b>4<\/b><\/sup><\/span> E quando vier o jubileu dos filhos de Israel, a heran\u00e7a delas ser\u00e1 acrescentada \u00e0 heran\u00e7a da tribo de seus maridos; e assim a heran\u00e7a delas ser\u00e1 removida da heran\u00e7a da tribo de nossos pais. <br><span><sup><b>5<\/b><\/sup><\/span> Ent\u00e3o Mois\u00e9s mandou aos filhos de Israel por dito do SENHOR, dizendo: A tribo dos filhos de Jos\u00e9 fala corretamente. <br><span><sup><b>6<\/b><\/sup><\/span> Isto \u00e9 o que mandou o SENHOR acerca das filhas de Zelofeade, dizendo: Casem-se como a elas lhes satisfizer, por\u00e9m na fam\u00edlia da tribo de seu pai se casar\u00e3o; <br><span><sup><b>7<\/b><\/sup><\/span> Para que a heran\u00e7a dos filhos de Israel n\u00e3o seja passada de tribo em tribo; porque cada um dos filhos de Israel se achegar\u00e1 \u00e0 heran\u00e7a da tribo de seus pais. <br><span><sup><b>8<\/b><\/sup><\/span> E qualquer filha que possuir heran\u00e7a das tribos dos filhos de Israel, com algum da fam\u00edlia da tribo de seu pai se casar\u00e1, para que os filhos de Israel possuam cada um a heran\u00e7a de seus pais. <br><span><sup><b>9<\/b><\/sup><\/span> E n\u00e3o ande a heran\u00e7a rodando de uma tribo a outra: mas cada uma das tribos dos filhos de Israel se chegue \u00e0 sua heran\u00e7a. <br><span><sup><b>10<\/b><\/sup><\/span> Como o SENHOR mandou a Mois\u00e9s, assim fizeram as filhas de Zelofeade. <br><span><sup><b>11<\/b><\/sup><\/span> E assim Maal\u00e1, e Tirsa, e Hogla, e Milca, e Noa, filhas de Zelofeade, se casaram com filhos de seus tios: <br><span><sup><b>12<\/b><\/sup><\/span> Da fam\u00edlia dos filhos de Manass\u00e9s, filho de Jos\u00e9, foram mulheres; e a heran\u00e7a delas ficou na tribo da fam\u00edlia de seu pai. <br><span><sup><b>13<\/b><\/sup><\/span> Estes s\u00e3o os mandamentos e os estatutos que mandou o SENHOR por meio de Mois\u00e9s aos filhos de Israel nos campos de Moabe, junto ao Jord\u00e3o de Jeric\u00f3.<\/span><\/p>\n\n\n\n<div class=\"wp-block-columns is-layout-flex wp-container-core-columns-is-layout-9d6595d7 wp-block-columns-is-layout-flex\">\n<div class=\"wp-block-column is-layout-flow wp-block-column-is-layout-flow\">\n<p><a href=\"\/numeros-35\" title=\"\">N\u00fameros 35<\/a><\/p>\n<\/div>\n\n\n\n<div class=\"wp-block-column is-layout-flow wp-block-column-is-layout-flow\">\n<p class=\"has-text-align-right\"><a href=\"\/deuteronomio-1\" title=\"\">Deuteron\u00f4mio 1<\/a><\/p>\n<\/div>\n<\/div>\n\n\n\n<h2 class=\"wp-block-heading\">Descri\u00e7\u00e3o &#8211; N\u00fameros 36<\/h2>\n\n\n\n<p class=\"has-medium-font-size\">Em N\u00fameros 36, s\u00e3o abordadas quest\u00f5es relacionadas \u00e0 heran\u00e7a entre as tribos de Israel, com foco nas filhas de Zelofeade. Elas haviam recebido uma heran\u00e7a devido \u00e0 falta de filhos masculinos, mas havia uma preocupa\u00e7\u00e3o com a transmiss\u00e3o dessa heran\u00e7a dentro da tribo. Deus ordena que, para preservar a integridade das heran\u00e7as tribais, as mulheres devem se casar dentro da sua pr\u00f3pria tribo. Este cap\u00edtulo refor\u00e7a a import\u00e2ncia da ordem e da justi\u00e7a no sistema de heran\u00e7as de Israel, encerrando as leis e regulamentos dados por Deus a Mois\u00e9s, antes da entrada do povo na Terra Prometida.<\/p>\n\n\n\n<h3 class=\"wp-block-heading\">Livro dos N\u00fameros:<\/h3>\n\n\n\n\n\n<p><\/p>\n","protected":false},"excerpt":{"rendered":"<p>1 E chegaram os pr\u00edncipes dos pais da fam\u00edlia de Gileade, filho de Maquir, filho de Manass\u00e9s, das fam\u00edlias dos filhos de Jos\u00e9; e falaram diante de Mois\u00e9s, e dos pr\u00edncipes, cabe\u00e7as de pais dos filhos de Israel, 2 E disseram: o SENHOR mandou a meu senhor que por sorte desse a terra aos filhos &hellip; <\/p>\n","protected":false},"author":2,"featured_media":772,"parent":771,"menu_order":36,"comment_status":"closed","ping_status":"closed","template":"","meta":{"om_disable_all_campaigns":false,"_monsterinsights_skip_tracking":false,"_monsterinsights_sitenote_active":false,"_monsterinsights_sitenote_note":"","_monsterinsights_sitenote_category":0,"footnotes":""},"class_list":["post-845","page","type-page","status-publish","has-post-thumbnail","hentry"],"aioseo_notices":[],"_links":{"self":[{"href":"https:\/\/bibliapresente.com\/postagens\/wp-json\/wp\/v2\/pages\/845","targetHints":{"allow":["GET"]}}],"collection":[{"href":"https:\/\/bibliapresente.com\/postagens\/wp-json\/wp\/v2\/pages"}],"about":[{"href":"https:\/\/bibliapresente.com\/postagens\/wp-json\/wp\/v2\/types\/page"}],"author":[{"embeddable":true,"href":"https:\/\/bibliapresente.com\/postagens\/wp-json\/wp\/v2\/users\/2"}],"replies":[{"embeddable":true,"href":"https:\/\/bibliapresente.com\/postagens\/wp-json\/wp\/v2\/comments?post=845"}],"version-history":[{"count":5,"href":"https:\/\/bibliapresente.com\/postagens\/wp-json\/wp\/v2\/pages\/845\/revisions"}],"predecessor-version":[{"id":1471,"href":"https:\/\/bibliapresente.com\/postagens\/wp-json\/wp\/v2\/pages\/845\/revisions\/1471"}],"up":[{"embeddable":true,"href":"https:\/\/bibliapresente.com\/postagens\/wp-json\/wp\/v2\/pages\/771"}],"wp:featuredmedia":[{"embeddable":true,"href":"https:\/\/bibliapresente.com\/postagens\/wp-json\/wp\/v2\/media\/772"}],"wp:attachment":[{"href":"https:\/\/bibliapresente.com\/postagens\/wp-json\/wp\/v2\/media?parent=845"}],"curies":[{"name":"wp","href":"https:\/\/api.w.org\/{rel}","templated":true}]}}