{"id":843,"date":"2025-02-04T20:22:02","date_gmt":"2025-02-04T23:22:02","guid":{"rendered":"https:\/\/bibliapresente.com\/postagens\/?page_id=843"},"modified":"2025-02-04T20:22:02","modified_gmt":"2025-02-04T23:22:02","slug":"numeros-35","status":"publish","type":"page","link":"https:\/\/bibliapresente.com\/postagens\/livros-da-biblia\/numeros\/numeros-35\/","title":{"rendered":"N\u00fameros 35 &#8211; Cidades dos Levitas e Asilos"},"content":{"rendered":"\n<p class=\"has-medium-font-size\" style=\"letter-spacing:1px\"><span><span><sup><b>1<\/b><\/sup><\/span> E falou o SENHOR a Mois\u00e9s nos campos de Moabe, junto ao Jord\u00e3o de Jeric\u00f3, dizendo: <br><span><sup><b>2<\/b><\/sup><\/span> Manda aos filhos de Israel, que deem aos levitas da possess\u00e3o de sua heran\u00e7a cidades em que habitem: Tamb\u00e9m dareis aos levitas campos de essas cidades ao redor delas. <br><span><sup><b>3<\/b><\/sup><\/span> E ter\u00e3o eles as cidades para habitar, e os campos delas ser\u00e3o para seus animais, e para seus gados, e para todos seus animais. <br><span><sup><b>4<\/b><\/sup><\/span> E os campos das cidades que dareis aos levitas, ser\u00e3o mil c\u00f4vados ao redor, desde o muro da cidade para fora. <br><span><sup><b>5<\/b><\/sup><\/span> Logo medireis fora da cidade \u00e0 parte do oriente dois mil c\u00f4vados, e \u00e0 parte do sul dois mil c\u00f4vados, e \u00e0 parte do ocidente dois mil c\u00f4vados, e \u00e0 parte do norte dois mil c\u00f4vados, e a cidade em meio: isto ter\u00e3o pelos campos das cidades. <br><span><sup><b>6<\/b><\/sup><\/span> E das cidades que dareis aos levitas, seis cidades ser\u00e3o de ref\u00fagio, as quais dareis para que o homicida se acolha ali: e tamb\u00e9m destas dareis quarenta e duas cidades. <br><span><sup><b>7<\/b><\/sup><\/span> Todas as cidades que dareis aos levitas ser\u00e3o quarenta e oito cidades; elas com seus campos. <br><span><sup><b>8<\/b><\/sup><\/span> E as cidades que deres da heran\u00e7a dos filhos de Israel, do que muito tomareis muito, e do que pouco tomareis pouco: cada um dar\u00e1 de suas cidades aos levitas segundo a possess\u00e3o que herdar\u00e1. <br><span><sup><b>9<\/b><\/sup><\/span> E falou o SENHOR a Mois\u00e9s, dizendo: <br><span><sup><b>10<\/b><\/sup><\/span> Fala aos filhos de Israel, e dize-lhes: Quando houverdes passado o Jord\u00e3o \u00e0 terra de Cana\u00e3, <br><span><sup><b>11<\/b><\/sup><\/span> Assinalareis para v\u00f3s cidades, tereis cidades de ref\u00fagio, para onde fuja o homicida que ferir a algum de morte por acidente. <br><span><sup><b>12<\/b><\/sup><\/span> E vos ser\u00e3o aquelas cidades por ref\u00fagio do parente, e n\u00e3o morrer\u00e1 o homicida at\u00e9 que esteja a ju\u00edzo diante da congrega\u00e7\u00e3o. <br><span><sup><b>13<\/b><\/sup><\/span> Das cidades, pois, que dareis, tereis seis cidades de ref\u00fagio. <br><span><sup><b>14<\/b><\/sup><\/span> Tr\u00eas cidades dareis desta parte do Jord\u00e3o, e tr\u00eas cidades dareis na terra de Cana\u00e3; as quais ser\u00e3o cidades de ref\u00fagio. <br><span><sup><b>15<\/b><\/sup><\/span> Estas seis cidades ser\u00e3o para ref\u00fagio aos filhos de Israel, e ao peregrino, e ao que morar entre eles, para que fuja ali qualquer um que ferir de morte a outro por acidente. <br><span><sup><b>16<\/b><\/sup><\/span> E se com instrumento de ferro o ferir e morrer, homicida \u00e9; o homicida morrer\u00e1: <br><span><sup><b>17<\/b><\/sup><\/span> E se com pedra da m\u00e3o, de que podia morrer, o ferir, e morrer, homicida \u00e9; o homicida morrer\u00e1. <br><span><sup><b>18<\/b><\/sup><\/span> E se com instrumento de madeira da m\u00e3o, de que podia morrer, o ferir, e morrer, homicida \u00e9; o homicida morrer\u00e1. <br><span><sup><b>19<\/b><\/sup><\/span> O parente do morto, ele matar\u00e1 ao homicida: quando o encontrar, ele lhe matar\u00e1. <br><span><sup><b>20<\/b><\/sup><\/span> E se por \u00f3dio o empurrou, ou lan\u00e7ou sobre ele alguma coisa por ciladas, e morre; <br><span><sup><b>21<\/b><\/sup><\/span> Ou por inimizade o feriu com sua m\u00e3o, e morreu: o feridor morrer\u00e1; \u00e9 homicida; o parente do morto matar\u00e1 ao homicida, quando o encontrar. <br><span><sup><b>22<\/b><\/sup><\/span> Mas se casualmente o empurrou sem inimizades, ou lan\u00e7ou sobre ele qualquer instrumento sem m\u00e1s inten\u00e7\u00f5es, <br><span><sup><b>23<\/b><\/sup><\/span> Ou bem, sem v\u00ea-lo, fez cair sobre ele alguma pedra, de que possa morrer, e morrer, e ele n\u00e3o era seu inimigo, nem procurava seu mal; <br><span><sup><b>24<\/b><\/sup><\/span> Ent\u00e3o a congrega\u00e7\u00e3o julgar\u00e1 entre o feridor e o parente do morto conforme estas leis: <br><span><sup><b>25<\/b><\/sup><\/span> E a congrega\u00e7\u00e3o livrar\u00e1 ao homicida da m\u00e3o do parente do morto, e a congrega\u00e7\u00e3o o far\u00e1 voltar \u00e0 seu cidade de ref\u00fagio, \u00e0 qual se havia acolhido; e morar\u00e1 nela at\u00e9 que morra o sumo sacerdote, o qual foi ungido com o azeite santo. <br><span><sup><b>26<\/b><\/sup><\/span> E se o homicida sair fora do termo de sua cidade de ref\u00fagio, \u00e0 qual se refugiou, <br><span><sup><b>27<\/b><\/sup><\/span> E o parente do morto lhe achar fora do termo da cidade de sua acolhida, e o parente do morto ao homicida matar, n\u00e3o se lhe culpar\u00e1 por isso: <br><span><sup><b>28<\/b><\/sup><\/span> Pois em sua cidade de ref\u00fagio dever\u00e1 aquele habitar at\u00e9 que morra o sumo sacerdote: e depois que morrer o sumo sacerdote, o homicida voltar\u00e1 \u00e0 terra de sua possess\u00e3o. <br><span><sup><b>29<\/b><\/sup><\/span> E estas coisas vos ser\u00e3o por ordenan\u00e7a de regulamento por vossas gera\u00e7\u00f5es, em todas as vossas habita\u00e7\u00f5es. <br><span><sup><b>30<\/b><\/sup><\/span> Qualquer um que ferir a algu\u00e9m, por dito de testemunhas, morrer\u00e1 o homicida: mas uma s\u00f3 testemunha n\u00e3o far\u00e1 f\u00e9 contra alguma pessoa para que morra. <br><span><sup><b>31<\/b><\/sup><\/span> E n\u00e3o tomareis pre\u00e7o pela vida do homicida; porque est\u00e1 condenado a morte: mas inevitavelmente morrer\u00e1. <br><span><sup><b>32<\/b><\/sup><\/span> Nem tampouco tomareis pre\u00e7o do que fugiu \u00e0 sua cidade de ref\u00fagio, para que volte a viver em sua terra, at\u00e9 que morra o sacerdote. <br><span><sup><b>33<\/b><\/sup><\/span> E n\u00e3o contaminareis a terra onde estiverdes: porque este sangue profanar\u00e1 a terra: e a terra n\u00e3o ser\u00e1 expiada do sangue que foi derramado nela, a n\u00e3o ser pelo sangue do que a derramou. <br><span><sup><b>34<\/b><\/sup><\/span> N\u00e3o contamineis, pois, a terra onde habitais, em meio da qual eu habito; porque eu o SENHOR habito em meio dos filhos de Israel.<\/span><\/p>\n\n\n\n<div class=\"wp-block-columns is-layout-flex wp-container-core-columns-is-layout-9d6595d7 wp-block-columns-is-layout-flex\">\n<div class=\"wp-block-column is-layout-flow wp-block-column-is-layout-flow\">\n<p><a href=\"\/numeros-34\" title=\"\">N\u00fameros 34<\/a><\/p>\n<\/div>\n\n\n\n<div class=\"wp-block-column is-layout-flow wp-block-column-is-layout-flow\">\n<p class=\"has-text-align-right\"><a href=\"\/numeros-36\" title=\"\">N\u00fameros 36<\/a><\/p>\n<\/div>\n<\/div>\n\n\n\n<h2 class=\"wp-block-heading\">Descri\u00e7\u00e3o &#8211; N\u00fameros 35<\/h2>\n\n\n\n<p class=\"has-medium-font-size\">Em N\u00fameros 35, Deus instrui Mois\u00e9s sobre a cria\u00e7\u00e3o de cidades de ref\u00fagio para proteger aqueles que cometeram homic\u00eddios acidentais. O cap\u00edtulo detalha as regras para o asilo, onde os fugitivos poderiam encontrar prote\u00e7\u00e3o at\u00e9 que o caso fosse julgado, evitando vingan\u00e7as. Al\u00e9m disso, s\u00e3o estabelecidas as cidades dos levitas, respons\u00e1veis por ministrar nas fun\u00e7\u00f5es religiosas. Este cap\u00edtulo \u00e9 uma continua\u00e7\u00e3o das leis de justi\u00e7a e santidade que marcam o livro de N\u00fameros, que se concentra na organiza\u00e7\u00e3o da comunidade israelita e na preserva\u00e7\u00e3o da paz entre as tribos, preparando-as para a entrada na Terra Prometida.<\/p>\n\n\n\n<h3 class=\"wp-block-heading\">Livro dos N\u00fameros:<\/h3>\n\n\n\n\n\n<p><\/p>\n","protected":false},"excerpt":{"rendered":"<p>1 E falou o SENHOR a Mois\u00e9s nos campos de Moabe, junto ao Jord\u00e3o de Jeric\u00f3, dizendo: 2 Manda aos filhos de Israel, que deem aos levitas da possess\u00e3o de sua heran\u00e7a cidades em que habitem: Tamb\u00e9m dareis aos levitas campos de essas cidades ao redor delas. 3 E ter\u00e3o eles as cidades para habitar, &hellip; <\/p>\n","protected":false},"author":2,"featured_media":772,"parent":771,"menu_order":35,"comment_status":"closed","ping_status":"closed","template":"","meta":{"om_disable_all_campaigns":false,"_monsterinsights_skip_tracking":false,"_monsterinsights_sitenote_active":false,"_monsterinsights_sitenote_note":"","_monsterinsights_sitenote_category":0,"footnotes":""},"class_list":["post-843","page","type-page","status-publish","has-post-thumbnail","hentry"],"aioseo_notices":[],"_links":{"self":[{"href":"https:\/\/bibliapresente.com\/postagens\/wp-json\/wp\/v2\/pages\/843","targetHints":{"allow":["GET"]}}],"collection":[{"href":"https:\/\/bibliapresente.com\/postagens\/wp-json\/wp\/v2\/pages"}],"about":[{"href":"https:\/\/bibliapresente.com\/postagens\/wp-json\/wp\/v2\/types\/page"}],"author":[{"embeddable":true,"href":"https:\/\/bibliapresente.com\/postagens\/wp-json\/wp\/v2\/users\/2"}],"replies":[{"embeddable":true,"href":"https:\/\/bibliapresente.com\/postagens\/wp-json\/wp\/v2\/comments?post=843"}],"version-history":[{"count":5,"href":"https:\/\/bibliapresente.com\/postagens\/wp-json\/wp\/v2\/pages\/843\/revisions"}],"predecessor-version":[{"id":1470,"href":"https:\/\/bibliapresente.com\/postagens\/wp-json\/wp\/v2\/pages\/843\/revisions\/1470"}],"up":[{"embeddable":true,"href":"https:\/\/bibliapresente.com\/postagens\/wp-json\/wp\/v2\/pages\/771"}],"wp:featuredmedia":[{"embeddable":true,"href":"https:\/\/bibliapresente.com\/postagens\/wp-json\/wp\/v2\/media\/772"}],"wp:attachment":[{"href":"https:\/\/bibliapresente.com\/postagens\/wp-json\/wp\/v2\/media?parent=843"}],"curies":[{"name":"wp","href":"https:\/\/api.w.org\/{rel}","templated":true}]}}