{"id":841,"date":"2025-02-04T20:19:56","date_gmt":"2025-02-04T23:19:56","guid":{"rendered":"https:\/\/bibliapresente.com\/postagens\/?page_id=841"},"modified":"2025-02-04T20:19:56","modified_gmt":"2025-02-04T23:19:56","slug":"numeros-34","status":"publish","type":"page","link":"https:\/\/bibliapresente.com\/postagens\/livros-da-biblia\/numeros\/numeros-34\/","title":{"rendered":"N\u00fameros 34 &#8211; Limites da Terra Prometida"},"content":{"rendered":"\n<p class=\"has-medium-font-size\" style=\"letter-spacing:1px\"><span><span><sup><b>1<\/b><\/sup><\/span> E o SENHOR falou a Mois\u00e9s, dizendo: <br><span><sup><b>2<\/b><\/sup><\/span> Manda aos filhos de Israel, e dize-lhes: Quando houverdes entrado na terra de Cana\u00e3, a saber, a terra que vos h\u00e1 de cair em heran\u00e7a, a terra de Cana\u00e3 segundo seus termos; <br><span><sup><b>3<\/b><\/sup><\/span> Tereis o lado do sul desde o deserto de Zim at\u00e9 os termos de Edom; e vos ser\u00e1 o termo do sul ao extremo do mar salgado at\u00e9 o oriente: <br><span><sup><b>4<\/b><\/sup><\/span> E este termo vos ir\u00e1 rodeando desde o sul at\u00e9 a subida de Acrabim, e passar\u00e1 at\u00e9 Zim; e suas sa\u00eddas ser\u00e3o do sul a Cades-Barneia; e sair\u00e1 a Hazar-Adar, e passar\u00e1 at\u00e9 Azmom; <br><span><sup><b>5<\/b><\/sup><\/span> E rodear\u00e1 este termo, desde Azmom at\u00e9 o ribeiro do Egito, e seus limites ser\u00e3o ao ocidente. <br><span><sup><b>6<\/b><\/sup><\/span> E o termo ocidental vos ser\u00e1 o grande mar: este termo vos ser\u00e1 o termo ocidental. <br><span><sup><b>7<\/b><\/sup><\/span> E o termo do norte ser\u00e1 este: desde o grande mar vos assinalareis o monte de Hor; <br><span><sup><b>8<\/b><\/sup><\/span> Do monte de Hor assinalareis \u00e0 entrada de Hamate, e ser\u00e3o as sa\u00eddas daquele termo a Zedade; <br><span><sup><b>9<\/b><\/sup><\/span> E sair\u00e1 este termo a Zifrom, e ser\u00e3o seus limites em Hazar-En\u00e3: este vos ser\u00e1 o termo do norte. <br><span><sup><b>10<\/b><\/sup><\/span> E por termo ao oriente vos assinalareis desde Hazar-En\u00e3 at\u00e9 Sef\u00e3; <br><span><sup><b>11<\/b><\/sup><\/span> E baixar\u00e1 este termo desde Sef\u00e3 a Ribla, ao oriente de Aim: e descer\u00e1 o termo, e chegar\u00e1 \u00e0 costa do mar de Quinerete ao oriente; <br><span><sup><b>12<\/b><\/sup><\/span> Depois descer\u00e1 este termo ao Jord\u00e3o, e ser\u00e3o suas sa\u00eddas ao mar Salgado: esta ser\u00e1 vossa terra: por seus termos ao redor. <br><span><sup><b>13<\/b><\/sup><\/span> E mandou Mois\u00e9s aos filhos de Israel, dizendo: Esta \u00e9 a terra que herdareis por sorte, a qual mandou o SENHOR que desse \u00e0s nove tribos, e \u00e0 meia tribo: <br><span><sup><b>14<\/b><\/sup><\/span> Porque a tribo dos filhos de R\u00faben segundo as casas de seus pais, e a tribo dos filhos de Gade segundo as casas de seus pais, e a meia tribo de Manass\u00e9s, tomaram sua heran\u00e7a: <br><span><sup><b>15<\/b><\/sup><\/span> Duas tribos e meia tomaram sua heran\u00e7a desta parte do Jord\u00e3o de Jeric\u00f3 ao oriente, ao oriente. <br><span><sup><b>16<\/b><\/sup><\/span> E falou o SENHOR a Mois\u00e9s, dizendo: <br><span><sup><b>17<\/b><\/sup><\/span> Estes s\u00e3o os nomes dos homens que vos possuir\u00e3o a terra: Eleazar o sacerdote, e Josu\u00e9 filho de Num. <br><span><sup><b>18<\/b><\/sup><\/span> Tomareis tamb\u00e9m de cada tribo um pr\u00edncipe, para dar a possess\u00e3o da terra. <br><span><sup><b>19<\/b><\/sup><\/span> E estes s\u00e3o os nomes dos homens: Da tribo de Jud\u00e1, Calebe filho de Jefon\u00e9. <br><span><sup><b>20<\/b><\/sup><\/span> E da tribo dos filhos de Sime\u00e3o, Samuel filho de Ami\u00fade. <br><span><sup><b>21<\/b><\/sup><\/span> Da tribo de Benjamim; Elidade filho de Quislom. <br><span><sup><b>22<\/b><\/sup><\/span> E da tribo dos filhos de D\u00e3, o pr\u00edncipe Buqui filho de Jogli. <br><span><sup><b>23<\/b><\/sup><\/span> Dos filhos de Jos\u00e9: da tribo dos filhos de Manass\u00e9s, o pr\u00edncipe Haniel filho de \u00c9fode. <br><span><sup><b>24<\/b><\/sup><\/span> E da tribo dos filhos de Efraim, o pr\u00edncipe Quemuel filho de Sift\u00e3. <br><span><sup><b>25<\/b><\/sup><\/span> E da tribo dos filhos de Zebulom, o pr\u00edncipe Elizaf\u00e3 filho de Parnaque. <br><span><sup><b>26<\/b><\/sup><\/span> E da tribo dos filhos de Issacar, o pr\u00edncipe Paltiel filho de Az\u00e3. <br><span><sup><b>27<\/b><\/sup><\/span> E da tribo dos filhos de Aser, o pr\u00edncipe Ai\u00fade filho de Selomi. <br><span><sup><b>28<\/b><\/sup><\/span> E da tribo dos filhos de Naftali, o pr\u00edncipe Pedael filho de Ami\u00fade. <br><span><sup><b>29<\/b><\/sup><\/span> Estes s\u00e3o aos que mandou o SENHOR que fizessem a parti\u00e7\u00e3o da heran\u00e7a aos filhos de Israel na terra de Cana\u00e3.<\/span><\/p>\n\n\n\n<div class=\"wp-block-columns is-layout-flex wp-container-core-columns-is-layout-9d6595d7 wp-block-columns-is-layout-flex\">\n<div class=\"wp-block-column is-layout-flow wp-block-column-is-layout-flow\">\n<p><a href=\"\/numeros-33\" title=\"\">N\u00fameros 33<\/a><\/p>\n<\/div>\n\n\n\n<div class=\"wp-block-column is-layout-flow wp-block-column-is-layout-flow\">\n<p class=\"has-text-align-right\"><a href=\"\/numeros-35\" title=\"\">N\u00fameros 35<\/a><\/p>\n<\/div>\n<\/div>\n\n\n\n<h2 class=\"wp-block-heading\">Descri\u00e7\u00e3o &#8211; N\u00fameros 34<\/h2>\n\n\n\n<p class=\"has-medium-font-size\">Em N\u00fameros 34, s\u00e3o estabelecidas as fronteiras da terra prometida, que ser\u00e1 dividida entre as tribos de Israel. Deus instrui Mois\u00e9s sobre os limites geogr\u00e1ficos e os respons\u00e1veis por supervisionar a distribui\u00e7\u00e3o das terras. Este cap\u00edtulo marca a prepara\u00e7\u00e3o final do povo para a conquista de Cana\u00e3, enfatizando a necessidade de fidelidade a Deus nas decis\u00f5es e a\u00e7\u00f5es do povo. Al\u00e9m disso, o texto detalha a participa\u00e7\u00e3o das tribos na divis\u00e3o territorial, refletindo a organiza\u00e7\u00e3o e a justi\u00e7a divina. N\u00fameros 34 segue o padr\u00e3o de instru\u00e7\u00f5es e promessas que caracterizam o livro, refor\u00e7ando o pacto de Deus com Israel.<\/p>\n\n\n\n<h3 class=\"wp-block-heading\">Livro dos N\u00fameros:<\/h3>\n\n\n\n\n\n<p><\/p>\n","protected":false},"excerpt":{"rendered":"<p>1 E o SENHOR falou a Mois\u00e9s, dizendo: 2 Manda aos filhos de Israel, e dize-lhes: Quando houverdes entrado na terra de Cana\u00e3, a saber, a terra que vos h\u00e1 de cair em heran\u00e7a, a terra de Cana\u00e3 segundo seus termos; 3 Tereis o lado do sul desde o deserto de Zim at\u00e9 os termos &hellip; <\/p>\n","protected":false},"author":2,"featured_media":772,"parent":771,"menu_order":34,"comment_status":"closed","ping_status":"closed","template":"","meta":{"om_disable_all_campaigns":false,"_monsterinsights_skip_tracking":false,"_monsterinsights_sitenote_active":false,"_monsterinsights_sitenote_note":"","_monsterinsights_sitenote_category":0,"footnotes":""},"class_list":["post-841","page","type-page","status-publish","has-post-thumbnail","hentry"],"aioseo_notices":[],"_links":{"self":[{"href":"https:\/\/bibliapresente.com\/postagens\/wp-json\/wp\/v2\/pages\/841","targetHints":{"allow":["GET"]}}],"collection":[{"href":"https:\/\/bibliapresente.com\/postagens\/wp-json\/wp\/v2\/pages"}],"about":[{"href":"https:\/\/bibliapresente.com\/postagens\/wp-json\/wp\/v2\/types\/page"}],"author":[{"embeddable":true,"href":"https:\/\/bibliapresente.com\/postagens\/wp-json\/wp\/v2\/users\/2"}],"replies":[{"embeddable":true,"href":"https:\/\/bibliapresente.com\/postagens\/wp-json\/wp\/v2\/comments?post=841"}],"version-history":[{"count":5,"href":"https:\/\/bibliapresente.com\/postagens\/wp-json\/wp\/v2\/pages\/841\/revisions"}],"predecessor-version":[{"id":1469,"href":"https:\/\/bibliapresente.com\/postagens\/wp-json\/wp\/v2\/pages\/841\/revisions\/1469"}],"up":[{"embeddable":true,"href":"https:\/\/bibliapresente.com\/postagens\/wp-json\/wp\/v2\/pages\/771"}],"wp:featuredmedia":[{"embeddable":true,"href":"https:\/\/bibliapresente.com\/postagens\/wp-json\/wp\/v2\/media\/772"}],"wp:attachment":[{"href":"https:\/\/bibliapresente.com\/postagens\/wp-json\/wp\/v2\/media?parent=841"}],"curies":[{"name":"wp","href":"https:\/\/api.w.org\/{rel}","templated":true}]}}