{"id":839,"date":"2025-02-04T20:17:46","date_gmt":"2025-02-04T23:17:46","guid":{"rendered":"https:\/\/bibliapresente.com\/postagens\/?page_id=839"},"modified":"2025-02-04T20:17:46","modified_gmt":"2025-02-04T23:17:46","slug":"numeros-33","status":"publish","type":"page","link":"https:\/\/bibliapresente.com\/postagens\/livros-da-biblia\/numeros\/numeros-33\/","title":{"rendered":"N\u00fameros 33 &#8211; Resumo da Jornada"},"content":{"rendered":"\n<p class=\"has-medium-font-size\" style=\"letter-spacing:1px\"><span><span><sup><b>1<\/b><\/sup><\/span> Estas s\u00e3o as jornadas dos filhos de Israel, os quais sa\u00edram da terra do Egito por seus esquadr\u00f5es, sob a condu\u00e7\u00e3o de Mois\u00e9s e Ar\u00e3o. <br><span><sup><b>2<\/b><\/sup><\/span> E Mois\u00e9s escreveu suas sa\u00eddas conforme suas jornadas por ordem do SENHOR. Estas, pois, s\u00e3o suas jornadas conforme suas partidas. <br><span><sup><b>3<\/b><\/sup><\/span> De Ramess\u00e9s partiram no m\u00eas primeiro, aos quinze dias do m\u00eas primeiro: no segundo dia da p\u00e1scoa sa\u00edram os filhos de Israel com m\u00e3o alta, \u00e0 vista de todos os eg\u00edpcios. <br><span><sup><b>4<\/b><\/sup><\/span> Estavam enterrando os eg\u00edpcios os que o SENHOR havia matado deles, a todo primog\u00eanito; havendo o SENHOR feito tamb\u00e9m ju\u00edzos em seus deuses. <br><span><sup><b>5<\/b><\/sup><\/span> Partiram, pois, os filhos de Israel de Ramess\u00e9s, e assentaram acampamento em Sucote. <br><span><sup><b>6<\/b><\/sup><\/span> E partindo de Sucote, assentaram em Et\u00e3, que est\u00e1 ao extremo do deserto. <br><span><sup><b>7<\/b><\/sup><\/span> E partindo de Et\u00e3, voltaram sobre Pi-Hairote, que est\u00e1 diante de Baal-Zefom, e assentaram diante de Migdol. <br><span><sup><b>8<\/b><\/sup><\/span> E partindo de Pi-Hairote, passaram por meio do mar ao deserto, e andaram caminho de tr\u00eas dias pelo deserto de Et\u00e3, e assentaram em Mara. <br><span><sup><b>9<\/b><\/sup><\/span> E partindo de Mara, vieram a Elim, de onde havia doze fontes de \u00e1guas, e setenta palmeiras; e assentaram ali. <br><span><sup><b>10<\/b><\/sup><\/span> E partidos de Elim, assentaram junto ao mar Vermelho. <br><span><sup><b>11<\/b><\/sup><\/span> E partidos do mar Vermelho, assentaram no deserto de Sim. <br><span><sup><b>12<\/b><\/sup><\/span> E partidos do deserto de Sim, assentaram em Dofca. <br><span><sup><b>13<\/b><\/sup><\/span> E partidos de Dofca, assentaram em Alus. <br><span><sup><b>14<\/b><\/sup><\/span> E partidos de Alus, assentaram em Refidim, onde o povo n\u00e3o teve \u00e1guas para beber. <br><span><sup><b>15<\/b><\/sup><\/span> E partidos de Refidim, assentaram no deserto de Sinai. <br><span><sup><b>16<\/b><\/sup><\/span> E partidos do deserto de Sinai, assentaram em Quibrote-Taav\u00e1. <br><span><sup><b>17<\/b><\/sup><\/span> E partidos de Quibrote-Taav\u00e1, assentaram em Hazerote. <br><span><sup><b>18<\/b><\/sup><\/span> E partidos de Hazerote, assentaram em Ritm\u00e1. <br><span><sup><b>19<\/b><\/sup><\/span> E partidos de Ritm\u00e1, assentaram em Rimom-Perez. <br><span><sup><b>20<\/b><\/sup><\/span> E partidos de Rimom-Perez, assentaram em Libna. <br><span><sup><b>21<\/b><\/sup><\/span> E partidos de Libna, assentaram em Rissa. <br><span><sup><b>22<\/b><\/sup><\/span> E partidos de Rissa, assentaram em Queelata, <br><span><sup><b>23<\/b><\/sup><\/span> E partidos de Queelata, assentaram no monte de S\u00e9fer. <br><span><sup><b>24<\/b><\/sup><\/span> E partidos do monte de S\u00e9fer, assentaram em Harada. <br><span><sup><b>25<\/b><\/sup><\/span> E partidos de Harada, assentaram em Maquelote. <br><span><sup><b>26<\/b><\/sup><\/span> E partidos de Maquelote, assentaram em Taate. <br><span><sup><b>27<\/b><\/sup><\/span> E partidos de Taate, assentaram em Tera. <br><span><sup><b>28<\/b><\/sup><\/span> E partidos de Tera, assentaram em Mitca. <br><span><sup><b>29<\/b><\/sup><\/span> E partidos de Mitca, assentaram em Hasmona. <br><span><sup><b>30<\/b><\/sup><\/span> E partidos de Hasmona, assentaram em Moserote. <br><span><sup><b>31<\/b><\/sup><\/span> E partidos de Moserote, assentaram em Bene-Jaac\u00e3. <br><span><sup><b>32<\/b><\/sup><\/span> E partidos de Bene-Jaac\u00e3, assentaram em Hor-Gidgade. <br><span><sup><b>33<\/b><\/sup><\/span> E partidos de Hor-Gidgade, assentaram em Jotbat\u00e1. <br><span><sup><b>34<\/b><\/sup><\/span> E partidos de Jotbat\u00e1, assentaram em Abrona. <br><span><sup><b>35<\/b><\/sup><\/span> E partidos de Abrona, assentaram em Eziom-Geber. <br><span><sup><b>36<\/b><\/sup><\/span> E partidos de Eziom-Geber, assentaram no deserto de Zim, que \u00e9 Cades. <br><span><sup><b>37<\/b><\/sup><\/span> E partidos de Cades, assentaram no monte de Hor, na extremidade do pa\u00eds de Edom. <br><span><sup><b>38<\/b><\/sup><\/span> E subiu Ar\u00e3o o sacerdote ao monte de Hor, conforme o dito do SENHOR, e ali morreu aos quarenta anos da sa\u00edda dos filhos de Israel da terra do Egito, no m\u00eas quinto, no primeiro dia do m\u00eas. <br><span><sup><b>39<\/b><\/sup><\/span> E era Ar\u00e3o de idade de cento e vinte e tr\u00eas anos, quando morreu no monte de Hor. <br><span><sup><b>40<\/b><\/sup><\/span> E o cananeu, rei de Arade, que habitava ao sul na terra de Cana\u00e3, ouviu como haviam vindo os filhos de Israel. <br><span><sup><b>41<\/b><\/sup><\/span> E partidos do monte de Hor, assentaram em Zalmona. <br><span><sup><b>42<\/b><\/sup><\/span> E partidos de Zalmona, assentaram em Punom. <br><span><sup><b>43<\/b><\/sup><\/span> E partidos de Punom, assentaram em Obote. <br><span><sup><b>44<\/b><\/sup><\/span> E partidos de Obote, assentaram em Ij\u00e9-Abarim; no termo de Moabe. <br><span><sup><b>45<\/b><\/sup><\/span> E partidos de Ij\u00e9-Abarim, assentaram em Dibom-Gade. <br><span><sup><b>46<\/b><\/sup><\/span> E partidos de Dibom-Gade, assentaram em Almom-Diblataim. <br><span><sup><b>47<\/b><\/sup><\/span> E partidos de Almom-Diblataim, assentaram nos montes de Abarim, diante de Nebo. <br><span><sup><b>48<\/b><\/sup><\/span> E partidos dos montes de Abarim, assentaram nos campos de Moabe, junto ao Jord\u00e3o de Jeric\u00f3. <br><span><sup><b>49<\/b><\/sup><\/span> Finalmente assentaram junto ao Jord\u00e3o, desde Bete-Jesimote at\u00e9 Abel-Sitim, nos campos de Moabe. <br><span><sup><b>50<\/b><\/sup><\/span> E falou o SENHOR a Mois\u00e9s nos campos de Moabe junto ao Jord\u00e3o de Jeric\u00f3, dizendo: <br><span><sup><b>51<\/b><\/sup><\/span> Fala aos filhos de Israel, e dize-lhes: Quando houverdes passado o Jord\u00e3o \u00e0 terra de Cana\u00e3, <br><span><sup><b>52<\/b><\/sup><\/span> Expulsareis a todos os moradores do pa\u00eds de diante de v\u00f3s, e destruireis todas suas imagens esculpidas, e todas suas imagens de fundi\u00e7\u00e3o, e arruinareis todos os seus altos; <br><span><sup><b>53<\/b><\/sup><\/span> E expulsareis os moradores da terra, e habitareis nela; porque eu a dei a v\u00f3s para que a possuais. <br><span><sup><b>54<\/b><\/sup><\/span> E herdareis a terra por sortes por vossas fam\u00edlias: aos muitos dareis muito por sua heran\u00e7a, e aos poucos dareis menos por heran\u00e7a sua: onde lhe sair a sorte, ali a ter\u00e1 cada um: pelas tribos de vossos pais herdareis. <br><span><sup><b>55<\/b><\/sup><\/span> E se n\u00e3o expulsardes os moradores do pa\u00eds de diante de v\u00f3s, suceder\u00e1 que os que deixardes deles ser\u00e3o por aguilh\u00f5es em vossos olhos, e por espinhos em vossos lados, e vos afligir\u00e3o sobre a terra em que v\u00f3s habitardes. <br><span><sup><b>56<\/b><\/sup><\/span> Ser\u00e1 tamb\u00e9m, que farei a v\u00f3s como eu pensei fazer a eles.<\/span><\/p>\n\n\n\n<div class=\"wp-block-columns is-layout-flex wp-container-core-columns-is-layout-9d6595d7 wp-block-columns-is-layout-flex\">\n<div class=\"wp-block-column is-layout-flow wp-block-column-is-layout-flow\">\n<p><a href=\"\/numeros-32\" title=\"\">N\u00fameros 32<\/a><\/p>\n<\/div>\n\n\n\n<div class=\"wp-block-column is-layout-flow wp-block-column-is-layout-flow\">\n<p class=\"has-text-align-right\"><a href=\"\/numeros-34\" title=\"\">N\u00fameros 34<\/a><\/p>\n<\/div>\n<\/div>\n\n\n\n<h2 class=\"wp-block-heading\">Descri\u00e7\u00e3o &#8211; N\u00fameros 33<\/h2>\n\n\n\n<p class=\"has-medium-font-size\">Em N\u00fameros 33, o livro de registros das jornadas do povo de Israel come\u00e7a a ser detalhado, revelando as v\u00e1rias paradas durante sua travessia pelo deserto. Mois\u00e9s faz um relato das etapas desde a sa\u00edda do Egito at\u00e9 a chegada \u00e0s plan\u00edcies de Moabe, \u00e0 beira do Jord\u00e3o. Cada local de acampamento \u00e9 citado, refor\u00e7ando o car\u00e1ter de obedi\u00eancia e dire\u00e7\u00e3o divina durante a jornada. Este cap\u00edtulo tamb\u00e9m prepara o povo para a conquista de Cana\u00e3, com instru\u00e7\u00f5es sobre a divis\u00e3o das terras e as responsabilidades do povo em rela\u00e7\u00e3o \u00e0 pureza da terra.<\/p>\n\n\n\n<h3 class=\"wp-block-heading\">Livro dos N\u00fameros:<\/h3>\n\n\n\n\n\n<p><\/p>\n","protected":false},"excerpt":{"rendered":"<p>1 Estas s\u00e3o as jornadas dos filhos de Israel, os quais sa\u00edram da terra do Egito por seus esquadr\u00f5es, sob a condu\u00e7\u00e3o de Mois\u00e9s e Ar\u00e3o. 2 E Mois\u00e9s escreveu suas sa\u00eddas conforme suas jornadas por ordem do SENHOR. Estas, pois, s\u00e3o suas jornadas conforme suas partidas. 3 De Ramess\u00e9s partiram no m\u00eas primeiro, aos &hellip; <\/p>\n","protected":false},"author":2,"featured_media":772,"parent":771,"menu_order":33,"comment_status":"closed","ping_status":"closed","template":"","meta":{"om_disable_all_campaigns":false,"_monsterinsights_skip_tracking":false,"_monsterinsights_sitenote_active":false,"_monsterinsights_sitenote_note":"","_monsterinsights_sitenote_category":0,"footnotes":""},"class_list":["post-839","page","type-page","status-publish","has-post-thumbnail","hentry"],"aioseo_notices":[],"_links":{"self":[{"href":"https:\/\/bibliapresente.com\/postagens\/wp-json\/wp\/v2\/pages\/839","targetHints":{"allow":["GET"]}}],"collection":[{"href":"https:\/\/bibliapresente.com\/postagens\/wp-json\/wp\/v2\/pages"}],"about":[{"href":"https:\/\/bibliapresente.com\/postagens\/wp-json\/wp\/v2\/types\/page"}],"author":[{"embeddable":true,"href":"https:\/\/bibliapresente.com\/postagens\/wp-json\/wp\/v2\/users\/2"}],"replies":[{"embeddable":true,"href":"https:\/\/bibliapresente.com\/postagens\/wp-json\/wp\/v2\/comments?post=839"}],"version-history":[{"count":5,"href":"https:\/\/bibliapresente.com\/postagens\/wp-json\/wp\/v2\/pages\/839\/revisions"}],"predecessor-version":[{"id":1468,"href":"https:\/\/bibliapresente.com\/postagens\/wp-json\/wp\/v2\/pages\/839\/revisions\/1468"}],"up":[{"embeddable":true,"href":"https:\/\/bibliapresente.com\/postagens\/wp-json\/wp\/v2\/pages\/771"}],"wp:featuredmedia":[{"embeddable":true,"href":"https:\/\/bibliapresente.com\/postagens\/wp-json\/wp\/v2\/media\/772"}],"wp:attachment":[{"href":"https:\/\/bibliapresente.com\/postagens\/wp-json\/wp\/v2\/media?parent=839"}],"curies":[{"name":"wp","href":"https:\/\/api.w.org\/{rel}","templated":true}]}}