{"id":837,"date":"2025-02-04T20:03:59","date_gmt":"2025-02-04T23:03:59","guid":{"rendered":"https:\/\/bibliapresente.com\/postagens\/?page_id=837"},"modified":"2025-02-04T20:04:00","modified_gmt":"2025-02-04T23:04:00","slug":"numeros-32","status":"publish","type":"page","link":"https:\/\/bibliapresente.com\/postagens\/livros-da-biblia\/numeros\/numeros-32\/","title":{"rendered":"N\u00fameros 32 &#8211; A Heran\u00e7a a Leste do Jord\u00e3o"},"content":{"rendered":"\n<p class=\"has-medium-font-size\" style=\"letter-spacing:1px\"><span><span><sup><b>1<\/b><\/sup><\/span> E os filhos de R\u00faben e os filhos de Gade tinham uma muito grande abund\u00e2ncia de gado; os quais vendo a terra de Jazer e de Gileade, pareceu-lhes o pa\u00eds lugar de gado. <br><span><sup><b>2<\/b><\/sup><\/span> E vieram os filhos de Gade e os filhos de R\u00faben, e falaram a Mois\u00e9s, e a Eleazar o sacerdote, e aos pr\u00edncipes da congrega\u00e7\u00e3o, dizendo: <br><span><sup><b>3<\/b><\/sup><\/span> Atarote, e Dibom, e Jazer, e Ninra, e Hesbom, e Eleale, e Seb\u00e3, e Nebo, e Beom, <br><span><sup><b>4<\/b><\/sup><\/span> A terra que o SENHOR feriu diante da congrega\u00e7\u00e3o de Israel, \u00e9 terra de gado, e teus servos t\u00eam gado. <br><span><sup><b>5<\/b><\/sup><\/span> Portanto, disseram, se achamos favor em teus olhos, seja dada esta terra a teus servos em heran\u00e7a, e n\u00e3o nos fa\u00e7as passar o Jord\u00e3o. <br><span><sup><b>6<\/b><\/sup><\/span> E respondeu Mois\u00e9s aos filhos de Gade e aos filhos de R\u00faben: Vir\u00e3o vossos irm\u00e3os \u00e0 guerra, e v\u00f3s ficareis aqui? <br><span><sup><b>7<\/b><\/sup><\/span> E por que desencorajais o \u00e2nimo dos filhos de Israel, para que n\u00e3o passem \u00e0 terra que lhes deu o SENHOR? <br><span><sup><b>8<\/b><\/sup><\/span> Assim fizeram vossos pais, quando os enviei desde Cades-Barneia para que vissem a terra. <br><span><sup><b>9<\/b><\/sup><\/span> Que subiram at\u00e9 o vale de Escol, e depois que viram a terra, preocuparam o \u00e2nimo dos filhos de Israel, para que n\u00e3o viessem \u00e0 terra que o SENHOR lhes havia dado. <br><span><sup><b>10<\/b><\/sup><\/span> E o furor do SENHOR se acendeu ent\u00e3o, e jurou dizendo: <br><span><sup><b>11<\/b><\/sup><\/span> Que n\u00e3o ver\u00e3o os homens que subiram do Egito de vinte anos acima, a terra pela qual jurei a Abra\u00e3o, Isaque, e Jac\u00f3, porquanto n\u00e3o foram perfeitos em me seguir; <br><span><sup><b>12<\/b><\/sup><\/span> Exceto Calebe, filho de Jefon\u00e9 quenezeu, e Josu\u00e9 filho de Num, que foram perfeitos em seguir ao SENHOR. <br><span><sup><b>13<\/b><\/sup><\/span> E o furor do SENHOR se acendeu em Israel, e os fez andar errantes quarenta anos pelo deserto, at\u00e9 que foi acabada toda aquela gera\u00e7\u00e3o, que havia feito mal diante do SENHOR. <br><span><sup><b>14<\/b><\/sup><\/span> E eis que v\u00f3s sucedestes em lugar de vossos pais, descend\u00eancia de homens pecadores, para acrescentar ainda \u00e0 ira do SENHOR contra Israel. <br><span><sup><b>15<\/b><\/sup><\/span> Se vos deixardes de segui-lo, ele voltar\u00e1 outra vez a deixar-vos no deserto, e destruireis a todo este povo. <br><span><sup><b>16<\/b><\/sup><\/span> Ent\u00e3o eles se achegaram a ele e disseram: Edificaremos aqui currais para nosso gado, e cidades para nossas crian\u00e7as; <br><span><sup><b>17<\/b><\/sup><\/span> E n\u00f3s nos armaremos, e iremos com empenho diante dos filhos de Israel, at\u00e9 que os ponhamos em seu lugar: e nossas crian\u00e7as ficar\u00e3o em cidades fortes por causa dos moradores do pa\u00eds. <br><span><sup><b>18<\/b><\/sup><\/span> N\u00e3o voltaremos a nossas casas at\u00e9 que os filhos de Israel possuam cada um sua heran\u00e7a. <br><span><sup><b>19<\/b><\/sup><\/span> Porque n\u00e3o tomaremos heran\u00e7a com eles ao outro lado do Jord\u00e3o nem adiante, porquanto teremos j\u00e1 nossa heran\u00e7a da outra parte do Jord\u00e3o ao oriente. <br><span><sup><b>20<\/b><\/sup><\/span> Ent\u00e3o lhes respondeu Mois\u00e9s: Se o fizerdes assim, se vos preparardes para ir diante do SENHOR \u00e0 guerra, <br><span><sup><b>21<\/b><\/sup><\/span> E passardes todos v\u00f3s armados o Jord\u00e3o diante do SENHOR, at\u00e9 que tenha expulsado a seus inimigos de diante de si, <br><span><sup><b>22<\/b><\/sup><\/span> E seja o pa\u00eds subjugado diante do SENHOR; logo voltareis, e sereis livres de culpa para com o SENHOR, e para com Israel; e esta terra ser\u00e1 vossa em heran\u00e7a diante do SENHOR. <br><span><sup><b>23<\/b><\/sup><\/span> Mas se assim n\u00e3o o fizerdes, eis que havereis pecado ao SENHOR; e sabei que vos alcan\u00e7ar\u00e1 vosso pecado. <br><span><sup><b>24<\/b><\/sup><\/span> Edificai-vos cidades para vossas crian\u00e7as, e currais para vossas ovelhas, e fazei o que saiu de vossa boca. <br><span><sup><b>25<\/b><\/sup><\/span> E falaram os filhos de Gade e os filhos de R\u00faben a Mois\u00e9s, dizendo: Teus servos far\u00e3o como meu senhor mandou. <br><span><sup><b>26<\/b><\/sup><\/span> Nossas crian\u00e7as, nossas mulheres, nossos gados, e todos nossos animais, estar\u00e3o a\u00ed nas cidades de Gileade; <br><span><sup><b>27<\/b><\/sup><\/span> E teus servos, armados todos de guerra, passar\u00e3o diante do SENHOR \u00e0 guerra, da maneira que meu senhor disse. <br><span><sup><b>28<\/b><\/sup><\/span> Ent\u00e3o os encomendou Mois\u00e9s a Eleazar o sacerdote, e a Josu\u00e9 filho de Num, e aos pr\u00edncipes dos pais das tribos dos filhos de Israel. <br><span><sup><b>29<\/b><\/sup><\/span> E disse-lhes Mois\u00e9s: Se os filhos de Gade e os filhos de R\u00faben, passarem convosco o Jord\u00e3o, armados todos de guerra diante do SENHOR, logo que o pa\u00eds for subjugado diante de v\u00f3s, lhes dareis a terra de Gileade em possess\u00e3o: <br><span><sup><b>30<\/b><\/sup><\/span> Mas se n\u00e3o passarem armados convosco, ent\u00e3o ter\u00e3o possess\u00e3o entre v\u00f3s na terra de Cana\u00e3. <br><span><sup><b>31<\/b><\/sup><\/span> E os filhos de Gade e os filhos de R\u00faben responderam, dizendo: Faremos o que o SENHOR disse a teus servos. <br><span><sup><b>32<\/b><\/sup><\/span> N\u00f3s passaremos armados diante do SENHOR \u00e0 terra de Cana\u00e3, e a possess\u00e3o de nossa heran\u00e7a ser\u00e1 desta parte do Jord\u00e3o. <br><span><sup><b>33<\/b><\/sup><\/span> Assim lhes deu Mois\u00e9s aos filhos de Gade e aos filhos de R\u00faben, e \u00e0 meia tribo de Manass\u00e9s filho de Jos\u00e9, o reino de Seom rei amorreu, e o reino de Ogue rei de Bas\u00e3, a terra com suas cidades e termos, as cidades do pa\u00eds ao redor. <br><span><sup><b>34<\/b><\/sup><\/span> E os filhos de Gade edificaram a Dibom, e a Atarote, e a Aroer, <br><span><sup><b>35<\/b><\/sup><\/span> E a Atarote-Sof\u00e3, e a Jazer, e a Jogbe\u00e1, <br><span><sup><b>36<\/b><\/sup><\/span> E a Bete-Ninra, e a Bete-Har\u00e3: cidades fortificadas, e tamb\u00e9m currais para ovelhas. <br><span><sup><b>37<\/b><\/sup><\/span> E os filhos de R\u00faben edificaram a Hesbom, e a Eleale, e a Quiriataim, <br><span><sup><b>38<\/b><\/sup><\/span> E a Nebo, e a Baal-Meom, (mudados os nomes), e a Sibma: e puseram nomes \u00e0s cidades que edificaram. <br><span><sup><b>39<\/b><\/sup><\/span> E os filhos de Maquir filho de Manass\u00e9s foram a Gileade, e tomaram-na, e expulsaram aos amorreus que estavam nela. <br><span><sup><b>40<\/b><\/sup><\/span> E Mois\u00e9s deu Gileade a Maquir filho de Manass\u00e9s, o qual habitou nela. <br><span><sup><b>41<\/b><\/sup><\/span> Tamb\u00e9m Jair filho de Manass\u00e9s foi e tomou suas aldeias, e p\u00f4s-lhes por nome Havote-Jair. <br><span><sup><b>42<\/b><\/sup><\/span> Tamb\u00e9m Noba foi e tomou a Quenate e suas aldeias, e chamou-lhe Noba, conforme seu nome.<\/span><\/p>\n\n\n\n<div class=\"wp-block-columns is-layout-flex wp-container-core-columns-is-layout-9d6595d7 wp-block-columns-is-layout-flex\">\n<div class=\"wp-block-column is-layout-flow wp-block-column-is-layout-flow\">\n<p><a href=\"\/numeros-31\" title=\"\">N\u00fameros 31<\/a><\/p>\n<\/div>\n\n\n\n<div class=\"wp-block-column is-layout-flow wp-block-column-is-layout-flow\">\n<p class=\"has-text-align-right\"><a href=\"\/numeros-33\" title=\"\">N\u00fameros 33<\/a><\/p>\n<\/div>\n<\/div>\n\n\n\n<h2 class=\"wp-block-heading\">Descri\u00e7\u00e3o &#8211; N\u00fameros 32<\/h2>\n\n\n\n<p class=\"has-medium-font-size\">Em N\u00fameros 32, as tribos de R\u00faben, Gad e metade de Manass\u00e9s pedem permiss\u00e3o a Mois\u00e9s para se estabelecerem nas terras de Gileade, do outro lado do Jord\u00e3o, antes de conquistarem a Terra Prometida. Mois\u00e9s, inicialmente preocupado, questiona sua fidelidade, mas depois concorda com a condi\u00e7\u00e3o de que suas tropas ajudem na conquista da terra de Cana\u00e3. O cap\u00edtulo destaca o compromisso das tribos com a miss\u00e3o de Israel e o papel da obedi\u00eancia a Deus, al\u00e9m da import\u00e2ncia de se manter firme na unidade do povo, em busca do cumprimento das promessas divinas.<\/p>\n\n\n\n<h3 class=\"wp-block-heading\">Livro dos N\u00fameros:<\/h3>\n\n\n\n\n\n<p><\/p>\n","protected":false},"excerpt":{"rendered":"<p>1 E os filhos de R\u00faben e os filhos de Gade tinham uma muito grande abund\u00e2ncia de gado; os quais vendo a terra de Jazer e de Gileade, pareceu-lhes o pa\u00eds lugar de gado. 2 E vieram os filhos de Gade e os filhos de R\u00faben, e falaram a Mois\u00e9s, e a Eleazar o sacerdote, &hellip; <\/p>\n","protected":false},"author":2,"featured_media":772,"parent":771,"menu_order":32,"comment_status":"closed","ping_status":"closed","template":"","meta":{"om_disable_all_campaigns":false,"_monsterinsights_skip_tracking":false,"_monsterinsights_sitenote_active":false,"_monsterinsights_sitenote_note":"","_monsterinsights_sitenote_category":0,"footnotes":""},"class_list":["post-837","page","type-page","status-publish","has-post-thumbnail","hentry"],"aioseo_notices":[],"_links":{"self":[{"href":"https:\/\/bibliapresente.com\/postagens\/wp-json\/wp\/v2\/pages\/837","targetHints":{"allow":["GET"]}}],"collection":[{"href":"https:\/\/bibliapresente.com\/postagens\/wp-json\/wp\/v2\/pages"}],"about":[{"href":"https:\/\/bibliapresente.com\/postagens\/wp-json\/wp\/v2\/types\/page"}],"author":[{"embeddable":true,"href":"https:\/\/bibliapresente.com\/postagens\/wp-json\/wp\/v2\/users\/2"}],"replies":[{"embeddable":true,"href":"https:\/\/bibliapresente.com\/postagens\/wp-json\/wp\/v2\/comments?post=837"}],"version-history":[{"count":5,"href":"https:\/\/bibliapresente.com\/postagens\/wp-json\/wp\/v2\/pages\/837\/revisions"}],"predecessor-version":[{"id":1467,"href":"https:\/\/bibliapresente.com\/postagens\/wp-json\/wp\/v2\/pages\/837\/revisions\/1467"}],"up":[{"embeddable":true,"href":"https:\/\/bibliapresente.com\/postagens\/wp-json\/wp\/v2\/pages\/771"}],"wp:featuredmedia":[{"embeddable":true,"href":"https:\/\/bibliapresente.com\/postagens\/wp-json\/wp\/v2\/media\/772"}],"wp:attachment":[{"href":"https:\/\/bibliapresente.com\/postagens\/wp-json\/wp\/v2\/media?parent=837"}],"curies":[{"name":"wp","href":"https:\/\/api.w.org\/{rel}","templated":true}]}}