{"id":833,"date":"2025-02-04T20:01:49","date_gmt":"2025-02-04T23:01:49","guid":{"rendered":"https:\/\/bibliapresente.com\/postagens\/?page_id=833"},"modified":"2025-02-04T20:01:50","modified_gmt":"2025-02-04T23:01:50","slug":"numeros-30","status":"publish","type":"page","link":"https:\/\/bibliapresente.com\/postagens\/livros-da-biblia\/numeros\/numeros-30\/","title":{"rendered":"N\u00fameros 30 &#8211; Leis sobre Compromissos"},"content":{"rendered":"\n<p class=\"has-medium-font-size\" style=\"letter-spacing:1px\"><span><span><sup><b>1<\/b><\/sup><\/span> E falou Mois\u00e9s aos pr\u00edncipes das tribos dos filhos de Israel, dizendo: Isto \u00e9 o que o SENHOR mandou. <br><span><sup><b>2<\/b><\/sup><\/span> Quando algu\u00e9m fizer voto ao SENHOR, ou fizer juramento ligando sua alma com obriga\u00e7\u00e3o, n\u00e3o violar\u00e1 sua palavra: far\u00e1 conforme tudo o que saiu de sua boca. <br><span><sup><b>3<\/b><\/sup><\/span> Mas a mulher, quando fizer voto ao SENHOR, e se ligar com obriga\u00e7\u00e3o em casa de seu pai, em sua juventude; <br><span><sup><b>4<\/b><\/sup><\/span> Se seu pai ouvir seu voto, e a obriga\u00e7\u00e3o com que ligou sua alma, e seu pai calar a isso, todos os votos dela ser\u00e3o firmes, e toda obriga\u00e7\u00e3o com que houver ligado sua alma, firme ser\u00e1. <br><span><sup><b>5<\/b><\/sup><\/span> Mas se seu pai lhe vedar no dia que ouvir todos os seus votos e suas obriga\u00e7\u00f5es, com que ela houver ligado sua alma, n\u00e3o ser\u00e3o firmes; e o SENHOR a perdoar\u00e1, porquanto seu pai lhe vedou. <br><span><sup><b>6<\/b><\/sup><\/span> Por\u00e9m se for casada, e fizer votos, ou pronunciar de seus l\u00e1bios coisa com que obriga sua alma; <br><span><sup><b>7<\/b><\/sup><\/span> Se seu marido o ouvir, e quando o ouvir calar a isso, os votos dela ser\u00e3o firmes, e a obriga\u00e7\u00e3o com que ligou sua alma, firme ser\u00e1. <br><span><sup><b>8<\/b><\/sup><\/span> Por\u00e9m se quando seu marido o ouviu, lhe vedou, ent\u00e3o o voto que ela fez, e o que pronunciou de seus l\u00e1bios com que ligou sua alma, ser\u00e1 nulo; e o SENHOR o perdoar\u00e1. <br><span><sup><b>9<\/b><\/sup><\/span> Mas todo voto de vi\u00fava, ou repudiada, com que ligar sua alma, ser\u00e1 firme. <br><span><sup><b>10<\/b><\/sup><\/span> E se houver feito voto em casa de seu marido, e houver ligado sua alma com obriga\u00e7\u00e3o de juramento, <br><span><sup><b>11<\/b><\/sup><\/span> Se seu marido ouviu, e calou a isso, e n\u00e3o lhe vedou; ent\u00e3o todos os seus votos ser\u00e3o firmes, e toda obriga\u00e7\u00e3o com que houver ligado sua alma, firme ser\u00e1. <br><span><sup><b>12<\/b><\/sup><\/span> Mas se seu marido os anulou no dia que os ouviu; tudo o que saiu de seus l\u00e1bios quanto a seus votos, e quanto \u00e0 obriga\u00e7\u00e3o de sua alma, ser\u00e1 nulo; seu marido os anulou, e o SENHOR a perdoar\u00e1. <br><span><sup><b>13<\/b><\/sup><\/span> Todo voto, ou todo juramento obrigando-se a afligir a alma, seu marido o confirmar\u00e1, ou seu marido o anular\u00e1. <br><span><sup><b>14<\/b><\/sup><\/span> Por\u00e9m se seu marido calar a isso de dia em dia, ent\u00e3o confirmou todos os seus votos, e todas as obriga\u00e7\u00f5es que est\u00e3o sobre ela: confirmou-as, porquanto calou a isso o dia que o ouviu. <br><span><sup><b>15<\/b><\/sup><\/span> Mas se as anular depois de hav\u00ea-las ouvido, ent\u00e3o ele levar\u00e1 o pecado dela. <br><span><sup><b>16<\/b><\/sup><\/span> Estas s\u00e3o as ordenan\u00e7as que o SENHOR mandou a Mois\u00e9s entre o homem e sua mulher, entre o pai e sua filha, durante sua juventude em casa de seu pai.<\/span><\/p>\n\n\n\n<div class=\"wp-block-columns is-layout-flex wp-container-core-columns-is-layout-9d6595d7 wp-block-columns-is-layout-flex\">\n<div class=\"wp-block-column is-layout-flow wp-block-column-is-layout-flow\">\n<p><a href=\"\/numeros-29\" title=\"\">N\u00fameros 29<\/a><\/p>\n<\/div>\n\n\n\n<div class=\"wp-block-column is-layout-flow wp-block-column-is-layout-flow\">\n<p class=\"has-text-align-right\"><a href=\"\/numeros-31\" title=\"\">N\u00fameros 31<\/a><\/p>\n<\/div>\n<\/div>\n\n\n\n<h2 class=\"wp-block-heading\">Descri\u00e7\u00e3o &#8211; N\u00fameros 30<\/h2>\n\n\n\n<p class=\"has-medium-font-size\">N\u00fameros 30 trata das promessas e votos feitos ao Senhor, abordando as responsabilidades e as condi\u00e7\u00f5es para o cumprimento dos votos, especialmente no que diz respeito \u00e0s mulheres. O cap\u00edtulo detalha como um voto feito por uma mulher, seja solteira ou casada, poderia ser revogado, dependendo da situa\u00e7\u00e3o de sua autoridade familiar. Al\u00e9m disso, o cap\u00edtulo reflete sobre o papel das mulheres no contexto social e religioso de Israel, destacando a import\u00e2ncia da palavra empenhada e a necessidade de fidelidade a Deus. Esse cap\u00edtulo enfatiza a rela\u00e7\u00e3o entre compromisso pessoal e a obedi\u00eancia \u00e0s leis divinas.<\/p>\n\n\n\n<h3 class=\"wp-block-heading\">Livro dos N\u00fameros:<\/h3>\n\n\n\n\n\n<p><\/p>\n","protected":false},"excerpt":{"rendered":"<p>1 E falou Mois\u00e9s aos pr\u00edncipes das tribos dos filhos de Israel, dizendo: Isto \u00e9 o que o SENHOR mandou. 2 Quando algu\u00e9m fizer voto ao SENHOR, ou fizer juramento ligando sua alma com obriga\u00e7\u00e3o, n\u00e3o violar\u00e1 sua palavra: far\u00e1 conforme tudo o que saiu de sua boca. 3 Mas a mulher, quando fizer voto &hellip; <\/p>\n","protected":false},"author":2,"featured_media":772,"parent":771,"menu_order":30,"comment_status":"closed","ping_status":"closed","template":"","meta":{"om_disable_all_campaigns":false,"_monsterinsights_skip_tracking":false,"_monsterinsights_sitenote_active":false,"_monsterinsights_sitenote_note":"","_monsterinsights_sitenote_category":0,"footnotes":""},"class_list":["post-833","page","type-page","status-publish","has-post-thumbnail","hentry"],"aioseo_notices":[],"_links":{"self":[{"href":"https:\/\/bibliapresente.com\/postagens\/wp-json\/wp\/v2\/pages\/833","targetHints":{"allow":["GET"]}}],"collection":[{"href":"https:\/\/bibliapresente.com\/postagens\/wp-json\/wp\/v2\/pages"}],"about":[{"href":"https:\/\/bibliapresente.com\/postagens\/wp-json\/wp\/v2\/types\/page"}],"author":[{"embeddable":true,"href":"https:\/\/bibliapresente.com\/postagens\/wp-json\/wp\/v2\/users\/2"}],"replies":[{"embeddable":true,"href":"https:\/\/bibliapresente.com\/postagens\/wp-json\/wp\/v2\/comments?post=833"}],"version-history":[{"count":5,"href":"https:\/\/bibliapresente.com\/postagens\/wp-json\/wp\/v2\/pages\/833\/revisions"}],"predecessor-version":[{"id":1465,"href":"https:\/\/bibliapresente.com\/postagens\/wp-json\/wp\/v2\/pages\/833\/revisions\/1465"}],"up":[{"embeddable":true,"href":"https:\/\/bibliapresente.com\/postagens\/wp-json\/wp\/v2\/pages\/771"}],"wp:featuredmedia":[{"embeddable":true,"href":"https:\/\/bibliapresente.com\/postagens\/wp-json\/wp\/v2\/media\/772"}],"wp:attachment":[{"href":"https:\/\/bibliapresente.com\/postagens\/wp-json\/wp\/v2\/media?parent=833"}],"curies":[{"name":"wp","href":"https:\/\/api.w.org\/{rel}","templated":true}]}}