{"id":829,"date":"2025-02-04T19:55:41","date_gmt":"2025-02-04T22:55:41","guid":{"rendered":"https:\/\/bibliapresente.com\/postagens\/?page_id=829"},"modified":"2025-02-04T19:57:10","modified_gmt":"2025-02-04T22:57:10","slug":"numeros-28","status":"publish","type":"page","link":"https:\/\/bibliapresente.com\/postagens\/livros-da-biblia\/numeros\/numeros-28\/","title":{"rendered":"N\u00fameros 28 &#8211; Leis sobre Ofertas Di\u00e1rias"},"content":{"rendered":"\n<p class=\"has-medium-font-size\" style=\"letter-spacing:1px\"><span><span><sup><b>1<\/b><\/sup><\/span> E falou o SENHOR a Mois\u00e9s, dizendo: <br><span><sup><b>2<\/b><\/sup><\/span> Manda aos filhos de Israel, e dize-lhes: Mi oferta, meu p\u00e3o com minhas ofertas acendidas em cheiro a mim agrad\u00e1vel, guardareis, oferecendo-me a seu tempo. <br><span><sup><b>3<\/b><\/sup><\/span> E lhes dir\u00e1s: Esta \u00e9 a oferta acesa que oferecereis ao SENHOR: dois cordeiros sem m\u00e1cula de ano, cada dia, ser\u00e1 o holocausto cont\u00ednuo. <br><span><sup><b>4<\/b><\/sup><\/span> Um cordeiro oferecer\u00e1s pela manh\u00e3, e o outro cordeiro oferecer\u00e1s entre as duas tardes: <br><span><sup><b>5<\/b><\/sup><\/span> E a d\u00e9cima de um efa de flor de farinha, amassada com uma quarta parte de um him de azeite prensado, em oferta de cereais. <br><span><sup><b>6<\/b><\/sup><\/span> \u00c9 holocausto cont\u00ednuo, que foi feito no monte Sinai em cheiro suave, oferta acesa ao SENHOR. <br><span><sup><b>7<\/b><\/sup><\/span> E sua liba\u00e7\u00e3o, a quarta parte de um him com cada cordeiro: derramar\u00e1s liba\u00e7\u00e3o de superior vinho ao SENHOR no santu\u00e1rio. <br><span><sup><b>8<\/b><\/sup><\/span> E oferecer\u00e1s o segundo cordeiro entre as duas tardes: conforme a oferta da manh\u00e3, e conforme sua liba\u00e7\u00e3o oferecer\u00e1s, oferta acesa em cheiro suave ao SENHOR. <br><span><sup><b>9<\/b><\/sup><\/span> Mas no dia do s\u00e1bado dois cordeiros de ano sem defeito, e duas d\u00edzimas de flor de farinha amassada com azeite, por oferta de cereais, com sua liba\u00e7\u00e3o: <br><span><sup><b>10<\/b><\/sup><\/span> \u00c9 o holocausto do s\u00e1bado em cada s\u00e1bado, al\u00e9m do holocausto cont\u00ednuo e sua liba\u00e7\u00e3o. <br><span><sup><b>11<\/b><\/sup><\/span> E nos princ\u00edpios de vossos meses oferecereis em holocausto ao SENHOR dois bezerros das vacas, e um carneiro, e sete cordeiros de ano sem defeito; <br><span><sup><b>12<\/b><\/sup><\/span> E tr\u00eas d\u00edzimas de flor de farinha amassada com azeite, por oferta de cereais com cada bezerro; e duas d\u00edzimas de flor de farinha amassada com azeite, por oferta de cereais com cada carneiro; <br><span><sup><b>13<\/b><\/sup><\/span> E uma d\u00edzima de flor de farinha amassada com azeite, em oferta de cereais com cada cordeiro: holocausto de cheiro suave, oferta acesa ao SENHOR. <br><span><sup><b>14<\/b><\/sup><\/span> E suas liba\u00e7\u00f5es de vinho, meio him com cada bezerro, e o ter\u00e7o de um him com cada carneiro, e a quarta parte de um him com cada cordeiro. Este \u00e9 o holocausto de cada m\u00eas por todos os meses do ano. <br><span><sup><b>15<\/b><\/sup><\/span> E um bode macho em expia\u00e7\u00e3o se oferecer\u00e1 ao SENHOR, al\u00e9m do holocausto cont\u00ednuo com sua liba\u00e7\u00e3o. <br><span><sup><b>16<\/b><\/sup><\/span> Mas no m\u00eas primeiro, aos catorze do m\u00eas ser\u00e1 a p\u00e1scoa do SENHOR. <br><span><sup><b>17<\/b><\/sup><\/span> E aos quinze dias deste m\u00eas, a solenidade: por sete dias se comer\u00e3o p\u00e3es \u00e1zimos. <br><span><sup><b>18<\/b><\/sup><\/span> No primeiro dia, santa convoca\u00e7\u00e3o; nenhuma obra servil fareis: <br><span><sup><b>19<\/b><\/sup><\/span> E oferecereis por oferta acesa em holocausto ao SENHOR dois bezerros das vacas, e um carneiro, e sete cordeiros de ano: sem defeito os tomareis: <br><span><sup><b>20<\/b><\/sup><\/span> E sua oferta de cereais de farinha amassada com azeite: tr\u00eas d\u00edzimas com cada bezerro, e duas d\u00edzimas com cada carneiro oferecereis; <br><span><sup><b>21<\/b><\/sup><\/span> Com cada um dos sete cordeiros oferecereis uma d\u00edzima; <br><span><sup><b>22<\/b><\/sup><\/span> E um bode macho por expia\u00e7\u00e3o, para reconciliar-vos. <br><span><sup><b>23<\/b><\/sup><\/span> Isto oferecereis al\u00e9m do holocausto da manh\u00e3, que \u00e9 o holocausto cont\u00ednuo. <br><span><sup><b>24<\/b><\/sup><\/span> Conforme isto oferecereis cada um dos sete dias, comida e oferta acesa em cheiro suave ao SENHOR; oferecer-se h\u00e1, al\u00e9m do holocausto cont\u00ednuo, com sua liba\u00e7\u00e3o. <br><span><sup><b>25<\/b><\/sup><\/span> E no s\u00e9timo dia tereis santa convoca\u00e7\u00e3o: nenhuma obra servil fareis. <br><span><sup><b>26<\/b><\/sup><\/span> Tamb\u00e9m o dia das prim\u00edcias, quando oferecerdes oferta de cereais nova ao SENHOR em vossas semanas, tereis santa convoca\u00e7\u00e3o: nenhuma obra servil fareis: <br><span><sup><b>27<\/b><\/sup><\/span> E oferecereis em holocausto, em cheiro suave ao SENHOR, dois bezerros das vacas, um carneiro, sete cordeiros de ano: <br><span><sup><b>28<\/b><\/sup><\/span> E a oferta de cereais deles, flor de farinha amassada com azeite, tr\u00eas d\u00edzimas com cada bezerro, duas d\u00edzimas com cada carneiro, <br><span><sup><b>29<\/b><\/sup><\/span> Com cada um dos sete cordeiros uma d\u00edzima; <br><span><sup><b>30<\/b><\/sup><\/span> Um bode macho, para fazer expia\u00e7\u00e3o por v\u00f3s. <br><span><sup><b>31<\/b><\/sup><\/span> Os oferecereis, al\u00e9m do holocausto cont\u00ednuo com suas ofertas de cereais, e suas liba\u00e7\u00f5es: sem defeito os tomareis.<\/span><\/p>\n\n\n\n<div class=\"wp-block-columns is-layout-flex wp-container-core-columns-is-layout-9d6595d7 wp-block-columns-is-layout-flex\">\n<div class=\"wp-block-column is-layout-flow wp-block-column-is-layout-flow\">\n<p><a href=\"\/numeros-27\" title=\"\">N\u00fameros 27<\/a><\/p>\n<\/div>\n\n\n\n<div class=\"wp-block-column is-layout-flow wp-block-column-is-layout-flow\">\n<p class=\"has-text-align-right\"><a href=\"\/numeros-29\" title=\"\">N\u00fameros 29<\/a><\/p>\n<\/div>\n<\/div>\n\n\n\n<h2 class=\"wp-block-heading\">Descri\u00e7\u00e3o &#8211; N\u00fameros 28<\/h2>\n\n\n\n<p class=\"has-medium-font-size\">N\u00fameros 28 detalha as instru\u00e7\u00f5es de Deus sobre os sacrif\u00edcios di\u00e1rios, semanais e mensais que deveriam ser realizados pelos israelitas. O cap\u00edtulo descreve os holocaustos e ofertas de manjares que deveriam ser feitos a Deus, incluindo o sacrif\u00edcio de dois cordeiros todos os dias, al\u00e9m de ofertas espec\u00edficas para o s\u00e1bado e para as festas religiosas, como a P\u00e1scoa, a Festa das Semanas e a Festa das Trombetas. Essas diretrizes enfatizam a import\u00e2ncia da adora\u00e7\u00e3o constante e da santidade em meio \u00e0 caminhada do povo de Israel, mantendo sua alian\u00e7a com Deus por meio de rituais estabelecidos.<\/p>\n\n\n\n<h3 class=\"wp-block-heading\">Livro dos N\u00fameros:<\/h3>\n\n\n\n\n\n<p><\/p>\n","protected":false},"excerpt":{"rendered":"<p>1 E falou o SENHOR a Mois\u00e9s, dizendo: 2 Manda aos filhos de Israel, e dize-lhes: Mi oferta, meu p\u00e3o com minhas ofertas acendidas em cheiro a mim agrad\u00e1vel, guardareis, oferecendo-me a seu tempo. 3 E lhes dir\u00e1s: Esta \u00e9 a oferta acesa que oferecereis ao SENHOR: dois cordeiros sem m\u00e1cula de ano, cada dia, &hellip; <\/p>\n","protected":false},"author":2,"featured_media":772,"parent":771,"menu_order":28,"comment_status":"closed","ping_status":"closed","template":"","meta":{"om_disable_all_campaigns":false,"_monsterinsights_skip_tracking":false,"_monsterinsights_sitenote_active":false,"_monsterinsights_sitenote_note":"","_monsterinsights_sitenote_category":0,"footnotes":""},"class_list":["post-829","page","type-page","status-publish","has-post-thumbnail","hentry"],"aioseo_notices":[],"_links":{"self":[{"href":"https:\/\/bibliapresente.com\/postagens\/wp-json\/wp\/v2\/pages\/829","targetHints":{"allow":["GET"]}}],"collection":[{"href":"https:\/\/bibliapresente.com\/postagens\/wp-json\/wp\/v2\/pages"}],"about":[{"href":"https:\/\/bibliapresente.com\/postagens\/wp-json\/wp\/v2\/types\/page"}],"author":[{"embeddable":true,"href":"https:\/\/bibliapresente.com\/postagens\/wp-json\/wp\/v2\/users\/2"}],"replies":[{"embeddable":true,"href":"https:\/\/bibliapresente.com\/postagens\/wp-json\/wp\/v2\/comments?post=829"}],"version-history":[{"count":5,"href":"https:\/\/bibliapresente.com\/postagens\/wp-json\/wp\/v2\/pages\/829\/revisions"}],"predecessor-version":[{"id":1463,"href":"https:\/\/bibliapresente.com\/postagens\/wp-json\/wp\/v2\/pages\/829\/revisions\/1463"}],"up":[{"embeddable":true,"href":"https:\/\/bibliapresente.com\/postagens\/wp-json\/wp\/v2\/pages\/771"}],"wp:featuredmedia":[{"embeddable":true,"href":"https:\/\/bibliapresente.com\/postagens\/wp-json\/wp\/v2\/media\/772"}],"wp:attachment":[{"href":"https:\/\/bibliapresente.com\/postagens\/wp-json\/wp\/v2\/media?parent=829"}],"curies":[{"name":"wp","href":"https:\/\/api.w.org\/{rel}","templated":true}]}}