{"id":827,"date":"2025-02-04T19:54:42","date_gmt":"2025-02-04T22:54:42","guid":{"rendered":"https:\/\/bibliapresente.com\/postagens\/?page_id=827"},"modified":"2025-02-04T19:54:43","modified_gmt":"2025-02-04T22:54:43","slug":"numeros-27","status":"publish","type":"page","link":"https:\/\/bibliapresente.com\/postagens\/livros-da-biblia\/numeros\/numeros-27\/","title":{"rendered":"N\u00fameros 27 &#8211; As Filhas de Zelofeade"},"content":{"rendered":"\n<p class=\"has-medium-font-size\" style=\"letter-spacing:1px\"><span><span><sup><b>1<\/b><\/sup><\/span> E as filhas de Zelofeade, filho de H\u00e9fer, filho de Gileade, filho de Maquir, filho de Manass\u00e9s, das fam\u00edlias de Manass\u00e9s, filho de Jos\u00e9, os nomes das quais eram Maal\u00e1, e Noa, e Hogla, e Milca, e Tirza, chegaram; <br><span><sup><b>2<\/b><\/sup><\/span> E apresentaram-se diante de Mois\u00e9s, e diante do sacerdote Eleazar, e diante dos pr\u00edncipes, e de toda a congrega\u00e7\u00e3o, \u00e0 porta do tabern\u00e1culo do testemunho, e disseram: <br><span><sup><b>3<\/b><\/sup><\/span> Nosso pai morreu no deserto, o qual n\u00e3o esteve na junta que se reuniu contra o SENHOR na companhia de Cor\u00e9: mas sim que em seu pecado morreu, e n\u00e3o teve filhos. <br><span><sup><b>4<\/b><\/sup><\/span> Por que ser\u00e1 tirado o nome de nosso pai dentre sua fam\u00edlia, por n\u00e3o haver tido filho? D\u00e1-nos heran\u00e7a entre os irm\u00e3os de nosso pai. <br><span><sup><b>5<\/b><\/sup><\/span> E Mois\u00e9s levou sua causa diante do SENHOR. <br><span><sup><b>6<\/b><\/sup><\/span> E o SENHOR respondeu a Mois\u00e9s, dizendo: <br><span><sup><b>7<\/b><\/sup><\/span> Bem dizem as filhas de Zelofeade: h\u00e1s de dar-lhes possess\u00e3o de heran\u00e7a entre os irm\u00e3os de seu pai; e passar\u00e1s a heran\u00e7a de seu pai a elas. <br><span><sup><b>8<\/b><\/sup><\/span> E aos filhos de Israel falar\u00e1s, dizendo: Quando algu\u00e9m morrer sem filhos, passareis sua heran\u00e7a \u00e0 sua filha: <br><span><sup><b>9<\/b><\/sup><\/span> E se n\u00e3o tiver filha, dareis sua heran\u00e7a a seus irm\u00e3os: <br><span><sup><b>10<\/b><\/sup><\/span> E se n\u00e3o tiver irm\u00e3os, dareis sua heran\u00e7a aos irm\u00e3os de seu pai. <br><span><sup><b>11<\/b><\/sup><\/span> E se seu pai n\u00e3o tiver irm\u00e3os, dareis sua heran\u00e7a a seu parente mais pr\u00f3ximo de sua linhagem, o qual a possuir\u00e1: e ser\u00e1 aos filhos de Israel por estatuto de regulamento, como o SENHOR mandou a Mois\u00e9s. <br><span><sup><b>12<\/b><\/sup><\/span> E o SENHOR disse a Mois\u00e9s: Sobe a este monte Abarim, e ver\u00e1s a terra que dei aos filhos de Israel. <br><span><sup><b>13<\/b><\/sup><\/span> E depois que a houverdes visto, tu tamb\u00e9m ser\u00e1s reunido a teus povos, como foi reunido teu irm\u00e3o Ar\u00e3o: <br><span><sup><b>14<\/b><\/sup><\/span> Pois fostes rebeldes a meu dito no deserto de Zim, na briga da congrega\u00e7\u00e3o, para santificar-me nas \u00e1guas \u00e0 vista deles. Estas s\u00e3o as \u00e1guas da briga de Cades no deserto de Zim. <br><span><sup><b>15<\/b><\/sup><\/span> Ent\u00e3o respondeu Mois\u00e9s ao SENHOR, dizendo: <br><span><sup><b>16<\/b><\/sup><\/span> Ponha o SENHOR, Deus dos esp\u00edritos de toda carne, homem sobre a congrega\u00e7\u00e3o, <br><span><sup><b>17<\/b><\/sup><\/span> Que saia diante deles, e que entre diante deles, que os tire e os introduza; para que a congrega\u00e7\u00e3o do SENHOR n\u00e3o seja como ovelhas sem pastor. <br><span><sup><b>18<\/b><\/sup><\/span> E o SENHOR disse a Mois\u00e9s: Toma a Josu\u00e9 filho de Num, homem no qual h\u00e1 esp\u00edrito, e por\u00e1s tua m\u00e3o sobre ele; <br><span><sup><b>19<\/b><\/sup><\/span> E o por\u00e1s diante de Eleazar o sacerdote, e diante de toda a congrega\u00e7\u00e3o; e lhe dar\u00e1s ordens em presen\u00e7a deles. <br><span><sup><b>20<\/b><\/sup><\/span> E por\u00e1s de tua dignidade sobre ele, para que toda a congrega\u00e7\u00e3o dos filhos de Israel lhe obede\u00e7am. <br><span><sup><b>21<\/b><\/sup><\/span> E ele estar\u00e1 diante de Eleazar o sacerdote, e a ele perguntar\u00e1 pelo ju\u00edzo do Urim diante do SENHOR: pelo dito dele sair\u00e3o, e pelo dito dele entrar\u00e3o, ele, e todos os filhos de Israel com ele, e toda a congrega\u00e7\u00e3o. <br><span><sup><b>22<\/b><\/sup><\/span> E Mois\u00e9s fez como o SENHOR lhe havia mandado; que tomou a Josu\u00e9, e lhe p\u00f4s diante de Eleazar o sacerdote, e de toda a congrega\u00e7\u00e3o: <br><span><sup><b>23<\/b><\/sup><\/span> E p\u00f4s sobre ele suas m\u00e3os, e deu-lhe ordens, como o SENHOR havia mandado por meio de Mois\u00e9s.<\/span><\/p>\n\n\n\n<div class=\"wp-block-columns is-layout-flex wp-container-core-columns-is-layout-9d6595d7 wp-block-columns-is-layout-flex\">\n<div class=\"wp-block-column is-layout-flow wp-block-column-is-layout-flow\">\n<p><a href=\"\/numeros-26\" title=\"\">N\u00fameros 26<\/a><\/p>\n<\/div>\n\n\n\n<div class=\"wp-block-column is-layout-flow wp-block-column-is-layout-flow\">\n<p class=\"has-text-align-right\"><a href=\"\/numeros-28\" title=\"\">N\u00fameros 28<\/a><\/p>\n<\/div>\n<\/div>\n\n\n\n<h2 class=\"wp-block-heading\">Descri\u00e7\u00e3o &#8211; N\u00fameros 27<\/h2>\n\n\n\n<p class=\"has-medium-font-size\">N\u00fameros 27 descreve o momento em que as filhas de Zelofeade, uma das fam\u00edlias de Manass\u00e9s, reivindicam seu direito \u00e0 heran\u00e7a, visto que seu pai morreu sem filhos homens. Deus confirma o pedido delas, estabelecendo um precedente para quest\u00f5es de heran\u00e7a. O cap\u00edtulo tamb\u00e9m narra a ordena\u00e7\u00e3o de Josu\u00e9 como sucessor de Mois\u00e9s. O Senhor instrui Mois\u00e9s a transferir parte de sua autoridade a Josu\u00e9, preparando-o para liderar Israel na conquista da Terra Prometida. Este cap\u00edtulo destaca temas de justi\u00e7a, heran\u00e7a e lideran\u00e7a, refletindo a continuidade do plano divino para o povo de Israel.<\/p>\n\n\n\n<h3 class=\"wp-block-heading\">Livro dos N\u00fameros:<\/h3>\n\n\n\n\n\n<p><\/p>\n","protected":false},"excerpt":{"rendered":"<p>1 E as filhas de Zelofeade, filho de H\u00e9fer, filho de Gileade, filho de Maquir, filho de Manass\u00e9s, das fam\u00edlias de Manass\u00e9s, filho de Jos\u00e9, os nomes das quais eram Maal\u00e1, e Noa, e Hogla, e Milca, e Tirza, chegaram; 2 E apresentaram-se diante de Mois\u00e9s, e diante do sacerdote Eleazar, e diante dos pr\u00edncipes, &hellip; <\/p>\n","protected":false},"author":2,"featured_media":772,"parent":771,"menu_order":27,"comment_status":"closed","ping_status":"closed","template":"","meta":{"om_disable_all_campaigns":false,"_monsterinsights_skip_tracking":false,"_monsterinsights_sitenote_active":false,"_monsterinsights_sitenote_note":"","_monsterinsights_sitenote_category":0,"footnotes":""},"class_list":["post-827","page","type-page","status-publish","has-post-thumbnail","hentry"],"aioseo_notices":[],"_links":{"self":[{"href":"https:\/\/bibliapresente.com\/postagens\/wp-json\/wp\/v2\/pages\/827","targetHints":{"allow":["GET"]}}],"collection":[{"href":"https:\/\/bibliapresente.com\/postagens\/wp-json\/wp\/v2\/pages"}],"about":[{"href":"https:\/\/bibliapresente.com\/postagens\/wp-json\/wp\/v2\/types\/page"}],"author":[{"embeddable":true,"href":"https:\/\/bibliapresente.com\/postagens\/wp-json\/wp\/v2\/users\/2"}],"replies":[{"embeddable":true,"href":"https:\/\/bibliapresente.com\/postagens\/wp-json\/wp\/v2\/comments?post=827"}],"version-history":[{"count":5,"href":"https:\/\/bibliapresente.com\/postagens\/wp-json\/wp\/v2\/pages\/827\/revisions"}],"predecessor-version":[{"id":1462,"href":"https:\/\/bibliapresente.com\/postagens\/wp-json\/wp\/v2\/pages\/827\/revisions\/1462"}],"up":[{"embeddable":true,"href":"https:\/\/bibliapresente.com\/postagens\/wp-json\/wp\/v2\/pages\/771"}],"wp:featuredmedia":[{"embeddable":true,"href":"https:\/\/bibliapresente.com\/postagens\/wp-json\/wp\/v2\/media\/772"}],"wp:attachment":[{"href":"https:\/\/bibliapresente.com\/postagens\/wp-json\/wp\/v2\/media?parent=827"}],"curies":[{"name":"wp","href":"https:\/\/api.w.org\/{rel}","templated":true}]}}