{"id":825,"date":"2025-02-04T19:53:32","date_gmt":"2025-02-04T22:53:32","guid":{"rendered":"https:\/\/bibliapresente.com\/postagens\/?page_id=825"},"modified":"2025-02-04T19:53:32","modified_gmt":"2025-02-04T22:53:32","slug":"numeros-26","status":"publish","type":"page","link":"https:\/\/bibliapresente.com\/postagens\/livros-da-biblia\/numeros\/numeros-26\/","title":{"rendered":"N\u00fameros 26 &#8211; Segundo Censo de Israel"},"content":{"rendered":"\n<p class=\"has-medium-font-size\" style=\"letter-spacing:1px\"><span><span><sup><b>1<\/b><\/sup><\/span> E aconteceu depois da mortandade, que o SENHOR falou a Mois\u00e9s, e a Eleazar filho do sacerdote Ar\u00e3o, dizendo: <br><span><sup><b>2<\/b><\/sup><\/span> Tomai a soma de toda a congrega\u00e7\u00e3o dos filhos de Israel, de vinte anos acima, pelas casas de seus pais, todos os que possam sair \u00e0 guerra em Israel. <br><span><sup><b>3<\/b><\/sup><\/span> E Mois\u00e9s e Eleazar o sacerdote falaram com eles nos campos de Moabe, junto ao Jord\u00e3o de Jeric\u00f3, dizendo: <br><span><sup><b>4<\/b><\/sup><\/span> Contareis o povo de vinte anos acima, como mandou o SENHOR a Mois\u00e9s e aos filhos de Israel, que haviam sa\u00eddo da terra do Egito. <br><span><sup><b>5<\/b><\/sup><\/span> R\u00faben primog\u00eanito de Israel: os filhos de R\u00faben: Enoque, do qual era a fam\u00edlia dos enoquitas; de Palu, a fam\u00edlia dos palu\u00edtas; <br><span><sup><b>6<\/b><\/sup><\/span> De Hezrom, a fam\u00edlia dos hezronitas; de Carmi, a fam\u00edlia dos carmitas. <br><span><sup><b>7<\/b><\/sup><\/span> Estas s\u00e3o as fam\u00edlias dos rubenitas: e seus contados foram quarenta e tr\u00eas mil setecentos e trinta. <br><span><sup><b>8<\/b><\/sup><\/span> E os filhos de Palu: Eliabe. <br><span><sup><b>9<\/b><\/sup><\/span> E os filhos de Eliabe: Nemuel, e Dat\u00e3, e Abir\u00e3o. Estes Dat\u00e3 e Abir\u00e3o foram os do conselho da congrega\u00e7\u00e3o, que fizeram o motim contra Mois\u00e9s e Ar\u00e3o com a companhia de Cor\u00e9, quando se amotinaram contra o SENHOR. <br><span><sup><b>10<\/b><\/sup><\/span> Que a terra abriu sua boca e tragou a eles e a Cor\u00e9, quando aquela companhia morreu, quando consumiu o fogo duzentos e cinquenta homens, os quais foram por sinal. <br><span><sup><b>11<\/b><\/sup><\/span> Mas os filhos de Cor\u00e9 n\u00e3o morreram. <br><span><sup><b>12<\/b><\/sup><\/span> Os filhos de Sime\u00e3o por suas fam\u00edlias: de Nemuel, a fam\u00edlia dos nemuelitas; de Jamim, a fam\u00edlia dos jaminitas; de Jaquim, a fam\u00edlia dos jaquinitas; <br><span><sup><b>13<\/b><\/sup><\/span> De Zer\u00e1, a fam\u00edlia dos zera\u00edtas; de Saul, a fam\u00edlia dos saulitas. <br><span><sup><b>14<\/b><\/sup><\/span> Estas s\u00e3o as fam\u00edlias dos simeonitas, vinte e dois mil e duzentos. <br><span><sup><b>15<\/b><\/sup><\/span> Os filhos de Gade por suas fam\u00edlias: de Zefom, a fam\u00edlia dos zefonitas; de Hagi, a fam\u00edlia dos hagitas; de Suni, a fam\u00edlia dos sunitas; <br><span><sup><b>16<\/b><\/sup><\/span> De Ozni, a fam\u00edlia dos oznitas; de Eri, a fam\u00edlia dos eritas; <br><span><sup><b>17<\/b><\/sup><\/span> De Arodi, a fam\u00edlia dos aroditas; de Areli, a fam\u00edlia dos arelitas. <br><span><sup><b>18<\/b><\/sup><\/span> Estas s\u00e3o as fam\u00edlias de Gade, por seus contados, quarenta mil e quinhentos. <br><span><sup><b>19<\/b><\/sup><\/span> Os filhos de Jud\u00e1: Er e On\u00e3; e Er e On\u00e3 morreram na terra de Cana\u00e3. <br><span><sup><b>20<\/b><\/sup><\/span> E foram os filhos de Jud\u00e1 por suas fam\u00edlias: de Sel\u00e1, a fam\u00edlia dos selanitas; de Perez, a fam\u00edlia dos perezitas; de Zer\u00e1, a fam\u00edlia dos zera\u00edtas. <br><span><sup><b>21<\/b><\/sup><\/span> E foram os filhos de Perez: de Hezrom, a fam\u00edlia dos hezronitas; de Hamul, a fam\u00edlia dos hamulitas. <br><span><sup><b>22<\/b><\/sup><\/span> Estas s\u00e3o as fam\u00edlias de Jud\u00e1, por seus contados, setenta e seis mil e quinhentos. <br><span><sup><b>23<\/b><\/sup><\/span> Os filhos de Issacar por suas fam\u00edlias: de Tola, a fam\u00edlia dos tola\u00edtas; de Pu\u00e1 a fam\u00edlia dos puvitas; <br><span><sup><b>24<\/b><\/sup><\/span> De Jasube, a fam\u00edlia dos jasubitas; de Sinrom, a fam\u00edlia dos sinronitas. <br><span><sup><b>25<\/b><\/sup><\/span> Estas s\u00e3o as fam\u00edlias de Issacar, por seus contados, sessenta e quatro mil e trezentos. <br><span><sup><b>26<\/b><\/sup><\/span> Os filhos de Zebulom por suas fam\u00edlias: de Serede, a fam\u00edlia dos sereditas; de Elom, a fam\u00edlia dos elonitas; de Jaleel, a fam\u00edlia dos jaleelitas. <br><span><sup><b>27<\/b><\/sup><\/span> Estas s\u00e3o as fam\u00edlias dos zebulonitas, por seus contados, sessenta mil e quinhentos. <br><span><sup><b>28<\/b><\/sup><\/span> Os filhos de Jos\u00e9 por suas fam\u00edlias: Manass\u00e9s e Efraim. <br><span><sup><b>29<\/b><\/sup><\/span> Os filhos de Manass\u00e9s: de Maquir, a fam\u00edlia dos maquiritas; e Maquir gerou a Gileade; de Gileade, a fam\u00edlia dos gileaditas. <br><span><sup><b>30<\/b><\/sup><\/span> Estes s\u00e3o os filhos de Gileade: de Jezer, a fam\u00edlia dos jezeritas; de Heleque, a fam\u00edlia dos helequitas; <br><span><sup><b>31<\/b><\/sup><\/span> De Asriel, a fam\u00edlia dos asrielitas: de Siqu\u00e9m, a fam\u00edlia dos siquemitas; <br><span><sup><b>32<\/b><\/sup><\/span> De Semida, a fam\u00edlia dos semida\u00edtas; de H\u00e9fer, a fam\u00edlia dos heferitas. <br><span><sup><b>33<\/b><\/sup><\/span> E Zelofeade, filho de H\u00e9fer, n\u00e3o teve filhos somente filhas: e os nomes das filhas de Zelofeade foram Maal\u00e1, e Noa, e Hogla, e Milca, e Tirza. <br><span><sup><b>34<\/b><\/sup><\/span> Estas s\u00e3o as fam\u00edlias de Manass\u00e9s; e seus contados, cinquenta e dois mil e setecentos. <br><span><sup><b>35<\/b><\/sup><\/span> Estes s\u00e3o os filhos de Efraim por suas fam\u00edlias: de Sutela, a fam\u00edlia dos sutela\u00edtas; de Bequer, a fam\u00edlia dos bequeritas; de Ta\u00e3, a fam\u00edlia dos taanitas. <br><span><sup><b>36<\/b><\/sup><\/span> E estes s\u00e3o os filhos de Sutela: de Er\u00e3, a fam\u00edlia dos eranitas. <br><span><sup><b>37<\/b><\/sup><\/span> Estas s\u00e3o as fam\u00edlias dos filhos de Efraim, por seus contados, trinta e dois mil e quinhentos. Estes s\u00e3o os filhos de Jos\u00e9 por suas fam\u00edlias. <br><span><sup><b>38<\/b><\/sup><\/span> Os filhos de Benjamim por suas fam\u00edlias: de Bel\u00e1, a fam\u00edlia dos bela\u00edtas; de Asbel, a fam\u00edlia dos asbelitas; de Air\u00e3, a fam\u00edlia dos airamitas; <br><span><sup><b>39<\/b><\/sup><\/span> De Suf\u00e3, a fam\u00edlia dos sufamitas; de Huf\u00e3, a fam\u00edlia dos hufamitas. <br><span><sup><b>40<\/b><\/sup><\/span> E os filhos de Bel\u00e1 foram Arde e Naam\u00e3: de Arde, a fam\u00edlia dos arditas; de Naam\u00e3, a fam\u00edlia dos naamanitas. <br><span><sup><b>41<\/b><\/sup><\/span> Estes s\u00e3o os filhos de Benjamim por suas fam\u00edlias; e seus contados, quarenta e cinco mil e seiscentos. <br><span><sup><b>42<\/b><\/sup><\/span> Estes s\u00e3o os filhos de D\u00e3 por suas fam\u00edlias: de Su\u00e3, a fam\u00edlia dos suamitas. Estas s\u00e3o as fam\u00edlias de D\u00e3 por suas fam\u00edlias. <br><span><sup><b>43<\/b><\/sup><\/span> Todas as fam\u00edlias dos suamitas, por seus contados, sessenta e quatro mil e quatrocentos. <br><span><sup><b>44<\/b><\/sup><\/span> Os filhos de Aser por suas fam\u00edlias: de Imna, a fam\u00edlia dos imna\u00edtas; de Isvi, a fam\u00edlia dos isvitas; de Berias, a fam\u00edlia dos beriitas. <br><span><sup><b>45<\/b><\/sup><\/span> Os filhos de Berias: de H\u00e9ber, a fam\u00edlia dos heberitas; de Malquiel, a fam\u00edlia dos malquielitas. <br><span><sup><b>46<\/b><\/sup><\/span> E o nome da filha de Aser foi Sera. <br><span><sup><b>47<\/b><\/sup><\/span> Estas s\u00e3o as fam\u00edlias dos filhos de Aser, por seus contados, cinquenta e tr\u00eas mil e quatrocentos. <br><span><sup><b>48<\/b><\/sup><\/span> Os filhos de Naftali por suas fam\u00edlias: de Jazeel, a fam\u00edlia dos jazeelitas; de Guni, a fam\u00edlia dos gunitas; <br><span><sup><b>49<\/b><\/sup><\/span> De Jezer, a fam\u00edlia dos jezeritas; de Sil\u00e9m, a fam\u00edlia dos silemitas. <br><span><sup><b>50<\/b><\/sup><\/span> Estas s\u00e3o as fam\u00edlias de Naftali por suas fam\u00edlias; e seus contados, quarenta e cinco mil e quatrocentos. <br><span><sup><b>51<\/b><\/sup><\/span> Estes s\u00e3o os contados dos filhos de Israel, seiscentos e um mil setecentos e trinta. <br><span><sup><b>52<\/b><\/sup><\/span> E falou o SENHOR a Mois\u00e9s, dizendo: <br><span><sup><b>53<\/b><\/sup><\/span> A estes se repartir\u00e1 a terra em heran\u00e7a, pela conta dos nomes. <br><span><sup><b>54<\/b><\/sup><\/span> Aos mais dar\u00e1s maior heran\u00e7a, e aos menos menor; e a cada um se lhe dar\u00e1 sua heran\u00e7a conforme seus contados. <br><span><sup><b>55<\/b><\/sup><\/span> Por\u00e9m a terra ser\u00e1 repartida por sorteio; e pelos nomes das tribos de seus pais herdar\u00e3o. <br><span><sup><b>56<\/b><\/sup><\/span> Conforme a sorte ser\u00e1 repartida sua heran\u00e7a entre o grande e o pequeno. <br><span><sup><b>57<\/b><\/sup><\/span> E os contados dos levitas por suas fam\u00edlias s\u00e3o estes: de G\u00e9rson, a fam\u00edlia dos gersonitas; de Coate, a fam\u00edlia dos coatitas; de Merari, a fam\u00edlia dos meraritas. <br><span><sup><b>58<\/b><\/sup><\/span> Estas s\u00e3o as fam\u00edlias dos levitas: a fam\u00edlia dos libnitas, a fam\u00edlia dos hebronitas, a fam\u00edlia dos malitas, a fam\u00edlia dos musitas, a fam\u00edlia dos cora\u00edtas. E Coate gerou a Anr\u00e3o. <br><span><sup><b>59<\/b><\/sup><\/span> E a mulher de Anr\u00e3o se chamou Joquebede, filha de Levi, a qual nasceu a Levi no Egito: esta deu \u00e0 luz de Anr\u00e3o a Ar\u00e3o e a Mois\u00e9s, e a Miri\u00e3 sua irm\u00e3. <br><span><sup><b>60<\/b><\/sup><\/span> E a Ar\u00e3o nasceram Nadabe e Abi\u00fa, Eleazar e Itamar. <br><span><sup><b>61<\/b><\/sup><\/span> Mas Nadabe e Abi\u00fa morreram, quando ofereceram fogo estranho diante do SENHOR. <br><span><sup><b>62<\/b><\/sup><\/span> E os contados dos levitas foram vinte e tr\u00eas mil, todos homens de um m\u00eas acima: porque n\u00e3o foram contados entre os filhos de Israel, porquanto n\u00e3o lhes havia de ser dada heran\u00e7a entre os filhos de Israel. <br><span><sup><b>63<\/b><\/sup><\/span> Estes s\u00e3o os contados por Mois\u00e9s e Eleazar o sacerdote, os quais contaram os filhos de Israel nos campos de Moabe, junto ao Jord\u00e3o de Jeric\u00f3. <br><span><sup><b>64<\/b><\/sup><\/span> E entre estes ningu\u00e9m havia dos contados por Mois\u00e9s e Ar\u00e3o o sacerdote, os quais contaram aos filhos de Israel no deserto de Sinai. <br><span><sup><b>65<\/b><\/sup><\/span> Porque o SENHOR lhes disse: H\u00e3o de morrer no deserto: e n\u00e3o restou homem deles, a n\u00e3o ser Calebe filho de Jefon\u00e9, e Josu\u00e9 filho de Num.<\/span><\/p>\n\n\n\n<div class=\"wp-block-columns is-layout-flex wp-container-core-columns-is-layout-9d6595d7 wp-block-columns-is-layout-flex\">\n<div class=\"wp-block-column is-layout-flow wp-block-column-is-layout-flow\">\n<p><a href=\"\/numeros-25\" title=\"\">N\u00fameros 25<\/a><\/p>\n<\/div>\n\n\n\n<div class=\"wp-block-column is-layout-flow wp-block-column-is-layout-flow\">\n<p class=\"has-text-align-right\"><a href=\"\/numeros-27\" title=\"\">N\u00fameros 27<\/a><\/p>\n<\/div>\n<\/div>\n\n\n\n<h2 class=\"wp-block-heading\">Descri\u00e7\u00e3o &#8211; N\u00fameros 26<\/h2>\n\n\n\n<p class=\"has-medium-font-size\">N\u00fameros 26 relata o censo dos israelitas na plan\u00edcie de Moabe, antes de entrarem na Terra Prometida. Mois\u00e9s e Eleazar s\u00e3o instru\u00eddos por Deus a contar os homens de 20 anos ou mais, prontos para a guerra. O cap\u00edtulo faz um levantamento detalhado das tribos de Israel, atualizando a contagem de cada uma desde o censo anterior no deserto. A import\u00e2ncia do censo est\u00e1 no planejamento da divis\u00e3o da terra entre as tribos. O cap\u00edtulo tamb\u00e9m destaca a morte de muitos que sa\u00edram do Egito, refletindo as consequ\u00eancias da desobedi\u00eancia de gera\u00e7\u00f5es passadas. A fidelidade de Deus permanece.<\/p>\n\n\n\n<h3 class=\"wp-block-heading\">Livro dos N\u00fameros:<\/h3>\n\n\n\n\n\n<p><\/p>\n","protected":false},"excerpt":{"rendered":"<p>1 E aconteceu depois da mortandade, que o SENHOR falou a Mois\u00e9s, e a Eleazar filho do sacerdote Ar\u00e3o, dizendo: 2 Tomai a soma de toda a congrega\u00e7\u00e3o dos filhos de Israel, de vinte anos acima, pelas casas de seus pais, todos os que possam sair \u00e0 guerra em Israel. 3 E Mois\u00e9s e Eleazar &hellip; <\/p>\n","protected":false},"author":2,"featured_media":772,"parent":771,"menu_order":26,"comment_status":"closed","ping_status":"closed","template":"","meta":{"om_disable_all_campaigns":false,"_monsterinsights_skip_tracking":false,"_monsterinsights_sitenote_active":false,"_monsterinsights_sitenote_note":"","_monsterinsights_sitenote_category":0,"footnotes":""},"class_list":["post-825","page","type-page","status-publish","has-post-thumbnail","hentry"],"aioseo_notices":[],"_links":{"self":[{"href":"https:\/\/bibliapresente.com\/postagens\/wp-json\/wp\/v2\/pages\/825","targetHints":{"allow":["GET"]}}],"collection":[{"href":"https:\/\/bibliapresente.com\/postagens\/wp-json\/wp\/v2\/pages"}],"about":[{"href":"https:\/\/bibliapresente.com\/postagens\/wp-json\/wp\/v2\/types\/page"}],"author":[{"embeddable":true,"href":"https:\/\/bibliapresente.com\/postagens\/wp-json\/wp\/v2\/users\/2"}],"replies":[{"embeddable":true,"href":"https:\/\/bibliapresente.com\/postagens\/wp-json\/wp\/v2\/comments?post=825"}],"version-history":[{"count":5,"href":"https:\/\/bibliapresente.com\/postagens\/wp-json\/wp\/v2\/pages\/825\/revisions"}],"predecessor-version":[{"id":1461,"href":"https:\/\/bibliapresente.com\/postagens\/wp-json\/wp\/v2\/pages\/825\/revisions\/1461"}],"up":[{"embeddable":true,"href":"https:\/\/bibliapresente.com\/postagens\/wp-json\/wp\/v2\/pages\/771"}],"wp:featuredmedia":[{"embeddable":true,"href":"https:\/\/bibliapresente.com\/postagens\/wp-json\/wp\/v2\/media\/772"}],"wp:attachment":[{"href":"https:\/\/bibliapresente.com\/postagens\/wp-json\/wp\/v2\/media?parent=825"}],"curies":[{"name":"wp","href":"https:\/\/api.w.org\/{rel}","templated":true}]}}