{"id":821,"date":"2025-02-04T19:43:01","date_gmt":"2025-02-04T22:43:01","guid":{"rendered":"https:\/\/bibliapresente.com\/postagens\/?page_id=821"},"modified":"2025-02-04T19:43:01","modified_gmt":"2025-02-04T22:43:01","slug":"numeros-24","status":"publish","type":"page","link":"https:\/\/bibliapresente.com\/postagens\/livros-da-biblia\/numeros\/numeros-24\/","title":{"rendered":"N\u00fameros 24 &#8211; Profecias de Bala\u00e3o"},"content":{"rendered":"\n<p class=\"has-medium-font-size\" style=\"letter-spacing:1px\"><span><span><sup><b>1<\/b><\/sup><\/span> E quando viu Bala\u00e3o que parecia bem ao SENHOR que o aben\u00e7oasse a Israel, n\u00e3o foi, como a primeira e segunda vez, a encontro de agouros, mas sim que p\u00f4s seu rosto at\u00e9 o deserto; <br><span><sup><b>2<\/b><\/sup><\/span> E levantando seus olhos, viu a Israel alojado por suas tribos; e o esp\u00edrito de Deus veio sobre ele. <br><span><sup><b>3<\/b><\/sup><\/span> Ent\u00e3o tomou sua par\u00e1bola, e disse: Disse Bala\u00e3o filho de Beor, E disse o homem de olhos abertos: <br><span><sup><b>4<\/b><\/sup><\/span> Disse o que ouviu os ditos de Deus, O que viu a vis\u00e3o do Todo-Poderoso; ca\u00eddo, mas abertos os olhos: <br><span><sup><b>5<\/b><\/sup><\/span> Qu\u00e3o belas s\u00e3o tuas tendas, \u00f3 Jac\u00f3, Tuas habita\u00e7\u00f5es, \u00f3 Israel! <br><span><sup><b>6<\/b><\/sup><\/span> Como ribeiros est\u00e3o estendidas, Como jardins junto ao rio, Como alo\u00e9s plantados pelo SENHOR, Como cedros junto \u00e0s \u00e1guas. <br><span><sup><b>7<\/b><\/sup><\/span> De suas m\u00e3os destilar\u00e3o \u00e1guas, E sua descend\u00eancia ser\u00e1 em muitas \u00e1guas: E se levantar\u00e1 seu rei mais que Agague, E seu reino ser\u00e1 exaltado. <br><span><sup><b>8<\/b><\/sup><\/span> Deus o tirou do Egito; Tem for\u00e7as como de boi selvagem: Comer\u00e1 \u00e0s na\u00e7\u00f5es suas inimigas, E esmiu\u00e7ar\u00e1 seus ossos, E perfurar\u00e1 com suas flechas. <br><span><sup><b>9<\/b><\/sup><\/span> Se encurvar\u00e1 para deitar-se como le\u00e3o, E como leoa; quem o despertar\u00e1? Benditos os que te aben\u00e7oarem, E malditos os que te amaldi\u00e7oarem. <br><span><sup><b>10<\/b><\/sup><\/span> Ent\u00e3o se acendeu a ira de Balaque contra Bala\u00e3o, e batendo suas palmas lhe disse: Para amaldi\u00e7oar a meus inimigos te chamei, e eis que os aben\u00e7oaste insistentemente j\u00e1 tr\u00eas vezes. <br><span><sup><b>11<\/b><\/sup><\/span> Foge-te, portanto, agora a teu lugar: eu disse que te honraria, mas eis que o SENHOR te privou de honra. <br><span><sup><b>12<\/b><\/sup><\/span> E Bala\u00e3o lhe respondeu: N\u00e3o o declarei eu tamb\u00e9m a teus mensageiros que me enviaste, dizendo: <br><span><sup><b>13<\/b><\/sup><\/span> Se Balaque me desse sua casa cheia de prata e ouro, eu n\u00e3o poderei transgredir o dito do SENHOR para fazer coisa boa nem m\u00e1 de minha vontade; mas o que o SENHOR falar, isso direi eu? <br><span><sup><b>14<\/b><\/sup><\/span> Eis que eu me vou agora a meu povo: portanto, vem, te indicarei o que este povo h\u00e1 de fazer a teu povo nos \u00faltimos dias. <br><span><sup><b>15<\/b><\/sup><\/span> E tomou sua par\u00e1bola, e disse: Disse Bala\u00e3o filho de Beor, Disse o homem de olhos abertos: <br><span><sup><b>16<\/b><\/sup><\/span> Disse o que ouviu os ditos do SENHOR, E o que sabe o conhecimento do Alt\u00edssimo, o que viu a vis\u00e3o do Todo-Poderoso; ca\u00eddo, mas abertos os olhos: <br><span><sup><b>17<\/b><\/sup><\/span> Verei, mas n\u00e3o agora: O olharei, mas n\u00e3o de perto: Sair\u00e1 estrela de Jac\u00f3, E se levantar\u00e1 cetro de Israel, E ferir\u00e1 os cantos de Moabe, E destruir\u00e1 a todos os filhos de Sete. <br><span><sup><b>18<\/b><\/sup><\/span> E ser\u00e1 tomada Edom, Ser\u00e1 tamb\u00e9m tomada Seir por seus inimigos, E Israel se portar\u00e1 corajosamente. <br><span><sup><b>19<\/b><\/sup><\/span> E o de Jac\u00f3 ser\u00e1 dominador, E destruir\u00e1 da cidade o que restar. <br><span><sup><b>20<\/b><\/sup><\/span> E vendo a Amaleque, tomou sua par\u00e1bola, e disse: Amaleque, cabe\u00e7a de na\u00e7\u00f5es; Mas seu fim perecer\u00e1 para sempre. <br><span><sup><b>21<\/b><\/sup><\/span> E vendo aos queneus, tomou sua par\u00e1bola, e disse: Forte \u00e9 tua habita\u00e7\u00e3o, P\u00f5e na rocha tua ninho: <br><span><sup><b>22<\/b><\/sup><\/span> Que os queneus ser\u00e3o expulsos, Quando Assur te levar\u00e1 cativo. <br><span><sup><b>23<\/b><\/sup><\/span> Todavia tomou sua par\u00e1bola, e disse: Ai! quem viver\u00e1 quando fizer Deus estas coisas? <br><span><sup><b>24<\/b><\/sup><\/span> E vir\u00e3o navios da costa de Quitim, E afligir\u00e3o a Assur, afligir\u00e3o tamb\u00e9m a \u00c9ber: Mas ele tamb\u00e9m perecer\u00e1 para sempre. <br><span><sup><b>25<\/b><\/sup><\/span> Ent\u00e3o se levantou Bala\u00e3o, e se foi, e voltou-se a seu lugar: e tamb\u00e9m Balaque se foi por seu caminho.<\/span><\/p>\n\n\n\n<div class=\"wp-block-columns is-layout-flex wp-container-core-columns-is-layout-9d6595d7 wp-block-columns-is-layout-flex\">\n<div class=\"wp-block-column is-layout-flow wp-block-column-is-layout-flow\">\n<p><a href=\"\/numeros-23\" title=\"\">N\u00fameros 23<\/a><\/p>\n<\/div>\n\n\n\n<div class=\"wp-block-column is-layout-flow wp-block-column-is-layout-flow\">\n<p class=\"has-text-align-right\"><a href=\"\/numeros-25\" title=\"\">N\u00fameros 25<\/a><\/p>\n<\/div>\n<\/div>\n\n\n\n<h2 class=\"wp-block-heading\">Descri\u00e7\u00e3o &#8211; N\u00fameros 24<\/h2>\n\n\n\n<p class=\"has-medium-font-size\">Lev\u00edtico 27 trata das leis sobre votos e ofertas dedicadas a Deus, incluindo a avalia\u00e7\u00e3o de pessoas, animais e propriedades consagradas. O cap\u00edtulo orienta como determinar o valor de uma pessoa ou item quando dedicado ao Senhor, estabelecendo diferentes valores conforme a idade, o sexo e o tipo de bem. Tamb\u00e9m aborda a possibilidade de resgatar esses votos, pagando o valor estipulado. Dentro do contexto de Lev\u00edtico, o cap\u00edtulo refor\u00e7a a seriedade dos compromissos feitos com Deus e a necessidade de fidelidade nos votos, al\u00e9m de assegurar a santidade nas ofertas feitas ao Senhor, preservando a pureza do culto.<\/p>\n\n\n\n<h3 class=\"wp-block-heading\">Livro dos N\u00fameros:<\/h3>\n\n\n\n\n\n<p><\/p>\n","protected":false},"excerpt":{"rendered":"<p>1 E quando viu Bala\u00e3o que parecia bem ao SENHOR que o aben\u00e7oasse a Israel, n\u00e3o foi, como a primeira e segunda vez, a encontro de agouros, mas sim que p\u00f4s seu rosto at\u00e9 o deserto; 2 E levantando seus olhos, viu a Israel alojado por suas tribos; e o esp\u00edrito de Deus veio sobre &hellip; <\/p>\n","protected":false},"author":2,"featured_media":772,"parent":771,"menu_order":24,"comment_status":"closed","ping_status":"closed","template":"","meta":{"om_disable_all_campaigns":false,"_monsterinsights_skip_tracking":false,"_monsterinsights_sitenote_active":false,"_monsterinsights_sitenote_note":"","_monsterinsights_sitenote_category":0,"footnotes":""},"class_list":["post-821","page","type-page","status-publish","has-post-thumbnail","hentry"],"aioseo_notices":[],"_links":{"self":[{"href":"https:\/\/bibliapresente.com\/postagens\/wp-json\/wp\/v2\/pages\/821","targetHints":{"allow":["GET"]}}],"collection":[{"href":"https:\/\/bibliapresente.com\/postagens\/wp-json\/wp\/v2\/pages"}],"about":[{"href":"https:\/\/bibliapresente.com\/postagens\/wp-json\/wp\/v2\/types\/page"}],"author":[{"embeddable":true,"href":"https:\/\/bibliapresente.com\/postagens\/wp-json\/wp\/v2\/users\/2"}],"replies":[{"embeddable":true,"href":"https:\/\/bibliapresente.com\/postagens\/wp-json\/wp\/v2\/comments?post=821"}],"version-history":[{"count":4,"href":"https:\/\/bibliapresente.com\/postagens\/wp-json\/wp\/v2\/pages\/821\/revisions"}],"predecessor-version":[{"id":1422,"href":"https:\/\/bibliapresente.com\/postagens\/wp-json\/wp\/v2\/pages\/821\/revisions\/1422"}],"up":[{"embeddable":true,"href":"https:\/\/bibliapresente.com\/postagens\/wp-json\/wp\/v2\/pages\/771"}],"wp:featuredmedia":[{"embeddable":true,"href":"https:\/\/bibliapresente.com\/postagens\/wp-json\/wp\/v2\/media\/772"}],"wp:attachment":[{"href":"https:\/\/bibliapresente.com\/postagens\/wp-json\/wp\/v2\/media?parent=821"}],"curies":[{"name":"wp","href":"https:\/\/api.w.org\/{rel}","templated":true}]}}