{"id":817,"date":"2025-02-04T19:39:28","date_gmt":"2025-02-04T22:39:28","guid":{"rendered":"https:\/\/bibliapresente.com\/postagens\/?page_id=817"},"modified":"2025-02-04T19:39:29","modified_gmt":"2025-02-04T22:39:29","slug":"numeros-22","status":"publish","type":"page","link":"https:\/\/bibliapresente.com\/postagens\/livros-da-biblia\/numeros\/numeros-22\/","title":{"rendered":"N\u00fameros 22 &#8211; Bala\u00e3o e a Jumenta Falante"},"content":{"rendered":"\n<p class=\"has-medium-font-size\" style=\"letter-spacing:1px\"><span><span><sup><b>1<\/b><\/sup><\/span> Depois os filhos de Israel partiram, e se assentaram nos campos de Moabe, desta parte do Jord\u00e3o de Jeric\u00f3. <br><span><sup><b>2<\/b><\/sup><\/span> E viu Balaque, filho de Zipor, tudo o que Israel havia feito aos amorreus. <br><span><sup><b>3<\/b><\/sup><\/span> E Moabe temeu muito por causa do povo que era muito; e angustiou-se Moabe por causa dos filhos de Israel. <br><span><sup><b>4<\/b><\/sup><\/span> E disse Moabe aos anci\u00e3os de Midi\u00e3: Agora lamber\u00e1 esta gente todos nossos entornos, como lambe o boi a grama do campo. E Balaque, filho de Zipor, era ent\u00e3o rei de Moabe. <br><span><sup><b>5<\/b><\/sup><\/span> Portanto enviou mensageiros a Bala\u00e3o filho de Beor, a Petor, que est\u00e1 junto ao rio na terra dos filhos de seu povo, para que o chamassem, dizendo: Um povo saiu do Egito, e eis que cobre a face da terra, e habita diante de mim: <br><span><sup><b>6<\/b><\/sup><\/span> Vem pois agora, te rogo, amaldi\u00e7oa para mim este povo, porque \u00e9 mais forte que eu: talvez poderei eu feri-lo, e lan\u00e7\u00e1-lo da terra: que eu sei que o que tu aben\u00e7oares, ser\u00e1 bendito, e o que tu amaldi\u00e7oares, ser\u00e1 maldito. <br><span><sup><b>7<\/b><\/sup><\/span> E foram os anci\u00e3os de Moabe e os anci\u00e3os de Midi\u00e3, com o [pagamento pela] adivinha\u00e7\u00e3o em sua m\u00e3o, e chegaram a Bala\u00e3o, e lhe disseram as palavras de Balaque. <br><span><sup><b>8<\/b><\/sup><\/span> E ele lhes disse: Repousai aqui esta noite, e eu vos referirei as palavras, como o SENHOR me falar. Assim os pr\u00edncipes de Moabe se restaram com Bala\u00e3o. <br><span><sup><b>9<\/b><\/sup><\/span> E veio Deus a Bala\u00e3o, e disse-lhe: Que homens s\u00e3o estes que est\u00e3o contigo? <br><span><sup><b>10<\/b><\/sup><\/span> E Bala\u00e3o respondeu a Deus: Balaque filho de Zipor, rei de Moabe, enviou a mim dizendo: <br><span><sup><b>11<\/b><\/sup><\/span> Eis que este povo que saiu do Egito, cobre a face da terra: vem pois agora, e amaldi\u00e7oa-o para mim; talvez poderei lutar com ele, e expuls\u00e1-lo. <br><span><sup><b>12<\/b><\/sup><\/span> Ent\u00e3o disse Deus a Bala\u00e3o: N\u00e3o v\u00e1s com eles, nem amaldi\u00e7oes ao povo; porque \u00e9 bendito. <br><span><sup><b>13<\/b><\/sup><\/span> Assim Bala\u00e3o se levantou pela manh\u00e3, e disse aos pr\u00edncipes de Balaque: Voltai-vos \u00e0 vossa terra, porque o SENHOR n\u00e3o me quer deixar ir convosco. <br><span><sup><b>14<\/b><\/sup><\/span> E os pr\u00edncipes de Moabe se levantaram, e vieram a Balaque, e disseram: Bala\u00e3o n\u00e3o quis vir conosco. <br><span><sup><b>15<\/b><\/sup><\/span> E voltou Balaque a enviar outra vez mais pr\u00edncipes, e mais nobres que os outros. <br><span><sup><b>16<\/b><\/sup><\/span> Os quais vieram a Bala\u00e3o, e disseram-lhe: Assim diz Balaque, filho de Zipor: Rogo-te que n\u00e3o deixes de vir a mim: <br><span><sup><b>17<\/b><\/sup><\/span> Porque sem d\u00favida te honrarei muito, e farei tudo o que me disseres: vem pois agora, almaldi\u00e7oa para mim a este povo. <br><span><sup><b>18<\/b><\/sup><\/span> E Bala\u00e3o respondeu, e disse aos servos de Balaque: Ainda que Balaque me desse sua casa cheia de prata e ouro, n\u00e3o posso transgredir a palavra do SENHOR meu Deus, para fazer coisa pequena nem grande. <br><span><sup><b>19<\/b><\/sup><\/span> Rogo-vos, portanto, agora, que repouseis aqui esta noite, para que eu saiba que me volta a dizer o SENHOR. <br><span><sup><b>20<\/b><\/sup><\/span> E veio Deus a Bala\u00e3o de noite, e disse-lhe: Se homens vierem a te chamar, levanta-te e vai com eles: por\u00e9m far\u00e1s o que eu te disser. <br><span><sup><b>21<\/b><\/sup><\/span> Assim Bala\u00e3o se levantou pela manh\u00e3, e preparou sua jumenta, e foi com os pr\u00edncipes de Moabe. <br><span><sup><b>22<\/b><\/sup><\/span> E o furor de Deus se acendeu porque ele ia; e o anjo do SENHOR se p\u00f4s no caminho por advers\u00e1rio seu. Ia, pois, ele montado sobre sua jumenta, e com ele dois servos seus. <br><span><sup><b>23<\/b><\/sup><\/span> E a jumenta viu o anjo do SENHOR, que estava no caminho com sua espada exposta em sua m\u00e3o; ent\u00e3o a jumenta desviou-se do caminho, e foi pelo campo. Em seguida, Bala\u00e3o espancou a jumenta para faz\u00ea-la voltar ao caminho. <br><span><sup><b>24<\/b><\/sup><\/span> Mas o anjo do SENHOR se p\u00f4s em uma vereda de vinhas que tinha parede de uma parte e parede de outra. <br><span><sup><b>25<\/b><\/sup><\/span> E quando a jumenta viu o anjo do SENHOR, apegou-se \u00e0 parede, e apertou contra a parede o p\u00e9 de Bala\u00e3o: e ele voltou a espanc\u00e1-la. <br><span><sup><b>26<\/b><\/sup><\/span> E o anjo do SENHOR passou mais ali, e p\u00f4s-se em um lugar estreito, onde n\u00e3o havia caminho para desviar-se nem \u00e0 direita nem \u00e0 esquerda. <br><span><sup><b>27<\/b><\/sup><\/span> E vendo a jumenta ao anjo do SENHOR, lan\u00e7ou-se debaixo de Bala\u00e3o: e irou-se Bala\u00e3o, e feriu \u00e0 jumenta com um bord\u00e3o. <br><span><sup><b>28<\/b><\/sup><\/span> Ent\u00e3o o SENHOR abriu a boca da jumenta, a qual disse a Bala\u00e3o: Que te fiz, que me feriste estas tr\u00eas vezes? <br><span><sup><b>29<\/b><\/sup><\/span> E Bala\u00e3o respondeu \u00e0 jumenta: Porque te zombaste de mim: bom seria se eu tivesse espada em minha m\u00e3o, que agora te mataria! <br><span><sup><b>30<\/b><\/sup><\/span> E a jumenta disse a Bala\u00e3o: N\u00e3o sou eu tua jumenta? Sobre mim montaste desde que tu me tens at\u00e9 hoje; costumei a faz\u00ea-lo assim contigo? E ele respondeu: N\u00e3o. <br><span><sup><b>31<\/b><\/sup><\/span> Ent\u00e3o o SENHOR abriu os olhos a Bala\u00e3o, e viu ao anjo do SENHOR que estava no caminho, e tinha sua espada nua em sua m\u00e3o. E Bala\u00e3o fez rever\u00eancia, e inclinou-se sobre seu rosto. <br><span><sup><b>32<\/b><\/sup><\/span> E o anjo do SENHOR lhe disse: Por que feriste tua jumenta estas tr\u00eas vezes? eis que eu sa\u00ed para me opor a ti, porque teu caminho \u00e9 perverso diante de mim: <br><span><sup><b>33<\/b><\/sup><\/span> A jumenta me viu, e afastou-se logo de diante de mim estas tr\u00eas vezes: e se de mim n\u00e3o se houvesse afastado, eu tamb\u00e9m agora mataria a ti, e a ela deixaria viva. <br><span><sup><b>34<\/b><\/sup><\/span> Ent\u00e3o Bala\u00e3o disse ao anjo do SENHOR: Pequei, que n\u00e3o sabia que tu te punhas diante de mim no caminho: mas agora, se te parece mal, eu me voltarei. <br><span><sup><b>35<\/b><\/sup><\/span> E o anjo do SENHOR disse a Bala\u00e3o: Vai com esses homens: por\u00e9m a palavra que eu te disser, essa falar\u00e1s. Assim Bala\u00e3o foi com os pr\u00edncipes de Balaque. <br><span><sup><b>36<\/b><\/sup><\/span> E ouvindo Balaque que Bala\u00e3o vinha, saiu a receb\u00ea-lo \u00e0 cidade de Moabe, que est\u00e1 junto ao termo de Arnom, que \u00e9 a extremidade das fronteiras. <br><span><sup><b>37<\/b><\/sup><\/span> E Balaque disse a Bala\u00e3o: N\u00e3o enviei eu a ti a chamar-te? por que n\u00e3o vieste a mim? n\u00e3o posso eu te honrar? <br><span><sup><b>38<\/b><\/sup><\/span> E Bala\u00e3o respondeu a Balaque: Eis que eu vim a ti: mas poderei agora falar alguma coisa? A palavra que Deus puser em minha boca, essa falarei. <br><span><sup><b>39<\/b><\/sup><\/span> E foi Bala\u00e3o com Balaque, e vieram \u00e0 Quiriate-Huzote. <br><span><sup><b>40<\/b><\/sup><\/span> E Balaque fez matar bois e ovelhas, e enviou a Bala\u00e3o, e aos pr\u00edncipes que estavam com ele. <br><span><sup><b>41<\/b><\/sup><\/span> E no dia seguinte Balaque tomou a Bala\u00e3o, e o fez subir aos lugares altos de Baal, e desde ali viu a extremidade do povo.<\/span><\/p>\n\n\n\n<div class=\"wp-block-columns is-layout-flex wp-container-core-columns-is-layout-9d6595d7 wp-block-columns-is-layout-flex\">\n<div class=\"wp-block-column is-layout-flow wp-block-column-is-layout-flow\">\n<p><a href=\"\/numeros-21\" title=\"\">N\u00fameros 21<\/a><\/p>\n<\/div>\n\n\n\n<div class=\"wp-block-column is-layout-flow wp-block-column-is-layout-flow\">\n<p class=\"has-text-align-right\"><a href=\"\/numeros-23\" title=\"\">N\u00fameros 23<\/a><\/p>\n<\/div>\n<\/div>\n\n\n\n<h2 class=\"wp-block-heading\">Descri\u00e7\u00e3o &#8211; N\u00fameros 22<\/h2>\n\n\n\n<p class=\"has-medium-font-size\">N\u00fameros 22 narra a hist\u00f3ria de Bala\u00e3o, um profeta contratado pelo rei de Moabe, Balaque, para amaldi\u00e7oar os israelitas, que estavam se aproximando de suas terras. Apesar das tentativas de Balaque, Deus interv\u00e9m, impedindo que Bala\u00e3o amaldi\u00e7oe o povo escolhido e at\u00e9 mesmo fazendo-o aben\u00e7o\u00e1-los em vez disso. O cap\u00edtulo destaca a famosa vis\u00e3o de Bala\u00e3o sobre sua jumenta, que v\u00ea um anjo de Deus bloqueando o caminho, e a repreens\u00e3o divina ao profeta por sua obstina\u00e7\u00e3o. Essa hist\u00f3ria ilustra a soberania de Deus e a prote\u00e7\u00e3o sobre os israelitas durante sua jornada no deserto.<\/p>\n\n\n\n<h3 class=\"wp-block-heading\">Livro dos N\u00fameros:<\/h3>\n\n\n\n\n\n<p><\/p>\n","protected":false},"excerpt":{"rendered":"<p>1 Depois os filhos de Israel partiram, e se assentaram nos campos de Moabe, desta parte do Jord\u00e3o de Jeric\u00f3. 2 E viu Balaque, filho de Zipor, tudo o que Israel havia feito aos amorreus. 3 E Moabe temeu muito por causa do povo que era muito; e angustiou-se Moabe por causa dos filhos de &hellip; <\/p>\n","protected":false},"author":2,"featured_media":772,"parent":771,"menu_order":22,"comment_status":"closed","ping_status":"closed","template":"","meta":{"om_disable_all_campaigns":false,"_monsterinsights_skip_tracking":false,"_monsterinsights_sitenote_active":false,"_monsterinsights_sitenote_note":"","_monsterinsights_sitenote_category":0,"footnotes":""},"class_list":["post-817","page","type-page","status-publish","has-post-thumbnail","hentry"],"aioseo_notices":[],"_links":{"self":[{"href":"https:\/\/bibliapresente.com\/postagens\/wp-json\/wp\/v2\/pages\/817","targetHints":{"allow":["GET"]}}],"collection":[{"href":"https:\/\/bibliapresente.com\/postagens\/wp-json\/wp\/v2\/pages"}],"about":[{"href":"https:\/\/bibliapresente.com\/postagens\/wp-json\/wp\/v2\/types\/page"}],"author":[{"embeddable":true,"href":"https:\/\/bibliapresente.com\/postagens\/wp-json\/wp\/v2\/users\/2"}],"replies":[{"embeddable":true,"href":"https:\/\/bibliapresente.com\/postagens\/wp-json\/wp\/v2\/comments?post=817"}],"version-history":[{"count":6,"href":"https:\/\/bibliapresente.com\/postagens\/wp-json\/wp\/v2\/pages\/817\/revisions"}],"predecessor-version":[{"id":1458,"href":"https:\/\/bibliapresente.com\/postagens\/wp-json\/wp\/v2\/pages\/817\/revisions\/1458"}],"up":[{"embeddable":true,"href":"https:\/\/bibliapresente.com\/postagens\/wp-json\/wp\/v2\/pages\/771"}],"wp:featuredmedia":[{"embeddable":true,"href":"https:\/\/bibliapresente.com\/postagens\/wp-json\/wp\/v2\/media\/772"}],"wp:attachment":[{"href":"https:\/\/bibliapresente.com\/postagens\/wp-json\/wp\/v2\/media?parent=817"}],"curies":[{"name":"wp","href":"https:\/\/api.w.org\/{rel}","templated":true}]}}