{"id":815,"date":"2025-02-04T19:38:10","date_gmt":"2025-02-04T22:38:10","guid":{"rendered":"https:\/\/bibliapresente.com\/postagens\/?page_id=815"},"modified":"2025-02-04T19:38:11","modified_gmt":"2025-02-04T22:38:11","slug":"numeros-21","status":"publish","type":"page","link":"https:\/\/bibliapresente.com\/postagens\/livros-da-biblia\/numeros\/numeros-21\/","title":{"rendered":"N\u00fameros 21 &#8211; A Serpente de Bronze"},"content":{"rendered":"\n<p class=\"has-medium-font-size\" style=\"letter-spacing:1px\"><span><span><sup><b>1<\/b><\/sup><\/span> E quando o cananeu, o rei de Arade, que habitava ao sul, ouviu falar que Israel vinha pelo caminho de Atarim, lutou contra Israel, e dele levou alguns como prisioneiros. <br><span><sup><b>2<\/b><\/sup><\/span> Ent\u00e3o Israel fez voto ao SENHOR, e disse: Se com efeito entregares a este povo em minha m\u00e3o, eu destruirei suas cidades. <br><span><sup><b>3<\/b><\/sup><\/span> E o SENHOR escutou a voz de Israel, e entregou aos cananeus, e destruiu-os a eles e a suas cidades; e chamou o nome daquele lugar Horm\u00e1. <br><span><sup><b>4<\/b><\/sup><\/span> E partiram do monte de Hor, caminho do mar Vermelho, para rodear a terra de Edom; e abateu-se o \u00e2nimo do povo pelo caminho. <br><span><sup><b>5<\/b><\/sup><\/span> E falou o povo contra Deus e Mois\u00e9s: Por que nos fizeste subir do Egito para que morr\u00eassemos neste deserto? que nem h\u00e1 p\u00e3o, nem \u00e1gua, e nossa alma tem \u00f3dio deste p\u00e3o t\u00e3o miser\u00e1vel. <br><span><sup><b>6<\/b><\/sup><\/span> E o SENHOR enviou entre o povo serpentes ardentes, que mordiam ao povo: e morreu muito povo de Israel. <br><span><sup><b>7<\/b><\/sup><\/span> Ent\u00e3o o povo veio a Mois\u00e9s, e disseram: Pecado temos por haver falado contra o SENHOR, e contra ti: roga ao SENHOR que tire de n\u00f3s estas serpentes. E Mois\u00e9s orou pelo povo. <br><span><sup><b>8<\/b><\/sup><\/span> E o SENHOR disse a Mois\u00e9s: Faze-te uma serpente ardente, e p\u00f5e-a sobre a haste: e ser\u00e1 que qualquer um que for mordido e olhar a ela, viver\u00e1. <br><span><sup><b>9<\/b><\/sup><\/span> E Mois\u00e9s fez uma serpente de bronze, e a p\u00f4s sobre a haste, e foi, que quando alguma serpente mordia a algum, olhava \u00e0 serpente de bronze, e vivia. <br><span><sup><b>10<\/b><\/sup><\/span> E partiram os filhos de Israel, e assentaram acampamento em Obote. <br><span><sup><b>11<\/b><\/sup><\/span> E partidos de Obote, assentaram em Ij\u00e9-Abarim, no deserto que est\u00e1 diante de Moabe, ao oriente. <br><span><sup><b>12<\/b><\/sup><\/span> Partidos dali, assentaram no vale de Zerede. <br><span><sup><b>13<\/b><\/sup><\/span> De ali moveram, e assentaram da outra parte de Arnom, que est\u00e1 no deserto, e que sai do termo dos amorreus; porque Arnom \u00e9 termo de Moabe, entre Moabe e os amorreus. <br><span><sup><b>14<\/b><\/sup><\/span> Por isso se diz no livro das batalhas do SENHOR: Vaebe em Sufa, , e nos ribeiros de Arnom: <br><span><sup><b>15<\/b><\/sup><\/span> E \u00e0 corrente dos ribeiros que vai a parar em Ar, e descansa no termo de Moabe. <br><span><sup><b>16<\/b><\/sup><\/span> E dali vieram a Beer: este \u00e9 o po\u00e7o do qual o SENHOR disse a Mois\u00e9s: Junta ao povo, e lhes darei \u00e1gua. <br><span><sup><b>17<\/b><\/sup><\/span> Ent\u00e3o cantou Israel esta can\u00e7\u00e3o: Sobe, \u00f3 po\u00e7o; a ele cantai: <br><span><sup><b>18<\/b><\/sup><\/span> Po\u00e7o, o qual cavaram os senhores; Cavaram-no os pr\u00edncipes do povo, E o legislador, com seus bord\u00f5es. E do deserto [partiram] para Matana. <br><span><sup><b>19<\/b><\/sup><\/span> E de Matan\u00e1 a Naaliel: e de Naaliel a Bamote: <br><span><sup><b>20<\/b><\/sup><\/span> E de Bamote ao vale que est\u00e1 nos campos de Moabe, e ao cume de Pisga, que est\u00e1 voltado a Jesimom. <br><span><sup><b>21<\/b><\/sup><\/span> E enviou Israel embaixadores a Seom, rei dos amorreus, dizendo: <br><span><sup><b>22<\/b><\/sup><\/span> Deixa-me passar por tua terra: n\u00e3o nos desviaremos pelos campos, nem pelas vinhas; n\u00e3o beberemos as \u00e1guas dos po\u00e7os; pelo caminho real iremos, at\u00e9 que passemos os teus termos. <br><span><sup><b>23<\/b><\/sup><\/span> Mas Seom n\u00e3o deixou passar a Israel por seus termos: antes juntou Seom todo seu povo, e saiu contra Israel no deserto: e veio a Jaza, e lutou contra Israel. <br><span><sup><b>24<\/b><\/sup><\/span> Mas Israel o feriu a fio de espada, e tomou sua terra desde Arnom at\u00e9 Jaboque, at\u00e9 os filhos de Amom: porque o termo dos filhos de Amom era forte. <br><span><sup><b>25<\/b><\/sup><\/span> E tomou Israel todas estas cidades: e habitou Israel em todas as cidades dos amorreus, em Hesbom e em todas suas aldeias. <br><span><sup><b>26<\/b><\/sup><\/span> Porque Hesbom era a cidade de Seom, rei dos amorreus; o qual havia tido guerra antes com o rei de Moabe, e tomado de seu poder toda a sua terra at\u00e9 Arnom. <br><span><sup><b>27<\/b><\/sup><\/span> Portanto, dizem os proverbistas: Vinde a Hesbom, Edifique-se e repare-se a cidade de Seom: <br><span><sup><b>28<\/b><\/sup><\/span> Que fogo saiu de Hesbom, E chama da cidade de Seom, E consumiu a Ar de Moabe, aos senhores dos altos de Arnom. <br><span><sup><b>29<\/b><\/sup><\/span> Ai de ti, Moabe! Pereceste, povo de Camos: P\u00f4s seus filhos em fuga, E suas filhas em cativeiro, por Seom rei dos amorreus. <br><span><sup><b>30<\/b><\/sup><\/span> Mas devastamos o reino deles; pereceu Hesbom at\u00e9 Dibom, E destru\u00edmos at\u00e9 Nof\u00e1 e Medeba. <br><span><sup><b>31<\/b><\/sup><\/span> Assim habitou Israel na terra dos amorreus. <br><span><sup><b>32<\/b><\/sup><\/span> E enviou Mois\u00e9s a reconhecer a Jazer; e tomaram suas aldeias, e expulsaram aos amorreus que estavam ali. <br><span><sup><b>33<\/b><\/sup><\/span> E voltaram, e subiram caminho de Bas\u00e3. E Ogue, rei de Bas\u00e3, ele e todo o seu povo, sa\u00edram contra eles, para lutar em Edrei. <br><span><sup><b>34<\/b><\/sup><\/span> Ent\u00e3o o SENHOR disse a Mois\u00e9s: N\u00e3o tenhas medo dele, que em tua m\u00e3o o dei, a o e a todo seu povo, e a sua terra; e far\u00e1s dele como fizeste de Seom, rei dos amorreus, que habitava em Hesbom. <br><span><sup><b>35<\/b><\/sup><\/span> E feriram a ele, e a seus filhos, e a toda sua gente, sem que lhe restasse um, e possu\u00edram sua terra.<\/span><\/p>\n\n\n\n<div class=\"wp-block-columns is-layout-flex wp-container-core-columns-is-layout-9d6595d7 wp-block-columns-is-layout-flex\">\n<div class=\"wp-block-column is-layout-flow wp-block-column-is-layout-flow\">\n<p><a href=\"\/numeros-20\" title=\"\">N\u00fameros 20<\/a><\/p>\n<\/div>\n\n\n\n<div class=\"wp-block-column is-layout-flow wp-block-column-is-layout-flow\">\n<p class=\"has-text-align-right\"><a href=\"\/numeros-22\" title=\"\">N\u00fameros 22<\/a><\/p>\n<\/div>\n<\/div>\n\n\n\n<h2 class=\"wp-block-heading\">Descri\u00e7\u00e3o &#8211; N\u00fameros 21<\/h2>\n\n\n\n<p class=\"has-medium-font-size\">N\u00fameros 21 descreve a continuidade da jornada dos israelitas no deserto, com destaque para as vit\u00f3rias sobre os reis cananeus e a conquista de v\u00e1rias cidades. Ap\u00f3s a derrota de Arad, o povo se revolta novamente contra Deus e Mois\u00e9s devido \u00e0 falta de comida e \u00e1gua. Em resposta, Deus envia serpentes venenosas, que matam muitos israelitas, mas ao verem o sofrimento, o povo se arrepende. Deus instrui Mois\u00e9s a fazer uma serpente de bronze, e quem olhasse para ela seria curado. O cap\u00edtulo tamb\u00e9m relata a luta contra os amonitas e as vit\u00f3rias subsequentes.<\/p>\n\n\n\n<h3 class=\"wp-block-heading\">Livro dos N\u00fameros:<\/h3>\n\n\n\n\n\n<p><\/p>\n","protected":false},"excerpt":{"rendered":"<p>1 E quando o cananeu, o rei de Arade, que habitava ao sul, ouviu falar que Israel vinha pelo caminho de Atarim, lutou contra Israel, e dele levou alguns como prisioneiros. 2 Ent\u00e3o Israel fez voto ao SENHOR, e disse: Se com efeito entregares a este povo em minha m\u00e3o, eu destruirei suas cidades. 3 &hellip; <\/p>\n","protected":false},"author":2,"featured_media":772,"parent":771,"menu_order":21,"comment_status":"closed","ping_status":"closed","template":"","meta":{"om_disable_all_campaigns":false,"_monsterinsights_skip_tracking":false,"_monsterinsights_sitenote_active":false,"_monsterinsights_sitenote_note":"","_monsterinsights_sitenote_category":0,"footnotes":""},"class_list":["post-815","page","type-page","status-publish","has-post-thumbnail","hentry"],"aioseo_notices":[],"_links":{"self":[{"href":"https:\/\/bibliapresente.com\/postagens\/wp-json\/wp\/v2\/pages\/815","targetHints":{"allow":["GET"]}}],"collection":[{"href":"https:\/\/bibliapresente.com\/postagens\/wp-json\/wp\/v2\/pages"}],"about":[{"href":"https:\/\/bibliapresente.com\/postagens\/wp-json\/wp\/v2\/types\/page"}],"author":[{"embeddable":true,"href":"https:\/\/bibliapresente.com\/postagens\/wp-json\/wp\/v2\/users\/2"}],"replies":[{"embeddable":true,"href":"https:\/\/bibliapresente.com\/postagens\/wp-json\/wp\/v2\/comments?post=815"}],"version-history":[{"count":5,"href":"https:\/\/bibliapresente.com\/postagens\/wp-json\/wp\/v2\/pages\/815\/revisions"}],"predecessor-version":[{"id":1457,"href":"https:\/\/bibliapresente.com\/postagens\/wp-json\/wp\/v2\/pages\/815\/revisions\/1457"}],"up":[{"embeddable":true,"href":"https:\/\/bibliapresente.com\/postagens\/wp-json\/wp\/v2\/pages\/771"}],"wp:featuredmedia":[{"embeddable":true,"href":"https:\/\/bibliapresente.com\/postagens\/wp-json\/wp\/v2\/media\/772"}],"wp:attachment":[{"href":"https:\/\/bibliapresente.com\/postagens\/wp-json\/wp\/v2\/media?parent=815"}],"curies":[{"name":"wp","href":"https:\/\/api.w.org\/{rel}","templated":true}]}}