{"id":813,"date":"2025-02-04T17:04:05","date_gmt":"2025-02-04T20:04:05","guid":{"rendered":"https:\/\/bibliapresente.com\/postagens\/?page_id=813"},"modified":"2025-02-04T17:04:06","modified_gmt":"2025-02-04T20:04:06","slug":"numeros-20","status":"publish","type":"page","link":"https:\/\/bibliapresente.com\/postagens\/livros-da-biblia\/numeros\/numeros-20\/","title":{"rendered":"N\u00fameros 20 &#8211; Morrem Miri\u00e3 e Ar\u00e3o"},"content":{"rendered":"\n<p class=\"has-medium-font-size\" style=\"letter-spacing:1px\"><span><span><sup><b>1<\/b><\/sup><\/span> E chegaram os filhos de Israel, toda a congrega\u00e7\u00e3o, ao deserto de Zim, no m\u00eas primeiro, e assentou o povo em Cades; e ali morreu Miri\u00e3, e foi ali sepultada. <br><span><sup><b>2<\/b><\/sup><\/span> E como n\u00e3o havia \u00e1gua para a congrega\u00e7\u00e3o, juntaram-se contra Mois\u00e9s e Ar\u00e3o. <br><span><sup><b>3<\/b><\/sup><\/span> E brigou o povo com Mois\u00e9s, e falaram dizendo: Antes que n\u00f3s tiv\u00e9ssemos morrido quando pereceram nossos irm\u00e3os diante do SENHOR! <br><span><sup><b>4<\/b><\/sup><\/span> E por que fizeste vir a congrega\u00e7\u00e3o do SENHOR a este deserto, para que morramos aqui n\u00f3s e nossos animais? <br><span><sup><b>5<\/b><\/sup><\/span> E por que nos fizeste subir do Egito, para trazer-nos a este mal lugar? N\u00e3o \u00e9 lugar de sementeira, de figueiras, de vinhas, nem rom\u00e3s: nem ainda de \u00e1gua para beber. <br><span><sup><b>6<\/b><\/sup><\/span> E foram-se Mois\u00e9s e Ar\u00e3o de diante da congrega\u00e7\u00e3o \u00e0 porta do tabern\u00e1culo do testemunho, e lan\u00e7aram-se sobre seus rostos; e a gl\u00f3ria do SENHOR apareceu sobre eles. <br><span><sup><b>7<\/b><\/sup><\/span> E falou o SENHOR a Mois\u00e9s, dizendo: <br><span><sup><b>8<\/b><\/sup><\/span> Toma a vara e re\u00fane a congrega\u00e7\u00e3o, tu e Ar\u00e3o teu irm\u00e3o, e falai \u00e0 rocha em olhos deles; e ela dar\u00e1 sua \u00e1gua, e lhes tirar\u00e1s \u00e1guas da rocha, e dar\u00e1s de beber \u00e0 congrega\u00e7\u00e3o, e a seus animais. <br><span><sup><b>9<\/b><\/sup><\/span> Ent\u00e3o Mois\u00e9s tomou a vara de diante do SENHOR, como ele lhe mandou. <br><span><sup><b>10<\/b><\/sup><\/span> E juntaram Mois\u00e9s e Ar\u00e3o a congrega\u00e7\u00e3o diante da rocha, e disse-lhes: Ouvi agora, rebeldes: Faremos para v\u00f3s sair \u00e1guas desta rocha? <br><span><sup><b>11<\/b><\/sup><\/span> Ent\u00e3o levantou Mois\u00e9s sua m\u00e3o, e feriu a rocha com sua vara duas vezes: e sa\u00edram muitas \u00e1guas, e bebeu a congrega\u00e7\u00e3o, e seus animais. <br><span><sup><b>12<\/b><\/sup><\/span> E o SENHOR disse a Mois\u00e9s e a Ar\u00e3o: Porquanto n\u00e3o crestes em mim, para santificar-me aos olhos dos filhos de Israel, portanto, n\u00e3o poreis esta congrega\u00e7\u00e3o na terra que lhes dei. <br><span><sup><b>13<\/b><\/sup><\/span> Estas s\u00e3o as \u00e1guas da briga, pelas quais contenderam os filhos de Israel com o SENHOR, e ele se santificou neles. <br><span><sup><b>14<\/b><\/sup><\/span> E enviou Mois\u00e9s embaixadores ao rei de Edom desde Cades: Assim diz Israel teu irm\u00e3o: Tu soubeste todo o trabalho que nos veio: <br><span><sup><b>15<\/b><\/sup><\/span> Como nossos pais desceram ao Egito, e estivemos no Egito longo tempo, e os eg\u00edpcios nos maltrataram, e a nossos pais; <br><span><sup><b>16<\/b><\/sup><\/span> E clamamos ao SENHOR, o qual ouviu nossa voz, e enviou anjo, e tirou-nos do Egito; e eis que estamos em Cades, cidade ao extremo de teus confins: <br><span><sup><b>17<\/b><\/sup><\/span> Rogamo-te que passemos por tua terra; n\u00e3o passaremos por lavoura, nem por vinha, nem beberemos \u00e1gua de po\u00e7os: pelo caminho real iremos, sem apartar-nos \u00e0 direita nem \u00e0 esquerda, at\u00e9 que havemos passado teu termo. <br><span><sup><b>18<\/b><\/sup><\/span> E Edom lhe respondeu: N\u00e3o passar\u00e1s por meu pa\u00eds, de outra maneira sairei contra ti armado. <br><span><sup><b>19<\/b><\/sup><\/span> E os filhos de Israel disseram: Pelo caminho seguido iremos; e se bebermos tuas \u00e1guas eu e meus gados, darei o pre\u00e7o delas: certamente sem fazer outra coisa, passarei de seguida. <br><span><sup><b>20<\/b><\/sup><\/span> E ele respondeu: N\u00e3o passar\u00e1s. E saiu Edom contra ele com muito povo, e m\u00e3o forte. <br><span><sup><b>21<\/b><\/sup><\/span> N\u00e3o quis, pois, Edom deixar passar a Israel por seu termo, e apartou-se Israel dele. <br><span><sup><b>22<\/b><\/sup><\/span> E partidos de Cades os filhos de Israel, toda aquela congrega\u00e7\u00e3o, vieram ao monte de Hor. <br><span><sup><b>23<\/b><\/sup><\/span> E o SENHOR falou a Mois\u00e9s e Ar\u00e3o no monte de Hor, nos confins da terra de Edom, dizendo: <br><span><sup><b>24<\/b><\/sup><\/span> Ar\u00e3o ser\u00e1 reunido a seus povos; pois n\u00e3o entrar\u00e1 na terra que eu dize aos filhos de Israel, porquanto fostes rebeldes a meu mandamento nas \u00e1guas da briga. <br><span><sup><b>25<\/b><\/sup><\/span> Toma a Ar\u00e3o e a Eleazar seu filho, e faze-os subir ao monte de Hor; <br><span><sup><b>26<\/b><\/sup><\/span> E faze desnudar a Ar\u00e3o suas roupas, e viste delas a Eleazar seu filho; porque Ar\u00e3o ser\u00e1 reunido a seus povos, e ali morrer\u00e1. <br><span><sup><b>27<\/b><\/sup><\/span> E Mois\u00e9s fez como o SENHOR lhe mandou: e subiram ao monte de Hor \u00e0 vista de toda a congrega\u00e7\u00e3o. <br><span><sup><b>28<\/b><\/sup><\/span> E Mois\u00e9s fez desnudar a Ar\u00e3o de suas roupas e vestiu-as a Eleazar seu filho: e Ar\u00e3o morreu ali no cume do monte: e Mois\u00e9s e Eleazar desceram do monte. <br><span><sup><b>29<\/b><\/sup><\/span> E vendo toda a congrega\u00e7\u00e3o que Ar\u00e3o era morto, fizeram-lhe luto por trinta dias todas as fam\u00edlias de Israel.<\/span><\/p>\n\n\n\n<div class=\"wp-block-columns is-layout-flex wp-container-core-columns-is-layout-9d6595d7 wp-block-columns-is-layout-flex\">\n<div class=\"wp-block-column is-layout-flow wp-block-column-is-layout-flow\">\n<p><a href=\"\/numeros-19\" title=\"\">N\u00fameros 19<\/a><\/p>\n<\/div>\n\n\n\n<div class=\"wp-block-column is-layout-flow wp-block-column-is-layout-flow\">\n<p class=\"has-text-align-right\"><a href=\"\/numeros-21\" title=\"\">N\u00fameros 21<\/a><\/p>\n<\/div>\n<\/div>\n\n\n\n<h2 class=\"wp-block-heading\">Descri\u00e7\u00e3o &#8211; N\u00fameros 20<\/h2>\n\n\n\n<p class=\"has-medium-font-size\">N\u00fameros 20 narra eventos significativos durante a jornada dos israelitas pelo deserto, incluindo a morte de Miriam e a falta de \u00e1gua em Cades. O povo se revolta contra Mois\u00e9s e Ar\u00e3o, clamando por \u00e1gua. Deus ordena a Mois\u00e9s que fale com a rocha para que a \u00e1gua flua, mas Mois\u00e9s, irritado, golpeia a rocha, o que resulta em consequ\u00eancias severas, pois Deus o impede de entrar na Terra Prometida. O cap\u00edtulo tamb\u00e9m relata a recusa do rei de Edom em permitir a passagem dos israelitas, al\u00e9m de introduzir o fim da lideran\u00e7a de Ar\u00e3o.<\/p>\n\n\n\n<h3 class=\"wp-block-heading\">Livro dos N\u00fameros:<\/h3>\n\n\n\n\n\n<p><\/p>\n","protected":false},"excerpt":{"rendered":"<p>1 E chegaram os filhos de Israel, toda a congrega\u00e7\u00e3o, ao deserto de Zim, no m\u00eas primeiro, e assentou o povo em Cades; e ali morreu Miri\u00e3, e foi ali sepultada. 2 E como n\u00e3o havia \u00e1gua para a congrega\u00e7\u00e3o, juntaram-se contra Mois\u00e9s e Ar\u00e3o. 3 E brigou o povo com Mois\u00e9s, e falaram dizendo: &hellip; <\/p>\n","protected":false},"author":2,"featured_media":772,"parent":771,"menu_order":20,"comment_status":"closed","ping_status":"closed","template":"","meta":{"om_disable_all_campaigns":false,"_monsterinsights_skip_tracking":false,"_monsterinsights_sitenote_active":false,"_monsterinsights_sitenote_note":"","_monsterinsights_sitenote_category":0,"footnotes":""},"class_list":["post-813","page","type-page","status-publish","has-post-thumbnail","hentry"],"aioseo_notices":[],"_links":{"self":[{"href":"https:\/\/bibliapresente.com\/postagens\/wp-json\/wp\/v2\/pages\/813","targetHints":{"allow":["GET"]}}],"collection":[{"href":"https:\/\/bibliapresente.com\/postagens\/wp-json\/wp\/v2\/pages"}],"about":[{"href":"https:\/\/bibliapresente.com\/postagens\/wp-json\/wp\/v2\/types\/page"}],"author":[{"embeddable":true,"href":"https:\/\/bibliapresente.com\/postagens\/wp-json\/wp\/v2\/users\/2"}],"replies":[{"embeddable":true,"href":"https:\/\/bibliapresente.com\/postagens\/wp-json\/wp\/v2\/comments?post=813"}],"version-history":[{"count":5,"href":"https:\/\/bibliapresente.com\/postagens\/wp-json\/wp\/v2\/pages\/813\/revisions"}],"predecessor-version":[{"id":1456,"href":"https:\/\/bibliapresente.com\/postagens\/wp-json\/wp\/v2\/pages\/813\/revisions\/1456"}],"up":[{"embeddable":true,"href":"https:\/\/bibliapresente.com\/postagens\/wp-json\/wp\/v2\/pages\/771"}],"wp:featuredmedia":[{"embeddable":true,"href":"https:\/\/bibliapresente.com\/postagens\/wp-json\/wp\/v2\/media\/772"}],"wp:attachment":[{"href":"https:\/\/bibliapresente.com\/postagens\/wp-json\/wp\/v2\/media?parent=813"}],"curies":[{"name":"wp","href":"https:\/\/api.w.org\/{rel}","templated":true}]}}