{"id":811,"date":"2025-02-04T17:01:03","date_gmt":"2025-02-04T20:01:03","guid":{"rendered":"https:\/\/bibliapresente.com\/postagens\/?page_id=811"},"modified":"2025-02-04T17:02:54","modified_gmt":"2025-02-04T20:02:54","slug":"numeros-19","status":"publish","type":"page","link":"https:\/\/bibliapresente.com\/postagens\/livros-da-biblia\/numeros\/numeros-19\/","title":{"rendered":"N\u00fameros 19 &#8211; A Purifica\u00e7\u00e3o com a Vaca"},"content":{"rendered":"\n<p class=\"has-medium-font-size\" style=\"letter-spacing:1px\"><span><span><sup><b>1<\/b><\/sup><\/span> E o SENHOR falou a Mois\u00e9s e a Ar\u00e3o, dizendo: <br><span><sup><b>2<\/b><\/sup><\/span> Esta \u00e9 a ordenan\u00e7a da lei que o SENHOR prescreveu, dizendo: Dize aos filhos de Israel que te tragam uma vaca vermelha, perfeita, na qual n\u00e3o haja falta, sobre a qual n\u00e3o se tenha posto jugo: <br><span><sup><b>3<\/b><\/sup><\/span> E a dareis a Eleazar o sacerdote, e ele a tirar\u00e1 fora do acampamento, e a far\u00e1 degolar em sua presen\u00e7a. <br><span><sup><b>4<\/b><\/sup><\/span> E tomar\u00e1 Eleazar o sacerdote de seu sangue com seu dedo, e espargir\u00e1 at\u00e9 a dianteira do tabern\u00e1culo do testemunho com o sangue dela sete vezes; <br><span><sup><b>5<\/b><\/sup><\/span> E far\u00e1 queimar a vaca ante seus olhos: seu couro e sua carne e seu sangue, com seu excremento, far\u00e1 queimar. <br><span><sup><b>6<\/b><\/sup><\/span> Logo tomar\u00e1 o sacerdote pau de cedro, e hissopo, e escarlata, e o lan\u00e7ar\u00e1 em meio do fogo em que arde a vaca. <br><span><sup><b>7<\/b><\/sup><\/span> O sacerdote lavar\u00e1 logo suas roupas, lavar\u00e1 tamb\u00e9m sua carne com \u00e1gua, e depois entrar\u00e1 no acampamento; e ser\u00e1 impuro o sacerdote at\u00e9 \u00e0 tarde. <br><span><sup><b>8<\/b><\/sup><\/span> Tamb\u00e9m o que a queimou, lavar\u00e1 suas roupas em \u00e1gua, tamb\u00e9m lavar\u00e1 em \u00e1gua sua carne, e ser\u00e1 impuro at\u00e9 \u00e0 tarde. <br><span><sup><b>9<\/b><\/sup><\/span> E um homem limpo recolher\u00e1 as cinzas da vaca, e as por\u00e1 fora do acampamento em lugar limpo, e as guardar\u00e1 a congrega\u00e7\u00e3o dos filhos de Israel para a \u00e1gua de separa\u00e7\u00e3o: \u00e9 uma expia\u00e7\u00e3o. <br><span><sup><b>10<\/b><\/sup><\/span> E o que recolheu as cinzas da vaca, lavar\u00e1 suas roupas, e ser\u00e1 impuro at\u00e9 \u00e0 tarde: e ser\u00e1 aos filhos de Israel, e ao estrangeiro que peregrina entre eles, por estatuto perp\u00e9tuo. <br><span><sup><b>11<\/b><\/sup><\/span> O que tocar morto de qualquer pessoa humana, sete dias ser\u00e1 impuro: <br><span><sup><b>12<\/b><\/sup><\/span> Este se purificar\u00e1 ao terceiro dia com esta \u00e1gua, e ao s\u00e9timo dia ser\u00e1 limpo; e se ao terceiro dia n\u00e3o se purificar, n\u00e3o ser\u00e1 limpo ao s\u00e9timo dia. <br><span><sup><b>13<\/b><\/sup><\/span> Qualquer um que tocar em morto, em pessoa de homem que estiver morto, e n\u00e3o se purificar, o tabern\u00e1culo do SENHOR contaminou; e aquela pessoa ser\u00e1 eliminada de Israel: porquanto a \u00e1gua da separa\u00e7\u00e3o n\u00e3o foi espargida sobre ele, impuro ser\u00e1; e seu impureza ser\u00e1 sobre ele. <br><span><sup><b>14<\/b><\/sup><\/span> Esta \u00e9 a lei para quando algu\u00e9m morrer na tenda: qualquer um que entrar na tenda e todo o que estiver nela, ser\u00e1 impuro sete dias. <br><span><sup><b>15<\/b><\/sup><\/span> E todo vaso aberto, sobre o qual n\u00e3o houver tampa bem ajustada, sera impuro. <br><span><sup><b>16<\/b><\/sup><\/span> E qualquer um que tocar em morto \u00e0 espada sobre a face do campo, ou em morto, ou em osso humano, ou em sepulcro, sete dias ser\u00e1 impuro. <br><span><sup><b>17<\/b><\/sup><\/span> E para o impuro tomar\u00e3o da cinza da queimada vaca da expia\u00e7\u00e3o, e lan\u00e7ar\u00e3o sobre ela \u00e1gua viva em um vaso: <br><span><sup><b>18<\/b><\/sup><\/span> E um homem limpo tomar\u00e1 hissopo. e o molhar\u00e1 na \u00e1gua, e espargir\u00e1 sobre a tenda, e sobre todos os m\u00f3veis, e sobre as pessoas que ali estiverem, e sobre aquele que houver tocado o osso, ou o matado, ou o cad\u00e1ver, ou o sepulcro: <br><span><sup><b>19<\/b><\/sup><\/span> E o limpo espargir\u00e1 sobre o impuro ao terceiro e ao s\u00e9timo dia: e quando o haver\u00e1 purificado ao dia s\u00e9timo, ele lavar\u00e1 logo suas roupas, e a si mesmo se lavar\u00e1 com \u00e1gua, e ser\u00e1 limpo \u00e0 tarde. <br><span><sup><b>20<\/b><\/sup><\/span> E o que for impuro, e n\u00e3o se purificar, a tal pessoa ser\u00e1 eliminada dentre a congrega\u00e7\u00e3o, porquanto contaminou o tabern\u00e1culo do SENHOR: n\u00e3o foi espargida sobre ele a \u00e1gua de separa\u00e7\u00e3o, \u00e9 impuro. <br><span><sup><b>21<\/b><\/sup><\/span> E lhes ser\u00e1 por estatuto perp\u00e9tuo: tamb\u00e9m o que espargir a \u00e1gua da separa\u00e7\u00e3o lavar\u00e1 suas roupas; e o que tocar a \u00e1gua da separa\u00e7\u00e3o, ser\u00e1 impuro at\u00e9 \u00e0 tarde. <br><span><sup><b>22<\/b><\/sup><\/span> E todo o que o impuro tocar, ser\u00e1 impuro: e a pessoa que o tocar, ser\u00e1 impura at\u00e9 \u00e0 tarde.<\/span><\/p>\n\n\n\n<div class=\"wp-block-columns is-layout-flex wp-container-core-columns-is-layout-9d6595d7 wp-block-columns-is-layout-flex\">\n<div class=\"wp-block-column is-layout-flow wp-block-column-is-layout-flow\">\n<p><a href=\"\/numeros-18\" title=\"\">N\u00fameros 18<\/a><\/p>\n<\/div>\n\n\n\n<div class=\"wp-block-column is-layout-flow wp-block-column-is-layout-flow\">\n<p class=\"has-text-align-right\"><a href=\"\/numeros-20\" title=\"\">N\u00fameros 20<\/a><\/p>\n<\/div>\n<\/div>\n\n\n\n<h2 class=\"wp-block-heading\">Descri\u00e7\u00e3o &#8211; N\u00fameros 19<\/h2>\n\n\n\n<p class=\"has-medium-font-size\">N\u00fameros 19 apresenta a ordenan\u00e7a da purifica\u00e7\u00e3o com a \u00e1gua da novilha vermelha, um rito essencial para remover a impureza causada pelo contato com um cad\u00e1ver. A novilha \u00e9 queimada fora do arraial, e suas cinzas s\u00e3o misturadas com \u00e1gua para a purifica\u00e7\u00e3o dos israelitas. Esse mandamento refor\u00e7a a import\u00e2ncia da santidade e da separa\u00e7\u00e3o do pecado enquanto o povo caminha pelo deserto rumo \u00e0 Terra Prometida. O cap\u00edtulo destaca como Deus prov\u00ea meios para a purifica\u00e7\u00e3o, garantindo que a comunidade permane\u00e7a pura diante Dele e apta a continuar sua jornada sob Sua orienta\u00e7\u00e3o.<\/p>\n\n\n\n<h3 class=\"wp-block-heading\">Livro dos N\u00fameros:<\/h3>\n\n\n\n\n\n<p><\/p>\n","protected":false},"excerpt":{"rendered":"<p>1 E o SENHOR falou a Mois\u00e9s e a Ar\u00e3o, dizendo: 2 Esta \u00e9 a ordenan\u00e7a da lei que o SENHOR prescreveu, dizendo: Dize aos filhos de Israel que te tragam uma vaca vermelha, perfeita, na qual n\u00e3o haja falta, sobre a qual n\u00e3o se tenha posto jugo: 3 E a dareis a Eleazar o &hellip; <\/p>\n","protected":false},"author":2,"featured_media":772,"parent":771,"menu_order":19,"comment_status":"closed","ping_status":"closed","template":"","meta":{"om_disable_all_campaigns":false,"_monsterinsights_skip_tracking":false,"_monsterinsights_sitenote_active":false,"_monsterinsights_sitenote_note":"","_monsterinsights_sitenote_category":0,"footnotes":""},"class_list":["post-811","page","type-page","status-publish","has-post-thumbnail","hentry"],"aioseo_notices":[],"_links":{"self":[{"href":"https:\/\/bibliapresente.com\/postagens\/wp-json\/wp\/v2\/pages\/811","targetHints":{"allow":["GET"]}}],"collection":[{"href":"https:\/\/bibliapresente.com\/postagens\/wp-json\/wp\/v2\/pages"}],"about":[{"href":"https:\/\/bibliapresente.com\/postagens\/wp-json\/wp\/v2\/types\/page"}],"author":[{"embeddable":true,"href":"https:\/\/bibliapresente.com\/postagens\/wp-json\/wp\/v2\/users\/2"}],"replies":[{"embeddable":true,"href":"https:\/\/bibliapresente.com\/postagens\/wp-json\/wp\/v2\/comments?post=811"}],"version-history":[{"count":5,"href":"https:\/\/bibliapresente.com\/postagens\/wp-json\/wp\/v2\/pages\/811\/revisions"}],"predecessor-version":[{"id":1455,"href":"https:\/\/bibliapresente.com\/postagens\/wp-json\/wp\/v2\/pages\/811\/revisions\/1455"}],"up":[{"embeddable":true,"href":"https:\/\/bibliapresente.com\/postagens\/wp-json\/wp\/v2\/pages\/771"}],"wp:featuredmedia":[{"embeddable":true,"href":"https:\/\/bibliapresente.com\/postagens\/wp-json\/wp\/v2\/media\/772"}],"wp:attachment":[{"href":"https:\/\/bibliapresente.com\/postagens\/wp-json\/wp\/v2\/media?parent=811"}],"curies":[{"name":"wp","href":"https:\/\/api.w.org\/{rel}","templated":true}]}}