{"id":809,"date":"2025-02-04T16:59:47","date_gmt":"2025-02-04T19:59:47","guid":{"rendered":"https:\/\/bibliapresente.com\/postagens\/?page_id=809"},"modified":"2025-02-04T16:59:48","modified_gmt":"2025-02-04T19:59:48","slug":"numeros-18","status":"publish","type":"page","link":"https:\/\/bibliapresente.com\/postagens\/livros-da-biblia\/numeros\/numeros-18\/","title":{"rendered":"N\u00fameros 18 &#8211; Deveres e Direitos de Levitas"},"content":{"rendered":"\n<p class=\"has-medium-font-size\" style=\"letter-spacing:1px\"><span><span><sup><b>1<\/b><\/sup><\/span> E o SENHOR disse a Ar\u00e3o: Tu e teus filhos, e a casa de teu pai contigo, levareis o pecado do santu\u00e1rio: e tu e teus filhos contigo levareis o pecado de vosso sacerd\u00f3cio. <br><span><sup><b>2<\/b><\/sup><\/span> E a teus irm\u00e3os tamb\u00e9m, a tribo de Levi, a tribo de teu pai, faze-os chegar a ti, e juntem-se contigo, e te servir\u00e3o; e tu e teus filhos contigo servireis diante do tabern\u00e1culo do testemunho. <br><span><sup><b>3<\/b><\/sup><\/span> E guardar\u00e3o o que tu ordenares, e o cargo de todo o tabern\u00e1culo: mas n\u00e3o chegar\u00e3o aos utens\u00edlios santos nem ao altar, para que n\u00e3o morram eles e v\u00f3s. <br><span><sup><b>4<\/b><\/sup><\/span> Eles se juntar\u00e3o, pois, contigo, e ter\u00e3o o cargo do tabern\u00e1culo do testemunho em todo o servi\u00e7o do tabern\u00e1culo; nenhum estranho se h\u00e1 de chegar a v\u00f3s. <br><span><sup><b>5<\/b><\/sup><\/span> E tereis a guarda do santu\u00e1rio, e a guarda do altar, para que n\u00e3o seja mais a ira sobre os filhos de Israel. <br><span><sup><b>6<\/b><\/sup><\/span> Porque eis que eu tomei a vossos irm\u00e3os os levitas dentre os filhos de Israel, dados a v\u00f3s em presente do SENHOR, para que sirvam no minist\u00e9rio do tabern\u00e1culo do testemunho. <br><span><sup><b>7<\/b><\/sup><\/span> Mas tu e teus filhos contigo guardareis vosso sacerd\u00f3cio em todo neg\u00f3cio do altar, e do v\u00e9u dentro, e ministrareis. Eu vos dei como presente o servi\u00e7o de vosso sacerd\u00f3cio; e o estranho que se chegar, morrer\u00e1. <br><span><sup><b>8<\/b><\/sup><\/span> Disse mais o SENHOR a Ar\u00e3o: Eis que eu te dei tamb\u00e9m a guarda de minhas ofertas: todas as coisas consagradas dos filhos de Israel te dei por raz\u00e3o da un\u00e7\u00e3o, e a teus filhos, por estatuto perp\u00e9tuo. <br><span><sup><b>9<\/b><\/sup><\/span> Isto ser\u00e1 teu da oferta das coisas santas reservadas do fogo: toda oferta deles, toda oferta de cereais sua, e toda expia\u00e7\u00e3o pelo pecado deles, que me h\u00e3o de presentear, ser\u00e1 coisa muito santa para ti e para teus filhos. <br><span><sup><b>10<\/b><\/sup><\/span> No santu\u00e1rio a comer\u00e1s; todo homem comer\u00e1 dela: coisa santa ser\u00e1 para ti. <br><span><sup><b>11<\/b><\/sup><\/span> Isto tamb\u00e9m ser\u00e1 teu: a oferta elevada de seus presentes, e todas as ofertas movidas dos filhos de Israel, dei a ti, e a teus filhos, e a tuas filhas contigo, por estatuto perp\u00e9tuo: todo limpo em tua casa comer\u00e1 delas. <br><span><sup><b>12<\/b><\/sup><\/span> De azeite, e de mosto, e de trigo, tudo o mais escolhido, as prim\u00edcias disso, que apresentar\u00e3o ao SENHOR, a ti as dei. <br><span><sup><b>13<\/b><\/sup><\/span> As prim\u00edcias de todas as coisas da terra deles, as quais trar\u00e3o ao SENHOR, ser\u00e3o tuas: todo limpo em tua casa comer\u00e1 delas. <br><span><sup><b>14<\/b><\/sup><\/span> Todo o consagrado por voto em Israel ser\u00e1 teu. <br><span><sup><b>15<\/b><\/sup><\/span> Todo o que abrir madre em toda carne que oferecer\u00e3o ao SENHOR, tanto de homens como de animais, ser\u00e1 teu: mas far\u00e1s resgatar o primog\u00eanito do homem: tamb\u00e9m far\u00e1s resgatar o primog\u00eanito de animal impuro. <br><span><sup><b>16<\/b><\/sup><\/span> E de um m\u00eas far\u00e1s efetuar o resgate deles, conforme tua avalia\u00e7\u00e3o, por pre\u00e7o de cinco siclos, ao siclo do santu\u00e1rio, que \u00e9 de vinte \u00f3bolos. <br><span><sup><b>17<\/b><\/sup><\/span> Mas o primog\u00eanito de vaca, e o primog\u00eanito de ovelha, e o primog\u00eanito de cabra, n\u00e3o resgatar\u00e1s; santificados s\u00e3o: o sangue deles espargir\u00e1s sobre o altar, e queimar\u00e1s a gordura deles, oferta acesa em cheiro suave ao SENHOR. <br><span><sup><b>18<\/b><\/sup><\/span> E a carne deles ser\u00e1 tua: como o peito da oferta movida e como a coxa direita, ser\u00e1 tua. <br><span><sup><b>19<\/b><\/sup><\/span> Todas as ofertas elevadas das coisas santas, que os filhos de Israel oferecerem ao SENHOR, dei-as a ti, e a teus filhos e a tuas filhas contigo, por estatuto perp\u00e9tuo: pacto de sal perp\u00e9tuo \u00e9 diante do SENHOR para ti e para tua descend\u00eancia contigo. <br><span><sup><b>20<\/b><\/sup><\/span> E o SENHOR disse a Ar\u00e3o: Da terra deles n\u00e3o ter\u00e1s heran\u00e7a, nem entre eles ter\u00e1s parte: Eu sou tua parte e tua heran\u00e7a em meio dos filhos de Israel. <br><span><sup><b>21<\/b><\/sup><\/span> E eis que eu dei aos filhos de Levi todos os d\u00edzimos em Israel por heran\u00e7a, por seu minist\u00e9rio, porquanto eles servem no minist\u00e9rio do tabern\u00e1culo do testemunho. <br><span><sup><b>22<\/b><\/sup><\/span> E n\u00e3o chegar\u00e3o mais os filhos de Israel ao tabern\u00e1culo do testemunho, para que n\u00e3o levem pecado, pelo qual morram. <br><span><sup><b>23<\/b><\/sup><\/span> Mas os levitas far\u00e3o o servi\u00e7o do tabern\u00e1culo do testemunho, e eles levar\u00e3o sua iniquidade: estatuto perp\u00e9tuo por vossas gera\u00e7\u00f5es; e n\u00e3o possuir\u00e3o heran\u00e7a entre os filhos de Israel. <br><span><sup><b>24<\/b><\/sup><\/span> Porque aos levitas dei por heran\u00e7a os d\u00edzimos dos filhos de Israel, que oferecer\u00e3o ao SENHOR em oferta: pelo qual lhes disse: Entre os filhos de Israel n\u00e3o possuir\u00e3o heran\u00e7a. <br><span><sup><b>25<\/b><\/sup><\/span> E falou o SENHOR a Mois\u00e9s, dizendo: <br><span><sup><b>26<\/b><\/sup><\/span> Assim falar\u00e1s aos levitas, e lhes dir\u00e1s: Quando tomardes dos filhos de Israel os d\u00edzimos que vos dei deles por vossa heran\u00e7a, v\u00f3s apresentareis deles em oferta movida ao SENHOR o d\u00edzimo dos d\u00edzimos. <br><span><sup><b>27<\/b><\/sup><\/span> E se vos contar\u00e1 vossa oferta como gr\u00e3o da eira, e como plenitude do lagar. <br><span><sup><b>28<\/b><\/sup><\/span> Assim oferecereis tamb\u00e9m v\u00f3s oferta ao SENHOR de todos vossos d\u00edzimos que houverdes recebido dos filhos de Israel; e dareis deles a oferta do SENHOR a Ar\u00e3o o sacerdote. <br><span><sup><b>29<\/b><\/sup><\/span> De todos vossos presentes oferecereis toda oferta ao SENHOR; de todo o melhor deles oferecereis a por\u00e7\u00e3o que ser\u00e1 consagrada. <br><span><sup><b>30<\/b><\/sup><\/span> E lhes dir\u00e1s: Quando oferecerdes o melhor deles, ser\u00e1 contado aos levitas por fruto da era, e como fruto do lagar. <br><span><sup><b>31<\/b><\/sup><\/span> E o comereis em qualquer lugar, v\u00f3s e vossa fam\u00edlia: pois \u00e9 vossa remunera\u00e7\u00e3o por vosso minist\u00e9rio no tabern\u00e1culo do testemunho. <br><span><sup><b>32<\/b><\/sup><\/span> E quando v\u00f3s houverdes oferecido disso o melhor seu, n\u00e3o levareis por ele pecado: e n\u00e3o haveis de contaminar as coisas santas dos filhos de Israel, e n\u00e3o morrereis.<\/span><\/p>\n\n\n\n<div class=\"wp-block-columns is-layout-flex wp-container-core-columns-is-layout-9d6595d7 wp-block-columns-is-layout-flex\">\n<div class=\"wp-block-column is-layout-flow wp-block-column-is-layout-flow\">\n<p><a href=\"\/numeros-17\" title=\"\">N\u00fameros 17<\/a><\/p>\n<\/div>\n\n\n\n<div class=\"wp-block-column is-layout-flow wp-block-column-is-layout-flow\">\n<p class=\"has-text-align-right\"><a href=\"\/numeros-19\" title=\"\">N\u00fameros 19<\/a><\/p>\n<\/div>\n<\/div>\n\n\n\n<h2 class=\"wp-block-heading\">Descri\u00e7\u00e3o &#8211; N\u00fameros 18<\/h2>\n\n\n\n<p class=\"has-medium-font-size\">N\u00fameros 18 trata das responsabilidades e privil\u00e9gios dos sacerdotes e levitas no servi\u00e7o do Tabern\u00e1culo. Deus reafirma a posi\u00e7\u00e3o de Ar\u00e3o e seus descendentes como sacerdotes, encarregando-os das ofertas e sacrif\u00edcios apresentados por Israel. Os levitas recebem o d\u00edzimo como recompensa por seu trabalho, mas n\u00e3o possuem heran\u00e7a na terra, pois o pr\u00f3prio Senhor \u00e9 sua por\u00e7\u00e3o. O cap\u00edtulo refor\u00e7a a santidade do sacerd\u00f3cio e a import\u00e2ncia da obedi\u00eancia \u00e0s leis divinas, garantindo que o culto a Deus seja conduzido corretamente enquanto o povo de Israel se prepara para entrar na Terra Prometida.<\/p>\n\n\n\n<h3 class=\"wp-block-heading\">Livro dos N\u00fameros:<\/h3>\n\n\n\n\n\n<p><\/p>\n","protected":false},"excerpt":{"rendered":"<p>1 E o SENHOR disse a Ar\u00e3o: Tu e teus filhos, e a casa de teu pai contigo, levareis o pecado do santu\u00e1rio: e tu e teus filhos contigo levareis o pecado de vosso sacerd\u00f3cio. 2 E a teus irm\u00e3os tamb\u00e9m, a tribo de Levi, a tribo de teu pai, faze-os chegar a ti, e &hellip; <\/p>\n","protected":false},"author":2,"featured_media":772,"parent":771,"menu_order":18,"comment_status":"closed","ping_status":"closed","template":"","meta":{"om_disable_all_campaigns":false,"_monsterinsights_skip_tracking":false,"_monsterinsights_sitenote_active":false,"_monsterinsights_sitenote_note":"","_monsterinsights_sitenote_category":0,"footnotes":""},"class_list":["post-809","page","type-page","status-publish","has-post-thumbnail","hentry"],"aioseo_notices":[],"_links":{"self":[{"href":"https:\/\/bibliapresente.com\/postagens\/wp-json\/wp\/v2\/pages\/809","targetHints":{"allow":["GET"]}}],"collection":[{"href":"https:\/\/bibliapresente.com\/postagens\/wp-json\/wp\/v2\/pages"}],"about":[{"href":"https:\/\/bibliapresente.com\/postagens\/wp-json\/wp\/v2\/types\/page"}],"author":[{"embeddable":true,"href":"https:\/\/bibliapresente.com\/postagens\/wp-json\/wp\/v2\/users\/2"}],"replies":[{"embeddable":true,"href":"https:\/\/bibliapresente.com\/postagens\/wp-json\/wp\/v2\/comments?post=809"}],"version-history":[{"count":5,"href":"https:\/\/bibliapresente.com\/postagens\/wp-json\/wp\/v2\/pages\/809\/revisions"}],"predecessor-version":[{"id":1454,"href":"https:\/\/bibliapresente.com\/postagens\/wp-json\/wp\/v2\/pages\/809\/revisions\/1454"}],"up":[{"embeddable":true,"href":"https:\/\/bibliapresente.com\/postagens\/wp-json\/wp\/v2\/pages\/771"}],"wp:featuredmedia":[{"embeddable":true,"href":"https:\/\/bibliapresente.com\/postagens\/wp-json\/wp\/v2\/media\/772"}],"wp:attachment":[{"href":"https:\/\/bibliapresente.com\/postagens\/wp-json\/wp\/v2\/media?parent=809"}],"curies":[{"name":"wp","href":"https:\/\/api.w.org\/{rel}","templated":true}]}}