{"id":805,"date":"2025-02-04T16:56:05","date_gmt":"2025-02-04T19:56:05","guid":{"rendered":"https:\/\/bibliapresente.com\/postagens\/?page_id=805"},"modified":"2025-02-04T16:56:05","modified_gmt":"2025-02-04T19:56:05","slug":"numeros-16","status":"publish","type":"page","link":"https:\/\/bibliapresente.com\/postagens\/livros-da-biblia\/numeros\/numeros-16\/","title":{"rendered":"N\u00fameros 16 &#8211; Rebeli\u00e3o de Cor\u00e1 e Puni\u00e7\u00e3o"},"content":{"rendered":"\n<p class=\"has-medium-font-size\" style=\"letter-spacing:1px\"><span><span><sup><b>1<\/b><\/sup><\/span> E Cor\u00e9, filho de Izar, filho de Coate, filho de Levi; e Dat\u00e3 e Abir\u00e3o, filhos de Eliabe; e Om, filho de Pelete, dos filhos de R\u00faben, tomaram gente, <br><span><sup><b>2<\/b><\/sup><\/span> E levantaram-se contra Mois\u00e9s com duzentos e cinquenta homens dos filhos de Israel, pr\u00edncipes da congrega\u00e7\u00e3o, dos do conselho, homens de renome; <br><span><sup><b>3<\/b><\/sup><\/span> E se juntaram contra Mois\u00e9s e Ar\u00e3o, e lhes disseram: Basta-vos, porque toda a congrega\u00e7\u00e3o, todos eles s\u00e3o santos, e em meio deles est\u00e1 o SENHOR: por que, pois, vos levantais v\u00f3s sobre a congrega\u00e7\u00e3o do SENHOR? <br><span><sup><b>4<\/b><\/sup><\/span> E quando o ouviu Mois\u00e9s, lan\u00e7ou-se sobre seu rosto; <br><span><sup><b>5<\/b><\/sup><\/span> E falou a Cor\u00e9 e a todo o seu grupo, dizendo: Amanh\u00e3 mostrar\u00e1 o SENHOR quem \u00e9 seu, e ao santo o far\u00e1 chegar a si; e ao que ele escolher, ele o achegar\u00e1 a si. <br><span><sup><b>6<\/b><\/sup><\/span> Fazei isto: tomai incens\u00e1rios, Cor\u00e9 e todo o seu grupo: <br><span><sup><b>7<\/b><\/sup><\/span> E ponde fogo neles, e ponde neles incenso diante do SENHOR amanh\u00e3; e ser\u00e1 que o homem a quem o SENHOR escolher, aquele ser\u00e1 o santo: basta-vos isto, filhos de Levi. <br><span><sup><b>8<\/b><\/sup><\/span> Disse mais Mois\u00e9s a Cor\u00e9: Ouvi agora, filhos de Levi: <br><span><sup><b>9<\/b><\/sup><\/span> Vos \u00e9 pouco que o Deus de Israel vos haja apartado da congrega\u00e7\u00e3o de Israel, fazendo-vos achegar a si para que ministrasses no servi\u00e7o do tabern\u00e1culo do SENHOR, e estiv\u00e9sseis diante da congrega\u00e7\u00e3o para ministrar-lhes? <br><span><sup><b>10<\/b><\/sup><\/span> E que te fez aproximar a ti, e a todos os teus irm\u00e3os os filhos de Levi contigo; para que procureis tamb\u00e9m o sacerd\u00f3cio? <br><span><sup><b>11<\/b><\/sup><\/span> Portanto, tu e todo o teu grupo sois os que vos juntais contra o SENHOR: pois Ar\u00e3o, que \u00e9 para que contra ele murmureis? <br><span><sup><b>12<\/b><\/sup><\/span> E enviou Mois\u00e9s a chamar a Dat\u00e3 e Abir\u00e3o, filhos de Eliabe; mas eles responderam: N\u00e3o iremos l\u00e1: <br><span><sup><b>13<\/b><\/sup><\/span> \u00c9 pouco que nos tenhas feito vir de uma terra que destila leite e mel, para fazer-nos morrer no deserto, mas que tamb\u00e9m te fa\u00e7as senhor de n\u00f3s autoritariamente? <br><span><sup><b>14<\/b><\/sup><\/span> Nem tampouco nos puseste tu em terra que flua leite e mel, nem nos deste propriedades de terras e vinhas: h\u00e1s de arrancar os olhos destes homens? N\u00e3o subiremos. <br><span><sup><b>15<\/b><\/sup><\/span> Ent\u00e3o Mois\u00e9s se irou em grande maneira, e disse ao SENHOR: N\u00e3o olhes a sua oferta: nem ainda um asno tomei deles, nem a nenhum deles fiz mal. <br><span><sup><b>16<\/b><\/sup><\/span> Depois disse Mois\u00e9s a Cor\u00e9: Tu e todo o teu grupo, ponde-vos amanh\u00e3 diante do SENHOR; tu, e eles, e Ar\u00e3o: <br><span><sup><b>17<\/b><\/sup><\/span> E tomai cada um seu incens\u00e1rio, e ponde incenso neles, e achegai diante do SENHOR cada um seu incens\u00e1rio: duzentos e cinquenta incens\u00e1rios: tu tamb\u00e9m, e Ar\u00e3o, cada um com seu incens\u00e1rio. <br><span><sup><b>18<\/b><\/sup><\/span> E tomaram cada um seu incens\u00e1rio, e puseram neles fogo, e lan\u00e7aram neles incenso, e puseram-se \u00e0 porta do tabern\u00e1culo do testemunho com Mois\u00e9s e Ar\u00e3o. <br><span><sup><b>19<\/b><\/sup><\/span> J\u00e1 Cor\u00e9 havia feito juntar contra eles toda a congrega\u00e7\u00e3o \u00e0 porta do tabern\u00e1culo do testemunho: ent\u00e3o a gl\u00f3ria do SENHOR apareceu a toda a congrega\u00e7\u00e3o. <br><span><sup><b>20<\/b><\/sup><\/span> E o SENHOR falou a Mois\u00e9s e a Ar\u00e3o, dizendo: <br><span><sup><b>21<\/b><\/sup><\/span> Apartai-vos dentre esta congrega\u00e7\u00e3o, e os consumirei em um momento. <br><span><sup><b>22<\/b><\/sup><\/span> E eles se lan\u00e7aram sobre seus rostos, e disseram: Deus, Deus dos esp\u00edritos de toda carne, n\u00e3o \u00e9 um homem o que pecou? E te irar\u00e1s tu contra toda a congrega\u00e7\u00e3o? <br><span><sup><b>23<\/b><\/sup><\/span> Ent\u00e3o o SENHOR falou a Mois\u00e9s, dizendo: <br><span><sup><b>24<\/b><\/sup><\/span> Fala \u00e0 congrega\u00e7\u00e3o, dizendo: Apartai-vos de em derredor da tenda de Cor\u00e9, Dat\u00e3, e Abir\u00e3o. <br><span><sup><b>25<\/b><\/sup><\/span> E Mois\u00e9s se levantou, e foi a Dat\u00e3 e Abir\u00e3o; e os anci\u00e3os de Israel foram atr\u00e1s dele. <br><span><sup><b>26<\/b><\/sup><\/span> E ele falou \u00e0 congrega\u00e7\u00e3o, dizendo: Apartai-vos agora das tendas destes \u00edmpios homens, e n\u00e3o toqueis nenhuma coisa sua, porque n\u00e3o pere\u00e7ais em todos os seus pecados. <br><span><sup><b>27<\/b><\/sup><\/span> E apartaram-se das tendas de Cor\u00e9, de Dat\u00e3, e de Abir\u00e3o em derredor: e Dat\u00e3 e Abir\u00e3o sa\u00edram e puseram-se \u00e0s portas de suas tendas, com suas mulheres, e seus filhos, e suas crian\u00e7as. <br><span><sup><b>28<\/b><\/sup><\/span> E disse Mois\u00e9s: Em isto conhecereis que o SENHOR me enviou para que fizesse todas estas coisas: que n\u00e3o de meu cora\u00e7\u00e3o as fiz. <br><span><sup><b>29<\/b><\/sup><\/span> Se como morrem todos os homens morrerem estes, ou se forem eles visitados \u00e0 maneira de todos os homens, o SENHOR n\u00e3o me enviou. <br><span><sup><b>30<\/b><\/sup><\/span> Mas se o SENHOR fizer uma nova coisa, e a terra abrir sua boca, e os tragar com todas suas coisas, e descerem vivos ao mundo dos mortos, ent\u00e3o conhecereis que estes homens irritaram ao SENHOR. <br><span><sup><b>31<\/b><\/sup><\/span> E aconteceu, que em acabando ele de falar todas estas palavras, rompeu-se a terra que estava debaixo deles: <br><span><sup><b>32<\/b><\/sup><\/span> E abriu a terra sua boca, e tragou-os a eles, e a suas casas, e a todos os homens de Cor\u00e9, e a todos os seus pertences. <br><span><sup><b>33<\/b><\/sup><\/span> E eles, com tudo o que tinham, desceram vivos ao mundo dos mortos, e cobriu-os a terra, e pereceram do meio da congrega\u00e7\u00e3o. <br><span><sup><b>34<\/b><\/sup><\/span> E todo Israel, os que estavam em derredor deles, fugiram ao grito deles; porque diziam: N\u00e3o nos trague tamb\u00e9m a terra. <br><span><sup><b>35<\/b><\/sup><\/span> E saiu fogo do SENHOR, e consumiu os duzentos e cinquenta homens que ofereciam o incenso. <br><span><sup><b>36<\/b><\/sup><\/span> Ent\u00e3o o SENHOR falou a Mois\u00e9s, dizendo: <br><span><sup><b>37<\/b><\/sup><\/span> Dize a Eleazar, filho de Ar\u00e3o sacerdote, que tome os incens\u00e1rios do meio do inc\u00eandio, e derrame mais ali o fogo; porque s\u00e3o santificados: <br><span><sup><b>38<\/b><\/sup><\/span> Os incens\u00e1rios destes pecadores contra suas almas: e far\u00e3o deles placas estendidas para cobrir o altar: porquanto ofereceram com eles diante do SENHOR, s\u00e3o santificados; e ser\u00e3o por sinal aos filhos de Israel. <br><span><sup><b>39<\/b><\/sup><\/span> E o sacerdote Eleazar tomou os incens\u00e1rios de bronze com que os queimados haviam oferecido; e estenderam-nos para cobrir o altar, <br><span><sup><b>40<\/b><\/sup><\/span> Em memorial aos filhos de Israel que nenhum estranho que n\u00e3o seja da descend\u00eancia de Ar\u00e3o, chegue a oferecer incenso diante do SENHOR, para que n\u00e3o seja como Cor\u00e9, e como seu grupo; segundo se o disse o SENHOR por meio de Mois\u00e9s. <br><span><sup><b>41<\/b><\/sup><\/span> No dia seguinte toda a congrega\u00e7\u00e3o dos filhos de Israel murmurou contra Mois\u00e9s e Ar\u00e3o, dizendo: V\u00f3s haveis matado ao povo do SENHOR. <br><span><sup><b>42<\/b><\/sup><\/span> E aconteceu que, quando se juntou a congrega\u00e7\u00e3o contra Mois\u00e9s e Ar\u00e3o, olharam at\u00e9 o tabern\u00e1culo do testemunho, e eis que a nuvem o havia coberto, e apareceu a gl\u00f3ria do SENHOR. <br><span><sup><b>43<\/b><\/sup><\/span> E vieram Mois\u00e9s e Ar\u00e3o diante do tabern\u00e1culo do testemunho. <br><span><sup><b>44<\/b><\/sup><\/span> E o SENHOR falou a Mois\u00e9s, dizendo: <br><span><sup><b>45<\/b><\/sup><\/span> Apartai-vos do meio desta congrega\u00e7\u00e3o, e os consumirei em um momento. E eles se lan\u00e7aram sobre seus rostos. <br><span><sup><b>46<\/b><\/sup><\/span> E disse Mois\u00e9s A Ar\u00e3o: Toma o incens\u00e1rio, e p\u00f5e nele fogo do altar, e sobre ele p\u00f5e incenso, e vai logo \u00e0 congrega\u00e7\u00e3o, e faze expia\u00e7\u00e3o por eles; porque o furor saiu de diante da face do SENHOR: a mortandade come\u00e7ou. <br><span><sup><b>47<\/b><\/sup><\/span> Ent\u00e3o tomou Ar\u00e3o o incens\u00e1rio, como Mois\u00e9s disse, e correu em meio da congrega\u00e7\u00e3o: e eis que a mortandade havia come\u00e7ado no povo: e ele p\u00f4s incenso, e fez expia\u00e7\u00e3o pelo povo. <br><span><sup><b>48<\/b><\/sup><\/span> E p\u00f4s-se entre os mortos e os vivos, e cessou a mortandade. <br><span><sup><b>49<\/b><\/sup><\/span> E os que morreram naquela mortandade foram catorze mil e setecentos, sem os mortos pelo neg\u00f3cio de Cor\u00e9. <br><span><sup><b>50<\/b><\/sup><\/span> Depois se voltou Ar\u00e3o a Mois\u00e9s \u00e0 porta do tabern\u00e1culo do testemunho, quando a mortandade havia cessado.<\/span><\/p>\n\n\n\n<div class=\"wp-block-columns is-layout-flex wp-container-core-columns-is-layout-9d6595d7 wp-block-columns-is-layout-flex\">\n<div class=\"wp-block-column is-layout-flow wp-block-column-is-layout-flow\">\n<p><a href=\"\/numeros-15\" title=\"\">N\u00fameros 15<\/a><\/p>\n<\/div>\n\n\n\n<div class=\"wp-block-column is-layout-flow wp-block-column-is-layout-flow\">\n<p class=\"has-text-align-right\"><a href=\"\/numeros-17\" title=\"\">N\u00fameros 17<\/a><\/p>\n<\/div>\n<\/div>\n\n\n\n<h2 class=\"wp-block-heading\">Descri\u00e7\u00e3o &#8211; N\u00fameros 16<\/h2>\n\n\n\n<p class=\"has-medium-font-size\">N\u00fameros 16 narra a rebeli\u00e3o de Cor\u00e1, Dat\u00e3 e Abir\u00e3o contra Mois\u00e9s e Ar\u00e3o, desafiando sua lideran\u00e7a no deserto. Esses homens, junto com 250 l\u00edderes, questionam a autoridade estabelecida por Deus. Como julgamento, a terra se abre e os engole, enquanto fogo consome os seguidores rebeldes. No dia seguinte, o povo murmura contra Mois\u00e9s, e uma praga mortal se espalha, cessando apenas quando Ar\u00e3o faz expia\u00e7\u00e3o. Esse cap\u00edtulo enfatiza a seriedade da obedi\u00eancia a Deus e a autoridade sacerdotal, refor\u00e7ando a necessidade de respeito \u00e0s suas ordens antes da chegada a Cana\u00e3.<\/p>\n\n\n\n<h3 class=\"wp-block-heading\">Livro dos N\u00fameros:<\/h3>\n\n\n\n\n\n<p><\/p>\n","protected":false},"excerpt":{"rendered":"<p>1 E Cor\u00e9, filho de Izar, filho de Coate, filho de Levi; e Dat\u00e3 e Abir\u00e3o, filhos de Eliabe; e Om, filho de Pelete, dos filhos de R\u00faben, tomaram gente, 2 E levantaram-se contra Mois\u00e9s com duzentos e cinquenta homens dos filhos de Israel, pr\u00edncipes da congrega\u00e7\u00e3o, dos do conselho, homens de renome; 3 E &hellip; <\/p>\n","protected":false},"author":2,"featured_media":772,"parent":771,"menu_order":16,"comment_status":"closed","ping_status":"closed","template":"","meta":{"om_disable_all_campaigns":false,"_monsterinsights_skip_tracking":false,"_monsterinsights_sitenote_active":false,"_monsterinsights_sitenote_note":"","_monsterinsights_sitenote_category":0,"footnotes":""},"class_list":["post-805","page","type-page","status-publish","has-post-thumbnail","hentry"],"aioseo_notices":[],"_links":{"self":[{"href":"https:\/\/bibliapresente.com\/postagens\/wp-json\/wp\/v2\/pages\/805","targetHints":{"allow":["GET"]}}],"collection":[{"href":"https:\/\/bibliapresente.com\/postagens\/wp-json\/wp\/v2\/pages"}],"about":[{"href":"https:\/\/bibliapresente.com\/postagens\/wp-json\/wp\/v2\/types\/page"}],"author":[{"embeddable":true,"href":"https:\/\/bibliapresente.com\/postagens\/wp-json\/wp\/v2\/users\/2"}],"replies":[{"embeddable":true,"href":"https:\/\/bibliapresente.com\/postagens\/wp-json\/wp\/v2\/comments?post=805"}],"version-history":[{"count":5,"href":"https:\/\/bibliapresente.com\/postagens\/wp-json\/wp\/v2\/pages\/805\/revisions"}],"predecessor-version":[{"id":1452,"href":"https:\/\/bibliapresente.com\/postagens\/wp-json\/wp\/v2\/pages\/805\/revisions\/1452"}],"up":[{"embeddable":true,"href":"https:\/\/bibliapresente.com\/postagens\/wp-json\/wp\/v2\/pages\/771"}],"wp:featuredmedia":[{"embeddable":true,"href":"https:\/\/bibliapresente.com\/postagens\/wp-json\/wp\/v2\/media\/772"}],"wp:attachment":[{"href":"https:\/\/bibliapresente.com\/postagens\/wp-json\/wp\/v2\/media?parent=805"}],"curies":[{"name":"wp","href":"https:\/\/api.w.org\/{rel}","templated":true}]}}