{"id":803,"date":"2025-02-04T16:54:17","date_gmt":"2025-02-04T19:54:17","guid":{"rendered":"https:\/\/bibliapresente.com\/postagens\/?page_id=803"},"modified":"2025-02-04T16:54:18","modified_gmt":"2025-02-04T19:54:18","slug":"numeros-15","status":"publish","type":"page","link":"https:\/\/bibliapresente.com\/postagens\/livros-da-biblia\/numeros\/numeros-15\/","title":{"rendered":"N\u00fameros 15 &#8211; Leis sobre Ofertas e Erros"},"content":{"rendered":"\n<p class=\"has-medium-font-size\" style=\"letter-spacing:1px\"><span><span><sup><b>1<\/b><\/sup><\/span> E o SENHOR falou a Mois\u00e9s, dizendo: <br><span><sup><b>2<\/b><\/sup><\/span> Fala aos filhos de Israel, e dize-lhes: Quando houverdes entrado na terra de vossas habita\u00e7\u00f5es, que eu vos dou, <br><span><sup><b>3<\/b><\/sup><\/span> E fizerdes oferta acesa ao SENHOR, holocausto, ou sacrif\u00edcio, por especial voto, ou de vossa vontade, ou para fazer em vossas solenidades cheiro suave ao SENHOR, de vacas ou de ovelhas; <br><span><sup><b>4<\/b><\/sup><\/span> Ent\u00e3o o que oferecer sua oferta ao SENHOR, trar\u00e1 por oferta de cereais uma d\u00edzima de um efa de flor de farinha, amassada com a quarta parte de um him de azeite; <br><span><sup><b>5<\/b><\/sup><\/span> E de veio para a liba\u00e7\u00e3o oferecer\u00e1s a quarta parte de um him, al\u00e9m do holocausto ou do sacrif\u00edcio, por cada cordeiro. <br><span><sup><b>6<\/b><\/sup><\/span> E para cada carneiro far\u00e1s oferta de cereais de duas d\u00edzimas de flor de farinha, amassada com o ter\u00e7o de um him de azeite: <br><span><sup><b>7<\/b><\/sup><\/span> E de vinho para a liba\u00e7\u00e3o oferecer\u00e1s o ter\u00e7o de um him, em cheiro suave ao SENHOR. <br><span><sup><b>8<\/b><\/sup><\/span> E quando oferecerdes novilho em holocausto ou sacrif\u00edcio, por especial voto, ou pac\u00edfico ao SENHOR, <br><span><sup><b>9<\/b><\/sup><\/span> Oferecer\u00e1s com o novilho uma oferta de cereais de tr\u00eas d\u00edzimas de flor de farinha, amassada com a metade de um him de azeite: <br><span><sup><b>10<\/b><\/sup><\/span> E de vinho para a liba\u00e7\u00e3o oferecer\u00e1s a metade de um him, em oferta acesa de cheiro suave ao SENHOR. <br><span><sup><b>11<\/b><\/sup><\/span> Assim se far\u00e1 com cada um boi, ou carneiro, ou cordeiro, o mesmo de ovelhas que de cabras. <br><span><sup><b>12<\/b><\/sup><\/span> Conforme o n\u00famero assim fareis com cada um segundo o n\u00famero deles. <br><span><sup><b>13<\/b><\/sup><\/span> Todo natural far\u00e1 estas coisas assim, para oferecer oferta acesa de cheiro suave ao SENHOR. <br><span><sup><b>14<\/b><\/sup><\/span> E quando habitar convosco estrangeiro, ou qualquer um que estiver entre v\u00f3s por vossas gera\u00e7\u00f5es, se fizer oferta acesa de cheiro suave ao SENHOR, como v\u00f3s fizerdes, assim far\u00e1 ele. <br><span><sup><b>15<\/b><\/sup><\/span> Um mesmo estatuto tereis, v\u00f3s da congrega\u00e7\u00e3o e o estrangeiro que convosco mora; estatuto que ser\u00e1 perp\u00e9tuo por vossas gera\u00e7\u00f5es: como v\u00f3s, assim ser\u00e1 o peregrino diante do SENHOR. <br><span><sup><b>16<\/b><\/sup><\/span> Uma mesma lei e um mesmo regulamento tereis, v\u00f3s e o peregrino que convosco mora. <br><span><sup><b>17<\/b><\/sup><\/span> E falou o SENHOR a Mois\u00e9s, dizendo: <br><span><sup><b>18<\/b><\/sup><\/span> Fala aos filhos de Israel, e dize-lhes: Quando houverdes entrado na terra \u00e0 qual eu vos levo, <br><span><sup><b>19<\/b><\/sup><\/span> Ser\u00e1 que quando come\u00e7ardes a comer o p\u00e3o da terra, oferecereis oferta ao SENHOR. <br><span><sup><b>20<\/b><\/sup><\/span> De o primeiro que amassardes, oferecereis uma torta em oferta; como a oferta da eira, assim a oferecereis. <br><span><sup><b>21<\/b><\/sup><\/span> Das prim\u00edcias de vossas massas dareis ao SENHOR oferta por vossas gera\u00e7\u00f5es. <br><span><sup><b>22<\/b><\/sup><\/span> E quando errardes, e n\u00e3o fizerdes todos estes mandamentos que o SENHOR disse a Mois\u00e9s, <br><span><sup><b>23<\/b><\/sup><\/span> Todas as coisas que o SENHOR vos mandou pela m\u00e3o de Mois\u00e9s, desde o dia que o SENHOR o mandou, e em adiante por vossas gera\u00e7\u00f5es, <br><span><sup><b>24<\/b><\/sup><\/span> Ser\u00e1 que, se o pecado foi feito por acidente com ignor\u00e2ncia da congrega\u00e7\u00e3o, toda a congrega\u00e7\u00e3o oferecer\u00e1 um novilho por holocausto, em cheiro suave ao SENHOR, com sua oferta de cereais e sua liba\u00e7\u00e3o, conforme a lei; e um bode macho em expia\u00e7\u00e3o. <br><span><sup><b>25<\/b><\/sup><\/span> E o sacerdote far\u00e1 expia\u00e7\u00e3o por toda a congrega\u00e7\u00e3o dos filhos de Israel; e lhes ser\u00e1 perdoado, porque acidente \u00e9: e eles trar\u00e3o seus ofertas, oferta acesa ao SENHOR, e suas expia\u00e7\u00f5es diante do SENHOR, por seus erros: <br><span><sup><b>26<\/b><\/sup><\/span> E ser\u00e1 perdoado a toda a congrega\u00e7\u00e3o dos filhos de Israel, e ao estrangeiro que peregrina entre eles, porquanto \u00e9 acidente de todo o povo. <br><span><sup><b>27<\/b><\/sup><\/span> E se uma pessoa pecar por acidente, oferecer\u00e1 uma cabra de ano por expia\u00e7\u00e3o. <br><span><sup><b>28<\/b><\/sup><\/span> E o sacerdote far\u00e1 expia\u00e7\u00e3o pela pessoa que haver\u00e1 pecado por acidente, quando pecar por acidente diante do SENHOR, a reconciliar\u00e1, e lhe ser\u00e1 perdoado. <br><span><sup><b>29<\/b><\/sup><\/span> O natural entre os filhos de Israel, e o peregrino que habitar entre eles, uma mesma lei tereis para o que fizer algo por acidente. <br><span><sup><b>30<\/b><\/sup><\/span> Mas a pessoa que fizer algo com m\u00e3o soberba, tanto o natural como o estrangeiro, ao SENHOR blasfemou; e a tal pessoa ser\u00e1 eliminada do meio de seu povo. <br><span><sup><b>31<\/b><\/sup><\/span> Porquanto teve em pouco a palavra do SENHOR, e deu por nulo seu mandamento, inteiramente ser\u00e1 eliminada a tal pessoa: sua iniquidade ser\u00e1 sobre ela. <br><span><sup><b>32<\/b><\/sup><\/span> E estando os filhos de Israel no deserto, acharam um homem que recolhia lenha em dia de s\u00e1bado. <br><span><sup><b>33<\/b><\/sup><\/span> E os que lhe acharam recolhendo lenha trouxeram-lhe a Mois\u00e9s e a Ar\u00e3o, e a toda a congrega\u00e7\u00e3o: <br><span><sup><b>34<\/b><\/sup><\/span> E puseram-no no c\u00e1rcere, porque n\u00e3o estava declarado que lhe haviam de fazer. <br><span><sup><b>35<\/b><\/sup><\/span> E o SENHOR disse a Mois\u00e9s: Invariavelmente morra aquele homem; apedreje-o com pedras toda a congrega\u00e7\u00e3o fora do acampamento. <br><span><sup><b>36<\/b><\/sup><\/span> Ent\u00e3o o tirou a congrega\u00e7\u00e3o fora do acampamento, e apedrejaram-no com pedras, e morreu; como o SENHOR mandou a Mois\u00e9s. <br><span><sup><b>37<\/b><\/sup><\/span> E o SENHOR falou a Mois\u00e9s, dizendo: <br><span><sup><b>38<\/b><\/sup><\/span> Fala aos filhos de Israel, e dize-lhes que se fa\u00e7am franjas) nos arremates de suas roupas, por suas gera\u00e7\u00f5es; e ponham em cada franja dos arremates um cord\u00e3o de azul: <br><span><sup><b>39<\/b><\/sup><\/span> E vos servir\u00e1 de franja, para que quando o virdes, vos lembreis de todos os mandamentos do SENHOR, para pratic\u00e1-los; e n\u00e3o olheis segundo vosso cora\u00e7\u00e3o e vossos olhos, atr\u00e1s dos quais prostitu\u00eds: <br><span><sup><b>40<\/b><\/sup><\/span> Para que vos lembreis, e fa\u00e7ais todos meus mandamentos, e sejais santos a vosso Deus. <br><span><sup><b>41<\/b><\/sup><\/span> Eu sou o SENHOR vosso Deus, que vos tirei da terra do Egito, para ser vosso Deus: Eu sou o SENHOR vosso Deus.<\/span><\/p>\n\n\n\n<div class=\"wp-block-columns is-layout-flex wp-container-core-columns-is-layout-9d6595d7 wp-block-columns-is-layout-flex\">\n<div class=\"wp-block-column is-layout-flow wp-block-column-is-layout-flow\">\n<p><a href=\"\/numeros-14\" title=\"\">N\u00fameros 14<\/a><\/p>\n<\/div>\n\n\n\n<div class=\"wp-block-column is-layout-flow wp-block-column-is-layout-flow\">\n<p class=\"has-text-align-right\"><a href=\"\/numeros-16\" title=\"\">N\u00fameros 16<\/a><\/p>\n<\/div>\n<\/div>\n\n\n\n<h2 class=\"wp-block-heading\">Descri\u00e7\u00e3o &#8211; N\u00fameros 15<\/h2>\n\n\n\n<p class=\"has-medium-font-size\">N\u00fameros 15 apresenta instru\u00e7\u00f5es sobre ofertas e sacrif\u00edcios a serem observados em Cana\u00e3, destacando a import\u00e2ncia da obedi\u00eancia. Deus estabelece leis para holocaustos, ofertas de manjares e liba\u00e7\u00f5es, aplic\u00e1veis tanto a israelitas quanto a estrangeiros entre eles. O cap\u00edtulo tamb\u00e9m aborda o pecado por ignor\u00e2ncia e a puni\u00e7\u00e3o para transgress\u00f5es intencionais, ilustrada pelo apedrejamento de um homem que violou o s\u00e1bado. Por fim, Deus ordena que os israelitas usem franjas nas vestes como lembrete dos mandamentos. Essas diretrizes refor\u00e7am a santidade da alian\u00e7a e a necessidade de fidelidade a Deus antes da entrada na Terra Prometida.<\/p>\n\n\n\n<h3 class=\"wp-block-heading\">Livro dos N\u00fameros:<\/h3>\n\n\n\n\n\n<p><\/p>\n","protected":false},"excerpt":{"rendered":"<p>1 E o SENHOR falou a Mois\u00e9s, dizendo: 2 Fala aos filhos de Israel, e dize-lhes: Quando houverdes entrado na terra de vossas habita\u00e7\u00f5es, que eu vos dou, 3 E fizerdes oferta acesa ao SENHOR, holocausto, ou sacrif\u00edcio, por especial voto, ou de vossa vontade, ou para fazer em vossas solenidades cheiro suave ao SENHOR, &hellip; <\/p>\n","protected":false},"author":2,"featured_media":772,"parent":771,"menu_order":15,"comment_status":"closed","ping_status":"closed","template":"","meta":{"om_disable_all_campaigns":false,"_monsterinsights_skip_tracking":false,"_monsterinsights_sitenote_active":false,"_monsterinsights_sitenote_note":"","_monsterinsights_sitenote_category":0,"footnotes":""},"class_list":["post-803","page","type-page","status-publish","has-post-thumbnail","hentry"],"aioseo_notices":[],"_links":{"self":[{"href":"https:\/\/bibliapresente.com\/postagens\/wp-json\/wp\/v2\/pages\/803","targetHints":{"allow":["GET"]}}],"collection":[{"href":"https:\/\/bibliapresente.com\/postagens\/wp-json\/wp\/v2\/pages"}],"about":[{"href":"https:\/\/bibliapresente.com\/postagens\/wp-json\/wp\/v2\/types\/page"}],"author":[{"embeddable":true,"href":"https:\/\/bibliapresente.com\/postagens\/wp-json\/wp\/v2\/users\/2"}],"replies":[{"embeddable":true,"href":"https:\/\/bibliapresente.com\/postagens\/wp-json\/wp\/v2\/comments?post=803"}],"version-history":[{"count":5,"href":"https:\/\/bibliapresente.com\/postagens\/wp-json\/wp\/v2\/pages\/803\/revisions"}],"predecessor-version":[{"id":1451,"href":"https:\/\/bibliapresente.com\/postagens\/wp-json\/wp\/v2\/pages\/803\/revisions\/1451"}],"up":[{"embeddable":true,"href":"https:\/\/bibliapresente.com\/postagens\/wp-json\/wp\/v2\/pages\/771"}],"wp:featuredmedia":[{"embeddable":true,"href":"https:\/\/bibliapresente.com\/postagens\/wp-json\/wp\/v2\/media\/772"}],"wp:attachment":[{"href":"https:\/\/bibliapresente.com\/postagens\/wp-json\/wp\/v2\/media?parent=803"}],"curies":[{"name":"wp","href":"https:\/\/api.w.org\/{rel}","templated":true}]}}