{"id":801,"date":"2025-02-04T16:53:12","date_gmt":"2025-02-04T19:53:12","guid":{"rendered":"https:\/\/bibliapresente.com\/postagens\/?page_id=801"},"modified":"2025-02-04T16:53:13","modified_gmt":"2025-02-04T19:53:13","slug":"numeros-14","status":"publish","type":"page","link":"https:\/\/bibliapresente.com\/postagens\/livros-da-biblia\/numeros\/numeros-14\/","title":{"rendered":"N\u00fameros 14 &#8211; A Rebeli\u00e3o e a Ira de Deus"},"content":{"rendered":"\n<p class=\"has-medium-font-size\" style=\"letter-spacing:1px\"><span><span><sup><b>1<\/b><\/sup><\/span> Ent\u00e3o toda a congrega\u00e7\u00e3o levantaram grito, e deram vozes: e o povo chorou aquela noite. <br><span><sup><b>2<\/b><\/sup><\/span> E queixaram-se contra Mois\u00e9s e contra Ar\u00e3o todos os filhos de Israel; e disse-lhes toda a multid\u00e3o: Melhor seria se tiv\u00e9ssemos morrido na terra do Egito; ou melhor seria se tiv\u00e9ssemos morrido neste deserto! <br><span><sup><b>3<\/b><\/sup><\/span> E por que nos traze o SENHOR a esta terra para cair \u00e0 espada e que nossas mulheres e nossos meninos sejam por presa? n\u00e3o nos seria melhor voltarmos ao Egito? <br><span><sup><b>4<\/b><\/sup><\/span> E diziam um ao outro: Fa\u00e7amos um capit\u00e3o, e voltemos ao Egito. <br><span><sup><b>5<\/b><\/sup><\/span> Ent\u00e3o Mois\u00e9s e Ar\u00e3o ca\u00edram sobre seus rostos diante de toda a multid\u00e3o da congrega\u00e7\u00e3o dos filhos de Israel. <br><span><sup><b>6<\/b><\/sup><\/span> E Josu\u00e9 filho de Num, e Calebe filho de Jefon\u00e9, que eram dos que haviam reconhecido a terra, rasgaram suas roupas; <br><span><sup><b>7<\/b><\/sup><\/span> E falaram a toda a congrega\u00e7\u00e3o dos filhos de Israel, dizendo: A terra por de onde passamos para reconhec\u00ea-la, \u00e9 terra em grande maneira boa. <br><span><sup><b>8<\/b><\/sup><\/span> Se o SENHOR se agradar de n\u00f3s, ele nos por\u00e1 nesta terra, e a entregar\u00e1 a n\u00f3s; terra que flui leite e mel. <br><span><sup><b>9<\/b><\/sup><\/span> Portanto, n\u00e3o sejais rebeldes contra o SENHOR, nem temais ao povo desta terra, porque nosso p\u00e3o s\u00e3o: seu amparo se afastou deles, e conosco est\u00e1 o SENHOR: n\u00e3o os temais. <br><span><sup><b>10<\/b><\/sup><\/span> Ent\u00e3o toda a multid\u00e3o falou de apedrej\u00e1-los com pedras. Mas a gl\u00f3ria do SENHOR se mostrou no tabern\u00e1culo do testemunho a todos os filhos de Israel. <br><span><sup><b>11<\/b><\/sup><\/span> E o SENHOR disse a Mois\u00e9s: At\u00e9 quando me h\u00e1 de irritar este povo? at\u00e9 quando n\u00e3o me h\u00e1 de crer com todos os sinais que fiz em meio deles?. <br><span><sup><b>12<\/b><\/sup><\/span> Eu lhe ferirei de mortandade, e o destruirei, e a ti te porei sobre gente grande e mais forte que eles. <br><span><sup><b>13<\/b><\/sup><\/span> E Mois\u00e9s respondeu ao SENHOR: Logo os eg\u00edpcios o ouvir\u00e3o, porque do meio deles tiraste a este povo com tua for\u00e7a: <br><span><sup><b>14<\/b><\/sup><\/span> E o dir\u00e3o aos habitantes desta terra; os quais ouviram que tu, \u00f3 SENHOR, estavas em meio deste povo, que olho a olho aparecias tu, \u00f3 SENHOR, e que tua nuvem estava sobre eles, e que de dia ias diante deles em coluna de nuvem, e de noite em coluna de fogo. <br><span><sup><b>15<\/b><\/sup><\/span> E que fizeste morrer a este povo como a um homem: e as na\u00e7\u00f5es que houverem ouvido tua fama falar\u00e3o, dizendo: <br><span><sup><b>16<\/b><\/sup><\/span> Porque n\u00e3o p\u00f4de o SENHOR meter este povo na terra da qual lhes havia jurado, os matou no deserto. <br><span><sup><b>17<\/b><\/sup><\/span> Agora, pois, eu te rogo que seja engrandecida a for\u00e7a do Senhor, como o falaste, dizendo: <br><span><sup><b>18<\/b><\/sup><\/span> O SENHOR, tardio de ira e grande em miseric\u00f3rdia, que perdoa a iniquidade e a rebeli\u00e3o, e deixa impune o culpado; que visita a maldade dos pais sobre os filhos at\u00e9 a terceira gera\u00e7\u00e3o e at\u00e9 a quarta. <br><span><sup><b>19<\/b><\/sup><\/span> Perdoa agora a iniquidade deste povo segundo a grandeza de tua miseric\u00f3rdia, e como perdoaste a este povo desde Egito at\u00e9 aqui. <br><span><sup><b>20<\/b><\/sup><\/span> Ent\u00e3o o SENHOR disse: Eu o perdoei conforme tu dito: <br><span><sup><b>21<\/b><\/sup><\/span> Mas, certamente vivo eu e minha gl\u00f3ria inche toda a terra, <br><span><sup><b>22<\/b><\/sup><\/span> Que todos os que viram minha gl\u00f3ria e meus sinais que fiz no Egito e no deserto, e me tentaram j\u00e1 dez vezes, e n\u00e3o ouviram minha voz, <br><span><sup><b>23<\/b><\/sup><\/span> N\u00e3o ver\u00e3o a terra da qual jurei a seus pais: n\u00e3o, nenhum dos que me irritaram a ver\u00e1. <br><span><sup><b>24<\/b><\/sup><\/span> Por\u00e9m meu servo Calebe, porquanto houve nele outro esp\u00edrito, e cumpriu de ir ap\u00f3s mim, eu o porei na terra onde entrou e sua descend\u00eancia a receber\u00e1 em heran\u00e7a. <br><span><sup><b>25<\/b><\/sup><\/span> Agora bem, os amalequitas e os cananeus habitam no vale; voltai-vos amanh\u00e3, e parti-vos ao deserto, caminho do mar Vermelho. <br><span><sup><b>26<\/b><\/sup><\/span> E o SENHOR falou a Mois\u00e9s e a Ar\u00e3o, dizendo: <br><span><sup><b>27<\/b><\/sup><\/span> At\u00e9 quando ouvirei esta depravada multid\u00e3o que murmura contra mim, as queixas dos filhos de Israel, que de mim se queixam? <br><span><sup><b>28<\/b><\/sup><\/span> Dize-lhes: Vivo eu, diz o SENHOR, que segundo falastes a meus ouvidos, assim farei eu convosco: <br><span><sup><b>29<\/b><\/sup><\/span> Neste deserto cair\u00e3o vossos corpos; todos vossos contados segundo toda vossa contagem, de vinte anos acima, os quais murmurastes contra mim; <br><span><sup><b>30<\/b><\/sup><\/span> V\u00f3s \u00e0 verdade n\u00e3o entrareis na terra, pela qual levantei minha m\u00e3o de fazer-vos habitar nela; exceto a Calebe filho de Jefon\u00e9, e a Josu\u00e9 filho de Num. <br><span><sup><b>31<\/b><\/sup><\/span> Mas vossos meninos, dos quais dissestes que seriam por presa, eu os introduzirei, e eles conhecer\u00e3o a terra que v\u00f3s desprezastes. <br><span><sup><b>32<\/b><\/sup><\/span> E quanto a v\u00f3s, vossos corpos cair\u00e3o neste deserto. <br><span><sup><b>33<\/b><\/sup><\/span> E vossos filhos andar\u00e3o pastoreando no deserto quarenta anos, e eles levar\u00e3o vossas prostitui\u00e7\u00f5es, at\u00e9 que vossos corpos sejam consumidos no deserto. <br><span><sup><b>34<\/b><\/sup><\/span> Conforme o n\u00famero dos dias, dos quarenta dias em que reconhecestes a terra, levareis vossas iniquidades quarenta anos, ano por cada dia; e conhecereis meu castigo. <br><span><sup><b>35<\/b><\/sup><\/span> Eu sou o SENHOR falei; assim farei a toda esta multid\u00e3o perversa que se juntou contra mim; neste deserto ser\u00e3o consumidos, e ali morrer\u00e3o. <br><span><sup><b>36<\/b><\/sup><\/span> E os homens que Mois\u00e9s enviou a reconhecer a terra, e depois de voltarem fizeram murmurar contra ele a toda a congrega\u00e7\u00e3o, desacreditando aquele pa\u00eds, <br><span><sup><b>37<\/b><\/sup><\/span> Aqueles homens que haviam falado mal da terra, morreram de praga diante do SENHOR. <br><span><sup><b>38<\/b><\/sup><\/span> Mas Josu\u00e9 filho de Num, e Calebe filho de Jefon\u00e9, restaram com vida dentre aqueles homens que haviam ido a reconhecer a terra. <br><span><sup><b>39<\/b><\/sup><\/span> E Mois\u00e9s disse estas coisas a todos os filhos de Israel, e o povo ficou em muito luto. <br><span><sup><b>40<\/b><\/sup><\/span> E levantaram-se pela manh\u00e3, e subiram ao cume do monte, dizendo: Eis-nos aqui para subir ao lugar do qual falou o SENHOR; porque pecamos. <br><span><sup><b>41<\/b><\/sup><\/span> E disse Mois\u00e9s: Por que quebrantais o dito do SENHOR? Isto tampouco vos suceder\u00e1 bem. <br><span><sup><b>42<\/b><\/sup><\/span> N\u00e3o subais, porque o SENHOR n\u00e3o est\u00e1 em meio de v\u00f3s, n\u00e3o sejais feridos diante de vossos inimigos. <br><span><sup><b>43<\/b><\/sup><\/span> Porque os amalequitas e os cananeus est\u00e3o ali diante de v\u00f3s, e caireis \u00e0 espada: pois porquanto vos desviastes de seguir ao SENHOR, por isso n\u00e3o ser\u00e1 o SENHOR convosco. <br><span><sup><b>44<\/b><\/sup><\/span> Todavia, se insistiram em subir por cima do monte: mas a arca da alian\u00e7a do SENHOR, e Mois\u00e9s, n\u00e3o se apartaram do meio do acampamento. <br><span><sup><b>45<\/b><\/sup><\/span> E desceram os amalequitas e os cananeus, que habitavam naquele monte, e os feriram e os derrotaram, perseguindo-os at\u00e9 Horm\u00e1.<\/span><\/p>\n\n\n\n<div class=\"wp-block-columns is-layout-flex wp-container-core-columns-is-layout-9d6595d7 wp-block-columns-is-layout-flex\">\n<div class=\"wp-block-column is-layout-flow wp-block-column-is-layout-flow\">\n<p><a href=\"\/numeros-13\" title=\"\">N\u00fameros 13<\/a><\/p>\n<\/div>\n\n\n\n<div class=\"wp-block-column is-layout-flow wp-block-column-is-layout-flow\">\n<p class=\"has-text-align-right\"><a href=\"\/numeros-15\" title=\"\">N\u00fameros 15<\/a><\/p>\n<\/div>\n<\/div>\n\n\n\n<h2 class=\"wp-block-heading\">Descri\u00e7\u00e3o &#8211; N\u00fameros 14<\/h2>\n\n\n\n<p class=\"has-medium-font-size\">N\u00fameros 14 relata a rebeli\u00e3o do povo de Israel ap\u00f3s o relat\u00f3rio dos espias. Temendo os desafios da Terra Prometida, a congrega\u00e7\u00e3o murmura contra Mois\u00e9s e deseja retornar ao Egito. Apenas Josu\u00e9 e Calebe mant\u00eam a f\u00e9 em Deus. Como consequ\u00eancia da incredulidade, Deus decreta que aquela gera\u00e7\u00e3o vagar\u00e1 no deserto por 40 anos at\u00e9 sua morte, permitindo que apenas os fi\u00e9is entrem na terra. Apesar do arrependimento tardio, Israel tenta avan\u00e7ar sem a presen\u00e7a divina e \u00e9 derrotado. Esse cap\u00edtulo refor\u00e7a a import\u00e2ncia da f\u00e9, obedi\u00eancia e as severas consequ\u00eancias da desobedi\u00eancia \u00e0s ordens divinas.<\/p>\n\n\n\n<h3 class=\"wp-block-heading\">Livro dos N\u00fameros:<\/h3>\n\n\n\n\n\n<p><\/p>\n","protected":false},"excerpt":{"rendered":"<p>1 Ent\u00e3o toda a congrega\u00e7\u00e3o levantaram grito, e deram vozes: e o povo chorou aquela noite. 2 E queixaram-se contra Mois\u00e9s e contra Ar\u00e3o todos os filhos de Israel; e disse-lhes toda a multid\u00e3o: Melhor seria se tiv\u00e9ssemos morrido na terra do Egito; ou melhor seria se tiv\u00e9ssemos morrido neste deserto! 3 E por que &hellip; <\/p>\n","protected":false},"author":2,"featured_media":772,"parent":771,"menu_order":14,"comment_status":"closed","ping_status":"closed","template":"","meta":{"om_disable_all_campaigns":false,"_monsterinsights_skip_tracking":false,"_monsterinsights_sitenote_active":false,"_monsterinsights_sitenote_note":"","_monsterinsights_sitenote_category":0,"footnotes":""},"class_list":["post-801","page","type-page","status-publish","has-post-thumbnail","hentry"],"aioseo_notices":[],"_links":{"self":[{"href":"https:\/\/bibliapresente.com\/postagens\/wp-json\/wp\/v2\/pages\/801","targetHints":{"allow":["GET"]}}],"collection":[{"href":"https:\/\/bibliapresente.com\/postagens\/wp-json\/wp\/v2\/pages"}],"about":[{"href":"https:\/\/bibliapresente.com\/postagens\/wp-json\/wp\/v2\/types\/page"}],"author":[{"embeddable":true,"href":"https:\/\/bibliapresente.com\/postagens\/wp-json\/wp\/v2\/users\/2"}],"replies":[{"embeddable":true,"href":"https:\/\/bibliapresente.com\/postagens\/wp-json\/wp\/v2\/comments?post=801"}],"version-history":[{"count":6,"href":"https:\/\/bibliapresente.com\/postagens\/wp-json\/wp\/v2\/pages\/801\/revisions"}],"predecessor-version":[{"id":1450,"href":"https:\/\/bibliapresente.com\/postagens\/wp-json\/wp\/v2\/pages\/801\/revisions\/1450"}],"up":[{"embeddable":true,"href":"https:\/\/bibliapresente.com\/postagens\/wp-json\/wp\/v2\/pages\/771"}],"wp:featuredmedia":[{"embeddable":true,"href":"https:\/\/bibliapresente.com\/postagens\/wp-json\/wp\/v2\/media\/772"}],"wp:attachment":[{"href":"https:\/\/bibliapresente.com\/postagens\/wp-json\/wp\/v2\/media?parent=801"}],"curies":[{"name":"wp","href":"https:\/\/api.w.org\/{rel}","templated":true}]}}