{"id":799,"date":"2025-02-04T16:51:59","date_gmt":"2025-02-04T19:51:59","guid":{"rendered":"https:\/\/bibliapresente.com\/postagens\/?page_id=799"},"modified":"2025-02-04T16:51:59","modified_gmt":"2025-02-04T19:51:59","slug":"numeros-13","status":"publish","type":"page","link":"https:\/\/bibliapresente.com\/postagens\/livros-da-biblia\/numeros\/numeros-13\/","title":{"rendered":"N\u00fameros 13 &#8211; Espi\u00f5es exploram Cana\u00e3"},"content":{"rendered":"\n<p class=\"has-medium-font-size\" style=\"letter-spacing:1px\"><span><span><sup><b>1<\/b><\/sup><\/span> E o SENHOR falou a Mois\u00e9s, dizendo: <br><span><sup><b>2<\/b><\/sup><\/span> Envia tu homens que reconhe\u00e7am a terra de Cana\u00e3, a qual eu dou aos filhos de Israel: de cada tribo de seus pais enviareis um homem, cada um pr\u00edncipe entre eles. <br><span><sup><b>3<\/b><\/sup><\/span> E Mois\u00e9s os envio desde o deserto de Par\u00e3, conforme a palavra do SENHOR: e todos aqueles homens eram pr\u00edncipes dos filhos de Israel. <br><span><sup><b>4<\/b><\/sup><\/span> Os nomes dos quais s\u00e3o estes: Da tribo de R\u00faben, Samua filho de Zacur. <br><span><sup><b>5<\/b><\/sup><\/span> Da tribo de Sime\u00e3o, Safate filho de Hori. <br><span><sup><b>6<\/b><\/sup><\/span> Da tribo de Jud\u00e1, Calebe filho de Jefon\u00e9. <br><span><sup><b>7<\/b><\/sup><\/span> Da tribo de Issacar, Jigeal filho de Jos\u00e9. <br><span><sup><b>8<\/b><\/sup><\/span> Da tribo de Efraim, Oseias filho de Num. <br><span><sup><b>9<\/b><\/sup><\/span> Da tribo de Benjamim, Palti filho de Rafu. <br><span><sup><b>10<\/b><\/sup><\/span> Da tribo de Zebulom, Gadiel filho de Sodi. <br><span><sup><b>11<\/b><\/sup><\/span> Da tribo de Jos\u00e9, da tribo de Manass\u00e9s, Gadi filho de Susi. <br><span><sup><b>12<\/b><\/sup><\/span> Da tribo de D\u00e3, Amiel filho de Gemali. <br><span><sup><b>13<\/b><\/sup><\/span> Da tribo de Aser, Setur filho de Micael. <br><span><sup><b>14<\/b><\/sup><\/span> Da tribo de Naftali, Nabi filho de Vofsi. <br><span><sup><b>15<\/b><\/sup><\/span> Da tribo de Gade, Guel filho de Maqui. <br><span><sup><b>16<\/b><\/sup><\/span> Estes s\u00e3o os nomes dos homens que Mois\u00e9s enviou a reconhecer a terra: e a Oseias filho de Num, lhe p\u00f4s Mois\u00e9s o nome de Josu\u00e9. <br><span><sup><b>17<\/b><\/sup><\/span> Enviou-os, pois, Mois\u00e9s a reconhecer a terra de Cana\u00e3, dizendo-lhes: Subi por aqui, pelo sul, e subi ao monte: <br><span><sup><b>18<\/b><\/sup><\/span> E observai a terra que tal \u00e9; e o povo que a habita, se \u00e9 forte ou d\u00e9bil, se pouco ou numeroso; <br><span><sup><b>19<\/b><\/sup><\/span> Que tal a terra habitada, se \u00e9 boa ou m\u00e1; e que tais s\u00e3o as cidades habitadas, se de tendas ou de fortalezas; <br><span><sup><b>20<\/b><\/sup><\/span> E qual seja o terreno, se \u00e9 f\u00e9rtil ou fraco, se nele h\u00e1 ou n\u00e3o \u00e1rvores: e esfor\u00e7ai-vos, e colhei do fruto do pa\u00eds. E o tempo era o tempo das primeiras uvas. <br><span><sup><b>21<\/b><\/sup><\/span> E eles subiram, e reconheceram a terra desde o deserto de Zim at\u00e9 Reobe, entrando em Hamate. <br><span><sup><b>22<\/b><\/sup><\/span> E subiram pelo sul, e vieram at\u00e9 Hebrom: e ali estavam Aim\u00e3, e Sesai, e Talmai, filhos de Anaque. Hebrom foi edificada sete anos antes de Zo\u00e3, a do Egito. <br><span><sup><b>23<\/b><\/sup><\/span> E chegaram at\u00e9 o ribeiro de Escol, e dali cortaram um ramo com um cacho de uvas, o qual trouxeram dois em uma vara, e das rom\u00e3s e dos figos. <br><span><sup><b>24<\/b><\/sup><\/span> E chamou-se aquele lugar vale de Escol pelo cacho que cortaram dali os filhos de Israel. <br><span><sup><b>25<\/b><\/sup><\/span> E voltaram de reconhecer a terra ao fim de quarenta dias. <br><span><sup><b>26<\/b><\/sup><\/span> E andaram e vieram a Mois\u00e9s e a Ar\u00e3o, e a toda a congrega\u00e7\u00e3o dos filhos de Israel, no deserto de Par\u00e3, em Cades, e deram-lhes a resposta, e a toda a congrega\u00e7\u00e3o, e lhes mostraram o fruto da terra. <br><span><sup><b>27<\/b><\/sup><\/span> E lhe contaram, e disseram: N\u00f3s chegamos \u00e0 terra \u00e0 qual nos enviaste, a que certamente flui leite e mel; e este \u00e9 o fruto dela. <br><span><sup><b>28<\/b><\/sup><\/span> Mas o povo que habita aquela terra \u00e9 forte, e as cidades muito grandes e fortes; e tamb\u00e9m vimos ali os filhos de Anaque. <br><span><sup><b>29<\/b><\/sup><\/span> Amaleque habita a terra do sul; e os heteus, e os jebuseus, e os amorreus, habitam no monte; e os cananeus habitam junto ao mar, e \u00e0 beira do Jord\u00e3o. <br><span><sup><b>30<\/b><\/sup><\/span> Ent\u00e3o Calebe fez calar o povo diante de Mois\u00e9s, e disse: Subamos logo, e passemos a ela; que mais poderemos que ela. <br><span><sup><b>31<\/b><\/sup><\/span> Mas os homens que subiram com ele, disseram: N\u00e3o poderemos subir contra aquele povo; porque \u00e9 mais forte que n\u00f3s. <br><span><sup><b>32<\/b><\/sup><\/span> E falaram mal entre os filhos de Israel da terra que haviam reconhecido, dizendo: A terra por de onde passamos para reconhec\u00ea-la, \u00e9 terra que consome a seus moradores; e todo o povo que vimos em meio dela, s\u00e3o homens de grande estatura. <br><span><sup><b>33<\/b><\/sup><\/span> Tamb\u00e9m vimos ali gigantes, filhos de Anaque, ra\u00e7a dos gigantes: e \u00e9ramos n\u00f3s, \u00e0 nossa apar\u00eancia, como gafanhotos; e assim lhes parec\u00edamos a eles.<\/span><\/p>\n\n\n\n<div class=\"wp-block-columns is-layout-flex wp-container-core-columns-is-layout-9d6595d7 wp-block-columns-is-layout-flex\">\n<div class=\"wp-block-column is-layout-flow wp-block-column-is-layout-flow\">\n<p><a href=\"\/numeros-12\" title=\"\">N\u00fameros 12<\/a><\/p>\n<\/div>\n\n\n\n<div class=\"wp-block-column is-layout-flow wp-block-column-is-layout-flow\">\n<p class=\"has-text-align-right\"><a href=\"\/numeros-14\" title=\"\">N\u00fameros 14<\/a><\/p>\n<\/div>\n<\/div>\n\n\n\n<h2 class=\"wp-block-heading\">Descri\u00e7\u00e3o &#8211; N\u00fameros 13<\/h2>\n\n\n\n<p class=\"has-medium-font-size\">N\u00fameros 13 descreve o envio de doze espias \u00e0 Terra Prometida, a pedido de Deus, para avaliar suas condi\u00e7\u00f5es. Ap\u00f3s quarenta dias, eles retornam com frutos abundantes e confirmam a fertilidade da terra, mas dez espias espalham medo ao relatar a presen\u00e7a de povos poderosos e cidades fortificadas. Apenas Josu\u00e9 e Calebe demonstram f\u00e9, incentivando a conquista. A falta de confian\u00e7a de Israel em Deus marca um momento crucial no livro, levando \u00e0 sua puni\u00e7\u00e3o e prolongamento da jornada no deserto. Esse cap\u00edtulo ensina sobre f\u00e9, obedi\u00eancia e as consequ\u00eancias da incredulidade diante das promessas divinas.<\/p>\n\n\n\n<h3 class=\"wp-block-heading\">Livro dos N\u00fameros:<\/h3>\n\n\n\n\n\n<p><\/p>\n","protected":false},"excerpt":{"rendered":"<p>1 E o SENHOR falou a Mois\u00e9s, dizendo: 2 Envia tu homens que reconhe\u00e7am a terra de Cana\u00e3, a qual eu dou aos filhos de Israel: de cada tribo de seus pais enviareis um homem, cada um pr\u00edncipe entre eles. 3 E Mois\u00e9s os envio desde o deserto de Par\u00e3, conforme a palavra do SENHOR: &hellip; <\/p>\n","protected":false},"author":2,"featured_media":772,"parent":771,"menu_order":13,"comment_status":"closed","ping_status":"closed","template":"","meta":{"om_disable_all_campaigns":false,"_monsterinsights_skip_tracking":false,"_monsterinsights_sitenote_active":false,"_monsterinsights_sitenote_note":"","_monsterinsights_sitenote_category":0,"footnotes":""},"class_list":["post-799","page","type-page","status-publish","has-post-thumbnail","hentry"],"aioseo_notices":[],"_links":{"self":[{"href":"https:\/\/bibliapresente.com\/postagens\/wp-json\/wp\/v2\/pages\/799","targetHints":{"allow":["GET"]}}],"collection":[{"href":"https:\/\/bibliapresente.com\/postagens\/wp-json\/wp\/v2\/pages"}],"about":[{"href":"https:\/\/bibliapresente.com\/postagens\/wp-json\/wp\/v2\/types\/page"}],"author":[{"embeddable":true,"href":"https:\/\/bibliapresente.com\/postagens\/wp-json\/wp\/v2\/users\/2"}],"replies":[{"embeddable":true,"href":"https:\/\/bibliapresente.com\/postagens\/wp-json\/wp\/v2\/comments?post=799"}],"version-history":[{"count":5,"href":"https:\/\/bibliapresente.com\/postagens\/wp-json\/wp\/v2\/pages\/799\/revisions"}],"predecessor-version":[{"id":1449,"href":"https:\/\/bibliapresente.com\/postagens\/wp-json\/wp\/v2\/pages\/799\/revisions\/1449"}],"up":[{"embeddable":true,"href":"https:\/\/bibliapresente.com\/postagens\/wp-json\/wp\/v2\/pages\/771"}],"wp:featuredmedia":[{"embeddable":true,"href":"https:\/\/bibliapresente.com\/postagens\/wp-json\/wp\/v2\/media\/772"}],"wp:attachment":[{"href":"https:\/\/bibliapresente.com\/postagens\/wp-json\/wp\/v2\/media?parent=799"}],"curies":[{"name":"wp","href":"https:\/\/api.w.org\/{rel}","templated":true}]}}