{"id":797,"date":"2025-02-04T16:50:06","date_gmt":"2025-02-04T19:50:06","guid":{"rendered":"https:\/\/bibliapresente.com\/postagens\/?page_id=797"},"modified":"2025-02-04T16:50:07","modified_gmt":"2025-02-04T19:50:07","slug":"numeros-12","status":"publish","type":"page","link":"https:\/\/bibliapresente.com\/postagens\/livros-da-biblia\/numeros\/numeros-12\/","title":{"rendered":"N\u00fameros 12 &#8211; As Quest\u00f5es de Miri\u00e3 e Ar\u00e3o"},"content":{"rendered":"\n<p class=\"has-medium-font-size\" style=\"letter-spacing:1px\"><span><span><sup><b>1<\/b><\/sup><\/span> E falaram Miri\u00e3 e Ar\u00e3o contra Mois\u00e9s por causa da mulher cuxita que havia tomado: porque ele havia tomado mulher cuxita. <br><span><sup><b>2<\/b><\/sup><\/span> E disseram: Somente por Mois\u00e9s falou o SENHOR? N\u00e3o falou tamb\u00e9m por n\u00f3s? E ouviu-o o SENHOR. <br><span><sup><b>3<\/b><\/sup><\/span> E aquele homem Mois\u00e9s era muito manso, mais que todos os homens que havia sobre a terra, <br><span><sup><b>4<\/b><\/sup><\/span> E logo disse o SENHOR a Mois\u00e9s, e a Ar\u00e3o, e a Miri\u00e3: Sa\u00ed v\u00f3s tr\u00eas ao tabern\u00e1culo do testemunho. E sa\u00edram eles tr\u00eas. <br><span><sup><b>5<\/b><\/sup><\/span> Ent\u00e3o o SENHOR desceu na coluna da nuvem, e p\u00f4s-se \u00e0 porta do tabern\u00e1culo, e chamou a Ar\u00e3o e a Miri\u00e3; e sa\u00edram eles ambos. <br><span><sup><b>6<\/b><\/sup><\/span> E ele lhes disse: Ouvi agora minhas palavras: se tiverdes profeta do SENHOR, lhe aparecerei em vis\u00e3o, em sonhos falarei com ele. <br><span><sup><b>7<\/b><\/sup><\/span> N\u00e3o assim a meu servo Mois\u00e9s, que \u00e9 fiel em toda minha casa: <br><span><sup><b>8<\/b><\/sup><\/span> Face a face falarei com ele, e \u00e0s claras, e n\u00e3o por figuras; e ver\u00e1 a apar\u00eancia do SENHOR: por que pois n\u00e3o tivestes temor de falar contra meu servo Mois\u00e9s? <br><span><sup><b>9<\/b><\/sup><\/span> Ent\u00e3o o furor do SENHOR se acendeu neles; e ele se foi. <br><span><sup><b>10<\/b><\/sup><\/span> E a nuvem se afastou do tabern\u00e1culo: e eis que Miri\u00e3 era leprosa como a neve; e olhou Ar\u00e3o a Miri\u00e3, e eis que estava leprosa. <br><span><sup><b>11<\/b><\/sup><\/span> E disse Ar\u00e3o a Mois\u00e9s: Ah! Senhor meu, n\u00e3o ponhas agora sobre n\u00f3s pecado; porque loucamente o fizemos, e pecamos. <br><span><sup><b>12<\/b><\/sup><\/span> N\u00e3o seja ela agora como o que sai morto do ventre de sua m\u00e3e, consumida a metade de sua carne. <br><span><sup><b>13<\/b><\/sup><\/span> Ent\u00e3o Mois\u00e9s clamou ao SENHOR, dizendo: Rogo-te, \u00f3 Deus, que a sares agora. <br><span><sup><b>14<\/b><\/sup><\/span> Respondeu o SENHOR a Mois\u00e9s: Pois se seu pai houvesse cuspido em sua face, n\u00e3o se envergonharia por sete dias?: seja lan\u00e7ada fora do acampamento por sete dias, e depois se reunir\u00e1. <br><span><sup><b>15<\/b><\/sup><\/span> Assim Miri\u00e3 foi lan\u00e7ada do acampamento sete dias; e o povo n\u00e3o passou adiante at\u00e9 que se lhe reuniu Miri\u00e3. <br><span><sup><b>16<\/b><\/sup><\/span> E Depois moveu o povo de Hazerote, e assentaram o acampamento no deserto de Par\u00e3.<\/span><\/p>\n\n\n\n<div class=\"wp-block-columns is-layout-flex wp-container-core-columns-is-layout-9d6595d7 wp-block-columns-is-layout-flex\">\n<div class=\"wp-block-column is-layout-flow wp-block-column-is-layout-flow\">\n<p><a href=\"\/numeros-11\" title=\"\">N\u00fameros 11<\/a><\/p>\n<\/div>\n\n\n\n<div class=\"wp-block-column is-layout-flow wp-block-column-is-layout-flow\">\n<p class=\"has-text-align-right\"><a href=\"\/numeros-13\" title=\"\">N\u00fameros 13<\/a><\/p>\n<\/div>\n<\/div>\n\n\n\n<h2 class=\"wp-block-heading\">Descri\u00e7\u00e3o &#8211; N\u00fameros 12<\/h2>\n\n\n\n<p class=\"has-medium-font-size\">N\u00fameros 12 narra a rebeli\u00e3o de Miri\u00e3 e Ar\u00e3o contra Mois\u00e9s, questionando sua lideran\u00e7a e casamento. Deus interv\u00e9m, reafirmando a autoridade de Mois\u00e9s como Seu servo escolhido e punindo Miri\u00e3 com lepra. Ar\u00e3o se arrepende, e Mois\u00e9s intercede por sua irm\u00e3, resultando na cura ap\u00f3s sete dias de isolamento. Esse cap\u00edtulo refor\u00e7a a import\u00e2ncia da obedi\u00eancia e respeito \u00e0 escolha divina, um tema recorrente no livro de N\u00fameros. O epis\u00f3dio tamb\u00e9m destaca a intercess\u00e3o de Mois\u00e9s e a justi\u00e7a de Deus, preparando Israel para a jornada rumo \u00e0 Terra Prometida sob uma lideran\u00e7a firmemente estabelecida e guiada por Deus.<\/p>\n\n\n\n<h3 class=\"wp-block-heading\">Livro dos N\u00fameros:<\/h3>\n\n\n\n\n\n<p><\/p>\n","protected":false},"excerpt":{"rendered":"<p>1 E falaram Miri\u00e3 e Ar\u00e3o contra Mois\u00e9s por causa da mulher cuxita que havia tomado: porque ele havia tomado mulher cuxita. 2 E disseram: Somente por Mois\u00e9s falou o SENHOR? N\u00e3o falou tamb\u00e9m por n\u00f3s? E ouviu-o o SENHOR. 3 E aquele homem Mois\u00e9s era muito manso, mais que todos os homens que havia &hellip; <\/p>\n","protected":false},"author":2,"featured_media":772,"parent":771,"menu_order":12,"comment_status":"closed","ping_status":"closed","template":"","meta":{"om_disable_all_campaigns":false,"_monsterinsights_skip_tracking":false,"_monsterinsights_sitenote_active":false,"_monsterinsights_sitenote_note":"","_monsterinsights_sitenote_category":0,"footnotes":""},"class_list":["post-797","page","type-page","status-publish","has-post-thumbnail","hentry"],"aioseo_notices":[],"_links":{"self":[{"href":"https:\/\/bibliapresente.com\/postagens\/wp-json\/wp\/v2\/pages\/797","targetHints":{"allow":["GET"]}}],"collection":[{"href":"https:\/\/bibliapresente.com\/postagens\/wp-json\/wp\/v2\/pages"}],"about":[{"href":"https:\/\/bibliapresente.com\/postagens\/wp-json\/wp\/v2\/types\/page"}],"author":[{"embeddable":true,"href":"https:\/\/bibliapresente.com\/postagens\/wp-json\/wp\/v2\/users\/2"}],"replies":[{"embeddable":true,"href":"https:\/\/bibliapresente.com\/postagens\/wp-json\/wp\/v2\/comments?post=797"}],"version-history":[{"count":5,"href":"https:\/\/bibliapresente.com\/postagens\/wp-json\/wp\/v2\/pages\/797\/revisions"}],"predecessor-version":[{"id":1448,"href":"https:\/\/bibliapresente.com\/postagens\/wp-json\/wp\/v2\/pages\/797\/revisions\/1448"}],"up":[{"embeddable":true,"href":"https:\/\/bibliapresente.com\/postagens\/wp-json\/wp\/v2\/pages\/771"}],"wp:featuredmedia":[{"embeddable":true,"href":"https:\/\/bibliapresente.com\/postagens\/wp-json\/wp\/v2\/media\/772"}],"wp:attachment":[{"href":"https:\/\/bibliapresente.com\/postagens\/wp-json\/wp\/v2\/media?parent=797"}],"curies":[{"name":"wp","href":"https:\/\/api.w.org\/{rel}","templated":true}]}}