{"id":795,"date":"2025-02-04T16:47:38","date_gmt":"2025-02-04T19:47:38","guid":{"rendered":"https:\/\/bibliapresente.com\/postagens\/?page_id=795"},"modified":"2025-02-04T16:47:39","modified_gmt":"2025-02-04T19:47:39","slug":"numeros-11","status":"publish","type":"page","link":"https:\/\/bibliapresente.com\/postagens\/livros-da-biblia\/numeros\/numeros-11\/","title":{"rendered":"N\u00fameros 11 &#8211; Reclama\u00e7\u00f5es e o Man\u00e1"},"content":{"rendered":"\n<p class=\"has-medium-font-size\" style=\"letter-spacing:1px\"><span><span><sup><b>1<\/b><\/sup><\/span> E aconteceu que o povo se queixou aos ouvidos do SENHOR: e ouviu-o o SENHOR, e ardeu seu furor, e acendeu-se neles fogo do SENHOR e consumiu um extremo do acampamento. <br><span><sup><b>2<\/b><\/sup><\/span> Ent\u00e3o o povo clamou a Mois\u00e9s, e Mois\u00e9s orou ao SENHOR, e apagou-se o fogo. <br><span><sup><b>3<\/b><\/sup><\/span> E chamou a aquele lugar Taber\u00e1; porque o fogo do SENHOR se acendeu neles. <br><span><sup><b>4<\/b><\/sup><\/span> E o vulgo que havia em meio teve um vivo desejo, e voltaram-se, e ainda choraram os filhos de Israel, e disseram: Quem nos dera a comer carne! <br><span><sup><b>5<\/b><\/sup><\/span> Nos lembramos do peixe que com\u00edamos no Egito de gra\u00e7a, dos pepinos, e dos mel\u00f5es, e dos alhos-por\u00f3s, e das cebolas, e dos alhos: <br><span><sup><b>6<\/b><\/sup><\/span> E agora nossa alma se seca; que nada a n\u00e3o ser man\u00e1 vem [diante dos] nossos olhos. <br><span><sup><b>7<\/b><\/sup><\/span> E era o man\u00e1 como semente de coentro, e sua cor como cor de bd\u00e9lio. <br><span><sup><b>8<\/b><\/sup><\/span> Espalhava-se o povo, e recolhiam, e mo\u00edam em moinhos, ou malhavam em pil\u00f5es, e o coziam em caldeira, ou faziam dele tortas: e seu sabor era como sabor de azeite novo. <br><span><sup><b>9<\/b><\/sup><\/span> E quando descia o orvalho sobre o acampamento de noite, o man\u00e1 descia de sobre ele. <br><span><sup><b>10<\/b><\/sup><\/span> E ouviu Mois\u00e9s ao povo, que chorava por suas fam\u00edlias, cada um \u00e0 porta de sua tenda: e o furor do SENHOR se acendeu em grande maneira; tamb\u00e9m pareceu mal a Mois\u00e9s. <br><span><sup><b>11<\/b><\/sup><\/span> E disse Mois\u00e9s ao SENHOR: Por que fizeste mal a teu servo? e por que n\u00e3o achei favor em teus olhos, que puseste a carga de todo este povo sobre mim? <br><span><sup><b>12<\/b><\/sup><\/span> Concebi eu a todo este povo? Gerei-o eu, para que me digas: Leva-o em teu peito, como leva a que cria ao que mama, \u00e0 terra da qual juraste a seus pais? <br><span><sup><b>13<\/b><\/sup><\/span> De onde tenho eu carne para dar a todo este povo? porque choram a mim, dizendo: D\u00e1-nos carne para comer. <br><span><sup><b>14<\/b><\/sup><\/span> N\u00e3o posso eu sozinho suportar a todo este povo, que me \u00e9 pesado em excesso. <br><span><sup><b>15<\/b><\/sup><\/span> E se assim o fazes tu comigo, eu te rogo que me d\u00eas a morte, se achei favor em teus olhos; e que eu n\u00e3o veja meu mal. <br><span><sup><b>16<\/b><\/sup><\/span> Ent\u00e3o o SENHOR disse a Mois\u00e9s: Junta-me setenta homens dos anci\u00e3os de Israel, de quem sabes que s\u00e3o anci\u00e3os do povo e seus oficiais; e traze-os \u00e0 porta do tabern\u00e1culo do testemunho, e esperem ali contigo. <br><span><sup><b>17<\/b><\/sup><\/span> E eu descerei e falarei ali contigo; e tomarei do esp\u00edrito que est\u00e1 em ti, e porei neles; e levar\u00e3o contigo a carga do povo, e n\u00e3o a levar\u00e1s tu sozinho. <br><span><sup><b>18<\/b><\/sup><\/span> Por\u00e9m dir\u00e1s ao povo: Santificai-vos para amanh\u00e3, e comereis carne: pois que chorastes em ouvidos do SENHOR, dizendo: Quem nos dera a comer carne! Certamente melhor nos ia no Egito! O SENHOR, pois, vos dar\u00e1 carne, e comereis. <br><span><sup><b>19<\/b><\/sup><\/span> N\u00e3o comereis um dia, nem dois dias, nem cinco dias, nem dez dias, nem vinte dias; <br><span><sup><b>20<\/b><\/sup><\/span> Mas sim at\u00e9 um m\u00eas de tempo, at\u00e9 que vos saia pelas narinas, e vos seja em aborrecimento: porquanto menosprezastes ao SENHOR que est\u00e1 em meio de v\u00f3s, e chorastes diante dele, dizendo: Para que sa\u00edmos aqui do Egito? <br><span><sup><b>21<\/b><\/sup><\/span> Ent\u00e3o disse Mois\u00e9s: Seiscentos mil a p\u00e9 \u00e9 o povo em meio do qual eu estou; e tu dizes: Lhes darei carne, e comer\u00e3o o tempo de um m\u00eas. <br><span><sup><b>22<\/b><\/sup><\/span> Se degolar\u00e3o para eles ovelhas e bois que lhes bastem? ou se juntar\u00e3o para eles todos os peixes do mar para que tenham o suficiente? <br><span><sup><b>23<\/b><\/sup><\/span> Ent\u00e3o o SENHOR respondeu a Mois\u00e9s: Encurtou-se a m\u00e3o do SENHOR? agora ver\u00e1s se te sucede meu dito, ou n\u00e3o. <br><span><sup><b>24<\/b><\/sup><\/span> E saiu Mois\u00e9s, e disse ao povo as palavras do SENHOR: e juntou os setenta homens dos anci\u00e3os do povo, e os fez estar ao redor do tabern\u00e1culo. <br><span><sup><b>25<\/b><\/sup><\/span> Ent\u00e3o o SENHOR desceu na nuvem, e falou-lhe; e tomou do esp\u00edrito que estava nele, e o p\u00f4s nos setenta homens anci\u00e3os; e foi que, quando pousou sobre eles o esp\u00edrito, profetizaram, e n\u00e3o cessaram. <br><span><sup><b>26<\/b><\/sup><\/span> E haviam ficado no acampamento dois homens, chamado um Eldade e o outro Medade, sobre os quais tamb\u00e9m repousou o esp\u00edrito: estavam estes entre os inscritos, mas n\u00e3o haviam sa\u00eddo ao tabern\u00e1culo; e profetizaram no acampamento. <br><span><sup><b>27<\/b><\/sup><\/span> E correu um jovem, e deu aviso a Mois\u00e9s, e disse: Eldade e Medade profetizam no acampamento. <br><span><sup><b>28<\/b><\/sup><\/span> Ent\u00e3o respondeu Josu\u00e9 filho de Num, assistente de Mois\u00e9s, um de seus rapazes, e disse: Senhor meu Mois\u00e9s, impede-os. <br><span><sup><b>29<\/b><\/sup><\/span> E Mois\u00e9s lhe respondeu: Tens tu ci\u00fames por mim? mas bom seria se todo o povo do SENHOR fossem profetas, que o SENHOR pusesse seu esp\u00edrito sobre eles. <br><span><sup><b>30<\/b><\/sup><\/span> E recolheu-se Mois\u00e9s ao acampamento, ele e os anci\u00e3os de Israel. <br><span><sup><b>31<\/b><\/sup><\/span> E saiu um vento do SENHOR, e trouxe codornizes do mar, e deixou-as sobre o acampamento, um dia de caminho de uma parte, e um dia de caminho da outra, em derredor do acampamento, e quase dois c\u00f4vados sobre a face da terra. <br><span><sup><b>32<\/b><\/sup><\/span> Ent\u00e3o o povo esteve levantado todo aquele dia, e toda a noite, e todo o dia seguinte, e recolheram para si codornizes: o que menos, recolheu dez amontoados; e as estenderam para si ao comprimento em derredor do acampamento. <br><span><sup><b>33<\/b><\/sup><\/span> Ainda estava a carne entre os dentes deles, antes que fosse mastigada, quando o furor do SENHOR se acendeu no povo, e feriu o SENHOR ao povo com uma muito grande praga. <br><span><sup><b>34<\/b><\/sup><\/span> E chamou o nome daquele lugar Quibrote-Hataav\u00e1, porquanto ali sepultaram ao povo cobi\u00e7oso. <br><span><sup><b>35<\/b><\/sup><\/span> De Quibrote-Hataav\u00e1 moveu o povo a Hazerote, e pararam em Hazerote.<\/span><\/p>\n\n\n\n<div class=\"wp-block-columns is-layout-flex wp-container-core-columns-is-layout-9d6595d7 wp-block-columns-is-layout-flex\">\n<div class=\"wp-block-column is-layout-flow wp-block-column-is-layout-flow\">\n<p><a href=\"\/numeros-10\" title=\"\">N\u00fameros 10<\/a><\/p>\n<\/div>\n\n\n\n<div class=\"wp-block-column is-layout-flow wp-block-column-is-layout-flow\">\n<p class=\"has-text-align-right\"><a href=\"\/numeros-12\" title=\"\">N\u00fameros 12<\/a><\/p>\n<\/div>\n<\/div>\n\n\n\n<h2 class=\"wp-block-heading\">Descri\u00e7\u00e3o &#8211; N\u00fameros 11<\/h2>\n\n\n\n<p class=\"has-medium-font-size\">N\u00fameros 11 relata a insatisfa\u00e7\u00e3o dos israelitas no deserto, reclamando da falta de carne e lembrando dos alimentos do Egito. Deus responde enviando codornizes, mas tamb\u00e9m castiga o povo com uma praga devido \u00e0 sua ingratid\u00e3o. Mois\u00e9s, sobrecarregado com o fardo de liderar a na\u00e7\u00e3o, recebe ajuda quando Deus derrama Seu Esp\u00edrito sobre setenta anci\u00e3os para auxili\u00e1-lo. O cap\u00edtulo destaca a tens\u00e3o entre a provis\u00e3o divina e a insatisfa\u00e7\u00e3o humana, refor\u00e7ando temas centrais do livro, como a fidelidade de Deus e a rebeldia de Israel. Esse epis\u00f3dio ensina sobre confian\u00e7a e obedi\u00eancia na caminhada rumo \u00e0 Terra Prometida.<\/p>\n\n\n\n<h3 class=\"wp-block-heading\">Livro dos N\u00fameros:<\/h3>\n\n\n\n\n\n<p><\/p>\n","protected":false},"excerpt":{"rendered":"<p>1 E aconteceu que o povo se queixou aos ouvidos do SENHOR: e ouviu-o o SENHOR, e ardeu seu furor, e acendeu-se neles fogo do SENHOR e consumiu um extremo do acampamento. 2 Ent\u00e3o o povo clamou a Mois\u00e9s, e Mois\u00e9s orou ao SENHOR, e apagou-se o fogo. 3 E chamou a aquele lugar Taber\u00e1; &hellip; <\/p>\n","protected":false},"author":2,"featured_media":772,"parent":771,"menu_order":11,"comment_status":"closed","ping_status":"closed","template":"","meta":{"om_disable_all_campaigns":false,"_monsterinsights_skip_tracking":false,"_monsterinsights_sitenote_active":false,"_monsterinsights_sitenote_note":"","_monsterinsights_sitenote_category":0,"footnotes":""},"class_list":["post-795","page","type-page","status-publish","has-post-thumbnail","hentry"],"aioseo_notices":[],"_links":{"self":[{"href":"https:\/\/bibliapresente.com\/postagens\/wp-json\/wp\/v2\/pages\/795","targetHints":{"allow":["GET"]}}],"collection":[{"href":"https:\/\/bibliapresente.com\/postagens\/wp-json\/wp\/v2\/pages"}],"about":[{"href":"https:\/\/bibliapresente.com\/postagens\/wp-json\/wp\/v2\/types\/page"}],"author":[{"embeddable":true,"href":"https:\/\/bibliapresente.com\/postagens\/wp-json\/wp\/v2\/users\/2"}],"replies":[{"embeddable":true,"href":"https:\/\/bibliapresente.com\/postagens\/wp-json\/wp\/v2\/comments?post=795"}],"version-history":[{"count":5,"href":"https:\/\/bibliapresente.com\/postagens\/wp-json\/wp\/v2\/pages\/795\/revisions"}],"predecessor-version":[{"id":1447,"href":"https:\/\/bibliapresente.com\/postagens\/wp-json\/wp\/v2\/pages\/795\/revisions\/1447"}],"up":[{"embeddable":true,"href":"https:\/\/bibliapresente.com\/postagens\/wp-json\/wp\/v2\/pages\/771"}],"wp:featuredmedia":[{"embeddable":true,"href":"https:\/\/bibliapresente.com\/postagens\/wp-json\/wp\/v2\/media\/772"}],"wp:attachment":[{"href":"https:\/\/bibliapresente.com\/postagens\/wp-json\/wp\/v2\/media?parent=795"}],"curies":[{"name":"wp","href":"https:\/\/api.w.org\/{rel}","templated":true}]}}