{"id":793,"date":"2025-02-04T16:46:17","date_gmt":"2025-02-04T19:46:17","guid":{"rendered":"https:\/\/bibliapresente.com\/postagens\/?page_id=793"},"modified":"2025-02-04T16:46:18","modified_gmt":"2025-02-04T19:46:18","slug":"numeros-10","status":"publish","type":"page","link":"https:\/\/bibliapresente.com\/postagens\/livros-da-biblia\/numeros\/numeros-10\/","title":{"rendered":"N\u00fameros 10 &#8211; Partida do Sinai"},"content":{"rendered":"\n<p class=\"has-medium-font-size\" style=\"letter-spacing:1px\"><span><span><sup><b>1<\/b><\/sup><\/span> E o SENHOR falou a Mois\u00e9s, dizendo: <br><span><sup><b>2<\/b><\/sup><\/span> Faze para ti duas trombetas de prata; de obra de martelo as far\u00e1s, as quais te servir\u00e3o para convocar a congrega\u00e7\u00e3o, e para fazer mover o acampamento. <br><span><sup><b>3<\/b><\/sup><\/span> E quando as tocarem, toda a congrega\u00e7\u00e3o se juntar\u00e1 a ti \u00e0 porta do tabern\u00e1culo do testemunho. <br><span><sup><b>4<\/b><\/sup><\/span> Mas quando tocarem somente uma, ent\u00e3o se congregar\u00e3o a ti os pr\u00edncipes, os chefes dos milhares de Israel. <br><span><sup><b>5<\/b><\/sup><\/span> E quando tocardes alarme, ent\u00e3o mover\u00e3o o acampamento dos que est\u00e3o alojados ao oriente. <br><span><sup><b>6<\/b><\/sup><\/span> E quando tocardes alarme a segunda vez, ent\u00e3o mover\u00e3o o acampamento dos que est\u00e3o alojados ao sul: alarme tocar\u00e3o \u00e0 suas partidas. <br><span><sup><b>7<\/b><\/sup><\/span> Por\u00e9m quando houverdes de juntar a congrega\u00e7\u00e3o, tocareis, mas n\u00e3o com som de alarme. <br><span><sup><b>8<\/b><\/sup><\/span> E os filhos de Ar\u00e3o, os sacerdotes, tocar\u00e3o as trombetas; e as tereis por estatuto perp\u00e9tuo por vossas gera\u00e7\u00f5es. <br><span><sup><b>9<\/b><\/sup><\/span> E quando vierdes \u00e0 guerra em vossa terra contra o inimigo que vos oprimir, tocareis alarme com as trombetas: e sereis em mem\u00f3ria diante do SENHOR vosso Deus, e sereis salvos de vossos inimigos. <br><span><sup><b>10<\/b><\/sup><\/span> E no dia de vossa alegria, e em vossas solenidades, e nos princ\u00edpios de vossos meses, tocareis as trombetas sobre vossos holocaustos, e sobre os sacrif\u00edcios de vossas pazes, e vos ser\u00e3o por mem\u00f3ria diante de vosso Deus: Eu sou o SENHOR vosso Deus. <br><span><sup><b>11<\/b><\/sup><\/span> E foi no ano segundo, no m\u00eas segundo, aos vinte do m\u00eas, que a nuvem se levantou do tabern\u00e1culo do testemunho. <br><span><sup><b>12<\/b><\/sup><\/span> E moveram os filhos de Israel por suas partidas do deserto de Sinai; e parou a nuvem no deserto de Par\u00e3. <br><span><sup><b>13<\/b><\/sup><\/span> E moveram a primeira vez ao dito do SENHOR por meio de Mois\u00e9s. <br><span><sup><b>14<\/b><\/sup><\/span> E a bandeira do acampamento dos filhos de Jud\u00e1 come\u00e7ou a marchar primeiro, por seus esquadr\u00f5es: e Naassom, filho de Aminadabe, era sobre seu ex\u00e9rcito. <br><span><sup><b>15<\/b><\/sup><\/span> E sobre o ex\u00e9rcito da tribo dos filhos de Issacar, Natanael filho de Zuar. <br><span><sup><b>16<\/b><\/sup><\/span> E sobre o ex\u00e9rcito da tribo dos filhos de Zebulom, Eliabe filho de Helom. <br><span><sup><b>17<\/b><\/sup><\/span> E depois que estava j\u00e1 desarmado o tabern\u00e1culo, moveram os filhos de G\u00e9rson e os filhos de Merari, que o levavam. <br><span><sup><b>18<\/b><\/sup><\/span> Logo come\u00e7ou a marchar a bandeira do acampamento de R\u00faben por seus esquadr\u00f5es: e Elizur, filho de Sedeur, era sobre seu ex\u00e9rcito. <br><span><sup><b>19<\/b><\/sup><\/span> E sobre o ex\u00e9rcito da tribo dos filhos de Sime\u00e3o, Selumiel filho de Zurisadai. <br><span><sup><b>20<\/b><\/sup><\/span> E sobre o ex\u00e9rcito da tribo dos filhos de Gade, Eliasafe filho de Deuel. <br><span><sup><b>21<\/b><\/sup><\/span> Logo come\u00e7aram a marchar os coatitas levando o santu\u00e1rio; e enquanto que eles traziam, os outros levantavam o tabern\u00e1culo. <br><span><sup><b>22<\/b><\/sup><\/span> Depois come\u00e7ou a marchar a bandeira do acampamento dos filhos de Efraim por seus esquadr\u00f5es: e Elisama, filho de Ami\u00fade, era sobre seu ex\u00e9rcito. <br><span><sup><b>23<\/b><\/sup><\/span> E sobre o ex\u00e9rcito da tribo dos filhos de Manass\u00e9s, Gamaliel filho de Pedazur. <br><span><sup><b>24<\/b><\/sup><\/span> E sobre o ex\u00e9rcito da tribo dos filhos de Benjamim, Abid\u00e3 filho de Gideoni. <br><span><sup><b>25<\/b><\/sup><\/span> Logo come\u00e7ou a marchar a bandeira do campo dos filhos de D\u00e3 por seus esquadr\u00f5es, recolhendo todos os acampamentos: e Aiezer, filho de Amisadai, era sobre seu ex\u00e9rcito. <br><span><sup><b>26<\/b><\/sup><\/span> E sobre o ex\u00e9rcito da tribo dos filhos de Aser, Pagiel filho de Ocr\u00e3. <br><span><sup><b>27<\/b><\/sup><\/span> E sobre o ex\u00e9rcito da tribo dos filhos de Naftali, Aira filho de En\u00e3. <br><span><sup><b>28<\/b><\/sup><\/span> Estas s\u00e3o as partidas dos filhos de Israel por seus ex\u00e9rcitos, quando se moviam. <br><span><sup><b>29<\/b><\/sup><\/span> Ent\u00e3o disse Mois\u00e9s a Hobabe, filho de Reuel midianita, seu sogro: N\u00f3s nos partimos para o lugar do qual o SENHOR disse: Eu a v\u00f3s o darei. Vem conosco, e te faremos bem: porque o SENHOR falou bem a respeito de Israel. <br><span><sup><b>30<\/b><\/sup><\/span> E ele lhe respondeu: Eu n\u00e3o irei, mas sim que me marcharei \u00e0 minha terra e \u00e0 minha parentela. <br><span><sup><b>31<\/b><\/sup><\/span> E ele lhe disse: Rogo-te que n\u00e3o nos deixes; porque tu conheces nossos alojamentos no deserto, e nos ser\u00e1s em lugar de olhos. <br><span><sup><b>32<\/b><\/sup><\/span> E ser\u00e1, que se vieres conosco, quando tivermos o bem que o SENHOR nos h\u00e1 de fazer, n\u00f3s te faremos bem. <br><span><sup><b>33<\/b><\/sup><\/span> Assim partiram do monte do SENHOR, caminho de tr\u00eas dias; e a arca da alian\u00e7a do SENHOR foi diante deles caminho de tr\u00eas dias, buscando-lhes lugar de descanso. <br><span><sup><b>34<\/b><\/sup><\/span> E a nuvem do SENHOR ia sobre eles de dia, desde que partiram do acampamento. <br><span><sup><b>35<\/b><\/sup><\/span> E foi, que em movendo a arca, Mois\u00e9s dizia: Levanta-te, o SENHOR, e sejam dissipados teus inimigos, e fujam de tua presen\u00e7a os que te aborrecem. <br><span><sup><b>36<\/b><\/sup><\/span> E quando ela assentava, dizia: Volta, SENHOR, aos milhares de milhares de Israel.<\/span><\/p>\n\n\n\n<div class=\"wp-block-columns is-layout-flex wp-container-core-columns-is-layout-9d6595d7 wp-block-columns-is-layout-flex\">\n<div class=\"wp-block-column is-layout-flow wp-block-column-is-layout-flow\">\n<p><a href=\"\/numeros-9\" title=\"\">N\u00fameros 9<\/a><\/p>\n<\/div>\n\n\n\n<div class=\"wp-block-column is-layout-flow wp-block-column-is-layout-flow\">\n<p class=\"has-text-align-right\"><a href=\"\/numeros-11\" title=\"\">N\u00fameros 11<\/a><\/p>\n<\/div>\n<\/div>\n\n\n\n<h2 class=\"wp-block-heading\">Descri\u00e7\u00e3o &#8211; N\u00fameros 10<\/h2>\n\n\n\n<p class=\"has-medium-font-size\">N\u00fameros 10 apresenta a fabrica\u00e7\u00e3o e o uso das duas trombetas de prata, que serviam para convocar a congrega\u00e7\u00e3o e dirigir o movimento do povo de Israel no deserto. O cap\u00edtulo tamb\u00e9m descreve a partida dos israelitas do Sinai, seguindo a orienta\u00e7\u00e3o da nuvem que simbolizava a presen\u00e7a divina. Esse evento marca o in\u00edcio da jornada rumo \u00e0 Terra Prometida, organizando a marcha das tribos conforme a ordem estabelecida. Mois\u00e9s convida Hobabe, seu cunhado, para acompanhar a jornada, confiando na dire\u00e7\u00e3o de Deus. No contexto do livro, o cap\u00edtulo destaca a import\u00e2ncia da lideran\u00e7a e da obedi\u00eancia \u00e0 orienta\u00e7\u00e3o divina.<\/p>\n\n\n\n<h3 class=\"wp-block-heading\">Livro dos N\u00fameros:<\/h3>\n\n\n\n\n\n<p><\/p>\n","protected":false},"excerpt":{"rendered":"<p>1 E o SENHOR falou a Mois\u00e9s, dizendo: 2 Faze para ti duas trombetas de prata; de obra de martelo as far\u00e1s, as quais te servir\u00e3o para convocar a congrega\u00e7\u00e3o, e para fazer mover o acampamento. 3 E quando as tocarem, toda a congrega\u00e7\u00e3o se juntar\u00e1 a ti \u00e0 porta do tabern\u00e1culo do testemunho. 4 &hellip; <\/p>\n","protected":false},"author":2,"featured_media":772,"parent":771,"menu_order":10,"comment_status":"closed","ping_status":"closed","template":"","meta":{"om_disable_all_campaigns":false,"_monsterinsights_skip_tracking":false,"_monsterinsights_sitenote_active":false,"_monsterinsights_sitenote_note":"","_monsterinsights_sitenote_category":0,"footnotes":""},"class_list":["post-793","page","type-page","status-publish","has-post-thumbnail","hentry"],"aioseo_notices":[],"_links":{"self":[{"href":"https:\/\/bibliapresente.com\/postagens\/wp-json\/wp\/v2\/pages\/793","targetHints":{"allow":["GET"]}}],"collection":[{"href":"https:\/\/bibliapresente.com\/postagens\/wp-json\/wp\/v2\/pages"}],"about":[{"href":"https:\/\/bibliapresente.com\/postagens\/wp-json\/wp\/v2\/types\/page"}],"author":[{"embeddable":true,"href":"https:\/\/bibliapresente.com\/postagens\/wp-json\/wp\/v2\/users\/2"}],"replies":[{"embeddable":true,"href":"https:\/\/bibliapresente.com\/postagens\/wp-json\/wp\/v2\/comments?post=793"}],"version-history":[{"count":5,"href":"https:\/\/bibliapresente.com\/postagens\/wp-json\/wp\/v2\/pages\/793\/revisions"}],"predecessor-version":[{"id":1446,"href":"https:\/\/bibliapresente.com\/postagens\/wp-json\/wp\/v2\/pages\/793\/revisions\/1446"}],"up":[{"embeddable":true,"href":"https:\/\/bibliapresente.com\/postagens\/wp-json\/wp\/v2\/pages\/771"}],"wp:featuredmedia":[{"embeddable":true,"href":"https:\/\/bibliapresente.com\/postagens\/wp-json\/wp\/v2\/media\/772"}],"wp:attachment":[{"href":"https:\/\/bibliapresente.com\/postagens\/wp-json\/wp\/v2\/media?parent=793"}],"curies":[{"name":"wp","href":"https:\/\/api.w.org\/{rel}","templated":true}]}}